{"id":6096,"date":"2016-11-28T08:47:02","date_gmt":"2016-11-28T08:47:02","guid":{"rendered":"https:\/\/www.electroluxprofessional.com\/?page_id=5945"},"modified":"2025-11-06T13:09:18","modified_gmt":"2025-11-06T13:09:18","slug":"rashladne-vitrine","status":"publish","type":"page","link":"https:\/\/www.electroluxprofessional.com\/hr\/kuhinjska-oprema\/rashladne-vitrine\/","title":{"rendered":"Rashladne vitrine"},"content":{"rendered":"<p>[vc_row full_width=&#8221;electroluxpro-full-width-no-padding&#8221;][vc_column][vc_single_image image=&#8221;1873&#8243; img_size=&#8221;2000*350&#8243;][\/vc_column][\/vc_row][vc_row][vc_column][elx_heading font_container=&#8221;h1&#8243; font_size=&#8221;h3&#8243; text_color=&#8221;inherit&#8221; text_align=&#8221;text-left&#8221;]Rashladne vitrine[\/elx_heading][elx_heading font_container=&#8221;h3&#8243; font_size=&#8221;h5&#8243; text_color=&#8221;inherit&#8221;]Asortiman rashladnih vitrina robne marke Electrolux Professional predstavlja spoj prakti\u010dne radne povr\u0161ine i hladnoga prostora za pohranu ispod nje.[\/elx_heading][vc_empty_space][\/vc_column][\/vc_row][vc_row][vc_column width=&#8221;2\/3&#8243;][vc_single_image image=&#8221;118929&#8243; img_size=&#8221;700*400&#8243; alignment=&#8221;center&#8221;][\/vc_column][vc_column width=&#8221;1\/3&#8243;][vc_empty_space][vc_column_text css=&#8221;.vc_custom_1594133571336{margin-top: 20px !important;border-top-width: 20px !important;padding-top: 20px !important;}&#8221;]<\/p>\n<h5 style=\"background: white; margin: 7.5pt 0cm .0001pt 0cm;\"><span style=\"font-family: 'Arial','sans-serif'; color: #14133b; font-weight: normal;\">Takvom se raznoliko\u0161\u0107u omogu\u0107ava\u00a0<\/span><strong><span style=\"font-family: 'Arial','sans-serif'; color: #14133b;\">nevjerojatna u\u0161teda prostora<\/span><\/strong><span style=\"font-family: 'Arial','sans-serif'; color: #14133b; font-weight: normal;\">\u00a0uz\u00a0<\/span><strong><span style=\"font-family: 'Arial','sans-serif'; color: #14133b;\">funkcionalna i modularna rje\u0161enja<\/span><\/strong><span style=\"font-family: 'Arial','sans-serif'; color: #14133b; font-weight: normal;\">\u00a0prilago\u0111ena zahtjevima svih kuhinja.<\/span><\/h5>\n<p>[\/vc_column_text][\/vc_column][\/vc_row][vc_row][vc_column][vc_empty_space][\/vc_column][\/vc_row][vc_row css=&#8221;.vc_custom_1517830702010{background-color: #eeeeee !important;}&#8221;][vc_column][elx_heading font_size=&#8221;h3&#8243; text_color=&#8221;inherit&#8221; text_align=&#8221;text-left&#8221;]Prona\u0111ite idealan paket za svoje poslovanje![\/elx_heading][\/vc_column][\/vc_row][vc_row css=&#8221;.vc_custom_1517830708765{background-color: #eeeeee !important;}&#8221;][vc_column width=&#8221;1\/3&#8243;][elx_maylike_box id_box=&#8221;2799&#8243;][\/vc_column][vc_column width=&#8221;1\/3&#8243;][elx_maylike_box id_box=&#8221;2802&#8243;][\/vc_column][vc_column width=&#8221;1\/3&#8243;][elx_maylike_box id_box=&#8221;3761&#8243;][\/vc_column][\/vc_row][vc_row][vc_column][vc_empty_space height=&#8221;50px&#8221;][elx_heading font_size=&#8221;h3&#8243; text_color=&#8221;inherit&#8221; text_align=&#8221;text-left&#8221;]Otkrijte \u0161to na\u0161e rashladne vitrine mogu u\u010diniti za va\u0161e poslovanje![\/elx_heading][elx_o2000_contact_us s=&#8221;Zahtjev za informacijama o rashladnim vitrinama&#8221; country=&#8221;Croatia&#8221; b=&#8221;food&#8221; container=&#8221;elxcontactus1480424351&#8243; r=&#8221;\u017delim saznati vi\u0161e o rashladnim vitrinama. Molim da me kontaktirate.&#8221; l=&#8221;hr&#8221;][vc_empty_space height=&#8221;50px&#8221;][elx_heading font_container=&#8221;h3&#8243; font_size=&#8221;h3&#8243; text_color=&#8221;inherit&#8221; text_align=&#8221;text-left&#8221;]Rashladne vitrine[\/elx_heading][\/vc_column][\/vc_row][vc_row][vc_column][vc_column_text]<\/p>\n<p>[\/vc_column_text][\/vc_column][\/vc_row]<\/p>\n","protected":false},"excerpt":{"rendered":"<p>[vc_row full_width=&#8221;electroluxpro-full-width-no-padding&#8221;][vc_column][vc_single_image image=&#8221;1873&#8243; img_size=&#8221;2000*350&#8243;][\/vc_column][\/vc_row][vc_row][vc_column][elx_heading font_container=&#8221;h1&#8243; font_size=&#8221;h3&#8243; text_color=&#8221;inherit&#8221; text_align=&#8221;text-left&#8221;]Rashladne vitrine[\/elx_heading][elx_heading font_container=&#8221;h3&#8243; font_size=&#8221;h5&#8243; text_color=&#8221;inherit&#8221;]Asortiman rashladnih vitrina robne marke Electrolux Professional predstavlja spoj prakti\u010dne radne povr\u0161ine i hladnoga prostora za pohranu ispod nje.[\/elx_heading][vc_empty_space][\/vc_column][\/vc_row][vc_row][vc_column width=&#8221;2\/3&#8243;][vc_single_image image=&#8221;118929&#8243; img_size=&#8221;700*400&#8243; alignment=&#8221;center&#8221;][\/vc_column][vc_column width=&#8221;1\/3&#8243;][vc_empty_space][vc_column_text css=&#8221;.vc_custom_1594133571336{margin-top: 20px !important;border-top-width: 20px !important;padding-top: 20px !important;}&#8221;] Takvom se raznoliko\u0161\u0107u omogu\u0107ava\u00a0nevjerojatna u\u0161teda prostora\u00a0uz\u00a0funkcionalna i modularna rje\u0161enja\u00a0prilago\u0111ena zahtjevima svih kuhinja. [\/vc_column_text][\/vc_column][\/vc_row][vc_row][vc_column][vc_empty_space][\/vc_column][\/vc_row][vc_row [&hellip;]<\/p>\n","protected":false},"author":8,"featured_media":1873,"parent":2186,"menu_order":0,"comment_status":"closed","ping_status":"closed","template":"","meta":{"footnotes":""},"class_list":["post-6096","page","type-page","status-publish","has-post-thumbnail","hentry"],"acf":[],"yoast_head":"<!-- This site is optimized with the Yoast SEO plugin v23.3 - https:\/\/yoast.com\/wordpress\/plugins\/seo\/ -->\n<title>Rashladne vitrine - Electrolux Professional Hrvatska<\/title>\n<meta name=\"description\" content=\"Asortiman rashladnih vitrina robne marke Electrolux Professional predstavlja spoj prakti\u010dne radne povr\u0161ine i hladnoga prostora za pohranu ispod nje.\" \/>\n<meta name=\"robots\" content=\"index, follow, max-snippet:-1, max-image-preview:large, max-video-preview:-1\" \/>\n<link rel=\"canonical\" href=\"https:\/\/www.electroluxprofessional.com\/hr\/kuhinjska-oprema\/rashladne-vitrine\/\" \/>\n<meta property=\"og:locale\" content=\"hr_HR\" \/>\n<meta property=\"og:type\" content=\"article\" \/>\n<meta property=\"og:title\" content=\"Rashladne vitrine - Electrolux Professional Hrvatska\" \/>\n<meta property=\"og:description\" content=\"Asortiman rashladnih vitrina robne marke Electrolux Professional predstavlja spoj prakti\u010dne radne povr\u0161ine i hladnoga prostora za pohranu ispod nje.\" \/>\n<meta property=\"og:url\" content=\"https:\/\/www.electroluxprofessional.com\/hr\/kuhinjska-oprema\/rashladne-vitrine\/\" \/>\n<meta property=\"og:site_name\" content=\"Electrolux Professional Hrvatska\" \/>\n<meta property=\"article:modified_time\" content=\"2025-11-06T13:09:18+00:00\" \/>\n<meta property=\"og:image\" content=\"https:\/\/www.electroluxprofessional.com\/hr\/wp-content\/uploads\/2016\/11\/banner-17.jpg\" \/>\n\t<meta property=\"og:image:width\" content=\"2000\" \/>\n\t<meta property=\"og:image:height\" content=\"1333\" \/>\n\t<meta property=\"og:image:type\" content=\"image\/jpeg\" \/>\n<meta name=\"twitter:card\" content=\"summary_large_image\" \/>\n<meta name=\"twitter:label1\" content=\"Procijenjeno vrijeme \u010ditanja\" \/>\n\t<meta name=\"twitter:data1\" content=\"1 minuta\" \/>\n<script type=\"application\/ld+json\" class=\"yoast-schema-graph\">{\"@context\":\"https:\/\/schema.org\",\"@graph\":[{\"@type\":\"WebPage\",\"@id\":\"https:\/\/www.electroluxprofessional.com\/hr\/kuhinjska-oprema\/rashladne-vitrine\/\",\"url\":\"https:\/\/www.electroluxprofessional.com\/hr\/kuhinjska-oprema\/rashladne-vitrine\/\",\"name\":\"Rashladne vitrine - Electrolux Professional Hrvatska\",\"isPartOf\":{\"@id\":\"https:\/\/www.electroluxprofessional.com\/hr\/#website\"},\"primaryImageOfPage\":{\"@id\":\"https:\/\/www.electroluxprofessional.com\/hr\/kuhinjska-oprema\/rashladne-vitrine\/#primaryimage\"},\"image\":{\"@id\":\"https:\/\/www.electroluxprofessional.com\/hr\/kuhinjska-oprema\/rashladne-vitrine\/#primaryimage\"},\"thumbnailUrl\":\"https:\/\/www.electroluxprofessional.com\/hr\/wp-content\/uploads\/2016\/11\/banner-17.jpg\",\"datePublished\":\"2016-11-28T08:47:02+00:00\",\"dateModified\":\"2025-11-06T13:09:18+00:00\",\"description\":\"Asortiman rashladnih vitrina robne marke Electrolux Professional predstavlja spoj prakti\u010dne radne povr\u0161ine i hladnoga prostora za pohranu ispod nje.\",\"breadcrumb\":{\"@id\":\"https:\/\/www.electroluxprofessional.com\/hr\/kuhinjska-oprema\/rashladne-vitrine\/#breadcrumb\"},\"inLanguage\":\"hr\",\"potentialAction\":[{\"@type\":\"ReadAction\",\"target\":[\"https:\/\/www.electroluxprofessional.com\/hr\/kuhinjska-oprema\/rashladne-vitrine\/\"]}]},{\"@type\":\"ImageObject\",\"inLanguage\":\"hr\",\"@id\":\"https:\/\/www.electroluxprofessional.com\/hr\/kuhinjska-oprema\/rashladne-vitrine\/#primaryimage\",\"url\":\"https:\/\/www.electroluxprofessional.com\/hr\/wp-content\/uploads\/2016\/11\/banner-17.jpg\",\"contentUrl\":\"https:\/\/www.electroluxprofessional.com\/hr\/wp-content\/uploads\/2016\/11\/banner-17.jpg\",\"width\":2000,\"height\":1333,\"caption\":\"saladette\"},{\"@type\":\"BreadcrumbList\",\"@id\":\"https:\/\/www.electroluxprofessional.com\/hr\/kuhinjska-oprema\/rashladne-vitrine\/#breadcrumb\",\"itemListElement\":[{\"@type\":\"ListItem\",\"position\":1,\"name\":\"Po\u010detna stranica\",\"item\":\"https:\/\/www.electroluxprofessional.com\/hr\/\"},{\"@type\":\"ListItem\",\"position\":2,\"name\":\"Kuhinjska oprema\",\"item\":\"https:\/\/www.electroluxprofessional.com\/hr\/kuhinjska-oprema\/\"},{\"@type\":\"ListItem\",\"position\":3,\"name\":\"Rashladne vitrine\"}]},{\"@type\":\"WebSite\",\"@id\":\"https:\/\/www.electroluxprofessional.com\/hr\/#website\",\"url\":\"https:\/\/www.electroluxprofessional.com\/hr\/\",\"name\":\"Electrolux Professional Hrvatska\",\"description\":\"\",\"potentialAction\":[{\"@type\":\"SearchAction\",\"target\":{\"@type\":\"EntryPoint\",\"urlTemplate\":\"https:\/\/www.electroluxprofessional.com\/hr\/?src={search_term_string}\"},\"query-input\":\"required name=search_term_string\"}],\"inLanguage\":\"hr\"}]}<\/script>\n<!-- \/ Yoast SEO plugin. -->","yoast_head_json":{"title":"Rashladne vitrine - Electrolux Professional Hrvatska","description":"Asortiman rashladnih vitrina robne marke Electrolux Professional predstavlja spoj prakti\u010dne radne povr\u0161ine i hladnoga prostora za pohranu ispod nje.","robots":{"index":"index","follow":"follow","max-snippet":"max-snippet:-1","max-image-preview":"max-image-preview:large","max-video-preview":"max-video-preview:-1"},"canonical":"https:\/\/www.electroluxprofessional.com\/hr\/kuhinjska-oprema\/rashladne-vitrine\/","og_locale":"hr_HR","og_type":"article","og_title":"Rashladne vitrine - Electrolux Professional Hrvatska","og_description":"Asortiman rashladnih vitrina robne marke Electrolux Professional predstavlja spoj prakti\u010dne radne povr\u0161ine i hladnoga prostora za pohranu ispod nje.","og_url":"https:\/\/www.electroluxprofessional.com\/hr\/kuhinjska-oprema\/rashladne-vitrine\/","og_site_name":"Electrolux Professional Hrvatska","article_modified_time":"2025-11-06T13:09:18+00:00","og_image":[{"width":2000,"height":1333,"url":"https:\/\/www.electroluxprofessional.com\/hr\/wp-content\/uploads\/2016\/11\/banner-17.jpg","type":"image\/jpeg"}],"twitter_card":"summary_large_image","twitter_misc":{"Procijenjeno vrijeme \u010ditanja":"1 minuta"},"schema":{"@context":"https:\/\/schema.org","@graph":[{"@type":"WebPage","@id":"https:\/\/www.electroluxprofessional.com\/hr\/kuhinjska-oprema\/rashladne-vitrine\/","url":"https:\/\/www.electroluxprofessional.com\/hr\/kuhinjska-oprema\/rashladne-vitrine\/","name":"Rashladne vitrine - Electrolux Professional Hrvatska","isPartOf":{"@id":"https:\/\/www.electroluxprofessional.com\/hr\/#website"},"primaryImageOfPage":{"@id":"https:\/\/www.electroluxprofessional.com\/hr\/kuhinjska-oprema\/rashladne-vitrine\/#primaryimage"},"image":{"@id":"https:\/\/www.electroluxprofessional.com\/hr\/kuhinjska-oprema\/rashladne-vitrine\/#primaryimage"},"thumbnailUrl":"https:\/\/www.electroluxprofessional.com\/hr\/wp-content\/uploads\/2016\/11\/banner-17.jpg","datePublished":"2016-11-28T08:47:02+00:00","dateModified":"2025-11-06T13:09:18+00:00","description":"Asortiman rashladnih vitrina robne marke Electrolux Professional predstavlja spoj prakti\u010dne radne povr\u0161ine i hladnoga prostora za pohranu ispod nje.","breadcrumb":{"@id":"https:\/\/www.electroluxprofessional.com\/hr\/kuhinjska-oprema\/rashladne-vitrine\/#breadcrumb"},"inLanguage":"hr","potentialAction":[{"@type":"ReadAction","target":["https:\/\/www.electroluxprofessional.com\/hr\/kuhinjska-oprema\/rashladne-vitrine\/"]}]},{"@type":"ImageObject","inLanguage":"hr","@id":"https:\/\/www.electroluxprofessional.com\/hr\/kuhinjska-oprema\/rashladne-vitrine\/#primaryimage","url":"https:\/\/www.electroluxprofessional.com\/hr\/wp-content\/uploads\/2016\/11\/banner-17.jpg","contentUrl":"https:\/\/www.electroluxprofessional.com\/hr\/wp-content\/uploads\/2016\/11\/banner-17.jpg","width":2000,"height":1333,"caption":"saladette"},{"@type":"BreadcrumbList","@id":"https:\/\/www.electroluxprofessional.com\/hr\/kuhinjska-oprema\/rashladne-vitrine\/#breadcrumb","itemListElement":[{"@type":"ListItem","position":1,"name":"Po\u010detna stranica","item":"https:\/\/www.electroluxprofessional.com\/hr\/"},{"@type":"ListItem","position":2,"name":"Kuhinjska oprema","item":"https:\/\/www.electroluxprofessional.com\/hr\/kuhinjska-oprema\/"},{"@type":"ListItem","position":3,"name":"Rashladne vitrine"}]},{"@type":"WebSite","@id":"https:\/\/www.electroluxprofessional.com\/hr\/#website","url":"https:\/\/www.electroluxprofessional.com\/hr\/","name":"Electrolux Professional Hrvatska","description":"","potentialAction":[{"@type":"SearchAction","target":{"@type":"EntryPoint","urlTemplate":"https:\/\/www.electroluxprofessional.com\/hr\/?src={search_term_string}"},"query-input":"required name=search_term_string"}],"inLanguage":"hr"}]}},"_links":{"self":[{"href":"https:\/\/www.electroluxprofessional.com\/hr\/wp-json\/wp\/v2\/pages\/6096"}],"collection":[{"href":"https:\/\/www.electroluxprofessional.com\/hr\/wp-json\/wp\/v2\/pages"}],"about":[{"href":"https:\/\/www.electroluxprofessional.com\/hr\/wp-json\/wp\/v2\/types\/page"}],"author":[{"embeddable":true,"href":"https:\/\/www.electroluxprofessional.com\/hr\/wp-json\/wp\/v2\/users\/8"}],"replies":[{"embeddable":true,"href":"https:\/\/www.electroluxprofessional.com\/hr\/wp-json\/wp\/v2\/comments?post=6096"}],"version-history":[{"count":7,"href":"https:\/\/www.electroluxprofessional.com\/hr\/wp-json\/wp\/v2\/pages\/6096\/revisions"}],"predecessor-version":[{"id":118965,"href":"https:\/\/www.electroluxprofessional.com\/hr\/wp-json\/wp\/v2\/pages\/6096\/revisions\/118965"}],"up":[{"embeddable":true,"href":"https:\/\/www.electroluxprofessional.com\/hr\/wp-json\/wp\/v2\/pages\/2186"}],"wp:featuredmedia":[{"embeddable":true,"href":"https:\/\/www.electroluxprofessional.com\/hr\/wp-json\/wp\/v2\/media\/1873"}],"wp:attachment":[{"href":"https:\/\/www.electroluxprofessional.com\/hr\/wp-json\/wp\/v2\/media?parent=6096"}],"curies":[{"name":"wp","href":"https:\/\/api.w.org\/{rel}","templated":true}]}}