{"id":5976,"date":"2018-05-09T15:43:19","date_gmt":"2018-05-09T14:43:19","guid":{"rendered":"https:\/\/www.electroluxprofessional.com\/?page_id=16640"},"modified":"2020-10-29T14:35:32","modified_gmt":"2020-10-29T14:35:32","slug":"odrzavanje","status":"publish","type":"page","link":"https:\/\/www.electroluxprofessional.com\/hr\/briga-o-kupcima\/odrzavanje\/","title":{"rendered":"Djelatnost odr\u017eavanja"},"content":{"rendered":"<p>[vc_row full_width=&#8221;electroluxpro-full-width-no-padding&#8221;][vc_column][elx_image_block background_image=&#8221;5975&#8243; minimum_height=&#8221;400px&#8221;][\/vc_column][\/vc_row][vc_row][vc_column][elx_heading font_container=&#8221;h1&#8243; font_size=&#8221;h3&#8243; text_color=&#8221;inherit&#8221;]Djelatnost odr\u017eavanja[\/elx_heading][\/vc_column][\/vc_row][vc_row][vc_column width=&#8221;1\/3&#8243;][vc_empty_space][vc_column_text]Vo\u0111enje ra\u010duna o <strong>redovitom odr\u017eavanju <\/strong>u skladu sa uputama o odr\u017eavanju i preporukama iz Electrolux Professional \u00a0<strong>neophodno <\/strong>ukoliko se \u017eeli izbje\u0107i problemi.[\/vc_column_text][elx_heading font_size=&#8221;h5&#8243; text_color=&#8221;inherit&#8221;]Neka va\u0161i ure\u0111aji uvijek rade[\/elx_heading][vc_column_text]<\/p>\n<p style=\"margin: 0cm; margin-bottom: .0001pt; background: white;\">Kombiniraju\u0107i redovno \u010di\u0161\u0107enje uz osnovno odr\u017eavanje od strane djelatnika te redovan godi\u0161nji pregled od strane ovla\u0161tenog servisa , pove\u0107avamo vjerojatnost da \u0107e ure\u0111aji redovno raditi na optimalnoj razini, jam\u010de\u0107i pouzdanost i uvijek dobre rezultate.<\/p>\n<p>[\/vc_column_text][\/vc_column][vc_column width=&#8221;2\/3&#8243;][vc_empty_space][vc_single_image image=&#8221;716&#8243; img_size=&#8221;750*360&#8243;][vc_empty_space][\/vc_column][\/vc_row][vc_row][vc_column][elx_heading font_size=&#8221;h3&#8243; text_color=&#8221;inherit&#8221;]Stupite u kontakt sa stru\u010dnjakom [\/elx_heading][elx_o2000_contact_us r=&#8221;\u017delio bih stupiti u kontakt s djelatnikom slu\u017ebe odr\u017eavanja. Molim vas, stupite u kontakt sa mnom.&#8221; s=&#8221;Zahtjev za informacijom o djelatnosti odr\u017eavanja&#8221; country=&#8221;Croatia&#8221; l=&#8221;hr&#8221; container=&#8221;elxcontactus1484293813&#8243;][\/vc_column][\/vc_row][vc_row][vc_column][elx_heading font_size=&#8221;h3&#8243; text_color=&#8221;inherit&#8221;]kojem vjerujete[\/elx_heading][vc_column_text]Mi vodimo ra\u010duna o va\u0161oj opremi, kako bi vi mogli voditi ra\u010duna o poslovanju.[\/vc_column_text][\/vc_column][\/vc_row][vc_row][vc_column width=&#8221;1\/3&#8243;][elx_download_block text=&#8221;Kartica<br \/>\nredovnog odr\u017eavanja&#8221; link=&#8221;https:\/\/files.professional.electrolux.com\/docs\/?n=CLF-9JE00182&amp;b=5&amp;l=1&#8243; background_color=&#8221;electrolux-blue&#8221;][\/vc_column][vc_column width=&#8221;1\/3&#8243;][\/vc_column][\/vc_row][vc_row][vc_column][vc_empty_space][\/vc_column][\/vc_row][vc_row css=&#8221;.vc_custom_1525876760927{background-color: #eeeeee !important;}&#8221;][vc_column][elx_heading font_size=&#8221;h3&#8243; text_color=&#8221;inherit&#8221;]Provjerite kompletnu uslugu[\/elx_heading][vc_empty_space][\/vc_column][\/vc_row][vc_row css=&#8221;.vc_custom_1525876949436{background-color: #eeeeee !important;}&#8221;][vc_column width=&#8221;1\/3&#8243;][elx_maylike_box id_box=&#8221;4468&#8243; matched_labels=&#8221;&#8221;][\/vc_column][vc_column width=&#8221;1\/3&#8243;][elx_maylike_box id_box=&#8221;4862&#8243;][\/vc_column][vc_column width=&#8221;1\/3&#8243;][\/vc_column][\/vc_row]<\/p>\n","protected":false},"excerpt":{"rendered":"<p>[vc_row full_width=&#8221;electroluxpro-full-width-no-padding&#8221;][vc_column][elx_image_block background_image=&#8221;5975&#8243; minimum_height=&#8221;400px&#8221;][\/vc_column][\/vc_row][vc_row][vc_column][elx_heading font_container=&#8221;h1&#8243; font_size=&#8221;h3&#8243; text_color=&#8221;inherit&#8221;]Djelatnost odr\u017eavanja[\/elx_heading][\/vc_column][\/vc_row][vc_row][vc_column width=&#8221;1\/3&#8243;][vc_empty_space][vc_column_text]Vo\u0111enje ra\u010duna o redovitom odr\u017eavanju u skladu sa uputama o odr\u017eavanju i preporukama iz Electrolux Professional \u00a0neophodno ukoliko se \u017eeli izbje\u0107i problemi.[\/vc_column_text][elx_heading font_size=&#8221;h5&#8243; text_color=&#8221;inherit&#8221;]Neka va\u0161i ure\u0111aji uvijek rade[\/elx_heading][vc_column_text] Kombiniraju\u0107i redovno \u010di\u0161\u0107enje uz osnovno odr\u017eavanje od strane djelatnika te redovan godi\u0161nji pregled od strane ovla\u0161tenog servisa , pove\u0107avamo [&hellip;]<\/p>\n","protected":false},"author":8,"featured_media":2467,"parent":2871,"menu_order":0,"comment_status":"closed","ping_status":"closed","template":"","meta":{"footnotes":""},"class_list":["post-5976","page","type-page","status-publish","has-post-thumbnail","hentry"],"acf":[],"yoast_head":"<!-- This site is optimized with the Yoast SEO plugin v23.3 - https:\/\/yoast.com\/wordpress\/plugins\/seo\/ -->\n<title>Djelatnost odr\u017eavanja - Electrolux Professional Hrvatska<\/title>\n<meta name=\"description\" content=\"Pravilno odr\u017eavanje u skladu s priru\u010dnicima za servis i preporukama tvrtke Electrolux Professional klju\u010dno je za izbjegavanje neo\u010dekivanih problema.\" \/>\n<meta name=\"robots\" content=\"index, follow, max-snippet:-1, max-image-preview:large, max-video-preview:-1\" \/>\n<link rel=\"canonical\" href=\"https:\/\/www.electroluxprofessional.com\/hr\/briga-o-kupcima\/odrzavanje\/\" \/>\n<meta property=\"og:locale\" content=\"hr_HR\" \/>\n<meta property=\"og:type\" content=\"article\" \/>\n<meta property=\"og:title\" content=\"Djelatnost odr\u017eavanja - Electrolux Professional Hrvatska\" \/>\n<meta property=\"og:description\" content=\"Pravilno odr\u017eavanje u skladu s priru\u010dnicima za servis i preporukama tvrtke Electrolux Professional klju\u010dno je za izbjegavanje neo\u010dekivanih problema.\" \/>\n<meta property=\"og:url\" content=\"https:\/\/www.electroluxprofessional.com\/hr\/briga-o-kupcima\/odrzavanje\/\" \/>\n<meta property=\"og:site_name\" content=\"Electrolux Professional Hrvatska\" \/>\n<meta property=\"article:modified_time\" content=\"2020-10-29T14:35:32+00:00\" \/>\n<meta property=\"og:image\" content=\"https:\/\/www.electroluxprofessional.com\/hr\/wp-content\/uploads\/2017\/01\/cutomer-care.jpg\" \/>\n\t<meta property=\"og:image:width\" content=\"2000\" \/>\n\t<meta property=\"og:image:height\" content=\"1691\" \/>\n\t<meta property=\"og:image:type\" content=\"image\/jpeg\" \/>\n<meta name=\"twitter:card\" content=\"summary_large_image\" \/>\n<meta name=\"twitter:label1\" content=\"Procijenjeno vrijeme \u010ditanja\" \/>\n\t<meta name=\"twitter:data1\" content=\"2 minute\" \/>\n<script type=\"application\/ld+json\" class=\"yoast-schema-graph\">{\"@context\":\"https:\/\/schema.org\",\"@graph\":[{\"@type\":\"WebPage\",\"@id\":\"https:\/\/www.electroluxprofessional.com\/hr\/briga-o-kupcima\/odrzavanje\/\",\"url\":\"https:\/\/www.electroluxprofessional.com\/hr\/briga-o-kupcima\/odrzavanje\/\",\"name\":\"Djelatnost odr\u017eavanja - Electrolux Professional Hrvatska\",\"isPartOf\":{\"@id\":\"https:\/\/www.electroluxprofessional.com\/hr\/#website\"},\"primaryImageOfPage\":{\"@id\":\"https:\/\/www.electroluxprofessional.com\/hr\/briga-o-kupcima\/odrzavanje\/#primaryimage\"},\"image\":{\"@id\":\"https:\/\/www.electroluxprofessional.com\/hr\/briga-o-kupcima\/odrzavanje\/#primaryimage\"},\"thumbnailUrl\":\"https:\/\/www.electroluxprofessional.com\/hr\/wp-content\/uploads\/2017\/01\/cutomer-care.jpg\",\"datePublished\":\"2018-05-09T14:43:19+00:00\",\"dateModified\":\"2020-10-29T14:35:32+00:00\",\"description\":\"Pravilno odr\u017eavanje u skladu s priru\u010dnicima za servis i preporukama tvrtke Electrolux Professional klju\u010dno je za izbjegavanje neo\u010dekivanih problema.\",\"breadcrumb\":{\"@id\":\"https:\/\/www.electroluxprofessional.com\/hr\/briga-o-kupcima\/odrzavanje\/#breadcrumb\"},\"inLanguage\":\"hr\",\"potentialAction\":[{\"@type\":\"ReadAction\",\"target\":[\"https:\/\/www.electroluxprofessional.com\/hr\/briga-o-kupcima\/odrzavanje\/\"]}]},{\"@type\":\"ImageObject\",\"inLanguage\":\"hr\",\"@id\":\"https:\/\/www.electroluxprofessional.com\/hr\/briga-o-kupcima\/odrzavanje\/#primaryimage\",\"url\":\"https:\/\/www.electroluxprofessional.com\/hr\/wp-content\/uploads\/2017\/01\/cutomer-care.jpg\",\"contentUrl\":\"https:\/\/www.electroluxprofessional.com\/hr\/wp-content\/uploads\/2017\/01\/cutomer-care.jpg\",\"width\":2000,\"height\":1691,\"caption\":\"customer-care\"},{\"@type\":\"BreadcrumbList\",\"@id\":\"https:\/\/www.electroluxprofessional.com\/hr\/briga-o-kupcima\/odrzavanje\/#breadcrumb\",\"itemListElement\":[{\"@type\":\"ListItem\",\"position\":1,\"name\":\"Po\u010detna stranica\",\"item\":\"https:\/\/www.electroluxprofessional.com\/hr\/\"},{\"@type\":\"ListItem\",\"position\":2,\"name\":\"Briga o kupcima\",\"item\":\"https:\/\/www.electroluxprofessional.com\/hr\/briga-o-kupcima\/\"},{\"@type\":\"ListItem\",\"position\":3,\"name\":\"Djelatnost odr\u017eavanja\"}]},{\"@type\":\"WebSite\",\"@id\":\"https:\/\/www.electroluxprofessional.com\/hr\/#website\",\"url\":\"https:\/\/www.electroluxprofessional.com\/hr\/\",\"name\":\"Electrolux Professional Hrvatska\",\"description\":\"\",\"potentialAction\":[{\"@type\":\"SearchAction\",\"target\":{\"@type\":\"EntryPoint\",\"urlTemplate\":\"https:\/\/www.electroluxprofessional.com\/hr\/?src={search_term_string}\"},\"query-input\":\"required name=search_term_string\"}],\"inLanguage\":\"hr\"}]}<\/script>\n<!-- \/ Yoast SEO plugin. -->","yoast_head_json":{"title":"Djelatnost odr\u017eavanja - Electrolux Professional Hrvatska","description":"Pravilno odr\u017eavanje u skladu s priru\u010dnicima za servis i preporukama tvrtke Electrolux Professional klju\u010dno je za izbjegavanje neo\u010dekivanih problema.","robots":{"index":"index","follow":"follow","max-snippet":"max-snippet:-1","max-image-preview":"max-image-preview:large","max-video-preview":"max-video-preview:-1"},"canonical":"https:\/\/www.electroluxprofessional.com\/hr\/briga-o-kupcima\/odrzavanje\/","og_locale":"hr_HR","og_type":"article","og_title":"Djelatnost odr\u017eavanja - Electrolux Professional Hrvatska","og_description":"Pravilno odr\u017eavanje u skladu s priru\u010dnicima za servis i preporukama tvrtke Electrolux Professional klju\u010dno je za izbjegavanje neo\u010dekivanih problema.","og_url":"https:\/\/www.electroluxprofessional.com\/hr\/briga-o-kupcima\/odrzavanje\/","og_site_name":"Electrolux Professional Hrvatska","article_modified_time":"2020-10-29T14:35:32+00:00","og_image":[{"width":2000,"height":1691,"url":"https:\/\/www.electroluxprofessional.com\/hr\/wp-content\/uploads\/2017\/01\/cutomer-care.jpg","type":"image\/jpeg"}],"twitter_card":"summary_large_image","twitter_misc":{"Procijenjeno vrijeme \u010ditanja":"2 minute"},"schema":{"@context":"https:\/\/schema.org","@graph":[{"@type":"WebPage","@id":"https:\/\/www.electroluxprofessional.com\/hr\/briga-o-kupcima\/odrzavanje\/","url":"https:\/\/www.electroluxprofessional.com\/hr\/briga-o-kupcima\/odrzavanje\/","name":"Djelatnost odr\u017eavanja - Electrolux Professional Hrvatska","isPartOf":{"@id":"https:\/\/www.electroluxprofessional.com\/hr\/#website"},"primaryImageOfPage":{"@id":"https:\/\/www.electroluxprofessional.com\/hr\/briga-o-kupcima\/odrzavanje\/#primaryimage"},"image":{"@id":"https:\/\/www.electroluxprofessional.com\/hr\/briga-o-kupcima\/odrzavanje\/#primaryimage"},"thumbnailUrl":"https:\/\/www.electroluxprofessional.com\/hr\/wp-content\/uploads\/2017\/01\/cutomer-care.jpg","datePublished":"2018-05-09T14:43:19+00:00","dateModified":"2020-10-29T14:35:32+00:00","description":"Pravilno odr\u017eavanje u skladu s priru\u010dnicima za servis i preporukama tvrtke Electrolux Professional klju\u010dno je za izbjegavanje neo\u010dekivanih problema.","breadcrumb":{"@id":"https:\/\/www.electroluxprofessional.com\/hr\/briga-o-kupcima\/odrzavanje\/#breadcrumb"},"inLanguage":"hr","potentialAction":[{"@type":"ReadAction","target":["https:\/\/www.electroluxprofessional.com\/hr\/briga-o-kupcima\/odrzavanje\/"]}]},{"@type":"ImageObject","inLanguage":"hr","@id":"https:\/\/www.electroluxprofessional.com\/hr\/briga-o-kupcima\/odrzavanje\/#primaryimage","url":"https:\/\/www.electroluxprofessional.com\/hr\/wp-content\/uploads\/2017\/01\/cutomer-care.jpg","contentUrl":"https:\/\/www.electroluxprofessional.com\/hr\/wp-content\/uploads\/2017\/01\/cutomer-care.jpg","width":2000,"height":1691,"caption":"customer-care"},{"@type":"BreadcrumbList","@id":"https:\/\/www.electroluxprofessional.com\/hr\/briga-o-kupcima\/odrzavanje\/#breadcrumb","itemListElement":[{"@type":"ListItem","position":1,"name":"Po\u010detna stranica","item":"https:\/\/www.electroluxprofessional.com\/hr\/"},{"@type":"ListItem","position":2,"name":"Briga o kupcima","item":"https:\/\/www.electroluxprofessional.com\/hr\/briga-o-kupcima\/"},{"@type":"ListItem","position":3,"name":"Djelatnost odr\u017eavanja"}]},{"@type":"WebSite","@id":"https:\/\/www.electroluxprofessional.com\/hr\/#website","url":"https:\/\/www.electroluxprofessional.com\/hr\/","name":"Electrolux Professional Hrvatska","description":"","potentialAction":[{"@type":"SearchAction","target":{"@type":"EntryPoint","urlTemplate":"https:\/\/www.electroluxprofessional.com\/hr\/?src={search_term_string}"},"query-input":"required name=search_term_string"}],"inLanguage":"hr"}]}},"_links":{"self":[{"href":"https:\/\/www.electroluxprofessional.com\/hr\/wp-json\/wp\/v2\/pages\/5976"}],"collection":[{"href":"https:\/\/www.electroluxprofessional.com\/hr\/wp-json\/wp\/v2\/pages"}],"about":[{"href":"https:\/\/www.electroluxprofessional.com\/hr\/wp-json\/wp\/v2\/types\/page"}],"author":[{"embeddable":true,"href":"https:\/\/www.electroluxprofessional.com\/hr\/wp-json\/wp\/v2\/users\/8"}],"replies":[{"embeddable":true,"href":"https:\/\/www.electroluxprofessional.com\/hr\/wp-json\/wp\/v2\/comments?post=5976"}],"version-history":[{"count":2,"href":"https:\/\/www.electroluxprofessional.com\/hr\/wp-json\/wp\/v2\/pages\/5976\/revisions"}],"predecessor-version":[{"id":5978,"href":"https:\/\/www.electroluxprofessional.com\/hr\/wp-json\/wp\/v2\/pages\/5976\/revisions\/5978"}],"up":[{"embeddable":true,"href":"https:\/\/www.electroluxprofessional.com\/hr\/wp-json\/wp\/v2\/pages\/2871"}],"wp:featuredmedia":[{"embeddable":true,"href":"https:\/\/www.electroluxprofessional.com\/hr\/wp-json\/wp\/v2\/media\/2467"}],"wp:attachment":[{"href":"https:\/\/www.electroluxprofessional.com\/hr\/wp-json\/wp\/v2\/media?parent=5976"}],"curies":[{"name":"wp","href":"https:\/\/api.w.org\/{rel}","templated":true}]}}