{"id":5881,"date":"2020-03-17T17:13:57","date_gmt":"2020-03-17T15:13:57","guid":{"rendered":"https:\/\/www.electroluxprofessional.com\/?page_id=29524"},"modified":"2020-10-30T11:16:25","modified_gmt":"2020-10-30T11:16:25","slug":"centers-of-excellence-electrolux-professional-virtual-tour","status":"publish","type":"page","link":"https:\/\/www.electroluxprofessional.com\/hr\/kutak-za-sefove\/centers-of-excellence-electrolux-professional-virtual-tour\/","title":{"rendered":"Centar za izvrsnost Electrolux Professional &#8211; virtualni obilazak"},"content":{"rendered":"<p>[vc_row][vc_column][vc_empty_space height=&#8221;16px&#8221;][\/vc_column][\/vc_row][vc_row][vc_column][vc_single_image image=&#8221;4695&#8243; img_size=&#8221;medium&#8221; alignment=&#8221;center&#8221;][\/vc_column][\/vc_row][vc_row][vc_column][vc_row_inner][vc_column_inner][vc_empty_space][elx_heading font_container=&#8221;h1&#8243; text_color=&#8221;inherit&#8221; text_align=&#8221;text-center&#8221;]Dobro do\u0161li na virtualni obilazak<br \/>\nna\u0161eg Centra za izvrsnost.[\/elx_heading][vc_empty_space][vc_column_text]<\/p>\n<p><center><iframe loading=\"lazy\" style=\"border: none; width: 800px; height: 600px;\" src=\"https:\/\/tourmake.it\/en\/tour\/46e5f85a2be3712e7f18098c73d8c37a\" width=\"300\" height=\"150\" allowfullscreen=\"allowfullscreen\"><\/iframe><\/center>[\/vc_column_text][\/vc_column_inner][\/vc_row_inner][\/vc_column][\/vc_row][vc_row][vc_column][vc_empty_space][vc_column_text]<\/p>\n<p style=\"text-align: center;\">Ispod se nalazi legenda glavnih funkcija<br \/>\nza bolju navigaciju kroz virtualni obilazak.<\/p>\n<p>[\/vc_column_text][vc_empty_space][\/vc_column][\/vc_row][vc_row][vc_column width=&#8221;1\/4&#8243;][vc_empty_space][\/vc_column][vc_column width=&#8221;2\/4&#8243;][vc_row_inner][vc_column_inner width=&#8221;1\/4&#8243;][vc_single_image image=&#8221;5873&#8243; img_size=&#8221;40&#215;40&#8243; alignment=&#8221;center&#8221;][vc_empty_space height=&#8221;16px&#8221;][vc_column_text]<\/p>\n<p style=\"text-align: center; font-size: 14px;\">Prika\u017ei<br \/>\npokret<\/p>\n<p>[\/vc_column_text][\/vc_column_inner][vc_column_inner width=&#8221;1\/4&#8243;][vc_single_image image=&#8221;5874&#8243; img_size=&#8221;40&#215;40&#8243; alignment=&#8221;center&#8221;][vc_empty_space height=&#8221;16px&#8221;][vc_column_text]<\/p>\n<p style=\"text-align: center; font-size: 14px;\">Uklju\u010divanje\/isklju\u010divanje<br \/>\nautomatskog rotiranja<\/p>\n<p>[\/vc_column_text][\/vc_column_inner][vc_column_inner width=&#8221;1\/4&#8243;][vc_single_image image=&#8221;5875&#8243; img_size=&#8221;40&#215;40&#8243; alignment=&#8221;center&#8221;][vc_empty_space height=&#8221;16px&#8221;][vc_column_text]<\/p>\n<p style=\"text-align: center; font-size: 14px;\">Poka\u017ei\/sakrij<br \/>\nzanimljivosti<\/p>\n<p>[\/vc_column_text][\/vc_column_inner][vc_column_inner width=&#8221;1\/4&#8243;][vc_single_image image=&#8221;5876&#8243; img_size=&#8221;40&#215;40&#8243; alignment=&#8221;center&#8221;][vc_empty_space height=&#8221;16px&#8221;][vc_column_text]<\/p>\n<p style=\"text-align: center; font-size: 14px;\">Poka\u017ei\/sakrij<br \/>\nkomentare<\/p>\n<p>[\/vc_column_text][\/vc_column_inner][\/vc_row_inner][\/vc_column][vc_column width=&#8221;1\/4&#8243;][vc_empty_space][\/vc_column][\/vc_row][vc_row][vc_column][vc_empty_space][\/vc_column][\/vc_row][vc_row][vc_column width=&#8221;1\/4&#8243;][vc_empty_space][\/vc_column][vc_column width=&#8221;2\/4&#8243;][vc_row_inner][vc_column_inner width=&#8221;1\/4&#8243;][vc_single_image image=&#8221;5877&#8243; img_size=&#8221;40&#215;40&#8243; alignment=&#8221;center&#8221;][vc_empty_space height=&#8221;16px&#8221;][vc_column_text]<\/p>\n<p style=\"text-align: center; font-size: 14px;\">Dodatne<br \/>\nfunkcije<\/p>\n<p>[\/vc_column_text][\/vc_column_inner][vc_column_inner width=&#8221;1\/4&#8243;][vc_single_image image=&#8221;5878&#8243; img_size=&#8221;40&#215;40&#8243; alignment=&#8221;center&#8221;][vc_empty_space height=&#8221;16px&#8221;][vc_column_text]<\/p>\n<p style=\"text-align: center; font-size: 14px;\">Pro\u0161iri preko<br \/>\ncijelog zaslona!<\/p>\n<p>[\/vc_column_text][\/vc_column_inner][vc_column_inner width=&#8221;1\/4&#8243;][vc_single_image image=&#8221;5879&#8243; img_size=&#8221;40&#215;40&#8243; alignment=&#8221;center&#8221;][vc_empty_space height=&#8221;16px&#8221;][vc_column_text]<\/p>\n<p style=\"text-align: center; font-size: 14px;\">Podijeli<br \/>\niskustvo<\/p>\n<p>[\/vc_column_text][\/vc_column_inner][vc_column_inner width=&#8221;1\/4&#8243;][vc_single_image image=&#8221;5880&#8243; img_size=&#8221;40&#215;40&#8243; alignment=&#8221;center&#8221;][vc_empty_space height=&#8221;16px&#8221;][vc_column_text]<\/p>\n<p style=\"text-align: center; font-size: 14px;\">VR<br \/>\niskustvo<\/p>\n<p>[\/vc_column_text][\/vc_column_inner][\/vc_row_inner][\/vc_column][vc_column width=&#8221;1\/4&#8243;][vc_empty_space][\/vc_column][\/vc_row][vc_row][vc_column][vc_empty_space][elx_heading text_color=&#8221;inherit&#8221;]Kontaktirajte nas kako biste se pridru\u017eili e-edukacijama ili za vi\u0161e informacija.[\/elx_heading][elx_o2000_contact_us r=&#8221;\u017delim vi\u0161e informacija.&#8221; s=&#8221;\u017delim vi\u0161e informacija.&#8221; country=&#8221;Croatia&#8221; l=&#8221;hr&#8221;][\/vc_column][\/vc_row][vc_row][vc_column][vc_empty_space height=&#8221;16px&#8221;][elx_heading text_color=&#8221;inherit&#8221;]U\u017eivajte u potpunom iskustvu okusa u Centrima izvrsnosti.[\/elx_heading][vc_empty_space height=&#8221;16px&#8221;][\/vc_column][\/vc_row][vc_row][vc_column width=&#8221;1\/3&#8243;][elx_maylike_box id_box=&#8221;2952&#8243;][\/vc_column][vc_column width=&#8221;1\/3&#8243;][elx_maylike_box id_box=&#8221;2942&#8243; matched_labels=&#8221;&#8221;][\/vc_column][vc_column width=&#8221;1\/3&#8243;][elx_maylike_box id_box=&#8221;2949&#8243; matched_labels=&#8221;&#8221;][\/vc_column][\/vc_row]<\/p>\n","protected":false},"excerpt":{"rendered":"<p>[vc_row][vc_column][vc_empty_space height=&#8221;16px&#8221;][\/vc_column][\/vc_row][vc_row][vc_column][vc_single_image image=&#8221;4695&#8243; img_size=&#8221;medium&#8221; alignment=&#8221;center&#8221;][\/vc_column][\/vc_row][vc_row][vc_column][vc_row_inner][vc_column_inner][vc_empty_space][elx_heading font_container=&#8221;h1&#8243; text_color=&#8221;inherit&#8221; text_align=&#8221;text-center&#8221;]Dobro do\u0161li na virtualni obilazak na\u0161eg Centra za izvrsnost.[\/elx_heading][vc_empty_space][vc_column_text] [\/vc_column_text][\/vc_column_inner][\/vc_row_inner][\/vc_column][\/vc_row][vc_row][vc_column][vc_empty_space][vc_column_text] Ispod se nalazi legenda glavnih funkcija za bolju navigaciju kroz virtualni obilazak. [\/vc_column_text][vc_empty_space][\/vc_column][\/vc_row][vc_row][vc_column width=&#8221;1\/4&#8243;][vc_empty_space][\/vc_column][vc_column width=&#8221;2\/4&#8243;][vc_row_inner][vc_column_inner width=&#8221;1\/4&#8243;][vc_single_image image=&#8221;5873&#8243; img_size=&#8221;40&#215;40&#8243; alignment=&#8221;center&#8221;][vc_empty_space height=&#8221;16px&#8221;][vc_column_text] Prika\u017ei pokret [\/vc_column_text][\/vc_column_inner][vc_column_inner width=&#8221;1\/4&#8243;][vc_single_image image=&#8221;5874&#8243; img_size=&#8221;40&#215;40&#8243; alignment=&#8221;center&#8221;][vc_empty_space height=&#8221;16px&#8221;][vc_column_text] Uklju\u010divanje\/isklju\u010divanje automatskog rotiranja [\/vc_column_text][\/vc_column_inner][vc_column_inner width=&#8221;1\/4&#8243;][vc_single_image image=&#8221;5875&#8243; img_size=&#8221;40&#215;40&#8243; alignment=&#8221;center&#8221;][vc_empty_space height=&#8221;16px&#8221;][vc_column_text] Poka\u017ei\/sakrij [&hellip;]<\/p>\n","protected":false},"author":8,"featured_media":0,"parent":2880,"menu_order":0,"comment_status":"closed","ping_status":"closed","template":"","meta":{"footnotes":""},"class_list":["post-5881","page","type-page","status-publish","hentry"],"acf":[],"yoast_head":"<!-- This site is optimized with the Yoast SEO plugin v23.3 - https:\/\/yoast.com\/wordpress\/plugins\/seo\/ -->\n<title>Centar za izvrsnost Electrolux Professional - virtualni obilazak - Electrolux Professional Hrvatska<\/title>\n<meta name=\"description\" content=\"17 Centara izvrsnosti i vi\u0161e od 70 kuhara koji su dio Kulinarske akademije tvrtke Electrolux Professional diljem svijeta aktivno odr\u017eava seminare, obuke, radionice i razne druge doga\u0111aje.\" \/>\n<meta name=\"robots\" content=\"index, follow, max-snippet:-1, max-image-preview:large, max-video-preview:-1\" \/>\n<link rel=\"canonical\" href=\"https:\/\/www.electroluxprofessional.com\/hr\/kutak-za-sefove\/centers-of-excellence-electrolux-professional-virtual-tour\/\" \/>\n<meta property=\"og:locale\" content=\"hr_HR\" \/>\n<meta property=\"og:type\" content=\"article\" \/>\n<meta property=\"og:title\" content=\"Centar za izvrsnost Electrolux Professional - virtualni obilazak - Electrolux Professional Hrvatska\" \/>\n<meta property=\"og:description\" content=\"17 Centara izvrsnosti i vi\u0161e od 70 kuhara koji su dio Kulinarske akademije tvrtke Electrolux Professional diljem svijeta aktivno odr\u017eava seminare, obuke, radionice i razne druge doga\u0111aje.\" \/>\n<meta property=\"og:url\" content=\"https:\/\/www.electroluxprofessional.com\/hr\/kutak-za-sefove\/centers-of-excellence-electrolux-professional-virtual-tour\/\" \/>\n<meta property=\"og:site_name\" content=\"Electrolux Professional Hrvatska\" \/>\n<meta property=\"article:modified_time\" content=\"2020-10-30T11:16:25+00:00\" \/>\n<meta name=\"twitter:card\" content=\"summary_large_image\" \/>\n<meta name=\"twitter:label1\" content=\"Procijenjeno vrijeme \u010ditanja\" \/>\n\t<meta name=\"twitter:data1\" content=\"3 minute\" \/>\n<script type=\"application\/ld+json\" class=\"yoast-schema-graph\">{\"@context\":\"https:\/\/schema.org\",\"@graph\":[{\"@type\":\"WebPage\",\"@id\":\"https:\/\/www.electroluxprofessional.com\/hr\/kutak-za-sefove\/centers-of-excellence-electrolux-professional-virtual-tour\/\",\"url\":\"https:\/\/www.electroluxprofessional.com\/hr\/kutak-za-sefove\/centers-of-excellence-electrolux-professional-virtual-tour\/\",\"name\":\"Centar za izvrsnost Electrolux Professional - virtualni obilazak - Electrolux Professional Hrvatska\",\"isPartOf\":{\"@id\":\"https:\/\/www.electroluxprofessional.com\/hr\/#website\"},\"datePublished\":\"2020-03-17T15:13:57+00:00\",\"dateModified\":\"2020-10-30T11:16:25+00:00\",\"description\":\"17 Centara izvrsnosti i vi\u0161e od 70 kuhara koji su dio Kulinarske akademije tvrtke Electrolux Professional diljem svijeta aktivno odr\u017eava seminare, obuke, radionice i razne druge doga\u0111aje.\",\"breadcrumb\":{\"@id\":\"https:\/\/www.electroluxprofessional.com\/hr\/kutak-za-sefove\/centers-of-excellence-electrolux-professional-virtual-tour\/#breadcrumb\"},\"inLanguage\":\"hr\",\"potentialAction\":[{\"@type\":\"ReadAction\",\"target\":[\"https:\/\/www.electroluxprofessional.com\/hr\/kutak-za-sefove\/centers-of-excellence-electrolux-professional-virtual-tour\/\"]}]},{\"@type\":\"BreadcrumbList\",\"@id\":\"https:\/\/www.electroluxprofessional.com\/hr\/kutak-za-sefove\/centers-of-excellence-electrolux-professional-virtual-tour\/#breadcrumb\",\"itemListElement\":[{\"@type\":\"ListItem\",\"position\":1,\"name\":\"Po\u010detna stranica\",\"item\":\"https:\/\/www.electroluxprofessional.com\/hr\/\"},{\"@type\":\"ListItem\",\"position\":2,\"name\":\"Kutak za \u0161efove\",\"item\":\"https:\/\/www.electroluxprofessional.com\/hr\/kutak-za-sefove\/\"},{\"@type\":\"ListItem\",\"position\":3,\"name\":\"Centar za izvrsnost Electrolux Professional &#8211; virtualni obilazak\"}]},{\"@type\":\"WebSite\",\"@id\":\"https:\/\/www.electroluxprofessional.com\/hr\/#website\",\"url\":\"https:\/\/www.electroluxprofessional.com\/hr\/\",\"name\":\"Electrolux Professional Hrvatska\",\"description\":\"\",\"potentialAction\":[{\"@type\":\"SearchAction\",\"target\":{\"@type\":\"EntryPoint\",\"urlTemplate\":\"https:\/\/www.electroluxprofessional.com\/hr\/?src={search_term_string}\"},\"query-input\":\"required name=search_term_string\"}],\"inLanguage\":\"hr\"}]}<\/script>\n<!-- \/ Yoast SEO plugin. -->","yoast_head_json":{"title":"Centar za izvrsnost Electrolux Professional - virtualni obilazak - Electrolux Professional Hrvatska","description":"17 Centara izvrsnosti i vi\u0161e od 70 kuhara koji su dio Kulinarske akademije tvrtke Electrolux Professional diljem svijeta aktivno odr\u017eava seminare, obuke, radionice i razne druge doga\u0111aje.","robots":{"index":"index","follow":"follow","max-snippet":"max-snippet:-1","max-image-preview":"max-image-preview:large","max-video-preview":"max-video-preview:-1"},"canonical":"https:\/\/www.electroluxprofessional.com\/hr\/kutak-za-sefove\/centers-of-excellence-electrolux-professional-virtual-tour\/","og_locale":"hr_HR","og_type":"article","og_title":"Centar za izvrsnost Electrolux Professional - virtualni obilazak - Electrolux Professional Hrvatska","og_description":"17 Centara izvrsnosti i vi\u0161e od 70 kuhara koji su dio Kulinarske akademije tvrtke Electrolux Professional diljem svijeta aktivno odr\u017eava seminare, obuke, radionice i razne druge doga\u0111aje.","og_url":"https:\/\/www.electroluxprofessional.com\/hr\/kutak-za-sefove\/centers-of-excellence-electrolux-professional-virtual-tour\/","og_site_name":"Electrolux Professional Hrvatska","article_modified_time":"2020-10-30T11:16:25+00:00","twitter_card":"summary_large_image","twitter_misc":{"Procijenjeno vrijeme \u010ditanja":"3 minute"},"schema":{"@context":"https:\/\/schema.org","@graph":[{"@type":"WebPage","@id":"https:\/\/www.electroluxprofessional.com\/hr\/kutak-za-sefove\/centers-of-excellence-electrolux-professional-virtual-tour\/","url":"https:\/\/www.electroluxprofessional.com\/hr\/kutak-za-sefove\/centers-of-excellence-electrolux-professional-virtual-tour\/","name":"Centar za izvrsnost Electrolux Professional - virtualni obilazak - Electrolux Professional Hrvatska","isPartOf":{"@id":"https:\/\/www.electroluxprofessional.com\/hr\/#website"},"datePublished":"2020-03-17T15:13:57+00:00","dateModified":"2020-10-30T11:16:25+00:00","description":"17 Centara izvrsnosti i vi\u0161e od 70 kuhara koji su dio Kulinarske akademije tvrtke Electrolux Professional diljem svijeta aktivno odr\u017eava seminare, obuke, radionice i razne druge doga\u0111aje.","breadcrumb":{"@id":"https:\/\/www.electroluxprofessional.com\/hr\/kutak-za-sefove\/centers-of-excellence-electrolux-professional-virtual-tour\/#breadcrumb"},"inLanguage":"hr","potentialAction":[{"@type":"ReadAction","target":["https:\/\/www.electroluxprofessional.com\/hr\/kutak-za-sefove\/centers-of-excellence-electrolux-professional-virtual-tour\/"]}]},{"@type":"BreadcrumbList","@id":"https:\/\/www.electroluxprofessional.com\/hr\/kutak-za-sefove\/centers-of-excellence-electrolux-professional-virtual-tour\/#breadcrumb","itemListElement":[{"@type":"ListItem","position":1,"name":"Po\u010detna stranica","item":"https:\/\/www.electroluxprofessional.com\/hr\/"},{"@type":"ListItem","position":2,"name":"Kutak za \u0161efove","item":"https:\/\/www.electroluxprofessional.com\/hr\/kutak-za-sefove\/"},{"@type":"ListItem","position":3,"name":"Centar za izvrsnost Electrolux Professional &#8211; virtualni obilazak"}]},{"@type":"WebSite","@id":"https:\/\/www.electroluxprofessional.com\/hr\/#website","url":"https:\/\/www.electroluxprofessional.com\/hr\/","name":"Electrolux Professional Hrvatska","description":"","potentialAction":[{"@type":"SearchAction","target":{"@type":"EntryPoint","urlTemplate":"https:\/\/www.electroluxprofessional.com\/hr\/?src={search_term_string}"},"query-input":"required name=search_term_string"}],"inLanguage":"hr"}]}},"_links":{"self":[{"href":"https:\/\/www.electroluxprofessional.com\/hr\/wp-json\/wp\/v2\/pages\/5881"}],"collection":[{"href":"https:\/\/www.electroluxprofessional.com\/hr\/wp-json\/wp\/v2\/pages"}],"about":[{"href":"https:\/\/www.electroluxprofessional.com\/hr\/wp-json\/wp\/v2\/types\/page"}],"author":[{"embeddable":true,"href":"https:\/\/www.electroluxprofessional.com\/hr\/wp-json\/wp\/v2\/users\/8"}],"replies":[{"embeddable":true,"href":"https:\/\/www.electroluxprofessional.com\/hr\/wp-json\/wp\/v2\/comments?post=5881"}],"version-history":[{"count":3,"href":"https:\/\/www.electroluxprofessional.com\/hr\/wp-json\/wp\/v2\/pages\/5881\/revisions"}],"predecessor-version":[{"id":6289,"href":"https:\/\/www.electroluxprofessional.com\/hr\/wp-json\/wp\/v2\/pages\/5881\/revisions\/6289"}],"up":[{"embeddable":true,"href":"https:\/\/www.electroluxprofessional.com\/hr\/wp-json\/wp\/v2\/pages\/2880"}],"wp:attachment":[{"href":"https:\/\/www.electroluxprofessional.com\/hr\/wp-json\/wp\/v2\/media?parent=5881"}],"curies":[{"name":"wp","href":"https:\/\/api.w.org\/{rel}","templated":true}]}}