{"id":4863,"date":"2018-05-09T15:47:20","date_gmt":"2018-05-09T14:47:20","guid":{"rendered":"https:\/\/www.electroluxprofessional.com\/?page_id=16693"},"modified":"2021-05-18T10:47:42","modified_gmt":"2021-05-18T10:47:42","slug":"lokator-rezervnih-dijelova","status":"publish","type":"page","link":"https:\/\/www.electroluxprofessional.com\/hr\/briga-o-kupcima\/lokator-rezervnih-dijelova\/","title":{"rendered":"Lokator za pronalazak rezervnih dijelova"},"content":{"rendered":"<p>[vc_row][vc_column][vc_single_image image=&#8221;108757&#8243; img_size=&#8221;2000*580&#8243;][\/vc_column][\/vc_row][vc_row][vc_column][vc_empty_space][elx_heading font_container=&#8221;h1&#8243; font_size=&#8221;h3&#8243; text_color=&#8221;electrolux-blue&#8221; text_align=&#8221;text-left&#8221;]Lokator za pronalazak rezervnih dijelova[\/elx_heading][elx_heading font_size=&#8221;h5&#8243; text_color=&#8221;inherit&#8221;]Va\u0161e je zadovoljstvo na\u0161e zadovoljstvo.[\/elx_heading][vc_column_text]Sve \u0161to trebate uvijek vam je dostupno.<br \/>\nDostupno je vi\u0161e od 55 000 rezervnih dijelova zahvaljuju\u0107i globalnoj mre\u017ei Korisni\u010dke podr\u0161ke kojom je obuhva\u0107eno vi\u0161e od 2200 ovla\u0161tenih servisera.<br \/>\nRezervne dijelove za va\u0161u opremu \u010duvamo na zalihama barem 10 godina nakon prestanka proizvodnje ure\u0111aja. Budu\u0107i da su prisutni u vi\u0161e od 149 zemalja, na\u0161i servisni partneri mogu jednostavno i brzo slati rezervne dijelove diljem svijeta.[\/vc_column_text][\/vc_column][\/vc_row][vc_row][vc_column][elx_heading font_size=&#8221;h3&#8243; text_color=&#8221;inherit&#8221;]Obratite se najbli\u017eemu partneru.[\/elx_heading][vc_empty_space][elx_o2000_locator l=&#8221;en&#8221; agencydef=&#8221;service&#8221;][\/vc_column][\/vc_row][vc_row][vc_column][vc_empty_space][\/vc_column][\/vc_row][vc_row css=&#8221;.vc_custom_1525877089500{background-color: #eeeeee !important;}&#8221;][vc_column][elx_heading font_size=&#8221;h3&#8243; text_color=&#8221;inherit&#8221;]Saznajte vi\u0161e o cjelovitome rje\u0161enju.[\/elx_heading][vc_empty_space][\/vc_column][\/vc_row][vc_row css=&#8221;.vc_custom_1525877097528{background-color: #eeeeee !important;}&#8221;][vc_column width=&#8221;1\/3&#8243;][elx_maylike_box id_box=&#8221;4468&#8243;][\/vc_column][vc_column width=&#8221;1\/3&#8243;][elx_maylike_box id_box=&#8221;4862&#8243;][\/vc_column][vc_column width=&#8221;1\/3&#8243;][\/vc_column][\/vc_row]<\/p>\n","protected":false},"excerpt":{"rendered":"<p>[vc_row][vc_column][vc_single_image image=&#8221;108757&#8243; img_size=&#8221;2000*580&#8243;][\/vc_column][\/vc_row][vc_row][vc_column][vc_empty_space][elx_heading font_container=&#8221;h1&#8243; font_size=&#8221;h3&#8243; text_color=&#8221;electrolux-blue&#8221; text_align=&#8221;text-left&#8221;]Lokator za pronalazak rezervnih dijelova[\/elx_heading][elx_heading font_size=&#8221;h5&#8243; text_color=&#8221;inherit&#8221;]Va\u0161e je zadovoljstvo na\u0161e zadovoljstvo.[\/elx_heading][vc_column_text]Sve \u0161to trebate uvijek vam je dostupno. Dostupno je vi\u0161e od 55 000 rezervnih dijelova zahvaljuju\u0107i globalnoj mre\u017ei Korisni\u010dke podr\u0161ke kojom je obuhva\u0107eno vi\u0161e od 2200 ovla\u0161tenih servisera. Rezervne dijelove za va\u0161u opremu \u010duvamo na zalihama barem 10 godina [&hellip;]<\/p>\n","protected":false},"author":8,"featured_media":0,"parent":2871,"menu_order":0,"comment_status":"closed","ping_status":"closed","template":"","meta":{"footnotes":""},"class_list":["post-4863","page","type-page","status-publish","hentry"],"acf":[],"yoast_head":"<!-- This site is optimized with the Yoast SEO plugin v23.3 - https:\/\/yoast.com\/wordpress\/plugins\/seo\/ -->\n<title>Lokator za pronalazak rezervnih dijelova - Electrolux Professional Hrvatska<\/title>\n<meta name=\"description\" content=\"Na\u0161a predanost va\u0161em zadovoljstvu odra\u017eava se u jedinstvenoj servisnoj mre\u017ei koja vam nudi slanje rezervnih dijelova diljem svijeta.\" \/>\n<meta name=\"robots\" content=\"index, follow, max-snippet:-1, max-image-preview:large, max-video-preview:-1\" \/>\n<link rel=\"canonical\" href=\"https:\/\/www.electroluxprofessional.com\/hr\/briga-o-kupcima\/lokator-rezervnih-dijelova\/\" \/>\n<meta property=\"og:locale\" content=\"hr_HR\" \/>\n<meta property=\"og:type\" content=\"article\" \/>\n<meta property=\"og:title\" content=\"Lokator za pronalazak rezervnih dijelova - Electrolux Professional Hrvatska\" \/>\n<meta property=\"og:description\" content=\"Na\u0161a predanost va\u0161em zadovoljstvu odra\u017eava se u jedinstvenoj servisnoj mre\u017ei koja vam nudi slanje rezervnih dijelova diljem svijeta.\" \/>\n<meta property=\"og:url\" content=\"https:\/\/www.electroluxprofessional.com\/hr\/briga-o-kupcima\/lokator-rezervnih-dijelova\/\" \/>\n<meta property=\"og:site_name\" content=\"Electrolux Professional Hrvatska\" \/>\n<meta property=\"article:modified_time\" content=\"2021-05-18T10:47:42+00:00\" \/>\n<meta name=\"twitter:card\" content=\"summary_large_image\" \/>\n<meta name=\"twitter:label1\" content=\"Procijenjeno vrijeme \u010ditanja\" \/>\n\t<meta name=\"twitter:data1\" content=\"1 minuta\" \/>\n<script type=\"application\/ld+json\" class=\"yoast-schema-graph\">{\"@context\":\"https:\/\/schema.org\",\"@graph\":[{\"@type\":\"WebPage\",\"@id\":\"https:\/\/www.electroluxprofessional.com\/hr\/briga-o-kupcima\/lokator-rezervnih-dijelova\/\",\"url\":\"https:\/\/www.electroluxprofessional.com\/hr\/briga-o-kupcima\/lokator-rezervnih-dijelova\/\",\"name\":\"Lokator za pronalazak rezervnih dijelova - Electrolux Professional Hrvatska\",\"isPartOf\":{\"@id\":\"https:\/\/www.electroluxprofessional.com\/hr\/#website\"},\"datePublished\":\"2018-05-09T14:47:20+00:00\",\"dateModified\":\"2021-05-18T10:47:42+00:00\",\"description\":\"Na\u0161a predanost va\u0161em zadovoljstvu odra\u017eava se u jedinstvenoj servisnoj mre\u017ei koja vam nudi slanje rezervnih dijelova diljem svijeta.\",\"breadcrumb\":{\"@id\":\"https:\/\/www.electroluxprofessional.com\/hr\/briga-o-kupcima\/lokator-rezervnih-dijelova\/#breadcrumb\"},\"inLanguage\":\"hr\",\"potentialAction\":[{\"@type\":\"ReadAction\",\"target\":[\"https:\/\/www.electroluxprofessional.com\/hr\/briga-o-kupcima\/lokator-rezervnih-dijelova\/\"]}]},{\"@type\":\"BreadcrumbList\",\"@id\":\"https:\/\/www.electroluxprofessional.com\/hr\/briga-o-kupcima\/lokator-rezervnih-dijelova\/#breadcrumb\",\"itemListElement\":[{\"@type\":\"ListItem\",\"position\":1,\"name\":\"Po\u010detna stranica\",\"item\":\"https:\/\/www.electroluxprofessional.com\/hr\/\"},{\"@type\":\"ListItem\",\"position\":2,\"name\":\"Briga o kupcima\",\"item\":\"https:\/\/www.electroluxprofessional.com\/hr\/briga-o-kupcima\/\"},{\"@type\":\"ListItem\",\"position\":3,\"name\":\"Lokator za pronalazak rezervnih dijelova\"}]},{\"@type\":\"WebSite\",\"@id\":\"https:\/\/www.electroluxprofessional.com\/hr\/#website\",\"url\":\"https:\/\/www.electroluxprofessional.com\/hr\/\",\"name\":\"Electrolux Professional Hrvatska\",\"description\":\"\",\"potentialAction\":[{\"@type\":\"SearchAction\",\"target\":{\"@type\":\"EntryPoint\",\"urlTemplate\":\"https:\/\/www.electroluxprofessional.com\/hr\/?src={search_term_string}\"},\"query-input\":\"required name=search_term_string\"}],\"inLanguage\":\"hr\"}]}<\/script>\n<!-- \/ Yoast SEO plugin. -->","yoast_head_json":{"title":"Lokator za pronalazak rezervnih dijelova - Electrolux Professional Hrvatska","description":"Na\u0161a predanost va\u0161em zadovoljstvu odra\u017eava se u jedinstvenoj servisnoj mre\u017ei koja vam nudi slanje rezervnih dijelova diljem svijeta.","robots":{"index":"index","follow":"follow","max-snippet":"max-snippet:-1","max-image-preview":"max-image-preview:large","max-video-preview":"max-video-preview:-1"},"canonical":"https:\/\/www.electroluxprofessional.com\/hr\/briga-o-kupcima\/lokator-rezervnih-dijelova\/","og_locale":"hr_HR","og_type":"article","og_title":"Lokator za pronalazak rezervnih dijelova - Electrolux Professional Hrvatska","og_description":"Na\u0161a predanost va\u0161em zadovoljstvu odra\u017eava se u jedinstvenoj servisnoj mre\u017ei koja vam nudi slanje rezervnih dijelova diljem svijeta.","og_url":"https:\/\/www.electroluxprofessional.com\/hr\/briga-o-kupcima\/lokator-rezervnih-dijelova\/","og_site_name":"Electrolux Professional Hrvatska","article_modified_time":"2021-05-18T10:47:42+00:00","twitter_card":"summary_large_image","twitter_misc":{"Procijenjeno vrijeme \u010ditanja":"1 minuta"},"schema":{"@context":"https:\/\/schema.org","@graph":[{"@type":"WebPage","@id":"https:\/\/www.electroluxprofessional.com\/hr\/briga-o-kupcima\/lokator-rezervnih-dijelova\/","url":"https:\/\/www.electroluxprofessional.com\/hr\/briga-o-kupcima\/lokator-rezervnih-dijelova\/","name":"Lokator za pronalazak rezervnih dijelova - Electrolux Professional Hrvatska","isPartOf":{"@id":"https:\/\/www.electroluxprofessional.com\/hr\/#website"},"datePublished":"2018-05-09T14:47:20+00:00","dateModified":"2021-05-18T10:47:42+00:00","description":"Na\u0161a predanost va\u0161em zadovoljstvu odra\u017eava se u jedinstvenoj servisnoj mre\u017ei koja vam nudi slanje rezervnih dijelova diljem svijeta.","breadcrumb":{"@id":"https:\/\/www.electroluxprofessional.com\/hr\/briga-o-kupcima\/lokator-rezervnih-dijelova\/#breadcrumb"},"inLanguage":"hr","potentialAction":[{"@type":"ReadAction","target":["https:\/\/www.electroluxprofessional.com\/hr\/briga-o-kupcima\/lokator-rezervnih-dijelova\/"]}]},{"@type":"BreadcrumbList","@id":"https:\/\/www.electroluxprofessional.com\/hr\/briga-o-kupcima\/lokator-rezervnih-dijelova\/#breadcrumb","itemListElement":[{"@type":"ListItem","position":1,"name":"Po\u010detna stranica","item":"https:\/\/www.electroluxprofessional.com\/hr\/"},{"@type":"ListItem","position":2,"name":"Briga o kupcima","item":"https:\/\/www.electroluxprofessional.com\/hr\/briga-o-kupcima\/"},{"@type":"ListItem","position":3,"name":"Lokator za pronalazak rezervnih dijelova"}]},{"@type":"WebSite","@id":"https:\/\/www.electroluxprofessional.com\/hr\/#website","url":"https:\/\/www.electroluxprofessional.com\/hr\/","name":"Electrolux Professional Hrvatska","description":"","potentialAction":[{"@type":"SearchAction","target":{"@type":"EntryPoint","urlTemplate":"https:\/\/www.electroluxprofessional.com\/hr\/?src={search_term_string}"},"query-input":"required name=search_term_string"}],"inLanguage":"hr"}]}},"_links":{"self":[{"href":"https:\/\/www.electroluxprofessional.com\/hr\/wp-json\/wp\/v2\/pages\/4863"}],"collection":[{"href":"https:\/\/www.electroluxprofessional.com\/hr\/wp-json\/wp\/v2\/pages"}],"about":[{"href":"https:\/\/www.electroluxprofessional.com\/hr\/wp-json\/wp\/v2\/types\/page"}],"author":[{"embeddable":true,"href":"https:\/\/www.electroluxprofessional.com\/hr\/wp-json\/wp\/v2\/users\/8"}],"replies":[{"embeddable":true,"href":"https:\/\/www.electroluxprofessional.com\/hr\/wp-json\/wp\/v2\/comments?post=4863"}],"version-history":[{"count":5,"href":"https:\/\/www.electroluxprofessional.com\/hr\/wp-json\/wp\/v2\/pages\/4863\/revisions"}],"predecessor-version":[{"id":108791,"href":"https:\/\/www.electroluxprofessional.com\/hr\/wp-json\/wp\/v2\/pages\/4863\/revisions\/108791"}],"up":[{"embeddable":true,"href":"https:\/\/www.electroluxprofessional.com\/hr\/wp-json\/wp\/v2\/pages\/2871"}],"wp:attachment":[{"href":"https:\/\/www.electroluxprofessional.com\/hr\/wp-json\/wp\/v2\/media?parent=4863"}],"curies":[{"name":"wp","href":"https:\/\/api.w.org\/{rel}","templated":true}]}}