{"id":4848,"date":"2019-03-28T17:19:04","date_gmt":"2019-03-28T16:19:04","guid":{"rendered":"https:\/\/www.electroluxprofessional.com\/?page_id=22125"},"modified":"2023-10-19T10:22:55","modified_gmt":"2023-10-19T10:22:55","slug":"rjesenja-za-napitke","status":"publish","type":"page","link":"https:\/\/www.electroluxprofessional.com\/hr\/rjesenja-za-napitke\/","title":{"rendered":"Rje\u0161enja za ure\u0111aje za napitke"},"content":{"rendered":"<p>[vc_row full_width=&#8221;electroluxpro-full-width-no-padding&#8221;][vc_column][vc_single_image image=&#8221;4847&#8243; img_size=&#8221;2000&#215;350&#8243; alignment=&#8221;center&#8221;][\/vc_column][\/vc_row][vc_row][vc_column][vc_empty_space][elx_heading font_container=&#8221;h1&#8243; font_size=&#8221;h3&#8243; text_color=&#8221;inherit&#8221; text_align=&#8221;text-left&#8221;]Rje\u0161enja za ure\u0111aje za napitke u va\u0161em poslovnom objektu[\/elx_heading][vc_column_text]Electrolux Professional predstavlja vam nova <strong>rje\u0161enja za ure\u0111aje za napitke <\/strong>koja su osmi\u0161ljena kako biste mogli pro\u0161iriti svoju ponudu napitaka smanjuju\u0107i pritom koli\u010dinu otpada, pojednostavljuju\u0107i upotrebu i nadma\u0161uju\u0107i o\u010dekivanja svojih gostiju ukusnim i kvalitetnim napitcima.[\/vc_column_text][vc_empty_space height=&#8221;80px&#8221;][\/vc_column][\/vc_row][vc_row matched_labels=&#8221;&#8221;][vc_column width=&#8221;1\/4&#8243;][elx_navigation_branch image=&#8221;4845&#8243; menu_list=&#8221;4738&#8243;][\/vc_column][vc_column width=&#8221;1\/4&#8243;][elx_navigation_branch image=&#8221;4415&#8243; menu_list=&#8221;4739&#8243;][\/vc_column][vc_column width=&#8221;1\/4&#8243;][elx_navigation_branch image=&#8221;4846&#8243; menu_list=&#8221;4740&#8243;][\/vc_column][vc_column width=&#8221;1\/4&#8243;][elx_navigation_branch image=&#8221;31853&#8243; menu_list=&#8221;4741&#8243;][\/vc_column][\/vc_row][vc_row matched_labels=&#8221;&#8221; css=&#8221;.vc_custom_1697710958683{border-top-width: 1px !important;background-color: #ffffff !important;}&#8221;][vc_column reveal_effect=&#8221;&#8221;][vc_empty_space height=&#8221;70px&#8221;][elx_heading font_size=&#8221;h3&#8243; text_color=&#8221;inherit&#8221; text_align=&#8221;text-left&#8221;]Saznajte vi\u0161e o rje\u0161enjima za ure\u0111aje za napitke.[\/elx_heading][elx_o2000_contact_us s=&#8221;Zahtjev za informacijama o rje\u0161enjima za ure\u0111aje za napitke.&#8221; country=&#8221;Croatia&#8221; r=&#8221;Htjela\/Htio bi znati vi\u0161e o rje\u0161enjima za ure\u0111aje za napitke. Molim vas stupite u kontakt sa mnom.&#8221; l=&#8221;hr&#8221; e=&#8221;nikola.vidak@electroluxprofessional.com&#8221;][\/vc_column][\/vc_row][vc_row][vc_column][vc_empty_space height=&#8221;100px&#8221;][elx_heading font_size=&#8221;h3&#8243; text_color=&#8221;inherit&#8221; text_align=&#8221;text-left&#8221;]Prona\u0111ite svoje cjelovito rje\u0161enje.[\/elx_heading][\/vc_column][\/vc_row][vc_row][vc_column width=&#8221;1\/3&#8243;][elx_maylike_box id_box=&#8221;2799&#8243;][\/vc_column][vc_column width=&#8221;1\/3&#8243;][elx_maylike_box id_box=&#8221;2802&#8243;][\/vc_column][vc_column width=&#8221;1\/3&#8243;][elx_maylike_box id_box=&#8221;2808&#8243;][\/vc_column][\/vc_row]<\/p>\n","protected":false},"excerpt":{"rendered":"<p>[vc_row full_width=&#8221;electroluxpro-full-width-no-padding&#8221;][vc_column][vc_single_image image=&#8221;4847&#8243; img_size=&#8221;2000&#215;350&#8243; alignment=&#8221;center&#8221;][\/vc_column][\/vc_row][vc_row][vc_column][vc_empty_space][elx_heading font_container=&#8221;h1&#8243; font_size=&#8221;h3&#8243; text_color=&#8221;inherit&#8221; text_align=&#8221;text-left&#8221;]Rje\u0161enja za ure\u0111aje za napitke u va\u0161em poslovnom objektu[\/elx_heading][vc_column_text]Electrolux Professional predstavlja vam nova rje\u0161enja za ure\u0111aje za napitke koja su osmi\u0161ljena kako biste mogli pro\u0161iriti svoju ponudu napitaka smanjuju\u0107i pritom koli\u010dinu otpada, pojednostavljuju\u0107i upotrebu i nadma\u0161uju\u0107i o\u010dekivanja svojih gostiju ukusnim i kvalitetnim napitcima.[\/vc_column_text][vc_empty_space height=&#8221;80px&#8221;][\/vc_column][\/vc_row][vc_row matched_labels=&#8221;&#8221;][vc_column width=&#8221;1\/4&#8243;][elx_navigation_branch image=&#8221;4845&#8243; [&hellip;]<\/p>\n","protected":false},"author":8,"featured_media":0,"parent":0,"menu_order":0,"comment_status":"closed","ping_status":"closed","template":"","meta":{"footnotes":""},"class_list":["post-4848","page","type-page","status-publish","hentry"],"acf":[],"yoast_head":"<!-- This site is optimized with the Yoast SEO plugin v23.3 - https:\/\/yoast.com\/wordpress\/plugins\/seo\/ -->\n<title>Rje\u0161enja za ure\u0111aje za napitke - Electrolux Professional Hrvatska<\/title>\n<meta name=\"description\" content=\"Nova rje\u0161enja za napitke koja su stvorena kako biste mogli pro\u0161iriti svoju ponudu smanjuju\u0107i pritom koli\u010dinu otpada, pojednostavnjuju\u0107i upotrebu i nadma\u0161uju\u0107i o\u010dekivanja svojih gostiju ukusnim i kvalitetnim napicima.\" \/>\n<meta name=\"robots\" content=\"index, follow, max-snippet:-1, max-image-preview:large, max-video-preview:-1\" \/>\n<link rel=\"canonical\" href=\"https:\/\/www.electroluxprofessional.com\/hr\/rjesenja-za-napitke\/\" \/>\n<meta property=\"og:locale\" content=\"hr_HR\" \/>\n<meta property=\"og:type\" content=\"article\" \/>\n<meta property=\"og:title\" content=\"Rje\u0161enja za ure\u0111aje za napitke - Electrolux Professional Hrvatska\" \/>\n<meta property=\"og:description\" content=\"Nova rje\u0161enja za napitke koja su stvorena kako biste mogli pro\u0161iriti svoju ponudu smanjuju\u0107i pritom koli\u010dinu otpada, pojednostavnjuju\u0107i upotrebu i nadma\u0161uju\u0107i o\u010dekivanja svojih gostiju ukusnim i kvalitetnim napicima.\" \/>\n<meta property=\"og:url\" content=\"https:\/\/www.electroluxprofessional.com\/hr\/rjesenja-za-napitke\/\" \/>\n<meta property=\"og:site_name\" content=\"Electrolux Professional Hrvatska\" \/>\n<meta property=\"article:modified_time\" content=\"2023-10-19T10:22:55+00:00\" \/>\n<meta name=\"twitter:card\" content=\"summary_large_image\" \/>\n<meta name=\"twitter:label1\" content=\"Procijenjeno vrijeme \u010ditanja\" \/>\n\t<meta name=\"twitter:data1\" content=\"1 minuta\" \/>\n<script type=\"application\/ld+json\" class=\"yoast-schema-graph\">{\"@context\":\"https:\/\/schema.org\",\"@graph\":[{\"@type\":\"WebPage\",\"@id\":\"https:\/\/www.electroluxprofessional.com\/hr\/rjesenja-za-napitke\/\",\"url\":\"https:\/\/www.electroluxprofessional.com\/hr\/rjesenja-za-napitke\/\",\"name\":\"Rje\u0161enja za ure\u0111aje za napitke - Electrolux Professional Hrvatska\",\"isPartOf\":{\"@id\":\"https:\/\/www.electroluxprofessional.com\/hr\/#website\"},\"datePublished\":\"2019-03-28T16:19:04+00:00\",\"dateModified\":\"2023-10-19T10:22:55+00:00\",\"description\":\"Nova rje\u0161enja za napitke koja su stvorena kako biste mogli pro\u0161iriti svoju ponudu smanjuju\u0107i pritom koli\u010dinu otpada, pojednostavnjuju\u0107i upotrebu i nadma\u0161uju\u0107i o\u010dekivanja svojih gostiju ukusnim i kvalitetnim napicima.\",\"breadcrumb\":{\"@id\":\"https:\/\/www.electroluxprofessional.com\/hr\/rjesenja-za-napitke\/#breadcrumb\"},\"inLanguage\":\"hr\",\"potentialAction\":[{\"@type\":\"ReadAction\",\"target\":[\"https:\/\/www.electroluxprofessional.com\/hr\/rjesenja-za-napitke\/\"]}]},{\"@type\":\"BreadcrumbList\",\"@id\":\"https:\/\/www.electroluxprofessional.com\/hr\/rjesenja-za-napitke\/#breadcrumb\",\"itemListElement\":[{\"@type\":\"ListItem\",\"position\":1,\"name\":\"Po\u010detna stranica\",\"item\":\"https:\/\/www.electroluxprofessional.com\/hr\/\"},{\"@type\":\"ListItem\",\"position\":2,\"name\":\"Rje\u0161enja za ure\u0111aje za napitke\"}]},{\"@type\":\"WebSite\",\"@id\":\"https:\/\/www.electroluxprofessional.com\/hr\/#website\",\"url\":\"https:\/\/www.electroluxprofessional.com\/hr\/\",\"name\":\"Electrolux Professional Hrvatska\",\"description\":\"\",\"potentialAction\":[{\"@type\":\"SearchAction\",\"target\":{\"@type\":\"EntryPoint\",\"urlTemplate\":\"https:\/\/www.electroluxprofessional.com\/hr\/?src={search_term_string}\"},\"query-input\":\"required name=search_term_string\"}],\"inLanguage\":\"hr\"}]}<\/script>\n<!-- \/ Yoast SEO plugin. -->","yoast_head_json":{"title":"Rje\u0161enja za ure\u0111aje za napitke - Electrolux Professional Hrvatska","description":"Nova rje\u0161enja za napitke koja su stvorena kako biste mogli pro\u0161iriti svoju ponudu smanjuju\u0107i pritom koli\u010dinu otpada, pojednostavnjuju\u0107i upotrebu i nadma\u0161uju\u0107i o\u010dekivanja svojih gostiju ukusnim i kvalitetnim napicima.","robots":{"index":"index","follow":"follow","max-snippet":"max-snippet:-1","max-image-preview":"max-image-preview:large","max-video-preview":"max-video-preview:-1"},"canonical":"https:\/\/www.electroluxprofessional.com\/hr\/rjesenja-za-napitke\/","og_locale":"hr_HR","og_type":"article","og_title":"Rje\u0161enja za ure\u0111aje za napitke - Electrolux Professional Hrvatska","og_description":"Nova rje\u0161enja za napitke koja su stvorena kako biste mogli pro\u0161iriti svoju ponudu smanjuju\u0107i pritom koli\u010dinu otpada, pojednostavnjuju\u0107i upotrebu i nadma\u0161uju\u0107i o\u010dekivanja svojih gostiju ukusnim i kvalitetnim napicima.","og_url":"https:\/\/www.electroluxprofessional.com\/hr\/rjesenja-za-napitke\/","og_site_name":"Electrolux Professional Hrvatska","article_modified_time":"2023-10-19T10:22:55+00:00","twitter_card":"summary_large_image","twitter_misc":{"Procijenjeno vrijeme \u010ditanja":"1 minuta"},"schema":{"@context":"https:\/\/schema.org","@graph":[{"@type":"WebPage","@id":"https:\/\/www.electroluxprofessional.com\/hr\/rjesenja-za-napitke\/","url":"https:\/\/www.electroluxprofessional.com\/hr\/rjesenja-za-napitke\/","name":"Rje\u0161enja za ure\u0111aje za napitke - Electrolux Professional Hrvatska","isPartOf":{"@id":"https:\/\/www.electroluxprofessional.com\/hr\/#website"},"datePublished":"2019-03-28T16:19:04+00:00","dateModified":"2023-10-19T10:22:55+00:00","description":"Nova rje\u0161enja za napitke koja su stvorena kako biste mogli pro\u0161iriti svoju ponudu smanjuju\u0107i pritom koli\u010dinu otpada, pojednostavnjuju\u0107i upotrebu i nadma\u0161uju\u0107i o\u010dekivanja svojih gostiju ukusnim i kvalitetnim napicima.","breadcrumb":{"@id":"https:\/\/www.electroluxprofessional.com\/hr\/rjesenja-za-napitke\/#breadcrumb"},"inLanguage":"hr","potentialAction":[{"@type":"ReadAction","target":["https:\/\/www.electroluxprofessional.com\/hr\/rjesenja-za-napitke\/"]}]},{"@type":"BreadcrumbList","@id":"https:\/\/www.electroluxprofessional.com\/hr\/rjesenja-za-napitke\/#breadcrumb","itemListElement":[{"@type":"ListItem","position":1,"name":"Po\u010detna stranica","item":"https:\/\/www.electroluxprofessional.com\/hr\/"},{"@type":"ListItem","position":2,"name":"Rje\u0161enja za ure\u0111aje za napitke"}]},{"@type":"WebSite","@id":"https:\/\/www.electroluxprofessional.com\/hr\/#website","url":"https:\/\/www.electroluxprofessional.com\/hr\/","name":"Electrolux Professional Hrvatska","description":"","potentialAction":[{"@type":"SearchAction","target":{"@type":"EntryPoint","urlTemplate":"https:\/\/www.electroluxprofessional.com\/hr\/?src={search_term_string}"},"query-input":"required name=search_term_string"}],"inLanguage":"hr"}]}},"_links":{"self":[{"href":"https:\/\/www.electroluxprofessional.com\/hr\/wp-json\/wp\/v2\/pages\/4848"}],"collection":[{"href":"https:\/\/www.electroluxprofessional.com\/hr\/wp-json\/wp\/v2\/pages"}],"about":[{"href":"https:\/\/www.electroluxprofessional.com\/hr\/wp-json\/wp\/v2\/types\/page"}],"author":[{"embeddable":true,"href":"https:\/\/www.electroluxprofessional.com\/hr\/wp-json\/wp\/v2\/users\/8"}],"replies":[{"embeddable":true,"href":"https:\/\/www.electroluxprofessional.com\/hr\/wp-json\/wp\/v2\/comments?post=4848"}],"version-history":[{"count":6,"href":"https:\/\/www.electroluxprofessional.com\/hr\/wp-json\/wp\/v2\/pages\/4848\/revisions"}],"predecessor-version":[{"id":116673,"href":"https:\/\/www.electroluxprofessional.com\/hr\/wp-json\/wp\/v2\/pages\/4848\/revisions\/116673"}],"wp:attachment":[{"href":"https:\/\/www.electroluxprofessional.com\/hr\/wp-json\/wp\/v2\/media?parent=4848"}],"curies":[{"name":"wp","href":"https:\/\/api.w.org\/{rel}","templated":true}]}}