{"id":4752,"date":"2016-12-19T16:15:56","date_gmt":"2016-12-19T16:15:56","guid":{"rendered":"https:\/\/www.electroluxprofessional.com\/?page_id=7612"},"modified":"2025-10-21T12:02:08","modified_gmt":"2025-10-21T12:02:08","slug":"electrolux-professional-chef-academy","status":"publish","type":"page","link":"https:\/\/www.electroluxprofessional.com\/hr\/kutak-za-sefove\/electrolux-professional-chef-academy\/","title":{"rendered":"Electrolux Professional Chef Academy"},"content":{"rendered":"<p>[vc_row full_width=&#8221;electroluxpro-full-width-no-padding&#8221;][vc_column][elx_image_block background_image=&#8221;4744&#8243; minimum_height=&#8221;350px&#8221;][\/vc_column][\/vc_row][vc_row][vc_column][elx_heading font_container=&#8221;h1&#8243; font_size=&#8221;h3&#8243; text_color=&#8221;inherit&#8221;]Electrolux Professional kulinarska akademija[\/elx_heading][elx_heading font_size=&#8221;h5&#8243; text_color=&#8221;inherit&#8221;]Globalni pristup posveti klijentima[\/elx_heading][\/vc_column][\/vc_row][vc_row][vc_column][vc_empty_space][\/vc_column][\/vc_row][vc_row][vc_column width=&#8221;2\/3&#8243;][vc_column_text]<strong>Electrolux Professional kulinarska akademija <\/strong>svjetski je izvor inspiracije. Vo\u0111en timom <strong>iskusnih kulinarskih mentora i vrhunskih kuhara<\/strong>, ova je globalna mre\u017ea uistinu jedinstvena.<\/p>\n<p>U potpunosti je posve\u0107ena <strong>oslu\u0161kivanju i predvi\u0111anju potrebe i o\u010dekivanja klijenata<\/strong> pronalaze\u0107i najoptimalnije odgovore kako bi razvili i unaprijedili svoje poslovanje.[\/vc_column_text][vc_empty_space][vc_column_text]Electrolux Professional kulinarska akademija razvijena je kako bi predstavila novi na\u010din poslovanja, gdje su kontinuirani dijalog i u\u010denje kroz rad jedinstveni u ponudi.<\/p>\n<p>Tijekom kulinarskih prezentacija u\u017eivo, edukacija i treninga o proizvodima vo\u0111enih od strane \u0161efova, <strong>svaki je polaznik pozvan podijeliti ideje, najbolja iskustva i izazove <\/strong>kada se rje\u0161enja testiraju i razvijaju na licu mjesta.[\/vc_column_text][\/vc_column][vc_column width=&#8221;1\/3&#8243;][vc_single_image image=&#8221;116972&#8243; img_size=&#8221;full&#8221;][vc_empty_space][\/vc_column][\/vc_row][vc_row][vc_column][vc_empty_space][elx_heading font_container=&#8221;h3&#8243; text_color=&#8221;inherit&#8221;]Rezervirajte svoj termin ve\u0107 danas![\/elx_heading][elx_o2000_contact_us s=&#8221;Zahtjev za informacijom o Electrolux Professional kulinarskoj akademiji&#8221; country=&#8221;Croatia&#8221; container=&#8221;elxcontactus1482162874&#8243; r=&#8221;Htjela\/Htio bih znati vi\u0161e o Electrolux Professional kulinarskoj akademiji. Molim vas stupite u kontakt sa mnom.&#8221; l=&#8221;hr&#8221;][vc_empty_space][\/vc_column][\/vc_row][vc_row][vc_column width=&#8221;1\/3&#8243;][elx_maylike_box id_box=&#8221;2937&#8243;][\/vc_column][vc_column width=&#8221;1\/3&#8243;][elx_maylike_box id_box=&#8221;2942&#8243;][\/vc_column][vc_column width=&#8221;1\/3&#8243;][elx_maylike_box id_box=&#8221;2949&#8243;][\/vc_column][\/vc_row]<\/p>\n","protected":false},"excerpt":{"rendered":"<p>[vc_row full_width=&#8221;electroluxpro-full-width-no-padding&#8221;][vc_column][elx_image_block background_image=&#8221;4744&#8243; minimum_height=&#8221;350px&#8221;][\/vc_column][\/vc_row][vc_row][vc_column][elx_heading font_container=&#8221;h1&#8243; font_size=&#8221;h3&#8243; text_color=&#8221;inherit&#8221;]Electrolux Professional kulinarska akademija[\/elx_heading][elx_heading font_size=&#8221;h5&#8243; text_color=&#8221;inherit&#8221;]Globalni pristup posveti klijentima[\/elx_heading][\/vc_column][\/vc_row][vc_row][vc_column][vc_empty_space][\/vc_column][\/vc_row][vc_row][vc_column width=&#8221;2\/3&#8243;][vc_column_text]Electrolux Professional kulinarska akademija svjetski je izvor inspiracije. Vo\u0111en timom iskusnih kulinarskih mentora i vrhunskih kuhara, ova je globalna mre\u017ea uistinu jedinstvena. U potpunosti je posve\u0107ena oslu\u0161kivanju i predvi\u0111anju potrebe i o\u010dekivanja klijenata pronalaze\u0107i najoptimalnije odgovore kako bi razvili i [&hellip;]<\/p>\n","protected":false},"author":8,"featured_media":4744,"parent":2880,"menu_order":0,"comment_status":"closed","ping_status":"closed","template":"","meta":{"footnotes":""},"class_list":["post-4752","page","type-page","status-publish","has-post-thumbnail","hentry"],"acf":[],"yoast_head":"<!-- This site is optimized with the Yoast SEO plugin v23.3 - https:\/\/yoast.com\/wordpress\/plugins\/seo\/ -->\n<title>Electrolux Professional Chef Academy - Electrolux Professional Hrvatska<\/title>\n<meta name=\"description\" content=\"Kulinarska akademija tvrtke Electrolux Professional: \u0161ezdeset kuhara diljem svijeta koji na seminarima daju savjete, slu\u0161aju i pou\u010davaju. Istra\u017eite jedinstvenu globalnu mre\u017eu profesionalaca.\" \/>\n<meta name=\"robots\" content=\"index, follow, max-snippet:-1, max-image-preview:large, max-video-preview:-1\" \/>\n<link rel=\"canonical\" href=\"https:\/\/www.electroluxprofessional.com\/hr\/kutak-za-sefove\/electrolux-professional-chef-academy\/\" \/>\n<meta property=\"og:locale\" content=\"hr_HR\" \/>\n<meta property=\"og:type\" content=\"article\" \/>\n<meta property=\"og:title\" content=\"Electrolux Professional Chef Academy - Electrolux Professional Hrvatska\" \/>\n<meta property=\"og:description\" content=\"Kulinarska akademija tvrtke Electrolux Professional: \u0161ezdeset kuhara diljem svijeta koji na seminarima daju savjete, slu\u0161aju i pou\u010davaju. Istra\u017eite jedinstvenu globalnu mre\u017eu profesionalaca.\" \/>\n<meta property=\"og:url\" content=\"https:\/\/www.electroluxprofessional.com\/hr\/kutak-za-sefove\/electrolux-professional-chef-academy\/\" \/>\n<meta property=\"og:site_name\" content=\"Electrolux Professional Hrvatska\" \/>\n<meta property=\"article:modified_time\" content=\"2025-10-21T12:02:08+00:00\" \/>\n<meta property=\"og:image\" content=\"https:\/\/www.electroluxprofessional.com\/hr\/wp-content\/uploads\/2016\/12\/recipe-e1545052606554.jpg\" \/>\n\t<meta property=\"og:image:width\" content=\"2000\" \/>\n\t<meta property=\"og:image:height\" content=\"350\" \/>\n\t<meta property=\"og:image:type\" content=\"image\/jpeg\" \/>\n<meta name=\"twitter:card\" content=\"summary_large_image\" \/>\n<meta name=\"twitter:label1\" content=\"Procijenjeno vrijeme \u010ditanja\" \/>\n\t<meta name=\"twitter:data1\" content=\"2 minute\" \/>\n<script type=\"application\/ld+json\" class=\"yoast-schema-graph\">{\"@context\":\"https:\/\/schema.org\",\"@graph\":[{\"@type\":\"WebPage\",\"@id\":\"https:\/\/www.electroluxprofessional.com\/hr\/kutak-za-sefove\/electrolux-professional-chef-academy\/\",\"url\":\"https:\/\/www.electroluxprofessional.com\/hr\/kutak-za-sefove\/electrolux-professional-chef-academy\/\",\"name\":\"Electrolux Professional Chef Academy - Electrolux Professional Hrvatska\",\"isPartOf\":{\"@id\":\"https:\/\/www.electroluxprofessional.com\/hr\/#website\"},\"primaryImageOfPage\":{\"@id\":\"https:\/\/www.electroluxprofessional.com\/hr\/kutak-za-sefove\/electrolux-professional-chef-academy\/#primaryimage\"},\"image\":{\"@id\":\"https:\/\/www.electroluxprofessional.com\/hr\/kutak-za-sefove\/electrolux-professional-chef-academy\/#primaryimage\"},\"thumbnailUrl\":\"https:\/\/www.electroluxprofessional.com\/hr\/wp-content\/uploads\/2016\/12\/recipe-e1545052606554.jpg\",\"datePublished\":\"2016-12-19T16:15:56+00:00\",\"dateModified\":\"2025-10-21T12:02:08+00:00\",\"description\":\"Kulinarska akademija tvrtke Electrolux Professional: \u0161ezdeset kuhara diljem svijeta koji na seminarima daju savjete, slu\u0161aju i pou\u010davaju. Istra\u017eite jedinstvenu globalnu mre\u017eu profesionalaca.\",\"breadcrumb\":{\"@id\":\"https:\/\/www.electroluxprofessional.com\/hr\/kutak-za-sefove\/electrolux-professional-chef-academy\/#breadcrumb\"},\"inLanguage\":\"hr\",\"potentialAction\":[{\"@type\":\"ReadAction\",\"target\":[\"https:\/\/www.electroluxprofessional.com\/hr\/kutak-za-sefove\/electrolux-professional-chef-academy\/\"]}]},{\"@type\":\"ImageObject\",\"inLanguage\":\"hr\",\"@id\":\"https:\/\/www.electroluxprofessional.com\/hr\/kutak-za-sefove\/electrolux-professional-chef-academy\/#primaryimage\",\"url\":\"https:\/\/www.electroluxprofessional.com\/hr\/wp-content\/uploads\/2016\/12\/recipe-e1545052606554.jpg\",\"contentUrl\":\"https:\/\/www.electroluxprofessional.com\/hr\/wp-content\/uploads\/2016\/12\/recipe-e1545052606554.jpg\",\"width\":2000,\"height\":350,\"caption\":\"Electrolux Professional chef academy\"},{\"@type\":\"BreadcrumbList\",\"@id\":\"https:\/\/www.electroluxprofessional.com\/hr\/kutak-za-sefove\/electrolux-professional-chef-academy\/#breadcrumb\",\"itemListElement\":[{\"@type\":\"ListItem\",\"position\":1,\"name\":\"Po\u010detna stranica\",\"item\":\"https:\/\/www.electroluxprofessional.com\/hr\/\"},{\"@type\":\"ListItem\",\"position\":2,\"name\":\"Kutak za \u0161efove\",\"item\":\"https:\/\/www.electroluxprofessional.com\/hr\/kutak-za-sefove\/\"},{\"@type\":\"ListItem\",\"position\":3,\"name\":\"Electrolux Professional Chef Academy\"}]},{\"@type\":\"WebSite\",\"@id\":\"https:\/\/www.electroluxprofessional.com\/hr\/#website\",\"url\":\"https:\/\/www.electroluxprofessional.com\/hr\/\",\"name\":\"Electrolux Professional Hrvatska\",\"description\":\"\",\"potentialAction\":[{\"@type\":\"SearchAction\",\"target\":{\"@type\":\"EntryPoint\",\"urlTemplate\":\"https:\/\/www.electroluxprofessional.com\/hr\/?src={search_term_string}\"},\"query-input\":\"required name=search_term_string\"}],\"inLanguage\":\"hr\"}]}<\/script>\n<!-- \/ Yoast SEO plugin. -->","yoast_head_json":{"title":"Electrolux Professional Chef Academy - Electrolux Professional Hrvatska","description":"Kulinarska akademija tvrtke Electrolux Professional: \u0161ezdeset kuhara diljem svijeta koji na seminarima daju savjete, slu\u0161aju i pou\u010davaju. Istra\u017eite jedinstvenu globalnu mre\u017eu profesionalaca.","robots":{"index":"index","follow":"follow","max-snippet":"max-snippet:-1","max-image-preview":"max-image-preview:large","max-video-preview":"max-video-preview:-1"},"canonical":"https:\/\/www.electroluxprofessional.com\/hr\/kutak-za-sefove\/electrolux-professional-chef-academy\/","og_locale":"hr_HR","og_type":"article","og_title":"Electrolux Professional Chef Academy - Electrolux Professional Hrvatska","og_description":"Kulinarska akademija tvrtke Electrolux Professional: \u0161ezdeset kuhara diljem svijeta koji na seminarima daju savjete, slu\u0161aju i pou\u010davaju. Istra\u017eite jedinstvenu globalnu mre\u017eu profesionalaca.","og_url":"https:\/\/www.electroluxprofessional.com\/hr\/kutak-za-sefove\/electrolux-professional-chef-academy\/","og_site_name":"Electrolux Professional Hrvatska","article_modified_time":"2025-10-21T12:02:08+00:00","og_image":[{"width":2000,"height":350,"url":"https:\/\/www.electroluxprofessional.com\/hr\/wp-content\/uploads\/2016\/12\/recipe-e1545052606554.jpg","type":"image\/jpeg"}],"twitter_card":"summary_large_image","twitter_misc":{"Procijenjeno vrijeme \u010ditanja":"2 minute"},"schema":{"@context":"https:\/\/schema.org","@graph":[{"@type":"WebPage","@id":"https:\/\/www.electroluxprofessional.com\/hr\/kutak-za-sefove\/electrolux-professional-chef-academy\/","url":"https:\/\/www.electroluxprofessional.com\/hr\/kutak-za-sefove\/electrolux-professional-chef-academy\/","name":"Electrolux Professional Chef Academy - Electrolux Professional Hrvatska","isPartOf":{"@id":"https:\/\/www.electroluxprofessional.com\/hr\/#website"},"primaryImageOfPage":{"@id":"https:\/\/www.electroluxprofessional.com\/hr\/kutak-za-sefove\/electrolux-professional-chef-academy\/#primaryimage"},"image":{"@id":"https:\/\/www.electroluxprofessional.com\/hr\/kutak-za-sefove\/electrolux-professional-chef-academy\/#primaryimage"},"thumbnailUrl":"https:\/\/www.electroluxprofessional.com\/hr\/wp-content\/uploads\/2016\/12\/recipe-e1545052606554.jpg","datePublished":"2016-12-19T16:15:56+00:00","dateModified":"2025-10-21T12:02:08+00:00","description":"Kulinarska akademija tvrtke Electrolux Professional: \u0161ezdeset kuhara diljem svijeta koji na seminarima daju savjete, slu\u0161aju i pou\u010davaju. Istra\u017eite jedinstvenu globalnu mre\u017eu profesionalaca.","breadcrumb":{"@id":"https:\/\/www.electroluxprofessional.com\/hr\/kutak-za-sefove\/electrolux-professional-chef-academy\/#breadcrumb"},"inLanguage":"hr","potentialAction":[{"@type":"ReadAction","target":["https:\/\/www.electroluxprofessional.com\/hr\/kutak-za-sefove\/electrolux-professional-chef-academy\/"]}]},{"@type":"ImageObject","inLanguage":"hr","@id":"https:\/\/www.electroluxprofessional.com\/hr\/kutak-za-sefove\/electrolux-professional-chef-academy\/#primaryimage","url":"https:\/\/www.electroluxprofessional.com\/hr\/wp-content\/uploads\/2016\/12\/recipe-e1545052606554.jpg","contentUrl":"https:\/\/www.electroluxprofessional.com\/hr\/wp-content\/uploads\/2016\/12\/recipe-e1545052606554.jpg","width":2000,"height":350,"caption":"Electrolux Professional chef academy"},{"@type":"BreadcrumbList","@id":"https:\/\/www.electroluxprofessional.com\/hr\/kutak-za-sefove\/electrolux-professional-chef-academy\/#breadcrumb","itemListElement":[{"@type":"ListItem","position":1,"name":"Po\u010detna stranica","item":"https:\/\/www.electroluxprofessional.com\/hr\/"},{"@type":"ListItem","position":2,"name":"Kutak za \u0161efove","item":"https:\/\/www.electroluxprofessional.com\/hr\/kutak-za-sefove\/"},{"@type":"ListItem","position":3,"name":"Electrolux Professional Chef Academy"}]},{"@type":"WebSite","@id":"https:\/\/www.electroluxprofessional.com\/hr\/#website","url":"https:\/\/www.electroluxprofessional.com\/hr\/","name":"Electrolux Professional Hrvatska","description":"","potentialAction":[{"@type":"SearchAction","target":{"@type":"EntryPoint","urlTemplate":"https:\/\/www.electroluxprofessional.com\/hr\/?src={search_term_string}"},"query-input":"required name=search_term_string"}],"inLanguage":"hr"}]}},"_links":{"self":[{"href":"https:\/\/www.electroluxprofessional.com\/hr\/wp-json\/wp\/v2\/pages\/4752"}],"collection":[{"href":"https:\/\/www.electroluxprofessional.com\/hr\/wp-json\/wp\/v2\/pages"}],"about":[{"href":"https:\/\/www.electroluxprofessional.com\/hr\/wp-json\/wp\/v2\/types\/page"}],"author":[{"embeddable":true,"href":"https:\/\/www.electroluxprofessional.com\/hr\/wp-json\/wp\/v2\/users\/8"}],"replies":[{"embeddable":true,"href":"https:\/\/www.electroluxprofessional.com\/hr\/wp-json\/wp\/v2\/comments?post=4752"}],"version-history":[{"count":5,"href":"https:\/\/www.electroluxprofessional.com\/hr\/wp-json\/wp\/v2\/pages\/4752\/revisions"}],"predecessor-version":[{"id":118889,"href":"https:\/\/www.electroluxprofessional.com\/hr\/wp-json\/wp\/v2\/pages\/4752\/revisions\/118889"}],"up":[{"embeddable":true,"href":"https:\/\/www.electroluxprofessional.com\/hr\/wp-json\/wp\/v2\/pages\/2880"}],"wp:featuredmedia":[{"embeddable":true,"href":"https:\/\/www.electroluxprofessional.com\/hr\/wp-json\/wp\/v2\/media\/4744"}],"wp:attachment":[{"href":"https:\/\/www.electroluxprofessional.com\/hr\/wp-json\/wp\/v2\/media?parent=4752"}],"curies":[{"name":"wp","href":"https:\/\/api.w.org\/{rel}","templated":true}]}}