{"id":4703,"date":"2019-12-10T20:18:46","date_gmt":"2019-12-10T18:18:46","guid":{"rendered":"https:\/\/www.electroluxprofessional.com\/?page_id=25505"},"modified":"2025-10-21T14:17:24","modified_gmt":"2025-10-21T14:17:24","slug":"centers-of-excellence-electrolux-professional","status":"publish","type":"page","link":"https:\/\/www.electroluxprofessional.com\/hr\/kutak-za-sefove\/centers-of-excellence-electrolux-professional\/","title":{"rendered":"Electrolux Professional Centri izvrsnosti"},"content":{"rendered":"<p>[vc_row full_width=&#8221;electroluxpro-full-width-no-padding&#8221;][vc_column][vc_single_image image=&#8221;6560&#8243; img_size=&#8221;full&#8221; alignment=&#8221;center&#8221;][\/vc_column][\/vc_row][vc_row][vc_column][vc_empty_space height=&#8221;16px&#8221;][elx_heading font_container=&#8221;h1&#8243; text_color=&#8221;inherit&#8221;]Centri izvrsnosti[\/elx_heading][vc_empty_space height=&#8221;16px&#8221;][\/vc_column][\/vc_row][vc_row][vc_column width=&#8221;2\/3&#8243;][vc_column_text]Electrolux Professional svojim kupcima nudi <strong>inovativne obrazovne koncepte <\/strong>i <strong>nezaboravna iskustva <\/strong>kroz svoj brend i rje\u0161enja.<\/p>\n<p>Kada se spoje kulinarska kultura i tehnologija, rezultat je obrazovna metoda koja se temelji na iskustvu i dijalogu s kupcima, a posve\u0107ena je <strong>stru\u010dnjacima u ugostiteljstvu<\/strong> koji se s izazovima poslovanja nose na druga\u010diji na\u010din.[\/vc_column_text][\/vc_column][vc_column width=&#8221;1\/3&#8243;][vc_empty_space height=&#8221;16px&#8221;][vc_single_image image=&#8221;4695&#8243; img_size=&#8221;full&#8221;][\/vc_column][\/vc_row][vc_row][vc_column][vc_row_inner][vc_column_inner][vc_empty_space][elx_heading font_size=&#8221;h1&#8243; text_color=&#8221;inherit&#8221; text_align=&#8221;text-center&#8221;]Centri izvrsnosti diljem svijeta[\/elx_heading][vc_empty_space][vc_column_text]<\/p>\n<p style=\"text-align: center;\">Kliknite na kartu i uronite<br \/>\nu 3D iskustvo na\u0161eg izlo\u017ebenog prostora<\/p>\n<p>[\/vc_column_text][vc_single_image image=&#8221;4696&#8243; img_size=&#8221;full&#8221; alignment=&#8221;center&#8221; onclick=&#8221;custom_link&#8221; link=&#8221;https:\/\/www.electroluxprofessional.com\/hr\/chef-s-hub\/centers-of-excellence-electrolux-professional-virtual-tour\/&#8221;][\/vc_column_inner][\/vc_row_inner][\/vc_column][\/vc_row][vc_row][vc_column][vc_empty_space][vc_column_text]<strong>Centri izvrsnosti<\/strong> \u2013 <strong>izlo\u017ebeni prostori Electrolux Professionala <\/strong>i objekti za edukaciju diljem svijeta \u2013 osmi\u0161ljeni su s tom svrhom.<\/p>\n<p>Opremljeni su najinovativnijim reprezentativnim rje\u0161enjima za <strong>pripremu hrane i pi\u0107a te pranje rublja<\/strong>, pokazuju\u0107i svoj puni potencijal i predanost tvrtke da kao <span lang=\"EN-US\">The <\/span>OnE partner svakodnevni \u017eivot svojih kupaca \u010dini lak\u0161im, isplativijim \u2013 i istinski odr\u017eivim svaki dan.[\/vc_column_text][\/vc_column][\/vc_row][vc_row][vc_column][vc_empty_space height=&#8221;16px&#8221;][elx_heading text_color=&#8221;inherit&#8221;]U\u017eivajte u potpunom iskustvu okusa u Centrima izvrsnosti[\/elx_heading][vc_empty_space height=&#8221;16px&#8221;][\/vc_column][\/vc_row][vc_row][vc_column][vc_column_text]<strong>Centri izvrsnosti<\/strong> osmi\u0161ljeni su kako bi ponudili cjelovito<strong> iskustvo potpuno prilago\u0111eno<\/strong> upravo vama. Pozivamo goste da detaljno istra\u017ee ponudu proizvoda Electrolux Professional i na\u0161 sustav korisni\u010dke podr\u0161ke, <strong>otkriju vode\u0107e inovacije<\/strong> iz podru\u010dja pripreme hrane i pi\u0107a te pranja rublja, i <strong>u\u017eivaju u seminarima, doga\u0111anjima i demonstracijama u\u017eivo<\/strong> u na\u0161im kuhinjama za edukaciju.[\/vc_column_text][vc_empty_space][\/vc_column][\/vc_row][vc_row][vc_column width=&#8221;1\/4&#8243;][elx_image_block background_image=&#8221;4687&#8243; minimum_height=&#8221;300px&#8221;][\/vc_column][vc_column width=&#8221;1\/4&#8243;][elx_image_block background_image=&#8221;4688&#8243; minimum_height=&#8221;300px&#8221;][\/vc_column][vc_column width=&#8221;1\/4&#8243;][elx_image_block background_image=&#8221;4689&#8243; minimum_height=&#8221;300px&#8221;][\/vc_column][vc_column width=&#8221;1\/4&#8243;][elx_image_block background_image=&#8221;4690&#8243; minimum_height=&#8221;300px&#8221;][\/vc_column][\/vc_row][vc_row disable_element=&#8221;yes&#8221;][vc_column width=&#8221;1\/2&#8243;][elx_image_block background_image=&#8221;4691&#8243; minimum_height=&#8221;300px&#8221;][\/vc_column][vc_column width=&#8221;1\/2&#8243;][elx_image_block background_image=&#8221;4692&#8243; minimum_height=&#8221;300px&#8221;][\/vc_column][\/vc_row][vc_row][vc_column][vc_empty_space][vc_column_text]Tim<strong> profesionalnih kuhara<\/strong> iz Electrolux Professional kulinarske akademije \u2013 kao i brojni stru\u010dnjaci iz segmenata za proizvode i korisnike \u2013 ovdje su kako bi usmjerili i oblikovali putovanje posjetitelja prate\u0107i njihove potrebe i o\u010dekivanja. Svako je iskustvo u Centrima izvrsnosti <strong>jedinstveno<\/strong> \u2013 prilago\u0111eno potrebama kupaca i osmi\u0161ljeno da <strong>najbolje odgovara njihovim poslovnim prioritetima<\/strong>, bez obzira na to odakle dolaze.<\/p>\n<p>Tako\u0111er, Centri izvrsnosti <strong>globalna su sredi\u0161ta<\/strong> u kojima najnoviji trendovi u pripremi hrane pronalaze svoje mjesto, iskori\u0161tavaju se <strong>mogu\u0107nosti umre\u017eavanja i u\u010denja<\/strong>, isprepli\u0107u se razli\u010dite kulinarske kulture i tradicije, dijele se ideje i inovativne tehnike.[\/vc_column_text][vc_empty_space][\/vc_column][\/vc_row][vc_row][vc_column width=&#8221;1\/3&#8243;][vc_single_image image=&#8221;4697&#8243; img_size=&#8221;full&#8221; alignment=&#8221;center&#8221;][\/vc_column][vc_column width=&#8221;1\/3&#8243;][vc_single_image image=&#8221;4699&#8243; img_size=&#8221;full&#8221; alignment=&#8221;center&#8221;][\/vc_column][vc_column width=&#8221;1\/3&#8243;][vc_single_image image=&#8221;4700&#8243; img_size=&#8221;full&#8221; alignment=&#8221;center&#8221;][\/vc_column][\/vc_row][vc_row][vc_column][vc_empty_space][elx_heading text_color=&#8221;inherit&#8221;]Centar izvrsnosti u Italiji[\/elx_heading][vc_empty_space][\/vc_column][\/vc_row][vc_row][vc_column width=&#8221;1\/2&#8243;][vc_column_text]Centar izvrsnosti u Italiji nalazi se u mjestu Vallenoncello, u pokrajini Pordenone. Ovaj <strong>vode\u0107i centar <\/strong>nalazi se na <strong>3\u00a0500\u00a0m<sup>2<\/sup>\u00a0<\/strong> potpuno posve\u0107enih edukaciji uz izlo\u017ebeni prostor te potpuni asortiman kuhinjske i praoni\u010dke opreme kao te ure\u0111aja za napitke.<\/p>\n<p><strong>Pet potpuno opremljenih kuhinja<\/strong> \u010dine moderan i funkcionalan kontekst gdje gosti mogu \u201e<strong>okusiti<\/strong>\u201c zadovoljstvo revolucionarnog edukacijskog koncepta, pod vodstvom <strong>Electrolux Professional kulinarske akademije <\/strong>i tima stru\u010dnjaka iz segmenata za proizvode i korisnike.[\/vc_column_text][\/vc_column][vc_column width=&#8221;1\/2&#8243;][elx_image_block background_image=&#8221;4693&#8243; minimum_height=&#8221;300px&#8221;][vc_empty_space][\/vc_column][\/vc_row][vc_row][vc_column width=&#8221;1\/2&#8243;][elx_simple_link_block link=&#8221;Enter the link of the block&#8221; text_align=&#8221;text-left&#8221; text_color=&#8221;inherit&#8221; background_color=&#8221;inherit&#8221; background_hover_color=&#8221;darker-hover&#8221; extra_class=&#8221;&#8221; reveal_effect=&#8221;&#8221; reveal_duration=&#8221;&#8221; reveal_delay=&#8221;&#8221;][vc_single_image image=&#8221;4701&#8243; img_size=&#8221;full&#8221;][\/elx_simple_link_block][\/vc_column][vc_column width=&#8221;1\/2&#8243;][vc_column_text]<strong>Demonstracija pripreme jela u\u017eivo <\/strong>jedinstvena je prilika za razmjenu iskustava, razvijanje ideja i promi\u0161ljanje o tome kako rad u kuhinji u\u010diniti jednostavnijim, sigurnijim i u\u010dinkovitijim, a time i isplativijim, zahvaljuju\u0107i rje\u0161enjima koja nudi Electrolux Professional.[\/vc_column_text][vc_empty_space height=&#8221;64px&#8221;][vc_column_text]Kontaktirajte svojeg najbli\u017eeg prodajnog predstavnika i dogovorite posjet na\u0161im globalnim Centrima izvrsnosti.<\/p>\n<p><strong>Otkrijte svijet mogu\u0107nosti koji smo osmislili za vas.<\/strong>[\/vc_column_text][\/vc_column][\/vc_row][vc_row][vc_column][vc_empty_space][elx_heading font_container=&#8221;h3&#8243; text_color=&#8221;inherit&#8221;]Mo\u017eda \u0107e vam se svidjeti i sljede\u0107i sadr\u017eaj:[\/elx_heading][\/vc_column][\/vc_row][vc_row][vc_column width=&#8221;1\/3&#8243;][elx_maylike_box id_box=&#8221;2952&#8243;][\/vc_column][vc_column width=&#8221;1\/3&#8243;][elx_maylike_box id_box=&#8221;2946&#8243;][\/vc_column][vc_column width=&#8221;1\/3&#8243;][elx_maylike_box id_box=&#8221;2949&#8243;][\/vc_column][\/vc_row]<\/p>\n","protected":false},"excerpt":{"rendered":"<p>[vc_row full_width=&#8221;electroluxpro-full-width-no-padding&#8221;][vc_column][vc_single_image image=&#8221;6560&#8243; img_size=&#8221;full&#8221; alignment=&#8221;center&#8221;][\/vc_column][\/vc_row][vc_row][vc_column][vc_empty_space height=&#8221;16px&#8221;][elx_heading font_container=&#8221;h1&#8243; text_color=&#8221;inherit&#8221;]Centri izvrsnosti[\/elx_heading][vc_empty_space height=&#8221;16px&#8221;][\/vc_column][\/vc_row][vc_row][vc_column width=&#8221;2\/3&#8243;][vc_column_text]Electrolux Professional svojim kupcima nudi inovativne obrazovne koncepte i nezaboravna iskustva kroz svoj brend i rje\u0161enja. Kada se spoje kulinarska kultura i tehnologija, rezultat je obrazovna metoda koja se temelji na iskustvu i dijalogu s kupcima, a posve\u0107ena je stru\u010dnjacima u ugostiteljstvu koji se s [&hellip;]<\/p>\n","protected":false},"author":8,"featured_media":0,"parent":2880,"menu_order":0,"comment_status":"closed","ping_status":"closed","template":"","meta":{"footnotes":""},"class_list":["post-4703","page","type-page","status-publish","hentry"],"acf":[],"yoast_head":"<!-- This site is optimized with the Yoast SEO plugin v23.3 - https:\/\/yoast.com\/wordpress\/plugins\/seo\/ -->\n<title>Electrolux Professional Centri izvrsnosti - Electrolux Professional Hrvatska<\/title>\n<meta name=\"description\" content=\"17 Centara izvrsnosti i vi\u0161e od 70 kuhara koji su dio Kulinarske akademije tvrtke Electrolux Professional diljem svijeta aktivno odr\u017eava seminare, obuke, radionice i razne druge doga\u0111aje.\" \/>\n<meta name=\"robots\" content=\"index, follow, max-snippet:-1, max-image-preview:large, max-video-preview:-1\" \/>\n<link rel=\"canonical\" href=\"https:\/\/www.electroluxprofessional.com\/hr\/kutak-za-sefove\/centers-of-excellence-electrolux-professional\/\" \/>\n<meta property=\"og:locale\" content=\"hr_HR\" \/>\n<meta property=\"og:type\" content=\"article\" \/>\n<meta property=\"og:title\" content=\"Electrolux Professional Centri izvrsnosti - Electrolux Professional Hrvatska\" \/>\n<meta property=\"og:description\" content=\"17 Centara izvrsnosti i vi\u0161e od 70 kuhara koji su dio Kulinarske akademije tvrtke Electrolux Professional diljem svijeta aktivno odr\u017eava seminare, obuke, radionice i razne druge doga\u0111aje.\" \/>\n<meta property=\"og:url\" content=\"https:\/\/www.electroluxprofessional.com\/hr\/kutak-za-sefove\/centers-of-excellence-electrolux-professional\/\" \/>\n<meta property=\"og:site_name\" content=\"Electrolux Professional Hrvatska\" \/>\n<meta property=\"article:modified_time\" content=\"2025-10-21T14:17:24+00:00\" \/>\n<meta name=\"twitter:card\" content=\"summary_large_image\" \/>\n<meta name=\"twitter:label1\" content=\"Procijenjeno vrijeme \u010ditanja\" \/>\n\t<meta name=\"twitter:data1\" content=\"6 minuta\" \/>\n<script type=\"application\/ld+json\" class=\"yoast-schema-graph\">{\"@context\":\"https:\/\/schema.org\",\"@graph\":[{\"@type\":\"WebPage\",\"@id\":\"https:\/\/www.electroluxprofessional.com\/hr\/kutak-za-sefove\/centers-of-excellence-electrolux-professional\/\",\"url\":\"https:\/\/www.electroluxprofessional.com\/hr\/kutak-za-sefove\/centers-of-excellence-electrolux-professional\/\",\"name\":\"Electrolux Professional Centri izvrsnosti - Electrolux Professional Hrvatska\",\"isPartOf\":{\"@id\":\"https:\/\/www.electroluxprofessional.com\/hr\/#website\"},\"datePublished\":\"2019-12-10T18:18:46+00:00\",\"dateModified\":\"2025-10-21T14:17:24+00:00\",\"description\":\"17 Centara izvrsnosti i vi\u0161e od 70 kuhara koji su dio Kulinarske akademije tvrtke Electrolux Professional diljem svijeta aktivno odr\u017eava seminare, obuke, radionice i razne druge doga\u0111aje.\",\"breadcrumb\":{\"@id\":\"https:\/\/www.electroluxprofessional.com\/hr\/kutak-za-sefove\/centers-of-excellence-electrolux-professional\/#breadcrumb\"},\"inLanguage\":\"hr\",\"potentialAction\":[{\"@type\":\"ReadAction\",\"target\":[\"https:\/\/www.electroluxprofessional.com\/hr\/kutak-za-sefove\/centers-of-excellence-electrolux-professional\/\"]}]},{\"@type\":\"BreadcrumbList\",\"@id\":\"https:\/\/www.electroluxprofessional.com\/hr\/kutak-za-sefove\/centers-of-excellence-electrolux-professional\/#breadcrumb\",\"itemListElement\":[{\"@type\":\"ListItem\",\"position\":1,\"name\":\"Po\u010detna stranica\",\"item\":\"https:\/\/www.electroluxprofessional.com\/hr\/\"},{\"@type\":\"ListItem\",\"position\":2,\"name\":\"Kutak za \u0161efove\",\"item\":\"https:\/\/www.electroluxprofessional.com\/hr\/kutak-za-sefove\/\"},{\"@type\":\"ListItem\",\"position\":3,\"name\":\"Electrolux Professional Centri izvrsnosti\"}]},{\"@type\":\"WebSite\",\"@id\":\"https:\/\/www.electroluxprofessional.com\/hr\/#website\",\"url\":\"https:\/\/www.electroluxprofessional.com\/hr\/\",\"name\":\"Electrolux Professional Hrvatska\",\"description\":\"\",\"potentialAction\":[{\"@type\":\"SearchAction\",\"target\":{\"@type\":\"EntryPoint\",\"urlTemplate\":\"https:\/\/www.electroluxprofessional.com\/hr\/?src={search_term_string}\"},\"query-input\":\"required name=search_term_string\"}],\"inLanguage\":\"hr\"}]}<\/script>\n<!-- \/ Yoast SEO plugin. -->","yoast_head_json":{"title":"Electrolux Professional Centri izvrsnosti - Electrolux Professional Hrvatska","description":"17 Centara izvrsnosti i vi\u0161e od 70 kuhara koji su dio Kulinarske akademije tvrtke Electrolux Professional diljem svijeta aktivno odr\u017eava seminare, obuke, radionice i razne druge doga\u0111aje.","robots":{"index":"index","follow":"follow","max-snippet":"max-snippet:-1","max-image-preview":"max-image-preview:large","max-video-preview":"max-video-preview:-1"},"canonical":"https:\/\/www.electroluxprofessional.com\/hr\/kutak-za-sefove\/centers-of-excellence-electrolux-professional\/","og_locale":"hr_HR","og_type":"article","og_title":"Electrolux Professional Centri izvrsnosti - Electrolux Professional Hrvatska","og_description":"17 Centara izvrsnosti i vi\u0161e od 70 kuhara koji su dio Kulinarske akademije tvrtke Electrolux Professional diljem svijeta aktivno odr\u017eava seminare, obuke, radionice i razne druge doga\u0111aje.","og_url":"https:\/\/www.electroluxprofessional.com\/hr\/kutak-za-sefove\/centers-of-excellence-electrolux-professional\/","og_site_name":"Electrolux Professional Hrvatska","article_modified_time":"2025-10-21T14:17:24+00:00","twitter_card":"summary_large_image","twitter_misc":{"Procijenjeno vrijeme \u010ditanja":"6 minuta"},"schema":{"@context":"https:\/\/schema.org","@graph":[{"@type":"WebPage","@id":"https:\/\/www.electroluxprofessional.com\/hr\/kutak-za-sefove\/centers-of-excellence-electrolux-professional\/","url":"https:\/\/www.electroluxprofessional.com\/hr\/kutak-za-sefove\/centers-of-excellence-electrolux-professional\/","name":"Electrolux Professional Centri izvrsnosti - Electrolux Professional Hrvatska","isPartOf":{"@id":"https:\/\/www.electroluxprofessional.com\/hr\/#website"},"datePublished":"2019-12-10T18:18:46+00:00","dateModified":"2025-10-21T14:17:24+00:00","description":"17 Centara izvrsnosti i vi\u0161e od 70 kuhara koji su dio Kulinarske akademije tvrtke Electrolux Professional diljem svijeta aktivno odr\u017eava seminare, obuke, radionice i razne druge doga\u0111aje.","breadcrumb":{"@id":"https:\/\/www.electroluxprofessional.com\/hr\/kutak-za-sefove\/centers-of-excellence-electrolux-professional\/#breadcrumb"},"inLanguage":"hr","potentialAction":[{"@type":"ReadAction","target":["https:\/\/www.electroluxprofessional.com\/hr\/kutak-za-sefove\/centers-of-excellence-electrolux-professional\/"]}]},{"@type":"BreadcrumbList","@id":"https:\/\/www.electroluxprofessional.com\/hr\/kutak-za-sefove\/centers-of-excellence-electrolux-professional\/#breadcrumb","itemListElement":[{"@type":"ListItem","position":1,"name":"Po\u010detna stranica","item":"https:\/\/www.electroluxprofessional.com\/hr\/"},{"@type":"ListItem","position":2,"name":"Kutak za \u0161efove","item":"https:\/\/www.electroluxprofessional.com\/hr\/kutak-za-sefove\/"},{"@type":"ListItem","position":3,"name":"Electrolux Professional Centri izvrsnosti"}]},{"@type":"WebSite","@id":"https:\/\/www.electroluxprofessional.com\/hr\/#website","url":"https:\/\/www.electroluxprofessional.com\/hr\/","name":"Electrolux Professional Hrvatska","description":"","potentialAction":[{"@type":"SearchAction","target":{"@type":"EntryPoint","urlTemplate":"https:\/\/www.electroluxprofessional.com\/hr\/?src={search_term_string}"},"query-input":"required name=search_term_string"}],"inLanguage":"hr"}]}},"_links":{"self":[{"href":"https:\/\/www.electroluxprofessional.com\/hr\/wp-json\/wp\/v2\/pages\/4703"}],"collection":[{"href":"https:\/\/www.electroluxprofessional.com\/hr\/wp-json\/wp\/v2\/pages"}],"about":[{"href":"https:\/\/www.electroluxprofessional.com\/hr\/wp-json\/wp\/v2\/types\/page"}],"author":[{"embeddable":true,"href":"https:\/\/www.electroluxprofessional.com\/hr\/wp-json\/wp\/v2\/users\/8"}],"replies":[{"embeddable":true,"href":"https:\/\/www.electroluxprofessional.com\/hr\/wp-json\/wp\/v2\/comments?post=4703"}],"version-history":[{"count":6,"href":"https:\/\/www.electroluxprofessional.com\/hr\/wp-json\/wp\/v2\/pages\/4703\/revisions"}],"predecessor-version":[{"id":118890,"href":"https:\/\/www.electroluxprofessional.com\/hr\/wp-json\/wp\/v2\/pages\/4703\/revisions\/118890"}],"up":[{"embeddable":true,"href":"https:\/\/www.electroluxprofessional.com\/hr\/wp-json\/wp\/v2\/pages\/2880"}],"wp:attachment":[{"href":"https:\/\/www.electroluxprofessional.com\/hr\/wp-json\/wp\/v2\/media?parent=4703"}],"curies":[{"name":"wp","href":"https:\/\/api.w.org\/{rel}","templated":true}]}}