{"id":4601,"date":"2019-03-28T16:48:06","date_gmt":"2019-03-28T15:48:06","guid":{"rendered":"https:\/\/www.electroluxprofessional.com\/?page_id=22294"},"modified":"2025-11-06T13:33:36","modified_gmt":"2025-11-06T13:33:36","slug":"mekani-sladoled","status":"publish","type":"page","link":"https:\/\/www.electroluxprofessional.com\/hr\/rjesenja-za-napitke\/mekani-sladoled\/","title":{"rendered":"Mekani sladoled"},"content":{"rendered":"<p>[vc_row full_width=&#8221;electroluxpro-full-width-no-padding&#8221;][vc_column][elx_image_block background_image=&#8221;4596&#8243; minimum_height=&#8221;350px&#8221;][vc_empty_space][\/vc_column][\/vc_row][vc_row][vc_column][elx_heading font_container=&#8221;h1&#8243; font_size=&#8221;h3&#8243; text_color=&#8221;electrolux-blue&#8221; text_align=&#8221;text-left&#8221;]Mekani sladoled[\/elx_heading][vc_column_text]Zahvaljuju\u0107i malenim, tihim i mo\u0107nim ure\u0111ajima za to\u010deni sladoled, Va\u0161e \u0107e poslovanje do\u017eivjeti procvat.[\/vc_column_text][\/vc_column][\/vc_row][vc_row][vc_column width=&#8221;1\/2&#8243;][vc_row_inner][vc_column_inner width=&#8221;1\/4&#8243;][vc_single_image image=&#8221;4529&#8243; img_size=&#8221;68&#215;68&#8243; alignment=&#8221;right&#8221;][\/vc_column_inner][vc_column_inner width=&#8221;3\/4&#8243;][elx_heading font_container=&#8221;h3&#8243; font_size=&#8221;h3&#8243; text_color=&#8221;inherit&#8221; text_align=&#8221;text-left&#8221;]U\u010dinkovitost u doziranju proizvoda[\/elx_heading][vc_column_text]Savr\u0161en proizvod svaki put[\/vc_column_text][\/vc_column_inner][\/vc_row_inner][\/vc_column][vc_column width=&#8221;1\/2&#8243;][vc_row_inner][vc_column_inner width=&#8221;1\/4&#8243;][vc_single_image image=&#8221;4598&#8243; img_size=&#8221;68&#215;68&#8243; alignment=&#8221;right&#8221;][\/vc_column_inner][vc_column_inner width=&#8221;3\/4&#8243;][elx_heading font_container=&#8221;h3&#8243; font_size=&#8221;h3&#8243; text_color=&#8221;inherit&#8221; text_align=&#8221;text-left&#8221;]Tihi i kompaktni[\/elx_heading][vc_column_text]Savr\u0161eni za male prostore[\/vc_column_text][\/vc_column_inner][\/vc_row_inner][\/vc_column][\/vc_row][vc_row][vc_column][vc_empty_space height=&#8221;15px&#8221;][\/vc_column][\/vc_row][vc_row][vc_column width=&#8221;1\/2&#8243;][elx_heading font_size=&#8221;h3&#8243; text_color=&#8221;electrolux-blue&#8221; text_align=&#8221;text-left&#8221;]Ure\u0111aji za to\u010deni sladoled, do 85 korneta na sat[\/elx_heading][elx_heading font_container=&#8221;h3&#8243; font_size=&#8221;h5&#8243; text_color=&#8221;electrolux-blue&#8221; text_align=&#8221;text-left&#8221;]Profesionalnost i u\u0161teda prostora[\/elx_heading][vc_column_text]Razvijaju\u0107i ovu novu liniju proizvoda za <strong>sladoled i smrznuti jogurt<\/strong>, Electrolux Professional je stvorio <strong>kompaktnu<\/strong> liniju proizvoda za upotrebu na malim radnim povr\u0161inama. Osim \u0161to je <strong>jednostavan za upotrebu<\/strong>, prakti\u010dan i pouzdan, na\u0161 je ure\u0111aj za to\u010deni sladoled <strong>tih<\/strong> i <strong>lako se \u010disti<\/strong>. Dostupna je gravitacijska ina\u010dica i ina\u010dica s pumpom.[\/vc_column_text][vc_empty_space height=&#8221;50px&#8221;][\/vc_column][vc_column width=&#8221;1\/2&#8243;][vc_empty_space][vc_single_image image=&#8221;4599&#8243; img_size=&#8221;medium&#8221; alignment=&#8221;center&#8221;][\/vc_column][\/vc_row][vc_row][vc_column][vc_empty_space][\/vc_column][\/vc_row][vc_row][vc_column width=&#8221;1\/2&#8243;][elx_heading font_size=&#8221;h3&#8243; text_color=&#8221;electrolux-blue&#8221; text_align=&#8221;text-left&#8221;]Ure\u0111aji za to\u010deni sladoled, do 150 korneta na sat[\/elx_heading][elx_heading font_container=&#8221;h3&#8243; font_size=&#8221;h5&#8243; text_color=&#8221;electrolux-blue&#8221; text_align=&#8221;text-left&#8221;]Kvalitetan to\u010deni sladoled za prometne lokacije[\/elx_heading][vc_column_text]Ure\u0111aji iz ove linije jedni su od <strong>najmanjih i najekonomi\u010dnijih<\/strong> na tr\u017ei\u0161tu. Zahvaljuju\u0107i inovativnu hla\u0111enu lijevku, zajam\u010dena je visoka produktivnost bez gubitka na kvaliteti.<br \/>\nIzaberite izme\u0111u dva sustava doziranja: <strong>gravitacijskoga<\/strong> ili <strong>s pumpom<\/strong>.[\/vc_column_text][vc_empty_space height=&#8221;50px&#8221;][\/vc_column][vc_column width=&#8221;1\/2&#8243;][vc_empty_space][vc_single_image image=&#8221;4600&#8243; img_size=&#8221;medium&#8221; alignment=&#8221;center&#8221;][\/vc_column][\/vc_row][vc_row][vc_column][vc_empty_space height=&#8221;15px&#8221;][\/vc_column][\/vc_row][vc_row][vc_column][vc_empty_space height=&#8221;42px&#8221;]<div class=\"com21-product-filter-container 51\">[\/vc_column][\/vc_row][vc_row css=&#8221;.vc_custom_1516904946877{border-top-width: 1px !important;background-color: #ffffff !important;border-top-color: #eeeeee !important;border-top-style: solid !important;}&#8221;][vc_column reveal_effect=&#8221;&#8221;][vc_empty_space height=&#8221;80px&#8221;][elx_heading font_size=&#8221;h3&#8243; text_color=&#8221;inherit&#8221; text_align=&#8221;text-left&#8221;]Otkrijte vi\u0161e o na\u0161im ure\u0111ajima za to\u010deni sladoled[\/elx_heading][elx_o2000_contact_us s=&#8221;Zahtjev za informacijama o ure\u0111ajima za mekani sladoled.&#8221; country=&#8221;Croatia&#8221; r=&#8221;Htjela\/Htio bih znati vi\u0161e o ure\u0111ajima za mekani sladoled. Molim vas stupite u kontakt sa mnom.&#8221; l=&#8221;hr&#8221; e=&#8221;nikola.vidak@electroluxprofessional.com&#8221;][\/vc_column][\/vc_row][vc_row][vc_column][vc_empty_space height=&#8221;100px&#8221;][elx_heading font_size=&#8221;h3&#8243; text_color=&#8221;inherit&#8221; text_align=&#8221;text-left&#8221;]Find your complete solution[\/elx_heading][\/vc_column][\/vc_row][vc_row][vc_column width=&#8221;1\/3&#8243;][elx_maylike_box id_box=&#8221;2799&#8243;][\/vc_column][vc_column width=&#8221;1\/3&#8243;][elx_maylike_box id_box=&#8221;2802&#8243;][\/vc_column][vc_column width=&#8221;1\/3&#8243;][elx_maylike_box id_box=&#8221;2808&#8243;][\/vc_column][\/vc_row]<\/p>\n","protected":false},"excerpt":{"rendered":"<p>[vc_row full_width=&#8221;electroluxpro-full-width-no-padding&#8221;][vc_column][elx_image_block background_image=&#8221;4596&#8243; minimum_height=&#8221;350px&#8221;][vc_empty_space][\/vc_column][\/vc_row][vc_row][vc_column][elx_heading font_container=&#8221;h1&#8243; font_size=&#8221;h3&#8243; text_color=&#8221;electrolux-blue&#8221; text_align=&#8221;text-left&#8221;]Mekani sladoled[\/elx_heading][vc_column_text]Zahvaljuju\u0107i malenim, tihim i mo\u0107nim ure\u0111ajima za to\u010deni sladoled, Va\u0161e \u0107e poslovanje do\u017eivjeti procvat.[\/vc_column_text][\/vc_column][\/vc_row][vc_row][vc_column width=&#8221;1\/2&#8243;][vc_row_inner][vc_column_inner width=&#8221;1\/4&#8243;][vc_single_image image=&#8221;4529&#8243; img_size=&#8221;68&#215;68&#8243; alignment=&#8221;right&#8221;][\/vc_column_inner][vc_column_inner width=&#8221;3\/4&#8243;][elx_heading font_container=&#8221;h3&#8243; font_size=&#8221;h3&#8243; text_color=&#8221;inherit&#8221; text_align=&#8221;text-left&#8221;]U\u010dinkovitost u doziranju proizvoda[\/elx_heading][vc_column_text]Savr\u0161en proizvod svaki put[\/vc_column_text][\/vc_column_inner][\/vc_row_inner][\/vc_column][vc_column width=&#8221;1\/2&#8243;][vc_row_inner][vc_column_inner width=&#8221;1\/4&#8243;][vc_single_image image=&#8221;4598&#8243; img_size=&#8221;68&#215;68&#8243; alignment=&#8221;right&#8221;][\/vc_column_inner][vc_column_inner width=&#8221;3\/4&#8243;][elx_heading font_container=&#8221;h3&#8243; font_size=&#8221;h3&#8243; text_color=&#8221;inherit&#8221; text_align=&#8221;text-left&#8221;]Tihi i kompaktni[\/elx_heading][vc_column_text]Savr\u0161eni za male prostore[\/vc_column_text][\/vc_column_inner][\/vc_row_inner][\/vc_column][\/vc_row][vc_row][vc_column][vc_empty_space height=&#8221;15px&#8221;][\/vc_column][\/vc_row][vc_row][vc_column width=&#8221;1\/2&#8243;][elx_heading [&hellip;]<\/p>\n","protected":false},"author":8,"featured_media":0,"parent":4848,"menu_order":0,"comment_status":"closed","ping_status":"closed","template":"","meta":{"footnotes":""},"class_list":["post-4601","page","type-page","status-publish","hentry"],"acf":[],"yoast_head":"<!-- This site is optimized with the Yoast SEO plugin v23.3 - https:\/\/yoast.com\/wordpress\/plugins\/seo\/ -->\n<title>Mekani sladoled - Electrolux Professional Hrvatska<\/title>\n<meta name=\"description\" content=\"Zahvaljuju\u0107i malenim, tihim i mo\u0107nim ure\u0111ajima za mekani sladoled, va\u0161e \u0107e poslovanje do\u017eivjeti procvat. Istra\u017eite asortiman kompaktnih, stolnih ure\u0111aja za poslu\u017eivanje sladoleda i zamrznutog jogurta tvrtke Electrolux Professional.\" \/>\n<meta name=\"robots\" content=\"index, follow, max-snippet:-1, max-image-preview:large, max-video-preview:-1\" \/>\n<link rel=\"canonical\" href=\"https:\/\/www.electroluxprofessional.com\/hr\/rjesenja-za-napitke\/mekani-sladoled\/\" \/>\n<meta property=\"og:locale\" content=\"hr_HR\" \/>\n<meta property=\"og:type\" content=\"article\" \/>\n<meta property=\"og:title\" content=\"Mekani sladoled - Electrolux Professional Hrvatska\" \/>\n<meta property=\"og:description\" content=\"Zahvaljuju\u0107i malenim, tihim i mo\u0107nim ure\u0111ajima za mekani sladoled, va\u0161e \u0107e poslovanje do\u017eivjeti procvat. Istra\u017eite asortiman kompaktnih, stolnih ure\u0111aja za poslu\u017eivanje sladoleda i zamrznutog jogurta tvrtke Electrolux Professional.\" \/>\n<meta property=\"og:url\" content=\"https:\/\/www.electroluxprofessional.com\/hr\/rjesenja-za-napitke\/mekani-sladoled\/\" \/>\n<meta property=\"og:site_name\" content=\"Electrolux Professional Hrvatska\" \/>\n<meta property=\"article:modified_time\" content=\"2025-11-06T13:33:36+00:00\" \/>\n<meta name=\"twitter:card\" content=\"summary_large_image\" \/>\n<meta name=\"twitter:label1\" content=\"Procijenjeno vrijeme \u010ditanja\" \/>\n\t<meta name=\"twitter:data1\" content=\"2 minute\" \/>\n<script type=\"application\/ld+json\" class=\"yoast-schema-graph\">{\"@context\":\"https:\/\/schema.org\",\"@graph\":[{\"@type\":\"WebPage\",\"@id\":\"https:\/\/www.electroluxprofessional.com\/hr\/rjesenja-za-napitke\/mekani-sladoled\/\",\"url\":\"https:\/\/www.electroluxprofessional.com\/hr\/rjesenja-za-napitke\/mekani-sladoled\/\",\"name\":\"Mekani sladoled - Electrolux Professional Hrvatska\",\"isPartOf\":{\"@id\":\"https:\/\/www.electroluxprofessional.com\/hr\/#website\"},\"datePublished\":\"2019-03-28T15:48:06+00:00\",\"dateModified\":\"2025-11-06T13:33:36+00:00\",\"description\":\"Zahvaljuju\u0107i malenim, tihim i mo\u0107nim ure\u0111ajima za mekani sladoled, va\u0161e \u0107e poslovanje do\u017eivjeti procvat. Istra\u017eite asortiman kompaktnih, stolnih ure\u0111aja za poslu\u017eivanje sladoleda i zamrznutog jogurta tvrtke Electrolux Professional.\",\"breadcrumb\":{\"@id\":\"https:\/\/www.electroluxprofessional.com\/hr\/rjesenja-za-napitke\/mekani-sladoled\/#breadcrumb\"},\"inLanguage\":\"hr\",\"potentialAction\":[{\"@type\":\"ReadAction\",\"target\":[\"https:\/\/www.electroluxprofessional.com\/hr\/rjesenja-za-napitke\/mekani-sladoled\/\"]}]},{\"@type\":\"BreadcrumbList\",\"@id\":\"https:\/\/www.electroluxprofessional.com\/hr\/rjesenja-za-napitke\/mekani-sladoled\/#breadcrumb\",\"itemListElement\":[{\"@type\":\"ListItem\",\"position\":1,\"name\":\"Po\u010detna stranica\",\"item\":\"https:\/\/www.electroluxprofessional.com\/hr\/\"},{\"@type\":\"ListItem\",\"position\":2,\"name\":\"Rje\u0161enja za ure\u0111aje za napitke\",\"item\":\"https:\/\/www.electroluxprofessional.com\/hr\/rjesenja-za-napitke\/\"},{\"@type\":\"ListItem\",\"position\":3,\"name\":\"Mekani sladoled\"}]},{\"@type\":\"WebSite\",\"@id\":\"https:\/\/www.electroluxprofessional.com\/hr\/#website\",\"url\":\"https:\/\/www.electroluxprofessional.com\/hr\/\",\"name\":\"Electrolux Professional Hrvatska\",\"description\":\"\",\"potentialAction\":[{\"@type\":\"SearchAction\",\"target\":{\"@type\":\"EntryPoint\",\"urlTemplate\":\"https:\/\/www.electroluxprofessional.com\/hr\/?src={search_term_string}\"},\"query-input\":\"required name=search_term_string\"}],\"inLanguage\":\"hr\"}]}<\/script>\n<!-- \/ Yoast SEO plugin. -->","yoast_head_json":{"title":"Mekani sladoled - Electrolux Professional Hrvatska","description":"Zahvaljuju\u0107i malenim, tihim i mo\u0107nim ure\u0111ajima za mekani sladoled, va\u0161e \u0107e poslovanje do\u017eivjeti procvat. Istra\u017eite asortiman kompaktnih, stolnih ure\u0111aja za poslu\u017eivanje sladoleda i zamrznutog jogurta tvrtke Electrolux Professional.","robots":{"index":"index","follow":"follow","max-snippet":"max-snippet:-1","max-image-preview":"max-image-preview:large","max-video-preview":"max-video-preview:-1"},"canonical":"https:\/\/www.electroluxprofessional.com\/hr\/rjesenja-za-napitke\/mekani-sladoled\/","og_locale":"hr_HR","og_type":"article","og_title":"Mekani sladoled - Electrolux Professional Hrvatska","og_description":"Zahvaljuju\u0107i malenim, tihim i mo\u0107nim ure\u0111ajima za mekani sladoled, va\u0161e \u0107e poslovanje do\u017eivjeti procvat. Istra\u017eite asortiman kompaktnih, stolnih ure\u0111aja za poslu\u017eivanje sladoleda i zamrznutog jogurta tvrtke Electrolux Professional.","og_url":"https:\/\/www.electroluxprofessional.com\/hr\/rjesenja-za-napitke\/mekani-sladoled\/","og_site_name":"Electrolux Professional Hrvatska","article_modified_time":"2025-11-06T13:33:36+00:00","twitter_card":"summary_large_image","twitter_misc":{"Procijenjeno vrijeme \u010ditanja":"2 minute"},"schema":{"@context":"https:\/\/schema.org","@graph":[{"@type":"WebPage","@id":"https:\/\/www.electroluxprofessional.com\/hr\/rjesenja-za-napitke\/mekani-sladoled\/","url":"https:\/\/www.electroluxprofessional.com\/hr\/rjesenja-za-napitke\/mekani-sladoled\/","name":"Mekani sladoled - Electrolux Professional Hrvatska","isPartOf":{"@id":"https:\/\/www.electroluxprofessional.com\/hr\/#website"},"datePublished":"2019-03-28T15:48:06+00:00","dateModified":"2025-11-06T13:33:36+00:00","description":"Zahvaljuju\u0107i malenim, tihim i mo\u0107nim ure\u0111ajima za mekani sladoled, va\u0161e \u0107e poslovanje do\u017eivjeti procvat. Istra\u017eite asortiman kompaktnih, stolnih ure\u0111aja za poslu\u017eivanje sladoleda i zamrznutog jogurta tvrtke Electrolux Professional.","breadcrumb":{"@id":"https:\/\/www.electroluxprofessional.com\/hr\/rjesenja-za-napitke\/mekani-sladoled\/#breadcrumb"},"inLanguage":"hr","potentialAction":[{"@type":"ReadAction","target":["https:\/\/www.electroluxprofessional.com\/hr\/rjesenja-za-napitke\/mekani-sladoled\/"]}]},{"@type":"BreadcrumbList","@id":"https:\/\/www.electroluxprofessional.com\/hr\/rjesenja-za-napitke\/mekani-sladoled\/#breadcrumb","itemListElement":[{"@type":"ListItem","position":1,"name":"Po\u010detna stranica","item":"https:\/\/www.electroluxprofessional.com\/hr\/"},{"@type":"ListItem","position":2,"name":"Rje\u0161enja za ure\u0111aje za napitke","item":"https:\/\/www.electroluxprofessional.com\/hr\/rjesenja-za-napitke\/"},{"@type":"ListItem","position":3,"name":"Mekani sladoled"}]},{"@type":"WebSite","@id":"https:\/\/www.electroluxprofessional.com\/hr\/#website","url":"https:\/\/www.electroluxprofessional.com\/hr\/","name":"Electrolux Professional Hrvatska","description":"","potentialAction":[{"@type":"SearchAction","target":{"@type":"EntryPoint","urlTemplate":"https:\/\/www.electroluxprofessional.com\/hr\/?src={search_term_string}"},"query-input":"required name=search_term_string"}],"inLanguage":"hr"}]}},"_links":{"self":[{"href":"https:\/\/www.electroluxprofessional.com\/hr\/wp-json\/wp\/v2\/pages\/4601"}],"collection":[{"href":"https:\/\/www.electroluxprofessional.com\/hr\/wp-json\/wp\/v2\/pages"}],"about":[{"href":"https:\/\/www.electroluxprofessional.com\/hr\/wp-json\/wp\/v2\/types\/page"}],"author":[{"embeddable":true,"href":"https:\/\/www.electroluxprofessional.com\/hr\/wp-json\/wp\/v2\/users\/8"}],"replies":[{"embeddable":true,"href":"https:\/\/www.electroluxprofessional.com\/hr\/wp-json\/wp\/v2\/comments?post=4601"}],"version-history":[{"count":8,"href":"https:\/\/www.electroluxprofessional.com\/hr\/wp-json\/wp\/v2\/pages\/4601\/revisions"}],"predecessor-version":[{"id":119011,"href":"https:\/\/www.electroluxprofessional.com\/hr\/wp-json\/wp\/v2\/pages\/4601\/revisions\/119011"}],"up":[{"embeddable":true,"href":"https:\/\/www.electroluxprofessional.com\/hr\/wp-json\/wp\/v2\/pages\/4848"}],"wp:attachment":[{"href":"https:\/\/www.electroluxprofessional.com\/hr\/wp-json\/wp\/v2\/media?parent=4601"}],"curies":[{"name":"wp","href":"https:\/\/api.w.org\/{rel}","templated":true}]}}