{"id":4593,"date":"2019-03-28T17:06:27","date_gmt":"2019-03-28T16:06:27","guid":{"rendered":"https:\/\/www.electroluxprofessional.com\/?page_id=22169"},"modified":"2025-11-06T13:32:19","modified_gmt":"2025-11-06T13:32:19","slug":"uredaji-za-tocenje-toplih-napitaka","status":"publish","type":"page","link":"https:\/\/www.electroluxprofessional.com\/hr\/rjesenja-za-napitke\/uredaji-za-tocenje-toplih-napitaka\/","title":{"rendered":"Ure\u0111aji za to\u010denje toplih napitaka"},"content":{"rendered":"<p>[vc_row full_width=&#8221;electroluxpro-full-width-no-padding&#8221;][vc_column][elx_image_block background_image=&#8221;4586&#8243; minimum_height=&#8221;350px&#8221;][vc_empty_space][\/vc_column][\/vc_row][vc_row][vc_column width=&#8221;2\/3&#8243;][elx_heading font_container=&#8221;h1&#8243; font_size=&#8221;h3&#8243; text_color=&#8221;inherit&#8221;]Ure\u0111aji za to\u010denje toplih napitaka[\/elx_heading][vc_column_text]Iskustvo konzumacije toploga napitka koje nas ispunjava zadovoljstvom i nadahnu\u0107em, u rano jutro, kasno poslijepodne ili u bilo koje drugo vrijeme.[\/vc_column_text][\/vc_column][vc_column width=&#8221;1\/3&#8243;][elx_heading text_color=&#8221;inherit&#8221;]Preuzmite bro\u0161uru[\/elx_heading][elx_download_block text=&#8221;Katalog rje\u0161enja<br \/>\nza napitke&#8221; link=&#8221;http:\/\/files.professional.electrolux.com\/docs\/?n=BR-9JE00131&amp;b=5&amp;l=1&#8243; background_color=&#8221;orange&#8221; background_image=&#8221;4587&#8243;][\/vc_column][\/vc_row][vc_row][vc_column width=&#8221;2\/3&#8243;][elx_heading font_size=&#8221;h3&#8243; text_color=&#8221;electrolux-blue&#8221; text_align=&#8221;text-left&#8221;]Ure\u0111aji za to\u010denje<br \/>\ninstant-napitaka<br \/>\n[\/elx_heading][elx_heading font_container=&#8221;h3&#8243; font_size=&#8221;h5&#8243; text_color=&#8221;electrolux-blue&#8221; text_align=&#8221;text-left&#8221;]Kvalitetni topli napitci nadohvat ruke[\/elx_heading][vc_column_text]Prakti\u010dna <strong>rje\u0161enja za napitke od topivih pra\u0161aka<\/strong> koja je lako upotrebljavati i odr\u017eavati.<br \/>\n<strong>Prednja plo\u010da s pozadinskom rasvjetom<\/strong> koja privla\u010di pogled i pove\u0107ava vidljivost Va\u0161e ponude napitaka.<br \/>\nUre\u0111aj se uklapa u svako okru\u017eje i dodaje vrijednost Va\u0161emu poslovanju.[\/vc_column_text][\/vc_column][vc_column width=&#8221;1\/3&#8243;][vc_single_image image=&#8221;4591&#8243; img_size=&#8221;full&#8221; alignment=&#8221;right&#8221;][\/vc_column][\/vc_row][vc_row][vc_column][vc_empty_space height=&#8221;42px&#8221;][\/vc_column][\/vc_row][vc_row full_width=&#8221;electroluxpro-full-width-no-padding&#8221; css=&#8221;.vc_custom_1553177212648{background-image: url(https:\/\/www.electroluxprofessional.com\/hr\/wp-content\/uploads\/2018\/01\/hot-beverage-dispensers-coffee-cups-2000.jpg?id=14636) !important;background-position: center !important;background-repeat: no-repeat !important;background-size: cover !important;}&#8221;][vc_column][vc_empty_space height=&#8221;300px&#8221;][\/vc_column][\/vc_row][vc_row][vc_column][vc_empty_space height=&#8221;60px&#8221;][\/vc_column][\/vc_row][vc_row][vc_column width=&#8221;3\/4&#8243;][elx_heading font_size=&#8221;h3&#8243; text_color=&#8221;inherit&#8221;]Ure\u0111aji za to\u010denje vru\u0107e \u010dokolade[\/elx_heading][elx_heading font_container=&#8221;h3&#8243; font_size=&#8221;h5&#8243; text_color=&#8221;inherit&#8221;]Va\u0161e \u010dokoladno iskustvo zapo\u010dinje ovdje.[\/elx_heading][vc_column_text]Budu\u0107i da su <strong>lagani, kompaktni i funkcionalni<\/strong>, na\u0161i se ure\u0111aji lako pomi\u010du i \u010diste.<br \/>\nProbajte na\u0161u vru\u0107u \u010dokoladu za to\u010denje.[\/vc_column_text][vc_empty_space][\/vc_column][vc_column width=&#8221;1\/4&#8243;][vc_single_image image=&#8221;4592&#8243; img_size=&#8221;full&#8221;][\/vc_column][\/vc_row][vc_row][vc_column][vc_empty_space height=&#8221;60px&#8221;][\/vc_column][\/vc_row][vc_row][vc_column width=&#8221;1\/3&#8243;][elx_image_block background_image=&#8221;4588&#8243; minimum_height=&#8221;360px&#8221;][\/vc_column][vc_column width=&#8221;1\/3&#8243;][elx_image_block background_image=&#8221;4589&#8243; minimum_height=&#8221;360px&#8221;][\/vc_column][vc_column width=&#8221;1\/3&#8243;][elx_image_block background_image=&#8221;4590&#8243; minimum_height=&#8221;360px&#8221;][\/vc_column][\/vc_row][vc_row][vc_column][vc_empty_space height=&#8221;50px&#8221;]<div class=\"com21-product-filter-container 75\">\n                    <!-- PROD FILTER -->\n                    \n                    <div class=\"container\">\n                        <h4 class=\"text-center\">\n                            Filter (3 Proizvodi)\n                        <\/h4>\n                    <\/div>\n                    <div class=\"specification-filter\">\n                        <div class=\"toggle-filter-container\">\n                            <div class=\"container text-center\">\n                                <a href=\"#filter\" class=\"toggle-filter small-toggle\" data-target=\".category-filter\"  data-class-toggle=\"category-filter-show\" aria-pressed=\"false\" role=\"button\" id=\"open-product-features\">Filter<\/a>\n                            <\/div>\n                        <\/div>\n                        <div class=\"category-filter \">\n                            <div class=\"container\">\n                    <div class=\"row\">\n                        <div class=\"col-md-4 text-left\">\n                            <fieldset>       \n                                <h5 class=\"h6\">Linija proizvoda<\/h5>\n                                <div class=\"category-check\">\n                                    <input type=\"checkbox\" name=\"q\" id=\"q-spremnici-toplih-napitaka-gh\" data-code=\"Q\" data-value=\"Spremnici toplih napitaka- GH\" >\n                                    <label for=\"q-spremnici-toplih-napitaka-gh\">Spremnici toplih napitaka- GH<\/label>\n                                <\/div>\n                            \n                                <div class=\"category-check\">\n                                    <input type=\"checkbox\" name=\"p\" id=\"p-spremnici-tople-cokolade-ll\" data-code=\"P\" data-value=\"Spremnici tople \u010dokolade- LL\" >\n                                    <label for=\"p-spremnici-tople-cokolade-ll\">Spremnici tople \u010dokolade- LL<\/label>\n                                <\/div>\n                            \n                            <\/fieldset>\n                        <\/div><!-- end col -->\n                        <\/div>\n        \n                                <div class=\"row\">\n                                    <div class=\"col-md-6 text-left\">\n                                        <span class=\"number-of-products\"><span id=\"number-of-products\">3<\/span> Proizvodi<\/span> <a href=\"#\" class=\"btn btn-secondary-bordered\" id=\"filter-reset-btn\">Resetiraj<\/a>\n                                    <\/div>\n                                    <div class=\"col-md-6 text-right\">\n                                        <a href=\"#\" class=\"close-toggle no-pd-toggle\" data-parent=\"open-product-features\"  aria-pressed=\"true\" role=\"button\">Zatvori<\/a>\n                                    <\/div>\n                                <\/div>\n                                \n                            <\/div><!-- end container -->\n                        <\/div><!-- end category-filter -->\n                    <\/div><!-- end specification-filter -->\n        \n                    <!-- END PROD FILTER -->\n                    \n                    <!-- PROD LIST -->\n                    <div class=\"product-list container\">\n                        <!--Hidden parameters-->\n                        <input type=\"hidden\" name=\"navigation_level_1\" id=\"navigation_level_1\" value=\"\u00d6\">\n                        <input type=\"hidden\" name=\"navigation_level_2\" id=\"navigation_level_2\" value=\"A\">\n                        <input type=\"hidden\" name=\"navigation_level_3\" id=\"navigation_level_3\" value=\"\">\n                        <input type=\"hidden\" name=\"navigation_level_4\" id=\"navigation_level_4\" value=\"\">\n                        <input type=\"hidden\" name=\"filter_id\" id=\"filter_id\" value=\"75\">\n                        <input type=\"hidden\" name=\"navigation_language\" id=\"navigation_language\" value=\"5022\">\n                        <input type=\"hidden\" name=\"navigation_language_code\" id=\"navigation_language\" value=\"5022\">\n                        <input type=\"hidden\" name=\"page_id\" id=\"page_id\" value=\"4593\">\n                        <!--END Hidden parameters--><ul class=\"row\" ><li data-product-paged=\"\" class=\"anchor_tags_prod col-sm-6 col-md-3 wow fadeIn single-product-list 560018\"><div class=\"product-list-item\"><div class=\"product-content\"><a href=\"https:\/\/www.electroluxprofessional.com\/hr\/pd\/oprema-za-pripremu-pi\u0107a-i-kave\/topli-napitci\/spremnici-tople-\u010dokolade-ll\/sustavi-za-doziranje-pi\u0107a-spremnik-za-toplu-\u010dokoladu-3-l-crni-560018\/\" target=\"_blank\" ><figure><img decoding=\"async\" src=\"https:\/\/tools.electroluxprofessional.com\/Mirror\/Doc\/PH_255x255%2FPH_560018_1_1_560018.jpg\" alt=\"Sustavi za doziranje pi\u0107aSpremnik za toplu \u010dokoladu, 3 L, crni\"\/><\/figure><div class=\"product-internal\"><div class=\"product-liv\">Spremnici tople \u010dokolade- LL<\/div><h3 class=\"product-title\">Sustavi za doziranje pi\u0107a<br>Spremnik za toplu \u010dokoladu, 3 L, crni<\/h3><div class=\"product-icons\"><div class=\"product-green\"><\/div><div class=\"product-cod\"><div class=\"hidden type_code\">0<\/div>KOD <span class=\"product-code\" >560018<\/span><\/div><div class=\"product-fast\"><\/div>\n<\/div><div class=\"product-description-fast-green\"><\/div>\n<\/div><div class=\"product-actions\"><a href=\"https:\/\/www.electroluxprofessional.com\/hr\/pd\/oprema-za-pripremu-pi\u0107a-i-kave\/topli-napitci\/spremnici-tople-\u010dokolade-ll\/sustavi-za-doziranje-pi\u0107a-spremnik-za-toplu-\u010dokoladu-3-l-crni-560018\/\" class=\"btn btn-primary-blue\">Saznajte vi\u0161e<\/a><span class=\"compare-product\"><span class=\"compare-checkbox\"><span class=\"compare-checkbox-shape\"><input type=\"checkbox\" class=\"product-comparer\" id=\"prod_560018\"\/><label class=\"btn\" for=\"prod_560018\"><span class=\"label-bg\"><\/span>Usporedi<\/label><\/span><\/span><\/span><\/div><\/a><\/div><\/div><\/li><li data-product-paged=\"\" class=\"anchor_tags_prod col-sm-6 col-md-3 wow fadeIn single-product-list 560024\"><div class=\"product-list-item\"><div class=\"product-content\"><a href=\"https:\/\/www.electroluxprofessional.com\/hr\/pd\/oprema-za-pripremu-pi\u0107a-i-kave\/topli-napitci\/spremnici-toplih-napitaka-gh\/sustavi-za-doziranje-pi\u0107a-ure\u0111aj-za-tople-napitke-pra\u0161ak-2-spremnika-crni-560024\/\" target=\"_blank\" ><figure><img decoding=\"async\" src=\"https:\/\/tools.electroluxprofessional.com\/Mirror\/Doc\/PH_255x255%2FPH_560024_1_1_560024.jpg\" alt=\"Sustavi za doziranje pi\u0107aUre\u0111aj za tople napitke, pra\u0161ak, 2 spremnika, crni\"\/><\/figure><div class=\"product-internal\"><div class=\"product-liv\">Spremnici toplih napitaka- GH<\/div><h3 class=\"product-title\">Sustavi za doziranje pi\u0107a<br>Ure\u0111aj za tople napitke, pra\u0161ak, 2 spremnika, crni<\/h3><div class=\"product-icons\"><div class=\"product-green\"><\/div><div class=\"product-cod\"><div class=\"hidden type_code\">0<\/div>KOD <span class=\"product-code\" >560024<\/span><\/div><div class=\"product-fast\"><\/div>\n<\/div><div class=\"product-description-fast-green\"><\/div>\n<\/div><div class=\"product-actions\"><a href=\"https:\/\/www.electroluxprofessional.com\/hr\/pd\/oprema-za-pripremu-pi\u0107a-i-kave\/topli-napitci\/spremnici-toplih-napitaka-gh\/sustavi-za-doziranje-pi\u0107a-ure\u0111aj-za-tople-napitke-pra\u0161ak-2-spremnika-crni-560024\/\" class=\"btn btn-primary-blue\">Saznajte vi\u0161e<\/a><span class=\"compare-product\"><span class=\"compare-checkbox\"><span class=\"compare-checkbox-shape\"><input type=\"checkbox\" class=\"product-comparer\" id=\"prod_560024\"\/><label class=\"btn\" for=\"prod_560024\"><span class=\"label-bg\"><\/span>Usporedi<\/label><\/span><\/span><\/span><\/div><\/a><\/div><\/div><\/li><li data-product-paged=\"\" class=\"anchor_tags_prod col-sm-6 col-md-3 wow fadeIn single-product-list 560019\"><div class=\"product-list-item\"><div class=\"product-content\"><a href=\"https:\/\/www.electroluxprofessional.com\/hr\/pd\/oprema-za-pripremu-pi\u0107a-i-kave\/topli-napitci\/spremnici-tople-\u010dokolade-ll\/sustavi-za-doziranje-pi\u0107a-spremnik-za-toplu-\u010dokoladu-6-l-crni-560019\/\" target=\"_blank\" ><figure><img decoding=\"async\" src=\"https:\/\/tools.electroluxprofessional.com\/Mirror\/Doc\/PH_255x255%2FPH_560018_1_1_560018.jpg\" alt=\"Sustavi za doziranje pi\u0107aSpremnik za toplu \u010dokoladu,  6 L, crni\"\/><\/figure><div class=\"product-internal\"><div class=\"product-liv\">Spremnici tople \u010dokolade- LL<\/div><h3 class=\"product-title\">Sustavi za doziranje pi\u0107a<br>Spremnik za toplu \u010dokoladu,  6 L, crni<\/h3><div class=\"product-icons\"><div class=\"product-green\"><\/div><div class=\"product-cod\"><div class=\"hidden type_code\">0<\/div>KOD <span class=\"product-code\" >560019<\/span><\/div><div class=\"product-fast\"><\/div>\n<\/div><div class=\"product-description-fast-green\"><\/div>\n<\/div><div class=\"product-actions\"><a href=\"https:\/\/www.electroluxprofessional.com\/hr\/pd\/oprema-za-pripremu-pi\u0107a-i-kave\/topli-napitci\/spremnici-tople-\u010dokolade-ll\/sustavi-za-doziranje-pi\u0107a-spremnik-za-toplu-\u010dokoladu-6-l-crni-560019\/\" class=\"btn btn-primary-blue\">Saznajte vi\u0161e<\/a><span class=\"compare-product\"><span class=\"compare-checkbox\"><span class=\"compare-checkbox-shape\"><input type=\"checkbox\" class=\"product-comparer\" id=\"prod_560019\"\/><label class=\"btn\" for=\"prod_560019\"><span class=\"label-bg\"><\/span>Usporedi<\/label><\/span><\/span><\/span><\/div><\/a><\/div><\/div><\/li>\n                        <\/ul>\n                        <div class=\"text-center more-products\">\n                        <\/div>\n                    <\/div>\n                    <!-- END PRODUCT LIST -->\n                    <\/div>\n                    <!-- END PRODUCT LIST -->[\/vc_column][\/vc_row][vc_row css=&#8221;.vc_custom_1516904946877{border-top-width: 1px !important;background-color: #ffffff !important;border-top-color: #eeeeee !important;border-top-style: solid !important;}&#8221;][vc_column reveal_effect=&#8221;&#8221;][vc_empty_space height=&#8221;80px&#8221;][elx_heading font_size=&#8221;h3&#8243; text_color=&#8221;inherit&#8221; text_align=&#8221;text-left&#8221;]Otkrijte vi\u0161e o ure\u0111ajima za to\u010denje toplih napitaka[\/elx_heading][elx_o2000_contact_us r=&#8221;Htjela\/Htio bih znati vi\u0161e o ure\u0111ajima za to\u010denje toplih napitaka. Molim vas stupite u kontakt sa mnom. Hvala.&#8221; s=&#8221;Zahtjev za informacijama o ure\u0111ajima za to\u010denje toplih napitaka&#8221; e=&#8221;nikola.vidak@electroluxprofessional.com&#8221; country=&#8221;Croatia&#8221; l=&#8221;hr&#8221;][\/vc_column][\/vc_row][vc_row][vc_column][vc_empty_space height=&#8221;100px&#8221;][elx_heading font_size=&#8221;h3&#8243; text_color=&#8221;inherit&#8221; text_align=&#8221;text-left&#8221;]Prona\u0111ite potpuno rje\u0161enje![\/elx_heading][\/vc_column][\/vc_row][vc_row][vc_column width=&#8221;1\/3&#8243;][elx_maylike_box id_box=&#8221;2799&#8243;][\/vc_column][vc_column width=&#8221;1\/3&#8243;][elx_maylike_box id_box=&#8221;2802&#8243;][\/vc_column][vc_column width=&#8221;1\/3&#8243;][elx_maylike_box id_box=&#8221;2808&#8243;][\/vc_column][\/vc_row]<\/p>\n","protected":false},"excerpt":{"rendered":"<p>[vc_row full_width=&#8221;electroluxpro-full-width-no-padding&#8221;][vc_column][elx_image_block background_image=&#8221;4586&#8243; minimum_height=&#8221;350px&#8221;][vc_empty_space][\/vc_column][\/vc_row][vc_row][vc_column width=&#8221;2\/3&#8243;][elx_heading font_container=&#8221;h1&#8243; font_size=&#8221;h3&#8243; text_color=&#8221;inherit&#8221;]Ure\u0111aji za to\u010denje toplih napitaka[\/elx_heading][vc_column_text]Iskustvo konzumacije toploga napitka koje nas ispunjava zadovoljstvom i nadahnu\u0107em, u rano jutro, kasno poslijepodne ili u bilo koje drugo vrijeme.[\/vc_column_text][\/vc_column][vc_column width=&#8221;1\/3&#8243;][elx_heading text_color=&#8221;inherit&#8221;]Preuzmite bro\u0161uru[\/elx_heading][elx_download_block text=&#8221;Katalog rje\u0161enja za napitke&#8221; link=&#8221;http:\/\/files.professional.electrolux.com\/docs\/?n=BR-9JE00131&amp;b=5&amp;l=1&#8243; background_color=&#8221;orange&#8221; background_image=&#8221;4587&#8243;][\/vc_column][\/vc_row][vc_row][vc_column width=&#8221;2\/3&#8243;][elx_heading font_size=&#8221;h3&#8243; text_color=&#8221;electrolux-blue&#8221; text_align=&#8221;text-left&#8221;]Ure\u0111aji za to\u010denje instant-napitaka [\/elx_heading][elx_heading font_container=&#8221;h3&#8243; font_size=&#8221;h5&#8243; text_color=&#8221;electrolux-blue&#8221; text_align=&#8221;text-left&#8221;]Kvalitetni topli [&hellip;]<\/p>\n","protected":false},"author":8,"featured_media":0,"parent":4848,"menu_order":0,"comment_status":"closed","ping_status":"closed","template":"","meta":{"footnotes":""},"class_list":["post-4593","page","type-page","status-publish","hentry"],"acf":[],"yoast_head":"<!-- This site is optimized with the Yoast SEO plugin v23.3 - https:\/\/yoast.com\/wordpress\/plugins\/seo\/ -->\n<title>Ure\u0111aji za to\u010denje toplih napitaka - Electrolux Professional Hrvatska<\/title>\n<meta name=\"description\" content=\"Iskustvo konzumacije toplog napitka koje nas ispunjava zadovoljstvom i nadahnu\u0107em, u rano jutro, kasno poslijepodne ili u bilo koje drugo vrijeme. Kvalitetni topli napici nadohvat ruke.\" \/>\n<meta name=\"robots\" content=\"index, follow, max-snippet:-1, max-image-preview:large, max-video-preview:-1\" \/>\n<link rel=\"canonical\" href=\"https:\/\/www.electroluxprofessional.com\/hr\/rjesenja-za-napitke\/uredaji-za-tocenje-toplih-napitaka\/\" \/>\n<meta property=\"og:locale\" content=\"hr_HR\" \/>\n<meta property=\"og:type\" content=\"article\" \/>\n<meta property=\"og:title\" content=\"Ure\u0111aji za to\u010denje toplih napitaka - Electrolux Professional Hrvatska\" \/>\n<meta property=\"og:description\" content=\"Iskustvo konzumacije toplog napitka koje nas ispunjava zadovoljstvom i nadahnu\u0107em, u rano jutro, kasno poslijepodne ili u bilo koje drugo vrijeme. Kvalitetni topli napici nadohvat ruke.\" \/>\n<meta property=\"og:url\" content=\"https:\/\/www.electroluxprofessional.com\/hr\/rjesenja-za-napitke\/uredaji-za-tocenje-toplih-napitaka\/\" \/>\n<meta property=\"og:site_name\" content=\"Electrolux Professional Hrvatska\" \/>\n<meta property=\"article:modified_time\" content=\"2025-11-06T13:32:19+00:00\" \/>\n<meta name=\"twitter:card\" content=\"summary_large_image\" \/>\n<meta name=\"twitter:label1\" content=\"Procijenjeno vrijeme \u010ditanja\" \/>\n\t<meta name=\"twitter:data1\" content=\"2 minute\" \/>\n<script type=\"application\/ld+json\" class=\"yoast-schema-graph\">{\"@context\":\"https:\/\/schema.org\",\"@graph\":[{\"@type\":\"WebPage\",\"@id\":\"https:\/\/www.electroluxprofessional.com\/hr\/rjesenja-za-napitke\/uredaji-za-tocenje-toplih-napitaka\/\",\"url\":\"https:\/\/www.electroluxprofessional.com\/hr\/rjesenja-za-napitke\/uredaji-za-tocenje-toplih-napitaka\/\",\"name\":\"Ure\u0111aji za to\u010denje toplih napitaka - Electrolux Professional Hrvatska\",\"isPartOf\":{\"@id\":\"https:\/\/www.electroluxprofessional.com\/hr\/#website\"},\"datePublished\":\"2019-03-28T16:06:27+00:00\",\"dateModified\":\"2025-11-06T13:32:19+00:00\",\"description\":\"Iskustvo konzumacije toplog napitka koje nas ispunjava zadovoljstvom i nadahnu\u0107em, u rano jutro, kasno poslijepodne ili u bilo koje drugo vrijeme. Kvalitetni topli napici nadohvat ruke.\",\"breadcrumb\":{\"@id\":\"https:\/\/www.electroluxprofessional.com\/hr\/rjesenja-za-napitke\/uredaji-za-tocenje-toplih-napitaka\/#breadcrumb\"},\"inLanguage\":\"hr\",\"potentialAction\":[{\"@type\":\"ReadAction\",\"target\":[\"https:\/\/www.electroluxprofessional.com\/hr\/rjesenja-za-napitke\/uredaji-za-tocenje-toplih-napitaka\/\"]}]},{\"@type\":\"BreadcrumbList\",\"@id\":\"https:\/\/www.electroluxprofessional.com\/hr\/rjesenja-za-napitke\/uredaji-za-tocenje-toplih-napitaka\/#breadcrumb\",\"itemListElement\":[{\"@type\":\"ListItem\",\"position\":1,\"name\":\"Po\u010detna stranica\",\"item\":\"https:\/\/www.electroluxprofessional.com\/hr\/\"},{\"@type\":\"ListItem\",\"position\":2,\"name\":\"Rje\u0161enja za ure\u0111aje za napitke\",\"item\":\"https:\/\/www.electroluxprofessional.com\/hr\/rjesenja-za-napitke\/\"},{\"@type\":\"ListItem\",\"position\":3,\"name\":\"Ure\u0111aji za to\u010denje toplih napitaka\"}]},{\"@type\":\"WebSite\",\"@id\":\"https:\/\/www.electroluxprofessional.com\/hr\/#website\",\"url\":\"https:\/\/www.electroluxprofessional.com\/hr\/\",\"name\":\"Electrolux Professional Hrvatska\",\"description\":\"\",\"potentialAction\":[{\"@type\":\"SearchAction\",\"target\":{\"@type\":\"EntryPoint\",\"urlTemplate\":\"https:\/\/www.electroluxprofessional.com\/hr\/?src={search_term_string}\"},\"query-input\":\"required name=search_term_string\"}],\"inLanguage\":\"hr\"}]}<\/script>\n<!-- \/ Yoast SEO plugin. -->","yoast_head_json":{"title":"Ure\u0111aji za to\u010denje toplih napitaka - Electrolux Professional Hrvatska","description":"Iskustvo konzumacije toplog napitka koje nas ispunjava zadovoljstvom i nadahnu\u0107em, u rano jutro, kasno poslijepodne ili u bilo koje drugo vrijeme. Kvalitetni topli napici nadohvat ruke.","robots":{"index":"index","follow":"follow","max-snippet":"max-snippet:-1","max-image-preview":"max-image-preview:large","max-video-preview":"max-video-preview:-1"},"canonical":"https:\/\/www.electroluxprofessional.com\/hr\/rjesenja-za-napitke\/uredaji-za-tocenje-toplih-napitaka\/","og_locale":"hr_HR","og_type":"article","og_title":"Ure\u0111aji za to\u010denje toplih napitaka - Electrolux Professional Hrvatska","og_description":"Iskustvo konzumacije toplog napitka koje nas ispunjava zadovoljstvom i nadahnu\u0107em, u rano jutro, kasno poslijepodne ili u bilo koje drugo vrijeme. Kvalitetni topli napici nadohvat ruke.","og_url":"https:\/\/www.electroluxprofessional.com\/hr\/rjesenja-za-napitke\/uredaji-za-tocenje-toplih-napitaka\/","og_site_name":"Electrolux Professional Hrvatska","article_modified_time":"2025-11-06T13:32:19+00:00","twitter_card":"summary_large_image","twitter_misc":{"Procijenjeno vrijeme \u010ditanja":"2 minute"},"schema":{"@context":"https:\/\/schema.org","@graph":[{"@type":"WebPage","@id":"https:\/\/www.electroluxprofessional.com\/hr\/rjesenja-za-napitke\/uredaji-za-tocenje-toplih-napitaka\/","url":"https:\/\/www.electroluxprofessional.com\/hr\/rjesenja-za-napitke\/uredaji-za-tocenje-toplih-napitaka\/","name":"Ure\u0111aji za to\u010denje toplih napitaka - Electrolux Professional Hrvatska","isPartOf":{"@id":"https:\/\/www.electroluxprofessional.com\/hr\/#website"},"datePublished":"2019-03-28T16:06:27+00:00","dateModified":"2025-11-06T13:32:19+00:00","description":"Iskustvo konzumacije toplog napitka koje nas ispunjava zadovoljstvom i nadahnu\u0107em, u rano jutro, kasno poslijepodne ili u bilo koje drugo vrijeme. Kvalitetni topli napici nadohvat ruke.","breadcrumb":{"@id":"https:\/\/www.electroluxprofessional.com\/hr\/rjesenja-za-napitke\/uredaji-za-tocenje-toplih-napitaka\/#breadcrumb"},"inLanguage":"hr","potentialAction":[{"@type":"ReadAction","target":["https:\/\/www.electroluxprofessional.com\/hr\/rjesenja-za-napitke\/uredaji-za-tocenje-toplih-napitaka\/"]}]},{"@type":"BreadcrumbList","@id":"https:\/\/www.electroluxprofessional.com\/hr\/rjesenja-za-napitke\/uredaji-za-tocenje-toplih-napitaka\/#breadcrumb","itemListElement":[{"@type":"ListItem","position":1,"name":"Po\u010detna stranica","item":"https:\/\/www.electroluxprofessional.com\/hr\/"},{"@type":"ListItem","position":2,"name":"Rje\u0161enja za ure\u0111aje za napitke","item":"https:\/\/www.electroluxprofessional.com\/hr\/rjesenja-za-napitke\/"},{"@type":"ListItem","position":3,"name":"Ure\u0111aji za to\u010denje toplih napitaka"}]},{"@type":"WebSite","@id":"https:\/\/www.electroluxprofessional.com\/hr\/#website","url":"https:\/\/www.electroluxprofessional.com\/hr\/","name":"Electrolux Professional Hrvatska","description":"","potentialAction":[{"@type":"SearchAction","target":{"@type":"EntryPoint","urlTemplate":"https:\/\/www.electroluxprofessional.com\/hr\/?src={search_term_string}"},"query-input":"required name=search_term_string"}],"inLanguage":"hr"}]}},"_links":{"self":[{"href":"https:\/\/www.electroluxprofessional.com\/hr\/wp-json\/wp\/v2\/pages\/4593"}],"collection":[{"href":"https:\/\/www.electroluxprofessional.com\/hr\/wp-json\/wp\/v2\/pages"}],"about":[{"href":"https:\/\/www.electroluxprofessional.com\/hr\/wp-json\/wp\/v2\/types\/page"}],"author":[{"embeddable":true,"href":"https:\/\/www.electroluxprofessional.com\/hr\/wp-json\/wp\/v2\/users\/8"}],"replies":[{"embeddable":true,"href":"https:\/\/www.electroluxprofessional.com\/hr\/wp-json\/wp\/v2\/comments?post=4593"}],"version-history":[{"count":4,"href":"https:\/\/www.electroluxprofessional.com\/hr\/wp-json\/wp\/v2\/pages\/4593\/revisions"}],"predecessor-version":[{"id":119007,"href":"https:\/\/www.electroluxprofessional.com\/hr\/wp-json\/wp\/v2\/pages\/4593\/revisions\/119007"}],"up":[{"embeddable":true,"href":"https:\/\/www.electroluxprofessional.com\/hr\/wp-json\/wp\/v2\/pages\/4848"}],"wp:attachment":[{"href":"https:\/\/www.electroluxprofessional.com\/hr\/wp-json\/wp\/v2\/media?parent=4593"}],"curies":[{"name":"wp","href":"https:\/\/api.w.org\/{rel}","templated":true}]}}