{"id":4473,"date":"2020-03-03T16:18:55","date_gmt":"2020-03-03T16:18:55","guid":{"rendered":"https:\/\/www.electroluxprofessional.com\/hr\/?page_id=4473"},"modified":"2026-03-09T13:33:51","modified_gmt":"2026-03-09T13:33:51","slug":"homepage-201912-2","status":"publish","type":"page","link":"https:\/\/www.electroluxprofessional.com\/hr\/","title":{"rendered":"Homepage"},"content":{"rendered":"<p>[vc_row full_width=&#8221;electroluxpro-full-width-no-padding&#8221; css=&#8221;.vc_custom_1581601446712{margin-bottom: 0px !important;}&#8221;][vc_column css=&#8221;.vc_custom_1615463758334{margin-bottom: 0px !important;}&#8221;][elx_master_slider slide_order_1=&#8221;1&#8243; title_1=&#8221;Svakodnevna izvrsnost&#8221; text_1=&#8221;e\u2011XP 700 &amp; 900<br \/>\nModularna horizontalna oprema&#8221; slide_order_2=&#8221;4&#8243; title_2=&#8221;Zimska odje\u0107a uvijek savr\u0161eno suha.&#8221; text_2=&#8221;D\u017eemperi i kaputi ostaju mekani i spremni uz na\u0161e su\u0161are u ormarima.&#8221; slide_order_3=&#8221;3&#8243; title_3=&#8221;U\u010dinkovitost na svakom koraku.&#8221; text_3=&#8221;Optimizirajte svaki proces pranja uz cjelovit sustav za skladi\u0161tenje deterd\u017eenata, dozirne pumpe i opremu.&#8221; slide_order_4=&#8221;2&#8243; title_4=&#8221;Oslobodite svoju kreativnost&#8221; text_4=&#8221;thermaline Modularna oprema 80, 85 &amp; 90&#8243; link_3=&#8221;url:https%3A%2F%2Fwww.electroluxprofessional.com%2Fhr%2Fdodaci-i-potrosni-materijal%2Fpranje-rublja%2F|title:OTKRIJTE%20VI%C5%A0E&#8221; link_4=&#8221;url:https%3A%2F%2Fwww.electroluxprofessional.com%2Fhr%2Fkuhinjska-oprema%2Fthermaline-modular-80-85-90%2F|title:OTKRIJTE%20VI%C5%A0E&#8221; background_image_media_library_4=&#8221;119668&#8243; background_image_media_library_mobile_4=&#8221;119669&#8243; background_image_media_library_3=&#8221;119677&#8243; background_image_media_library_mobile_3=&#8221;119678&#8243; link_1=&#8221;url:https%3A%2F%2Fwww.electroluxprofessional.com%2Fhr%2Fkuhinjska-oprema%2Fmodularna-kuhinjska-linija-e-xp-700-i-900%2F|title:OTKRIJTE%20VI%C5%A0E&#8221; background_image_media_library_1=&#8221;119670&#8243; background_image_media_library_mobile_1=&#8221;119671&#8243; link_2=&#8221;url:https%3A%2F%2Fwww.electroluxprofessional.com%2Fhr%2Fsusilice-s-toplinskom-pumpom%2F|title:OTKRIJTE%20VI%C5%A0E&#8221; background_image_media_library_2=&#8221;119673&#8243; background_image_media_library_mobile_2=&#8221;119674&#8243;][\/vc_column][\/vc_row][vc_row full_width=&#8221;electroluxpro-full-width-no-padding&#8221;][vc_column][elx_full_banner title=&#8221;Odr\u017eiva rje\u0161enja donose dugoro\u010dnu vrijednost&#8221; text=&#8221;Electrolux Professional is the OnE trusted partner making your work-life easier, more profitable \u2013 and truly sustainable every day.&#8221; background_source=&#8221;image-media-library&#8221; link=&#8221;url:https%3A%2F%2Fwww.electroluxprofessional.com%2Fhr%2Fodrziva-rjesenja-za-dugorocnu-vrijednost%2F|title:Electrolux%20Professional%20na%20raspolaganju%20vam%20je%20kako%20bismo%20vam%20pomogli%20prona%C4%87i%20najbolji%20put%20do%20odr%C5%BEive%20budu%C4%87nosti.&#8221; background_image_media_library=&#8221;116052&#8243; background_image_media_library_mobile=&#8221;116053&#8243;][\/vc_column][\/vc_row][vc_row][vc_column][elx_double_banner title_1=&#8221;SkyLine Cook &amp; Chill&#8221; text_1=&#8221;Savr\u0161eni duet Cook and Chill: \u0161ok hladnjak i kombinirana pe\u0107nice me\u0111usobno \u201erazgovaraju\u201c i predvi\u0111aju potrebe.&#8221; title_2=&#8221;Linija 6000 Perilice rublja&#8221; text_2=&#8221;\u0160iroka ponuda perilica rublja detaljno dizajnirana kako bi svaki korak bio jednostavan.&#8221; background_source_1=&#8221;image-media-library&#8221; background_source_2=&#8221;image-media-library&#8221; link_1=&#8221;url:https%3A%2F%2Fwww.electroluxprofessional.com%2Fhr%2Fkuhinjska-oprema%2Fkombinirane-pecnice-skyline%2F|title:Otkrijte%20vi%C5%A1e||&#8221; background_image_media_library_1=&#8221;4488&#8243; link_2=&#8221;url:https%3A%2F%2Fwww.electroluxprofessional.com%2Fhr%2Fpraonicka-oprema%2Fprofesionalne-perilice-rublja%2F|title:Otkrijte%20vi%C5%A1e||&#8221; background_image_media_library_2=&#8221;4490&#8243; background_image_media_library_mobile_1=&#8221;4489&#8243; background_image_media_library_mobile_2=&#8221;4491&#8243;][\/vc_column][\/vc_row][vc_row][vc_column][elx_double_banner title_1=&#8221;Espresso Kafe Aparati&#8221; text_1=&#8221;Dizajn i tehnologija za puni do\u017eivljaj okusa, bez obzira na veli\u010dinu tvog lokala.&#8221; title_2=&#8221;Essentia Servisni ugovori&#8221; text_2=&#8221;Prilago\u0111ena servisna ponuda kako bi va\u0161a oprema uvijek radila savr\u0161eno.&#8221; background_source_1=&#8221;image-media-library&#8221; background_source_2=&#8221;image-media-library&#8221; link_1=&#8221;url:https%3A%2F%2Fwww.electroluxprofessional.com%2Fhr%2Frjesenja-za-napitke%2Fespresso-aparati%2F|title:Otkrijte%20vi%C5%A1e||&#8221; background_image_media_library_1=&#8221;4494&#8243; link_2=&#8221;url:https%3A%2F%2Fwww.electroluxprofessional.com%2Fhr%2Fkorisnicka-podrska%2F|title:Otkrijte%20vi%C5%A1e||&#8221; background_image_media_library_2=&#8221;4496&#8243; background_image_media_library_mobile_1=&#8221;4495&#8243; background_image_media_library_mobile_2=&#8221;4497&#8243;][\/vc_column][\/vc_row][vc_row full_width=&#8221;electroluxpro-full-width-no-padding&#8221;][vc_column][elx_full_banner title=&#8221;Electrolux Professional Centri izvrsnosti&#8221; text=&#8221;Swiss design since 1871: over 100 years of production, precision and tradition&#8221; background_source=&#8221;image-media-library&#8221; link=&#8221;url:https%3A%2F%2Fwww.electroluxprofessional.com%2Fhr%2Fkutak-za-sefove%2Fcenters-of-excellence-electrolux-professional%2F|title:Posjetite%20na%C5%A1e%20izlo%C5%BEbene%20prostore||&#8221; background_image_media_library=&#8221;6560&#8243; background_image_media_library_mobile=&#8221;9600&#8243;][\/vc_column][\/vc_row][vc_row full_width=&#8221;electroluxpro-full-width-no-padding&#8221;][vc_column][elx_last_references title=&#8221;Na\u0161i klijenti&#8221;][\/vc_column][\/vc_row][vc_row full_width=&#8221;electroluxpro-full-width-no-padding&#8221;][vc_column][elx_last_news title=&#8221;Novosti iz Electrolux Professional&#8221;][\/vc_column][\/vc_row][vc_row][vc_column][elx_single_banner title=&#8221;Zaposlite se kod nas&#8221; text=&#8221;Electrolux Professional \u017eeli dobrodo\u0161licu strastvenim, timskim igra\u010dima koji su orijentirani prema na\u0161em poslovanju i poziva ih da nam se pridru\u017ee. Provjerite na\u0161e stranice sa ponudom poslova kako bi provjerili prilike koje vam se pru\u017eaju.&#8221; text_mobile=&#8221;Provjerite na\u0161e stranice sa ponudom poslova i prilike za vas.&#8221; background_source=&#8221;image-media-library&#8221; background_image_media_library=&#8221;4500&#8243; link=&#8221;url:https%3A%2F%2Fwww.electroluxprofessional.com%2Fcareer-opportunities%2F|title:Prijavi%20se||&#8221; background_image_media_library_mobile=&#8221;4501&#8243;][\/vc_column][\/vc_row][vc_row][vc_column][elx_active_banner title=&#8221;Lokacije prodaje i servisa&#8221; link=&#8221;url:https%3A%2F%2Fwww.electroluxprofessional.com%2Fhr%2Flokacije-prodaje-i-servisa%2F|title:Tra%C5%BEi||&#8221; background_image_media_library=&#8221;4502&#8243; background_image_media_library_mobile=&#8221;4503&#8243;][\/vc_column][\/vc_row][vc_row][vc_column][vc_empty_space height=&#8221;30px&#8221;][\/vc_column][\/vc_row]<\/p>\n","protected":false},"excerpt":{"rendered":"<p>[vc_row full_width=&#8221;electroluxpro-full-width-no-padding&#8221; css=&#8221;.vc_custom_1581601446712{margin-bottom: 0px !important;}&#8221;][vc_column css=&#8221;.vc_custom_1615463758334{margin-bottom: 0px !important;}&#8221;][elx_master_slider slide_order_1=&#8221;1&#8243; title_1=&#8221;Svakodnevna izvrsnost&#8221; text_1=&#8221;e\u2011XP 700 &amp; 900 Modularna horizontalna oprema&#8221; slide_order_2=&#8221;4&#8243; title_2=&#8221;Zimska odje\u0107a uvijek savr\u0161eno suha.&#8221; text_2=&#8221;D\u017eemperi i kaputi ostaju mekani i spremni uz na\u0161e su\u0161are u ormarima.&#8221; slide_order_3=&#8221;3&#8243; title_3=&#8221;U\u010dinkovitost na svakom koraku.&#8221; text_3=&#8221;Optimizirajte svaki proces pranja uz cjelovit sustav za skladi\u0161tenje deterd\u017eenata, dozirne pumpe i opremu.&#8221; [&hellip;]<\/p>\n","protected":false},"author":1,"featured_media":0,"parent":0,"menu_order":0,"comment_status":"closed","ping_status":"closed","template":"","meta":{"footnotes":""},"class_list":["post-4473","page","type-page","status-publish","hentry"],"acf":[],"yoast_head":"<!-- This site is optimized with the Yoast SEO plugin v23.3 - https:\/\/yoast.com\/wordpress\/plugins\/seo\/ -->\n<title>Electrolux Professional - Food, beverage and laundry solutions.<\/title>\n<meta name=\"description\" content=\"Electrolux Professional provides excellence in food, beverage and laundry solutions. Find out what we can do for your business.\" \/>\n<meta name=\"robots\" content=\"index, follow, max-snippet:-1, max-image-preview:large, max-video-preview:-1\" \/>\n<link rel=\"canonical\" href=\"https:\/\/www.electroluxprofessional.com\/hr\/\" \/>\n<meta property=\"og:locale\" content=\"hr_HR\" \/>\n<meta property=\"og:type\" content=\"article\" \/>\n<meta property=\"og:title\" content=\"Electrolux Professional - Food, beverage and laundry solutions.\" \/>\n<meta property=\"og:description\" content=\"Electrolux Professional provides excellence in food, beverage and laundry solutions. Find out what we can do for your business.\" \/>\n<meta property=\"og:url\" content=\"https:\/\/www.electroluxprofessional.com\/hr\/\" \/>\n<meta property=\"og:site_name\" content=\"Electrolux Professional Hrvatska\" \/>\n<meta property=\"article:modified_time\" content=\"2026-03-09T13:33:51+00:00\" \/>\n<meta name=\"twitter:card\" content=\"summary_large_image\" \/>\n<meta name=\"twitter:label1\" content=\"Procijenjeno vrijeme \u010ditanja\" \/>\n\t<meta name=\"twitter:data1\" content=\"2 minute\" \/>\n<script type=\"application\/ld+json\" class=\"yoast-schema-graph\">{\"@context\":\"https:\/\/schema.org\",\"@graph\":[{\"@type\":\"WebPage\",\"@id\":\"https:\/\/www.electroluxprofessional.com\/hr\/\",\"url\":\"https:\/\/www.electroluxprofessional.com\/hr\/\",\"name\":\"Electrolux Professional - Food, beverage and laundry solutions.\",\"isPartOf\":{\"@id\":\"https:\/\/www.electroluxprofessional.com\/hr\/#website\"},\"datePublished\":\"2020-03-03T16:18:55+00:00\",\"dateModified\":\"2026-03-09T13:33:51+00:00\",\"description\":\"Electrolux Professional provides excellence in food, beverage and laundry solutions. Find out what we can do for your business.\",\"breadcrumb\":{\"@id\":\"https:\/\/www.electroluxprofessional.com\/hr\/#breadcrumb\"},\"inLanguage\":\"hr\",\"potentialAction\":[{\"@type\":\"ReadAction\",\"target\":[\"https:\/\/www.electroluxprofessional.com\/hr\/\"]}]},{\"@type\":\"BreadcrumbList\",\"@id\":\"https:\/\/www.electroluxprofessional.com\/hr\/#breadcrumb\",\"itemListElement\":[{\"@type\":\"ListItem\",\"position\":1,\"name\":\"Po\u010detna stranica\",\"item\":\"https:\/\/www.electroluxprofessional.com\/hr\/\"},{\"@type\":\"ListItem\",\"position\":2,\"name\":\"Homepage\"}]},{\"@type\":\"WebSite\",\"@id\":\"https:\/\/www.electroluxprofessional.com\/hr\/#website\",\"url\":\"https:\/\/www.electroluxprofessional.com\/hr\/\",\"name\":\"Electrolux Professional Hrvatska\",\"description\":\"\",\"potentialAction\":[{\"@type\":\"SearchAction\",\"target\":{\"@type\":\"EntryPoint\",\"urlTemplate\":\"https:\/\/www.electroluxprofessional.com\/hr\/?src={search_term_string}\"},\"query-input\":\"required name=search_term_string\"}],\"inLanguage\":\"hr\"}]}<\/script>\n<!-- \/ Yoast SEO plugin. -->","yoast_head_json":{"title":"Electrolux Professional - Food, beverage and laundry solutions.","description":"Electrolux Professional provides excellence in food, beverage and laundry solutions. Find out what we can do for your business.","robots":{"index":"index","follow":"follow","max-snippet":"max-snippet:-1","max-image-preview":"max-image-preview:large","max-video-preview":"max-video-preview:-1"},"canonical":"https:\/\/www.electroluxprofessional.com\/hr\/","og_locale":"hr_HR","og_type":"article","og_title":"Electrolux Professional - Food, beverage and laundry solutions.","og_description":"Electrolux Professional provides excellence in food, beverage and laundry solutions. Find out what we can do for your business.","og_url":"https:\/\/www.electroluxprofessional.com\/hr\/","og_site_name":"Electrolux Professional Hrvatska","article_modified_time":"2026-03-09T13:33:51+00:00","twitter_card":"summary_large_image","twitter_misc":{"Procijenjeno vrijeme \u010ditanja":"2 minute"},"schema":{"@context":"https:\/\/schema.org","@graph":[{"@type":"WebPage","@id":"https:\/\/www.electroluxprofessional.com\/hr\/","url":"https:\/\/www.electroluxprofessional.com\/hr\/","name":"Electrolux Professional - Food, beverage and laundry solutions.","isPartOf":{"@id":"https:\/\/www.electroluxprofessional.com\/hr\/#website"},"datePublished":"2020-03-03T16:18:55+00:00","dateModified":"2026-03-09T13:33:51+00:00","description":"Electrolux Professional provides excellence in food, beverage and laundry solutions. Find out what we can do for your business.","breadcrumb":{"@id":"https:\/\/www.electroluxprofessional.com\/hr\/#breadcrumb"},"inLanguage":"hr","potentialAction":[{"@type":"ReadAction","target":["https:\/\/www.electroluxprofessional.com\/hr\/"]}]},{"@type":"BreadcrumbList","@id":"https:\/\/www.electroluxprofessional.com\/hr\/#breadcrumb","itemListElement":[{"@type":"ListItem","position":1,"name":"Po\u010detna stranica","item":"https:\/\/www.electroluxprofessional.com\/hr\/"},{"@type":"ListItem","position":2,"name":"Homepage"}]},{"@type":"WebSite","@id":"https:\/\/www.electroluxprofessional.com\/hr\/#website","url":"https:\/\/www.electroluxprofessional.com\/hr\/","name":"Electrolux Professional Hrvatska","description":"","potentialAction":[{"@type":"SearchAction","target":{"@type":"EntryPoint","urlTemplate":"https:\/\/www.electroluxprofessional.com\/hr\/?src={search_term_string}"},"query-input":"required name=search_term_string"}],"inLanguage":"hr"}]}},"_links":{"self":[{"href":"https:\/\/www.electroluxprofessional.com\/hr\/wp-json\/wp\/v2\/pages\/4473"}],"collection":[{"href":"https:\/\/www.electroluxprofessional.com\/hr\/wp-json\/wp\/v2\/pages"}],"about":[{"href":"https:\/\/www.electroluxprofessional.com\/hr\/wp-json\/wp\/v2\/types\/page"}],"author":[{"embeddable":true,"href":"https:\/\/www.electroluxprofessional.com\/hr\/wp-json\/wp\/v2\/users\/1"}],"replies":[{"embeddable":true,"href":"https:\/\/www.electroluxprofessional.com\/hr\/wp-json\/wp\/v2\/comments?post=4473"}],"version-history":[{"count":144,"href":"https:\/\/www.electroluxprofessional.com\/hr\/wp-json\/wp\/v2\/pages\/4473\/revisions"}],"predecessor-version":[{"id":118553,"href":"https:\/\/www.electroluxprofessional.com\/hr\/wp-json\/wp\/v2\/pages\/4473\/revisions\/118553"}],"wp:attachment":[{"href":"https:\/\/www.electroluxprofessional.com\/hr\/wp-json\/wp\/v2\/media?parent=4473"}],"curies":[{"name":"wp","href":"https:\/\/api.w.org\/{rel}","templated":true}]}}