{"id":4469,"date":"2018-05-09T15:33:48","date_gmt":"2018-05-09T14:33:48","guid":{"rendered":"https:\/\/www.electroluxprofessional.com\/?page_id=15376"},"modified":"2021-05-04T08:11:51","modified_gmt":"2021-05-04T08:11:51","slug":"servisni-ugovori","status":"publish","type":"page","link":"https:\/\/www.electroluxprofessional.com\/hr\/briga-o-kupcima\/servisni-ugovori\/","title":{"rendered":"Servisni ugovori"},"content":{"rendered":"<p>[vc_row full_width=&#8221;electroluxpro-full-width-no-padding&#8221;][vc_column][elx_image_block background_image=&#8221;97297&#8243; vert_back_position=&#8221;top&#8221; minimum_height=&#8221;300px&#8221;][\/vc_column][\/vc_row][vc_row][vc_column width=&#8221;2\/3&#8243;][vc_empty_space][elx_heading font_container=&#8221;h1&#8243; font_size=&#8221;h3&#8243; text_color=&#8221;inherit&#8221;]Servisni ugovori[\/elx_heading][vc_empty_space][elx_heading font_size=&#8221;h5&#8243; text_color=&#8221;inherit&#8221;]kojima mo\u017eete vjerovati[\/elx_heading][vc_column_text]Korisni\u010dka podr\u0161ka tvrtke Electrolux Professional predstavlja vam ponudu <strong>servisnih ugovora po va\u0161oj mjeri,<\/strong> koji su dizajnirani prema na\u0161im priru\u010dnicima kako bi o\u010duvali u\u010dinkovitost, dostupnost i sigurnost va\u0161e opreme istovremeno <strong>produljuju\u0107i<\/strong> <strong>njezin \u017eivotni vijek i profitabilnost<\/strong>.[\/vc_column_text][elx_heading font_container=&#8221;h3&#8243; font_size=&#8221;h5&#8243; text_color=&#8221;inherit&#8221;]Osnovni servisni paket[\/elx_heading][vc_column_text]Osnovna podr\u0161ka uklju\u010dena je za sve registrirane proizvode i pru\u017ea vam pomo\u0107 sa svim manje kriti\u010dnim pote\u0161ko\u0107ama, podr\u0161ku pomo\u0107u e-po\u0161te i telefonski tijekom radnog vremena, pristup svjetskom inventaru rezervnih dijelova i prelazak na na\u0161u sveobuhvatnu mre\u017eu terenskih usluga.[\/vc_column_text][\/vc_column][vc_column width=&#8221;1\/3&#8243;][vc_empty_space][vc_empty_space][vc_empty_space][vc_single_image image=&#8221;3850&#8243; img_size=&#8221;full&#8221;][\/vc_column][\/vc_row][vc_row][vc_column][elx_heading font_size=&#8221;h3&#8243; text_color=&#8221;inherit&#8221;]Paketi servisnih ugovora (*)[\/elx_heading][elx_heading font_container=&#8221;h3&#8243; font_size=&#8221;h5&#8243; text_color=&#8221;inherit&#8221;](*) Ovisno o lokalnoj raspolo\u017eivosti[\/elx_heading][vc_empty_space height=&#8221;50px&#8221;][\/vc_column][\/vc_row][vc_row][vc_column width=&#8221;1\/3&#8243;][vc_empty_space css=&#8221;.vc_custom_1519742058383{background-color: #9fb5ba !important;}&#8221;][elx_heading font_container=&#8221;h3&#8243; font_size=&#8221;h3&#8243; text_color=&#8221;electrolux-blue&#8221; css=&#8221;.vc_custom_1582922565062{background-color: #041e41 !important;}&#8221;]U\u010dinkovitost[\/elx_heading][elx_heading font_container=&#8221;h4&#8243; font_size=&#8221;h5&#8243; text_color=&#8221;electrolux-blue&#8221;]Povisite svoje standarde[\/elx_heading][vc_column_text]Smanjite neplanirane zastoje, odr\u017eite uvjete jamstva i optimalnu operativnu u\u010dinkovitost.[\/vc_column_text][\/vc_column][vc_column width=&#8221;1\/3&#8243;][vc_empty_space css=&#8221;.vc_custom_1519742117220{background-color: #666765 !important;}&#8221;][elx_heading font_container=&#8221;h3&#8243; font_size=&#8221;h3&#8243; text_color=&#8221;electrolux-blue&#8221;]Vrhunsko[\/elx_heading][elx_heading font_container=&#8221;h4&#8243; font_size=&#8221;h5&#8243; text_color=&#8221;inherit&#8221;]Jo\u0161 vi\u0161e za vas[\/elx_heading][vc_column_text]Produljite jamstvo za rezervne dijelove i tro\u0161kove rada zahvaljuju\u0107i br\u017eemu odazivu i intervencijama na terenu te dodatnome popustu na dodatnu opremu i potro\u0161ne materijale.[\/vc_column_text][\/vc_column][vc_column width=&#8221;1\/3&#8243;][vc_empty_space css=&#8221;.vc_custom_1519742137766{background-color: #bc8c47 !important;}&#8221;][elx_heading font_size=&#8221;h3&#8243; text_color=&#8221;electrolux-blue&#8221;]Izvrsnost[\/elx_heading][elx_heading font_container=&#8221;h4&#8243; font_size=&#8221;h5&#8243; text_color=&#8221;inherit&#8221; css=&#8221;.vc_custom_1582922660525{background-image: url(https:\/\/www.electroluxprofessional.com\/hr\/wp-content\/uploads\/2018\/02\/Excellence.jpg?id=15451) !important;}&#8221;]Ostavite brige iza sebe[\/elx_heading][vc_column_text]Pru\u017eamo sveobuhvatan program odr\u017eavanja i usluga po fiksnoj cijeni.[\/vc_column_text][\/vc_column][\/vc_row][vc_row][vc_column][elx_heading font_size=&#8221;h3&#8243; text_color=&#8221;inherit&#8221;]Pridru\u017eite se na\u0161im paketima servisnih ugovora[\/elx_heading][elx_o2000_contact_us r=&#8221;Htjela\/Htio bih znati vi\u0161e o Essentia servisnim ugovorima. Molim vas stupite u kontakt sa mnom.&#8221; s=&#8221;Zahtjev za informacijama o Essentia servisnim ugovorima.&#8221; country=&#8221;Croatia&#8221; l=&#8221;hr&#8221; container=&#8221;elxcontactus1484293813&#8243;][\/vc_column][\/vc_row][vc_row][vc_column][elx_heading font_size=&#8221;h3&#8243; text_color=&#8221;inherit&#8221;]kojima mo\u017eete vjerovati.[\/elx_heading][vc_column_text]Brinemo se o vama kako biste se vi mogli brinuti o svojemu poslovanju.[\/vc_column_text][\/vc_column][\/vc_row][vc_row][vc_column width=&#8221;1\/3&#8243;][elx_download_block text=&#8221;Bro\u0161ura o servisnim ugovorima&#8221; link=&#8221;https:\/\/files.professional.electrolux.com\/docs\/?n=CLF-9JE00193&amp;b=5&amp;l=1&#8243; background_color=&#8221;electrolux-blue&#8221;][\/vc_column][vc_column width=&#8221;1\/3&#8243;][elx_download_block text=&#8221;Letak o servisnim ugovorima&#8221; link=&#8221;https:\/\/files.professional.electrolux.com\/docs\/?n=CLF-9JE00192&amp;b=5&amp;l=1&#8243; background_color=&#8221;electrolux-blue&#8221;][\/vc_column][vc_column width=&#8221;1\/3&#8243;][elx_download_block text=&#8221;Razglednica o servisnim ugovorima&#8221; link=&#8221;https:\/\/files.professional.electrolux.com\/docs\/?n=CLF-9JE00186&amp;b=5&amp;l=1&#8243; background_color=&#8221;electrolux-blue&#8221;][\/vc_column][\/vc_row][vc_row][vc_column][vc_empty_space][\/vc_column][\/vc_row][vc_row css=&#8221;.vc_custom_1525876248980{background-color: #eeeeee !important;}&#8221;][vc_column][elx_heading font_size=&#8221;h3&#8243; text_color=&#8221;inherit&#8221;]Saznajte vi\u0161e o cjelovitome rje\u0161enju[\/elx_heading][vc_empty_space][\/vc_column][\/vc_row][vc_row css=&#8221;.vc_custom_1525876257702{background-color: #eeeeee !important;}&#8221;][vc_column width=&#8221;1\/3&#8243;][elx_maylike_box id_box=&#8221;4468&#8243;][\/vc_column][vc_column width=&#8221;1\/3&#8243;][\/vc_column][vc_column width=&#8221;1\/3&#8243;][\/vc_column][\/vc_row]<\/p>\n","protected":false},"excerpt":{"rendered":"<p>[vc_row full_width=&#8221;electroluxpro-full-width-no-padding&#8221;][vc_column][elx_image_block background_image=&#8221;97297&#8243; vert_back_position=&#8221;top&#8221; minimum_height=&#8221;300px&#8221;][\/vc_column][\/vc_row][vc_row][vc_column width=&#8221;2\/3&#8243;][vc_empty_space][elx_heading font_container=&#8221;h1&#8243; font_size=&#8221;h3&#8243; text_color=&#8221;inherit&#8221;]Servisni ugovori[\/elx_heading][vc_empty_space][elx_heading font_size=&#8221;h5&#8243; text_color=&#8221;inherit&#8221;]kojima mo\u017eete vjerovati[\/elx_heading][vc_column_text]Korisni\u010dka podr\u0161ka tvrtke Electrolux Professional predstavlja vam ponudu servisnih ugovora po va\u0161oj mjeri, koji su dizajnirani prema na\u0161im priru\u010dnicima kako bi o\u010duvali u\u010dinkovitost, dostupnost i sigurnost va\u0161e opreme istovremeno produljuju\u0107i njezin \u017eivotni vijek i profitabilnost.[\/vc_column_text][elx_heading font_container=&#8221;h3&#8243; font_size=&#8221;h5&#8243; text_color=&#8221;inherit&#8221;]Osnovni servisni paket[\/elx_heading][vc_column_text]Osnovna podr\u0161ka uklju\u010dena [&hellip;]<\/p>\n","protected":false},"author":8,"featured_media":2467,"parent":2871,"menu_order":0,"comment_status":"closed","ping_status":"closed","template":"","meta":{"footnotes":""},"class_list":["post-4469","page","type-page","status-publish","has-post-thumbnail","hentry"],"acf":[],"yoast_head":"<!-- This site is optimized with the Yoast SEO plugin v23.3 - https:\/\/yoast.com\/wordpress\/plugins\/seo\/ -->\n<title>Servisni ugovori - Electrolux Professional Hrvatska<\/title>\n<meta name=\"description\" content=\"Korisni\u010dka podr\u0161ka Essentia nudi vam niz paketa servisnih ugovora po va\u0161oj mjeri koji su klju\u010dni ako \u017eelite da va\u0161e poslovanje ostane profitabilno.\" \/>\n<meta name=\"robots\" content=\"index, follow, max-snippet:-1, max-image-preview:large, max-video-preview:-1\" \/>\n<link rel=\"canonical\" href=\"https:\/\/www.electroluxprofessional.com\/hr\/briga-o-kupcima\/servisni-ugovori\/\" \/>\n<meta property=\"og:locale\" content=\"hr_HR\" \/>\n<meta property=\"og:type\" content=\"article\" \/>\n<meta property=\"og:title\" content=\"Servisni ugovori - Electrolux Professional Hrvatska\" \/>\n<meta property=\"og:description\" content=\"Korisni\u010dka podr\u0161ka Essentia nudi vam niz paketa servisnih ugovora po va\u0161oj mjeri koji su klju\u010dni ako \u017eelite da va\u0161e poslovanje ostane profitabilno.\" \/>\n<meta property=\"og:url\" content=\"https:\/\/www.electroluxprofessional.com\/hr\/briga-o-kupcima\/servisni-ugovori\/\" \/>\n<meta property=\"og:site_name\" content=\"Electrolux Professional Hrvatska\" \/>\n<meta property=\"article:modified_time\" content=\"2021-05-04T08:11:51+00:00\" \/>\n<meta property=\"og:image\" content=\"https:\/\/www.electroluxprofessional.com\/hr\/wp-content\/uploads\/2017\/01\/cutomer-care.jpg\" \/>\n\t<meta property=\"og:image:width\" content=\"2000\" \/>\n\t<meta property=\"og:image:height\" content=\"1691\" \/>\n\t<meta property=\"og:image:type\" content=\"image\/jpeg\" \/>\n<meta name=\"twitter:card\" content=\"summary_large_image\" \/>\n<meta name=\"twitter:label1\" content=\"Procijenjeno vrijeme \u010ditanja\" \/>\n\t<meta name=\"twitter:data1\" content=\"4 minute\" \/>\n<script type=\"application\/ld+json\" class=\"yoast-schema-graph\">{\"@context\":\"https:\/\/schema.org\",\"@graph\":[{\"@type\":\"WebPage\",\"@id\":\"https:\/\/www.electroluxprofessional.com\/hr\/briga-o-kupcima\/servisni-ugovori\/\",\"url\":\"https:\/\/www.electroluxprofessional.com\/hr\/briga-o-kupcima\/servisni-ugovori\/\",\"name\":\"Servisni ugovori - Electrolux Professional Hrvatska\",\"isPartOf\":{\"@id\":\"https:\/\/www.electroluxprofessional.com\/hr\/#website\"},\"primaryImageOfPage\":{\"@id\":\"https:\/\/www.electroluxprofessional.com\/hr\/briga-o-kupcima\/servisni-ugovori\/#primaryimage\"},\"image\":{\"@id\":\"https:\/\/www.electroluxprofessional.com\/hr\/briga-o-kupcima\/servisni-ugovori\/#primaryimage\"},\"thumbnailUrl\":\"https:\/\/www.electroluxprofessional.com\/hr\/wp-content\/uploads\/2017\/01\/cutomer-care.jpg\",\"datePublished\":\"2018-05-09T14:33:48+00:00\",\"dateModified\":\"2021-05-04T08:11:51+00:00\",\"description\":\"Korisni\u010dka podr\u0161ka Essentia nudi vam niz paketa servisnih ugovora po va\u0161oj mjeri koji su klju\u010dni ako \u017eelite da va\u0161e poslovanje ostane profitabilno.\",\"breadcrumb\":{\"@id\":\"https:\/\/www.electroluxprofessional.com\/hr\/briga-o-kupcima\/servisni-ugovori\/#breadcrumb\"},\"inLanguage\":\"hr\",\"potentialAction\":[{\"@type\":\"ReadAction\",\"target\":[\"https:\/\/www.electroluxprofessional.com\/hr\/briga-o-kupcima\/servisni-ugovori\/\"]}]},{\"@type\":\"ImageObject\",\"inLanguage\":\"hr\",\"@id\":\"https:\/\/www.electroluxprofessional.com\/hr\/briga-o-kupcima\/servisni-ugovori\/#primaryimage\",\"url\":\"https:\/\/www.electroluxprofessional.com\/hr\/wp-content\/uploads\/2017\/01\/cutomer-care.jpg\",\"contentUrl\":\"https:\/\/www.electroluxprofessional.com\/hr\/wp-content\/uploads\/2017\/01\/cutomer-care.jpg\",\"width\":2000,\"height\":1691,\"caption\":\"customer-care\"},{\"@type\":\"BreadcrumbList\",\"@id\":\"https:\/\/www.electroluxprofessional.com\/hr\/briga-o-kupcima\/servisni-ugovori\/#breadcrumb\",\"itemListElement\":[{\"@type\":\"ListItem\",\"position\":1,\"name\":\"Po\u010detna stranica\",\"item\":\"https:\/\/www.electroluxprofessional.com\/hr\/\"},{\"@type\":\"ListItem\",\"position\":2,\"name\":\"Briga o kupcima\",\"item\":\"https:\/\/www.electroluxprofessional.com\/hr\/briga-o-kupcima\/\"},{\"@type\":\"ListItem\",\"position\":3,\"name\":\"Servisni ugovori\"}]},{\"@type\":\"WebSite\",\"@id\":\"https:\/\/www.electroluxprofessional.com\/hr\/#website\",\"url\":\"https:\/\/www.electroluxprofessional.com\/hr\/\",\"name\":\"Electrolux Professional Hrvatska\",\"description\":\"\",\"potentialAction\":[{\"@type\":\"SearchAction\",\"target\":{\"@type\":\"EntryPoint\",\"urlTemplate\":\"https:\/\/www.electroluxprofessional.com\/hr\/?src={search_term_string}\"},\"query-input\":\"required name=search_term_string\"}],\"inLanguage\":\"hr\"}]}<\/script>\n<!-- \/ Yoast SEO plugin. -->","yoast_head_json":{"title":"Servisni ugovori - Electrolux Professional Hrvatska","description":"Korisni\u010dka podr\u0161ka Essentia nudi vam niz paketa servisnih ugovora po va\u0161oj mjeri koji su klju\u010dni ako \u017eelite da va\u0161e poslovanje ostane profitabilno.","robots":{"index":"index","follow":"follow","max-snippet":"max-snippet:-1","max-image-preview":"max-image-preview:large","max-video-preview":"max-video-preview:-1"},"canonical":"https:\/\/www.electroluxprofessional.com\/hr\/briga-o-kupcima\/servisni-ugovori\/","og_locale":"hr_HR","og_type":"article","og_title":"Servisni ugovori - Electrolux Professional Hrvatska","og_description":"Korisni\u010dka podr\u0161ka Essentia nudi vam niz paketa servisnih ugovora po va\u0161oj mjeri koji su klju\u010dni ako \u017eelite da va\u0161e poslovanje ostane profitabilno.","og_url":"https:\/\/www.electroluxprofessional.com\/hr\/briga-o-kupcima\/servisni-ugovori\/","og_site_name":"Electrolux Professional Hrvatska","article_modified_time":"2021-05-04T08:11:51+00:00","og_image":[{"width":2000,"height":1691,"url":"https:\/\/www.electroluxprofessional.com\/hr\/wp-content\/uploads\/2017\/01\/cutomer-care.jpg","type":"image\/jpeg"}],"twitter_card":"summary_large_image","twitter_misc":{"Procijenjeno vrijeme \u010ditanja":"4 minute"},"schema":{"@context":"https:\/\/schema.org","@graph":[{"@type":"WebPage","@id":"https:\/\/www.electroluxprofessional.com\/hr\/briga-o-kupcima\/servisni-ugovori\/","url":"https:\/\/www.electroluxprofessional.com\/hr\/briga-o-kupcima\/servisni-ugovori\/","name":"Servisni ugovori - Electrolux Professional Hrvatska","isPartOf":{"@id":"https:\/\/www.electroluxprofessional.com\/hr\/#website"},"primaryImageOfPage":{"@id":"https:\/\/www.electroluxprofessional.com\/hr\/briga-o-kupcima\/servisni-ugovori\/#primaryimage"},"image":{"@id":"https:\/\/www.electroluxprofessional.com\/hr\/briga-o-kupcima\/servisni-ugovori\/#primaryimage"},"thumbnailUrl":"https:\/\/www.electroluxprofessional.com\/hr\/wp-content\/uploads\/2017\/01\/cutomer-care.jpg","datePublished":"2018-05-09T14:33:48+00:00","dateModified":"2021-05-04T08:11:51+00:00","description":"Korisni\u010dka podr\u0161ka Essentia nudi vam niz paketa servisnih ugovora po va\u0161oj mjeri koji su klju\u010dni ako \u017eelite da va\u0161e poslovanje ostane profitabilno.","breadcrumb":{"@id":"https:\/\/www.electroluxprofessional.com\/hr\/briga-o-kupcima\/servisni-ugovori\/#breadcrumb"},"inLanguage":"hr","potentialAction":[{"@type":"ReadAction","target":["https:\/\/www.electroluxprofessional.com\/hr\/briga-o-kupcima\/servisni-ugovori\/"]}]},{"@type":"ImageObject","inLanguage":"hr","@id":"https:\/\/www.electroluxprofessional.com\/hr\/briga-o-kupcima\/servisni-ugovori\/#primaryimage","url":"https:\/\/www.electroluxprofessional.com\/hr\/wp-content\/uploads\/2017\/01\/cutomer-care.jpg","contentUrl":"https:\/\/www.electroluxprofessional.com\/hr\/wp-content\/uploads\/2017\/01\/cutomer-care.jpg","width":2000,"height":1691,"caption":"customer-care"},{"@type":"BreadcrumbList","@id":"https:\/\/www.electroluxprofessional.com\/hr\/briga-o-kupcima\/servisni-ugovori\/#breadcrumb","itemListElement":[{"@type":"ListItem","position":1,"name":"Po\u010detna stranica","item":"https:\/\/www.electroluxprofessional.com\/hr\/"},{"@type":"ListItem","position":2,"name":"Briga o kupcima","item":"https:\/\/www.electroluxprofessional.com\/hr\/briga-o-kupcima\/"},{"@type":"ListItem","position":3,"name":"Servisni ugovori"}]},{"@type":"WebSite","@id":"https:\/\/www.electroluxprofessional.com\/hr\/#website","url":"https:\/\/www.electroluxprofessional.com\/hr\/","name":"Electrolux Professional Hrvatska","description":"","potentialAction":[{"@type":"SearchAction","target":{"@type":"EntryPoint","urlTemplate":"https:\/\/www.electroluxprofessional.com\/hr\/?src={search_term_string}"},"query-input":"required name=search_term_string"}],"inLanguage":"hr"}]}},"_links":{"self":[{"href":"https:\/\/www.electroluxprofessional.com\/hr\/wp-json\/wp\/v2\/pages\/4469"}],"collection":[{"href":"https:\/\/www.electroluxprofessional.com\/hr\/wp-json\/wp\/v2\/pages"}],"about":[{"href":"https:\/\/www.electroluxprofessional.com\/hr\/wp-json\/wp\/v2\/types\/page"}],"author":[{"embeddable":true,"href":"https:\/\/www.electroluxprofessional.com\/hr\/wp-json\/wp\/v2\/users\/8"}],"replies":[{"embeddable":true,"href":"https:\/\/www.electroluxprofessional.com\/hr\/wp-json\/wp\/v2\/comments?post=4469"}],"version-history":[{"count":6,"href":"https:\/\/www.electroluxprofessional.com\/hr\/wp-json\/wp\/v2\/pages\/4469\/revisions"}],"predecessor-version":[{"id":97301,"href":"https:\/\/www.electroluxprofessional.com\/hr\/wp-json\/wp\/v2\/pages\/4469\/revisions\/97301"}],"up":[{"embeddable":true,"href":"https:\/\/www.electroluxprofessional.com\/hr\/wp-json\/wp\/v2\/pages\/2871"}],"wp:featuredmedia":[{"embeddable":true,"href":"https:\/\/www.electroluxprofessional.com\/hr\/wp-json\/wp\/v2\/media\/2467"}],"wp:attachment":[{"href":"https:\/\/www.electroluxprofessional.com\/hr\/wp-json\/wp\/v2\/media?parent=4469"}],"curies":[{"name":"wp","href":"https:\/\/api.w.org\/{rel}","templated":true}]}}