{"id":4445,"date":"2016-11-14T09:01:16","date_gmt":"2016-11-14T09:01:16","guid":{"rendered":"https:\/\/www.electroluxprofessional.com\/?page_id=5133"},"modified":"2025-11-06T13:18:22","modified_gmt":"2025-11-06T13:18:22","slug":"education-leisure-sports-2","status":"publish","type":"page","link":"https:\/\/www.electroluxprofessional.com\/hr\/vas-posao\/education-leisure-sports-2\/","title":{"rendered":"Obrazovanje, slobodno vrijeme i sport"},"content":{"rendered":"<p>[vc_row full_width=&#8221;electroluxpro-full-width&#8221; matched_labels=&#8221;&#8221; css=&#8221;.vc_custom_1666634238662{margin-top: -50px !important;}&#8221;][vc_column][elx_full_banner title=&#8221;Obrazovanje, slobodno vrijeme i sport&#8221; background_image_media_library=&#8221;116011&#8243; background_image_media_library_mobile=&#8221;116012&#8243;][\/vc_column][\/vc_row][vc_row][vc_column width=&#8221;1\/4&#8243;][\/vc_column][vc_column width=&#8221;3\/4&#8243;][elx_heading font_container=&#8221;h1&#8243; font_size=&#8221;h3&#8243; text_color=&#8221;inherit&#8221;]Cjelovita praoni\u010dka i kuhinjska rje\u0161enja za va\u0161e objekte posve\u0107ene obrazovanju, slobodnome vremenu i sportu.[\/elx_heading][\/vc_column][\/vc_row][vc_row][vc_column][vc_column_text]Electrolux Professional svjetski je stru\u010dnjak za hranu i rublje koji nudi naj\u0161iru ponudu rje\u0161enja i najve\u0107u fleksibilnost programa na tr\u017ei\u0161tu.[\/vc_column_text][vc_empty_space][\/vc_column][\/vc_row][vc_row][vc_column width=&#8221;1\/3&#8243;][elx_image_block background_image=&#8221;4443&#8243; vert_back_position=&#8221;top&#8221; minimum_height=&#8221;450px&#8221;][vc_column_text drop_caps=&#8221;big-first-letter&#8221;]<\/p>\n<h3>Prue Leith<br \/>\n<strong>Akademija za profesionalne kuhare<\/strong><\/h3>\n<p>Pretoria, Ju\u017enoafri\u010dka Republika<br \/>\n<strong>Akademija za profesionalne kuhare<\/strong><\/p>\n<p><em>\u201eProizvodi tvrtke Electrolux vrlo su profesionalni i proizvedeni su u skladu s vrlo visokim standardima. Najbolje smo ocijenjena Akademija za profesionalne kuhare u Africi. \u017delimo da na\u0161i polaznici budu najbolji, stoga moraju raditi i u\u010diti uz najbolje pogodnosti i opremu u industriji.\u201c<\/em><br \/>\n<strong>Anthony Roberts<\/strong>, direktor[\/vc_column_text][\/vc_column][vc_column width=&#8221;1\/3&#8243;][elx_image_block background_image=&#8221;4444&#8243; vert_back_position=&#8221;top&#8221; minimum_height=&#8221;450px&#8221;][vc_column_text drop_caps=&#8221;big-first-letter&#8221;]<\/p>\n<h3>FICO<br \/>\nEataly World<\/h3>\n<p>Bologna, Italija<br \/>\n<strong>Slobodno vrijeme<\/strong><\/p>\n<p><em>\u201ePrimjenom vrhunske tehnologije u kuhinji nastoji se \u0161to je mogu\u0107e manje utjecati na osnovne sastojke. Ustrajali smo u tome da svih 47 FICO-ovih restorana bude opremljeno proizvodima tvrtke Electrolux koja nas prati od po\u010detka na\u0161ega putovanja.\u201c<\/em><br \/>\n<strong>Oscar Farinetti<\/strong>, po\u010dasni predsjednik[\/vc_column_text][\/vc_column][vc_column width=&#8221;1\/3&#8243;][elx_image_block background_image=&#8221;1173&#8243; vert_back_position=&#8221;top&#8221; minimum_height=&#8221;450px&#8221;][vc_column_text drop_caps=&#8221;big-first-letter&#8221;]<\/p>\n<h3><strong>Kampus Diemen Zuid<\/strong><\/h3>\n<p>Nizozemska<br \/>\n<strong>Praonica u stambenoj zgradi<\/strong><\/p>\n<p>Na kampusu Diemen Zuid trebao nam je moderan praoni\u010dki objekt za stanovnike stambene zgrade. Ovako smo mogli ponuditi cjelovito rje\u0161enje: rezultate pranja vrhunske kvalitete uz deterd\u017eente i integraciju sa sustavom naplate koji se upotrebljava na kampusu, ali bez po\u010detnoga ulaganja jer stanovnici sami pla\u0107aju za ure\u0111aje prilikom svakoga pranja.[\/vc_column_text][\/vc_column][\/vc_row][vc_row][vc_column width=&#8221;1\/3&#8243;][elx_image_block background_image=&#8221;557&#8243; vert_back_position=&#8221;top&#8221; minimum_height=&#8221;450px&#8221;][vc_column_text drop_caps=&#8221;big-first-letter&#8221;]<\/p>\n<h3>ICCA Dubai<\/h3>\n<p>Dubai<br \/>\n<strong>Kulinarska dvorana<\/strong><\/p>\n<p><em>\u201eVjerujemo u to da mo\u017eemo unijeti promjenu u industriju, a to je zaista postalo mogu\u0107e kada smo sklopili partnerstvo s tvrtkom Electrolux Professional. U jedinstvenoj smo platformi objedinili profesionalnu obuku i profesionalnu opremu, \u0161to \u0107e zasigurno imati velik utjecaj na industriju i uspjeh na\u0161ih profesionalnih kuhara.\u201c<\/em><br \/>\n<strong>Sunjeh Raja<\/strong>, direktor[\/vc_column_text][\/vc_column][vc_column width=&#8221;1\/3&#8243;][elx_image_block background_image=&#8221;1352&#8243; minimum_height=&#8221;450px&#8221;][vc_column_text drop_caps=&#8221;big-first-letter&#8221;]<\/p>\n<h3>Strandpark De Zeeuwse Kust<\/h3>\n<p>Nizozemska<br \/>\n<strong>Zabavni park<\/strong><\/p>\n<p><em>\u201eIskoristili smo koncept PayperWash tvrtke Electrolux. Umjesto da ulo\u017eimo u ure\u0111aje, mi i na\u0161i posjetitelji pla\u0107amo fiksnu naknadu za svaki ciklus pranja i su\u0161enja. Zahvaljuju\u0107i tome rje\u0161enju, izdr\u017eljivosti, jednostavnome upravljanju i sveukupnoj visokoj kvaliteti ure\u0111aja Electrolux, lako smo se odlu\u010dili za Electrolux.\u201c<\/em><br \/>\n<strong>Marc Ruijtenberg<\/strong>[\/vc_column_text][\/vc_column][vc_column width=&#8221;1\/3&#8243;][elx_image_block background_image=&#8221;1195&#8243; minimum_height=&#8221;450px&#8221;][vc_column_text drop_caps=&#8221;big-first-letter&#8221;]<\/p>\n<h3><strong>Nogometni klub Union Berlin<\/strong><\/h3>\n<p>Njema\u010dka<br \/>\n<strong>Stadionska kuhinja<\/strong><\/p>\n<p>Electrolux Professional mo\u017ee ponuditi velik izbor rje\u0161enja, a to je prednost koju nijedan konkurent ne mo\u017ee nadma\u0161iti. Electrolux usto nudi cjelovito rje\u0161enje za planiranje obroka uz Cook &amp; Chill za 1900 ljudi. To je \u0161lag na torti ove pri\u010de o uspjehu.[\/vc_column_text][\/vc_column][\/vc_row][vc_row][vc_column][elx_heading text_color=&#8221;inherit&#8221;]Otkrijte na\u0161a rje\u0161enja za obrazovne ustanove.[\/elx_heading][\/vc_column][\/vc_row][vc_row][vc_column width=&#8221;1\/3&#8243;][elx_download_block text=&#8221;Bro\u0161ura o rje\u0161enjima za obrazovne ustanove&#8221; file_picker=&#8221;25204&#8243; background_color=&#8221;orange&#8221;][\/vc_column][vc_column width=&#8221;1\/3&#8243;][\/vc_column][vc_column width=&#8221;1\/3&#8243;][\/vc_column][\/vc_row][vc_row css=&#8221;.vc_custom_1542027396835{background-color: #eeeeee !important;}&#8221;][vc_column][elx_heading text_color=&#8221;inherit&#8221;]Mo\u017eda \u0107e vam se svidjeti i sljede\u0107i sadr\u017eaj:[\/elx_heading][\/vc_column][\/vc_row][vc_row css=&#8221;.vc_custom_1542027408159{background-color: #eeeeee !important;}&#8221;][vc_column width=&#8221;1\/3&#8243;][elx_maylike_box id_box=&#8221;4414&#8243;][\/vc_column][vc_column width=&#8221;1\/3&#8243;][elx_maylike_box id_box=&#8221;4417&#8243;][\/vc_column][vc_column width=&#8221;1\/3&#8243;][elx_maylike_box id_box=&#8221;4416&#8243;][\/vc_column][\/vc_row][vc_row][vc_column][vc_empty_space][elx_heading text_color=&#8221;inherit&#8221;]Obratite se stru\u010dnjaku.[\/elx_heading][elx_o2000_contact_us r=&#8221;Htjela\/Htio bih znati vi\u0161e o rje\u0161enjima za obrazovanje, slobodno vrijeme i sport. Molim vas stupite u kontakt sa mnom.&#8221; s=&#8221;Zahtjev za informacijama o rje\u0161enjima za obrazovanje, slobodno vrijeme i sport.&#8221; country=&#8221;Croatia&#8221; b=&#8221;laundry&#8221; l=&#8221;hr&#8221; container=&#8221;elxcontactus1487857958&#8243;][vc_empty_space][\/vc_column][\/vc_row]<\/p>\n","protected":false},"excerpt":{"rendered":"<p>[vc_row full_width=&#8221;electroluxpro-full-width&#8221; matched_labels=&#8221;&#8221; css=&#8221;.vc_custom_1666634238662{margin-top: -50px !important;}&#8221;][vc_column][elx_full_banner title=&#8221;Obrazovanje, slobodno vrijeme i sport&#8221; background_image_media_library=&#8221;116011&#8243; background_image_media_library_mobile=&#8221;116012&#8243;][\/vc_column][\/vc_row][vc_row][vc_column width=&#8221;1\/4&#8243;][\/vc_column][vc_column width=&#8221;3\/4&#8243;][elx_heading font_container=&#8221;h1&#8243; font_size=&#8221;h3&#8243; text_color=&#8221;inherit&#8221;]Cjelovita praoni\u010dka i kuhinjska rje\u0161enja za va\u0161e objekte posve\u0107ene obrazovanju, slobodnome vremenu i sportu.[\/elx_heading][\/vc_column][\/vc_row][vc_row][vc_column][vc_column_text]Electrolux Professional svjetski je stru\u010dnjak za hranu i rublje koji nudi naj\u0161iru ponudu rje\u0161enja i najve\u0107u fleksibilnost programa na tr\u017ei\u0161tu.[\/vc_column_text][vc_empty_space][\/vc_column][\/vc_row][vc_row][vc_column width=&#8221;1\/3&#8243;][elx_image_block background_image=&#8221;4443&#8243; vert_back_position=&#8221;top&#8221; minimum_height=&#8221;450px&#8221;][vc_column_text drop_caps=&#8221;big-first-letter&#8221;] [&hellip;]<\/p>\n","protected":false},"author":8,"featured_media":0,"parent":2111,"menu_order":0,"comment_status":"closed","ping_status":"closed","template":"","meta":{"footnotes":""},"class_list":["post-4445","page","type-page","status-publish","hentry"],"acf":[],"yoast_head":"<!-- This site is optimized with the Yoast SEO plugin v23.3 - https:\/\/yoast.com\/wordpress\/plugins\/seo\/ -->\n<title>Obrazovanje, slobodno vrijeme i sport - Electrolux Professional Hrvatska<\/title>\n<meta name=\"robots\" content=\"index, follow, max-snippet:-1, max-image-preview:large, max-video-preview:-1\" \/>\n<link rel=\"canonical\" href=\"https:\/\/www.electroluxprofessional.com\/hr\/vas-posao\/education-leisure-sports-2\/\" \/>\n<meta property=\"og:locale\" content=\"hr_HR\" \/>\n<meta property=\"og:type\" content=\"article\" \/>\n<meta property=\"og:title\" content=\"Obrazovanje, slobodno vrijeme i sport - Electrolux Professional Hrvatska\" \/>\n<meta property=\"og:description\" content=\"[vc_row full_width=&#8221;electroluxpro-full-width&#8221; matched_labels=&#8221;&#8221; css=&#8221;.vc_custom_1666634238662{margin-top: -50px !important;}&#8221;][vc_column][elx_full_banner title=&#8221;Obrazovanje, slobodno vrijeme i sport&#8221; background_image_media_library=&#8221;116011&#8243; background_image_media_library_mobile=&#8221;116012&#8243;][\/vc_column][\/vc_row][vc_row][vc_column width=&#8221;1\/4&#8243;][\/vc_column][vc_column width=&#8221;3\/4&#8243;][elx_heading font_container=&#8221;h1&#8243; font_size=&#8221;h3&#8243; text_color=&#8221;inherit&#8221;]Cjelovita praoni\u010dka i kuhinjska rje\u0161enja za va\u0161e objekte posve\u0107ene obrazovanju, slobodnome vremenu i sportu.[\/elx_heading][\/vc_column][\/vc_row][vc_row][vc_column][vc_column_text]Electrolux Professional svjetski je stru\u010dnjak za hranu i rublje koji nudi naj\u0161iru ponudu rje\u0161enja i najve\u0107u fleksibilnost programa na tr\u017ei\u0161tu.[\/vc_column_text][vc_empty_space][\/vc_column][\/vc_row][vc_row][vc_column width=&#8221;1\/3&#8243;][elx_image_block background_image=&#8221;4443&#8243; vert_back_position=&#8221;top&#8221; minimum_height=&#8221;450px&#8221;][vc_column_text drop_caps=&#8221;big-first-letter&#8221;] [&hellip;]\" \/>\n<meta property=\"og:url\" content=\"https:\/\/www.electroluxprofessional.com\/hr\/vas-posao\/education-leisure-sports-2\/\" \/>\n<meta property=\"og:site_name\" content=\"Electrolux Professional Hrvatska\" \/>\n<meta property=\"article:modified_time\" content=\"2025-11-06T13:18:22+00:00\" \/>\n<meta name=\"twitter:card\" content=\"summary_large_image\" \/>\n<meta name=\"twitter:label1\" content=\"Procijenjeno vrijeme \u010ditanja\" \/>\n\t<meta name=\"twitter:data1\" content=\"3 minute\" \/>\n<script type=\"application\/ld+json\" class=\"yoast-schema-graph\">{\"@context\":\"https:\/\/schema.org\",\"@graph\":[{\"@type\":\"WebPage\",\"@id\":\"https:\/\/www.electroluxprofessional.com\/hr\/vas-posao\/education-leisure-sports-2\/\",\"url\":\"https:\/\/www.electroluxprofessional.com\/hr\/vas-posao\/education-leisure-sports-2\/\",\"name\":\"Obrazovanje, slobodno vrijeme i sport - Electrolux Professional Hrvatska\",\"isPartOf\":{\"@id\":\"https:\/\/www.electroluxprofessional.com\/hr\/#website\"},\"datePublished\":\"2016-11-14T09:01:16+00:00\",\"dateModified\":\"2025-11-06T13:18:22+00:00\",\"breadcrumb\":{\"@id\":\"https:\/\/www.electroluxprofessional.com\/hr\/vas-posao\/education-leisure-sports-2\/#breadcrumb\"},\"inLanguage\":\"hr\",\"potentialAction\":[{\"@type\":\"ReadAction\",\"target\":[\"https:\/\/www.electroluxprofessional.com\/hr\/vas-posao\/education-leisure-sports-2\/\"]}]},{\"@type\":\"BreadcrumbList\",\"@id\":\"https:\/\/www.electroluxprofessional.com\/hr\/vas-posao\/education-leisure-sports-2\/#breadcrumb\",\"itemListElement\":[{\"@type\":\"ListItem\",\"position\":1,\"name\":\"Po\u010detna stranica\",\"item\":\"https:\/\/www.electroluxprofessional.com\/hr\/\"},{\"@type\":\"ListItem\",\"position\":2,\"name\":\"Va\u0161 posao\",\"item\":\"https:\/\/www.electroluxprofessional.com\/hr\/vas-posao\/\"},{\"@type\":\"ListItem\",\"position\":3,\"name\":\"Obrazovanje, slobodno vrijeme i sport\"}]},{\"@type\":\"WebSite\",\"@id\":\"https:\/\/www.electroluxprofessional.com\/hr\/#website\",\"url\":\"https:\/\/www.electroluxprofessional.com\/hr\/\",\"name\":\"Electrolux Professional Hrvatska\",\"description\":\"\",\"potentialAction\":[{\"@type\":\"SearchAction\",\"target\":{\"@type\":\"EntryPoint\",\"urlTemplate\":\"https:\/\/www.electroluxprofessional.com\/hr\/?src={search_term_string}\"},\"query-input\":\"required name=search_term_string\"}],\"inLanguage\":\"hr\"}]}<\/script>\n<!-- \/ Yoast SEO plugin. -->","yoast_head_json":{"title":"Obrazovanje, slobodno vrijeme i sport - Electrolux Professional Hrvatska","robots":{"index":"index","follow":"follow","max-snippet":"max-snippet:-1","max-image-preview":"max-image-preview:large","max-video-preview":"max-video-preview:-1"},"canonical":"https:\/\/www.electroluxprofessional.com\/hr\/vas-posao\/education-leisure-sports-2\/","og_locale":"hr_HR","og_type":"article","og_title":"Obrazovanje, slobodno vrijeme i sport - Electrolux Professional Hrvatska","og_description":"[vc_row full_width=&#8221;electroluxpro-full-width&#8221; matched_labels=&#8221;&#8221; css=&#8221;.vc_custom_1666634238662{margin-top: -50px !important;}&#8221;][vc_column][elx_full_banner title=&#8221;Obrazovanje, slobodno vrijeme i sport&#8221; background_image_media_library=&#8221;116011&#8243; background_image_media_library_mobile=&#8221;116012&#8243;][\/vc_column][\/vc_row][vc_row][vc_column width=&#8221;1\/4&#8243;][\/vc_column][vc_column width=&#8221;3\/4&#8243;][elx_heading font_container=&#8221;h1&#8243; font_size=&#8221;h3&#8243; text_color=&#8221;inherit&#8221;]Cjelovita praoni\u010dka i kuhinjska rje\u0161enja za va\u0161e objekte posve\u0107ene obrazovanju, slobodnome vremenu i sportu.[\/elx_heading][\/vc_column][\/vc_row][vc_row][vc_column][vc_column_text]Electrolux Professional svjetski je stru\u010dnjak za hranu i rublje koji nudi naj\u0161iru ponudu rje\u0161enja i najve\u0107u fleksibilnost programa na tr\u017ei\u0161tu.[\/vc_column_text][vc_empty_space][\/vc_column][\/vc_row][vc_row][vc_column width=&#8221;1\/3&#8243;][elx_image_block background_image=&#8221;4443&#8243; vert_back_position=&#8221;top&#8221; minimum_height=&#8221;450px&#8221;][vc_column_text drop_caps=&#8221;big-first-letter&#8221;] [&hellip;]","og_url":"https:\/\/www.electroluxprofessional.com\/hr\/vas-posao\/education-leisure-sports-2\/","og_site_name":"Electrolux Professional Hrvatska","article_modified_time":"2025-11-06T13:18:22+00:00","twitter_card":"summary_large_image","twitter_misc":{"Procijenjeno vrijeme \u010ditanja":"3 minute"},"schema":{"@context":"https:\/\/schema.org","@graph":[{"@type":"WebPage","@id":"https:\/\/www.electroluxprofessional.com\/hr\/vas-posao\/education-leisure-sports-2\/","url":"https:\/\/www.electroluxprofessional.com\/hr\/vas-posao\/education-leisure-sports-2\/","name":"Obrazovanje, slobodno vrijeme i sport - Electrolux Professional Hrvatska","isPartOf":{"@id":"https:\/\/www.electroluxprofessional.com\/hr\/#website"},"datePublished":"2016-11-14T09:01:16+00:00","dateModified":"2025-11-06T13:18:22+00:00","breadcrumb":{"@id":"https:\/\/www.electroluxprofessional.com\/hr\/vas-posao\/education-leisure-sports-2\/#breadcrumb"},"inLanguage":"hr","potentialAction":[{"@type":"ReadAction","target":["https:\/\/www.electroluxprofessional.com\/hr\/vas-posao\/education-leisure-sports-2\/"]}]},{"@type":"BreadcrumbList","@id":"https:\/\/www.electroluxprofessional.com\/hr\/vas-posao\/education-leisure-sports-2\/#breadcrumb","itemListElement":[{"@type":"ListItem","position":1,"name":"Po\u010detna stranica","item":"https:\/\/www.electroluxprofessional.com\/hr\/"},{"@type":"ListItem","position":2,"name":"Va\u0161 posao","item":"https:\/\/www.electroluxprofessional.com\/hr\/vas-posao\/"},{"@type":"ListItem","position":3,"name":"Obrazovanje, slobodno vrijeme i sport"}]},{"@type":"WebSite","@id":"https:\/\/www.electroluxprofessional.com\/hr\/#website","url":"https:\/\/www.electroluxprofessional.com\/hr\/","name":"Electrolux Professional Hrvatska","description":"","potentialAction":[{"@type":"SearchAction","target":{"@type":"EntryPoint","urlTemplate":"https:\/\/www.electroluxprofessional.com\/hr\/?src={search_term_string}"},"query-input":"required name=search_term_string"}],"inLanguage":"hr"}]}},"_links":{"self":[{"href":"https:\/\/www.electroluxprofessional.com\/hr\/wp-json\/wp\/v2\/pages\/4445"}],"collection":[{"href":"https:\/\/www.electroluxprofessional.com\/hr\/wp-json\/wp\/v2\/pages"}],"about":[{"href":"https:\/\/www.electroluxprofessional.com\/hr\/wp-json\/wp\/v2\/types\/page"}],"author":[{"embeddable":true,"href":"https:\/\/www.electroluxprofessional.com\/hr\/wp-json\/wp\/v2\/users\/8"}],"replies":[{"embeddable":true,"href":"https:\/\/www.electroluxprofessional.com\/hr\/wp-json\/wp\/v2\/comments?post=4445"}],"version-history":[{"count":5,"href":"https:\/\/www.electroluxprofessional.com\/hr\/wp-json\/wp\/v2\/pages\/4445\/revisions"}],"predecessor-version":[{"id":118988,"href":"https:\/\/www.electroluxprofessional.com\/hr\/wp-json\/wp\/v2\/pages\/4445\/revisions\/118988"}],"up":[{"embeddable":true,"href":"https:\/\/www.electroluxprofessional.com\/hr\/wp-json\/wp\/v2\/pages\/2111"}],"wp:attachment":[{"href":"https:\/\/www.electroluxprofessional.com\/hr\/wp-json\/wp\/v2\/media?parent=4445"}],"curies":[{"name":"wp","href":"https:\/\/api.w.org\/{rel}","templated":true}]}}