{"id":4418,"date":"2019-09-27T14:38:14","date_gmt":"2019-09-27T12:38:14","guid":{"rendered":"https:\/\/www.electroluxprofessional.com\/?page_id=25408"},"modified":"2022-05-02T08:46:51","modified_gmt":"2022-05-02T08:46:51","slug":"o-nama","status":"publish","type":"page","link":"https:\/\/www.electroluxprofessional.com\/hr\/o-nama\/","title":{"rendered":"O nama"},"content":{"rendered":"<p>[vc_row full_width=&#8221;electroluxpro-full-width-no-padding&#8221;][vc_column][vc_single_image image=&#8221;115794&#8243; img_size=&#8221;2000x350px&#8221;][\/vc_column][\/vc_row][vc_row][vc_column][vc_empty_space height=&#8221;50px&#8221;][elx_heading font_container=&#8221;h1&#8243; text_color=&#8221;inherit&#8221;]Electrolux Professional[\/elx_heading][vc_empty_space][\/vc_column][\/vc_row][vc_row][vc_column width=&#8221;1\/2&#8243;][vc_column_text]<strong>Electrolux Professional pouzdan je partner koji va\u0161 poslovni \u017eivot \u010dini lak\u0161im, unosnijim \u2013 i istinski odr\u017eivim svaki dan.<\/strong>[\/vc_column_text][vc_column_text]\u010cime god se bavili, va\u0161e \u0107emo poslovanje u\u010diniti jednim od najodr\u017eivijih iskustava povezanih s <strong>hranom<\/strong>, <strong>pi\u0107em <\/strong>i <strong>rubljem <\/strong>tijekom cijeloga radnog vijeka.<\/p>\n<p>Budu\u0107i da nam je stalo do odr\u017eivosti, predvodnici smo u dizajnu cjelovitih i integriranih rje\u0161enja kojima se jam\u010de visoka produktivnost i niski tro\u0161kovi tijekom radnoga vijeka, a koja su usto najjednostavnija za upotrebu, odr\u017eavanje i servisiranje.[\/vc_column_text][\/vc_column][vc_column width=&#8221;1\/2&#8243;][elx_video_block background_image=&#8221;4412&#8243; minimum_height=&#8221;350px&#8221; video_link=&#8221;https:\/\/www.youtube.com\/watch?v=ayw5TK7Xd4Q&amp;feature=youtu.be&#8221;][\/vc_column][\/vc_row][vc_row css=&#8221;.vc_custom_1465566954449{padding-top: 20px !important;}&#8221;][vc_column][vc_column_text]Zahvaljuju\u0107i <strong>jedinstvenom su\u010delju <span lang=\"EN-US\"><b>The <\/b><\/span>OnE <\/strong>pomo\u0107u kojega kupci mogu upravljati svim vidovima svojega poslovanja \u2013 upotrebljavaju\u0107i povezane i sinkronizirane proizvode i usluge \u2013 stvaramo najve\u0107u poslovnu vrijednost.[\/vc_column_text][vc_column_text]Electrolux Professional pouzdan je partner za jedinstvena i cjelovita rje\u0161enja zato \u0161to na\u010din na koji oblikujemo procese i rje\u0161enja proizlazi iz <strong>naslje\u0111a usmjerenosti na \u010dovjeka i dugogodi\u0161nje stru\u010dnosti <\/strong>u onome \u0161to va\u0161e poslovanje \u010dini u\u010dinkovitijim.[\/vc_column_text][\/vc_column][\/vc_row][vc_row][vc_column width=&#8221;1\/3&#8243;][elx_maylike_box id_box=&#8221;4414&#8243;][\/vc_column][vc_column width=&#8221;1\/3&#8243;][elx_maylike_box id_box=&#8221;4416&#8243;][\/vc_column][vc_column width=&#8221;1\/3&#8243;][elx_maylike_box id_box=&#8221;4417&#8243;][\/vc_column][\/vc_row]<\/p>\n","protected":false},"excerpt":{"rendered":"<p>[vc_row full_width=&#8221;electroluxpro-full-width-no-padding&#8221;][vc_column][vc_single_image image=&#8221;115794&#8243; img_size=&#8221;2000x350px&#8221;][\/vc_column][\/vc_row][vc_row][vc_column][vc_empty_space height=&#8221;50px&#8221;][elx_heading font_container=&#8221;h1&#8243; text_color=&#8221;inherit&#8221;]Electrolux Professional[\/elx_heading][vc_empty_space][\/vc_column][\/vc_row][vc_row][vc_column width=&#8221;1\/2&#8243;][vc_column_text]Electrolux Professional pouzdan je partner koji va\u0161 poslovni \u017eivot \u010dini lak\u0161im, unosnijim \u2013 i istinski odr\u017eivim svaki dan.[\/vc_column_text][vc_column_text]\u010cime god se bavili, va\u0161e \u0107emo poslovanje u\u010diniti jednim od najodr\u017eivijih iskustava povezanih s hranom, pi\u0107em i rubljem tijekom cijeloga radnog vijeka. Budu\u0107i da nam je stalo do odr\u017eivosti, predvodnici [&hellip;]<\/p>\n","protected":false},"author":8,"featured_media":4412,"parent":0,"menu_order":0,"comment_status":"closed","ping_status":"closed","template":"","meta":{"footnotes":""},"class_list":["post-4418","page","type-page","status-publish","has-post-thumbnail","hentry"],"acf":[],"yoast_head":"<!-- This site is optimized with the Yoast SEO plugin v23.3 - https:\/\/yoast.com\/wordpress\/plugins\/seo\/ -->\n<title>O nama - Electrolux Professional<\/title>\n<meta name=\"description\" content=\"Saznajte vi\u0161e o tvrtki Electrolux Professional, pouzdanu partneru koji va\u0161 poslovni \u017eivot svakog dana \u010dini lak\u0161im, unosnijim \u2013 i istinski odr\u017eivim.\" \/>\n<meta name=\"robots\" content=\"index, follow, max-snippet:-1, max-image-preview:large, max-video-preview:-1\" \/>\n<link rel=\"canonical\" href=\"https:\/\/www.electroluxprofessional.com\/hr\/o-nama\/\" \/>\n<meta property=\"og:locale\" content=\"hr_HR\" \/>\n<meta property=\"og:type\" content=\"article\" \/>\n<meta property=\"og:title\" content=\"O nama - Electrolux Professional\" \/>\n<meta property=\"og:description\" content=\"Saznajte vi\u0161e o tvrtki Electrolux Professional, pouzdanu partneru koji va\u0161 poslovni \u017eivot svakog dana \u010dini lak\u0161im, unosnijim \u2013 i istinski odr\u017eivim.\" \/>\n<meta property=\"og:url\" content=\"https:\/\/www.electroluxprofessional.com\/hr\/o-nama\/\" \/>\n<meta property=\"og:site_name\" content=\"Electrolux Professional Hrvatska\" \/>\n<meta property=\"article:modified_time\" content=\"2022-05-02T08:46:51+00:00\" \/>\n<meta property=\"og:image\" content=\"https:\/\/www.electroluxprofessional.com\/hr\/wp-content\/uploads\/2019\/09\/video-one-cover.jpg\" \/>\n\t<meta property=\"og:image:width\" content=\"800\" \/>\n\t<meta property=\"og:image:height\" content=\"500\" \/>\n\t<meta property=\"og:image:type\" content=\"image\/jpeg\" \/>\n<meta name=\"twitter:card\" content=\"summary_large_image\" \/>\n<meta name=\"twitter:label1\" content=\"Procijenjeno vrijeme \u010ditanja\" \/>\n\t<meta name=\"twitter:data1\" content=\"1 minuta\" \/>\n<script type=\"application\/ld+json\" class=\"yoast-schema-graph\">{\"@context\":\"https:\/\/schema.org\",\"@graph\":[{\"@type\":\"WebPage\",\"@id\":\"https:\/\/www.electroluxprofessional.com\/hr\/o-nama\/\",\"url\":\"https:\/\/www.electroluxprofessional.com\/hr\/o-nama\/\",\"name\":\"O nama - Electrolux Professional\",\"isPartOf\":{\"@id\":\"https:\/\/www.electroluxprofessional.com\/hr\/#website\"},\"primaryImageOfPage\":{\"@id\":\"https:\/\/www.electroluxprofessional.com\/hr\/o-nama\/#primaryimage\"},\"image\":{\"@id\":\"https:\/\/www.electroluxprofessional.com\/hr\/o-nama\/#primaryimage\"},\"thumbnailUrl\":\"https:\/\/www.electroluxprofessional.com\/hr\/wp-content\/uploads\/2019\/09\/video-one-cover.jpg\",\"datePublished\":\"2019-09-27T12:38:14+00:00\",\"dateModified\":\"2022-05-02T08:46:51+00:00\",\"description\":\"Saznajte vi\u0161e o tvrtki Electrolux Professional, pouzdanu partneru koji va\u0161 poslovni \u017eivot svakog dana \u010dini lak\u0161im, unosnijim \u2013 i istinski odr\u017eivim.\",\"breadcrumb\":{\"@id\":\"https:\/\/www.electroluxprofessional.com\/hr\/o-nama\/#breadcrumb\"},\"inLanguage\":\"hr\",\"potentialAction\":[{\"@type\":\"ReadAction\",\"target\":[\"https:\/\/www.electroluxprofessional.com\/hr\/o-nama\/\"]}]},{\"@type\":\"ImageObject\",\"inLanguage\":\"hr\",\"@id\":\"https:\/\/www.electroluxprofessional.com\/hr\/o-nama\/#primaryimage\",\"url\":\"https:\/\/www.electroluxprofessional.com\/hr\/wp-content\/uploads\/2019\/09\/video-one-cover.jpg\",\"contentUrl\":\"https:\/\/www.electroluxprofessional.com\/hr\/wp-content\/uploads\/2019\/09\/video-one-cover.jpg\",\"width\":800,\"height\":500,\"caption\":\"Electrolux Professional, the OnE trusted partner\"},{\"@type\":\"BreadcrumbList\",\"@id\":\"https:\/\/www.electroluxprofessional.com\/hr\/o-nama\/#breadcrumb\",\"itemListElement\":[{\"@type\":\"ListItem\",\"position\":1,\"name\":\"Po\u010detna stranica\",\"item\":\"https:\/\/www.electroluxprofessional.com\/hr\/\"},{\"@type\":\"ListItem\",\"position\":2,\"name\":\"O nama\"}]},{\"@type\":\"WebSite\",\"@id\":\"https:\/\/www.electroluxprofessional.com\/hr\/#website\",\"url\":\"https:\/\/www.electroluxprofessional.com\/hr\/\",\"name\":\"Electrolux Professional Hrvatska\",\"description\":\"\",\"potentialAction\":[{\"@type\":\"SearchAction\",\"target\":{\"@type\":\"EntryPoint\",\"urlTemplate\":\"https:\/\/www.electroluxprofessional.com\/hr\/?src={search_term_string}\"},\"query-input\":\"required name=search_term_string\"}],\"inLanguage\":\"hr\"}]}<\/script>\n<!-- \/ Yoast SEO plugin. -->","yoast_head_json":{"title":"O nama - Electrolux Professional","description":"Saznajte vi\u0161e o tvrtki Electrolux Professional, pouzdanu partneru koji va\u0161 poslovni \u017eivot svakog dana \u010dini lak\u0161im, unosnijim \u2013 i istinski odr\u017eivim.","robots":{"index":"index","follow":"follow","max-snippet":"max-snippet:-1","max-image-preview":"max-image-preview:large","max-video-preview":"max-video-preview:-1"},"canonical":"https:\/\/www.electroluxprofessional.com\/hr\/o-nama\/","og_locale":"hr_HR","og_type":"article","og_title":"O nama - Electrolux Professional","og_description":"Saznajte vi\u0161e o tvrtki Electrolux Professional, pouzdanu partneru koji va\u0161 poslovni \u017eivot svakog dana \u010dini lak\u0161im, unosnijim \u2013 i istinski odr\u017eivim.","og_url":"https:\/\/www.electroluxprofessional.com\/hr\/o-nama\/","og_site_name":"Electrolux Professional Hrvatska","article_modified_time":"2022-05-02T08:46:51+00:00","og_image":[{"width":800,"height":500,"url":"https:\/\/www.electroluxprofessional.com\/hr\/wp-content\/uploads\/2019\/09\/video-one-cover.jpg","type":"image\/jpeg"}],"twitter_card":"summary_large_image","twitter_misc":{"Procijenjeno vrijeme \u010ditanja":"1 minuta"},"schema":{"@context":"https:\/\/schema.org","@graph":[{"@type":"WebPage","@id":"https:\/\/www.electroluxprofessional.com\/hr\/o-nama\/","url":"https:\/\/www.electroluxprofessional.com\/hr\/o-nama\/","name":"O nama - Electrolux Professional","isPartOf":{"@id":"https:\/\/www.electroluxprofessional.com\/hr\/#website"},"primaryImageOfPage":{"@id":"https:\/\/www.electroluxprofessional.com\/hr\/o-nama\/#primaryimage"},"image":{"@id":"https:\/\/www.electroluxprofessional.com\/hr\/o-nama\/#primaryimage"},"thumbnailUrl":"https:\/\/www.electroluxprofessional.com\/hr\/wp-content\/uploads\/2019\/09\/video-one-cover.jpg","datePublished":"2019-09-27T12:38:14+00:00","dateModified":"2022-05-02T08:46:51+00:00","description":"Saznajte vi\u0161e o tvrtki Electrolux Professional, pouzdanu partneru koji va\u0161 poslovni \u017eivot svakog dana \u010dini lak\u0161im, unosnijim \u2013 i istinski odr\u017eivim.","breadcrumb":{"@id":"https:\/\/www.electroluxprofessional.com\/hr\/o-nama\/#breadcrumb"},"inLanguage":"hr","potentialAction":[{"@type":"ReadAction","target":["https:\/\/www.electroluxprofessional.com\/hr\/o-nama\/"]}]},{"@type":"ImageObject","inLanguage":"hr","@id":"https:\/\/www.electroluxprofessional.com\/hr\/o-nama\/#primaryimage","url":"https:\/\/www.electroluxprofessional.com\/hr\/wp-content\/uploads\/2019\/09\/video-one-cover.jpg","contentUrl":"https:\/\/www.electroluxprofessional.com\/hr\/wp-content\/uploads\/2019\/09\/video-one-cover.jpg","width":800,"height":500,"caption":"Electrolux Professional, the OnE trusted partner"},{"@type":"BreadcrumbList","@id":"https:\/\/www.electroluxprofessional.com\/hr\/o-nama\/#breadcrumb","itemListElement":[{"@type":"ListItem","position":1,"name":"Po\u010detna stranica","item":"https:\/\/www.electroluxprofessional.com\/hr\/"},{"@type":"ListItem","position":2,"name":"O nama"}]},{"@type":"WebSite","@id":"https:\/\/www.electroluxprofessional.com\/hr\/#website","url":"https:\/\/www.electroluxprofessional.com\/hr\/","name":"Electrolux Professional Hrvatska","description":"","potentialAction":[{"@type":"SearchAction","target":{"@type":"EntryPoint","urlTemplate":"https:\/\/www.electroluxprofessional.com\/hr\/?src={search_term_string}"},"query-input":"required name=search_term_string"}],"inLanguage":"hr"}]}},"_links":{"self":[{"href":"https:\/\/www.electroluxprofessional.com\/hr\/wp-json\/wp\/v2\/pages\/4418"}],"collection":[{"href":"https:\/\/www.electroluxprofessional.com\/hr\/wp-json\/wp\/v2\/pages"}],"about":[{"href":"https:\/\/www.electroluxprofessional.com\/hr\/wp-json\/wp\/v2\/types\/page"}],"author":[{"embeddable":true,"href":"https:\/\/www.electroluxprofessional.com\/hr\/wp-json\/wp\/v2\/users\/8"}],"replies":[{"embeddable":true,"href":"https:\/\/www.electroluxprofessional.com\/hr\/wp-json\/wp\/v2\/comments?post=4418"}],"version-history":[{"count":6,"href":"https:\/\/www.electroluxprofessional.com\/hr\/wp-json\/wp\/v2\/pages\/4418\/revisions"}],"predecessor-version":[{"id":115795,"href":"https:\/\/www.electroluxprofessional.com\/hr\/wp-json\/wp\/v2\/pages\/4418\/revisions\/115795"}],"wp:featuredmedia":[{"embeddable":true,"href":"https:\/\/www.electroluxprofessional.com\/hr\/wp-json\/wp\/v2\/media\/4412"}],"wp:attachment":[{"href":"https:\/\/www.electroluxprofessional.com\/hr\/wp-json\/wp\/v2\/media?parent=4418"}],"curies":[{"name":"wp","href":"https:\/\/api.w.org\/{rel}","templated":true}]}}