{"id":4375,"date":"2019-11-08T10:38:47","date_gmt":"2019-11-08T08:38:47","guid":{"rendered":"https:\/\/www.electroluxprofessional.com\/?page_id=26318"},"modified":"2025-11-06T13:30:10","modified_gmt":"2025-11-06T13:30:10","slug":"sport-fitness-clubs","status":"publish","type":"page","link":"https:\/\/www.electroluxprofessional.com\/hr\/sport-fitness-clubs\/","title":{"rendered":"Sport &#038; Fitness clubs"},"content":{"rendered":"<p>[vc_row full_width=&#8221;electroluxpro-full-width-no-padding&#8221; css=&#8221;.vc_custom_1569489800242{background-color: #041e41 !important;}&#8221;][vc_column][vc_single_image image=&#8221;4370&#8243; img_size=&#8221;full&#8221; alignment=&#8221;center&#8221;][\/vc_column][\/vc_row][vc_row][vc_column][vc_empty_space][\/vc_column][\/vc_row][vc_row][vc_column width=&#8221;2\/3&#8243;][elx_heading font_container=&#8221;h1&#8243; text_color=&#8221;electrolux-blue&#8221;]Praoni\u010dka rje\u0161enja za sportske i fitness-klubove[\/elx_heading][vc_column_text]<strong>Tvrdokorne mrlje od trave, blata i znoja <\/strong>\u010desto su prevelik zalogaj za obi\u010dne ure\u0111aje za ku\u0107anstvo.<br \/>\nUz myPRO vi\u0161e se ne morate brinuti zbog lo\u0161ih rezultata pranja ili problema s ure\u0111ajima. Jednostavno stavite rublje u ure\u0111aj, pokrenite ga i opustite se![\/vc_column_text][elx_button button_text=&#8221;Go to products&#8221; button_style=&#8221;icon&#8221; button_link=&#8221;url:https%3A%2F%2Fwww.electroluxprofessional.com%2Fhr%2Fcommercial-laundry-equipment%2Fmypro-washers-dryers-steam-ironers%2F|title:myPRO%20washers%2C%20dryers%20and%20steam%20ironers%20for%20small%20businesses||&#8221;][\/vc_column][vc_column width=&#8221;1\/3&#8243;][elx_heading text_color=&#8221;electrolux-blue&#8221;]Preuzmite svoju bro\u0161uru.[\/elx_heading][elx_download_block text=&#8221;Praoni\u010dka rje\u0161enja myPRO<br \/>\nza sportske i fitness-klubove&#8221; document_type=&#8221;leaflets&#8221; background_color=&#8221;laundry-solutions&#8221; le_document_number=&#8221;CLF-9JE00014&#8243;][\/vc_column][\/vc_row][vc_row][vc_column][vc_single_image image=&#8221;4261&#8243; img_size=&#8221;full&#8221; alignment=&#8221;center&#8221;][\/vc_column][\/vc_row][vc_row content_placement=&#8221;top&#8221; el_class=&#8221;marginNegative&#8221;][vc_column width=&#8221;1\/3&#8243;][vc_empty_space][elx_heading font_container=&#8221;h5&#8243; font_size=&#8221;h5&#8243; text_color=&#8221;inherit&#8221;]Optimizirane perforacije bubnja[\/elx_heading][vc_column_text]Jam\u010de uklanjanje sve prljav\u0161tine i \u010destica. <strong>Velikim rupama promjera 4,5 mm <\/strong>osigurava se u\u010dinkovito ispu\u0161tanje krutih \u010destica iz bubnja, \u010dime se abrazija tkanina svodi na najmanju mogu\u0107u mjeru.[\/vc_column_text][\/vc_column][vc_column width=&#8221;1\/3&#8243;][vc_empty_space][elx_heading font_container=&#8221;h5&#8243; font_size=&#8221;h5&#8243; text_color=&#8221;inherit&#8221;]Vrhunska kvaliteta u upola manje vremena[\/elx_heading][vc_column_text]<strong>Najuspje\u0161nije uklanjanje vode u klasi <\/strong>za <strong>kra\u0107e trajanje ciklusa<\/strong>, manje tro\u0161kove rada i dosljedno sjajne rezultate.[\/vc_column_text][\/vc_column][vc_column width=&#8221;1\/3&#8243;][vc_empty_space][elx_heading font_container=&#8221;h5&#8243; font_size=&#8221;h5&#8243; text_color=&#8221;inherit&#8221;]Bubanj SpeedCare[\/elx_heading][vc_column_text]Kra\u0107i ciklus su\u0161enja zahvaljuju\u0107i <strong>upravljanju<\/strong> razinom vlage u odje\u0107i <strong>u stvarnome vremenu<\/strong>.<br \/>\nVlakna su za\u0161ti\u0107ena od pretjerana su\u0161enja, ostvaruje se u\u0161teda vremena, a korisnici mogu biti bezbri\u017eni.[\/vc_column_text][\/vc_column][\/vc_row][vc_row content_placement=&#8221;top&#8221; el_class=&#8221;marginNegative&#8221;][vc_column width=&#8221;1\/3&#8243;][vc_single_image image=&#8221;4371&#8243; img_size=&#8221;large&#8221;][elx_heading text_color=&#8221;inherit&#8221;]U\u0161teda novca, energije i prostora[\/elx_heading][vc_column_text css=&#8221;.vc_custom_1582763036764{margin-bottom: 0px !important;}&#8221; el_class=&#8221;minHeightCirclesText&#8221;]<em>\u201eOprema mojega tima uvijek izgleda najbolje na terenu.\u201c<\/em>[\/vc_column_text][vc_column_text css=&#8221;.vc_custom_1582763085451{margin-top: 15px !important;}&#8221;]<\/p>\n<ul>\n<li>Najbolji rezultati pranja zahvaljuju\u0107i bubnju Electrolux SpeedCare<\/li>\n<li><strong>U\u0161teda energije i novca<\/strong>(energetska u\u010dinkovitost perilice A+++)<\/li>\n<li>Vrlo u\u010dinkovito pranje u kompaktnom formatu kako biste svoj poslovni prostor mogli upotrijebiti na najbolji mogu\u0107i na\u010din.<\/li>\n<\/ul>\n<p>[\/vc_column_text][\/vc_column][vc_column width=&#8221;1\/3&#8243;][vc_single_image image=&#8221;4372&#8243; img_size=&#8221;large&#8221;][elx_heading text_color=&#8221;inherit&#8221; css=&#8221;.vc_custom_1582763101675{margin-top: 0px !important;}&#8221;]Vrhunska kvaliteta u upola manje vremena[\/elx_heading][vc_column_text css=&#8221;.vc_custom_1582763115021{margin-bottom: 0px !important;}&#8221; el_class=&#8221;minHeightCirclesText&#8221;]<em>\u201eNe moram se brinuti o tome ho\u0107e li rublje biti spremno za utakmicu.\u201c<\/em>[\/vc_column_text][vc_column_text css=&#8221;.vc_custom_1582763146444{margin-top: 15px !important;}&#8221;]<\/p>\n<ul>\n<li><strong>Vrlo u\u010dinkovito pranje <\/strong>u kompaktnom formatu kako bi sve bilo spremno za sljede\u0107u utakmicu!<\/li>\n<li>U\u010dinkovito ispu\u0161tanje komadi\u0107a zemlje i kamen\u010di\u0107a iz bubnja zajam\u010deno je rupicama veli\u010dine 4,5 mm.<\/li>\n<li><strong>Kra\u0107i ciklus su\u0161enja<\/strong> uz automatsku kontrolu vlage<\/li>\n<\/ul>\n<p>[\/vc_column_text][\/vc_column][vc_column width=&#8221;1\/3&#8243;][vc_single_image image=&#8221;4373&#8243; img_size=&#8221;large&#8221;][elx_heading text_color=&#8221;inherit&#8221;]Velika brzina koja zadovoljava Va\u0161e profesionalne potrebe[\/elx_heading][vc_column_text css=&#8221;.vc_custom_1582763178891{margin-bottom: 0px !important;}&#8221; el_class=&#8221;minHeightCirclesText&#8221;]<em>\u201eMogu iznajmljivati ru\u010dnike \u010dlanovima kluba i zaraditi dodatan novac.\u201c<\/em>[\/vc_column_text][vc_column_text css=&#8221;.vc_custom_1582763212849{margin-top: 15px !important;}&#8221;]<\/p>\n<ul>\n<li><strong>Profesionalni dezinfekcijski programi<\/strong> kojima se zadovoljavaju visoki higijenski standardi<\/li>\n<li>Vrhunsko rje\u0161enje, izra\u0111eno za <strong>dulji vijek trajanja<\/strong><\/li>\n<li><strong>Jamstvo<\/strong> za profesionalnu upotrebu<\/li>\n<\/ul>\n<p>[\/vc_column_text][\/vc_column][\/vc_row][vc_row][vc_column][vc_empty_space][\/vc_column][\/vc_row][vc_row][vc_column][elx_o2000_contact_us r=&#8221;Htjela\/Htio bih znati vi\u0161e o praoni\u010dkim rje\u0161enjima za sportske i fitness-klubove. Molim vas stupite u kontakt sa mnom.&#8221; s=&#8221;Zahtjev za informacijama o praoni\u010dkim rje\u0161enjima za sportske i fitness-klubove.&#8221; country=&#8221;Croatia&#8221; l=&#8221;hr&#8221; b=&#8221;laundry&#8221;][\/vc_column][\/vc_row][vc_row][vc_column][vc_empty_space][\/vc_column][\/vc_row][vc_row][vc_column width=&#8221;1\/2&#8243;][vc_single_image image=&#8221;4374&#8243; img_size=&#8221;full&#8221;][\/vc_column][vc_column width=&#8221;1\/2&#8243;][elx_heading font_container=&#8221;h5&#8243; text_color=&#8221;inherit&#8221;]Nogometni klub Richmond, Melbourne (Australija)[\/elx_heading][vc_column_text]\u201eU svojoj maloj praonici sada imamo 3 perilice i su\u0161ilice; ure\u0111aji su kompaktni, tihi i sjajno se nose sa 100 \u2013 120 ciklusa pranja tjedno. Vi\u0161e ne moramo brinuti o mrljama od trave ili ostatcima ulja koji predstavljaju opasnost od po\u017eara.\u201c<br \/>\n<strong>Giuseppe Mamone, upravitelj objekta<\/strong>[\/vc_column_text][elx_button button_text=&#8221;Richmond Football Club&#8221; button_style=&#8221;icon&#8221; button_link=&#8221;url:https%3A%2F%2Fwww.electroluxprofessional.com%2Fhr%2Freferences%2Fmypro-for-richmond-football-club%2F|title:Richmond%20Football%20Club||&#8221;][\/vc_column][\/vc_row][vc_row][vc_column][vc_empty_space][\/vc_column][\/vc_row][vc_row css=&#8221;.vc_custom_1534772259989{background-color: #eeeeee !important;}&#8221;][vc_column width=&#8221;2\/3&#8243;][elx_heading font_size=&#8221;h3&#8243; text_color=&#8221;inherit&#8221;]Tra\u017eite produktivnija rje\u0161enja?[\/elx_heading][elx_heading font_container=&#8221;h3&#8243; font_size=&#8221;h5&#8243; text_color=&#8221;inherit&#8221;]Pogledajte na\u0161a komercijalna praoni\u010dka rje\u0161enja.[\/elx_heading][vc_column_text]Electrolux Professional pru\u017ea vam zaokru\u017eenu ponudu proizvoda za potrebe va\u0161e profesionalne praonice.[\/vc_column_text][elx_button button_text=&#8221;Discover our Commercial Laundry Solutions&#8221; button_style=&#8221;icon&#8221; button_link=&#8221;url:https%3A%2F%2Fwww.electroluxprofessional.com%2Fhr%2Fpraonicka-oprema%2F|title:Commercial%20Laundry%20Solutions%20||&#8221;][\/vc_column][vc_column width=&#8221;1\/3&#8243;][vc_empty_space][vc_single_image image=&#8221;2786&#8243; img_size=&#8221;700px&#8221; onclick=&#8221;custom_link&#8221; link=&#8221;http:\/\/https:\/\/www.electroluxprofessional.com\/hr\/your-business\/commercial-laundries\/&#8221;][\/vc_column][\/vc_row]<\/p>\n","protected":false},"excerpt":{"rendered":"<p>[vc_row full_width=&#8221;electroluxpro-full-width-no-padding&#8221; css=&#8221;.vc_custom_1569489800242{background-color: #041e41 !important;}&#8221;][vc_column][vc_single_image image=&#8221;4370&#8243; img_size=&#8221;full&#8221; alignment=&#8221;center&#8221;][\/vc_column][\/vc_row][vc_row][vc_column][vc_empty_space][\/vc_column][\/vc_row][vc_row][vc_column width=&#8221;2\/3&#8243;][elx_heading font_container=&#8221;h1&#8243; text_color=&#8221;electrolux-blue&#8221;]Praoni\u010dka rje\u0161enja za sportske i fitness-klubove[\/elx_heading][vc_column_text]Tvrdokorne mrlje od trave, blata i znoja \u010desto su prevelik zalogaj za obi\u010dne ure\u0111aje za ku\u0107anstvo. Uz myPRO vi\u0161e se ne morate brinuti zbog lo\u0161ih rezultata pranja ili problema s ure\u0111ajima. Jednostavno stavite rublje u ure\u0111aj, pokrenite ga i opustite [&hellip;]<\/p>\n","protected":false},"author":8,"featured_media":0,"parent":0,"menu_order":0,"comment_status":"closed","ping_status":"closed","template":"","meta":{"footnotes":""},"class_list":["post-4375","page","type-page","status-publish","hentry"],"acf":[],"yoast_head":"<!-- This site is optimized with the Yoast SEO plugin v23.3 - https:\/\/yoast.com\/wordpress\/plugins\/seo\/ -->\n<title>Laundry solutions for Sport &amp; Fitness clubs - Electrolux Professional<\/title>\n<meta name=\"description\" content=\"Laundry solutions for Sport &amp; Fitness clubs. Best-in-class dewatering, for shorter cycle times, lower running costs and great results every time.\" \/>\n<meta name=\"robots\" content=\"index, follow, max-snippet:-1, max-image-preview:large, max-video-preview:-1\" \/>\n<link rel=\"canonical\" href=\"https:\/\/www.electroluxprofessional.com\/hr\/sport-fitness-clubs\/\" \/>\n<meta property=\"og:locale\" content=\"hr_HR\" \/>\n<meta property=\"og:type\" content=\"article\" \/>\n<meta property=\"og:title\" content=\"Laundry solutions for Sport &amp; Fitness clubs - Electrolux Professional\" \/>\n<meta property=\"og:description\" content=\"Laundry solutions for Sport &amp; Fitness clubs. Best-in-class dewatering, for shorter cycle times, lower running costs and great results every time.\" \/>\n<meta property=\"og:url\" content=\"https:\/\/www.electroluxprofessional.com\/hr\/sport-fitness-clubs\/\" \/>\n<meta property=\"og:site_name\" content=\"Electrolux Professional Hrvatska\" \/>\n<meta property=\"article:modified_time\" content=\"2025-11-06T13:30:10+00:00\" \/>\n<meta name=\"twitter:card\" content=\"summary_large_image\" \/>\n<meta name=\"twitter:label1\" content=\"Procijenjeno vrijeme \u010ditanja\" \/>\n\t<meta name=\"twitter:data1\" content=\"3 minute\" \/>\n<script type=\"application\/ld+json\" class=\"yoast-schema-graph\">{\"@context\":\"https:\/\/schema.org\",\"@graph\":[{\"@type\":\"WebPage\",\"@id\":\"https:\/\/www.electroluxprofessional.com\/hr\/sport-fitness-clubs\/\",\"url\":\"https:\/\/www.electroluxprofessional.com\/hr\/sport-fitness-clubs\/\",\"name\":\"Laundry solutions for Sport & Fitness clubs - Electrolux Professional\",\"isPartOf\":{\"@id\":\"https:\/\/www.electroluxprofessional.com\/hr\/#website\"},\"datePublished\":\"2019-11-08T08:38:47+00:00\",\"dateModified\":\"2025-11-06T13:30:10+00:00\",\"description\":\"Laundry solutions for Sport & Fitness clubs. Best-in-class dewatering, for shorter cycle times, lower running costs and great results every time.\",\"breadcrumb\":{\"@id\":\"https:\/\/www.electroluxprofessional.com\/hr\/sport-fitness-clubs\/#breadcrumb\"},\"inLanguage\":\"hr\",\"potentialAction\":[{\"@type\":\"ReadAction\",\"target\":[\"https:\/\/www.electroluxprofessional.com\/hr\/sport-fitness-clubs\/\"]}]},{\"@type\":\"BreadcrumbList\",\"@id\":\"https:\/\/www.electroluxprofessional.com\/hr\/sport-fitness-clubs\/#breadcrumb\",\"itemListElement\":[{\"@type\":\"ListItem\",\"position\":1,\"name\":\"Po\u010detna stranica\",\"item\":\"https:\/\/www.electroluxprofessional.com\/hr\/\"},{\"@type\":\"ListItem\",\"position\":2,\"name\":\"Sport &#038; Fitness clubs\"}]},{\"@type\":\"WebSite\",\"@id\":\"https:\/\/www.electroluxprofessional.com\/hr\/#website\",\"url\":\"https:\/\/www.electroluxprofessional.com\/hr\/\",\"name\":\"Electrolux Professional Hrvatska\",\"description\":\"\",\"potentialAction\":[{\"@type\":\"SearchAction\",\"target\":{\"@type\":\"EntryPoint\",\"urlTemplate\":\"https:\/\/www.electroluxprofessional.com\/hr\/?src={search_term_string}\"},\"query-input\":\"required name=search_term_string\"}],\"inLanguage\":\"hr\"}]}<\/script>\n<!-- \/ Yoast SEO plugin. -->","yoast_head_json":{"title":"Laundry solutions for Sport & Fitness clubs - Electrolux Professional","description":"Laundry solutions for Sport & Fitness clubs. Best-in-class dewatering, for shorter cycle times, lower running costs and great results every time.","robots":{"index":"index","follow":"follow","max-snippet":"max-snippet:-1","max-image-preview":"max-image-preview:large","max-video-preview":"max-video-preview:-1"},"canonical":"https:\/\/www.electroluxprofessional.com\/hr\/sport-fitness-clubs\/","og_locale":"hr_HR","og_type":"article","og_title":"Laundry solutions for Sport & Fitness clubs - Electrolux Professional","og_description":"Laundry solutions for Sport & Fitness clubs. Best-in-class dewatering, for shorter cycle times, lower running costs and great results every time.","og_url":"https:\/\/www.electroluxprofessional.com\/hr\/sport-fitness-clubs\/","og_site_name":"Electrolux Professional Hrvatska","article_modified_time":"2025-11-06T13:30:10+00:00","twitter_card":"summary_large_image","twitter_misc":{"Procijenjeno vrijeme \u010ditanja":"3 minute"},"schema":{"@context":"https:\/\/schema.org","@graph":[{"@type":"WebPage","@id":"https:\/\/www.electroluxprofessional.com\/hr\/sport-fitness-clubs\/","url":"https:\/\/www.electroluxprofessional.com\/hr\/sport-fitness-clubs\/","name":"Laundry solutions for Sport & Fitness clubs - Electrolux Professional","isPartOf":{"@id":"https:\/\/www.electroluxprofessional.com\/hr\/#website"},"datePublished":"2019-11-08T08:38:47+00:00","dateModified":"2025-11-06T13:30:10+00:00","description":"Laundry solutions for Sport & Fitness clubs. Best-in-class dewatering, for shorter cycle times, lower running costs and great results every time.","breadcrumb":{"@id":"https:\/\/www.electroluxprofessional.com\/hr\/sport-fitness-clubs\/#breadcrumb"},"inLanguage":"hr","potentialAction":[{"@type":"ReadAction","target":["https:\/\/www.electroluxprofessional.com\/hr\/sport-fitness-clubs\/"]}]},{"@type":"BreadcrumbList","@id":"https:\/\/www.electroluxprofessional.com\/hr\/sport-fitness-clubs\/#breadcrumb","itemListElement":[{"@type":"ListItem","position":1,"name":"Po\u010detna stranica","item":"https:\/\/www.electroluxprofessional.com\/hr\/"},{"@type":"ListItem","position":2,"name":"Sport &#038; Fitness clubs"}]},{"@type":"WebSite","@id":"https:\/\/www.electroluxprofessional.com\/hr\/#website","url":"https:\/\/www.electroluxprofessional.com\/hr\/","name":"Electrolux Professional Hrvatska","description":"","potentialAction":[{"@type":"SearchAction","target":{"@type":"EntryPoint","urlTemplate":"https:\/\/www.electroluxprofessional.com\/hr\/?src={search_term_string}"},"query-input":"required name=search_term_string"}],"inLanguage":"hr"}]}},"_links":{"self":[{"href":"https:\/\/www.electroluxprofessional.com\/hr\/wp-json\/wp\/v2\/pages\/4375"}],"collection":[{"href":"https:\/\/www.electroluxprofessional.com\/hr\/wp-json\/wp\/v2\/pages"}],"about":[{"href":"https:\/\/www.electroluxprofessional.com\/hr\/wp-json\/wp\/v2\/types\/page"}],"author":[{"embeddable":true,"href":"https:\/\/www.electroluxprofessional.com\/hr\/wp-json\/wp\/v2\/users\/8"}],"replies":[{"embeddable":true,"href":"https:\/\/www.electroluxprofessional.com\/hr\/wp-json\/wp\/v2\/comments?post=4375"}],"version-history":[{"count":6,"href":"https:\/\/www.electroluxprofessional.com\/hr\/wp-json\/wp\/v2\/pages\/4375\/revisions"}],"predecessor-version":[{"id":119003,"href":"https:\/\/www.electroluxprofessional.com\/hr\/wp-json\/wp\/v2\/pages\/4375\/revisions\/119003"}],"wp:attachment":[{"href":"https:\/\/www.electroluxprofessional.com\/hr\/wp-json\/wp\/v2\/media?parent=4375"}],"curies":[{"name":"wp","href":"https:\/\/api.w.org\/{rel}","templated":true}]}}