{"id":4366,"date":"2019-10-22T18:00:49","date_gmt":"2019-10-22T16:00:49","guid":{"rendered":"https:\/\/www.electroluxprofessional.com\/?page_id=25455"},"modified":"2025-11-06T13:30:00","modified_gmt":"2025-11-06T13:30:00","slug":"frizerski-saloni-i-saloni-za-uljepsavanje","status":"publish","type":"page","link":"https:\/\/www.electroluxprofessional.com\/hr\/frizerski-saloni-i-saloni-za-uljepsavanje\/","title":{"rendered":"Frizerski saloni i saloni za uljep\u0161avanje"},"content":{"rendered":"<p>[vc_row full_width=&#8221;electroluxpro-full-width-no-padding&#8221; css=&#8221;.vc_custom_1569489800242{background-color: #041e41 !important;}&#8221;][vc_column][vc_single_image image=&#8221;4362&#8243; img_size=&#8221;full&#8221; alignment=&#8221;center&#8221;][\/vc_column][\/vc_row][vc_row][vc_column][vc_empty_space][\/vc_column][\/vc_row][vc_row][vc_column width=&#8221;2\/3&#8243;][elx_heading font_container=&#8221;h1&#8243; text_color=&#8221;electrolux-blue&#8221;]Praoni\u010dka rje\u0161enja za frizerske salone i salone za uljep\u0161avanje[\/elx_heading][vc_column_text]Kada u <strong>praonici<\/strong> <strong>frizerskoga salona<\/strong> upotrebljavate ure\u0111aje za ku\u0107anstva, svakodnevno se susre\u0107ete s problemom sporih programa i za\u010depljenih odvoda.<br \/>\nUz myPRO se mo\u017eete usredoto\u010diti na svoj posao. Vrhunski rezultati pranja, brzo i jednostavno, bez pote\u0161ko\u0107a.[\/vc_column_text][elx_button button_text=&#8221;Go to products&#8221; button_style=&#8221;icon&#8221; button_link=&#8221;url:https%3A%2F%2Fwww.electroluxprofessional.com%2Fhr%2Fcommercial-laundry-equipment%2Fmypro-washers-dryers-steam-ironers%2F|title:myPRO%20washers%2C%20dryers%20and%20steam%20ironers%20for%20small%20businesses||&#8221;][\/vc_column][vc_column width=&#8221;1\/3&#8243;][elx_heading text_color=&#8221;electrolux-blue&#8221;]Preuzmite svoju bro\u0161uru.[\/elx_heading][elx_download_block text=&#8221;Praoni\u010dka rje\u0161enja myPRO<br \/>\nza frizerske salone i salone za uljep\u0161avanje&#8221; document_type=&#8221;leaflets&#8221; background_color=&#8221;laundry-solutions&#8221; le_document_number=&#8221;CLF-9JE00013&#8243;][\/vc_column][\/vc_row][vc_row][vc_column][vc_single_image image=&#8221;4261&#8243; img_size=&#8221;full&#8221; alignment=&#8221;center&#8221;][\/vc_column][\/vc_row][vc_row content_placement=&#8221;top&#8221; el_class=&#8221;marginNegative&#8221;][vc_column width=&#8221;1\/3&#8243;][vc_empty_space][elx_heading font_container=&#8221;h5&#8243; font_size=&#8221;h5&#8243; text_color=&#8221;inherit&#8221;]Profesionalni programi[\/elx_heading][vc_column_text]myPRO Vam nudi <strong>najbolju njegu rublja<\/strong> i pru\u017ea Vam mekano, svje\u017ee i higijenski \u010disto rublje u pravi \u010das zahvaljuju\u0107i izdr\u017eljivim perilicama, u\u010dinkovitim su\u0161ilicama i produktivnim valjcima za gla\u010danje.[\/vc_column_text][\/vc_column][vc_column width=&#8221;1\/3&#8243;][vc_empty_space][elx_heading font_container=&#8221;h5&#8243; font_size=&#8221;h5&#8243; text_color=&#8221;inherit&#8221;]Dezinfekcijski programi[\/elx_heading][vc_column_text]Ve\u0107a fleksibilnost uz programe za \u0161irok raspon primjena, uklju\u010duju\u0107i <strong>dezinfekcijske programe <\/strong>uz koje \u0107ete lak\u0161e ispuniti zahtjeve povezane s higijenom i \u010disto\u0107om.[\/vc_column_text][\/vc_column][vc_column width=&#8221;1\/3&#8243;][vc_empty_space][elx_heading font_container=&#8221;h5&#8243; font_size=&#8221;h5&#8243; text_color=&#8221;inherit&#8221;]Gornji i prednji dio od nehr\u0111aju\u0107eg \u010delika za jednostavno \u010di\u0161\u0107enje[\/elx_heading][vc_column_text]Elegantna i \u010dvrsta vanjska povr\u0161ina <strong>otporna na koroziju<\/strong> koja \u0107e sjajno izgledati u Va\u0161em salonu.<br \/>\nU\u017eivajte u rje\u0161enju vrhunske kvalitete uz gornji i prednji dio od nehr\u0111aju\u0107eg \u010delika za jednostavno \u010di\u0161\u0107enje.[\/vc_column_text][\/vc_column][\/vc_row][vc_row content_placement=&#8221;top&#8221; el_class=&#8221;marginNegative&#8221;][vc_column width=&#8221;1\/3&#8243;][vc_single_image image=&#8221;4363&#8243; img_size=&#8221;large&#8221;][elx_heading text_color=&#8221;inherit&#8221;]Vrhunska higijena<br \/>\ni pouzdanost[\/elx_heading][vc_column_text css=&#8221;.vc_custom_1582761993463{margin-bottom: 0px !important;}&#8221; el_class=&#8221;minHeightCirclesText&#8221;]<em>\u201eInfekcije ko\u017ee i noktiju vi\u0161e me ne brinu.\u201c<\/em>[\/vc_column_text][vc_column_text css=&#8221;.vc_custom_1582762038824{margin-top: 15px !important;}&#8221;]<\/p>\n<ul>\n<li class=\"li1\"><strong>Profesionalni dezinfekcijski programi<\/strong> kojima se osigurava higijena ru\u010dnika<\/li>\n<li><strong>U\u010dinkovito ispu\u0161tanje <\/strong>kose i \u010destica iz bubnja zajam\u010deno je <em>rupicama veli\u010dine 4,5 mm<\/em>.<\/li>\n<li class=\"li2\"><strong>Ure\u0111aj traje 3 puta dulje<\/strong> od ure\u0111aja za ku\u0107anstvo zahvaljuju\u0107i <em>profesionalnim dijelovima<\/em><\/li>\n<\/ul>\n<p>[\/vc_column_text][\/vc_column][vc_column width=&#8221;1\/3&#8243;][vc_single_image image=&#8221;4364&#8243; img_size=&#8221;large&#8221;][elx_heading text_color=&#8221;inherit&#8221; css=&#8221;.vc_custom_1582762060127{margin-top: 0px !important;}&#8221;]Rezultati pranja<br \/>\nvrhunske kvalitete[\/elx_heading][vc_column_text css=&#8221;.vc_custom_1582762089308{margin-bottom: 0px !important;}&#8221; el_class=&#8221;minHeightCirclesText&#8221;]<em>\u201eMoji \u0107e klijenti odmah primijetiti razliku. Ru\u010dnici su \u010di\u0161\u0107i i mek\u0161i te miri\u0161u svje\u017eije.\u201c<\/em>[\/vc_column_text][vc_column_text css=&#8221;.vc_custom_1582762148965{margin-top: 15px !important;}&#8221;]<\/p>\n<ul>\n<li class=\"li1\"><strong>Najbolji rezultati pranja<\/strong> i <strong>njege odje\u0107e <\/strong>zahvaljuju\u0107i <em>bubnju SpeedCare<\/em><\/li>\n<li><span class=\"s1\"><b><strong>U\u0161teda energije i novca<\/strong><br \/>\n<\/b><\/span><em>Energetska u\u010dinkovitost perilice A+++<\/em><br \/>\n<em>Energetska u\u010dinkovitost su\u0161ilice s toplinskom pumpom A++<\/em><\/li>\n<li><strong>Vrlo u\u010dinkovito pranje <\/strong>u <em>kompaktnom formatu <\/em>kako biste svoj prostor mogli upotrijebiti na najbolji mogu\u0107i na\u010din<\/li>\n<\/ul>\n<p>[\/vc_column_text][\/vc_column][vc_column width=&#8221;1\/3&#8243;][vc_single_image image=&#8221;4365&#8243; img_size=&#8221;large&#8221;][elx_heading text_color=&#8221;inherit&#8221;]Velika brzina koja zadovoljava Va\u0161e profesionalne potrebe[\/elx_heading][vc_column_text css=&#8221;.vc_custom_1582762194628{margin-bottom: 0px !important;}&#8221; el_class=&#8221;minHeightCirclesText&#8221;]<em>\u201eBez brige sam i ne moram razmi\u0161ljati o kvarovima.\u201c<\/em>[\/vc_column_text][vc_column_text css=&#8221;.vc_custom_1582762223771{margin-top: 15px !important;}&#8221;]<\/p>\n<ul>\n<li class=\"li1\"><strong>Do 50\u2009% br\u017ee <\/strong>uz <em>profesionalne programe<\/em><\/li>\n<li class=\"li1\"><strong>Bolji rezultati u kra\u0107em vremenu <\/strong>uz upotrebu pare prilikom gla\u010danja<\/li>\n<li class=\"li1\"><strong>Kra\u0107i ciklus su\u0161enja<\/strong> uz <em>automatsku kontrolu vlage<\/em><\/li>\n<\/ul>\n<p>[\/vc_column_text][\/vc_column][\/vc_row][vc_row css=&#8221;.vc_custom_1571302025360{padding-top: 32px !important;padding-bottom: 32px !important;}&#8221;][vc_column width=&#8221;1\/2&#8243;][elx_video_block background_image=&#8221;4361&#8243; is_full_height=&#8221;full-height&#8221; video_link=&#8221;https:\/\/www.youtube.com\/watch?v=tKL9zCjHyaY&#8221; minimum_height=&#8221;320px&#8221;][\/vc_column][vc_column width=&#8221;1\/2&#8243;][elx_heading font_container=&#8221;h5&#8243; font_size=&#8221;h5&#8243; text_color=&#8221;inherit&#8221;]Frizerski salon MAXG, Pordenone (Italija)[\/elx_heading][vc_column_text]\u201eZovem se Massimo Catalano i frizer sam. Moja sestra i ja zapo\u010deli smo ovu pustolovinu u frizerskom salonu svojih roditelja, a sada smo vlasnici \u0161est salona.<br \/>\nDosad smo uvijek upotrebljavali perilicu i su\u0161ilicu rublja za ku\u0107anstvo, no one nam nikada nisu bile dovoljne za na\u0161 velik opseg posla. A onda smo otkrili myPRO&#8230;\u201c[\/vc_column_text][\/vc_column][\/vc_row][vc_row][vc_column][vc_empty_space][\/vc_column][\/vc_row][vc_row][vc_column][elx_o2000_contact_us r=&#8221;Htjela\/Htio bih znati vi\u0161e o praoni\u010dkim rje\u0161enjima za frizerske salone i salone za uljep\u0161avanje. Molim vas stupite u kontakt sa mnom.&#8221; s=&#8221;Zahtjev za informacijama o praoni\u010dkim rje\u0161enjima za frizerske salone i salone za uljep\u0161avanje.&#8221; country=&#8221;Croatia&#8221; l=&#8221;hr&#8221; b=&#8221;laundry&#8221;][\/vc_column][\/vc_row][vc_row][vc_column][vc_empty_space][\/vc_column][\/vc_row][vc_row css=&#8221;.vc_custom_1534772259989{background-color: #eeeeee !important;}&#8221;][vc_column width=&#8221;2\/3&#8243;][elx_heading font_size=&#8221;h3&#8243; text_color=&#8221;inherit&#8221;]Tra\u017eite produktivnija rje\u0161enja?[\/elx_heading][elx_heading font_container=&#8221;h3&#8243; font_size=&#8221;h5&#8243; text_color=&#8221;inherit&#8221;]Pogledajte na\u0161a komercijalna praoni\u010dka rje\u0161enja.[\/elx_heading][vc_column_text]Electrolux Professional pru\u017ea vam zaokru\u017eenu ponudu proizvoda za potrebe va\u0161e profesionalne praonice.[\/vc_column_text][elx_button button_text=&#8221;Discover our Commercial Laundry Solutions&#8221; button_style=&#8221;icon&#8221; button_link=&#8221;url:https%3A%2F%2Fwww.electroluxprofessional.com%2Fhr%2Fpraonicka-oprema%2F|title:Commercial%20Laundry%20Solutions%20||&#8221;][\/vc_column][vc_column width=&#8221;1\/3&#8243;][vc_empty_space][vc_single_image image=&#8221;2786&#8243; img_size=&#8221;700px&#8221; onclick=&#8221;custom_link&#8221; link=&#8221;http:\/\/https:\/\/www.electroluxprofessional.com\/hr\/your-business\/commercial-laundries\/&#8221;][\/vc_column][\/vc_row]<\/p>\n","protected":false},"excerpt":{"rendered":"<p>[vc_row full_width=&#8221;electroluxpro-full-width-no-padding&#8221; css=&#8221;.vc_custom_1569489800242{background-color: #041e41 !important;}&#8221;][vc_column][vc_single_image image=&#8221;4362&#8243; img_size=&#8221;full&#8221; alignment=&#8221;center&#8221;][\/vc_column][\/vc_row][vc_row][vc_column][vc_empty_space][\/vc_column][\/vc_row][vc_row][vc_column width=&#8221;2\/3&#8243;][elx_heading font_container=&#8221;h1&#8243; text_color=&#8221;electrolux-blue&#8221;]Praoni\u010dka rje\u0161enja za frizerske salone i salone za uljep\u0161avanje[\/elx_heading][vc_column_text]Kada u praonici frizerskoga salona upotrebljavate ure\u0111aje za ku\u0107anstva, svakodnevno se susre\u0107ete s problemom sporih programa i za\u010depljenih odvoda. Uz myPRO se mo\u017eete usredoto\u010diti na svoj posao. Vrhunski rezultati pranja, brzo i jednostavno, bez pote\u0161ko\u0107a.[\/vc_column_text][elx_button button_text=&#8221;Go to [&hellip;]<\/p>\n","protected":false},"author":8,"featured_media":4360,"parent":0,"menu_order":0,"comment_status":"closed","ping_status":"closed","template":"","meta":{"footnotes":""},"class_list":["post-4366","page","type-page","status-publish","has-post-thumbnail","hentry"],"acf":[],"yoast_head":"<!-- This site is optimized with the Yoast SEO plugin v23.3 - https:\/\/yoast.com\/wordpress\/plugins\/seo\/ -->\n<title>Frizerski saloni i saloni za uljep\u0161avanje - Electrolux Professional Hrvatska<\/title>\n<meta name=\"description\" content=\"Praoni\u010dka rje\u0161enja za frizerske salone i salone za uljep\u0161avanje. Vrhunski rezultati pranja, brzo i jednostavno, bez te\u0161ko\u0107a.\" \/>\n<meta name=\"robots\" content=\"index, follow, max-snippet:-1, max-image-preview:large, max-video-preview:-1\" \/>\n<link rel=\"canonical\" href=\"https:\/\/www.electroluxprofessional.com\/hr\/frizerski-saloni-i-saloni-za-uljepsavanje\/\" \/>\n<meta property=\"og:locale\" content=\"hr_HR\" \/>\n<meta property=\"og:type\" content=\"article\" \/>\n<meta property=\"og:title\" content=\"Frizerski saloni i saloni za uljep\u0161avanje - Electrolux Professional Hrvatska\" \/>\n<meta property=\"og:description\" content=\"Praoni\u010dka rje\u0161enja za frizerske salone i salone za uljep\u0161avanje. Vrhunski rezultati pranja, brzo i jednostavno, bez te\u0161ko\u0107a.\" \/>\n<meta property=\"og:url\" content=\"https:\/\/www.electroluxprofessional.com\/hr\/frizerski-saloni-i-saloni-za-uljepsavanje\/\" \/>\n<meta property=\"og:site_name\" content=\"Electrolux Professional Hrvatska\" \/>\n<meta property=\"article:modified_time\" content=\"2025-11-06T13:30:00+00:00\" \/>\n<meta property=\"og:image\" content=\"https:\/\/www.electroluxprofessional.com\/hr\/wp-content\/uploads\/2019\/09\/myPRO-health-beauty-salon-1170x546.jpg\" \/>\n\t<meta property=\"og:image:width\" content=\"1170\" \/>\n\t<meta property=\"og:image:height\" content=\"546\" \/>\n\t<meta property=\"og:image:type\" content=\"image\/jpeg\" \/>\n<meta name=\"twitter:card\" content=\"summary_large_image\" \/>\n<meta name=\"twitter:label1\" content=\"Procijenjeno vrijeme \u010ditanja\" \/>\n\t<meta name=\"twitter:data1\" content=\"3 minute\" \/>\n<script type=\"application\/ld+json\" class=\"yoast-schema-graph\">{\"@context\":\"https:\/\/schema.org\",\"@graph\":[{\"@type\":\"WebPage\",\"@id\":\"https:\/\/www.electroluxprofessional.com\/hr\/frizerski-saloni-i-saloni-za-uljepsavanje\/\",\"url\":\"https:\/\/www.electroluxprofessional.com\/hr\/frizerski-saloni-i-saloni-za-uljepsavanje\/\",\"name\":\"Frizerski saloni i saloni za uljep\u0161avanje - Electrolux Professional Hrvatska\",\"isPartOf\":{\"@id\":\"https:\/\/www.electroluxprofessional.com\/hr\/#website\"},\"primaryImageOfPage\":{\"@id\":\"https:\/\/www.electroluxprofessional.com\/hr\/frizerski-saloni-i-saloni-za-uljepsavanje\/#primaryimage\"},\"image\":{\"@id\":\"https:\/\/www.electroluxprofessional.com\/hr\/frizerski-saloni-i-saloni-za-uljepsavanje\/#primaryimage\"},\"thumbnailUrl\":\"https:\/\/www.electroluxprofessional.com\/hr\/wp-content\/uploads\/2019\/09\/myPRO-health-beauty-salon-1170x546.jpg\",\"datePublished\":\"2019-10-22T16:00:49+00:00\",\"dateModified\":\"2025-11-06T13:30:00+00:00\",\"description\":\"Praoni\u010dka rje\u0161enja za frizerske salone i salone za uljep\u0161avanje. Vrhunski rezultati pranja, brzo i jednostavno, bez te\u0161ko\u0107a.\",\"breadcrumb\":{\"@id\":\"https:\/\/www.electroluxprofessional.com\/hr\/frizerski-saloni-i-saloni-za-uljepsavanje\/#breadcrumb\"},\"inLanguage\":\"hr\",\"potentialAction\":[{\"@type\":\"ReadAction\",\"target\":[\"https:\/\/www.electroluxprofessional.com\/hr\/frizerski-saloni-i-saloni-za-uljepsavanje\/\"]}]},{\"@type\":\"ImageObject\",\"inLanguage\":\"hr\",\"@id\":\"https:\/\/www.electroluxprofessional.com\/hr\/frizerski-saloni-i-saloni-za-uljepsavanje\/#primaryimage\",\"url\":\"https:\/\/www.electroluxprofessional.com\/hr\/wp-content\/uploads\/2019\/09\/myPRO-health-beauty-salon-1170x546.jpg\",\"contentUrl\":\"https:\/\/www.electroluxprofessional.com\/hr\/wp-content\/uploads\/2019\/09\/myPRO-health-beauty-salon-1170x546.jpg\",\"width\":1170,\"height\":546,\"caption\":\"myPRO health beauty salon 1170x546\"},{\"@type\":\"BreadcrumbList\",\"@id\":\"https:\/\/www.electroluxprofessional.com\/hr\/frizerski-saloni-i-saloni-za-uljepsavanje\/#breadcrumb\",\"itemListElement\":[{\"@type\":\"ListItem\",\"position\":1,\"name\":\"Po\u010detna stranica\",\"item\":\"https:\/\/www.electroluxprofessional.com\/hr\/\"},{\"@type\":\"ListItem\",\"position\":2,\"name\":\"Frizerski saloni i saloni za uljep\u0161avanje\"}]},{\"@type\":\"WebSite\",\"@id\":\"https:\/\/www.electroluxprofessional.com\/hr\/#website\",\"url\":\"https:\/\/www.electroluxprofessional.com\/hr\/\",\"name\":\"Electrolux Professional Hrvatska\",\"description\":\"\",\"potentialAction\":[{\"@type\":\"SearchAction\",\"target\":{\"@type\":\"EntryPoint\",\"urlTemplate\":\"https:\/\/www.electroluxprofessional.com\/hr\/?src={search_term_string}\"},\"query-input\":\"required name=search_term_string\"}],\"inLanguage\":\"hr\"}]}<\/script>\n<!-- \/ Yoast SEO plugin. -->","yoast_head_json":{"title":"Frizerski saloni i saloni za uljep\u0161avanje - Electrolux Professional Hrvatska","description":"Praoni\u010dka rje\u0161enja za frizerske salone i salone za uljep\u0161avanje. Vrhunski rezultati pranja, brzo i jednostavno, bez te\u0161ko\u0107a.","robots":{"index":"index","follow":"follow","max-snippet":"max-snippet:-1","max-image-preview":"max-image-preview:large","max-video-preview":"max-video-preview:-1"},"canonical":"https:\/\/www.electroluxprofessional.com\/hr\/frizerski-saloni-i-saloni-za-uljepsavanje\/","og_locale":"hr_HR","og_type":"article","og_title":"Frizerski saloni i saloni za uljep\u0161avanje - Electrolux Professional Hrvatska","og_description":"Praoni\u010dka rje\u0161enja za frizerske salone i salone za uljep\u0161avanje. Vrhunski rezultati pranja, brzo i jednostavno, bez te\u0161ko\u0107a.","og_url":"https:\/\/www.electroluxprofessional.com\/hr\/frizerski-saloni-i-saloni-za-uljepsavanje\/","og_site_name":"Electrolux Professional Hrvatska","article_modified_time":"2025-11-06T13:30:00+00:00","og_image":[{"width":1170,"height":546,"url":"https:\/\/www.electroluxprofessional.com\/hr\/wp-content\/uploads\/2019\/09\/myPRO-health-beauty-salon-1170x546.jpg","type":"image\/jpeg"}],"twitter_card":"summary_large_image","twitter_misc":{"Procijenjeno vrijeme \u010ditanja":"3 minute"},"schema":{"@context":"https:\/\/schema.org","@graph":[{"@type":"WebPage","@id":"https:\/\/www.electroluxprofessional.com\/hr\/frizerski-saloni-i-saloni-za-uljepsavanje\/","url":"https:\/\/www.electroluxprofessional.com\/hr\/frizerski-saloni-i-saloni-za-uljepsavanje\/","name":"Frizerski saloni i saloni za uljep\u0161avanje - Electrolux Professional Hrvatska","isPartOf":{"@id":"https:\/\/www.electroluxprofessional.com\/hr\/#website"},"primaryImageOfPage":{"@id":"https:\/\/www.electroluxprofessional.com\/hr\/frizerski-saloni-i-saloni-za-uljepsavanje\/#primaryimage"},"image":{"@id":"https:\/\/www.electroluxprofessional.com\/hr\/frizerski-saloni-i-saloni-za-uljepsavanje\/#primaryimage"},"thumbnailUrl":"https:\/\/www.electroluxprofessional.com\/hr\/wp-content\/uploads\/2019\/09\/myPRO-health-beauty-salon-1170x546.jpg","datePublished":"2019-10-22T16:00:49+00:00","dateModified":"2025-11-06T13:30:00+00:00","description":"Praoni\u010dka rje\u0161enja za frizerske salone i salone za uljep\u0161avanje. Vrhunski rezultati pranja, brzo i jednostavno, bez te\u0161ko\u0107a.","breadcrumb":{"@id":"https:\/\/www.electroluxprofessional.com\/hr\/frizerski-saloni-i-saloni-za-uljepsavanje\/#breadcrumb"},"inLanguage":"hr","potentialAction":[{"@type":"ReadAction","target":["https:\/\/www.electroluxprofessional.com\/hr\/frizerski-saloni-i-saloni-za-uljepsavanje\/"]}]},{"@type":"ImageObject","inLanguage":"hr","@id":"https:\/\/www.electroluxprofessional.com\/hr\/frizerski-saloni-i-saloni-za-uljepsavanje\/#primaryimage","url":"https:\/\/www.electroluxprofessional.com\/hr\/wp-content\/uploads\/2019\/09\/myPRO-health-beauty-salon-1170x546.jpg","contentUrl":"https:\/\/www.electroluxprofessional.com\/hr\/wp-content\/uploads\/2019\/09\/myPRO-health-beauty-salon-1170x546.jpg","width":1170,"height":546,"caption":"myPRO health beauty salon 1170x546"},{"@type":"BreadcrumbList","@id":"https:\/\/www.electroluxprofessional.com\/hr\/frizerski-saloni-i-saloni-za-uljepsavanje\/#breadcrumb","itemListElement":[{"@type":"ListItem","position":1,"name":"Po\u010detna stranica","item":"https:\/\/www.electroluxprofessional.com\/hr\/"},{"@type":"ListItem","position":2,"name":"Frizerski saloni i saloni za uljep\u0161avanje"}]},{"@type":"WebSite","@id":"https:\/\/www.electroluxprofessional.com\/hr\/#website","url":"https:\/\/www.electroluxprofessional.com\/hr\/","name":"Electrolux Professional Hrvatska","description":"","potentialAction":[{"@type":"SearchAction","target":{"@type":"EntryPoint","urlTemplate":"https:\/\/www.electroluxprofessional.com\/hr\/?src={search_term_string}"},"query-input":"required name=search_term_string"}],"inLanguage":"hr"}]}},"_links":{"self":[{"href":"https:\/\/www.electroluxprofessional.com\/hr\/wp-json\/wp\/v2\/pages\/4366"}],"collection":[{"href":"https:\/\/www.electroluxprofessional.com\/hr\/wp-json\/wp\/v2\/pages"}],"about":[{"href":"https:\/\/www.electroluxprofessional.com\/hr\/wp-json\/wp\/v2\/types\/page"}],"author":[{"embeddable":true,"href":"https:\/\/www.electroluxprofessional.com\/hr\/wp-json\/wp\/v2\/users\/8"}],"replies":[{"embeddable":true,"href":"https:\/\/www.electroluxprofessional.com\/hr\/wp-json\/wp\/v2\/comments?post=4366"}],"version-history":[{"count":7,"href":"https:\/\/www.electroluxprofessional.com\/hr\/wp-json\/wp\/v2\/pages\/4366\/revisions"}],"predecessor-version":[{"id":119002,"href":"https:\/\/www.electroluxprofessional.com\/hr\/wp-json\/wp\/v2\/pages\/4366\/revisions\/119002"}],"wp:featuredmedia":[{"embeddable":true,"href":"https:\/\/www.electroluxprofessional.com\/hr\/wp-json\/wp\/v2\/media\/4360"}],"wp:attachment":[{"href":"https:\/\/www.electroluxprofessional.com\/hr\/wp-json\/wp\/v2\/media?parent=4366"}],"curies":[{"name":"wp","href":"https:\/\/api.w.org\/{rel}","templated":true}]}}