{"id":42296,"date":"2019-03-28T17:10:36","date_gmt":"2019-03-28T16:10:36","guid":{"rendered":"https:\/\/www.electroluxprofessional.com\/?page_id=22200"},"modified":"2025-11-06T13:32:41","modified_gmt":"2025-11-06T13:32:41","slug":"uredaji-za-tocenje-hladnih-napitaka","status":"publish","type":"page","link":"https:\/\/www.electroluxprofessional.com\/hr\/rjesenja-za-napitke\/uredaji-za-tocenje-hladnih-napitaka\/","title":{"rendered":"Ure\u0111aji za to\u010denje hladnih napitaka"},"content":{"rendered":"<p>[vc_row full_width=&#8221;electroluxpro-full-width-no-padding&#8221;][vc_column][elx_image_block background_image=&#8221;4548&#8243; minimum_height=&#8221;350px&#8221;][vc_empty_space][\/vc_column][\/vc_row][vc_row][vc_column][vc_empty_space][elx_heading font_container=&#8221;h1&#8243; font_size=&#8221;h3&#8243; text_color=&#8221;electrolux-blue&#8221; text_align=&#8221;text-left&#8221;]Ure\u0111aji za to\u010denje hladnih napitaka[\/elx_heading][vc_empty_space][\/vc_column][\/vc_row][vc_row][vc_column width=&#8221;1\/2&#8243;][elx_heading text_color=&#8221;inherit&#8221;]Ure\u0111aji za stvaranje mjehuri\u0107a Simplicity[\/elx_heading][vc_column_text]<strong>Birajte me\u0111u bezbrojnim okusima uz jedno jednostavno rje\u0161enje<\/strong>.\u00a0Zbog fleksibilnosti izbora, sigurnosti i jednostavnosti upotrebe, ure\u0111aji za to\u010denje hladnih napitaka rje\u0161enje su za vas ako svojim gostima \u017eelite ponuditi inovativne i ukusne nove mogu\u0107nosti konzumacije pi\u0107a.[\/vc_column_text][vc_empty_space][elx_download_block text=&#8221;Katalog rje\u0161enja za napitke&#8221; document_type=&#8221;brochures&#8221; background_color=&#8221;electrolux-blue&#8221; br_document_number=&#8221;BR-9JE00131&#8243;][elx_heading text_color=&#8221;inherit&#8221;]Manje je vi\u0161e[\/elx_heading][vc_column_text]<strong>Zauzimaju manje prostora<\/strong> zbog kompaktnih dimenzija.<br \/>\nZa \u010di\u0161\u0107enje morate izdvojiti <strong>manje vremena<\/strong>.<br \/>\n<strong>Manje otpada<\/strong> jer se iz posuda ispu\u0161ta i posljednja kap napitka.[\/vc_column_text][elx_heading text_color=&#8221;inherit&#8221;]Vi\u0161e sigurnosti i bolja usluga[\/elx_heading][vc_column_text]<strong>Zamjenjive posude koje ne sadr\u017eavaju BPA<\/strong> opremljene <strong>poklopcem koji se mo\u017ee zaklju\u010dati<\/strong> \u0161tite va\u0161e napitke i va\u0161e goste.[\/vc_column_text][vc_single_image image=&#8221;42294&#8243; img_size=&#8221;full&#8221; alignment=&#8221;center&#8221;][vc_empty_space][\/vc_column][vc_column width=&#8221;1\/2&#8243;][vc_single_image image=&#8221;42295&#8243; img_size=&#8221;450*627&#8243; alignment=&#8221;right&#8221;][vc_empty_space height=&#8221;42px&#8221;][vc_empty_space height=&#8221;42px&#8221;][elx_heading font_size=&#8221;h1&#8243; text_color=&#8221;inherit&#8221; text_align=&#8221;text-center&#8221;]Osmi\u0161ljene su tako da ih mo\u017eete prilagoditi svojim poslovnim potrebama kako biste pove\u0107ali dobit i privukli nove zadovoljne goste.[\/elx_heading][\/vc_column][\/vc_row][vc_row][vc_column]<div class=\"com21-product-filter-container 49\"><div class=\"\"><h4 class=\"text-center\">2 Proizvodi<\/h4><hr><\/div>\n                    <!-- PROD LIST -->\n                    <div class=\"product-list container\">\n                        <!--Hidden parameters-->\n                        <input type=\"hidden\" name=\"navigation_level_1\" id=\"navigation_level_1\" value=\"\u00d6\">\n                        <input type=\"hidden\" name=\"navigation_level_2\" id=\"navigation_level_2\" value=\"B\">\n                        <input type=\"hidden\" name=\"navigation_level_3\" id=\"navigation_level_3\" value=\"B\">\n                        <input type=\"hidden\" name=\"navigation_level_4\" id=\"navigation_level_4\" value=\"\">\n                        <input type=\"hidden\" name=\"filter_id\" id=\"filter_id\" value=\"49\">\n                        <input type=\"hidden\" name=\"navigation_language\" id=\"navigation_language\" value=\"5022\">\n                        <input type=\"hidden\" name=\"navigation_language_code\" id=\"navigation_language\" value=\"5022\">\n                        <input type=\"hidden\" name=\"page_id\" id=\"page_id\" value=\"42296\">\n                        <!--END Hidden parameters--><ul class=\"row\" ><li data-product-paged=\"\" class=\"anchor_tags_prod col-sm-6 col-md-3 wow fadeIn single-product-list CCCRKT\"><div class=\"product-list-item\"><div class=\"product-content\"><a href=\"https:\/\/www.electroluxprofessional.com\/hr\/pd\/oprema-za-pripremu-pi\u0107a-i-kave\/hla\u0111eni-napitci\/hladni-napitci-spremnici-cs-mjehuri\u0107i\/hladni-napitci-dozator-hladnih-napitaka-2x9-l-mje\u0161alica-poklopac-sa-zaklju\u010davanjem-CCCRKT\/\" target=\"_blank\" ><figure><img decoding=\"async\" src=\"https:\/\/tools.electroluxprofessional.com\/Mirror\/Doc\/PH_255x255%2FPH_CCCRKS_1_1_CCCRKS.png\" alt=\"Hladni napitciDozator hladnih napitaka 2x9 L, mje\u0161alica, poklopac sa zaklju\u010davanjem\"\/><\/figure><div class=\"product-internal\"><div class=\"product-liv\">Hladni napitci - spremnici CS (mjehuri\u0107i)<\/div><h3 class=\"product-title\">Hladni napitci<br>Dozator hladnih napitaka 2x9 L, mje\u0161alica, poklopac sa zaklju\u010davanjem<\/h3><div class=\"product-icons\"><div class=\"product-green\"><\/div><div class=\"product-cod\"><div class=\"hidden type_code\">0<\/div>KOD <span class=\"product-code\" >CCCRKT<\/span><\/div><div class=\"product-fast\"><\/div>\n<\/div><div class=\"product-description-fast-green\"><\/div>\n<\/div><div class=\"product-actions\"><a href=\"https:\/\/www.electroluxprofessional.com\/hr\/pd\/oprema-za-pripremu-pi\u0107a-i-kave\/hla\u0111eni-napitci\/hladni-napitci-spremnici-cs-mjehuri\u0107i\/hladni-napitci-dozator-hladnih-napitaka-2x9-l-mje\u0161alica-poklopac-sa-zaklju\u010davanjem-CCCRKT\/\" class=\"btn btn-primary-blue\">Saznajte vi\u0161e<\/a><span class=\"compare-product\"><span class=\"compare-checkbox\"><span class=\"compare-checkbox-shape\"><input type=\"checkbox\" class=\"product-comparer\" id=\"prod_CCCRKT\"\/><label class=\"btn\" for=\"prod_CCCRKT\"><span class=\"label-bg\"><\/span>Usporedi<\/label><\/span><\/span><\/span><\/div><\/a><\/div><\/div><\/li><li data-product-paged=\"\" class=\"anchor_tags_prod col-sm-6 col-md-3 wow fadeIn single-product-list CCCRL0\"><div class=\"product-list-item\"><div class=\"product-content\"><a href=\"https:\/\/www.electroluxprofessional.com\/hr\/pd\/oprema-za-pripremu-pi\u0107a-i-kave\/hla\u0111eni-napitci\/hladni-napitci-spremnici-cs-mjehuri\u0107i\/hladni-napitci-dozator-za-hladna-bezalkoholna-pi\u0107a-2x18-l-mije\u0161alica-model-poklopac-s-lokotom-CCCRL0\/\" target=\"_blank\" ><figure><img decoding=\"async\" src=\"https:\/\/tools.electroluxprofessional.com\/Mirror\/Doc\/PH_255x255%2FPH_CCCRKX_1_1_CCCRKX.jpg\" alt=\"Hladni napitciDozator za hladna bezalkoholna pi\u0107a 2x18 L, mije\u0161alica model, poklopac s lokotom\"\/><\/figure><div class=\"product-internal\"><div class=\"product-liv\">Hladni napitci - spremnici CS (mjehuri\u0107i)<\/div><h3 class=\"product-title\">Hladni napitci<br>Dozator za hladna bezalkoholna pi\u0107a 2x18 L, mije\u0161alica model, poklopac s lokotom<\/h3><div class=\"product-icons\"><div class=\"product-green\"><\/div><div class=\"product-cod\"><div class=\"hidden type_code\">0<\/div>KOD <span class=\"product-code\" >CCCRL0<\/span><\/div><div class=\"product-fast\"><\/div>\n<\/div><div class=\"product-description-fast-green\"><\/div>\n<\/div><div class=\"product-actions\"><a href=\"https:\/\/www.electroluxprofessional.com\/hr\/pd\/oprema-za-pripremu-pi\u0107a-i-kave\/hla\u0111eni-napitci\/hladni-napitci-spremnici-cs-mjehuri\u0107i\/hladni-napitci-dozator-za-hladna-bezalkoholna-pi\u0107a-2x18-l-mije\u0161alica-model-poklopac-s-lokotom-CCCRL0\/\" class=\"btn btn-primary-blue\">Saznajte vi\u0161e<\/a><span class=\"compare-product\"><span class=\"compare-checkbox\"><span class=\"compare-checkbox-shape\"><input type=\"checkbox\" class=\"product-comparer\" id=\"prod_CCCRL0\"\/><label class=\"btn\" for=\"prod_CCCRL0\"><span class=\"label-bg\"><\/span>Usporedi<\/label><\/span><\/span><\/span><\/div><\/a><\/div><\/div><\/li>\n                        <\/ul>\n                        <div class=\"text-center more-products\">\n                        <\/div>\n                    <\/div>\n                    <!-- END PRODUCT LIST -->\n                    <\/div>\n                    <!-- END PRODUCT LIST -->[\/vc_column][\/vc_row][vc_row css=&#8221;.vc_custom_1516904946877{border-top-width: 1px !important;background-color: #ffffff !important;border-top-color: #eeeeee !important;border-top-style: solid !important;}&#8221;][vc_column reveal_effect=&#8221;&#8221;][vc_empty_space height=&#8221;80px&#8221;][elx_heading font_size=&#8221;h3&#8243; text_color=&#8221;inherit&#8221; text_align=&#8221;text-left&#8221;]Saznajte vi\u0161e o na\u0161im ure\u0111ajima za to\u010denje hladnih napitaka.[\/elx_heading][elx_o2000_contact_us r=&#8221;\u017delim saznati vi\u0161e o ure\u0111ajima za to\u010denje hladnih napitaka. Molim vas da mi se javite. Hvala vam.&#8221; s=&#8221;Zahtjev za informacije o ure\u0111ajima za to\u010denje hladnih napitaka.&#8221; country=&#8221;Croatia&#8221; l=&#8221;hr&#8221; b=&#8221;beverage&#8221;][\/vc_column][\/vc_row][vc_row][vc_column][vc_empty_space height=&#8221;100px&#8221;][elx_heading font_size=&#8221;h3&#8243; text_color=&#8221;inherit&#8221; text_align=&#8221;text-left&#8221;]Prona\u0111ite svoje cjelovito rje\u0161enje.[\/elx_heading][\/vc_column][\/vc_row][vc_row][vc_column width=&#8221;1\/3&#8243;][elx_maylike_box id_box=&#8221;2799&#8243;][\/vc_column][vc_column width=&#8221;1\/3&#8243;][elx_maylike_box id_box=&#8221;2802&#8243;][\/vc_column][vc_column width=&#8221;1\/3&#8243;][elx_maylike_box id_box=&#8221;2808&#8243;][\/vc_column][\/vc_row]<\/p>\n","protected":false},"excerpt":{"rendered":"<p>[vc_row full_width=&#8221;electroluxpro-full-width-no-padding&#8221;][vc_column][elx_image_block background_image=&#8221;4548&#8243; minimum_height=&#8221;350px&#8221;][vc_empty_space][\/vc_column][\/vc_row][vc_row][vc_column][vc_empty_space][elx_heading font_container=&#8221;h1&#8243; font_size=&#8221;h3&#8243; text_color=&#8221;electrolux-blue&#8221; text_align=&#8221;text-left&#8221;]Ure\u0111aji za to\u010denje hladnih napitaka[\/elx_heading][vc_empty_space][\/vc_column][\/vc_row][vc_row][vc_column width=&#8221;1\/2&#8243;][elx_heading text_color=&#8221;inherit&#8221;]Ure\u0111aji za stvaranje mjehuri\u0107a Simplicity[\/elx_heading][vc_column_text]Birajte me\u0111u bezbrojnim okusima uz jedno jednostavno rje\u0161enje.\u00a0Zbog fleksibilnosti izbora, sigurnosti i jednostavnosti upotrebe, ure\u0111aji za to\u010denje hladnih napitaka rje\u0161enje su za vas ako svojim gostima \u017eelite ponuditi inovativne i ukusne nove mogu\u0107nosti konzumacije pi\u0107a.[\/vc_column_text][vc_empty_space][elx_download_block text=&#8221;Katalog rje\u0161enja za [&hellip;]<\/p>\n","protected":false},"author":8,"featured_media":0,"parent":4848,"menu_order":0,"comment_status":"closed","ping_status":"closed","template":"","meta":{"footnotes":""},"class_list":["post-42296","page","type-page","status-publish","hentry"],"acf":[],"yoast_head":"<!-- This site is optimized with the Yoast SEO plugin v23.3 - https:\/\/yoast.com\/wordpress\/plugins\/seo\/ -->\n<title>Ure\u0111aji za to\u010denje hladnih napitaka - Electrolux Professional Hrvatska<\/title>\n<meta name=\"description\" content=\"Ure\u0111aji za to\u010denje ranije zamije\u0161anih hladnih napitaka Simplicity ponosno vam nude manje. Zauzimaju manje prostora zbog kompaktnih dimenzija. Zahtijevaju manje vremena i truda kad je rije\u010d o \u010di\u0161\u0107enju i rastavljanju. Manje se tro\u0161e i tro\u0161e manje struje.\" \/>\n<meta name=\"robots\" content=\"index, follow, max-snippet:-1, max-image-preview:large, max-video-preview:-1\" \/>\n<link rel=\"canonical\" href=\"https:\/\/www.electroluxprofessional.com\/hr\/rjesenja-za-napitke\/uredaji-za-tocenje-hladnih-napitaka\/\" \/>\n<meta property=\"og:locale\" content=\"hr_HR\" \/>\n<meta property=\"og:type\" content=\"article\" \/>\n<meta property=\"og:title\" content=\"Ure\u0111aji za to\u010denje hladnih napitaka - Electrolux Professional Hrvatska\" \/>\n<meta property=\"og:description\" content=\"Ure\u0111aji za to\u010denje ranije zamije\u0161anih hladnih napitaka Simplicity ponosno vam nude manje. Zauzimaju manje prostora zbog kompaktnih dimenzija. Zahtijevaju manje vremena i truda kad je rije\u010d o \u010di\u0161\u0107enju i rastavljanju. Manje se tro\u0161e i tro\u0161e manje struje.\" \/>\n<meta property=\"og:url\" content=\"https:\/\/www.electroluxprofessional.com\/hr\/rjesenja-za-napitke\/uredaji-za-tocenje-hladnih-napitaka\/\" \/>\n<meta property=\"og:site_name\" content=\"Electrolux Professional Hrvatska\" \/>\n<meta property=\"article:modified_time\" content=\"2025-11-06T13:32:41+00:00\" \/>\n<meta name=\"twitter:card\" content=\"summary_large_image\" \/>\n<meta name=\"twitter:label1\" content=\"Procijenjeno vrijeme \u010ditanja\" \/>\n\t<meta name=\"twitter:data1\" content=\"2 minute\" \/>\n<script type=\"application\/ld+json\" class=\"yoast-schema-graph\">{\"@context\":\"https:\/\/schema.org\",\"@graph\":[{\"@type\":\"WebPage\",\"@id\":\"https:\/\/www.electroluxprofessional.com\/hr\/rjesenja-za-napitke\/uredaji-za-tocenje-hladnih-napitaka\/\",\"url\":\"https:\/\/www.electroluxprofessional.com\/hr\/rjesenja-za-napitke\/uredaji-za-tocenje-hladnih-napitaka\/\",\"name\":\"Ure\u0111aji za to\u010denje hladnih napitaka - Electrolux Professional Hrvatska\",\"isPartOf\":{\"@id\":\"https:\/\/www.electroluxprofessional.com\/hr\/#website\"},\"datePublished\":\"2019-03-28T16:10:36+00:00\",\"dateModified\":\"2025-11-06T13:32:41+00:00\",\"description\":\"Ure\u0111aji za to\u010denje ranije zamije\u0161anih hladnih napitaka Simplicity ponosno vam nude manje. Zauzimaju manje prostora zbog kompaktnih dimenzija. Zahtijevaju manje vremena i truda kad je rije\u010d o \u010di\u0161\u0107enju i rastavljanju. Manje se tro\u0161e i tro\u0161e manje struje.\",\"breadcrumb\":{\"@id\":\"https:\/\/www.electroluxprofessional.com\/hr\/rjesenja-za-napitke\/uredaji-za-tocenje-hladnih-napitaka\/#breadcrumb\"},\"inLanguage\":\"hr\",\"potentialAction\":[{\"@type\":\"ReadAction\",\"target\":[\"https:\/\/www.electroluxprofessional.com\/hr\/rjesenja-za-napitke\/uredaji-za-tocenje-hladnih-napitaka\/\"]}]},{\"@type\":\"BreadcrumbList\",\"@id\":\"https:\/\/www.electroluxprofessional.com\/hr\/rjesenja-za-napitke\/uredaji-za-tocenje-hladnih-napitaka\/#breadcrumb\",\"itemListElement\":[{\"@type\":\"ListItem\",\"position\":1,\"name\":\"Po\u010detna stranica\",\"item\":\"https:\/\/www.electroluxprofessional.com\/hr\/\"},{\"@type\":\"ListItem\",\"position\":2,\"name\":\"Rje\u0161enja za ure\u0111aje za napitke\",\"item\":\"https:\/\/www.electroluxprofessional.com\/hr\/rjesenja-za-napitke\/\"},{\"@type\":\"ListItem\",\"position\":3,\"name\":\"Ure\u0111aji za to\u010denje hladnih napitaka\"}]},{\"@type\":\"WebSite\",\"@id\":\"https:\/\/www.electroluxprofessional.com\/hr\/#website\",\"url\":\"https:\/\/www.electroluxprofessional.com\/hr\/\",\"name\":\"Electrolux Professional Hrvatska\",\"description\":\"\",\"potentialAction\":[{\"@type\":\"SearchAction\",\"target\":{\"@type\":\"EntryPoint\",\"urlTemplate\":\"https:\/\/www.electroluxprofessional.com\/hr\/?src={search_term_string}\"},\"query-input\":\"required name=search_term_string\"}],\"inLanguage\":\"hr\"}]}<\/script>\n<!-- \/ Yoast SEO plugin. -->","yoast_head_json":{"title":"Ure\u0111aji za to\u010denje hladnih napitaka - Electrolux Professional Hrvatska","description":"Ure\u0111aji za to\u010denje ranije zamije\u0161anih hladnih napitaka Simplicity ponosno vam nude manje. Zauzimaju manje prostora zbog kompaktnih dimenzija. Zahtijevaju manje vremena i truda kad je rije\u010d o \u010di\u0161\u0107enju i rastavljanju. Manje se tro\u0161e i tro\u0161e manje struje.","robots":{"index":"index","follow":"follow","max-snippet":"max-snippet:-1","max-image-preview":"max-image-preview:large","max-video-preview":"max-video-preview:-1"},"canonical":"https:\/\/www.electroluxprofessional.com\/hr\/rjesenja-za-napitke\/uredaji-za-tocenje-hladnih-napitaka\/","og_locale":"hr_HR","og_type":"article","og_title":"Ure\u0111aji za to\u010denje hladnih napitaka - Electrolux Professional Hrvatska","og_description":"Ure\u0111aji za to\u010denje ranije zamije\u0161anih hladnih napitaka Simplicity ponosno vam nude manje. Zauzimaju manje prostora zbog kompaktnih dimenzija. Zahtijevaju manje vremena i truda kad je rije\u010d o \u010di\u0161\u0107enju i rastavljanju. Manje se tro\u0161e i tro\u0161e manje struje.","og_url":"https:\/\/www.electroluxprofessional.com\/hr\/rjesenja-za-napitke\/uredaji-za-tocenje-hladnih-napitaka\/","og_site_name":"Electrolux Professional Hrvatska","article_modified_time":"2025-11-06T13:32:41+00:00","twitter_card":"summary_large_image","twitter_misc":{"Procijenjeno vrijeme \u010ditanja":"2 minute"},"schema":{"@context":"https:\/\/schema.org","@graph":[{"@type":"WebPage","@id":"https:\/\/www.electroluxprofessional.com\/hr\/rjesenja-za-napitke\/uredaji-za-tocenje-hladnih-napitaka\/","url":"https:\/\/www.electroluxprofessional.com\/hr\/rjesenja-za-napitke\/uredaji-za-tocenje-hladnih-napitaka\/","name":"Ure\u0111aji za to\u010denje hladnih napitaka - Electrolux Professional Hrvatska","isPartOf":{"@id":"https:\/\/www.electroluxprofessional.com\/hr\/#website"},"datePublished":"2019-03-28T16:10:36+00:00","dateModified":"2025-11-06T13:32:41+00:00","description":"Ure\u0111aji za to\u010denje ranije zamije\u0161anih hladnih napitaka Simplicity ponosno vam nude manje. Zauzimaju manje prostora zbog kompaktnih dimenzija. Zahtijevaju manje vremena i truda kad je rije\u010d o \u010di\u0161\u0107enju i rastavljanju. Manje se tro\u0161e i tro\u0161e manje struje.","breadcrumb":{"@id":"https:\/\/www.electroluxprofessional.com\/hr\/rjesenja-za-napitke\/uredaji-za-tocenje-hladnih-napitaka\/#breadcrumb"},"inLanguage":"hr","potentialAction":[{"@type":"ReadAction","target":["https:\/\/www.electroluxprofessional.com\/hr\/rjesenja-za-napitke\/uredaji-za-tocenje-hladnih-napitaka\/"]}]},{"@type":"BreadcrumbList","@id":"https:\/\/www.electroluxprofessional.com\/hr\/rjesenja-za-napitke\/uredaji-za-tocenje-hladnih-napitaka\/#breadcrumb","itemListElement":[{"@type":"ListItem","position":1,"name":"Po\u010detna stranica","item":"https:\/\/www.electroluxprofessional.com\/hr\/"},{"@type":"ListItem","position":2,"name":"Rje\u0161enja za ure\u0111aje za napitke","item":"https:\/\/www.electroluxprofessional.com\/hr\/rjesenja-za-napitke\/"},{"@type":"ListItem","position":3,"name":"Ure\u0111aji za to\u010denje hladnih napitaka"}]},{"@type":"WebSite","@id":"https:\/\/www.electroluxprofessional.com\/hr\/#website","url":"https:\/\/www.electroluxprofessional.com\/hr\/","name":"Electrolux Professional Hrvatska","description":"","potentialAction":[{"@type":"SearchAction","target":{"@type":"EntryPoint","urlTemplate":"https:\/\/www.electroluxprofessional.com\/hr\/?src={search_term_string}"},"query-input":"required name=search_term_string"}],"inLanguage":"hr"}]}},"_links":{"self":[{"href":"https:\/\/www.electroluxprofessional.com\/hr\/wp-json\/wp\/v2\/pages\/42296"}],"collection":[{"href":"https:\/\/www.electroluxprofessional.com\/hr\/wp-json\/wp\/v2\/pages"}],"about":[{"href":"https:\/\/www.electroluxprofessional.com\/hr\/wp-json\/wp\/v2\/types\/page"}],"author":[{"embeddable":true,"href":"https:\/\/www.electroluxprofessional.com\/hr\/wp-json\/wp\/v2\/users\/8"}],"replies":[{"embeddable":true,"href":"https:\/\/www.electroluxprofessional.com\/hr\/wp-json\/wp\/v2\/comments?post=42296"}],"version-history":[{"count":6,"href":"https:\/\/www.electroluxprofessional.com\/hr\/wp-json\/wp\/v2\/pages\/42296\/revisions"}],"predecessor-version":[{"id":119008,"href":"https:\/\/www.electroluxprofessional.com\/hr\/wp-json\/wp\/v2\/pages\/42296\/revisions\/119008"}],"up":[{"embeddable":true,"href":"https:\/\/www.electroluxprofessional.com\/hr\/wp-json\/wp\/v2\/pages\/4848"}],"wp:attachment":[{"href":"https:\/\/www.electroluxprofessional.com\/hr\/wp-json\/wp\/v2\/media?parent=42296"}],"curies":[{"name":"wp","href":"https:\/\/api.w.org\/{rel}","templated":true}]}}