{"id":2998,"date":"2017-05-09T10:29:04","date_gmt":"2017-05-09T10:29:04","guid":{"rendered":"https:\/\/www.electroluxprofessional.com\/hr\/?page_id=2998"},"modified":"2025-11-06T13:14:58","modified_gmt":"2025-11-06T13:14:58","slug":"modularno-kuhanje","status":"publish","type":"page","link":"https:\/\/www.electroluxprofessional.com\/hr\/dodaci-i-potrosni-materijal\/modularno-kuhanje\/","title":{"rendered":"Dodaci i potro\u0161ni materijal &#8211;   Modularno kuhanje"},"content":{"rendered":"<p>[vc_row full_width=&#8221;electroluxpro-full-width-no-padding&#8221;][vc_column][elx_hero_title label=&#8221;&#8221; background_image=&#8221;1728&#8243;][elx_heading font_container=&#8221;h1&#8243; text_color=&#8221;white&#8221; text_align=&#8221;text-center&#8221;]Dodaci i potro\u0161ni materijal<br \/>\nModularno kuhanje[\/elx_heading][\/elx_hero_title][\/vc_column][\/vc_row][vc_row][vc_column][vc_empty_space height=&#8221;50px&#8221;][elx_heading font_container=&#8221;h3&#8243; text_color=&#8221;inherit&#8221; text_align=&#8221;text-center&#8221;]Kuhalo za tjesteninu, iznimno svestrano[\/elx_heading][vc_empty_space height=&#8221;50px&#8221;][\/vc_column][\/vc_row][vc_row full_width=&#8221;electroluxpro-container-no-padding&#8221; equal_height=&#8221;yes&#8221;][vc_column width=&#8221;1\/2&#8243;][elx_image_block background_image=&#8221;789&#8243; minimum_height=&#8221;450px&#8221;][\/vc_column][vc_column width=&#8221;1\/2&#8243;][elx_simple_block background_color=&#8221;inherit&#8221;][vc_column_text]<strong>Ko\u0161are za kuhalo za tjesteninu<\/strong><\/p>\n<p>U potpunosti napravljene od \u010delika AISI 304 kako bi se osigurala maksimalna higijena, na\u0161e su ko\u0161are dizajnirane kako bi pru\u017eile maksimalnu ergonomiju.[\/vc_column_text][vc_single_image image=&#8221;801&#8243; img_size=&#8221;600&#215;300&#8243; alignment=&#8221;center&#8221; css_animation=&#8221;right-to-left&#8221;][\/elx_simple_block][\/vc_column][\/vc_row][vc_row][vc_column][vc_empty_space height=&#8221;50px&#8221;][elx_heading font_container=&#8221;h3&#8243; text_color=&#8221;inherit&#8221; text_align=&#8221;text-center&#8221;]Profesionalni odma\u0161\u010diva\u010d za \u010di\u0161\u0107enje vru\u0107ih povr\u0161ina pri visokim temperaturama[\/elx_heading][vc_empty_space height=&#8221;50px&#8221;][\/vc_column][\/vc_row][vc_row full_width=&#8221;electroluxpro-container-no-padding&#8221; equal_height=&#8221;yes&#8221;][vc_column width=&#8221;1\/2&#8243;][elx_image_block background_image=&#8221;791&#8243; minimum_height=&#8221;450px&#8221;][\/vc_column][vc_column width=&#8221;1\/2&#8243;][elx_simple_block background_color=&#8221;inherit&#8221;][vc_column_text]<strong>Profesionalni odma\u0161\u010diva\u010d<\/strong><\/p>\n<p>Na\u0161 profesionalni odma\u0161\u010diva\u010d idealno je rje\u0161enje za \u010di\u0161\u0107enje povr\u0161ina za kuhanje pri visokim temperaturama. Preporu\u010duje se za povr\u0161ine za pr\u017eenje, tave za pirjanje i multifunkcionalna kuhala.[\/vc_column_text][vc_single_image image=&#8221;803&#8243; img_size=&#8221;440&#215;265&#8243; css_animation=&#8221;right-to-left&#8221;][\/elx_simple_block][\/vc_column][\/vc_row][vc_row][vc_column][vc_empty_space][\/vc_column][\/vc_row][vc_row][vc_column width=&#8221;1\/3&#8243;][elx_download_block text=&#8221;Dodaci i potro\u0161ni materijal<br \/>\nModularno kuhanje&#8221; file_picker=&#8221;116165&#8243; background_color=&#8221;cat-cook&#8221; reveal_effect=&#8221;&#8221; reveal_duration=&#8221;&#8221; reveal_delay=&#8221;&#8221;][\/vc_column][vc_column width=&#8221;1\/3&#8243;][elx_download_block text=&#8221;therma<em>line<\/em><br \/>\nrasponi kuhanja&#8221; link_target=&#8221;self&#8221; link=&#8221;https:\/\/www.electroluxprofessional.com\/hr\/kuhinjska-oprema\/thermaline-rjesenja\/&#8221; background_color=&#8221;electrolux-blue&#8221; background_hover_color=&#8221;lighter-hover&#8221; background_image=&#8221;1717&#8243; reveal_effect=&#8221;&#8221; reveal_duration=&#8221;&#8221; reveal_delay=&#8221;&#8221;][\/vc_column][vc_column width=&#8221;1\/3&#8243;][elx_download_block text=&#8221;rasponi kuhanja<br \/>\n900XP i 700XP&#8221; link_target=&#8221;self&#8221; link=&#8221;https:\/\/www.electroluxprofessional.com\/hr\/termicke-linije-900xp-i-700xp\/&#8221; background_color=&#8221;electrolux-blue&#8221; background_hover_color=&#8221;lighter-hover&#8221; background_image=&#8221;2597&#8243; reveal_effect=&#8221;&#8221; reveal_duration=&#8221;&#8221; reveal_delay=&#8221;&#8221;][\/vc_column][\/vc_row][vc_row][vc_column][vc_empty_space][elx_heading font_container=&#8221;h3&#8243; text_color=&#8221;inherit&#8221;]Otkrijte kako personalizirati svoje modularno kuhanje[\/elx_heading][elx_o2000_contact_us r=&#8221;\u017delim saznati vi\u0161e o dodacima i potro\u0161nom materijalu za modularno kuhanje. Molim da me kontaktirate.&#8221; s=&#8221;Zahtjev za informacijama o odacima i potro\u0161nom materijalu za modularno kuhanje.&#8221; country=&#8221;Croatia&#8221; l=&#8221;hr&#8221; container=&#8221;elxcontactus1484304163&#8243;][vc_empty_space][\/vc_column][\/vc_row]<\/p>\n","protected":false},"excerpt":{"rendered":"<p>[vc_row full_width=&#8221;electroluxpro-full-width-no-padding&#8221;][vc_column][elx_hero_title label=&#8221;&#8221; background_image=&#8221;1728&#8243;][elx_heading font_container=&#8221;h1&#8243; text_color=&#8221;white&#8221; text_align=&#8221;text-center&#8221;]Dodaci i potro\u0161ni materijal Modularno kuhanje[\/elx_heading][\/elx_hero_title][\/vc_column][\/vc_row][vc_row][vc_column][vc_empty_space height=&#8221;50px&#8221;][elx_heading font_container=&#8221;h3&#8243; text_color=&#8221;inherit&#8221; text_align=&#8221;text-center&#8221;]Kuhalo za tjesteninu, iznimno svestrano[\/elx_heading][vc_empty_space height=&#8221;50px&#8221;][\/vc_column][\/vc_row][vc_row full_width=&#8221;electroluxpro-container-no-padding&#8221; equal_height=&#8221;yes&#8221;][vc_column width=&#8221;1\/2&#8243;][elx_image_block background_image=&#8221;789&#8243; minimum_height=&#8221;450px&#8221;][\/vc_column][vc_column width=&#8221;1\/2&#8243;][elx_simple_block background_color=&#8221;inherit&#8221;][vc_column_text]Ko\u0161are za kuhalo za tjesteninu U potpunosti napravljene od \u010delika AISI 304 kako bi se osigurala maksimalna higijena, na\u0161e su ko\u0161are dizajnirane kako bi pru\u017eile maksimalnu ergonomiju.[\/vc_column_text][vc_single_image image=&#8221;801&#8243; [&hellip;]<\/p>\n","protected":false},"author":4,"featured_media":0,"parent":2967,"menu_order":0,"comment_status":"closed","ping_status":"closed","template":"","meta":{"footnotes":""},"class_list":["post-2998","page","type-page","status-publish","hentry"],"acf":[],"yoast_head":"<!-- This site is optimized with the Yoast SEO plugin v23.3 - https:\/\/yoast.com\/wordpress\/plugins\/seo\/ -->\n<title>Dodaci i potro\u0161ni materijal -  Modularno kuhanje - Electrolux Professional Hrvatska<\/title>\n<meta name=\"robots\" content=\"index, follow, max-snippet:-1, max-image-preview:large, max-video-preview:-1\" \/>\n<link rel=\"canonical\" href=\"https:\/\/www.electroluxprofessional.com\/hr\/dodaci-i-potrosni-materijal\/modularno-kuhanje\/\" \/>\n<meta property=\"og:locale\" content=\"hr_HR\" \/>\n<meta property=\"og:type\" content=\"article\" \/>\n<meta property=\"og:title\" content=\"Dodaci i potro\u0161ni materijal -  Modularno kuhanje - Electrolux Professional Hrvatska\" \/>\n<meta property=\"og:description\" content=\"[vc_row full_width=&#8221;electroluxpro-full-width-no-padding&#8221;][vc_column][elx_hero_title label=&#8221;&#8221; background_image=&#8221;1728&#8243;][elx_heading font_container=&#8221;h1&#8243; text_color=&#8221;white&#8221; text_align=&#8221;text-center&#8221;]Dodaci i potro\u0161ni materijal Modularno kuhanje[\/elx_heading][\/elx_hero_title][\/vc_column][\/vc_row][vc_row][vc_column][vc_empty_space height=&#8221;50px&#8221;][elx_heading font_container=&#8221;h3&#8243; text_color=&#8221;inherit&#8221; text_align=&#8221;text-center&#8221;]Kuhalo za tjesteninu, iznimno svestrano[\/elx_heading][vc_empty_space height=&#8221;50px&#8221;][\/vc_column][\/vc_row][vc_row full_width=&#8221;electroluxpro-container-no-padding&#8221; equal_height=&#8221;yes&#8221;][vc_column width=&#8221;1\/2&#8243;][elx_image_block background_image=&#8221;789&#8243; minimum_height=&#8221;450px&#8221;][\/vc_column][vc_column width=&#8221;1\/2&#8243;][elx_simple_block background_color=&#8221;inherit&#8221;][vc_column_text]Ko\u0161are za kuhalo za tjesteninu U potpunosti napravljene od \u010delika AISI 304 kako bi se osigurala maksimalna higijena, na\u0161e su ko\u0161are dizajnirane kako bi pru\u017eile maksimalnu ergonomiju.[\/vc_column_text][vc_single_image image=&#8221;801&#8243; [&hellip;]\" \/>\n<meta property=\"og:url\" content=\"https:\/\/www.electroluxprofessional.com\/hr\/dodaci-i-potrosni-materijal\/modularno-kuhanje\/\" \/>\n<meta property=\"og:site_name\" content=\"Electrolux Professional Hrvatska\" \/>\n<meta property=\"article:modified_time\" content=\"2025-11-06T13:14:58+00:00\" \/>\n<meta name=\"twitter:card\" content=\"summary_large_image\" \/>\n<meta name=\"twitter:label1\" content=\"Procijenjeno vrijeme \u010ditanja\" \/>\n\t<meta name=\"twitter:data1\" content=\"2 minute\" \/>\n<script type=\"application\/ld+json\" class=\"yoast-schema-graph\">{\"@context\":\"https:\/\/schema.org\",\"@graph\":[{\"@type\":\"WebPage\",\"@id\":\"https:\/\/www.electroluxprofessional.com\/hr\/dodaci-i-potrosni-materijal\/modularno-kuhanje\/\",\"url\":\"https:\/\/www.electroluxprofessional.com\/hr\/dodaci-i-potrosni-materijal\/modularno-kuhanje\/\",\"name\":\"Dodaci i potro\u0161ni materijal - Modularno kuhanje - Electrolux Professional Hrvatska\",\"isPartOf\":{\"@id\":\"https:\/\/www.electroluxprofessional.com\/hr\/#website\"},\"datePublished\":\"2017-05-09T10:29:04+00:00\",\"dateModified\":\"2025-11-06T13:14:58+00:00\",\"breadcrumb\":{\"@id\":\"https:\/\/www.electroluxprofessional.com\/hr\/dodaci-i-potrosni-materijal\/modularno-kuhanje\/#breadcrumb\"},\"inLanguage\":\"hr\",\"potentialAction\":[{\"@type\":\"ReadAction\",\"target\":[\"https:\/\/www.electroluxprofessional.com\/hr\/dodaci-i-potrosni-materijal\/modularno-kuhanje\/\"]}]},{\"@type\":\"BreadcrumbList\",\"@id\":\"https:\/\/www.electroluxprofessional.com\/hr\/dodaci-i-potrosni-materijal\/modularno-kuhanje\/#breadcrumb\",\"itemListElement\":[{\"@type\":\"ListItem\",\"position\":1,\"name\":\"Po\u010detna stranica\",\"item\":\"https:\/\/www.electroluxprofessional.com\/hr\/\"},{\"@type\":\"ListItem\",\"position\":2,\"name\":\"Dodaci i potro\u0161ni materijal\",\"item\":\"https:\/\/www.electroluxprofessional.com\/hr\/dodaci-i-potrosni-materijal\/\"},{\"@type\":\"ListItem\",\"position\":3,\"name\":\"Dodaci i potro\u0161ni materijal &#8211; Modularno kuhanje\"}]},{\"@type\":\"WebSite\",\"@id\":\"https:\/\/www.electroluxprofessional.com\/hr\/#website\",\"url\":\"https:\/\/www.electroluxprofessional.com\/hr\/\",\"name\":\"Electrolux Professional Hrvatska\",\"description\":\"\",\"potentialAction\":[{\"@type\":\"SearchAction\",\"target\":{\"@type\":\"EntryPoint\",\"urlTemplate\":\"https:\/\/www.electroluxprofessional.com\/hr\/?src={search_term_string}\"},\"query-input\":\"required name=search_term_string\"}],\"inLanguage\":\"hr\"}]}<\/script>\n<!-- \/ Yoast SEO plugin. -->","yoast_head_json":{"title":"Dodaci i potro\u0161ni materijal -  Modularno kuhanje - Electrolux Professional Hrvatska","robots":{"index":"index","follow":"follow","max-snippet":"max-snippet:-1","max-image-preview":"max-image-preview:large","max-video-preview":"max-video-preview:-1"},"canonical":"https:\/\/www.electroluxprofessional.com\/hr\/dodaci-i-potrosni-materijal\/modularno-kuhanje\/","og_locale":"hr_HR","og_type":"article","og_title":"Dodaci i potro\u0161ni materijal -  Modularno kuhanje - Electrolux Professional Hrvatska","og_description":"[vc_row full_width=&#8221;electroluxpro-full-width-no-padding&#8221;][vc_column][elx_hero_title label=&#8221;&#8221; background_image=&#8221;1728&#8243;][elx_heading font_container=&#8221;h1&#8243; text_color=&#8221;white&#8221; text_align=&#8221;text-center&#8221;]Dodaci i potro\u0161ni materijal Modularno kuhanje[\/elx_heading][\/elx_hero_title][\/vc_column][\/vc_row][vc_row][vc_column][vc_empty_space height=&#8221;50px&#8221;][elx_heading font_container=&#8221;h3&#8243; text_color=&#8221;inherit&#8221; text_align=&#8221;text-center&#8221;]Kuhalo za tjesteninu, iznimno svestrano[\/elx_heading][vc_empty_space height=&#8221;50px&#8221;][\/vc_column][\/vc_row][vc_row full_width=&#8221;electroluxpro-container-no-padding&#8221; equal_height=&#8221;yes&#8221;][vc_column width=&#8221;1\/2&#8243;][elx_image_block background_image=&#8221;789&#8243; minimum_height=&#8221;450px&#8221;][\/vc_column][vc_column width=&#8221;1\/2&#8243;][elx_simple_block background_color=&#8221;inherit&#8221;][vc_column_text]Ko\u0161are za kuhalo za tjesteninu U potpunosti napravljene od \u010delika AISI 304 kako bi se osigurala maksimalna higijena, na\u0161e su ko\u0161are dizajnirane kako bi pru\u017eile maksimalnu ergonomiju.[\/vc_column_text][vc_single_image image=&#8221;801&#8243; [&hellip;]","og_url":"https:\/\/www.electroluxprofessional.com\/hr\/dodaci-i-potrosni-materijal\/modularno-kuhanje\/","og_site_name":"Electrolux Professional Hrvatska","article_modified_time":"2025-11-06T13:14:58+00:00","twitter_card":"summary_large_image","twitter_misc":{"Procijenjeno vrijeme \u010ditanja":"2 minute"},"schema":{"@context":"https:\/\/schema.org","@graph":[{"@type":"WebPage","@id":"https:\/\/www.electroluxprofessional.com\/hr\/dodaci-i-potrosni-materijal\/modularno-kuhanje\/","url":"https:\/\/www.electroluxprofessional.com\/hr\/dodaci-i-potrosni-materijal\/modularno-kuhanje\/","name":"Dodaci i potro\u0161ni materijal - Modularno kuhanje - Electrolux Professional Hrvatska","isPartOf":{"@id":"https:\/\/www.electroluxprofessional.com\/hr\/#website"},"datePublished":"2017-05-09T10:29:04+00:00","dateModified":"2025-11-06T13:14:58+00:00","breadcrumb":{"@id":"https:\/\/www.electroluxprofessional.com\/hr\/dodaci-i-potrosni-materijal\/modularno-kuhanje\/#breadcrumb"},"inLanguage":"hr","potentialAction":[{"@type":"ReadAction","target":["https:\/\/www.electroluxprofessional.com\/hr\/dodaci-i-potrosni-materijal\/modularno-kuhanje\/"]}]},{"@type":"BreadcrumbList","@id":"https:\/\/www.electroluxprofessional.com\/hr\/dodaci-i-potrosni-materijal\/modularno-kuhanje\/#breadcrumb","itemListElement":[{"@type":"ListItem","position":1,"name":"Po\u010detna stranica","item":"https:\/\/www.electroluxprofessional.com\/hr\/"},{"@type":"ListItem","position":2,"name":"Dodaci i potro\u0161ni materijal","item":"https:\/\/www.electroluxprofessional.com\/hr\/dodaci-i-potrosni-materijal\/"},{"@type":"ListItem","position":3,"name":"Dodaci i potro\u0161ni materijal &#8211; Modularno kuhanje"}]},{"@type":"WebSite","@id":"https:\/\/www.electroluxprofessional.com\/hr\/#website","url":"https:\/\/www.electroluxprofessional.com\/hr\/","name":"Electrolux Professional Hrvatska","description":"","potentialAction":[{"@type":"SearchAction","target":{"@type":"EntryPoint","urlTemplate":"https:\/\/www.electroluxprofessional.com\/hr\/?src={search_term_string}"},"query-input":"required name=search_term_string"}],"inLanguage":"hr"}]}},"_links":{"self":[{"href":"https:\/\/www.electroluxprofessional.com\/hr\/wp-json\/wp\/v2\/pages\/2998"}],"collection":[{"href":"https:\/\/www.electroluxprofessional.com\/hr\/wp-json\/wp\/v2\/pages"}],"about":[{"href":"https:\/\/www.electroluxprofessional.com\/hr\/wp-json\/wp\/v2\/types\/page"}],"author":[{"embeddable":true,"href":"https:\/\/www.electroluxprofessional.com\/hr\/wp-json\/wp\/v2\/users\/4"}],"replies":[{"embeddable":true,"href":"https:\/\/www.electroluxprofessional.com\/hr\/wp-json\/wp\/v2\/comments?post=2998"}],"version-history":[{"count":8,"href":"https:\/\/www.electroluxprofessional.com\/hr\/wp-json\/wp\/v2\/pages\/2998\/revisions"}],"predecessor-version":[{"id":118977,"href":"https:\/\/www.electroluxprofessional.com\/hr\/wp-json\/wp\/v2\/pages\/2998\/revisions\/118977"}],"up":[{"embeddable":true,"href":"https:\/\/www.electroluxprofessional.com\/hr\/wp-json\/wp\/v2\/pages\/2967"}],"wp:attachment":[{"href":"https:\/\/www.electroluxprofessional.com\/hr\/wp-json\/wp\/v2\/media?parent=2998"}],"curies":[{"name":"wp","href":"https:\/\/api.w.org\/{rel}","templated":true}]}}