{"id":2995,"date":"2017-05-09T10:28:05","date_gmt":"2017-05-09T10:28:05","guid":{"rendered":"https:\/\/www.electroluxprofessional.com\/hr\/?page_id=2995"},"modified":"2025-11-06T13:15:30","modified_gmt":"2025-11-06T13:15:30","slug":"speedelight","status":"publish","type":"page","link":"https:\/\/www.electroluxprofessional.com\/hr\/dodaci-i-potrosni-materijal\/speedelight\/","title":{"rendered":"Dodaci i potro\u0161ni materijal &#8211;  SpeeDelight"},"content":{"rendered":"<p>[vc_row full_width=&#8221;electroluxpro-full-width-no-padding&#8221;][vc_column][elx_hero_title label=&#8221;&#8221; background_image=&#8221;2579&#8243;][elx_heading font_container=&#8221;h1&#8243; text_color=&#8221;white&#8221;]Dodaci i potro\u0161ni materijal<br \/>\nSpeeDelight[\/elx_heading][\/elx_hero_title][\/vc_column][\/vc_row][vc_row][vc_column][vc_empty_space height=&#8221;50px&#8221;][elx_heading text_color=&#8221;inherit&#8221; text_align=&#8221;text-center&#8221;]<strong>Brzina nikada nije imala bolji okus<\/strong><br \/>\n[\/elx_heading][vc_empty_space height=&#8221;50px&#8221;][\/vc_column][\/vc_row][vc_row full_width=&#8221;electroluxpro-container-no-padding&#8221; equal_height=&#8221;yes&#8221;][vc_column width=&#8221;1\/2&#8243;][elx_image_block background_image=&#8221;5758&#8243; minimum_height=&#8221;450px&#8221;][\/vc_column][vc_column width=&#8221;1\/2&#8243;][elx_simple_block background_color=&#8221;inherit&#8221;][vc_column_text]<strong>Dodaci i potro\u0161ni materijal za vrhunsko odr\u017eavanje<\/strong><\/p>\n<p>Ovaj pribor odr\u017eavat \u0107e va\u0161 SpeeDelight u vrhunskoj formi da mo\u017ee raditi ono \u0161to radi najbolje: \u010detka, lopatica, struga\u010d, pomi\u010dna teflonska plo\u010da, papir za pe\u010denje, silikonska za\u0161tita, teku\u0107ina za \u010di\u0161\u0107enje, brzinski zama\u0161\u010diva\u010d.[\/vc_column_text][vc_single_image image=&#8221;1678&#8243; img_size=&#8221;400&#215;241&#8243; css_animation=&#8221;right-to-left&#8221;][elx_button button_text=&#8221;Otkrijte vi\u0161e o SpeeDelight potro\u0161nom materijalu&#8221; button_style=&#8221;icon&#8221; button_link=&#8221;url:https%3A%2F%2Fwww.electroluxprofessional.com%2Fcommercial-kitchen-equipment%2Fspeedelight-high-speed-snack-grill%2F|title:SpeeDelight%20high%20speed%20snack%20grill||&#8221;][\/elx_simple_block][\/vc_column][\/vc_row][vc_row][vc_column][vc_empty_space height=&#8221;50px&#8221;][\/vc_column][\/vc_row][vc_row][vc_column][vc_empty_space][elx_heading font_container=&#8221;h3&#8243; text_color=&#8221;inherit&#8221;]Otkrijte kako personalizirati svoj SpeeDelight[\/elx_heading][elx_o2000_contact_us r=&#8221;\u017delim saznati vi\u0161e o dodacima i potro\u0161nom materijalu za SpeeDelight. Molim da me kontaktirate.&#8221; s=&#8221;Zahtjev za informacijama o dodacima i potro\u0161nom materijalu za SpeeDelight.&#8221; country=&#8221;Croatia&#8221; l=&#8221;hr&#8221; container=&#8221;elxcontactus1484315184&#8243;][\/vc_column][\/vc_row]<\/p>\n","protected":false},"excerpt":{"rendered":"<p>[vc_row full_width=&#8221;electroluxpro-full-width-no-padding&#8221;][vc_column][elx_hero_title label=&#8221;&#8221; background_image=&#8221;2579&#8243;][elx_heading font_container=&#8221;h1&#8243; text_color=&#8221;white&#8221;]Dodaci i potro\u0161ni materijal SpeeDelight[\/elx_heading][\/elx_hero_title][\/vc_column][\/vc_row][vc_row][vc_column][vc_empty_space height=&#8221;50px&#8221;][elx_heading text_color=&#8221;inherit&#8221; text_align=&#8221;text-center&#8221;]Brzina nikada nije imala bolji okus [\/elx_heading][vc_empty_space height=&#8221;50px&#8221;][\/vc_column][\/vc_row][vc_row full_width=&#8221;electroluxpro-container-no-padding&#8221; equal_height=&#8221;yes&#8221;][vc_column width=&#8221;1\/2&#8243;][elx_image_block background_image=&#8221;5758&#8243; minimum_height=&#8221;450px&#8221;][\/vc_column][vc_column width=&#8221;1\/2&#8243;][elx_simple_block background_color=&#8221;inherit&#8221;][vc_column_text]Dodaci i potro\u0161ni materijal za vrhunsko odr\u017eavanje Ovaj pribor odr\u017eavat \u0107e va\u0161 SpeeDelight u vrhunskoj formi da mo\u017ee raditi ono \u0161to radi najbolje: \u010detka, lopatica, struga\u010d, pomi\u010dna teflonska plo\u010da, [&hellip;]<\/p>\n","protected":false},"author":4,"featured_media":0,"parent":2967,"menu_order":0,"comment_status":"closed","ping_status":"closed","template":"","meta":{"footnotes":""},"class_list":["post-2995","page","type-page","status-publish","hentry"],"acf":[],"yoast_head":"<!-- This site is optimized with the Yoast SEO plugin v23.3 - https:\/\/yoast.com\/wordpress\/plugins\/seo\/ -->\n<title>Dodaci i potro\u0161ni materijal - SpeeDelight - Electrolux Professional Hrvatska<\/title>\n<meta name=\"robots\" content=\"index, follow, max-snippet:-1, max-image-preview:large, max-video-preview:-1\" \/>\n<link rel=\"canonical\" href=\"https:\/\/www.electroluxprofessional.com\/hr\/dodaci-i-potrosni-materijal\/speedelight\/\" \/>\n<meta property=\"og:locale\" content=\"hr_HR\" \/>\n<meta property=\"og:type\" content=\"article\" \/>\n<meta property=\"og:title\" content=\"Dodaci i potro\u0161ni materijal - SpeeDelight - Electrolux Professional Hrvatska\" \/>\n<meta property=\"og:description\" content=\"[vc_row full_width=&#8221;electroluxpro-full-width-no-padding&#8221;][vc_column][elx_hero_title label=&#8221;&#8221; background_image=&#8221;2579&#8243;][elx_heading font_container=&#8221;h1&#8243; text_color=&#8221;white&#8221;]Dodaci i potro\u0161ni materijal SpeeDelight[\/elx_heading][\/elx_hero_title][\/vc_column][\/vc_row][vc_row][vc_column][vc_empty_space height=&#8221;50px&#8221;][elx_heading text_color=&#8221;inherit&#8221; text_align=&#8221;text-center&#8221;]Brzina nikada nije imala bolji okus [\/elx_heading][vc_empty_space height=&#8221;50px&#8221;][\/vc_column][\/vc_row][vc_row full_width=&#8221;electroluxpro-container-no-padding&#8221; equal_height=&#8221;yes&#8221;][vc_column width=&#8221;1\/2&#8243;][elx_image_block background_image=&#8221;5758&#8243; minimum_height=&#8221;450px&#8221;][\/vc_column][vc_column width=&#8221;1\/2&#8243;][elx_simple_block background_color=&#8221;inherit&#8221;][vc_column_text]Dodaci i potro\u0161ni materijal za vrhunsko odr\u017eavanje Ovaj pribor odr\u017eavat \u0107e va\u0161 SpeeDelight u vrhunskoj formi da mo\u017ee raditi ono \u0161to radi najbolje: \u010detka, lopatica, struga\u010d, pomi\u010dna teflonska plo\u010da, [&hellip;]\" \/>\n<meta property=\"og:url\" content=\"https:\/\/www.electroluxprofessional.com\/hr\/dodaci-i-potrosni-materijal\/speedelight\/\" \/>\n<meta property=\"og:site_name\" content=\"Electrolux Professional Hrvatska\" \/>\n<meta property=\"article:modified_time\" content=\"2025-11-06T13:15:30+00:00\" \/>\n<meta name=\"twitter:card\" content=\"summary_large_image\" \/>\n<meta name=\"twitter:label1\" content=\"Procijenjeno vrijeme \u010ditanja\" \/>\n\t<meta name=\"twitter:data1\" content=\"1 minuta\" \/>\n<script type=\"application\/ld+json\" class=\"yoast-schema-graph\">{\"@context\":\"https:\/\/schema.org\",\"@graph\":[{\"@type\":\"WebPage\",\"@id\":\"https:\/\/www.electroluxprofessional.com\/hr\/dodaci-i-potrosni-materijal\/speedelight\/\",\"url\":\"https:\/\/www.electroluxprofessional.com\/hr\/dodaci-i-potrosni-materijal\/speedelight\/\",\"name\":\"Dodaci i potro\u0161ni materijal - SpeeDelight - Electrolux Professional Hrvatska\",\"isPartOf\":{\"@id\":\"https:\/\/www.electroluxprofessional.com\/hr\/#website\"},\"datePublished\":\"2017-05-09T10:28:05+00:00\",\"dateModified\":\"2025-11-06T13:15:30+00:00\",\"breadcrumb\":{\"@id\":\"https:\/\/www.electroluxprofessional.com\/hr\/dodaci-i-potrosni-materijal\/speedelight\/#breadcrumb\"},\"inLanguage\":\"hr\",\"potentialAction\":[{\"@type\":\"ReadAction\",\"target\":[\"https:\/\/www.electroluxprofessional.com\/hr\/dodaci-i-potrosni-materijal\/speedelight\/\"]}]},{\"@type\":\"BreadcrumbList\",\"@id\":\"https:\/\/www.electroluxprofessional.com\/hr\/dodaci-i-potrosni-materijal\/speedelight\/#breadcrumb\",\"itemListElement\":[{\"@type\":\"ListItem\",\"position\":1,\"name\":\"Po\u010detna stranica\",\"item\":\"https:\/\/www.electroluxprofessional.com\/hr\/\"},{\"@type\":\"ListItem\",\"position\":2,\"name\":\"Dodaci i potro\u0161ni materijal\",\"item\":\"https:\/\/www.electroluxprofessional.com\/hr\/dodaci-i-potrosni-materijal\/\"},{\"@type\":\"ListItem\",\"position\":3,\"name\":\"Dodaci i potro\u0161ni materijal &#8211; SpeeDelight\"}]},{\"@type\":\"WebSite\",\"@id\":\"https:\/\/www.electroluxprofessional.com\/hr\/#website\",\"url\":\"https:\/\/www.electroluxprofessional.com\/hr\/\",\"name\":\"Electrolux Professional Hrvatska\",\"description\":\"\",\"potentialAction\":[{\"@type\":\"SearchAction\",\"target\":{\"@type\":\"EntryPoint\",\"urlTemplate\":\"https:\/\/www.electroluxprofessional.com\/hr\/?src={search_term_string}\"},\"query-input\":\"required name=search_term_string\"}],\"inLanguage\":\"hr\"}]}<\/script>\n<!-- \/ Yoast SEO plugin. -->","yoast_head_json":{"title":"Dodaci i potro\u0161ni materijal - SpeeDelight - Electrolux Professional Hrvatska","robots":{"index":"index","follow":"follow","max-snippet":"max-snippet:-1","max-image-preview":"max-image-preview:large","max-video-preview":"max-video-preview:-1"},"canonical":"https:\/\/www.electroluxprofessional.com\/hr\/dodaci-i-potrosni-materijal\/speedelight\/","og_locale":"hr_HR","og_type":"article","og_title":"Dodaci i potro\u0161ni materijal - SpeeDelight - Electrolux Professional Hrvatska","og_description":"[vc_row full_width=&#8221;electroluxpro-full-width-no-padding&#8221;][vc_column][elx_hero_title label=&#8221;&#8221; background_image=&#8221;2579&#8243;][elx_heading font_container=&#8221;h1&#8243; text_color=&#8221;white&#8221;]Dodaci i potro\u0161ni materijal SpeeDelight[\/elx_heading][\/elx_hero_title][\/vc_column][\/vc_row][vc_row][vc_column][vc_empty_space height=&#8221;50px&#8221;][elx_heading text_color=&#8221;inherit&#8221; text_align=&#8221;text-center&#8221;]Brzina nikada nije imala bolji okus [\/elx_heading][vc_empty_space height=&#8221;50px&#8221;][\/vc_column][\/vc_row][vc_row full_width=&#8221;electroluxpro-container-no-padding&#8221; equal_height=&#8221;yes&#8221;][vc_column width=&#8221;1\/2&#8243;][elx_image_block background_image=&#8221;5758&#8243; minimum_height=&#8221;450px&#8221;][\/vc_column][vc_column width=&#8221;1\/2&#8243;][elx_simple_block background_color=&#8221;inherit&#8221;][vc_column_text]Dodaci i potro\u0161ni materijal za vrhunsko odr\u017eavanje Ovaj pribor odr\u017eavat \u0107e va\u0161 SpeeDelight u vrhunskoj formi da mo\u017ee raditi ono \u0161to radi najbolje: \u010detka, lopatica, struga\u010d, pomi\u010dna teflonska plo\u010da, [&hellip;]","og_url":"https:\/\/www.electroluxprofessional.com\/hr\/dodaci-i-potrosni-materijal\/speedelight\/","og_site_name":"Electrolux Professional Hrvatska","article_modified_time":"2025-11-06T13:15:30+00:00","twitter_card":"summary_large_image","twitter_misc":{"Procijenjeno vrijeme \u010ditanja":"1 minuta"},"schema":{"@context":"https:\/\/schema.org","@graph":[{"@type":"WebPage","@id":"https:\/\/www.electroluxprofessional.com\/hr\/dodaci-i-potrosni-materijal\/speedelight\/","url":"https:\/\/www.electroluxprofessional.com\/hr\/dodaci-i-potrosni-materijal\/speedelight\/","name":"Dodaci i potro\u0161ni materijal - SpeeDelight - Electrolux Professional Hrvatska","isPartOf":{"@id":"https:\/\/www.electroluxprofessional.com\/hr\/#website"},"datePublished":"2017-05-09T10:28:05+00:00","dateModified":"2025-11-06T13:15:30+00:00","breadcrumb":{"@id":"https:\/\/www.electroluxprofessional.com\/hr\/dodaci-i-potrosni-materijal\/speedelight\/#breadcrumb"},"inLanguage":"hr","potentialAction":[{"@type":"ReadAction","target":["https:\/\/www.electroluxprofessional.com\/hr\/dodaci-i-potrosni-materijal\/speedelight\/"]}]},{"@type":"BreadcrumbList","@id":"https:\/\/www.electroluxprofessional.com\/hr\/dodaci-i-potrosni-materijal\/speedelight\/#breadcrumb","itemListElement":[{"@type":"ListItem","position":1,"name":"Po\u010detna stranica","item":"https:\/\/www.electroluxprofessional.com\/hr\/"},{"@type":"ListItem","position":2,"name":"Dodaci i potro\u0161ni materijal","item":"https:\/\/www.electroluxprofessional.com\/hr\/dodaci-i-potrosni-materijal\/"},{"@type":"ListItem","position":3,"name":"Dodaci i potro\u0161ni materijal &#8211; SpeeDelight"}]},{"@type":"WebSite","@id":"https:\/\/www.electroluxprofessional.com\/hr\/#website","url":"https:\/\/www.electroluxprofessional.com\/hr\/","name":"Electrolux Professional Hrvatska","description":"","potentialAction":[{"@type":"SearchAction","target":{"@type":"EntryPoint","urlTemplate":"https:\/\/www.electroluxprofessional.com\/hr\/?src={search_term_string}"},"query-input":"required name=search_term_string"}],"inLanguage":"hr"}]}},"_links":{"self":[{"href":"https:\/\/www.electroluxprofessional.com\/hr\/wp-json\/wp\/v2\/pages\/2995"}],"collection":[{"href":"https:\/\/www.electroluxprofessional.com\/hr\/wp-json\/wp\/v2\/pages"}],"about":[{"href":"https:\/\/www.electroluxprofessional.com\/hr\/wp-json\/wp\/v2\/types\/page"}],"author":[{"embeddable":true,"href":"https:\/\/www.electroluxprofessional.com\/hr\/wp-json\/wp\/v2\/users\/4"}],"replies":[{"embeddable":true,"href":"https:\/\/www.electroluxprofessional.com\/hr\/wp-json\/wp\/v2\/comments?post=2995"}],"version-history":[{"count":8,"href":"https:\/\/www.electroluxprofessional.com\/hr\/wp-json\/wp\/v2\/pages\/2995\/revisions"}],"predecessor-version":[{"id":118979,"href":"https:\/\/www.electroluxprofessional.com\/hr\/wp-json\/wp\/v2\/pages\/2995\/revisions\/118979"}],"up":[{"embeddable":true,"href":"https:\/\/www.electroluxprofessional.com\/hr\/wp-json\/wp\/v2\/pages\/2967"}],"wp:attachment":[{"href":"https:\/\/www.electroluxprofessional.com\/hr\/wp-json\/wp\/v2\/media?parent=2995"}],"curies":[{"name":"wp","href":"https:\/\/api.w.org\/{rel}","templated":true}]}}