{"id":2965,"date":"2017-01-13T12:52:03","date_gmt":"2017-01-13T11:52:03","guid":{"rendered":"https:\/\/www.electroluxprofessional.com\/hr\/accessories-and-consumables\/laundry\/"},"modified":"2020-08-06T12:41:08","modified_gmt":"2020-08-06T12:41:08","slug":"pranje-rublja","status":"publish","type":"page","link":"https:\/\/www.electroluxprofessional.com\/hr\/dodaci-i-potrosni-materijal\/pranje-rublja\/","title":{"rendered":"Dodaci i potro\u0161ni materijal &#8211;  Pranje rublja"},"content":{"rendered":"<p>[vc_row full_width=&#8221;electroluxpro-full-width-no-padding&#8221;][vc_column][elx_hero_title label=&#8221;&#8221; label_background_color=&#8221;cat-clean&#8221; background_image=&#8221;1403&#8243;][elx_heading font_container=&#8221;h1&#8243; font_size=&#8221;h2&#8243; text_color=&#8221;white&#8221; text_align=&#8221;text-center&#8221;]Dodaci i potro\u0161ni materijal<br \/>\nPranje rublja[\/elx_heading][\/elx_hero_title][\/vc_column][\/vc_row][vc_row][vc_column][vc_empty_space height=&#8221;50px&#8221;][elx_heading font_container=&#8221;h3&#8243; text_color=&#8221;inherit&#8221; text_align=&#8221;text-center&#8221;]Nje\u017eno pranje s vrhunskim rezultatima[\/elx_heading][vc_empty_space height=&#8221;50px&#8221;][\/vc_column][\/vc_row][vc_row full_width=&#8221;electroluxpro-container-no-padding&#8221; equal_height=&#8221;yes&#8221;][vc_column width=&#8221;1\/2&#8243;][elx_image_block background_image=&#8221;797&#8243; minimum_height=&#8221;450px&#8221;][\/vc_column][vc_column width=&#8221;1\/2&#8243;][elx_simple_block background_color=&#8221;inherit&#8221;][vc_column_text]<strong>Deterd\u017eent za osjetljivu odje\u0107u<\/strong><\/p>\n<p>Bilo da perete osjetljivu odje\u0107u ili svakodnevni tekstil, kemijska formula koju su odobrili laboratoriji tvrtke Electrolux daje izvrsne rezultate \u010di\u0161\u0107enja odr\u017eavaju\u0107i bijelo rublje postojanim, a \u0161areno prekrasnim.[\/vc_column_text][vc_single_image image=&#8221;809&#8243; img_size=&#8221;375&#215;250&#8243; css_animation=&#8221;right-to-left&#8221;][\/elx_simple_block][\/vc_column][\/vc_row][vc_row][vc_column][vc_empty_space height=&#8221;50px&#8221;][elx_heading font_container=&#8221;h3&#8243; text_color=&#8221;inherit&#8221; text_align=&#8221;text-center&#8221;]U\u010dinkovito pranje rublja u svakom detalju[\/elx_heading][vc_empty_space height=&#8221;50px&#8221;][\/vc_column][\/vc_row][vc_row full_width=&#8221;electroluxpro-container-no-padding&#8221; equal_height=&#8221;yes&#8221;][vc_column width=&#8221;1\/2&#8243;][elx_image_block background_image=&#8221;798&#8243; minimum_height=&#8221;450px&#8221;][\/vc_column][vc_column width=&#8221;1\/2&#8243;][elx_simple_block background_color=&#8221;inherit&#8221;][vc_column_text]<strong>Veliki izbor dodataka pru\u017ea u\u010dinkovitost i najbolju ergonomiju<\/strong><\/p>\n<p><strong>\u00a0<\/strong><\/p>\n<ul>\n<li>Sklopivi stalak za odje\u0107u koji stane u mnoge poslovne prostore: praonice rublja, du\u0107ane, kroja\u010dnice, butike s vjen\u010danicama i haljinama za zabave te mnoge druge<\/li>\n<li>Spiralne ko\u0161arice omogu\u0107uju utovar i istovar perilice i su\u0161ilice<\/li>\n<li>Korisne ko\u0161arice omogu\u0107uju slaganje plahti koje se stavljaju ispod zateza\u010da plahti<\/li>\n<li>Loptice za su\u0161ilice posebno su dizajnirane da podizanje i odvajanje rublja<\/li>\n<li>Vi\u0161efunkcionalna krpa za \u010di\u0161\u0107enje od mikrovlakana koja se mo\u017ee ponovno upotrijebiti za dubinsko \u010di\u0161\u0107enje i izvanredno zavr\u0161no poliranje<\/li>\n<li>Vre\u0107ice topive u vodi idealne su za pranje rublja u zdravstvenim ustanovama. Upotrebljavajte na\u0161e vre\u0107ice kako biste izbjegli zarazu i sprije\u010dili infekcije.<\/li>\n<\/ul>\n<p>[\/vc_column_text][\/elx_simple_block][\/vc_column][\/vc_row][vc_row][vc_column][vc_empty_space height=&#8221;50px&#8221;][elx_heading font_container=&#8221;h3&#8243; text_color=&#8221;inherit&#8221; text_align=&#8221;text-center&#8221;]Neka se va\u0161e rublje kre\u0107e[\/elx_heading][vc_empty_space height=&#8221;50px&#8221;][\/vc_column][\/vc_row][vc_row][vc_column width=&#8221;1\/2&#8243;][elx_image_block background_image=&#8221;799&#8243; minimum_height=&#8221;500px&#8221;][\/vc_column][vc_column width=&#8221;1\/2&#8243;][elx_simple_block background_color=&#8221;inherit&#8221;][vc_column_text]<strong>Kolica i stalci<\/strong><\/p>\n<p>&nbsp;<\/p>\n<ul>\n<li>Prava kolica i stalci omogu\u0107uju rukovanje rubljem i sprje\u010davaju ponavljaju\u0107a istegnu\u0107a.<\/li>\n<li><strong>Ergonomska kolica i stalci za rublje<\/strong> stanu u praonice, bolnice, domove za starije osobe, hotele, toplice itd. Njihov dizajn omogu\u0107uje da se kolica dovoljno pribli\u017ee opremi kako rublje ne bi zavr\u0161ilo na podu.<\/li>\n<\/ul>\n<p>[\/vc_column_text][vc_single_image image=&#8221;1679&#8243; img_size=&#8221;full&#8221; css_animation=&#8221;right-to-left&#8221;][\/elx_simple_block][\/vc_column][\/vc_row][vc_row][vc_column][vc_empty_space][\/vc_column][\/vc_row][vc_row][vc_column width=&#8221;1\/3&#8243;][elx_download_block text=&#8221;Dodaci i potro\u0161ni materijal<br \/>\nPranje rublja&#8221; link=&#8221;files.professional.electrolux.com\/docs\/?n=A0026&amp;b=5&amp;l=1&#8243; background_color=&#8221;orange&#8221; reveal_effect=&#8221;&#8221; reveal_duration=&#8221;&#8221; reveal_delay=&#8221;&#8221;][\/vc_column][vc_column width=&#8221;1\/3&#8243;][elx_download_block text=&#8221;Napredna njega lagoon&#8221; link=&#8221;https:\/\/www.electroluxprofessional.com\/commercial-laundry-equipment\/lagoon-advanced-care\/&#8221; link_target=&#8221;self&#8221; background_color=&#8221;electrolux-blue&#8221; background_hover_color=&#8221;lighter-hover&#8221; background_image=&#8221;2023&#8243; reveal_effect=&#8221;&#8221; reveal_duration=&#8221;&#8221; reveal_delay=&#8221;&#8221;][\/vc_column][vc_column width=&#8221;1\/3&#8243;][elx_download_block text=&#8221;Perilice s barijerom&#8221; link=&#8221;https:\/\/www.electroluxprofessional.com\/commercial-laundry-equipment\/barrier-washers\/&#8221; link_target=&#8221;self&#8221; background_color=&#8221;electrolux-blue&#8221; background_hover_color=&#8221;lighter-hover&#8221; background_image=&#8221;914&#8243; reveal_effect=&#8221;&#8221; reveal_duration=&#8221;&#8221; reveal_delay=&#8221;&#8221;][\/vc_column][\/vc_row][vc_row][vc_column][vc_empty_space][elx_heading font_container=&#8221;h3&#8243; text_color=&#8221;inherit&#8221;]Otkrijte kako personalizirati svoje ure\u0111aje za pranje[\/elx_heading][elx_o2000_contact_us r=&#8221;\u017delim saznati vi\u0161e o dodacima i potro\u0161nom materijalu za rje\u0161enja za pranje rublja. Molim da me kontaktirate.&#8221; s=&#8221;Request of information about accessories and consumables.&#8221; country=&#8221;Croatia&#8221; l=&#8221;hr&#8221; b=&#8221;laundry&#8221; container=&#8221;elxcontactus1484308232&#8243;][\/vc_column][\/vc_row]<\/p>\n","protected":false},"excerpt":{"rendered":"<p>[vc_row full_width=&#8221;electroluxpro-full-width-no-padding&#8221;][vc_column][elx_hero_title label=&#8221;&#8221; label_background_color=&#8221;cat-clean&#8221; background_image=&#8221;1403&#8243;][elx_heading font_container=&#8221;h1&#8243; font_size=&#8221;h2&#8243; text_color=&#8221;white&#8221; text_align=&#8221;text-center&#8221;]Dodaci i potro\u0161ni materijal Pranje rublja[\/elx_heading][\/elx_hero_title][\/vc_column][\/vc_row][vc_row][vc_column][vc_empty_space height=&#8221;50px&#8221;][elx_heading font_container=&#8221;h3&#8243; text_color=&#8221;inherit&#8221; text_align=&#8221;text-center&#8221;]Nje\u017eno pranje s vrhunskim rezultatima[\/elx_heading][vc_empty_space height=&#8221;50px&#8221;][\/vc_column][\/vc_row][vc_row full_width=&#8221;electroluxpro-container-no-padding&#8221; equal_height=&#8221;yes&#8221;][vc_column width=&#8221;1\/2&#8243;][elx_image_block background_image=&#8221;797&#8243; minimum_height=&#8221;450px&#8221;][\/vc_column][vc_column width=&#8221;1\/2&#8243;][elx_simple_block background_color=&#8221;inherit&#8221;][vc_column_text]Deterd\u017eent za osjetljivu odje\u0107u Bilo da perete osjetljivu odje\u0107u ili svakodnevni tekstil, kemijska formula koju su odobrili laboratoriji tvrtke Electrolux daje izvrsne rezultate \u010di\u0161\u0107enja odr\u017eavaju\u0107i bijelo [&hellip;]<\/p>\n","protected":false},"author":1,"featured_media":0,"parent":2967,"menu_order":0,"comment_status":"closed","ping_status":"closed","template":"","meta":{"footnotes":""},"class_list":["post-2965","page","type-page","status-publish","hentry"],"acf":[],"yoast_head":"<!-- This site is optimized with the Yoast SEO plugin v23.3 - https:\/\/yoast.com\/wordpress\/plugins\/seo\/ -->\n<title>Dodaci i potro\u0161ni materijal - Pranje rublja - Electrolux Professional Hrvatska<\/title>\n<meta name=\"description\" content=\"Deterd\u017eenti za osjetljivu odje\u0107u, ergonomska klizna kolica i ko\u0161are za rublje. Saznajte vi\u0161e o dodatnoj opremi i potro\u0161nome materijalu za svoju praoni\u010dku opremu.\" \/>\n<meta name=\"robots\" content=\"index, follow, max-snippet:-1, max-image-preview:large, max-video-preview:-1\" \/>\n<link rel=\"canonical\" href=\"https:\/\/www.electroluxprofessional.com\/hr\/dodaci-i-potrosni-materijal\/pranje-rublja\/\" \/>\n<meta property=\"og:locale\" content=\"hr_HR\" \/>\n<meta property=\"og:type\" content=\"article\" \/>\n<meta property=\"og:title\" content=\"Dodaci i potro\u0161ni materijal - Pranje rublja - Electrolux Professional Hrvatska\" \/>\n<meta property=\"og:description\" content=\"Deterd\u017eenti za osjetljivu odje\u0107u, ergonomska klizna kolica i ko\u0161are za rublje. Saznajte vi\u0161e o dodatnoj opremi i potro\u0161nome materijalu za svoju praoni\u010dku opremu.\" \/>\n<meta property=\"og:url\" content=\"https:\/\/www.electroluxprofessional.com\/hr\/dodaci-i-potrosni-materijal\/pranje-rublja\/\" \/>\n<meta property=\"og:site_name\" content=\"Electrolux Professional Hrvatska\" \/>\n<meta property=\"article:modified_time\" content=\"2020-08-06T12:41:08+00:00\" \/>\n<meta name=\"twitter:card\" content=\"summary_large_image\" \/>\n<meta name=\"twitter:label1\" content=\"Procijenjeno vrijeme \u010ditanja\" \/>\n\t<meta name=\"twitter:data1\" content=\"4 minute\" \/>\n<script type=\"application\/ld+json\" class=\"yoast-schema-graph\">{\"@context\":\"https:\/\/schema.org\",\"@graph\":[{\"@type\":\"WebPage\",\"@id\":\"https:\/\/www.electroluxprofessional.com\/hr\/dodaci-i-potrosni-materijal\/pranje-rublja\/\",\"url\":\"https:\/\/www.electroluxprofessional.com\/hr\/dodaci-i-potrosni-materijal\/pranje-rublja\/\",\"name\":\"Dodaci i potro\u0161ni materijal - Pranje rublja - Electrolux Professional Hrvatska\",\"isPartOf\":{\"@id\":\"https:\/\/www.electroluxprofessional.com\/hr\/#website\"},\"datePublished\":\"2017-01-13T11:52:03+00:00\",\"dateModified\":\"2020-08-06T12:41:08+00:00\",\"description\":\"Deterd\u017eenti za osjetljivu odje\u0107u, ergonomska klizna kolica i ko\u0161are za rublje. Saznajte vi\u0161e o dodatnoj opremi i potro\u0161nome materijalu za svoju praoni\u010dku opremu.\",\"breadcrumb\":{\"@id\":\"https:\/\/www.electroluxprofessional.com\/hr\/dodaci-i-potrosni-materijal\/pranje-rublja\/#breadcrumb\"},\"inLanguage\":\"hr\",\"potentialAction\":[{\"@type\":\"ReadAction\",\"target\":[\"https:\/\/www.electroluxprofessional.com\/hr\/dodaci-i-potrosni-materijal\/pranje-rublja\/\"]}]},{\"@type\":\"BreadcrumbList\",\"@id\":\"https:\/\/www.electroluxprofessional.com\/hr\/dodaci-i-potrosni-materijal\/pranje-rublja\/#breadcrumb\",\"itemListElement\":[{\"@type\":\"ListItem\",\"position\":1,\"name\":\"Po\u010detna stranica\",\"item\":\"https:\/\/www.electroluxprofessional.com\/hr\/\"},{\"@type\":\"ListItem\",\"position\":2,\"name\":\"Dodaci i potro\u0161ni materijal\",\"item\":\"https:\/\/www.electroluxprofessional.com\/hr\/dodaci-i-potrosni-materijal\/\"},{\"@type\":\"ListItem\",\"position\":3,\"name\":\"Dodaci i potro\u0161ni materijal &#8211; Pranje rublja\"}]},{\"@type\":\"WebSite\",\"@id\":\"https:\/\/www.electroluxprofessional.com\/hr\/#website\",\"url\":\"https:\/\/www.electroluxprofessional.com\/hr\/\",\"name\":\"Electrolux Professional Hrvatska\",\"description\":\"\",\"potentialAction\":[{\"@type\":\"SearchAction\",\"target\":{\"@type\":\"EntryPoint\",\"urlTemplate\":\"https:\/\/www.electroluxprofessional.com\/hr\/?src={search_term_string}\"},\"query-input\":\"required name=search_term_string\"}],\"inLanguage\":\"hr\"}]}<\/script>\n<!-- \/ Yoast SEO plugin. -->","yoast_head_json":{"title":"Dodaci i potro\u0161ni materijal - Pranje rublja - Electrolux Professional Hrvatska","description":"Deterd\u017eenti za osjetljivu odje\u0107u, ergonomska klizna kolica i ko\u0161are za rublje. Saznajte vi\u0161e o dodatnoj opremi i potro\u0161nome materijalu za svoju praoni\u010dku opremu.","robots":{"index":"index","follow":"follow","max-snippet":"max-snippet:-1","max-image-preview":"max-image-preview:large","max-video-preview":"max-video-preview:-1"},"canonical":"https:\/\/www.electroluxprofessional.com\/hr\/dodaci-i-potrosni-materijal\/pranje-rublja\/","og_locale":"hr_HR","og_type":"article","og_title":"Dodaci i potro\u0161ni materijal - Pranje rublja - Electrolux Professional Hrvatska","og_description":"Deterd\u017eenti za osjetljivu odje\u0107u, ergonomska klizna kolica i ko\u0161are za rublje. Saznajte vi\u0161e o dodatnoj opremi i potro\u0161nome materijalu za svoju praoni\u010dku opremu.","og_url":"https:\/\/www.electroluxprofessional.com\/hr\/dodaci-i-potrosni-materijal\/pranje-rublja\/","og_site_name":"Electrolux Professional Hrvatska","article_modified_time":"2020-08-06T12:41:08+00:00","twitter_card":"summary_large_image","twitter_misc":{"Procijenjeno vrijeme \u010ditanja":"4 minute"},"schema":{"@context":"https:\/\/schema.org","@graph":[{"@type":"WebPage","@id":"https:\/\/www.electroluxprofessional.com\/hr\/dodaci-i-potrosni-materijal\/pranje-rublja\/","url":"https:\/\/www.electroluxprofessional.com\/hr\/dodaci-i-potrosni-materijal\/pranje-rublja\/","name":"Dodaci i potro\u0161ni materijal - Pranje rublja - Electrolux Professional Hrvatska","isPartOf":{"@id":"https:\/\/www.electroluxprofessional.com\/hr\/#website"},"datePublished":"2017-01-13T11:52:03+00:00","dateModified":"2020-08-06T12:41:08+00:00","description":"Deterd\u017eenti za osjetljivu odje\u0107u, ergonomska klizna kolica i ko\u0161are za rublje. Saznajte vi\u0161e o dodatnoj opremi i potro\u0161nome materijalu za svoju praoni\u010dku opremu.","breadcrumb":{"@id":"https:\/\/www.electroluxprofessional.com\/hr\/dodaci-i-potrosni-materijal\/pranje-rublja\/#breadcrumb"},"inLanguage":"hr","potentialAction":[{"@type":"ReadAction","target":["https:\/\/www.electroluxprofessional.com\/hr\/dodaci-i-potrosni-materijal\/pranje-rublja\/"]}]},{"@type":"BreadcrumbList","@id":"https:\/\/www.electroluxprofessional.com\/hr\/dodaci-i-potrosni-materijal\/pranje-rublja\/#breadcrumb","itemListElement":[{"@type":"ListItem","position":1,"name":"Po\u010detna stranica","item":"https:\/\/www.electroluxprofessional.com\/hr\/"},{"@type":"ListItem","position":2,"name":"Dodaci i potro\u0161ni materijal","item":"https:\/\/www.electroluxprofessional.com\/hr\/dodaci-i-potrosni-materijal\/"},{"@type":"ListItem","position":3,"name":"Dodaci i potro\u0161ni materijal &#8211; Pranje rublja"}]},{"@type":"WebSite","@id":"https:\/\/www.electroluxprofessional.com\/hr\/#website","url":"https:\/\/www.electroluxprofessional.com\/hr\/","name":"Electrolux Professional Hrvatska","description":"","potentialAction":[{"@type":"SearchAction","target":{"@type":"EntryPoint","urlTemplate":"https:\/\/www.electroluxprofessional.com\/hr\/?src={search_term_string}"},"query-input":"required name=search_term_string"}],"inLanguage":"hr"}]}},"_links":{"self":[{"href":"https:\/\/www.electroluxprofessional.com\/hr\/wp-json\/wp\/v2\/pages\/2965"}],"collection":[{"href":"https:\/\/www.electroluxprofessional.com\/hr\/wp-json\/wp\/v2\/pages"}],"about":[{"href":"https:\/\/www.electroluxprofessional.com\/hr\/wp-json\/wp\/v2\/types\/page"}],"author":[{"embeddable":true,"href":"https:\/\/www.electroluxprofessional.com\/hr\/wp-json\/wp\/v2\/users\/1"}],"replies":[{"embeddable":true,"href":"https:\/\/www.electroluxprofessional.com\/hr\/wp-json\/wp\/v2\/comments?post=2965"}],"version-history":[{"count":5,"href":"https:\/\/www.electroluxprofessional.com\/hr\/wp-json\/wp\/v2\/pages\/2965\/revisions"}],"predecessor-version":[{"id":5398,"href":"https:\/\/www.electroluxprofessional.com\/hr\/wp-json\/wp\/v2\/pages\/2965\/revisions\/5398"}],"up":[{"embeddable":true,"href":"https:\/\/www.electroluxprofessional.com\/hr\/wp-json\/wp\/v2\/pages\/2967"}],"wp:attachment":[{"href":"https:\/\/www.electroluxprofessional.com\/hr\/wp-json\/wp\/v2\/media?parent=2965"}],"curies":[{"name":"wp","href":"https:\/\/api.w.org\/{rel}","templated":true}]}}