{"id":2959,"date":"2017-05-09T09:42:46","date_gmt":"2017-05-09T09:42:46","guid":{"rendered":"https:\/\/www.electroluxprofessional.com\/hr\/?page_id=2959"},"modified":"2017-08-11T11:06:06","modified_gmt":"2017-08-11T11:06:06","slug":"electroluxovi-strucni-seminari","status":"publish","type":"page","link":"https:\/\/www.electroluxprofessional.com\/hr\/electroluxovi-strucni-seminari\/","title":{"rendered":"Electrolux Professionalovi stru\u010dni seminari"},"content":{"rendered":"<p>[vc_row full_width=&#8221;electroluxpro-full-width-no-padding&#8221;][vc_column][elx_hero_title label=&#8221;&#8221; background_image=&#8221;1940&#8243;][elx_heading font_container=&#8221;h1&#8243; text_color=&#8221;white&#8221;]Electroluxovi stru\u010dni seminari[\/elx_heading][\/elx_hero_title][\/vc_column][\/vc_row][vc_row][vc_column][vc_empty_space][elx_heading font_size=&#8221;h3&#8243; text_color=&#8221;inherit&#8221;]<strong>Sastanci, obuka, inspiriranje i dijeljenje iskustava<\/strong> u Electroluxovim profesionalnim centrima izvrsnosti[\/elx_heading][vc_empty_space height=&#8221;15px&#8221;][vc_column_text]<strong>Pod vodstvom Electroluxove kulinarske akademije poznati kuhari iz razli\u010ditih dijelova svijeta i najistaknutiji stru\u010dnjaci u industriji poslu\u017eivanja hrane, Electroluxovi stru\u010dni seminari zasnovani su na najmodernijoj edukativnoj metodologiji najboljih me\u0111unarodnih kulinarskih instituta.<\/strong><\/p>\n<h5><strong>\u00a0<\/strong><\/h5>\n<p>[\/vc_column_text][\/vc_column][\/vc_row][vc_row][vc_column][vc_empty_space][\/vc_column][\/vc_row][vc_row][vc_column][elx_o2000_contact_us r=&#8221;\u017delio bih saznati vi\u0161e o Electroluxovoj kulinarskoj akademiji!&#8221; s=&#8221;\u017delio bih saznati vi\u0161e o Elektroluxovoj kulinarskoj akademiji!&#8221; country=&#8221;Croatia&#8221; l=&#8221;hr&#8221;][\/vc_column][\/vc_row]<\/p>\n","protected":false},"excerpt":{"rendered":"<p>[vc_row full_width=&#8221;electroluxpro-full-width-no-padding&#8221;][vc_column][elx_hero_title label=&#8221;&#8221; background_image=&#8221;1940&#8243;][elx_heading font_container=&#8221;h1&#8243; text_color=&#8221;white&#8221;]Electroluxovi stru\u010dni seminari[\/elx_heading][\/elx_hero_title][\/vc_column][\/vc_row][vc_row][vc_column][vc_empty_space][elx_heading font_size=&#8221;h3&#8243; text_color=&#8221;inherit&#8221;]Sastanci, obuka, inspiriranje i dijeljenje iskustava u Electroluxovim profesionalnim centrima izvrsnosti[\/elx_heading][vc_empty_space height=&#8221;15px&#8221;][vc_column_text]Pod vodstvom Electroluxove kulinarske akademije poznati kuhari iz razli\u010ditih dijelova svijeta i najistaknutiji stru\u010dnjaci u industriji poslu\u017eivanja hrane, Electroluxovi stru\u010dni seminari zasnovani su na najmodernijoj edukativnoj metodologiji najboljih me\u0111unarodnih kulinarskih instituta. \u00a0 [\/vc_column_text][\/vc_column][\/vc_row][vc_row][vc_column][vc_empty_space][\/vc_column][\/vc_row][vc_row][vc_column][elx_o2000_contact_us r=&#8221;\u017delio bih [&hellip;]<\/p>\n","protected":false},"author":4,"featured_media":0,"parent":0,"menu_order":0,"comment_status":"closed","ping_status":"closed","template":"template-seminars.php","meta":{"footnotes":""},"class_list":["post-2959","page","type-page","status-publish","hentry"],"acf":[],"yoast_head":"<!-- This site is optimized with the Yoast SEO plugin v23.3 - https:\/\/yoast.com\/wordpress\/plugins\/seo\/ -->\n<title>Electrolux Professionalovi stru\u010dni seminari - Electrolux Professional Hrvatska<\/title>\n<meta name=\"robots\" content=\"index, follow, max-snippet:-1, max-image-preview:large, max-video-preview:-1\" \/>\n<link rel=\"canonical\" href=\"https:\/\/www.electroluxprofessional.com\/hr\/electroluxovi-strucni-seminari\/\" \/>\n<meta property=\"og:locale\" content=\"hr_HR\" \/>\n<meta property=\"og:type\" content=\"article\" \/>\n<meta property=\"og:title\" content=\"Electrolux Professionalovi stru\u010dni seminari - Electrolux Professional Hrvatska\" \/>\n<meta property=\"og:description\" content=\"[vc_row full_width=&#8221;electroluxpro-full-width-no-padding&#8221;][vc_column][elx_hero_title label=&#8221;&#8221; background_image=&#8221;1940&#8243;][elx_heading font_container=&#8221;h1&#8243; text_color=&#8221;white&#8221;]Electroluxovi stru\u010dni seminari[\/elx_heading][\/elx_hero_title][\/vc_column][\/vc_row][vc_row][vc_column][vc_empty_space][elx_heading font_size=&#8221;h3&#8243; text_color=&#8221;inherit&#8221;]Sastanci, obuka, inspiriranje i dijeljenje iskustava u Electroluxovim profesionalnim centrima izvrsnosti[\/elx_heading][vc_empty_space height=&#8221;15px&#8221;][vc_column_text]Pod vodstvom Electroluxove kulinarske akademije poznati kuhari iz razli\u010ditih dijelova svijeta i najistaknutiji stru\u010dnjaci u industriji poslu\u017eivanja hrane, Electroluxovi stru\u010dni seminari zasnovani su na najmodernijoj edukativnoj metodologiji najboljih me\u0111unarodnih kulinarskih instituta. \u00a0 [\/vc_column_text][\/vc_column][\/vc_row][vc_row][vc_column][vc_empty_space][\/vc_column][\/vc_row][vc_row][vc_column][elx_o2000_contact_us r=&#8221;\u017delio bih [&hellip;]\" \/>\n<meta property=\"og:url\" content=\"https:\/\/www.electroluxprofessional.com\/hr\/electroluxovi-strucni-seminari\/\" \/>\n<meta property=\"og:site_name\" content=\"Electrolux Professional Hrvatska\" \/>\n<meta property=\"article:modified_time\" content=\"2017-08-11T11:06:06+00:00\" \/>\n<meta name=\"twitter:card\" content=\"summary_large_image\" \/>\n<meta name=\"twitter:label1\" content=\"Procijenjeno vrijeme \u010ditanja\" \/>\n\t<meta name=\"twitter:data1\" content=\"1 minuta\" \/>\n<script type=\"application\/ld+json\" class=\"yoast-schema-graph\">{\"@context\":\"https:\/\/schema.org\",\"@graph\":[{\"@type\":\"WebPage\",\"@id\":\"https:\/\/www.electroluxprofessional.com\/hr\/electroluxovi-strucni-seminari\/\",\"url\":\"https:\/\/www.electroluxprofessional.com\/hr\/electroluxovi-strucni-seminari\/\",\"name\":\"Electrolux Professionalovi stru\u010dni seminari - Electrolux Professional Hrvatska\",\"isPartOf\":{\"@id\":\"https:\/\/www.electroluxprofessional.com\/hr\/#website\"},\"datePublished\":\"2017-05-09T09:42:46+00:00\",\"dateModified\":\"2017-08-11T11:06:06+00:00\",\"breadcrumb\":{\"@id\":\"https:\/\/www.electroluxprofessional.com\/hr\/electroluxovi-strucni-seminari\/#breadcrumb\"},\"inLanguage\":\"hr\",\"potentialAction\":[{\"@type\":\"ReadAction\",\"target\":[\"https:\/\/www.electroluxprofessional.com\/hr\/electroluxovi-strucni-seminari\/\"]}]},{\"@type\":\"BreadcrumbList\",\"@id\":\"https:\/\/www.electroluxprofessional.com\/hr\/electroluxovi-strucni-seminari\/#breadcrumb\",\"itemListElement\":[{\"@type\":\"ListItem\",\"position\":1,\"name\":\"Po\u010detna stranica\",\"item\":\"https:\/\/www.electroluxprofessional.com\/hr\/\"},{\"@type\":\"ListItem\",\"position\":2,\"name\":\"Electroluxovi stru\u010dni seminari\"}]},{\"@type\":\"WebSite\",\"@id\":\"https:\/\/www.electroluxprofessional.com\/hr\/#website\",\"url\":\"https:\/\/www.electroluxprofessional.com\/hr\/\",\"name\":\"Electrolux Professional Hrvatska\",\"description\":\"\",\"potentialAction\":[{\"@type\":\"SearchAction\",\"target\":{\"@type\":\"EntryPoint\",\"urlTemplate\":\"https:\/\/www.electroluxprofessional.com\/hr\/?src={search_term_string}\"},\"query-input\":\"required name=search_term_string\"}],\"inLanguage\":\"hr\"}]}<\/script>\n<!-- \/ Yoast SEO plugin. -->","yoast_head_json":{"title":"Electrolux Professionalovi stru\u010dni seminari - Electrolux Professional Hrvatska","robots":{"index":"index","follow":"follow","max-snippet":"max-snippet:-1","max-image-preview":"max-image-preview:large","max-video-preview":"max-video-preview:-1"},"canonical":"https:\/\/www.electroluxprofessional.com\/hr\/electroluxovi-strucni-seminari\/","og_locale":"hr_HR","og_type":"article","og_title":"Electrolux Professionalovi stru\u010dni seminari - Electrolux Professional Hrvatska","og_description":"[vc_row full_width=&#8221;electroluxpro-full-width-no-padding&#8221;][vc_column][elx_hero_title label=&#8221;&#8221; background_image=&#8221;1940&#8243;][elx_heading font_container=&#8221;h1&#8243; text_color=&#8221;white&#8221;]Electroluxovi stru\u010dni seminari[\/elx_heading][\/elx_hero_title][\/vc_column][\/vc_row][vc_row][vc_column][vc_empty_space][elx_heading font_size=&#8221;h3&#8243; text_color=&#8221;inherit&#8221;]Sastanci, obuka, inspiriranje i dijeljenje iskustava u Electroluxovim profesionalnim centrima izvrsnosti[\/elx_heading][vc_empty_space height=&#8221;15px&#8221;][vc_column_text]Pod vodstvom Electroluxove kulinarske akademije poznati kuhari iz razli\u010ditih dijelova svijeta i najistaknutiji stru\u010dnjaci u industriji poslu\u017eivanja hrane, Electroluxovi stru\u010dni seminari zasnovani su na najmodernijoj edukativnoj metodologiji najboljih me\u0111unarodnih kulinarskih instituta. \u00a0 [\/vc_column_text][\/vc_column][\/vc_row][vc_row][vc_column][vc_empty_space][\/vc_column][\/vc_row][vc_row][vc_column][elx_o2000_contact_us r=&#8221;\u017delio bih [&hellip;]","og_url":"https:\/\/www.electroluxprofessional.com\/hr\/electroluxovi-strucni-seminari\/","og_site_name":"Electrolux Professional Hrvatska","article_modified_time":"2017-08-11T11:06:06+00:00","twitter_card":"summary_large_image","twitter_misc":{"Procijenjeno vrijeme \u010ditanja":"1 minuta"},"schema":{"@context":"https:\/\/schema.org","@graph":[{"@type":"WebPage","@id":"https:\/\/www.electroluxprofessional.com\/hr\/electroluxovi-strucni-seminari\/","url":"https:\/\/www.electroluxprofessional.com\/hr\/electroluxovi-strucni-seminari\/","name":"Electrolux Professionalovi stru\u010dni seminari - Electrolux Professional Hrvatska","isPartOf":{"@id":"https:\/\/www.electroluxprofessional.com\/hr\/#website"},"datePublished":"2017-05-09T09:42:46+00:00","dateModified":"2017-08-11T11:06:06+00:00","breadcrumb":{"@id":"https:\/\/www.electroluxprofessional.com\/hr\/electroluxovi-strucni-seminari\/#breadcrumb"},"inLanguage":"hr","potentialAction":[{"@type":"ReadAction","target":["https:\/\/www.electroluxprofessional.com\/hr\/electroluxovi-strucni-seminari\/"]}]},{"@type":"BreadcrumbList","@id":"https:\/\/www.electroluxprofessional.com\/hr\/electroluxovi-strucni-seminari\/#breadcrumb","itemListElement":[{"@type":"ListItem","position":1,"name":"Po\u010detna stranica","item":"https:\/\/www.electroluxprofessional.com\/hr\/"},{"@type":"ListItem","position":2,"name":"Electroluxovi stru\u010dni seminari"}]},{"@type":"WebSite","@id":"https:\/\/www.electroluxprofessional.com\/hr\/#website","url":"https:\/\/www.electroluxprofessional.com\/hr\/","name":"Electrolux Professional Hrvatska","description":"","potentialAction":[{"@type":"SearchAction","target":{"@type":"EntryPoint","urlTemplate":"https:\/\/www.electroluxprofessional.com\/hr\/?src={search_term_string}"},"query-input":"required name=search_term_string"}],"inLanguage":"hr"}]}},"_links":{"self":[{"href":"https:\/\/www.electroluxprofessional.com\/hr\/wp-json\/wp\/v2\/pages\/2959"}],"collection":[{"href":"https:\/\/www.electroluxprofessional.com\/hr\/wp-json\/wp\/v2\/pages"}],"about":[{"href":"https:\/\/www.electroluxprofessional.com\/hr\/wp-json\/wp\/v2\/types\/page"}],"author":[{"embeddable":true,"href":"https:\/\/www.electroluxprofessional.com\/hr\/wp-json\/wp\/v2\/users\/4"}],"replies":[{"embeddable":true,"href":"https:\/\/www.electroluxprofessional.com\/hr\/wp-json\/wp\/v2\/comments?post=2959"}],"version-history":[{"count":4,"href":"https:\/\/www.electroluxprofessional.com\/hr\/wp-json\/wp\/v2\/pages\/2959\/revisions"}],"predecessor-version":[{"id":3592,"href":"https:\/\/www.electroluxprofessional.com\/hr\/wp-json\/wp\/v2\/pages\/2959\/revisions\/3592"}],"wp:attachment":[{"href":"https:\/\/www.electroluxprofessional.com\/hr\/wp-json\/wp\/v2\/media?parent=2959"}],"curies":[{"name":"wp","href":"https:\/\/api.w.org\/{rel}","templated":true}]}}