{"id":2927,"date":"2017-05-09T09:16:44","date_gmt":"2017-05-09T09:16:44","guid":{"rendered":"https:\/\/www.electroluxprofessional.com\/hr\/?page_id=2927"},"modified":"2025-11-06T13:38:28","modified_gmt":"2025-11-06T13:38:28","slug":"sustavi-placanja","status":"publish","type":"page","link":"https:\/\/www.electroluxprofessional.com\/hr\/sustavi-placanja\/","title":{"rendered":"Sustavi pla\u0107anja"},"content":{"rendered":"<p>[vc_row full_width=&#8221;electroluxpro-full-width-no-padding&#8221;][vc_column][elx_hero_slider text_position=&#8221;hero_slider_text_align_right&#8221; label_text_color=&#8221;inherit&#8221; images=&#8221;904&#8243;][elx_heading font_container=&#8221;h1&#8243; font_size=&#8221;h3&#8243; text_color=&#8221;inherit&#8221;]Sustavi pla\u0107anja[\/elx_heading][vc_column_text]<\/p>\n<h4>Od pla\u0107anja na ure\u0111aju karticom, kovanicama ili \u017eetonima do mogu\u0107nosti spajanja ure\u0111aja sa sredi\u0161njim sustavom pla\u0107anja.<\/h4>\n<p>[\/vc_column_text][\/elx_hero_slider][\/vc_column][\/vc_row][vc_row][vc_column][vc_empty_space][elx_heading font_size=&#8221;h3&#8243; text_color=&#8221;inherit&#8221;]\u0160irok asortiman sustava za pla\u0107anje[\/elx_heading][vc_empty_space][\/vc_column][\/vc_row][vc_row][vc_column width=&#8221;1\/2&#8243;][vc_column_text]Sustavi za pla\u0107anje za perilice i su\u0161ilice na raspolaganju su kao set samo s broja\u010dem kovanica, samo sa spremnicima za kovanice ili kao kompletni setovi s broja\u010dem kovanica i spremnikom za kovanice.<\/p>\n<p>Na zahtjev, na\u0161e su perilice i su\u0161ilice spremne za povezivanje s velikom ve\u0107inom sustava za pla\u0107anje koji su danas globalno na raspolaganju.<\/p>\n<p>Kontaktirajte nas, imamo velik asortiman sustava za pla\u0107anje i rje\u0161enje za vas.[\/vc_column_text][\/vc_column][vc_column width=&#8221;1\/2&#8243;][vc_single_image image=&#8221;903&#8243; img_size=&#8221;large&#8221;][\/vc_column][\/vc_row][vc_row][vc_column][vc_empty_space][\/vc_column][\/vc_row][vc_row][vc_column width=&#8221;1\/3&#8243;][elx_download_block text=&#8221;Otkrijte na\u0161 sustav za pla\u0107anje za va\u0161e praonice!&#8221; link=&#8221;https:\/\/www.electroluxprofessional.com\/wp-content\/uploads\/2016\/11\/Payment-Systems-Self-Service-Laundries-Electrolux-Professional.pdf&#8221; background_color=&#8221;orange&#8221; reveal_effect=&#8221;&#8221; reveal_duration=&#8221;&#8221; reveal_delay=&#8221;&#8221;][\/vc_column][vc_column width=&#8221;2\/3&#8243;][\/vc_column][\/vc_row][vc_row][vc_column][vc_empty_space][elx_heading font_container=&#8221;h3&#8243; text_color=&#8221;inherit&#8221; text_align=&#8221;text-center&#8221;]Otkrijte \u0161to na\u0161 sustav za pla\u0107anje mo\u017ee u\u010diniti za va\u0161e poslovanje!<br \/>\n[\/elx_heading][elx_o2000_contact_us r=&#8221;\u017delim saznati vi\u0161e o sustavu pla\u0107anja. Molim da me kontaktirate.<br \/>\n&#8221; s=&#8221;Request of information about Payment Systems&#8221; country=&#8221;Croatia&#8221; l=&#8221;hr&#8221; b=&#8221;laundry&#8221; container=&#8221;elxcontactus1478764167&#8243;][vc_empty_space][\/vc_column][\/vc_row][vc_row][vc_column][elx_heading font_size=&#8221;h3&#8243; text_color=&#8221;inherit&#8221; text_align=&#8221;text-center&#8221;]Prona\u0111ite potpuno rje\u0161enje![\/elx_heading][\/vc_column][\/vc_row][vc_row][vc_column width=&#8221;1\/3&#8243;][elx_maylike_box id_box=&#8221;1673&#8243;][\/vc_column][vc_column width=&#8221;1\/3&#8243;][elx_maylike_box id_box=&#8221;374&#8243;][\/vc_column][\/vc_row][vc_row][vc_column][vc_empty_space height=&#8221;50px&#8221;][\/vc_column][\/vc_row]<\/p>\n","protected":false},"excerpt":{"rendered":"<p>[vc_row full_width=&#8221;electroluxpro-full-width-no-padding&#8221;][vc_column][elx_hero_slider text_position=&#8221;hero_slider_text_align_right&#8221; label_text_color=&#8221;inherit&#8221; images=&#8221;904&#8243;][elx_heading font_container=&#8221;h1&#8243; font_size=&#8221;h3&#8243; text_color=&#8221;inherit&#8221;]Sustavi pla\u0107anja[\/elx_heading][vc_column_text] Od pla\u0107anja na ure\u0111aju karticom, kovanicama ili \u017eetonima do mogu\u0107nosti spajanja ure\u0111aja sa sredi\u0161njim sustavom pla\u0107anja. [\/vc_column_text][\/elx_hero_slider][\/vc_column][\/vc_row][vc_row][vc_column][vc_empty_space][elx_heading font_size=&#8221;h3&#8243; text_color=&#8221;inherit&#8221;]\u0160irok asortiman sustava za pla\u0107anje[\/elx_heading][vc_empty_space][\/vc_column][\/vc_row][vc_row][vc_column width=&#8221;1\/2&#8243;][vc_column_text]Sustavi za pla\u0107anje za perilice i su\u0161ilice na raspolaganju su kao set samo s broja\u010dem kovanica, samo sa spremnicima za kovanice ili kao [&hellip;]<\/p>\n","protected":false},"author":4,"featured_media":0,"parent":0,"menu_order":0,"comment_status":"closed","ping_status":"closed","template":"","meta":{"footnotes":""},"class_list":["post-2927","page","type-page","status-publish","hentry"],"acf":[],"yoast_head":"<!-- This site is optimized with the Yoast SEO plugin v23.3 - https:\/\/yoast.com\/wordpress\/plugins\/seo\/ -->\n<title>Sustavi pla\u0107anja - Electrolux Professional Hrvatska<\/title>\n<meta name=\"robots\" content=\"index, follow, max-snippet:-1, max-image-preview:large, max-video-preview:-1\" \/>\n<link rel=\"canonical\" href=\"https:\/\/www.electroluxprofessional.com\/hr\/sustavi-placanja\/\" \/>\n<meta property=\"og:locale\" content=\"hr_HR\" \/>\n<meta property=\"og:type\" content=\"article\" \/>\n<meta property=\"og:title\" content=\"Sustavi pla\u0107anja - Electrolux Professional Hrvatska\" \/>\n<meta property=\"og:description\" content=\"[vc_row full_width=&#8221;electroluxpro-full-width-no-padding&#8221;][vc_column][elx_hero_slider text_position=&#8221;hero_slider_text_align_right&#8221; label_text_color=&#8221;inherit&#8221; images=&#8221;904&#8243;][elx_heading font_container=&#8221;h1&#8243; font_size=&#8221;h3&#8243; text_color=&#8221;inherit&#8221;]Sustavi pla\u0107anja[\/elx_heading][vc_column_text] Od pla\u0107anja na ure\u0111aju karticom, kovanicama ili \u017eetonima do mogu\u0107nosti spajanja ure\u0111aja sa sredi\u0161njim sustavom pla\u0107anja. [\/vc_column_text][\/elx_hero_slider][\/vc_column][\/vc_row][vc_row][vc_column][vc_empty_space][elx_heading font_size=&#8221;h3&#8243; text_color=&#8221;inherit&#8221;]\u0160irok asortiman sustava za pla\u0107anje[\/elx_heading][vc_empty_space][\/vc_column][\/vc_row][vc_row][vc_column width=&#8221;1\/2&#8243;][vc_column_text]Sustavi za pla\u0107anje za perilice i su\u0161ilice na raspolaganju su kao set samo s broja\u010dem kovanica, samo sa spremnicima za kovanice ili kao [&hellip;]\" \/>\n<meta property=\"og:url\" content=\"https:\/\/www.electroluxprofessional.com\/hr\/sustavi-placanja\/\" \/>\n<meta property=\"og:site_name\" content=\"Electrolux Professional Hrvatska\" \/>\n<meta property=\"article:modified_time\" content=\"2025-11-06T13:38:28+00:00\" \/>\n<meta name=\"twitter:card\" content=\"summary_large_image\" \/>\n<meta name=\"twitter:label1\" content=\"Procijenjeno vrijeme \u010ditanja\" \/>\n\t<meta name=\"twitter:data1\" content=\"1 minuta\" \/>\n<script type=\"application\/ld+json\" class=\"yoast-schema-graph\">{\"@context\":\"https:\/\/schema.org\",\"@graph\":[{\"@type\":\"WebPage\",\"@id\":\"https:\/\/www.electroluxprofessional.com\/hr\/sustavi-placanja\/\",\"url\":\"https:\/\/www.electroluxprofessional.com\/hr\/sustavi-placanja\/\",\"name\":\"Sustavi pla\u0107anja - Electrolux Professional Hrvatska\",\"isPartOf\":{\"@id\":\"https:\/\/www.electroluxprofessional.com\/hr\/#website\"},\"datePublished\":\"2017-05-09T09:16:44+00:00\",\"dateModified\":\"2025-11-06T13:38:28+00:00\",\"breadcrumb\":{\"@id\":\"https:\/\/www.electroluxprofessional.com\/hr\/sustavi-placanja\/#breadcrumb\"},\"inLanguage\":\"hr\",\"potentialAction\":[{\"@type\":\"ReadAction\",\"target\":[\"https:\/\/www.electroluxprofessional.com\/hr\/sustavi-placanja\/\"]}]},{\"@type\":\"BreadcrumbList\",\"@id\":\"https:\/\/www.electroluxprofessional.com\/hr\/sustavi-placanja\/#breadcrumb\",\"itemListElement\":[{\"@type\":\"ListItem\",\"position\":1,\"name\":\"Po\u010detna stranica\",\"item\":\"https:\/\/www.electroluxprofessional.com\/hr\/\"},{\"@type\":\"ListItem\",\"position\":2,\"name\":\"Sustavi pla\u0107anja\"}]},{\"@type\":\"WebSite\",\"@id\":\"https:\/\/www.electroluxprofessional.com\/hr\/#website\",\"url\":\"https:\/\/www.electroluxprofessional.com\/hr\/\",\"name\":\"Electrolux Professional Hrvatska\",\"description\":\"\",\"potentialAction\":[{\"@type\":\"SearchAction\",\"target\":{\"@type\":\"EntryPoint\",\"urlTemplate\":\"https:\/\/www.electroluxprofessional.com\/hr\/?src={search_term_string}\"},\"query-input\":\"required name=search_term_string\"}],\"inLanguage\":\"hr\"}]}<\/script>\n<!-- \/ Yoast SEO plugin. -->","yoast_head_json":{"title":"Sustavi pla\u0107anja - Electrolux Professional Hrvatska","robots":{"index":"index","follow":"follow","max-snippet":"max-snippet:-1","max-image-preview":"max-image-preview:large","max-video-preview":"max-video-preview:-1"},"canonical":"https:\/\/www.electroluxprofessional.com\/hr\/sustavi-placanja\/","og_locale":"hr_HR","og_type":"article","og_title":"Sustavi pla\u0107anja - Electrolux Professional Hrvatska","og_description":"[vc_row full_width=&#8221;electroluxpro-full-width-no-padding&#8221;][vc_column][elx_hero_slider text_position=&#8221;hero_slider_text_align_right&#8221; label_text_color=&#8221;inherit&#8221; images=&#8221;904&#8243;][elx_heading font_container=&#8221;h1&#8243; font_size=&#8221;h3&#8243; text_color=&#8221;inherit&#8221;]Sustavi pla\u0107anja[\/elx_heading][vc_column_text] Od pla\u0107anja na ure\u0111aju karticom, kovanicama ili \u017eetonima do mogu\u0107nosti spajanja ure\u0111aja sa sredi\u0161njim sustavom pla\u0107anja. [\/vc_column_text][\/elx_hero_slider][\/vc_column][\/vc_row][vc_row][vc_column][vc_empty_space][elx_heading font_size=&#8221;h3&#8243; text_color=&#8221;inherit&#8221;]\u0160irok asortiman sustava za pla\u0107anje[\/elx_heading][vc_empty_space][\/vc_column][\/vc_row][vc_row][vc_column width=&#8221;1\/2&#8243;][vc_column_text]Sustavi za pla\u0107anje za perilice i su\u0161ilice na raspolaganju su kao set samo s broja\u010dem kovanica, samo sa spremnicima za kovanice ili kao [&hellip;]","og_url":"https:\/\/www.electroluxprofessional.com\/hr\/sustavi-placanja\/","og_site_name":"Electrolux Professional Hrvatska","article_modified_time":"2025-11-06T13:38:28+00:00","twitter_card":"summary_large_image","twitter_misc":{"Procijenjeno vrijeme \u010ditanja":"1 minuta"},"schema":{"@context":"https:\/\/schema.org","@graph":[{"@type":"WebPage","@id":"https:\/\/www.electroluxprofessional.com\/hr\/sustavi-placanja\/","url":"https:\/\/www.electroluxprofessional.com\/hr\/sustavi-placanja\/","name":"Sustavi pla\u0107anja - Electrolux Professional Hrvatska","isPartOf":{"@id":"https:\/\/www.electroluxprofessional.com\/hr\/#website"},"datePublished":"2017-05-09T09:16:44+00:00","dateModified":"2025-11-06T13:38:28+00:00","breadcrumb":{"@id":"https:\/\/www.electroluxprofessional.com\/hr\/sustavi-placanja\/#breadcrumb"},"inLanguage":"hr","potentialAction":[{"@type":"ReadAction","target":["https:\/\/www.electroluxprofessional.com\/hr\/sustavi-placanja\/"]}]},{"@type":"BreadcrumbList","@id":"https:\/\/www.electroluxprofessional.com\/hr\/sustavi-placanja\/#breadcrumb","itemListElement":[{"@type":"ListItem","position":1,"name":"Po\u010detna stranica","item":"https:\/\/www.electroluxprofessional.com\/hr\/"},{"@type":"ListItem","position":2,"name":"Sustavi pla\u0107anja"}]},{"@type":"WebSite","@id":"https:\/\/www.electroluxprofessional.com\/hr\/#website","url":"https:\/\/www.electroluxprofessional.com\/hr\/","name":"Electrolux Professional Hrvatska","description":"","potentialAction":[{"@type":"SearchAction","target":{"@type":"EntryPoint","urlTemplate":"https:\/\/www.electroluxprofessional.com\/hr\/?src={search_term_string}"},"query-input":"required name=search_term_string"}],"inLanguage":"hr"}]}},"_links":{"self":[{"href":"https:\/\/www.electroluxprofessional.com\/hr\/wp-json\/wp\/v2\/pages\/2927"}],"collection":[{"href":"https:\/\/www.electroluxprofessional.com\/hr\/wp-json\/wp\/v2\/pages"}],"about":[{"href":"https:\/\/www.electroluxprofessional.com\/hr\/wp-json\/wp\/v2\/types\/page"}],"author":[{"embeddable":true,"href":"https:\/\/www.electroluxprofessional.com\/hr\/wp-json\/wp\/v2\/users\/4"}],"replies":[{"embeddable":true,"href":"https:\/\/www.electroluxprofessional.com\/hr\/wp-json\/wp\/v2\/comments?post=2927"}],"version-history":[{"count":5,"href":"https:\/\/www.electroluxprofessional.com\/hr\/wp-json\/wp\/v2\/pages\/2927\/revisions"}],"predecessor-version":[{"id":119024,"href":"https:\/\/www.electroluxprofessional.com\/hr\/wp-json\/wp\/v2\/pages\/2927\/revisions\/119024"}],"wp:attachment":[{"href":"https:\/\/www.electroluxprofessional.com\/hr\/wp-json\/wp\/v2\/media?parent=2927"}],"curies":[{"name":"wp","href":"https:\/\/api.w.org\/{rel}","templated":true}]}}