{"id":2925,"date":"2017-05-09T09:11:32","date_gmt":"2017-05-09T09:11:32","guid":{"rendered":"https:\/\/www.electroluxprofessional.com\/hr\/?page_id=2925"},"modified":"2025-11-06T13:38:38","modified_gmt":"2025-11-06T13:38:38","slug":"programska-podrska-i-sustavi-za-upravljanje","status":"publish","type":"page","link":"https:\/\/www.electroluxprofessional.com\/hr\/programska-podrska-i-sustavi-za-upravljanje\/","title":{"rendered":"Programska podr\u0161ka i sustavi za upravljanje"},"content":{"rendered":"<p>[vc_row full_width=&#8221;electroluxpro-full-width-no-padding&#8221;][vc_column][elx_hero_slider text_position=&#8221;hero_slider_text_align_right&#8221; label_text_color=&#8221;inherit&#8221; images=&#8221;901&#8243;][elx_heading font_container=&#8221;h1&#8243; font_size=&#8221;h2&#8243; text_color=&#8221;inherit&#8221;]Programska podr\u0161ka i sustavi za upravljanje<br \/>\n[\/elx_heading][vc_column_text]Electrolux Professional ima \u0161irok raspon programske podr\u0161ke i sustava za upravljanje, koji su u skladu s najvi\u0161im standardima kvalitete, kako bi stvorili dodatnu posebnu vrijednost za svakog zahtjevnog klijenta.[\/vc_column_text][\/elx_hero_slider][\/vc_column][\/vc_row][vc_row][vc_column][vc_empty_space][\/vc_column][\/vc_row][vc_row][vc_column width=&#8221;1\/2&#8243;][vc_column_text]<\/p>\n<h3>Program upravljanja pranjem rublja<\/h3>\n<p>je intuitivan, lak za kori\u0161tenje PC alat za stvaranje ili prilagodbu Electrolux programa za perilicu ili su\u0161ilicu s va\u0161eg ra\u010dunala. Kompatibilan je s perilicama s upotrebom Compass Control, Compass Pro, Clarus Control i Clarus TS. Kompatibilan je sa su\u0161ilicama s upotrebom Compass Pro kontrolnog sustava.<\/p>\n<h3><\/h3>\n<p>[\/vc_column_text][vc_empty_space height=&#8221;20px&#8221;][vc_column_text]<\/p>\n<h3>Certus Management Information System\u2122<\/h3>\n<p>CMIS (Certus Management Information System\u2122) je programska podr\u0161ka koja profesionalnim praonicama rublja pru\u017ea vitalne informacije o njihovim ekstraktorima pranja, su\u0161ilicama i gla\u010dalima. Sve radi smanjivanja tro\u0161kova i pove\u0107avanja vremena ispravnosti ure\u0111aja.[\/vc_column_text][vc_empty_space height=&#8221;20px&#8221;][\/vc_column][vc_column width=&#8221;1\/2&#8243;][elx_image_block background_image=&#8221;900&#8243; minimum_height=&#8221;700px&#8221;][\/vc_column][\/vc_row][vc_row][vc_column][vc_empty_space height=&#8221;50px&#8221;][\/vc_column][\/vc_row][vc_row][vc_column width=&#8221;1\/2&#8243;][elx_image_block background_image=&#8221;772&#8243; minimum_height=&#8221;500px&#8221;][\/vc_column][vc_column width=&#8221;1\/2&#8243;][elx_heading font_size=&#8221;h3&#8243; text_color=&#8221;inherit&#8221;]Pisani sustav upravljanja informacijama \u201eImaj kontrolu\u201c<br \/>\n[\/elx_heading][vc_empty_space height=&#8221;15px&#8221;][vc_column_text]<strong>Improving the concept of user-friendly laundries.<\/strong>[\/vc_column_text][vc_column_text]Unaprje\u0111uje koncept praonica jednostavnih za kori\u0161tenje.<br \/>\nMo\u017ee smanjiti skupo vrijeme stanke i lak\u0161e se planira preventivno odr\u017eavanje s izravnim pristupom radnom u\u010dinku ure\u0111aja i statistici usluge.<\/p>\n<p>Dobivate pove\u0107anu kontrolu nad ure\u0111ajem i vremenom kada vas sustav izravno informira o kvarovima ure\u0111aja ili potrebi za odr\u017eavanjem.[\/vc_column_text][\/vc_column][\/vc_row][vc_row][vc_column][vc_empty_space height=&#8221;50px&#8221;][\/vc_column][\/vc_row][vc_row][vc_column width=&#8221;1\/3&#8243;][elx_download_block text=&#8221;Program upravljanja pranjem rublja<br \/>\n&#8221; link=&#8221;http:\/\/tools.professional.electrolux.com\/Mirror\/Doc\/ELS\/PDS\/PS_438919528EN_LPM_EN.pdf&#8221; reveal_effect=&#8221;&#8221; reveal_duration=&#8221;&#8221; reveal_delay=&#8221;&#8221;][\/vc_column][vc_column width=&#8221;1\/3&#8243;][elx_download_block text=&#8221;CMIS<br \/>\n&#8221; link=&#8221;http:\/\/tools.professional.electrolux.com\/Mirror\/Doc\/ELS\/PDS\/PS_438919493EN_CMIS%205_EN.pdf&#8221; reveal_effect=&#8221;&#8221; reveal_duration=&#8221;&#8221; reveal_delay=&#8221;&#8221;][\/vc_column][vc_column width=&#8221;1\/3&#8243;][\/vc_column][\/vc_row][vc_row][vc_column][vc_empty_space height=&#8221;50px&#8221;][elx_heading font_size=&#8221;h2&#8243; text_color=&#8221;inherit&#8221; text_align=&#8221;text-center&#8221;]Otkrijte \u0161to sustav upravljanje pranjem rublja mo\u017ee u\u010diniti za va\u0161e poslovanje!<br \/>\n[\/elx_heading][elx_o2000_contact_us r=&#8221;\u017delim saznati vi\u0161e o programskoj podr\u0161ci i sustavima upravljanja. Molim da me kontaktirate.<br \/>\n&#8221; s=&#8221;Request of information about Management systems and software&#8221; country=&#8221;Croatia&#8221; l=&#8221;hr&#8221; b=&#8221;laundry&#8221; container=&#8221;elxcontactus1478709536&#8243;][vc_empty_space height=&#8221;50px&#8221;][elx_heading font_size=&#8221;h3&#8243; text_color=&#8221;inherit&#8221; text_align=&#8221;text-center&#8221;]Prona\u0111ite potpuno rje\u0161enje![\/elx_heading][\/vc_column][\/vc_row][vc_row][vc_column width=&#8221;1\/3&#8243;][elx_maylike_box id_box=&#8221;1175&#8243;][\/vc_column][vc_column width=&#8221;1\/3&#8243;][elx_maylike_box id_box=&#8221;387&#8243;][\/vc_column][vc_column width=&#8221;1\/3&#8243;][elx_maylike_box id_box=&#8221;374&#8243;][\/vc_column][\/vc_row]<\/p>\n","protected":false},"excerpt":{"rendered":"<p>[vc_row full_width=&#8221;electroluxpro-full-width-no-padding&#8221;][vc_column][elx_hero_slider text_position=&#8221;hero_slider_text_align_right&#8221; label_text_color=&#8221;inherit&#8221; images=&#8221;901&#8243;][elx_heading font_container=&#8221;h1&#8243; font_size=&#8221;h2&#8243; text_color=&#8221;inherit&#8221;]Programska podr\u0161ka i sustavi za upravljanje [\/elx_heading][vc_column_text]Electrolux Professional ima \u0161irok raspon programske podr\u0161ke i sustava za upravljanje, koji su u skladu s najvi\u0161im standardima kvalitete, kako bi stvorili dodatnu posebnu vrijednost za svakog zahtjevnog klijenta.[\/vc_column_text][\/elx_hero_slider][\/vc_column][\/vc_row][vc_row][vc_column][vc_empty_space][\/vc_column][\/vc_row][vc_row][vc_column width=&#8221;1\/2&#8243;][vc_column_text] Program upravljanja pranjem rublja je intuitivan, lak za kori\u0161tenje PC alat za [&hellip;]<\/p>\n","protected":false},"author":4,"featured_media":0,"parent":0,"menu_order":0,"comment_status":"closed","ping_status":"closed","template":"","meta":{"footnotes":""},"class_list":["post-2925","page","type-page","status-publish","hentry"],"acf":[],"yoast_head":"<!-- This site is optimized with the Yoast SEO plugin v23.3 - https:\/\/yoast.com\/wordpress\/plugins\/seo\/ -->\n<title>Programska podr\u0161ka i sustavi za upravljanje - Electrolux Professional Hrvatska<\/title>\n<meta name=\"robots\" content=\"index, follow, max-snippet:-1, max-image-preview:large, max-video-preview:-1\" \/>\n<link rel=\"canonical\" href=\"https:\/\/www.electroluxprofessional.com\/hr\/programska-podrska-i-sustavi-za-upravljanje\/\" \/>\n<meta property=\"og:locale\" content=\"hr_HR\" \/>\n<meta property=\"og:type\" content=\"article\" \/>\n<meta property=\"og:title\" content=\"Programska podr\u0161ka i sustavi za upravljanje - Electrolux Professional Hrvatska\" \/>\n<meta property=\"og:description\" content=\"[vc_row full_width=&#8221;electroluxpro-full-width-no-padding&#8221;][vc_column][elx_hero_slider text_position=&#8221;hero_slider_text_align_right&#8221; label_text_color=&#8221;inherit&#8221; images=&#8221;901&#8243;][elx_heading font_container=&#8221;h1&#8243; font_size=&#8221;h2&#8243; text_color=&#8221;inherit&#8221;]Programska podr\u0161ka i sustavi za upravljanje [\/elx_heading][vc_column_text]Electrolux Professional ima \u0161irok raspon programske podr\u0161ke i sustava za upravljanje, koji su u skladu s najvi\u0161im standardima kvalitete, kako bi stvorili dodatnu posebnu vrijednost za svakog zahtjevnog klijenta.[\/vc_column_text][\/elx_hero_slider][\/vc_column][\/vc_row][vc_row][vc_column][vc_empty_space][\/vc_column][\/vc_row][vc_row][vc_column width=&#8221;1\/2&#8243;][vc_column_text] Program upravljanja pranjem rublja je intuitivan, lak za kori\u0161tenje PC alat za [&hellip;]\" \/>\n<meta property=\"og:url\" content=\"https:\/\/www.electroluxprofessional.com\/hr\/programska-podrska-i-sustavi-za-upravljanje\/\" \/>\n<meta property=\"og:site_name\" content=\"Electrolux Professional Hrvatska\" \/>\n<meta property=\"article:modified_time\" content=\"2025-11-06T13:38:38+00:00\" \/>\n<meta name=\"twitter:card\" content=\"summary_large_image\" \/>\n<meta name=\"twitter:label1\" content=\"Procijenjeno vrijeme \u010ditanja\" \/>\n\t<meta name=\"twitter:data1\" content=\"2 minute\" \/>\n<script type=\"application\/ld+json\" class=\"yoast-schema-graph\">{\"@context\":\"https:\/\/schema.org\",\"@graph\":[{\"@type\":\"WebPage\",\"@id\":\"https:\/\/www.electroluxprofessional.com\/hr\/programska-podrska-i-sustavi-za-upravljanje\/\",\"url\":\"https:\/\/www.electroluxprofessional.com\/hr\/programska-podrska-i-sustavi-za-upravljanje\/\",\"name\":\"Programska podr\u0161ka i sustavi za upravljanje - Electrolux Professional Hrvatska\",\"isPartOf\":{\"@id\":\"https:\/\/www.electroluxprofessional.com\/hr\/#website\"},\"datePublished\":\"2017-05-09T09:11:32+00:00\",\"dateModified\":\"2025-11-06T13:38:38+00:00\",\"breadcrumb\":{\"@id\":\"https:\/\/www.electroluxprofessional.com\/hr\/programska-podrska-i-sustavi-za-upravljanje\/#breadcrumb\"},\"inLanguage\":\"hr\",\"potentialAction\":[{\"@type\":\"ReadAction\",\"target\":[\"https:\/\/www.electroluxprofessional.com\/hr\/programska-podrska-i-sustavi-za-upravljanje\/\"]}]},{\"@type\":\"BreadcrumbList\",\"@id\":\"https:\/\/www.electroluxprofessional.com\/hr\/programska-podrska-i-sustavi-za-upravljanje\/#breadcrumb\",\"itemListElement\":[{\"@type\":\"ListItem\",\"position\":1,\"name\":\"Po\u010detna stranica\",\"item\":\"https:\/\/www.electroluxprofessional.com\/hr\/\"},{\"@type\":\"ListItem\",\"position\":2,\"name\":\"Programska podr\u0161ka i sustavi za upravljanje\"}]},{\"@type\":\"WebSite\",\"@id\":\"https:\/\/www.electroluxprofessional.com\/hr\/#website\",\"url\":\"https:\/\/www.electroluxprofessional.com\/hr\/\",\"name\":\"Electrolux Professional Hrvatska\",\"description\":\"\",\"potentialAction\":[{\"@type\":\"SearchAction\",\"target\":{\"@type\":\"EntryPoint\",\"urlTemplate\":\"https:\/\/www.electroluxprofessional.com\/hr\/?src={search_term_string}\"},\"query-input\":\"required name=search_term_string\"}],\"inLanguage\":\"hr\"}]}<\/script>\n<!-- \/ Yoast SEO plugin. -->","yoast_head_json":{"title":"Programska podr\u0161ka i sustavi za upravljanje - Electrolux Professional Hrvatska","robots":{"index":"index","follow":"follow","max-snippet":"max-snippet:-1","max-image-preview":"max-image-preview:large","max-video-preview":"max-video-preview:-1"},"canonical":"https:\/\/www.electroluxprofessional.com\/hr\/programska-podrska-i-sustavi-za-upravljanje\/","og_locale":"hr_HR","og_type":"article","og_title":"Programska podr\u0161ka i sustavi za upravljanje - Electrolux Professional Hrvatska","og_description":"[vc_row full_width=&#8221;electroluxpro-full-width-no-padding&#8221;][vc_column][elx_hero_slider text_position=&#8221;hero_slider_text_align_right&#8221; label_text_color=&#8221;inherit&#8221; images=&#8221;901&#8243;][elx_heading font_container=&#8221;h1&#8243; font_size=&#8221;h2&#8243; text_color=&#8221;inherit&#8221;]Programska podr\u0161ka i sustavi za upravljanje [\/elx_heading][vc_column_text]Electrolux Professional ima \u0161irok raspon programske podr\u0161ke i sustava za upravljanje, koji su u skladu s najvi\u0161im standardima kvalitete, kako bi stvorili dodatnu posebnu vrijednost za svakog zahtjevnog klijenta.[\/vc_column_text][\/elx_hero_slider][\/vc_column][\/vc_row][vc_row][vc_column][vc_empty_space][\/vc_column][\/vc_row][vc_row][vc_column width=&#8221;1\/2&#8243;][vc_column_text] Program upravljanja pranjem rublja je intuitivan, lak za kori\u0161tenje PC alat za [&hellip;]","og_url":"https:\/\/www.electroluxprofessional.com\/hr\/programska-podrska-i-sustavi-za-upravljanje\/","og_site_name":"Electrolux Professional Hrvatska","article_modified_time":"2025-11-06T13:38:38+00:00","twitter_card":"summary_large_image","twitter_misc":{"Procijenjeno vrijeme \u010ditanja":"2 minute"},"schema":{"@context":"https:\/\/schema.org","@graph":[{"@type":"WebPage","@id":"https:\/\/www.electroluxprofessional.com\/hr\/programska-podrska-i-sustavi-za-upravljanje\/","url":"https:\/\/www.electroluxprofessional.com\/hr\/programska-podrska-i-sustavi-za-upravljanje\/","name":"Programska podr\u0161ka i sustavi za upravljanje - Electrolux Professional Hrvatska","isPartOf":{"@id":"https:\/\/www.electroluxprofessional.com\/hr\/#website"},"datePublished":"2017-05-09T09:11:32+00:00","dateModified":"2025-11-06T13:38:38+00:00","breadcrumb":{"@id":"https:\/\/www.electroluxprofessional.com\/hr\/programska-podrska-i-sustavi-za-upravljanje\/#breadcrumb"},"inLanguage":"hr","potentialAction":[{"@type":"ReadAction","target":["https:\/\/www.electroluxprofessional.com\/hr\/programska-podrska-i-sustavi-za-upravljanje\/"]}]},{"@type":"BreadcrumbList","@id":"https:\/\/www.electroluxprofessional.com\/hr\/programska-podrska-i-sustavi-za-upravljanje\/#breadcrumb","itemListElement":[{"@type":"ListItem","position":1,"name":"Po\u010detna stranica","item":"https:\/\/www.electroluxprofessional.com\/hr\/"},{"@type":"ListItem","position":2,"name":"Programska podr\u0161ka i sustavi za upravljanje"}]},{"@type":"WebSite","@id":"https:\/\/www.electroluxprofessional.com\/hr\/#website","url":"https:\/\/www.electroluxprofessional.com\/hr\/","name":"Electrolux Professional Hrvatska","description":"","potentialAction":[{"@type":"SearchAction","target":{"@type":"EntryPoint","urlTemplate":"https:\/\/www.electroluxprofessional.com\/hr\/?src={search_term_string}"},"query-input":"required name=search_term_string"}],"inLanguage":"hr"}]}},"_links":{"self":[{"href":"https:\/\/www.electroluxprofessional.com\/hr\/wp-json\/wp\/v2\/pages\/2925"}],"collection":[{"href":"https:\/\/www.electroluxprofessional.com\/hr\/wp-json\/wp\/v2\/pages"}],"about":[{"href":"https:\/\/www.electroluxprofessional.com\/hr\/wp-json\/wp\/v2\/types\/page"}],"author":[{"embeddable":true,"href":"https:\/\/www.electroluxprofessional.com\/hr\/wp-json\/wp\/v2\/users\/4"}],"replies":[{"embeddable":true,"href":"https:\/\/www.electroluxprofessional.com\/hr\/wp-json\/wp\/v2\/comments?post=2925"}],"version-history":[{"count":4,"href":"https:\/\/www.electroluxprofessional.com\/hr\/wp-json\/wp\/v2\/pages\/2925\/revisions"}],"predecessor-version":[{"id":119025,"href":"https:\/\/www.electroluxprofessional.com\/hr\/wp-json\/wp\/v2\/pages\/2925\/revisions\/119025"}],"wp:attachment":[{"href":"https:\/\/www.electroluxprofessional.com\/hr\/wp-json\/wp\/v2\/media?parent=2925"}],"curies":[{"name":"wp","href":"https:\/\/api.w.org\/{rel}","templated":true}]}}