{"id":2904,"date":"2017-05-09T08:35:02","date_gmt":"2017-05-09T08:35:02","guid":{"rendered":"https:\/\/www.electroluxprofessional.com\/hr\/?page_id=2904"},"modified":"2017-08-11T11:30:02","modified_gmt":"2017-08-11T11:30:02","slug":"susilice-s-toplinskom-crpkom","status":"publish","type":"page","link":"https:\/\/www.electroluxprofessional.com\/hr\/susilice-s-toplinskom-crpkom\/","title":{"rendered":"Su\u0161ilice s toplinskom crpkom"},"content":{"rendered":"<p>[vc_row full_width=&#8221;electroluxpro-full-width-no-padding&#8221;][vc_column][elx_hero_slider label_text_color=&#8221;inherit&#8221; images=&#8221;664&#8243;][elx_heading font_container=&#8221;h1&#8243; font_size=&#8221;h2&#8243; text_color=&#8221;inherit&#8221;]Su\u0161ilica s toplinskom crpkom (T5190LE) [\/elx_heading][\/elx_hero_slider][\/vc_column][\/vc_row][vc_row][vc_column css=&#8221;.vc_custom_1464253016404{padding-top: 30px !important;}&#8221;][vc_empty_space][\/vc_column][\/vc_row][vc_row equal_height=&#8221;yes&#8221;][vc_column width=&#8221;1\/2&#8243;][vc_empty_space][elx_heading font_container=&#8221;h3&#8243; text_color=&#8221;inherit&#8221;]Profesionalne praonice rublja tra\u017ee rje\u0161enje koje \u0161tedi energiju i novac.<\/p>\n<p>[\/elx_heading][vc_empty_space][vc_column_text css=&#8221;.vc_custom_1500371769175{margin-bottom: 0px !important;border-bottom-width: 0px !important;padding-bottom: 0px !important;}&#8221;]Su\u0161ilica s toplinskom crpkom T5190LE omogu\u0107ava kupcima u lokalnim praonicama rublja i praonicama rublja u stambenih zgradama do 60 % u\u0161tede energije za \u0161tedljivije cikluse su\u0161enja.[\/vc_column_text][\/vc_column][vc_column width=&#8221;1\/2&#8243;][elx_video_block background_image=&#8221;670&#8243; video_link=&#8221;https:\/\/www.youtube.com\/watch?v=agTB9lzil5c&#8221; minimum_height=&#8221;415px&#8221;][\/vc_column][\/vc_row][vc_row][vc_column][vc_empty_space][\/vc_column][\/vc_row][vc_row][vc_column width=&#8221;1\/3&#8243;][elx_simple_block background_color=&#8221;inherit&#8221;][elx_heading font_container=&#8221;h4&#8243; text_color=&#8221;orange&#8221;]U\u0161tedite novac uz izvanredan radni u\u010dinak!<br \/>\n[\/elx_heading][vc_column_text]<strong>Do 60 % u\u0161tede energije.<\/strong><\/p>\n<p><strong>Kra\u0107i ciklusi koji traju samo 51 minutu (puna su\u0161ilica) zbog visokog stupnja isparavanja.<\/strong> Ovo jam\u010di stvarnu u\u0161tedu energije, tro\u0161kova i vremena.[\/vc_column_text][\/elx_simple_block][\/vc_column][vc_column width=&#8221;1\/3&#8243;][elx_simple_block background_color=&#8221;inherit&#8221;][elx_heading font_container=&#8221;h4&#8243; text_color=&#8221;orange&#8221;]U\u0161tedite vrijeme i sprije\u010dite zastoje!<br \/>\n[\/elx_heading][vc_column_text]<strong>T5190LE je vrlo jednostavan za kori\u0161tenje.<\/strong><\/p>\n<p><strong>Pretinac s toplinskom crpkom lako se mo\u017ee izvaditi iz ure\u0111aja za brz i jednostavan pristup klju\u010dnim dijelovima.<\/strong> Ovo rje\u0161enje omogu\u0107ava br\u017ei popravak ure\u0111aja nego ikada prije.[\/vc_column_text][\/elx_simple_block][\/vc_column][vc_column width=&#8221;1\/3&#8243;][elx_simple_block background_color=&#8221;inherit&#8221;][elx_heading font_container=&#8221;h4&#8243; text_color=&#8221;orange&#8221;]U\u0161tedite prostor i pove\u0107ajte fleksibilnost!<br \/>\n[\/elx_heading][vc_column_text]<strong>Ovo rje\u0161enje stane i u najmanje prostore.<\/strong><\/p>\n<p>Nije potrebna ventilacija ni ispu\u0161na cijev, jednostavno ga mo\u017eete ukop\u010dati na bilo kojoj lokaciji i zapo\u010deti s radom. <strong>Zagrijavanje prostorije je minimalno, a baza ure\u0111aja jednaka je kao i kod uobi\u010dajene su\u0161ilice.<\/strong>[\/vc_column_text][\/elx_simple_block][\/vc_column][\/vc_row][vc_row][vc_column width=&#8221;1\/3&#8243;][elx_image_block background_image=&#8221;671&#8243; minimum_height=&#8221;500px&#8221;][\/vc_column][vc_column width=&#8221;1\/3&#8243;][elx_image_block background_image=&#8221;1643&#8243; minimum_height=&#8221;500px&#8221;][\/vc_column][vc_column width=&#8221;1\/3&#8243;][vc_empty_space][elx_heading font_size=&#8221;h3&#8243; text_color=&#8221;inherit&#8221;]Lak pristup filtrima za ostatke tkanina zbog jedinstvenog horizontalnog filtra<br \/>\n[\/elx_heading][vc_column_text]Pretinac s toplinskom crpkom lako se mo\u017ee izvaditi iz ure\u0111aja za lako odr\u017eavanje.[\/vc_column_text][\/vc_column][\/vc_row][vc_row][vc_column][vc_empty_space height=&#8221;50px&#8221;][\/vc_column][\/vc_row][vc_row][vc_column width=&#8221;1\/3&#8243;][elx_download_block text=&#8221;Nova T5190 su\u0161ilica s toplinskom crpkom<br \/>\n&#8221; link=&#8221;files.professional.electrolux.com\/docs\/?n=CLF-9JE00023&amp;b=5&amp;l=1&#8243; reveal_effect=&#8221;&#8221; reveal_duration=&#8221;&#8221; reveal_delay=&#8221;&#8221;][\/vc_column][vc_column width=&#8221;1\/3&#8243;][elx_video_block background_image=&#8221;732&#8243; video_link=&#8221;https:\/\/www.youtube.com\/watch?v=agTB9lzil5c&#8221; minimum_height=&#8221;260px&#8221;][vc_column_text]Su\u0161ilica s toplinskom crpkom[\/vc_column_text][\/vc_column][vc_column width=&#8221;1\/3&#8243;][elx_download_block text=&#8221;Otkrijte kompletnu ponudu su\u0161ilica!&#8221; link=&#8221;https:\/\/www.electroluxprofessional.com\/commercial-laundry-equipment\/tumble-dyers\/&#8221; reveal_effect=&#8221;&#8221; reveal_duration=&#8221;&#8221; reveal_delay=&#8221;&#8221;][\/vc_column][\/vc_row][vc_row][vc_column][vc_empty_space][\/vc_column][\/vc_row][vc_row][vc_column][vc_empty_space height=&#8221;50px&#8221;][elx_heading font_size=&#8221;h3&#8243; text_color=&#8221;inherit&#8221; text_align=&#8221;text-center&#8221;]Prona\u0111ite idealan paket za svoje poslovanje!<br \/>\n[\/elx_heading][\/vc_column][\/vc_row][vc_row][vc_column width=&#8221;1\/3&#8243;][elx_maylike_box id_box=&#8221;374&#8243;][\/vc_column][vc_column width=&#8221;1\/3&#8243;][elx_maylike_box id_box=&#8221;387&#8243;][\/vc_column][vc_column width=&#8221;1\/3&#8243;][elx_maylike_box id_box=&#8221;1175&#8243;][\/vc_column][\/vc_row][vc_row][vc_column][vc_empty_space height=&#8221;50px&#8221;][elx_heading font_size=&#8221;h2&#8243; text_color=&#8221;inherit&#8221; text_align=&#8221;text-center&#8221;]Otkrijte \u0161to na\u0161e su\u0161ilice s toplinskom crpkom mogu u\u010diniti za va\u0161e poslovanje!<br \/>\n[\/elx_heading][elx_o2000_contact_us r=&#8221;\u017delim saznati vi\u0161e o su\u0161ilicama s toplinskom crpkom. Molim da me kontaktirate.<br \/>\n&#8221; s=&#8221;Request for information: Heat Pump Dryers&#8221; country=&#8221;Croatia&#8221; l=&#8221;hr&#8221; b=&#8221;laundry&#8221; container=&#8221;elxcontactus1466429561&#8243;][\/vc_column][\/vc_row][vc_row][vc_column][vc_empty_space height=&#8221;50px&#8221;][\/vc_column][\/vc_row]<\/p>\n","protected":false},"excerpt":{"rendered":"<p>[vc_row full_width=&#8221;electroluxpro-full-width-no-padding&#8221;][vc_column][elx_hero_slider label_text_color=&#8221;inherit&#8221; images=&#8221;664&#8243;][elx_heading font_container=&#8221;h1&#8243; font_size=&#8221;h2&#8243; text_color=&#8221;inherit&#8221;]Su\u0161ilica s toplinskom crpkom (T5190LE) [\/elx_heading][\/elx_hero_slider][\/vc_column][\/vc_row][vc_row][vc_column css=&#8221;.vc_custom_1464253016404{padding-top: 30px !important;}&#8221;][vc_empty_space][\/vc_column][\/vc_row][vc_row equal_height=&#8221;yes&#8221;][vc_column width=&#8221;1\/2&#8243;][vc_empty_space][elx_heading font_container=&#8221;h3&#8243; text_color=&#8221;inherit&#8221;]Profesionalne praonice rublja tra\u017ee rje\u0161enje koje \u0161tedi energiju i novac. [\/elx_heading][vc_empty_space][vc_column_text css=&#8221;.vc_custom_1500371769175{margin-bottom: 0px !important;border-bottom-width: 0px !important;padding-bottom: 0px !important;}&#8221;]Su\u0161ilica s toplinskom crpkom T5190LE omogu\u0107ava kupcima u lokalnim praonicama rublja i praonicama rublja u stambenih zgradama do 60 % [&hellip;]<\/p>\n","protected":false},"author":4,"featured_media":0,"parent":0,"menu_order":0,"comment_status":"closed","ping_status":"closed","template":"","meta":{"footnotes":""},"class_list":["post-2904","page","type-page","status-publish","hentry"],"acf":[],"yoast_head":"<!-- This site is optimized with the Yoast SEO plugin v23.3 - https:\/\/yoast.com\/wordpress\/plugins\/seo\/ -->\n<title>Su\u0161ilice s toplinskom crpkom - Electrolux Professional Hrvatska<\/title>\n<meta name=\"robots\" content=\"index, follow, max-snippet:-1, max-image-preview:large, max-video-preview:-1\" \/>\n<link rel=\"canonical\" href=\"https:\/\/www.electroluxprofessional.com\/hr\/susilice-s-toplinskom-crpkom\/\" \/>\n<meta property=\"og:locale\" content=\"hr_HR\" \/>\n<meta property=\"og:type\" content=\"article\" \/>\n<meta property=\"og:title\" content=\"Su\u0161ilice s toplinskom crpkom - Electrolux Professional Hrvatska\" \/>\n<meta property=\"og:description\" content=\"[vc_row full_width=&#8221;electroluxpro-full-width-no-padding&#8221;][vc_column][elx_hero_slider label_text_color=&#8221;inherit&#8221; images=&#8221;664&#8243;][elx_heading font_container=&#8221;h1&#8243; font_size=&#8221;h2&#8243; text_color=&#8221;inherit&#8221;]Su\u0161ilica s toplinskom crpkom (T5190LE) [\/elx_heading][\/elx_hero_slider][\/vc_column][\/vc_row][vc_row][vc_column css=&#8221;.vc_custom_1464253016404{padding-top: 30px !important;}&#8221;][vc_empty_space][\/vc_column][\/vc_row][vc_row equal_height=&#8221;yes&#8221;][vc_column width=&#8221;1\/2&#8243;][vc_empty_space][elx_heading font_container=&#8221;h3&#8243; text_color=&#8221;inherit&#8221;]Profesionalne praonice rublja tra\u017ee rje\u0161enje koje \u0161tedi energiju i novac. [\/elx_heading][vc_empty_space][vc_column_text css=&#8221;.vc_custom_1500371769175{margin-bottom: 0px !important;border-bottom-width: 0px !important;padding-bottom: 0px !important;}&#8221;]Su\u0161ilica s toplinskom crpkom T5190LE omogu\u0107ava kupcima u lokalnim praonicama rublja i praonicama rublja u stambenih zgradama do 60 % [&hellip;]\" \/>\n<meta property=\"og:url\" content=\"https:\/\/www.electroluxprofessional.com\/hr\/susilice-s-toplinskom-crpkom\/\" \/>\n<meta property=\"og:site_name\" content=\"Electrolux Professional Hrvatska\" \/>\n<meta property=\"article:modified_time\" content=\"2017-08-11T11:30:02+00:00\" \/>\n<meta name=\"twitter:card\" content=\"summary_large_image\" \/>\n<meta name=\"twitter:label1\" content=\"Procijenjeno vrijeme \u010ditanja\" \/>\n\t<meta name=\"twitter:data1\" content=\"4 minute\" \/>\n<script type=\"application\/ld+json\" class=\"yoast-schema-graph\">{\"@context\":\"https:\/\/schema.org\",\"@graph\":[{\"@type\":\"WebPage\",\"@id\":\"https:\/\/www.electroluxprofessional.com\/hr\/susilice-s-toplinskom-crpkom\/\",\"url\":\"https:\/\/www.electroluxprofessional.com\/hr\/susilice-s-toplinskom-crpkom\/\",\"name\":\"Su\u0161ilice s toplinskom crpkom - Electrolux Professional Hrvatska\",\"isPartOf\":{\"@id\":\"https:\/\/www.electroluxprofessional.com\/hr\/#website\"},\"datePublished\":\"2017-05-09T08:35:02+00:00\",\"dateModified\":\"2017-08-11T11:30:02+00:00\",\"breadcrumb\":{\"@id\":\"https:\/\/www.electroluxprofessional.com\/hr\/susilice-s-toplinskom-crpkom\/#breadcrumb\"},\"inLanguage\":\"hr\",\"potentialAction\":[{\"@type\":\"ReadAction\",\"target\":[\"https:\/\/www.electroluxprofessional.com\/hr\/susilice-s-toplinskom-crpkom\/\"]}]},{\"@type\":\"BreadcrumbList\",\"@id\":\"https:\/\/www.electroluxprofessional.com\/hr\/susilice-s-toplinskom-crpkom\/#breadcrumb\",\"itemListElement\":[{\"@type\":\"ListItem\",\"position\":1,\"name\":\"Po\u010detna stranica\",\"item\":\"https:\/\/www.electroluxprofessional.com\/hr\/\"},{\"@type\":\"ListItem\",\"position\":2,\"name\":\"Su\u0161ilice s toplinskom crpkom\"}]},{\"@type\":\"WebSite\",\"@id\":\"https:\/\/www.electroluxprofessional.com\/hr\/#website\",\"url\":\"https:\/\/www.electroluxprofessional.com\/hr\/\",\"name\":\"Electrolux Professional Hrvatska\",\"description\":\"\",\"potentialAction\":[{\"@type\":\"SearchAction\",\"target\":{\"@type\":\"EntryPoint\",\"urlTemplate\":\"https:\/\/www.electroluxprofessional.com\/hr\/?src={search_term_string}\"},\"query-input\":\"required name=search_term_string\"}],\"inLanguage\":\"hr\"}]}<\/script>\n<!-- \/ Yoast SEO plugin. -->","yoast_head_json":{"title":"Su\u0161ilice s toplinskom crpkom - Electrolux Professional Hrvatska","robots":{"index":"index","follow":"follow","max-snippet":"max-snippet:-1","max-image-preview":"max-image-preview:large","max-video-preview":"max-video-preview:-1"},"canonical":"https:\/\/www.electroluxprofessional.com\/hr\/susilice-s-toplinskom-crpkom\/","og_locale":"hr_HR","og_type":"article","og_title":"Su\u0161ilice s toplinskom crpkom - Electrolux Professional Hrvatska","og_description":"[vc_row full_width=&#8221;electroluxpro-full-width-no-padding&#8221;][vc_column][elx_hero_slider label_text_color=&#8221;inherit&#8221; images=&#8221;664&#8243;][elx_heading font_container=&#8221;h1&#8243; font_size=&#8221;h2&#8243; text_color=&#8221;inherit&#8221;]Su\u0161ilica s toplinskom crpkom (T5190LE) [\/elx_heading][\/elx_hero_slider][\/vc_column][\/vc_row][vc_row][vc_column css=&#8221;.vc_custom_1464253016404{padding-top: 30px !important;}&#8221;][vc_empty_space][\/vc_column][\/vc_row][vc_row equal_height=&#8221;yes&#8221;][vc_column width=&#8221;1\/2&#8243;][vc_empty_space][elx_heading font_container=&#8221;h3&#8243; text_color=&#8221;inherit&#8221;]Profesionalne praonice rublja tra\u017ee rje\u0161enje koje \u0161tedi energiju i novac. [\/elx_heading][vc_empty_space][vc_column_text css=&#8221;.vc_custom_1500371769175{margin-bottom: 0px !important;border-bottom-width: 0px !important;padding-bottom: 0px !important;}&#8221;]Su\u0161ilica s toplinskom crpkom T5190LE omogu\u0107ava kupcima u lokalnim praonicama rublja i praonicama rublja u stambenih zgradama do 60 % [&hellip;]","og_url":"https:\/\/www.electroluxprofessional.com\/hr\/susilice-s-toplinskom-crpkom\/","og_site_name":"Electrolux Professional Hrvatska","article_modified_time":"2017-08-11T11:30:02+00:00","twitter_card":"summary_large_image","twitter_misc":{"Procijenjeno vrijeme \u010ditanja":"4 minute"},"schema":{"@context":"https:\/\/schema.org","@graph":[{"@type":"WebPage","@id":"https:\/\/www.electroluxprofessional.com\/hr\/susilice-s-toplinskom-crpkom\/","url":"https:\/\/www.electroluxprofessional.com\/hr\/susilice-s-toplinskom-crpkom\/","name":"Su\u0161ilice s toplinskom crpkom - Electrolux Professional Hrvatska","isPartOf":{"@id":"https:\/\/www.electroluxprofessional.com\/hr\/#website"},"datePublished":"2017-05-09T08:35:02+00:00","dateModified":"2017-08-11T11:30:02+00:00","breadcrumb":{"@id":"https:\/\/www.electroluxprofessional.com\/hr\/susilice-s-toplinskom-crpkom\/#breadcrumb"},"inLanguage":"hr","potentialAction":[{"@type":"ReadAction","target":["https:\/\/www.electroluxprofessional.com\/hr\/susilice-s-toplinskom-crpkom\/"]}]},{"@type":"BreadcrumbList","@id":"https:\/\/www.electroluxprofessional.com\/hr\/susilice-s-toplinskom-crpkom\/#breadcrumb","itemListElement":[{"@type":"ListItem","position":1,"name":"Po\u010detna stranica","item":"https:\/\/www.electroluxprofessional.com\/hr\/"},{"@type":"ListItem","position":2,"name":"Su\u0161ilice s toplinskom crpkom"}]},{"@type":"WebSite","@id":"https:\/\/www.electroluxprofessional.com\/hr\/#website","url":"https:\/\/www.electroluxprofessional.com\/hr\/","name":"Electrolux Professional Hrvatska","description":"","potentialAction":[{"@type":"SearchAction","target":{"@type":"EntryPoint","urlTemplate":"https:\/\/www.electroluxprofessional.com\/hr\/?src={search_term_string}"},"query-input":"required name=search_term_string"}],"inLanguage":"hr"}]}},"_links":{"self":[{"href":"https:\/\/www.electroluxprofessional.com\/hr\/wp-json\/wp\/v2\/pages\/2904"}],"collection":[{"href":"https:\/\/www.electroluxprofessional.com\/hr\/wp-json\/wp\/v2\/pages"}],"about":[{"href":"https:\/\/www.electroluxprofessional.com\/hr\/wp-json\/wp\/v2\/types\/page"}],"author":[{"embeddable":true,"href":"https:\/\/www.electroluxprofessional.com\/hr\/wp-json\/wp\/v2\/users\/4"}],"replies":[{"embeddable":true,"href":"https:\/\/www.electroluxprofessional.com\/hr\/wp-json\/wp\/v2\/comments?post=2904"}],"version-history":[{"count":5,"href":"https:\/\/www.electroluxprofessional.com\/hr\/wp-json\/wp\/v2\/pages\/2904\/revisions"}],"predecessor-version":[{"id":5937,"href":"https:\/\/www.electroluxprofessional.com\/hr\/wp-json\/wp\/v2\/pages\/2904\/revisions\/5937"}],"wp:attachment":[{"href":"https:\/\/www.electroluxprofessional.com\/hr\/wp-json\/wp\/v2\/media?parent=2904"}],"curies":[{"name":"wp","href":"https:\/\/api.w.org\/{rel}","templated":true}]}}