{"id":2898,"date":"2017-05-09T08:31:46","date_gmt":"2017-05-09T08:31:46","guid":{"rendered":"https:\/\/www.electroluxprofessional.com\/hr\/?page_id=2898"},"modified":"2017-09-01T10:38:33","modified_gmt":"2017-09-01T10:38:33","slug":"sustav-ucinkovitog-doziranja","status":"publish","type":"page","link":"https:\/\/www.electroluxprofessional.com\/hr\/sustav-ucinkovitog-doziranja\/","title":{"rendered":"Sustav u\u010dinkovitog doziranja"},"content":{"rendered":"<p>[vc_row full_width=&#8221;electroluxpro-full-width-no-padding&#8221;][vc_column][elx_hero_slider label_text_color=&#8221;inherit&#8221; images=&#8221;815&#8243;][elx_heading font_container=&#8221;h1&#8243; font_size=&#8221;h3&#8243; text_color=&#8221;inherit&#8221;]Sustav u\u010dinkovitog doziranja[\/elx_heading][vc_column_text]<\/p>\n<h4>U\u0161tedite do 40 % na deterd\u017eentu!<\/h4>\n<h4>Bolje za tekstil, bolje za va\u0161 nov\u010danik.<\/h4>\n<p>[\/vc_column_text][\/elx_hero_slider][\/vc_column][\/vc_row][vc_row][vc_column][vc_empty_space height=&#8221;50px&#8221;][\/vc_column][\/vc_row][vc_row][vc_column width=&#8221;1\/2&#8243;][vc_empty_space][elx_heading font_container=&#8221;h3&#8243; font_size=&#8221;h3&#8243; text_color=&#8221;inherit&#8221; css=&#8221;.vc_custom_1500370232788{margin-bottom: 0px !important;border-bottom-width: 0px !important;padding-bottom: 0px !important;}&#8221;]Pobolj\u0161ajte svoje poslovanje zna\u010dajnim u\u0161tedama!<br \/>\n[\/elx_heading][vc_empty_space][vc_column_text]Uz sustav u\u010dinkovitog doziranja iz Electrolux Professionala va\u0161a rje\u0161enja za pranje rublja bit \u0107e isplativija\u00a0 nego ikada prije.<\/p>\n<p>Imate punu kontrolu nad procesom pranja, a rezultat visoke kvalitete jam\u010di kraj o\u0161te\u0107enim tkaninama ili iritacijama ko\u017ee koje uzrokuje prevelika koli\u010dina deterd\u017eenta.[\/vc_column_text][\/vc_column][vc_column width=&#8221;1\/2&#8243;][vc_single_image image=&#8221;813&#8243; img_size=&#8221;full&#8221;][\/vc_column][\/vc_row][vc_row][vc_column][vc_empty_space height=&#8221;50px&#8221;][elx_heading font_size=&#8221;h3&#8243; text_color=&#8221;inherit&#8221;]Sustav u\u010dinkovitog doziranja jam\u010di najbolje rezultate pranja i najpovoljnije cikluse pranja.<br \/>\n[\/elx_heading][\/vc_column][\/vc_row][vc_row content_placement=&#8221;middle&#8221;][vc_column width=&#8221;1\/2&#8243; css=&#8221;.vc_custom_1473755632352{padding-top: 50px !important;}&#8221;][vc_column_text]<\/p>\n<h4>Klju\u010dno je znati to\u010dnu te\u017einu.<\/h4>\n<p>Sustav automatske u\u0161tede odre\u0111uje koli\u010dinu rublja na po\u010detku svakog ciklusa i dodaje potrebnu koli\u010dinu vode.<\/p>\n<h4>Sustav u\u010dinkovitog doziranja<\/h4>\n<p>Omogu\u0107ava perilici i dozatorima deterd\u017eenta u\u010dinkovitu komunikaciju i izra\u010dunavanje precizne koli\u010dine deterd\u017eenta na temelju te\u017eine rublja i odabranog programa pranja.<\/p>\n<h4>Statistika i kontrola tro\u0161kova<\/h4>\n<p>Sustav vam daje pristup statistikama kako bi vam pomogao kontrolirati potro\u0161nju preko USB priklju\u010dka.[\/vc_column_text][\/vc_column][vc_column width=&#8221;1\/2&#8243; css=&#8221;.vc_custom_1473758266855{padding-top: 50px !important;}&#8221;][vc_single_image image=&#8221;814&#8243; img_size=&#8221;full&#8221;][\/vc_column][\/vc_row][vc_row][vc_column][vc_empty_space height=&#8221;50px&#8221;][\/vc_column][\/vc_row][vc_row][vc_column width=&#8221;1\/3&#8243;][elx_download_block text=&#8221;Letak o sustavu doziranja&#8221; link=&#8221;files.professional.electrolux.com\/docs\/?n=CLF-9JE00056&amp;b=5&amp;l=1&#8243; reveal_effect=&#8221;&#8221; reveal_duration=&#8221;&#8221; reveal_delay=&#8221;&#8221;][\/vc_column][vc_column width=&#8221;1\/3&#8243;][elx_download_block text=&#8221;Tablica s podatcima o proizvodu<br \/>\n&#8221; link=&#8221;http:\/\/tools.professional.electrolux.com\/Mirror\/Doc\/ELS\/PDS\/PS_438919468EN_EDS%20Efficient%20Dosing%20System_EN.pdf&#8221; reveal_effect=&#8221;&#8221; reveal_duration=&#8221;&#8221; reveal_delay=&#8221;&#8221;][\/vc_column][vc_column width=&#8221;1\/3&#8243;][elx_video_block background_image=&#8221;1681&#8243; video_link=&#8221;https:\/\/www.youtube.com\/watch?v=6-wCdqDR9I8&#8243; minimum_height=&#8221;260px&#8221;][vc_column_text]<\/p>\n<div id=\"watch7-headline\" class=\"clearfix\">\n<div id=\"watch-headline-title\">\n<p class=\"watch-title-container\"><span id=\"eow-title\" class=\"watch-title\" dir=\"ltr\" title=\"Save up to 40% on detergent costs with Efficient Dosing\">Sustav u\u010dinkovitog doziranja<br \/>\n<\/span><\/p>\n<\/div>\n<\/div>\n<p>[\/vc_column_text][\/vc_column][\/vc_row][vc_row][vc_column][elx_heading text_color=&#8221;inherit&#8221; text_align=&#8221;text-center&#8221;]Otkrijte \u0161to na\u0161 sustav doziranja mo\u017ee u\u010diniti za va\u0161e poslovanje!<br \/>\n[\/elx_heading][elx_o2000_contact_us r=&#8221;\u017delim saznati vi\u0161e o sustavu u\u010dinkovitog doziranja. Molim da me kontaktirate.<br \/>\n&#8221; s=&#8221;Request for information: Efficient Dosing System&#8221; country=&#8221;Croatia&#8221; l=&#8221;hr&#8221; b=&#8221;laundry&#8221; container=&#8221;elxcontactus1473756279&#8243;][vc_empty_space height=&#8221;50px&#8221;][\/vc_column][\/vc_row][vc_row][vc_column][elx_heading font_size=&#8221;h3&#8243; text_color=&#8221;inherit&#8221; text_align=&#8221;text-center&#8221;]Prona\u0111ite potpuno rje\u0161enje![\/elx_heading][\/vc_column][\/vc_row][vc_row][vc_column width=&#8221;1\/3&#8243;][elx_maylike_box id_box=&#8221;1226&#8243;][\/vc_column][vc_column width=&#8221;1\/3&#8243;][elx_maylike_box id_box=&#8221;374&#8243;][\/vc_column][vc_column width=&#8221;1\/3&#8243;][elx_maylike_box id_box=&#8221;1372&#8243;][\/vc_column][\/vc_row][vc_row][vc_column][vc_empty_space height=&#8221;50px&#8221;][\/vc_column][\/vc_row]<\/p>\n","protected":false},"excerpt":{"rendered":"<p>[vc_row full_width=&#8221;electroluxpro-full-width-no-padding&#8221;][vc_column][elx_hero_slider label_text_color=&#8221;inherit&#8221; images=&#8221;815&#8243;][elx_heading font_container=&#8221;h1&#8243; font_size=&#8221;h3&#8243; text_color=&#8221;inherit&#8221;]Sustav u\u010dinkovitog doziranja[\/elx_heading][vc_column_text] U\u0161tedite do 40 % na deterd\u017eentu! Bolje za tekstil, bolje za va\u0161 nov\u010danik. [\/vc_column_text][\/elx_hero_slider][\/vc_column][\/vc_row][vc_row][vc_column][vc_empty_space height=&#8221;50px&#8221;][\/vc_column][\/vc_row][vc_row][vc_column width=&#8221;1\/2&#8243;][vc_empty_space][elx_heading font_container=&#8221;h3&#8243; font_size=&#8221;h3&#8243; text_color=&#8221;inherit&#8221; css=&#8221;.vc_custom_1500370232788{margin-bottom: 0px !important;border-bottom-width: 0px !important;padding-bottom: 0px !important;}&#8221;]Pobolj\u0161ajte svoje poslovanje zna\u010dajnim u\u0161tedama! [\/elx_heading][vc_empty_space][vc_column_text]Uz sustav u\u010dinkovitog doziranja iz Electrolux Professionala va\u0161a rje\u0161enja za pranje rublja bit \u0107e isplativija\u00a0 nego [&hellip;]<\/p>\n","protected":false},"author":4,"featured_media":0,"parent":0,"menu_order":0,"comment_status":"closed","ping_status":"closed","template":"","meta":{"footnotes":""},"class_list":["post-2898","page","type-page","status-publish","hentry"],"acf":[],"yoast_head":"<!-- This site is optimized with the Yoast SEO plugin v23.3 - https:\/\/yoast.com\/wordpress\/plugins\/seo\/ -->\n<title>Sustav u\u010dinkovitog doziranja - Electrolux Professional Hrvatska<\/title>\n<meta name=\"robots\" content=\"index, follow, max-snippet:-1, max-image-preview:large, max-video-preview:-1\" \/>\n<link rel=\"canonical\" href=\"https:\/\/www.electroluxprofessional.com\/hr\/sustav-ucinkovitog-doziranja\/\" \/>\n<meta property=\"og:locale\" content=\"hr_HR\" \/>\n<meta property=\"og:type\" content=\"article\" \/>\n<meta property=\"og:title\" content=\"Sustav u\u010dinkovitog doziranja - Electrolux Professional Hrvatska\" \/>\n<meta property=\"og:description\" content=\"[vc_row full_width=&#8221;electroluxpro-full-width-no-padding&#8221;][vc_column][elx_hero_slider label_text_color=&#8221;inherit&#8221; images=&#8221;815&#8243;][elx_heading font_container=&#8221;h1&#8243; font_size=&#8221;h3&#8243; text_color=&#8221;inherit&#8221;]Sustav u\u010dinkovitog doziranja[\/elx_heading][vc_column_text] U\u0161tedite do 40 % na deterd\u017eentu! Bolje za tekstil, bolje za va\u0161 nov\u010danik. [\/vc_column_text][\/elx_hero_slider][\/vc_column][\/vc_row][vc_row][vc_column][vc_empty_space height=&#8221;50px&#8221;][\/vc_column][\/vc_row][vc_row][vc_column width=&#8221;1\/2&#8243;][vc_empty_space][elx_heading font_container=&#8221;h3&#8243; font_size=&#8221;h3&#8243; text_color=&#8221;inherit&#8221; css=&#8221;.vc_custom_1500370232788{margin-bottom: 0px !important;border-bottom-width: 0px !important;padding-bottom: 0px !important;}&#8221;]Pobolj\u0161ajte svoje poslovanje zna\u010dajnim u\u0161tedama! [\/elx_heading][vc_empty_space][vc_column_text]Uz sustav u\u010dinkovitog doziranja iz Electrolux Professionala va\u0161a rje\u0161enja za pranje rublja bit \u0107e isplativija\u00a0 nego [&hellip;]\" \/>\n<meta property=\"og:url\" content=\"https:\/\/www.electroluxprofessional.com\/hr\/sustav-ucinkovitog-doziranja\/\" \/>\n<meta property=\"og:site_name\" content=\"Electrolux Professional Hrvatska\" \/>\n<meta property=\"article:modified_time\" content=\"2017-09-01T10:38:33+00:00\" \/>\n<meta name=\"twitter:card\" content=\"summary_large_image\" \/>\n<meta name=\"twitter:label1\" content=\"Procijenjeno vrijeme \u010ditanja\" \/>\n\t<meta name=\"twitter:data1\" content=\"3 minute\" \/>\n<script type=\"application\/ld+json\" class=\"yoast-schema-graph\">{\"@context\":\"https:\/\/schema.org\",\"@graph\":[{\"@type\":\"WebPage\",\"@id\":\"https:\/\/www.electroluxprofessional.com\/hr\/sustav-ucinkovitog-doziranja\/\",\"url\":\"https:\/\/www.electroluxprofessional.com\/hr\/sustav-ucinkovitog-doziranja\/\",\"name\":\"Sustav u\u010dinkovitog doziranja - Electrolux Professional Hrvatska\",\"isPartOf\":{\"@id\":\"https:\/\/www.electroluxprofessional.com\/hr\/#website\"},\"datePublished\":\"2017-05-09T08:31:46+00:00\",\"dateModified\":\"2017-09-01T10:38:33+00:00\",\"breadcrumb\":{\"@id\":\"https:\/\/www.electroluxprofessional.com\/hr\/sustav-ucinkovitog-doziranja\/#breadcrumb\"},\"inLanguage\":\"hr\",\"potentialAction\":[{\"@type\":\"ReadAction\",\"target\":[\"https:\/\/www.electroluxprofessional.com\/hr\/sustav-ucinkovitog-doziranja\/\"]}]},{\"@type\":\"BreadcrumbList\",\"@id\":\"https:\/\/www.electroluxprofessional.com\/hr\/sustav-ucinkovitog-doziranja\/#breadcrumb\",\"itemListElement\":[{\"@type\":\"ListItem\",\"position\":1,\"name\":\"Po\u010detna stranica\",\"item\":\"https:\/\/www.electroluxprofessional.com\/hr\/\"},{\"@type\":\"ListItem\",\"position\":2,\"name\":\"Sustav u\u010dinkovitog doziranja\"}]},{\"@type\":\"WebSite\",\"@id\":\"https:\/\/www.electroluxprofessional.com\/hr\/#website\",\"url\":\"https:\/\/www.electroluxprofessional.com\/hr\/\",\"name\":\"Electrolux Professional Hrvatska\",\"description\":\"\",\"potentialAction\":[{\"@type\":\"SearchAction\",\"target\":{\"@type\":\"EntryPoint\",\"urlTemplate\":\"https:\/\/www.electroluxprofessional.com\/hr\/?src={search_term_string}\"},\"query-input\":\"required name=search_term_string\"}],\"inLanguage\":\"hr\"}]}<\/script>\n<!-- \/ Yoast SEO plugin. -->","yoast_head_json":{"title":"Sustav u\u010dinkovitog doziranja - Electrolux Professional Hrvatska","robots":{"index":"index","follow":"follow","max-snippet":"max-snippet:-1","max-image-preview":"max-image-preview:large","max-video-preview":"max-video-preview:-1"},"canonical":"https:\/\/www.electroluxprofessional.com\/hr\/sustav-ucinkovitog-doziranja\/","og_locale":"hr_HR","og_type":"article","og_title":"Sustav u\u010dinkovitog doziranja - Electrolux Professional Hrvatska","og_description":"[vc_row full_width=&#8221;electroluxpro-full-width-no-padding&#8221;][vc_column][elx_hero_slider label_text_color=&#8221;inherit&#8221; images=&#8221;815&#8243;][elx_heading font_container=&#8221;h1&#8243; font_size=&#8221;h3&#8243; text_color=&#8221;inherit&#8221;]Sustav u\u010dinkovitog doziranja[\/elx_heading][vc_column_text] U\u0161tedite do 40 % na deterd\u017eentu! Bolje za tekstil, bolje za va\u0161 nov\u010danik. [\/vc_column_text][\/elx_hero_slider][\/vc_column][\/vc_row][vc_row][vc_column][vc_empty_space height=&#8221;50px&#8221;][\/vc_column][\/vc_row][vc_row][vc_column width=&#8221;1\/2&#8243;][vc_empty_space][elx_heading font_container=&#8221;h3&#8243; font_size=&#8221;h3&#8243; text_color=&#8221;inherit&#8221; css=&#8221;.vc_custom_1500370232788{margin-bottom: 0px !important;border-bottom-width: 0px !important;padding-bottom: 0px !important;}&#8221;]Pobolj\u0161ajte svoje poslovanje zna\u010dajnim u\u0161tedama! [\/elx_heading][vc_empty_space][vc_column_text]Uz sustav u\u010dinkovitog doziranja iz Electrolux Professionala va\u0161a rje\u0161enja za pranje rublja bit \u0107e isplativija\u00a0 nego [&hellip;]","og_url":"https:\/\/www.electroluxprofessional.com\/hr\/sustav-ucinkovitog-doziranja\/","og_site_name":"Electrolux Professional Hrvatska","article_modified_time":"2017-09-01T10:38:33+00:00","twitter_card":"summary_large_image","twitter_misc":{"Procijenjeno vrijeme \u010ditanja":"3 minute"},"schema":{"@context":"https:\/\/schema.org","@graph":[{"@type":"WebPage","@id":"https:\/\/www.electroluxprofessional.com\/hr\/sustav-ucinkovitog-doziranja\/","url":"https:\/\/www.electroluxprofessional.com\/hr\/sustav-ucinkovitog-doziranja\/","name":"Sustav u\u010dinkovitog doziranja - Electrolux Professional Hrvatska","isPartOf":{"@id":"https:\/\/www.electroluxprofessional.com\/hr\/#website"},"datePublished":"2017-05-09T08:31:46+00:00","dateModified":"2017-09-01T10:38:33+00:00","breadcrumb":{"@id":"https:\/\/www.electroluxprofessional.com\/hr\/sustav-ucinkovitog-doziranja\/#breadcrumb"},"inLanguage":"hr","potentialAction":[{"@type":"ReadAction","target":["https:\/\/www.electroluxprofessional.com\/hr\/sustav-ucinkovitog-doziranja\/"]}]},{"@type":"BreadcrumbList","@id":"https:\/\/www.electroluxprofessional.com\/hr\/sustav-ucinkovitog-doziranja\/#breadcrumb","itemListElement":[{"@type":"ListItem","position":1,"name":"Po\u010detna stranica","item":"https:\/\/www.electroluxprofessional.com\/hr\/"},{"@type":"ListItem","position":2,"name":"Sustav u\u010dinkovitog doziranja"}]},{"@type":"WebSite","@id":"https:\/\/www.electroluxprofessional.com\/hr\/#website","url":"https:\/\/www.electroluxprofessional.com\/hr\/","name":"Electrolux Professional Hrvatska","description":"","potentialAction":[{"@type":"SearchAction","target":{"@type":"EntryPoint","urlTemplate":"https:\/\/www.electroluxprofessional.com\/hr\/?src={search_term_string}"},"query-input":"required name=search_term_string"}],"inLanguage":"hr"}]}},"_links":{"self":[{"href":"https:\/\/www.electroluxprofessional.com\/hr\/wp-json\/wp\/v2\/pages\/2898"}],"collection":[{"href":"https:\/\/www.electroluxprofessional.com\/hr\/wp-json\/wp\/v2\/pages"}],"about":[{"href":"https:\/\/www.electroluxprofessional.com\/hr\/wp-json\/wp\/v2\/types\/page"}],"author":[{"embeddable":true,"href":"https:\/\/www.electroluxprofessional.com\/hr\/wp-json\/wp\/v2\/users\/4"}],"replies":[{"embeddable":true,"href":"https:\/\/www.electroluxprofessional.com\/hr\/wp-json\/wp\/v2\/comments?post=2898"}],"version-history":[{"count":5,"href":"https:\/\/www.electroluxprofessional.com\/hr\/wp-json\/wp\/v2\/pages\/2898\/revisions"}],"predecessor-version":[{"id":3635,"href":"https:\/\/www.electroluxprofessional.com\/hr\/wp-json\/wp\/v2\/pages\/2898\/revisions\/3635"}],"wp:attachment":[{"href":"https:\/\/www.electroluxprofessional.com\/hr\/wp-json\/wp\/v2\/media?parent=2898"}],"curies":[{"name":"wp","href":"https:\/\/api.w.org\/{rel}","templated":true}]}}