{"id":2893,"date":"2017-05-09T08:14:05","date_gmt":"2017-05-09T08:14:05","guid":{"rendered":"https:\/\/www.electroluxprofessional.com\/hr\/?page_id=2893"},"modified":"2017-09-01T10:36:39","modified_gmt":"2017-09-01T10:36:39","slug":"perilice-rublja-s-bocnim-punjenjem","status":"publish","type":"page","link":"https:\/\/www.electroluxprofessional.com\/hr\/perilice-rublja-s-bocnim-punjenjem\/","title":{"rendered":"Perilice rublja s bo\u010dnim punjenjem"},"content":{"rendered":"<p>[vc_row full_width=&#8221;electroluxpro-full-width-no-padding&#8221;][vc_column][elx_hero_slider label_text_color=&#8221;inherit&#8221; images=&#8221;872&#8243;][elx_heading font_container=&#8221;h1&#8243; font_size=&#8221;h3&#8243; text_color=&#8221;inherit&#8221;]Perilice rublja s bo\u010dnim punjenjem[\/elx_heading][vc_column_text]<\/p>\n<h4>Va\u0161 pouzdan partner u pranju.<\/h4>\n<h4>Izvrsnost u higijeni, radnom u\u010dinku i rezultatima.<\/h4>\n<p>[\/vc_column_text][\/elx_hero_slider][\/vc_column][\/vc_row][vc_row][vc_column][vc_column_text]<\/p>\n<h3>Izdr\u017eljivost i rad bez pote\u0161ko\u0107a<\/h3>\n<p>Dizajnirane da traju <strong>30.000 ciklusa<\/strong>, \u010dvrste konstrukcije, predstavljaju Power Balance, sustav za detekciju neravnote\u017ee za optimalnu ekstrakciju. Manje napora za ure\u0111aj jam\u010di ve\u0107u izdr\u017eljivost i rad bez pote\u0161ko\u0107a..<\/p>\n<h3>Ergonomija<\/h3>\n<p>Lagano je i sigurno za rad zahvaljuju\u0107i <strong>\u0161irokom otvaranju vrata<\/strong> i <strong>automatskom pozicioniranju unutarnjeg bubnja.<\/strong>[\/vc_column_text][\/vc_column][\/vc_row][vc_row][vc_column width=&#8221;1\/3&#8243;][vc_column_text]<\/p>\n<h3>Vrhunska higijena<\/h3>\n<p>Najve\u0107a razina kontrole <strong>higijene i pra\u0107enja<\/strong> odr\u017eava se tijekom cijelog procesa, zahvaljuju\u0107i informacijskom sustavu Certus Management\u00ae (CMIS).<\/p>\n<h3>Pove\u0107ana produktivnost<\/h3>\n<p>Optimizirani programi \u0161tede vrijeme i energiju dodatnim ciklusom dnevno u usporedbi sa sli\u010dnim ure\u0111ajima na tr\u017ei\u0161tu.<\/p>\n<h3><\/h3>\n<p>[\/vc_column_text][\/vc_column][vc_column width=&#8221;2\/3&#8243;][elx_image_block background_image=&#8221;871&#8243; minimum_height=&#8221;460px&#8221;][\/vc_column][\/vc_row][vc_row][vc_column][vc_column_text css=&#8221;.vc_custom_1500383854703{margin-bottom: 0px !important;border-bottom-width: 0px !important;padding-bottom: 0px !important;}&#8221;]<\/p>\n<h3>Niski teku\u0107i tro\u0161kovi<\/h3>\n<p>Optimizirani dizajn bubnja smanjuje buku i \u0161tedi vodu.<br \/>\n<strong>Electroluxovim sustavom u\u010dinkovitog doziranja<\/strong> ure\u0111aj automatski prilago\u0111ava koli\u010dinu deterd\u017eenta koli\u010dini rublja.<br \/>\nPerilica pru\u017ea najbolju u\u0161tedu i radni u\u010dinak, ali pazi i na okoli\u0161.[\/vc_column_text][elx_button button_text=&#8221;Otkrijte vi\u0161e o dodacima i potro\u0161nom materijalu&#8221; button_style=&#8221;icon&#8221; button_link=&#8221;url:https%3A%2F%2Fprofessional.electrolux.hr%2Faccessories-and-consumables%2Flaundry%2F|title:Accessories%20and%20consumables%20for%20laundry%20solutions||&#8221;][\/vc_column][\/vc_row][vc_row][vc_column][elx_heading font_size=&#8221;h2&#8243; text_color=&#8221;inherit&#8221; text_align=&#8221;text-center&#8221;]Otkrijte \u0161to perilice s bo\u010dnim punjenjem mogu u\u010diniti za va\u0161e poslovanje!<\/p>\n<p>[\/elx_heading][elx_o2000_contact_us r=&#8221;\u017delim saznati vi\u0161e o perilicama s bo\u010dnim punjenjem. Molim da me kontaktirate.<br \/>\n&#8221; s=&#8221;Request of information about Side Load Washers&#8221; country=&#8221;Croatia&#8221; l=&#8221;hr&#8221; b=&#8221;laundry&#8221; container=&#8221;elxcontactus1478696450&#8243;][vc_empty_space height=&#8221;50px&#8221;][\/vc_column][\/vc_row][vc_row][vc_column][elx_heading font_size=&#8221;h3&#8243; text_color=&#8221;inherit&#8221; text_align=&#8221;text-center&#8221;]Prona\u0111ite potpuno rje\u0161enje![\/elx_heading][\/vc_column][\/vc_row][vc_row][vc_column width=&#8221;1\/3&#8243;][elx_maylike_box id_box=&#8221;374&#8243;][\/vc_column][vc_column width=&#8221;1\/3&#8243;][elx_maylike_box id_box=&#8221;1175&#8243;][\/vc_column][\/vc_row][vc_row][vc_column][vc_empty_space height=&#8221;50px&#8221;][\/vc_column][\/vc_row]<\/p>\n","protected":false},"excerpt":{"rendered":"<p>[vc_row full_width=&#8221;electroluxpro-full-width-no-padding&#8221;][vc_column][elx_hero_slider label_text_color=&#8221;inherit&#8221; images=&#8221;872&#8243;][elx_heading font_container=&#8221;h1&#8243; font_size=&#8221;h3&#8243; text_color=&#8221;inherit&#8221;]Perilice rublja s bo\u010dnim punjenjem[\/elx_heading][vc_column_text] Va\u0161 pouzdan partner u pranju. Izvrsnost u higijeni, radnom u\u010dinku i rezultatima. [\/vc_column_text][\/elx_hero_slider][\/vc_column][\/vc_row][vc_row][vc_column][vc_column_text] Izdr\u017eljivost i rad bez pote\u0161ko\u0107a Dizajnirane da traju 30.000 ciklusa, \u010dvrste konstrukcije, predstavljaju Power Balance, sustav za detekciju neravnote\u017ee za optimalnu ekstrakciju. Manje napora za ure\u0111aj jam\u010di ve\u0107u izdr\u017eljivost i rad [&hellip;]<\/p>\n","protected":false},"author":4,"featured_media":0,"parent":0,"menu_order":0,"comment_status":"closed","ping_status":"closed","template":"","meta":{"footnotes":""},"class_list":["post-2893","page","type-page","status-publish","hentry"],"acf":[],"yoast_head":"<!-- This site is optimized with the Yoast SEO plugin v23.3 - https:\/\/yoast.com\/wordpress\/plugins\/seo\/ -->\n<title>Perilice rublja s bo\u010dnim punjenjem - Electrolux Professional Hrvatska<\/title>\n<meta name=\"robots\" content=\"index, follow, max-snippet:-1, max-image-preview:large, max-video-preview:-1\" \/>\n<link rel=\"canonical\" href=\"https:\/\/www.electroluxprofessional.com\/hr\/perilice-rublja-s-bocnim-punjenjem\/\" \/>\n<meta property=\"og:locale\" content=\"hr_HR\" \/>\n<meta property=\"og:type\" content=\"article\" \/>\n<meta property=\"og:title\" content=\"Perilice rublja s bo\u010dnim punjenjem - Electrolux Professional Hrvatska\" \/>\n<meta property=\"og:description\" content=\"[vc_row full_width=&#8221;electroluxpro-full-width-no-padding&#8221;][vc_column][elx_hero_slider label_text_color=&#8221;inherit&#8221; images=&#8221;872&#8243;][elx_heading font_container=&#8221;h1&#8243; font_size=&#8221;h3&#8243; text_color=&#8221;inherit&#8221;]Perilice rublja s bo\u010dnim punjenjem[\/elx_heading][vc_column_text] Va\u0161 pouzdan partner u pranju. Izvrsnost u higijeni, radnom u\u010dinku i rezultatima. [\/vc_column_text][\/elx_hero_slider][\/vc_column][\/vc_row][vc_row][vc_column][vc_column_text] Izdr\u017eljivost i rad bez pote\u0161ko\u0107a Dizajnirane da traju 30.000 ciklusa, \u010dvrste konstrukcije, predstavljaju Power Balance, sustav za detekciju neravnote\u017ee za optimalnu ekstrakciju. Manje napora za ure\u0111aj jam\u010di ve\u0107u izdr\u017eljivost i rad [&hellip;]\" \/>\n<meta property=\"og:url\" content=\"https:\/\/www.electroluxprofessional.com\/hr\/perilice-rublja-s-bocnim-punjenjem\/\" \/>\n<meta property=\"og:site_name\" content=\"Electrolux Professional Hrvatska\" \/>\n<meta property=\"article:modified_time\" content=\"2017-09-01T10:36:39+00:00\" \/>\n<meta name=\"twitter:card\" content=\"summary_large_image\" \/>\n<meta name=\"twitter:label1\" content=\"Procijenjeno vrijeme \u010ditanja\" \/>\n\t<meta name=\"twitter:data1\" content=\"2 minute\" \/>\n<script type=\"application\/ld+json\" class=\"yoast-schema-graph\">{\"@context\":\"https:\/\/schema.org\",\"@graph\":[{\"@type\":\"WebPage\",\"@id\":\"https:\/\/www.electroluxprofessional.com\/hr\/perilice-rublja-s-bocnim-punjenjem\/\",\"url\":\"https:\/\/www.electroluxprofessional.com\/hr\/perilice-rublja-s-bocnim-punjenjem\/\",\"name\":\"Perilice rublja s bo\u010dnim punjenjem - Electrolux Professional Hrvatska\",\"isPartOf\":{\"@id\":\"https:\/\/www.electroluxprofessional.com\/hr\/#website\"},\"datePublished\":\"2017-05-09T08:14:05+00:00\",\"dateModified\":\"2017-09-01T10:36:39+00:00\",\"breadcrumb\":{\"@id\":\"https:\/\/www.electroluxprofessional.com\/hr\/perilice-rublja-s-bocnim-punjenjem\/#breadcrumb\"},\"inLanguage\":\"hr\",\"potentialAction\":[{\"@type\":\"ReadAction\",\"target\":[\"https:\/\/www.electroluxprofessional.com\/hr\/perilice-rublja-s-bocnim-punjenjem\/\"]}]},{\"@type\":\"BreadcrumbList\",\"@id\":\"https:\/\/www.electroluxprofessional.com\/hr\/perilice-rublja-s-bocnim-punjenjem\/#breadcrumb\",\"itemListElement\":[{\"@type\":\"ListItem\",\"position\":1,\"name\":\"Po\u010detna stranica\",\"item\":\"https:\/\/www.electroluxprofessional.com\/hr\/\"},{\"@type\":\"ListItem\",\"position\":2,\"name\":\"Perilice rublja s bo\u010dnim punjenjem\"}]},{\"@type\":\"WebSite\",\"@id\":\"https:\/\/www.electroluxprofessional.com\/hr\/#website\",\"url\":\"https:\/\/www.electroluxprofessional.com\/hr\/\",\"name\":\"Electrolux Professional Hrvatska\",\"description\":\"\",\"potentialAction\":[{\"@type\":\"SearchAction\",\"target\":{\"@type\":\"EntryPoint\",\"urlTemplate\":\"https:\/\/www.electroluxprofessional.com\/hr\/?src={search_term_string}\"},\"query-input\":\"required name=search_term_string\"}],\"inLanguage\":\"hr\"}]}<\/script>\n<!-- \/ Yoast SEO plugin. -->","yoast_head_json":{"title":"Perilice rublja s bo\u010dnim punjenjem - Electrolux Professional Hrvatska","robots":{"index":"index","follow":"follow","max-snippet":"max-snippet:-1","max-image-preview":"max-image-preview:large","max-video-preview":"max-video-preview:-1"},"canonical":"https:\/\/www.electroluxprofessional.com\/hr\/perilice-rublja-s-bocnim-punjenjem\/","og_locale":"hr_HR","og_type":"article","og_title":"Perilice rublja s bo\u010dnim punjenjem - Electrolux Professional Hrvatska","og_description":"[vc_row full_width=&#8221;electroluxpro-full-width-no-padding&#8221;][vc_column][elx_hero_slider label_text_color=&#8221;inherit&#8221; images=&#8221;872&#8243;][elx_heading font_container=&#8221;h1&#8243; font_size=&#8221;h3&#8243; text_color=&#8221;inherit&#8221;]Perilice rublja s bo\u010dnim punjenjem[\/elx_heading][vc_column_text] Va\u0161 pouzdan partner u pranju. Izvrsnost u higijeni, radnom u\u010dinku i rezultatima. [\/vc_column_text][\/elx_hero_slider][\/vc_column][\/vc_row][vc_row][vc_column][vc_column_text] Izdr\u017eljivost i rad bez pote\u0161ko\u0107a Dizajnirane da traju 30.000 ciklusa, \u010dvrste konstrukcije, predstavljaju Power Balance, sustav za detekciju neravnote\u017ee za optimalnu ekstrakciju. Manje napora za ure\u0111aj jam\u010di ve\u0107u izdr\u017eljivost i rad [&hellip;]","og_url":"https:\/\/www.electroluxprofessional.com\/hr\/perilice-rublja-s-bocnim-punjenjem\/","og_site_name":"Electrolux Professional Hrvatska","article_modified_time":"2017-09-01T10:36:39+00:00","twitter_card":"summary_large_image","twitter_misc":{"Procijenjeno vrijeme \u010ditanja":"2 minute"},"schema":{"@context":"https:\/\/schema.org","@graph":[{"@type":"WebPage","@id":"https:\/\/www.electroluxprofessional.com\/hr\/perilice-rublja-s-bocnim-punjenjem\/","url":"https:\/\/www.electroluxprofessional.com\/hr\/perilice-rublja-s-bocnim-punjenjem\/","name":"Perilice rublja s bo\u010dnim punjenjem - Electrolux Professional Hrvatska","isPartOf":{"@id":"https:\/\/www.electroluxprofessional.com\/hr\/#website"},"datePublished":"2017-05-09T08:14:05+00:00","dateModified":"2017-09-01T10:36:39+00:00","breadcrumb":{"@id":"https:\/\/www.electroluxprofessional.com\/hr\/perilice-rublja-s-bocnim-punjenjem\/#breadcrumb"},"inLanguage":"hr","potentialAction":[{"@type":"ReadAction","target":["https:\/\/www.electroluxprofessional.com\/hr\/perilice-rublja-s-bocnim-punjenjem\/"]}]},{"@type":"BreadcrumbList","@id":"https:\/\/www.electroluxprofessional.com\/hr\/perilice-rublja-s-bocnim-punjenjem\/#breadcrumb","itemListElement":[{"@type":"ListItem","position":1,"name":"Po\u010detna stranica","item":"https:\/\/www.electroluxprofessional.com\/hr\/"},{"@type":"ListItem","position":2,"name":"Perilice rublja s bo\u010dnim punjenjem"}]},{"@type":"WebSite","@id":"https:\/\/www.electroluxprofessional.com\/hr\/#website","url":"https:\/\/www.electroluxprofessional.com\/hr\/","name":"Electrolux Professional Hrvatska","description":"","potentialAction":[{"@type":"SearchAction","target":{"@type":"EntryPoint","urlTemplate":"https:\/\/www.electroluxprofessional.com\/hr\/?src={search_term_string}"},"query-input":"required name=search_term_string"}],"inLanguage":"hr"}]}},"_links":{"self":[{"href":"https:\/\/www.electroluxprofessional.com\/hr\/wp-json\/wp\/v2\/pages\/2893"}],"collection":[{"href":"https:\/\/www.electroluxprofessional.com\/hr\/wp-json\/wp\/v2\/pages"}],"about":[{"href":"https:\/\/www.electroluxprofessional.com\/hr\/wp-json\/wp\/v2\/types\/page"}],"author":[{"embeddable":true,"href":"https:\/\/www.electroluxprofessional.com\/hr\/wp-json\/wp\/v2\/users\/4"}],"replies":[{"embeddable":true,"href":"https:\/\/www.electroluxprofessional.com\/hr\/wp-json\/wp\/v2\/comments?post=2893"}],"version-history":[{"count":5,"href":"https:\/\/www.electroluxprofessional.com\/hr\/wp-json\/wp\/v2\/pages\/2893\/revisions"}],"predecessor-version":[{"id":5485,"href":"https:\/\/www.electroluxprofessional.com\/hr\/wp-json\/wp\/v2\/pages\/2893\/revisions\/5485"}],"wp:attachment":[{"href":"https:\/\/www.electroluxprofessional.com\/hr\/wp-json\/wp\/v2\/media?parent=2893"}],"curies":[{"name":"wp","href":"https:\/\/api.w.org\/{rel}","templated":true}]}}