{"id":2874,"date":"2017-05-04T08:39:16","date_gmt":"2017-05-04T08:39:16","guid":{"rendered":"https:\/\/www.electroluxprofessional.com\/hr\/?page_id=2874"},"modified":"2025-02-13T13:44:49","modified_gmt":"2025-02-13T13:44:49","slug":"lokacije-prodaje-i-servisa","status":"publish","type":"page","link":"https:\/\/www.electroluxprofessional.com\/hr\/lokacije-prodaje-i-servisa\/","title":{"rendered":"Lokacije prodaje i servisa"},"content":{"rendered":"<p>[vc_row][vc_column][vc_single_image image=&#8221;108757&#8243; img_size=&#8221;2000*580&#8243;][\/vc_column][\/vc_row][vc_row][vc_column][elx_heading font_container=&#8221;h1&#8243; font_size=&#8221;h3&#8243; text_color=&#8221;black&#8221;]Lokacije prodaje i servisa[\/elx_heading][\/vc_column][\/vc_row][vc_row][vc_column][vc_empty_space][elx_o2000_locator cf=&#8221;Croatia&#8221; l=&#8221;hr&#8221; container=&#8221;elxlocator1493887198&#8243; request=&#8221;Htjela\/Htio bih znati vi\u0161e {{acs}}. Molim vas stupite u kontakt sa mnom.&#8221;][vc_empty_space][\/vc_column][\/vc_row][vc_row custom_color_row=&#8221;bg-row-light-blue&#8221; css=&#8221;.vc_custom_1739176875824{background-color: #e9eff5 !important;}&#8221;][vc_column][vc_empty_space][elx_heading font_size=&#8221;h4&#8243; text_color=&#8221;electrolux-blue&#8221; text_align=&#8221;text-left&#8221;]Postanite certificirani servisni partner!  [\/elx_heading][vc_empty_space height=&#8221;10px&#8221;][vc_column_text]<span class=\"TextRun SCXW150887095 BCX0\" data-contrast=\"none\"><span class=\"NormalTextRun SCXW150887095 BCX0\">Pridru\u017eite se na\u0161oj mre\u017ei certificiranih servisa! Pro\u0161irite svoje poslovanje postaju\u0107i ovla\u0161teni servisni partner. Dobijte pristup ekskluzivnoj obuci, podr\u0161ci i prilikama za rast.\u00a0<\/span><\/span><span class=\"EOP SCXW150887095 BCX0\" data-ccp-props=\"{&quot;134233117&quot;:true,&quot;201341983&quot;:0,&quot;335557856&quot;:16777215,&quot;335559739&quot;:0,&quot;335559740&quot;:240}\">\u00a0<\/span>[\/vc_column_text][vc_empty_space height=&#8221;25px&#8221;][elx_o2000_contact_us request_type=&#8221;Customer support&#8221; button_mode=&#8221;true&#8221; button_style=&#8221;secondary&#8221; postion_button=&#8221;text-left&#8221; postion_button_mobile=&#8221;text-left-mobile&#8221; text_btn_contact=&#8221;Prijavite se danas! &#8221; r=&#8221;\u017delio bih da me kontaktirate kako bih postao va\u0161 servisni partner. Hvala.&#8221;][vc_empty_space height=&#8221;40px&#8221;][\/vc_column][\/vc_row]<\/p>\n","protected":false},"excerpt":{"rendered":"<p>[vc_row][vc_column][vc_single_image image=&#8221;108757&#8243; img_size=&#8221;2000*580&#8243;][\/vc_column][\/vc_row][vc_row][vc_column][elx_heading font_container=&#8221;h1&#8243; font_size=&#8221;h3&#8243; text_color=&#8221;black&#8221;]Lokacije prodaje i servisa[\/elx_heading][\/vc_column][\/vc_row][vc_row][vc_column][vc_empty_space][elx_o2000_locator cf=&#8221;Croatia&#8221; l=&#8221;hr&#8221; container=&#8221;elxlocator1493887198&#8243; request=&#8221;Htjela\/Htio bih znati vi\u0161e {{acs}}. Molim vas stupite u kontakt sa mnom.&#8221;][vc_empty_space][\/vc_column][\/vc_row][vc_row custom_color_row=&#8221;bg-row-light-blue&#8221; css=&#8221;.vc_custom_1739176875824{background-color: #e9eff5 !important;}&#8221;][vc_column][vc_empty_space][elx_heading font_size=&#8221;h4&#8243; text_color=&#8221;electrolux-blue&#8221; text_align=&#8221;text-left&#8221;]Postanite certificirani servisni partner! [\/elx_heading][vc_empty_space height=&#8221;10px&#8221;][vc_column_text]Pridru\u017eite se na\u0161oj mre\u017ei certificiranih servisa! Pro\u0161irite svoje poslovanje postaju\u0107i ovla\u0161teni servisni partner. Dobijte pristup ekskluzivnoj obuci, podr\u0161ci i prilikama [&hellip;]<\/p>\n","protected":false},"author":4,"featured_media":0,"parent":0,"menu_order":0,"comment_status":"closed","ping_status":"closed","template":"","meta":{"footnotes":""},"class_list":["post-2874","page","type-page","status-publish","hentry"],"acf":[],"yoast_head":"<!-- This site is optimized with the Yoast SEO plugin v23.3 - https:\/\/yoast.com\/wordpress\/plugins\/seo\/ -->\n<title>Lokacije prodaje i servisa - Electrolux Professional Hrvatska<\/title>\n<meta name=\"robots\" content=\"index, follow, max-snippet:-1, max-image-preview:large, max-video-preview:-1\" \/>\n<link rel=\"canonical\" href=\"https:\/\/www.electroluxprofessional.com\/hr\/lokacije-prodaje-i-servisa\/\" \/>\n<meta property=\"og:locale\" content=\"hr_HR\" \/>\n<meta property=\"og:type\" content=\"article\" \/>\n<meta property=\"og:title\" content=\"Lokacije prodaje i servisa - Electrolux Professional Hrvatska\" \/>\n<meta property=\"og:description\" content=\"[vc_row][vc_column][vc_single_image image=&#8221;108757&#8243; img_size=&#8221;2000*580&#8243;][\/vc_column][\/vc_row][vc_row][vc_column][elx_heading font_container=&#8221;h1&#8243; font_size=&#8221;h3&#8243; text_color=&#8221;black&#8221;]Lokacije prodaje i servisa[\/elx_heading][\/vc_column][\/vc_row][vc_row][vc_column][vc_empty_space][elx_o2000_locator cf=&#8221;Croatia&#8221; l=&#8221;hr&#8221; container=&#8221;elxlocator1493887198&#8243; request=&#8221;Htjela\/Htio bih znati vi\u0161e {{acs}}. Molim vas stupite u kontakt sa mnom.&#8221;][vc_empty_space][\/vc_column][\/vc_row][vc_row custom_color_row=&#8221;bg-row-light-blue&#8221; css=&#8221;.vc_custom_1739176875824{background-color: #e9eff5 !important;}&#8221;][vc_column][vc_empty_space][elx_heading font_size=&#8221;h4&#8243; text_color=&#8221;electrolux-blue&#8221; text_align=&#8221;text-left&#8221;]Postanite certificirani servisni partner! [\/elx_heading][vc_empty_space height=&#8221;10px&#8221;][vc_column_text]Pridru\u017eite se na\u0161oj mre\u017ei certificiranih servisa! Pro\u0161irite svoje poslovanje postaju\u0107i ovla\u0161teni servisni partner. Dobijte pristup ekskluzivnoj obuci, podr\u0161ci i prilikama [&hellip;]\" \/>\n<meta property=\"og:url\" content=\"https:\/\/www.electroluxprofessional.com\/hr\/lokacije-prodaje-i-servisa\/\" \/>\n<meta property=\"og:site_name\" content=\"Electrolux Professional Hrvatska\" \/>\n<meta property=\"article:modified_time\" content=\"2025-02-13T13:44:49+00:00\" \/>\n<meta name=\"twitter:card\" content=\"summary_large_image\" \/>\n<meta name=\"twitter:label1\" content=\"Procijenjeno vrijeme \u010ditanja\" \/>\n\t<meta name=\"twitter:data1\" content=\"1 minuta\" \/>\n<script type=\"application\/ld+json\" class=\"yoast-schema-graph\">{\"@context\":\"https:\/\/schema.org\",\"@graph\":[{\"@type\":\"WebPage\",\"@id\":\"https:\/\/www.electroluxprofessional.com\/hr\/lokacije-prodaje-i-servisa\/\",\"url\":\"https:\/\/www.electroluxprofessional.com\/hr\/lokacije-prodaje-i-servisa\/\",\"name\":\"Lokacije prodaje i servisa - Electrolux Professional Hrvatska\",\"isPartOf\":{\"@id\":\"https:\/\/www.electroluxprofessional.com\/hr\/#website\"},\"datePublished\":\"2017-05-04T08:39:16+00:00\",\"dateModified\":\"2025-02-13T13:44:49+00:00\",\"breadcrumb\":{\"@id\":\"https:\/\/www.electroluxprofessional.com\/hr\/lokacije-prodaje-i-servisa\/#breadcrumb\"},\"inLanguage\":\"hr\",\"potentialAction\":[{\"@type\":\"ReadAction\",\"target\":[\"https:\/\/www.electroluxprofessional.com\/hr\/lokacije-prodaje-i-servisa\/\"]}]},{\"@type\":\"BreadcrumbList\",\"@id\":\"https:\/\/www.electroluxprofessional.com\/hr\/lokacije-prodaje-i-servisa\/#breadcrumb\",\"itemListElement\":[{\"@type\":\"ListItem\",\"position\":1,\"name\":\"Po\u010detna stranica\",\"item\":\"https:\/\/www.electroluxprofessional.com\/hr\/\"},{\"@type\":\"ListItem\",\"position\":2,\"name\":\"Lokacije prodaje i servisa\"}]},{\"@type\":\"WebSite\",\"@id\":\"https:\/\/www.electroluxprofessional.com\/hr\/#website\",\"url\":\"https:\/\/www.electroluxprofessional.com\/hr\/\",\"name\":\"Electrolux Professional Hrvatska\",\"description\":\"\",\"potentialAction\":[{\"@type\":\"SearchAction\",\"target\":{\"@type\":\"EntryPoint\",\"urlTemplate\":\"https:\/\/www.electroluxprofessional.com\/hr\/?src={search_term_string}\"},\"query-input\":\"required name=search_term_string\"}],\"inLanguage\":\"hr\"}]}<\/script>\n<!-- \/ Yoast SEO plugin. -->","yoast_head_json":{"title":"Lokacije prodaje i servisa - Electrolux Professional Hrvatska","robots":{"index":"index","follow":"follow","max-snippet":"max-snippet:-1","max-image-preview":"max-image-preview:large","max-video-preview":"max-video-preview:-1"},"canonical":"https:\/\/www.electroluxprofessional.com\/hr\/lokacije-prodaje-i-servisa\/","og_locale":"hr_HR","og_type":"article","og_title":"Lokacije prodaje i servisa - Electrolux Professional Hrvatska","og_description":"[vc_row][vc_column][vc_single_image image=&#8221;108757&#8243; img_size=&#8221;2000*580&#8243;][\/vc_column][\/vc_row][vc_row][vc_column][elx_heading font_container=&#8221;h1&#8243; font_size=&#8221;h3&#8243; text_color=&#8221;black&#8221;]Lokacije prodaje i servisa[\/elx_heading][\/vc_column][\/vc_row][vc_row][vc_column][vc_empty_space][elx_o2000_locator cf=&#8221;Croatia&#8221; l=&#8221;hr&#8221; container=&#8221;elxlocator1493887198&#8243; request=&#8221;Htjela\/Htio bih znati vi\u0161e {{acs}}. Molim vas stupite u kontakt sa mnom.&#8221;][vc_empty_space][\/vc_column][\/vc_row][vc_row custom_color_row=&#8221;bg-row-light-blue&#8221; css=&#8221;.vc_custom_1739176875824{background-color: #e9eff5 !important;}&#8221;][vc_column][vc_empty_space][elx_heading font_size=&#8221;h4&#8243; text_color=&#8221;electrolux-blue&#8221; text_align=&#8221;text-left&#8221;]Postanite certificirani servisni partner! [\/elx_heading][vc_empty_space height=&#8221;10px&#8221;][vc_column_text]Pridru\u017eite se na\u0161oj mre\u017ei certificiranih servisa! Pro\u0161irite svoje poslovanje postaju\u0107i ovla\u0161teni servisni partner. Dobijte pristup ekskluzivnoj obuci, podr\u0161ci i prilikama [&hellip;]","og_url":"https:\/\/www.electroluxprofessional.com\/hr\/lokacije-prodaje-i-servisa\/","og_site_name":"Electrolux Professional Hrvatska","article_modified_time":"2025-02-13T13:44:49+00:00","twitter_card":"summary_large_image","twitter_misc":{"Procijenjeno vrijeme \u010ditanja":"1 minuta"},"schema":{"@context":"https:\/\/schema.org","@graph":[{"@type":"WebPage","@id":"https:\/\/www.electroluxprofessional.com\/hr\/lokacije-prodaje-i-servisa\/","url":"https:\/\/www.electroluxprofessional.com\/hr\/lokacije-prodaje-i-servisa\/","name":"Lokacije prodaje i servisa - Electrolux Professional Hrvatska","isPartOf":{"@id":"https:\/\/www.electroluxprofessional.com\/hr\/#website"},"datePublished":"2017-05-04T08:39:16+00:00","dateModified":"2025-02-13T13:44:49+00:00","breadcrumb":{"@id":"https:\/\/www.electroluxprofessional.com\/hr\/lokacije-prodaje-i-servisa\/#breadcrumb"},"inLanguage":"hr","potentialAction":[{"@type":"ReadAction","target":["https:\/\/www.electroluxprofessional.com\/hr\/lokacije-prodaje-i-servisa\/"]}]},{"@type":"BreadcrumbList","@id":"https:\/\/www.electroluxprofessional.com\/hr\/lokacije-prodaje-i-servisa\/#breadcrumb","itemListElement":[{"@type":"ListItem","position":1,"name":"Po\u010detna stranica","item":"https:\/\/www.electroluxprofessional.com\/hr\/"},{"@type":"ListItem","position":2,"name":"Lokacije prodaje i servisa"}]},{"@type":"WebSite","@id":"https:\/\/www.electroluxprofessional.com\/hr\/#website","url":"https:\/\/www.electroluxprofessional.com\/hr\/","name":"Electrolux Professional Hrvatska","description":"","potentialAction":[{"@type":"SearchAction","target":{"@type":"EntryPoint","urlTemplate":"https:\/\/www.electroluxprofessional.com\/hr\/?src={search_term_string}"},"query-input":"required name=search_term_string"}],"inLanguage":"hr"}]}},"_links":{"self":[{"href":"https:\/\/www.electroluxprofessional.com\/hr\/wp-json\/wp\/v2\/pages\/2874"}],"collection":[{"href":"https:\/\/www.electroluxprofessional.com\/hr\/wp-json\/wp\/v2\/pages"}],"about":[{"href":"https:\/\/www.electroluxprofessional.com\/hr\/wp-json\/wp\/v2\/types\/page"}],"author":[{"embeddable":true,"href":"https:\/\/www.electroluxprofessional.com\/hr\/wp-json\/wp\/v2\/users\/4"}],"replies":[{"embeddable":true,"href":"https:\/\/www.electroluxprofessional.com\/hr\/wp-json\/wp\/v2\/comments?post=2874"}],"version-history":[{"count":10,"href":"https:\/\/www.electroluxprofessional.com\/hr\/wp-json\/wp\/v2\/pages\/2874\/revisions"}],"predecessor-version":[{"id":118335,"href":"https:\/\/www.electroluxprofessional.com\/hr\/wp-json\/wp\/v2\/pages\/2874\/revisions\/118335"}],"wp:attachment":[{"href":"https:\/\/www.electroluxprofessional.com\/hr\/wp-json\/wp\/v2\/media?parent=2874"}],"curies":[{"name":"wp","href":"https:\/\/api.w.org\/{rel}","templated":true}]}}