{"id":2871,"date":"2016-06-01T13:56:56","date_gmt":"2016-06-01T13:56:56","guid":{"rendered":"https:\/\/www.electroluxprofessional.com\/hr\/?page_id=2871"},"modified":"2024-05-28T04:31:33","modified_gmt":"2024-05-28T04:31:33","slug":"briga-o-kupcima","status":"publish","type":"page","link":"https:\/\/www.electroluxprofessional.com\/hr\/briga-o-kupcima\/","title":{"rendered":"Briga o kupcima"},"content":{"rendered":"<p>[vc_row full_width=&#8221;electroluxpro-full-width-no-padding&#8221;][vc_column][vc_single_image image=&#8221;3851&#8243; img_size=&#8221;2000*350&#8243; alignment=&#8221;center&#8221;][\/vc_column][\/vc_row][vc_row][vc_column width=&#8221;1\/4&#8243;][vc_empty_space][vc_single_image image=&#8221;3850&#8243; img_size=&#8221;300*300&#8243;][vc_empty_space][\/vc_column][vc_column width=&#8221;3\/4&#8243;][vc_empty_space][vc_empty_space][elx_heading font_container=&#8221;h1&#8243; font_size=&#8221;h3&#8243; text_color=&#8221;inherit&#8221;]Essentia.[\/elx_heading][vc_column_text]Na\u0161 tim vam stoji na usluzi. Bilo kada, bilo gdje<\/p>\n<p><span class=\"h5\">\u00a0<\/span>[\/vc_column_text][\/vc_column][\/vc_row][vc_row][vc_column][elx_heading font_size=&#8221;h3&#8243; text_color=&#8221;inherit&#8221;]Srce slu\u017ebe za korisnike[\/elx_heading][vc_column_text]Essentia stvara potpuno novo iskustvo<strong>\u00a0korisni\u010dke podr\u0161ke<\/strong>. Na\u0161a predanost ovoj usluzi postaje va\u0161 klju\u010d za prednost pred drugima.[\/vc_column_text][vc_column_text]Od trenutka postavljanja do kraja \u017eivotnog vijeka bilo kojega dijela opreme, mi smo u pripravnosti zahvaljuju\u0107i na\u0161im <strong>sveobuhvatnim ugovorima o odr\u017eavanju<\/strong> temeljenima na opse\u017enom znanju, tradiciji i godinama iskustva u dizajniranju opreme za kuhinju, pranje rublja i pripremu napitaka.[\/vc_column_text][\/vc_column][\/vc_row][vc_row][vc_column][elx_heading font_size=&#8221;h3&#8243; text_color=&#8221;inherit&#8221;]Otkrijte uslugu Essentia[\/elx_heading][vc_column_text]Pru\u017eamo vam podr\u0161ku prema va\u0161im potrebama, brinemo o va\u0161im procesima s pomo\u0107u <strong>pouzdane servisne mre\u017ee<\/strong>, niza posebno prilago\u0111enih <strong>ekskluzivnih usluga<\/strong> i inovativne tehnologije.[\/vc_column_text][\/vc_column][\/vc_row][vc_row css=&#8221;.vc_custom_1523543977412{background-color: #041e41 !important;}&#8221;][vc_column width=&#8221;2\/3&#8243;][vc_empty_space height=&#8221;100px&#8221;][elx_simple_link_block link=&#8221;url:https%3A%2F%2Fwww.electroluxprofessional.com%2Fhr%2Fbriga-o-kupcima%2Fservisni-ugovori%2F|title:Servisni%20ugovori||&#8221; text_align=&#8221;text-left&#8221; text_color=&#8221;inherit&#8221; background_color=&#8221;inherit&#8221; background_hover_color=&#8221;darker-hover&#8221; extra_class=&#8221;&#8221; reveal_effect=&#8221;&#8221; reveal_duration=&#8221;&#8221; reveal_delay=&#8221;&#8221;][elx_heading font_size=&#8221;h3&#8243; text_color=&#8221;white&#8221;]Servisni ugovori[\/elx_heading][vc_column_text]<\/p>\n<p style=\"color: #fff;\"><span style=\"color: #ffffff;\">Birajte izme\u0111u fleksibilnih i posebno prilago\u0111enih paketa.<\/span><\/p>\n<p style=\"color: #fff;\"><span style=\"color: #ffffff;\">Smanjite vrijeme zastoja poslovanja, istovremeno odr\u017eavaju\u0107i najvi\u0161u operativnu u\u010dinkovitost. zastoj,\u00a0odr\u017eavanje najvi\u0161e operativne u\u010dinkovitosti. Povisite svoje standarde<\/span><\/p>\n<p>[\/vc_column_text][\/elx_simple_link_block][\/vc_column][vc_column width=&#8221;1\/3&#8243;][vc_single_image image=&#8221;3852&#8243; img_size=&#8221;full&#8221;][\/vc_column][\/vc_row][vc_row][vc_column][vc_empty_space][\/vc_column][\/vc_row][vc_row][vc_column width=&#8221;1\/3&#8243;][elx_simple_link_block link=&#8221;url:https%3A%2F%2Fprofessional.electrolux.hr%2Fdodaci-i-potrosni-materijal%2F|title:Accessories%20and%20consumables||&#8221; text_align=&#8221;text-left&#8221; text_color=&#8221;inherit&#8221; background_color=&#8221;inherit&#8221; background_hover_color=&#8221;darker-hover&#8221; extra_class=&#8221;&#8221; reveal_effect=&#8221;&#8221; reveal_duration=&#8221;&#8221; reveal_delay=&#8221;&#8221;][vc_single_image image=&#8221;3853&#8243; img_size=&#8221;360*120&#8243;][elx_heading font_size=&#8221;h5&#8243; text_color=&#8221;inherit&#8221;]Dodatna oprema i potro\u0161ni materijali[\/elx_heading][vc_column_text]Oslonite se na brzu otpremu originalne dodatne opreme i potro\u0161nih materijala detaljno ispitanih od strane Electrolux stru\u010dnih tehni\u010dara, \u010dime osiguravamo trajnost i u\u010dinkovitost va\u0161e opreme, kao i sigurnost korisnika.[\/vc_column_text][\/elx_simple_link_block][elx_button button_text=&#8221;Dodatna oprema i potro\u0161ni materijali&#8221; button_style=&#8221;icon&#8221; button_link=&#8221;url:https%3A%2F%2Fprofessional.electrolux.hr%2Fdodaci-i-potrosni-materijal%2F|||&#8221;][\/vc_column][vc_column width=&#8221;1\/3&#8243;][elx_simple_link_block link=&#8221;url:https%3A%2F%2Fprofessional.electrolux.hr%2Flokacije-prodaje-i-servisa%2F|title:lokacije%20prodaje%20i%20servisa||&#8221; text_align=&#8221;text-left&#8221; text_color=&#8221;inherit&#8221; background_color=&#8221;inherit&#8221; background_hover_color=&#8221;darker-hover&#8221; extra_class=&#8221;&#8221; reveal_effect=&#8221;&#8221; reveal_duration=&#8221;&#8221; reveal_delay=&#8221;&#8221;][vc_single_image image=&#8221;3854&#8243; img_size=&#8221;360*120&#8243;][elx_heading font_size=&#8221;h5&#8243; text_color=&#8221;inherit&#8221;]Rezervni dijelovi[\/elx_heading][vc_column_text]55 000 raspolo\u017eivih rezervnih dijelova na zalihi.<br \/>\nRaspolo\u017eivost rezervnih dijelova za barem 10 godina nakon prestanka proizvodnje.<br \/>\n24 \u2013 48 sati za otpremu rezervnih dijelova bilo kamo u svijetu.[\/vc_column_text][\/elx_simple_link_block][elx_button button_text=&#8221;Lokacije prodaje i servisa&#8221; button_style=&#8221;icon&#8221; button_link=&#8221;url:https%3A%2F%2Fprofessional.electrolux.hr%2Flokacije-prodaje-i-servisa%2F|title:spare%20parts%20service%20locator||&#8221;][\/vc_column][vc_column width=&#8221;1\/3&#8243;][elx_simple_link_block link=&#8221;url:https%3A%2F%2Fwww.electroluxprofessional.com%2Fhr%2Fbriga-o-kupcima%2Fodrzavanje%2F|title:Odr%C5%BEavanje||&#8221; text_align=&#8221;text-left&#8221; text_color=&#8221;inherit&#8221; background_color=&#8221;inherit&#8221; background_hover_color=&#8221;darker-hover&#8221; extra_class=&#8221;&#8221; reveal_effect=&#8221;&#8221; reveal_duration=&#8221;&#8221; reveal_delay=&#8221;&#8221;][vc_single_image image=&#8221;3855&#8243; img_size=&#8221;360*120&#8243;][elx_heading font_size=&#8221;h5&#8243; text_color=&#8221;inherit&#8221;]Priru\u010dnik za odr\u017eavanje[\/elx_heading][vc_column_text]Cjelovit <strong>vodi\u010d<\/strong> koji vam nudi ekskluzivne savjete s <strong>preporukama<\/strong> za periodi\u010dko \u010di\u0161\u0107enje, <strong>odr\u017eavanje<\/strong> i rje\u0161avanje <strong>neo\u010dekivanih pote\u0161ko\u0107a<\/strong> kako bi se osigurala najve\u0107a u\u010dinkovitost va\u0161e opreme.[\/vc_column_text][\/elx_simple_link_block][\/vc_column][\/vc_row][vc_row][vc_column][vc_empty_space][\/vc_column][\/vc_row][vc_row][vc_column width=&#8221;2\/3&#8243;][vc_empty_space height=&#8221;28px&#8221;][elx_heading font_size=&#8221;h3&#8243; text_color=&#8221;inherit&#8221;]Na\u0161 glas[\/elx_heading][vc_column_text]<em>\u201eNa\u0161om novom uslugom Essentia osiguravamo standardizirane i uskla\u0111ene postupke korisni\u010dke podr\u0161ke diljem svijeta.<\/em><br \/>\n<em>\u017delimo da odnos uspostavljen Essentia korisni\u010dkom podr\u0161kom bude razlog za\u0161to se na\u0161i klijenti iznova vra\u0107aju inovativnim i prekrasnim visokokvalitetnim proizvodima Electrolux Professional.\u201c<\/em><br \/>\n<strong>Magnus Savenas<\/strong><br \/>\nPotpredsjednik Korisni\u010dke podr\u0161ke i kvalitete<br \/>\n<strong>Electrolux Professional<\/strong><\/p>\n<p><strong>\u00a0<\/strong>[\/vc_column_text][\/vc_column][vc_column width=&#8221;1\/3&#8243;][vc_single_image image=&#8221;3846&#8243; img_size=&#8221;full&#8221;][\/vc_column][\/vc_row][vc_row][vc_column][vc_empty_space][elx_heading font_size=&#8221;h3&#8243; text_color=&#8221;inherit&#8221;]Saznajte vi\u0161e o usluzi Essentia[\/elx_heading][vc_empty_space][\/vc_column][\/vc_row][vc_row][vc_column width=&#8221;1\/3&#8243;][elx_download_block text=&#8221;Essentia bro\u0161ura&#8221; link=&#8221;https:\/\/files.professional.electrolux.com\/docs\/?n=BR-9JE00092&amp;b=5&amp;l=1&#8243; background_color=&#8221;electrolux-blue&#8221;][\/vc_column][vc_column width=&#8221;1\/3&#8243;][elx_download_block text=&#8221;Essentia kartica&#8221; link=&#8221;https:\/\/files.professional.electrolux.com\/docs\/?n=CLF-9JE00187&amp;b=5&amp;l=1&#8243; background_color=&#8221;electrolux-blue&#8221;][\/vc_column][vc_column width=&#8221;1\/3&#8243;][\/vc_column][\/vc_row][vc_row][vc_column][vc_empty_space][\/vc_column][\/vc_row][vc_row][vc_column width=&#8221;2\/3&#8243;][vc_empty_space][elx_simple_link_block link=&#8221;url:https%3A%2F%2Fwww.electroluxprofessional.com%2Fsales-and-service-locator%2F|title:Sales%20%26%20Service%20Locator||&#8221; text_align=&#8221;text-left&#8221; text_color=&#8221;inherit&#8221; background_color=&#8221;inherit&#8221; background_hover_color=&#8221;darker-hover&#8221; extra_class=&#8221;&#8221; reveal_effect=&#8221;&#8221; reveal_duration=&#8221;&#8221; reveal_delay=&#8221;&#8221;][elx_heading font_size=&#8221;h3&#8243; text_color=&#8221;inherit&#8221;]Servisna mre\u017ea[\/elx_heading][vc_column_text]Na raspolaganju vam je vi\u0161e od <strong>2 200 ovla\u0161tenih servisnih partnera<\/strong>, uvijek dostupnih, uvijek pripravnih. Spremni smo vam se posvetiti jedinstvenom servisnom mre\u017eom koja va\u0161 radni dan \u010dini jednostavnijim.[\/vc_column_text][\/elx_simple_link_block][elx_button button_text=&#8221;Prona\u0111ite servisnog partnera&#8221; button_link=&#8221;url:https%3A%2F%2Fprofessional.electrolux.hr%2Flokacije-prodaje-i-servisa%2F|title:Sales%20%26%20Service%20Locator||&#8221;][\/vc_column][vc_column width=&#8221;1\/3&#8243;][vc_empty_space][vc_single_image image=&#8221;3856&#8243; img_size=&#8221;full&#8221;][\/vc_column][\/vc_row][vc_row][vc_column][vc_empty_space][\/vc_column][\/vc_row][vc_row][vc_column][elx_heading font_container=&#8221;h3&#8243; text_color=&#8221;inherit&#8221;]Saznajte vi\u0161e o cjelovitom rje\u0161enju[\/elx_heading][elx_o2000_contact_us s=&#8221;Request of information about Essentia&#8221; country=&#8221;Croatia&#8221; container=&#8221;elxcontactus1484293813&#8243; r=&#8221;\u017delio bih saznati vi\u0161e o usluzi Essentia. Molim vas, stupite u kontakt sa mnom.&#8221; l=&#8221;hr&#8221;][\/vc_column][\/vc_row][vc_row][vc_column][vc_empty_space][\/vc_column][\/vc_row]<\/p>\n","protected":false},"excerpt":{"rendered":"<p>[vc_row full_width=&#8221;electroluxpro-full-width-no-padding&#8221;][vc_column][vc_single_image image=&#8221;3851&#8243; img_size=&#8221;2000*350&#8243; alignment=&#8221;center&#8221;][\/vc_column][\/vc_row][vc_row][vc_column width=&#8221;1\/4&#8243;][vc_empty_space][vc_single_image image=&#8221;3850&#8243; img_size=&#8221;300*300&#8243;][vc_empty_space][\/vc_column][vc_column width=&#8221;3\/4&#8243;][vc_empty_space][vc_empty_space][elx_heading font_container=&#8221;h1&#8243; font_size=&#8221;h3&#8243; text_color=&#8221;inherit&#8221;]Essentia.[\/elx_heading][vc_column_text]Na\u0161 tim vam stoji na usluzi. Bilo kada, bilo gdje \u00a0[\/vc_column_text][\/vc_column][\/vc_row][vc_row][vc_column][elx_heading font_size=&#8221;h3&#8243; text_color=&#8221;inherit&#8221;]Srce slu\u017ebe za korisnike[\/elx_heading][vc_column_text]Essentia stvara potpuno novo iskustvo\u00a0korisni\u010dke podr\u0161ke. Na\u0161a predanost ovoj usluzi postaje va\u0161 klju\u010d za prednost pred drugima.[\/vc_column_text][vc_column_text]Od trenutka postavljanja do kraja \u017eivotnog vijeka bilo kojega dijela opreme, mi smo [&hellip;]<\/p>\n","protected":false},"author":4,"featured_media":3850,"parent":0,"menu_order":0,"comment_status":"closed","ping_status":"closed","template":"","meta":{"footnotes":""},"class_list":["post-2871","page","type-page","status-publish","has-post-thumbnail","hentry"],"acf":[],"yoast_head":"<!-- This site is optimized with the Yoast SEO plugin v23.3 - https:\/\/yoast.com\/wordpress\/plugins\/seo\/ -->\n<title>Briga o kupcima - Profesionalno i redovito odr\u017eavanje<\/title>\n<meta name=\"description\" content=\"Pru\u017eamo vam podr\u0161ku prema va\u0161im potrebama, brinemo o va\u0161im procesima s pomo\u0107u pouzdane servisne mre\u017ee, niza posebno prilago\u0111enih ekskluzivnih usluga i inovativne tehnologije za potpunu brigu o kupcima.\" \/>\n<meta name=\"robots\" content=\"index, follow, max-snippet:-1, max-image-preview:large, max-video-preview:-1\" \/>\n<link rel=\"canonical\" href=\"https:\/\/www.electroluxprofessional.com\/hr\/briga-o-kupcima\/\" \/>\n<meta property=\"og:locale\" content=\"hr_HR\" \/>\n<meta property=\"og:type\" content=\"article\" \/>\n<meta property=\"og:title\" content=\"Briga o kupcima - Profesionalno i redovito odr\u017eavanje\" \/>\n<meta property=\"og:description\" content=\"Pru\u017eamo vam podr\u0161ku prema va\u0161im potrebama, brinemo o va\u0161im procesima s pomo\u0107u pouzdane servisne mre\u017ee, niza posebno prilago\u0111enih ekskluzivnih usluga i inovativne tehnologije za potpunu brigu o kupcima.\" \/>\n<meta property=\"og:url\" content=\"https:\/\/www.electroluxprofessional.com\/hr\/briga-o-kupcima\/\" \/>\n<meta property=\"og:site_name\" content=\"Electrolux Professional Hrvatska\" \/>\n<meta property=\"article:modified_time\" content=\"2024-05-28T04:31:33+00:00\" \/>\n<meta property=\"og:image\" content=\"https:\/\/www.electroluxprofessional.com\/hr\/wp-content\/uploads\/2018\/02\/essentia-700.jpg\" \/>\n\t<meta property=\"og:image:width\" content=\"700\" \/>\n\t<meta property=\"og:image:height\" content=\"700\" \/>\n\t<meta property=\"og:image:type\" content=\"image\/jpeg\" \/>\n<meta name=\"twitter:card\" content=\"summary_large_image\" \/>\n<meta name=\"twitter:label1\" content=\"Procijenjeno vrijeme \u010ditanja\" \/>\n\t<meta name=\"twitter:data1\" content=\"3 minute\" \/>\n<script type=\"application\/ld+json\" class=\"yoast-schema-graph\">{\"@context\":\"https:\/\/schema.org\",\"@graph\":[{\"@type\":\"WebPage\",\"@id\":\"https:\/\/www.electroluxprofessional.com\/hr\/briga-o-kupcima\/\",\"url\":\"https:\/\/www.electroluxprofessional.com\/hr\/briga-o-kupcima\/\",\"name\":\"Briga o kupcima - Profesionalno i redovito odr\u017eavanje\",\"isPartOf\":{\"@id\":\"https:\/\/www.electroluxprofessional.com\/hr\/#website\"},\"primaryImageOfPage\":{\"@id\":\"https:\/\/www.electroluxprofessional.com\/hr\/briga-o-kupcima\/#primaryimage\"},\"image\":{\"@id\":\"https:\/\/www.electroluxprofessional.com\/hr\/briga-o-kupcima\/#primaryimage\"},\"thumbnailUrl\":\"https:\/\/www.electroluxprofessional.com\/hr\/wp-content\/uploads\/2018\/02\/essentia-700.jpg\",\"datePublished\":\"2016-06-01T13:56:56+00:00\",\"dateModified\":\"2024-05-28T04:31:33+00:00\",\"description\":\"Pru\u017eamo vam podr\u0161ku prema va\u0161im potrebama, brinemo o va\u0161im procesima s pomo\u0107u pouzdane servisne mre\u017ee, niza posebno prilago\u0111enih ekskluzivnih usluga i inovativne tehnologije za potpunu brigu o kupcima.\",\"breadcrumb\":{\"@id\":\"https:\/\/www.electroluxprofessional.com\/hr\/briga-o-kupcima\/#breadcrumb\"},\"inLanguage\":\"hr\",\"potentialAction\":[{\"@type\":\"ReadAction\",\"target\":[\"https:\/\/www.electroluxprofessional.com\/hr\/briga-o-kupcima\/\"]}]},{\"@type\":\"ImageObject\",\"inLanguage\":\"hr\",\"@id\":\"https:\/\/www.electroluxprofessional.com\/hr\/briga-o-kupcima\/#primaryimage\",\"url\":\"https:\/\/www.electroluxprofessional.com\/hr\/wp-content\/uploads\/2018\/02\/essentia-700.jpg\",\"contentUrl\":\"https:\/\/www.electroluxprofessional.com\/hr\/wp-content\/uploads\/2018\/02\/essentia-700.jpg\",\"width\":700,\"height\":700,\"caption\":\"Essentia customer care Electrolux Professional\"},{\"@type\":\"BreadcrumbList\",\"@id\":\"https:\/\/www.electroluxprofessional.com\/hr\/briga-o-kupcima\/#breadcrumb\",\"itemListElement\":[{\"@type\":\"ListItem\",\"position\":1,\"name\":\"Po\u010detna stranica\",\"item\":\"https:\/\/www.electroluxprofessional.com\/hr\/\"},{\"@type\":\"ListItem\",\"position\":2,\"name\":\"Briga o kupcima\"}]},{\"@type\":\"WebSite\",\"@id\":\"https:\/\/www.electroluxprofessional.com\/hr\/#website\",\"url\":\"https:\/\/www.electroluxprofessional.com\/hr\/\",\"name\":\"Electrolux Professional Hrvatska\",\"description\":\"\",\"potentialAction\":[{\"@type\":\"SearchAction\",\"target\":{\"@type\":\"EntryPoint\",\"urlTemplate\":\"https:\/\/www.electroluxprofessional.com\/hr\/?src={search_term_string}\"},\"query-input\":\"required name=search_term_string\"}],\"inLanguage\":\"hr\"}]}<\/script>\n<!-- \/ Yoast SEO plugin. -->","yoast_head_json":{"title":"Briga o kupcima - Profesionalno i redovito odr\u017eavanje","description":"Pru\u017eamo vam podr\u0161ku prema va\u0161im potrebama, brinemo o va\u0161im procesima s pomo\u0107u pouzdane servisne mre\u017ee, niza posebno prilago\u0111enih ekskluzivnih usluga i inovativne tehnologije za potpunu brigu o kupcima.","robots":{"index":"index","follow":"follow","max-snippet":"max-snippet:-1","max-image-preview":"max-image-preview:large","max-video-preview":"max-video-preview:-1"},"canonical":"https:\/\/www.electroluxprofessional.com\/hr\/briga-o-kupcima\/","og_locale":"hr_HR","og_type":"article","og_title":"Briga o kupcima - Profesionalno i redovito odr\u017eavanje","og_description":"Pru\u017eamo vam podr\u0161ku prema va\u0161im potrebama, brinemo o va\u0161im procesima s pomo\u0107u pouzdane servisne mre\u017ee, niza posebno prilago\u0111enih ekskluzivnih usluga i inovativne tehnologije za potpunu brigu o kupcima.","og_url":"https:\/\/www.electroluxprofessional.com\/hr\/briga-o-kupcima\/","og_site_name":"Electrolux Professional Hrvatska","article_modified_time":"2024-05-28T04:31:33+00:00","og_image":[{"width":700,"height":700,"url":"https:\/\/www.electroluxprofessional.com\/hr\/wp-content\/uploads\/2018\/02\/essentia-700.jpg","type":"image\/jpeg"}],"twitter_card":"summary_large_image","twitter_misc":{"Procijenjeno vrijeme \u010ditanja":"3 minute"},"schema":{"@context":"https:\/\/schema.org","@graph":[{"@type":"WebPage","@id":"https:\/\/www.electroluxprofessional.com\/hr\/briga-o-kupcima\/","url":"https:\/\/www.electroluxprofessional.com\/hr\/briga-o-kupcima\/","name":"Briga o kupcima - Profesionalno i redovito odr\u017eavanje","isPartOf":{"@id":"https:\/\/www.electroluxprofessional.com\/hr\/#website"},"primaryImageOfPage":{"@id":"https:\/\/www.electroluxprofessional.com\/hr\/briga-o-kupcima\/#primaryimage"},"image":{"@id":"https:\/\/www.electroluxprofessional.com\/hr\/briga-o-kupcima\/#primaryimage"},"thumbnailUrl":"https:\/\/www.electroluxprofessional.com\/hr\/wp-content\/uploads\/2018\/02\/essentia-700.jpg","datePublished":"2016-06-01T13:56:56+00:00","dateModified":"2024-05-28T04:31:33+00:00","description":"Pru\u017eamo vam podr\u0161ku prema va\u0161im potrebama, brinemo o va\u0161im procesima s pomo\u0107u pouzdane servisne mre\u017ee, niza posebno prilago\u0111enih ekskluzivnih usluga i inovativne tehnologije za potpunu brigu o kupcima.","breadcrumb":{"@id":"https:\/\/www.electroluxprofessional.com\/hr\/briga-o-kupcima\/#breadcrumb"},"inLanguage":"hr","potentialAction":[{"@type":"ReadAction","target":["https:\/\/www.electroluxprofessional.com\/hr\/briga-o-kupcima\/"]}]},{"@type":"ImageObject","inLanguage":"hr","@id":"https:\/\/www.electroluxprofessional.com\/hr\/briga-o-kupcima\/#primaryimage","url":"https:\/\/www.electroluxprofessional.com\/hr\/wp-content\/uploads\/2018\/02\/essentia-700.jpg","contentUrl":"https:\/\/www.electroluxprofessional.com\/hr\/wp-content\/uploads\/2018\/02\/essentia-700.jpg","width":700,"height":700,"caption":"Essentia customer care Electrolux Professional"},{"@type":"BreadcrumbList","@id":"https:\/\/www.electroluxprofessional.com\/hr\/briga-o-kupcima\/#breadcrumb","itemListElement":[{"@type":"ListItem","position":1,"name":"Po\u010detna stranica","item":"https:\/\/www.electroluxprofessional.com\/hr\/"},{"@type":"ListItem","position":2,"name":"Briga o kupcima"}]},{"@type":"WebSite","@id":"https:\/\/www.electroluxprofessional.com\/hr\/#website","url":"https:\/\/www.electroluxprofessional.com\/hr\/","name":"Electrolux Professional Hrvatska","description":"","potentialAction":[{"@type":"SearchAction","target":{"@type":"EntryPoint","urlTemplate":"https:\/\/www.electroluxprofessional.com\/hr\/?src={search_term_string}"},"query-input":"required name=search_term_string"}],"inLanguage":"hr"}]}},"_links":{"self":[{"href":"https:\/\/www.electroluxprofessional.com\/hr\/wp-json\/wp\/v2\/pages\/2871"}],"collection":[{"href":"https:\/\/www.electroluxprofessional.com\/hr\/wp-json\/wp\/v2\/pages"}],"about":[{"href":"https:\/\/www.electroluxprofessional.com\/hr\/wp-json\/wp\/v2\/types\/page"}],"author":[{"embeddable":true,"href":"https:\/\/www.electroluxprofessional.com\/hr\/wp-json\/wp\/v2\/users\/4"}],"replies":[{"embeddable":true,"href":"https:\/\/www.electroluxprofessional.com\/hr\/wp-json\/wp\/v2\/comments?post=2871"}],"version-history":[{"count":21,"href":"https:\/\/www.electroluxprofessional.com\/hr\/wp-json\/wp\/v2\/pages\/2871\/revisions"}],"predecessor-version":[{"id":117522,"href":"https:\/\/www.electroluxprofessional.com\/hr\/wp-json\/wp\/v2\/pages\/2871\/revisions\/117522"}],"wp:featuredmedia":[{"embeddable":true,"href":"https:\/\/www.electroluxprofessional.com\/hr\/wp-json\/wp\/v2\/media\/3850"}],"wp:attachment":[{"href":"https:\/\/www.electroluxprofessional.com\/hr\/wp-json\/wp\/v2\/media?parent=2871"}],"curies":[{"name":"wp","href":"https:\/\/api.w.org\/{rel}","templated":true}]}}