{"id":2861,"date":"2016-05-10T08:06:36","date_gmt":"2016-05-10T08:06:36","guid":{"rendered":"https:\/\/www.electroluxprofessional.com\/hr\/?page_id=2861"},"modified":"2026-03-09T13:26:13","modified_gmt":"2026-03-09T13:26:13","slug":"nasi-klijenti","status":"publish","type":"page","link":"https:\/\/www.electroluxprofessional.com\/hr\/nasi-klijenti\/","title":{"rendered":"Na\u0161i klijenti"},"content":{"rendered":"<p>[vc_row][vc_column][vc_empty_space height=&#8221;15px&#8221;][elx_heading font_container=&#8221;h1&#8243; font_size=&#8221;h1&#8243; text_color=&#8221;inherit&#8221; text_align=&#8221;text-center&#8221;]Prave pri\u010de. Pravi rezultati.[\/elx_heading][vc_empty_space height=&#8221;15px&#8221;][vc_column_text]<\/p>\n<div class=\"flex flex-col text-sm pb-25\">\n<article class=\"text-token-text-primary w-full focus:outline-none [--shadow-height:45px] has-data-writing-block:pointer-events-none has-data-writing-block:-mt-(--shadow-height) has-data-writing-block:pt-(--shadow-height) [&amp;:has([data-writing-block])&gt;*]:pointer-events-auto [content-visibility:auto] supports-[content-visibility:auto]:[contain-intrinsic-size:auto_100lvh] scroll-mt-[calc(var(--header-height)+min(200px,max(70px,20svh)))]\" dir=\"auto\" tabindex=\"-1\" data-turn-id=\"e982c764-f6d8-4152-a3ad-ad0203ea86b7\" data-testid=\"conversation-turn-2\" data-scroll-anchor=\"true\" data-turn=\"assistant\">\n<div class=\"text-base my-auto mx-auto pb-10 [--thread-content-margin:--spacing(4)] @w-sm\/main:[--thread-content-margin:--spacing(6)] @w-lg\/main:[--thread-content-margin:--spacing(16)] px-(--thread-content-margin)\">\n<div class=\"[--thread-content-max-width:40rem] @w-lg\/main:[--thread-content-max-width:48rem] mx-auto max-w-(--thread-content-max-width) flex-1 group\/turn-messages focus-visible:outline-hidden relative flex w-full min-w-0 flex-col agent-turn\" tabindex=\"-1\">\n<div class=\"flex max-w-full flex-col grow\">\n<div class=\"min-h-8 text-message relative flex w-full flex-col items-end gap-2 text-start break-words whitespace-normal [.text-message+&amp;]:mt-1\" dir=\"auto\" data-message-author-role=\"assistant\" data-message-id=\"d1d1b42b-ee49-4cb2-aee0-f63964a3bab4\" data-message-model-slug=\"gpt-5-2-instant\">\n<div class=\"flex w-full flex-col gap-1 empty:hidden first:pt-[1px]\">\n<div class=\"markdown prose dark:prose-invert w-full break-words light markdown-new-styling\">\n<p style=\"text-align: center;\" data-start=\"41\" data-end=\"203\" data-is-last-node=\"\" data-is-only-node=\"\">Otkrijte na\u0161e reference i \u010dujte izravno od onih koji su nas odabrali.<br \/>\n<strong>Saznajte za\u0161to se na\u0161im rje\u0161enjima vjeruje, cijene i preporu\u010duju diljem svijeta.<\/strong><\/p>\n<\/div>\n<\/div>\n<\/div>\n<\/div>\n<div class=\"z-0 flex min-h-[46px] justify-start\"><\/div>\n<div class=\"mt-3 w-full empty:hidden\">\n<div class=\"text-center\"><\/div>\n<\/div>\n<\/div>\n<\/div>\n<\/article>\n<\/div>\n<div class=\"pointer-events-none h-px w-px absolute bottom-0\" aria-hidden=\"true\" data-edge=\"true\"><\/div>\n<p>[\/vc_column_text][\/vc_column][\/vc_row]<\/p>\n","protected":false},"excerpt":{"rendered":"<p>[vc_row][vc_column][vc_empty_space height=&#8221;15px&#8221;][elx_heading font_container=&#8221;h1&#8243; font_size=&#8221;h1&#8243; text_color=&#8221;inherit&#8221; text_align=&#8221;text-center&#8221;]Prave pri\u010de. Pravi rezultati.[\/elx_heading][vc_empty_space height=&#8221;15px&#8221;][vc_column_text] Otkrijte na\u0161e reference i \u010dujte izravno od onih koji su nas odabrali. Saznajte za\u0161to se na\u0161im rje\u0161enjima vjeruje, cijene i preporu\u010duju diljem svijeta. [\/vc_column_text][\/vc_column][\/vc_row]<\/p>\n","protected":false},"author":4,"featured_media":3430,"parent":0,"menu_order":0,"comment_status":"closed","ping_status":"closed","template":"template-references.php","meta":{"footnotes":""},"class_list":["post-2861","page","type-page","status-publish","has-post-thumbnail","hentry"],"acf":[],"yoast_head":"<!-- This site is optimized with the Yoast SEO plugin v23.3 - https:\/\/yoast.com\/wordpress\/plugins\/seo\/ -->\n<title>Na\u0161i klijenti - Electrolux Professional Hrvatska<\/title>\n<meta name=\"description\" content=\"Svojim rje\u0161enjima za pripremu i poslu\u017eivanje hrane te praonice Electrolux Professional pru\u017ea izvrsnost. Poslu\u0161ajte glas na\u0161ih klijenata. Pro\u010ditajte vi\u0161e o na\u0161im glavnim preporukama.\" \/>\n<meta name=\"robots\" content=\"index, follow, max-snippet:-1, max-image-preview:large, max-video-preview:-1\" \/>\n<link rel=\"canonical\" href=\"https:\/\/www.electroluxprofessional.com\/hr\/nasi-klijenti\/\" \/>\n<meta property=\"og:locale\" content=\"hr_HR\" \/>\n<meta property=\"og:type\" content=\"article\" \/>\n<meta property=\"og:title\" content=\"Na\u0161i klijenti - Electrolux Professional Hrvatska\" \/>\n<meta property=\"og:description\" content=\"Svojim rje\u0161enjima za pripremu i poslu\u017eivanje hrane te praonice Electrolux Professional pru\u017ea izvrsnost. Poslu\u0161ajte glas na\u0161ih klijenata. Pro\u010ditajte vi\u0161e o na\u0161im glavnim preporukama.\" \/>\n<meta property=\"og:url\" content=\"https:\/\/www.electroluxprofessional.com\/hr\/nasi-klijenti\/\" \/>\n<meta property=\"og:site_name\" content=\"Electrolux Professional Hrvatska\" \/>\n<meta property=\"article:modified_time\" content=\"2026-03-09T13:26:13+00:00\" \/>\n<meta property=\"og:image\" content=\"https:\/\/www.electroluxprofessional.com\/hr\/wp-content\/uploads\/2017\/05\/Our-Customers.jpg\" \/>\n\t<meta property=\"og:image:width\" content=\"1041\" \/>\n\t<meta property=\"og:image:height\" content=\"344\" \/>\n\t<meta property=\"og:image:type\" content=\"image\/jpeg\" \/>\n<meta name=\"twitter:card\" content=\"summary_large_image\" \/>\n<meta name=\"twitter:label1\" content=\"Procijenjeno vrijeme \u010ditanja\" \/>\n\t<meta name=\"twitter:data1\" content=\"1 minuta\" \/>\n<script type=\"application\/ld+json\" class=\"yoast-schema-graph\">{\"@context\":\"https:\/\/schema.org\",\"@graph\":[{\"@type\":\"WebPage\",\"@id\":\"https:\/\/www.electroluxprofessional.com\/hr\/nasi-klijenti\/\",\"url\":\"https:\/\/www.electroluxprofessional.com\/hr\/nasi-klijenti\/\",\"name\":\"Na\u0161i klijenti - Electrolux Professional Hrvatska\",\"isPartOf\":{\"@id\":\"https:\/\/www.electroluxprofessional.com\/hr\/#website\"},\"primaryImageOfPage\":{\"@id\":\"https:\/\/www.electroluxprofessional.com\/hr\/nasi-klijenti\/#primaryimage\"},\"image\":{\"@id\":\"https:\/\/www.electroluxprofessional.com\/hr\/nasi-klijenti\/#primaryimage\"},\"thumbnailUrl\":\"https:\/\/www.electroluxprofessional.com\/hr\/wp-content\/uploads\/2017\/05\/Our-Customers.jpg\",\"datePublished\":\"2016-05-10T08:06:36+00:00\",\"dateModified\":\"2026-03-09T13:26:13+00:00\",\"description\":\"Svojim rje\u0161enjima za pripremu i poslu\u017eivanje hrane te praonice Electrolux Professional pru\u017ea izvrsnost. Poslu\u0161ajte glas na\u0161ih klijenata. Pro\u010ditajte vi\u0161e o na\u0161im glavnim preporukama.\",\"breadcrumb\":{\"@id\":\"https:\/\/www.electroluxprofessional.com\/hr\/nasi-klijenti\/#breadcrumb\"},\"inLanguage\":\"hr\",\"potentialAction\":[{\"@type\":\"ReadAction\",\"target\":[\"https:\/\/www.electroluxprofessional.com\/hr\/nasi-klijenti\/\"]}]},{\"@type\":\"ImageObject\",\"inLanguage\":\"hr\",\"@id\":\"https:\/\/www.electroluxprofessional.com\/hr\/nasi-klijenti\/#primaryimage\",\"url\":\"https:\/\/www.electroluxprofessional.com\/hr\/wp-content\/uploads\/2017\/05\/Our-Customers.jpg\",\"contentUrl\":\"https:\/\/www.electroluxprofessional.com\/hr\/wp-content\/uploads\/2017\/05\/Our-Customers.jpg\",\"width\":1041,\"height\":344,\"caption\":\"Our Customers\"},{\"@type\":\"BreadcrumbList\",\"@id\":\"https:\/\/www.electroluxprofessional.com\/hr\/nasi-klijenti\/#breadcrumb\",\"itemListElement\":[{\"@type\":\"ListItem\",\"position\":1,\"name\":\"Po\u010detna stranica\",\"item\":\"https:\/\/www.electroluxprofessional.com\/hr\/\"},{\"@type\":\"ListItem\",\"position\":2,\"name\":\"Na\u0161i klijenti\"}]},{\"@type\":\"WebSite\",\"@id\":\"https:\/\/www.electroluxprofessional.com\/hr\/#website\",\"url\":\"https:\/\/www.electroluxprofessional.com\/hr\/\",\"name\":\"Electrolux Professional Hrvatska\",\"description\":\"\",\"potentialAction\":[{\"@type\":\"SearchAction\",\"target\":{\"@type\":\"EntryPoint\",\"urlTemplate\":\"https:\/\/www.electroluxprofessional.com\/hr\/?src={search_term_string}\"},\"query-input\":\"required name=search_term_string\"}],\"inLanguage\":\"hr\"}]}<\/script>\n<!-- \/ Yoast SEO plugin. -->","yoast_head_json":{"title":"Na\u0161i klijenti - Electrolux Professional Hrvatska","description":"Svojim rje\u0161enjima za pripremu i poslu\u017eivanje hrane te praonice Electrolux Professional pru\u017ea izvrsnost. Poslu\u0161ajte glas na\u0161ih klijenata. Pro\u010ditajte vi\u0161e o na\u0161im glavnim preporukama.","robots":{"index":"index","follow":"follow","max-snippet":"max-snippet:-1","max-image-preview":"max-image-preview:large","max-video-preview":"max-video-preview:-1"},"canonical":"https:\/\/www.electroluxprofessional.com\/hr\/nasi-klijenti\/","og_locale":"hr_HR","og_type":"article","og_title":"Na\u0161i klijenti - Electrolux Professional Hrvatska","og_description":"Svojim rje\u0161enjima za pripremu i poslu\u017eivanje hrane te praonice Electrolux Professional pru\u017ea izvrsnost. Poslu\u0161ajte glas na\u0161ih klijenata. Pro\u010ditajte vi\u0161e o na\u0161im glavnim preporukama.","og_url":"https:\/\/www.electroluxprofessional.com\/hr\/nasi-klijenti\/","og_site_name":"Electrolux Professional Hrvatska","article_modified_time":"2026-03-09T13:26:13+00:00","og_image":[{"width":1041,"height":344,"url":"https:\/\/www.electroluxprofessional.com\/hr\/wp-content\/uploads\/2017\/05\/Our-Customers.jpg","type":"image\/jpeg"}],"twitter_card":"summary_large_image","twitter_misc":{"Procijenjeno vrijeme \u010ditanja":"1 minuta"},"schema":{"@context":"https:\/\/schema.org","@graph":[{"@type":"WebPage","@id":"https:\/\/www.electroluxprofessional.com\/hr\/nasi-klijenti\/","url":"https:\/\/www.electroluxprofessional.com\/hr\/nasi-klijenti\/","name":"Na\u0161i klijenti - Electrolux Professional Hrvatska","isPartOf":{"@id":"https:\/\/www.electroluxprofessional.com\/hr\/#website"},"primaryImageOfPage":{"@id":"https:\/\/www.electroluxprofessional.com\/hr\/nasi-klijenti\/#primaryimage"},"image":{"@id":"https:\/\/www.electroluxprofessional.com\/hr\/nasi-klijenti\/#primaryimage"},"thumbnailUrl":"https:\/\/www.electroluxprofessional.com\/hr\/wp-content\/uploads\/2017\/05\/Our-Customers.jpg","datePublished":"2016-05-10T08:06:36+00:00","dateModified":"2026-03-09T13:26:13+00:00","description":"Svojim rje\u0161enjima za pripremu i poslu\u017eivanje hrane te praonice Electrolux Professional pru\u017ea izvrsnost. Poslu\u0161ajte glas na\u0161ih klijenata. Pro\u010ditajte vi\u0161e o na\u0161im glavnim preporukama.","breadcrumb":{"@id":"https:\/\/www.electroluxprofessional.com\/hr\/nasi-klijenti\/#breadcrumb"},"inLanguage":"hr","potentialAction":[{"@type":"ReadAction","target":["https:\/\/www.electroluxprofessional.com\/hr\/nasi-klijenti\/"]}]},{"@type":"ImageObject","inLanguage":"hr","@id":"https:\/\/www.electroluxprofessional.com\/hr\/nasi-klijenti\/#primaryimage","url":"https:\/\/www.electroluxprofessional.com\/hr\/wp-content\/uploads\/2017\/05\/Our-Customers.jpg","contentUrl":"https:\/\/www.electroluxprofessional.com\/hr\/wp-content\/uploads\/2017\/05\/Our-Customers.jpg","width":1041,"height":344,"caption":"Our Customers"},{"@type":"BreadcrumbList","@id":"https:\/\/www.electroluxprofessional.com\/hr\/nasi-klijenti\/#breadcrumb","itemListElement":[{"@type":"ListItem","position":1,"name":"Po\u010detna stranica","item":"https:\/\/www.electroluxprofessional.com\/hr\/"},{"@type":"ListItem","position":2,"name":"Na\u0161i klijenti"}]},{"@type":"WebSite","@id":"https:\/\/www.electroluxprofessional.com\/hr\/#website","url":"https:\/\/www.electroluxprofessional.com\/hr\/","name":"Electrolux Professional Hrvatska","description":"","potentialAction":[{"@type":"SearchAction","target":{"@type":"EntryPoint","urlTemplate":"https:\/\/www.electroluxprofessional.com\/hr\/?src={search_term_string}"},"query-input":"required name=search_term_string"}],"inLanguage":"hr"}]}},"_links":{"self":[{"href":"https:\/\/www.electroluxprofessional.com\/hr\/wp-json\/wp\/v2\/pages\/2861"}],"collection":[{"href":"https:\/\/www.electroluxprofessional.com\/hr\/wp-json\/wp\/v2\/pages"}],"about":[{"href":"https:\/\/www.electroluxprofessional.com\/hr\/wp-json\/wp\/v2\/types\/page"}],"author":[{"embeddable":true,"href":"https:\/\/www.electroluxprofessional.com\/hr\/wp-json\/wp\/v2\/users\/4"}],"replies":[{"embeddable":true,"href":"https:\/\/www.electroluxprofessional.com\/hr\/wp-json\/wp\/v2\/comments?post=2861"}],"version-history":[{"count":9,"href":"https:\/\/www.electroluxprofessional.com\/hr\/wp-json\/wp\/v2\/pages\/2861\/revisions"}],"predecessor-version":[{"id":119965,"href":"https:\/\/www.electroluxprofessional.com\/hr\/wp-json\/wp\/v2\/pages\/2861\/revisions\/119965"}],"wp:featuredmedia":[{"embeddable":true,"href":"https:\/\/www.electroluxprofessional.com\/hr\/wp-json\/wp\/v2\/media\/3430"}],"wp:attachment":[{"href":"https:\/\/www.electroluxprofessional.com\/hr\/wp-json\/wp\/v2\/media?parent=2861"}],"curies":[{"name":"wp","href":"https:\/\/api.w.org\/{rel}","templated":true}]}}