{"id":2520,"date":"2017-05-03T09:25:38","date_gmt":"2017-05-03T09:25:38","guid":{"rendered":"https:\/\/www.electroluxprofessional.com\/hr\/?page_id=2520"},"modified":"2024-06-05T12:38:39","modified_gmt":"2024-06-05T12:38:39","slug":"perilice-posuda-hauberice-tipa-green-clean","status":"publish","type":"page","link":"https:\/\/www.electroluxprofessional.com\/hr\/perilice-posuda-hauberice-tipa-green-clean\/","title":{"rendered":"Perilice posu\u0111a-hauberice tipa Green &#038; Clean"},"content":{"rendered":"<p>[vc_row full_width=&#8221;electroluxpro-full-width-no-padding&#8221;][vc_column][elx_hero_slider label_text_color=&#8221;inherit&#8221; images=&#8221;677&#8243;][elx_heading font_container=&#8221;h1&#8243; font_size=&#8221;h2&#8243; text_color=&#8221;inherit&#8221;]<\/p>\n<h2>Perilice posu\u0111a-hauberice tipa Green &amp; Clean<\/h2>\n<h2><\/h2>\n<p>[\/elx_heading][vc_column_text]<\/p>\n<h3>U\u0161tedite do 1040 eura godi\u0161nje!*<\/h3>\n<p>[\/vc_column_text][\/elx_hero_slider][\/vc_column][\/vc_row][vc_row][vc_column][vc_empty_space][elx_heading text_color=&#8221;inherit&#8221; text_align=&#8221;text-center&#8221;]Zeleno i \u010disto, uvijek s posebnim dodatkom.<br \/>\n[\/elx_heading][vc_empty_space height=&#8221;50px&#8221;][\/vc_column][\/vc_row][vc_row][vc_column width=&#8221;1\/2&#8243;][elx_heading font_container=&#8221;h1&#8243; font_size=&#8221;h2&#8243; text_color=&#8221;inherit&#8221;]Perilice posu\u0111a-hauberice tipa Green &amp; Clean[\/elx_heading][vc_column_text]U\u010dinkovitost, jednostavnost i radni u\u010dinak<\/p>\n<p>Bez obzira \u0161to tra\u017eite od ure\u0111aja, Electrolux Professional je u stanju to vam ponuditi. Uvijek s posebnim dodatkom: u\u010dinkovitost uz maksimalnu pouzdanost, laka upotreba uz inovativnu tehnologiju, superiorni radni u\u010dinak kombiniran s u\u0161tedom vode, energije i deterd\u017eenta.<\/p>\n<p>Na\u0161a specijalnost u pranju posu\u0111a potje\u010de iz daleke pro\u0161losti i u takvim je slu\u010dajevima iskustvo klju\u010d u postizanju izvrsnosti. Slu\u0161anje je na\u0161a snaga: u Electrolux Professionalu smo navikli slu\u0161ati svoje kupce kako bismo predvidjeli njihove potrebe i zadovoljili sve njihove zahtjeve bez oklijevanja.[\/vc_column_text][\/vc_column][vc_column width=&#8221;1\/2&#8243;][vc_single_image image=&#8221;5754&#8243; img_size=&#8221;full&#8221; alignment=&#8221;center&#8221;][\/vc_column][\/vc_row][vc_row][vc_column][vc_empty_space height=&#8221;50px&#8221;][\/vc_column][\/vc_row][vc_row][vc_column width=&#8221;1\/4&#8243;][vc_single_image image=&#8221;683&#8243; img_size=&#8221;full&#8221; alignment=&#8221;center&#8221;][elx_heading font_size=&#8221;h4&#8243; text_color=&#8221;inherit&#8221; text_align=&#8221;text-center&#8221;]Zeleno<br \/>\n[\/elx_heading][vc_column_text]Manje vode, energije, deterd\u017eenta i sredstva za ispiranje za manje teku\u0107e tro\u0161kove i manji utjecaj na okoli\u0161.[\/vc_column_text][\/vc_column][vc_column width=&#8221;1\/4&#8243;][vc_single_image image=&#8221;1645&#8243; img_size=&#8221;full&#8221; alignment=&#8221;center&#8221;][elx_heading font_size=&#8221;h4&#8243; text_color=&#8221;inherit&#8221; text_align=&#8221;text-center&#8221;]\u010cisto\u0107a[\/elx_heading][vc_column_text]Najbolji u klasi u pranju i ispiranju, uz potpuno uklanjanje deterd\u017eenta.[\/vc_column_text][\/vc_column][vc_column width=&#8221;1\/4&#8243;][vc_single_image image=&#8221;1646&#8243; img_size=&#8221;full&#8221; alignment=&#8221;center&#8221;][elx_heading font_size=&#8221;h4&#8243; text_color=&#8221;inherit&#8221; text_align=&#8221;text-center&#8221;]Sigurno[\/elx_heading][vc_column_text]Jedinstven ure\u0111aj za sigurno pranje za konstantnu nominalnu temperaturu ispiranja od 84 \u00b0C.[\/vc_column_text][\/vc_column][vc_column width=&#8221;1\/4&#8243;][vc_single_image image=&#8221;976&#8243; alignment=&#8221;center&#8221;][elx_heading font_size=&#8221;h4&#8243; text_color=&#8221;inherit&#8221; text_align=&#8221;text-center&#8221;]Lako\u0107a[\/elx_heading][vc_column_text]Bezbri\u017eni rad i odr\u017eavanje.[\/vc_column_text][\/vc_column][\/vc_row][vc_row][vc_column][vc_empty_space height=&#8221;25px&#8221;][vc_single_image image=&#8221;3468&#8243; img_size=&#8221;full&#8221;][vc_empty_space height=&#8221;18px&#8221;][vc_column_text]<em>* U\u0161teda tro\u0161kova rezultat je izra\u010duna Electrolux Professionalova profesionalnog laboratorija koji ima IMQ i INTERTEK certifikat. Usporedba izme\u0111u perilice posu\u0111a -hauberice tipa Green &amp; Clean i jednakog uobi\u010dajenog ure\u0111aja koji koristi tri kruga za ispiranje, stotinu krugova dnevno, 300 radnih dana godi\u0161nje i ulaz vode pri 10 \u00b0C.<\/em>[\/vc_column_text][vc_empty_space][\/vc_column][\/vc_row][vc_row][vc_column width=&#8221;1\/4&#8243;][elx_download_block text=&#8221;Bro\u0161ura za perilice posu\u0111a-hauberice tipa Green &amp; Clean&#8221; document_type=&#8221;brochures&#8221; link=&#8221;files.professional.electrolux.com\/docs\/?n=BR-9JEHC&amp;t=BR&amp;l=1&#8243; background_color=&#8221;electrolux-blue&#8221; reveal_effect=&#8221;fadeIn&#8221; reveal_duration=&#8221;&#8221; reveal_delay=&#8221;&#8221; br_document_number=&#8221;BR-9JE00159&#8243;][\/vc_column][vc_column width=&#8221;1\/4&#8243;][elx_download_block text=&#8221;Letak za perilice posu\u0111a-hauberice tipa Green &amp; Clean&#8221; document_type=&#8221;brochures&#8221; link=&#8221;files.professional.electrolux.com\/docs\/?n=CLF-9JEHM&amp;t=CLF&amp;l=1&#8243; background_color=&#8221;electrolux-blue&#8221; reveal_effect=&#8221;fadeIn&#8221; reveal_duration=&#8221;&#8221; reveal_delay=&#8221;&#8221;][\/vc_column][vc_column width=&#8221;1\/4&#8243;][elx_download_block text=&#8221;Rje\u0161enje za obradu vode&#8221; document_type=&#8221;brochures&#8221; link=&#8221;files.professional.electrolux.com\/docs\/?n=CLF-9JER12&amp;b=5&amp;l=1&#8243; background_color=&#8221;electrolux-blue&#8221; reveal_effect=&#8221;&#8221; reveal_duration=&#8221;&#8221; reveal_delay=&#8221;&#8221;][\/vc_column][\/vc_row][vc_row][vc_column][vc_empty_space height=&#8221;50px&#8221;][elx_heading font_size=&#8221;h3&#8243; text_color=&#8221;inherit&#8221; text_align=&#8221;text-center&#8221;]Prona\u0111ite idealan paket za svoje poslovanje!<br \/>\n[\/elx_heading][\/vc_column][\/vc_row][vc_row][vc_column width=&#8221;1\/3&#8243;][elx_maylike_box id_box=&#8221;374&#8243;][\/vc_column][vc_column width=&#8221;1\/3&#8243;][elx_maylike_box id_box=&#8221;337&#8243;][\/vc_column][vc_column width=&#8221;1\/3&#8243;][\/vc_column][\/vc_row][vc_row][vc_column][vc_empty_space height=&#8221;50px&#8221;][elx_heading text_color=&#8221;inherit&#8221; text_align=&#8221;text-center&#8221;]Otkrijte \u0161to perilice posu\u0111a s kupolom mogu u\u010diniti za va\u0161e poslovanje!<br \/>\n[\/elx_heading][elx_o2000_contact_us s=&#8221;Request for information: hood type dishwashers&#8221; country=&#8221;Croatia&#8221; container=&#8221;elxcontactus1466429748&#8243; r=&#8221;\u017delim saznati vi\u0161e o rje\u0161enjima za perilice posu\u0111a s kupolom, molim da me kontaktirate.&#8221; l=&#8221;hr&#8221;][vc_empty_space height=&#8221;50px&#8221;][\/vc_column][\/vc_row]<\/p>\n","protected":false},"excerpt":{"rendered":"<p>[vc_row full_width=&#8221;electroluxpro-full-width-no-padding&#8221;][vc_column][elx_hero_slider label_text_color=&#8221;inherit&#8221; images=&#8221;677&#8243;][elx_heading font_container=&#8221;h1&#8243; font_size=&#8221;h2&#8243; text_color=&#8221;inherit&#8221;] Perilice posu\u0111a-hauberice tipa Green &amp; Clean [\/elx_heading][vc_column_text] U\u0161tedite do 1040 eura godi\u0161nje!* [\/vc_column_text][\/elx_hero_slider][\/vc_column][\/vc_row][vc_row][vc_column][vc_empty_space][elx_heading text_color=&#8221;inherit&#8221; text_align=&#8221;text-center&#8221;]Zeleno i \u010disto, uvijek s posebnim dodatkom. [\/elx_heading][vc_empty_space height=&#8221;50px&#8221;][\/vc_column][\/vc_row][vc_row][vc_column width=&#8221;1\/2&#8243;][elx_heading font_container=&#8221;h1&#8243; font_size=&#8221;h2&#8243; text_color=&#8221;inherit&#8221;]Perilice posu\u0111a-hauberice tipa Green &amp; Clean[\/elx_heading][vc_column_text]U\u010dinkovitost, jednostavnost i radni u\u010dinak Bez obzira \u0161to tra\u017eite od ure\u0111aja, Electrolux Professional je u stanju to [&hellip;]<\/p>\n","protected":false},"author":4,"featured_media":0,"parent":0,"menu_order":0,"comment_status":"closed","ping_status":"closed","template":"","meta":{"footnotes":""},"class_list":["post-2520","page","type-page","status-publish","hentry"],"acf":[],"yoast_head":"<!-- This site is optimized with the Yoast SEO plugin v23.3 - https:\/\/yoast.com\/wordpress\/plugins\/seo\/ -->\n<title>Perilice posu\u0111a-hauberice tipa Green &amp; Clean - Electrolux Professional Hrvatska<\/title>\n<meta name=\"robots\" content=\"index, follow, max-snippet:-1, max-image-preview:large, max-video-preview:-1\" \/>\n<link rel=\"canonical\" href=\"https:\/\/www.electroluxprofessional.com\/hr\/perilice-posuda-hauberice-tipa-green-clean\/\" \/>\n<meta property=\"og:locale\" content=\"hr_HR\" \/>\n<meta property=\"og:type\" content=\"article\" \/>\n<meta property=\"og:title\" content=\"Perilice posu\u0111a-hauberice tipa Green &amp; Clean - Electrolux Professional Hrvatska\" \/>\n<meta property=\"og:description\" content=\"[vc_row full_width=&#8221;electroluxpro-full-width-no-padding&#8221;][vc_column][elx_hero_slider label_text_color=&#8221;inherit&#8221; images=&#8221;677&#8243;][elx_heading font_container=&#8221;h1&#8243; font_size=&#8221;h2&#8243; text_color=&#8221;inherit&#8221;] Perilice posu\u0111a-hauberice tipa Green &amp; Clean [\/elx_heading][vc_column_text] U\u0161tedite do 1040 eura godi\u0161nje!* [\/vc_column_text][\/elx_hero_slider][\/vc_column][\/vc_row][vc_row][vc_column][vc_empty_space][elx_heading text_color=&#8221;inherit&#8221; text_align=&#8221;text-center&#8221;]Zeleno i \u010disto, uvijek s posebnim dodatkom. [\/elx_heading][vc_empty_space height=&#8221;50px&#8221;][\/vc_column][\/vc_row][vc_row][vc_column width=&#8221;1\/2&#8243;][elx_heading font_container=&#8221;h1&#8243; font_size=&#8221;h2&#8243; text_color=&#8221;inherit&#8221;]Perilice posu\u0111a-hauberice tipa Green &amp; Clean[\/elx_heading][vc_column_text]U\u010dinkovitost, jednostavnost i radni u\u010dinak Bez obzira \u0161to tra\u017eite od ure\u0111aja, Electrolux Professional je u stanju to [&hellip;]\" \/>\n<meta property=\"og:url\" content=\"https:\/\/www.electroluxprofessional.com\/hr\/perilice-posuda-hauberice-tipa-green-clean\/\" \/>\n<meta property=\"og:site_name\" content=\"Electrolux Professional Hrvatska\" \/>\n<meta property=\"article:modified_time\" content=\"2024-06-05T12:38:39+00:00\" \/>\n<meta name=\"twitter:card\" content=\"summary_large_image\" \/>\n<meta name=\"twitter:label1\" content=\"Procijenjeno vrijeme \u010ditanja\" \/>\n\t<meta name=\"twitter:data1\" content=\"2 minute\" \/>\n<script type=\"application\/ld+json\" class=\"yoast-schema-graph\">{\"@context\":\"https:\/\/schema.org\",\"@graph\":[{\"@type\":\"WebPage\",\"@id\":\"https:\/\/www.electroluxprofessional.com\/hr\/perilice-posuda-hauberice-tipa-green-clean\/\",\"url\":\"https:\/\/www.electroluxprofessional.com\/hr\/perilice-posuda-hauberice-tipa-green-clean\/\",\"name\":\"Perilice posu\u0111a-hauberice tipa Green & Clean - Electrolux Professional Hrvatska\",\"isPartOf\":{\"@id\":\"https:\/\/www.electroluxprofessional.com\/hr\/#website\"},\"datePublished\":\"2017-05-03T09:25:38+00:00\",\"dateModified\":\"2024-06-05T12:38:39+00:00\",\"breadcrumb\":{\"@id\":\"https:\/\/www.electroluxprofessional.com\/hr\/perilice-posuda-hauberice-tipa-green-clean\/#breadcrumb\"},\"inLanguage\":\"hr\",\"potentialAction\":[{\"@type\":\"ReadAction\",\"target\":[\"https:\/\/www.electroluxprofessional.com\/hr\/perilice-posuda-hauberice-tipa-green-clean\/\"]}]},{\"@type\":\"BreadcrumbList\",\"@id\":\"https:\/\/www.electroluxprofessional.com\/hr\/perilice-posuda-hauberice-tipa-green-clean\/#breadcrumb\",\"itemListElement\":[{\"@type\":\"ListItem\",\"position\":1,\"name\":\"Po\u010detna stranica\",\"item\":\"https:\/\/www.electroluxprofessional.com\/hr\/\"},{\"@type\":\"ListItem\",\"position\":2,\"name\":\"Perilice posu\u0111a-hauberice tipa Green &#038; Clean\"}]},{\"@type\":\"WebSite\",\"@id\":\"https:\/\/www.electroluxprofessional.com\/hr\/#website\",\"url\":\"https:\/\/www.electroluxprofessional.com\/hr\/\",\"name\":\"Electrolux Professional Hrvatska\",\"description\":\"\",\"potentialAction\":[{\"@type\":\"SearchAction\",\"target\":{\"@type\":\"EntryPoint\",\"urlTemplate\":\"https:\/\/www.electroluxprofessional.com\/hr\/?src={search_term_string}\"},\"query-input\":\"required name=search_term_string\"}],\"inLanguage\":\"hr\"}]}<\/script>\n<!-- \/ Yoast SEO plugin. -->","yoast_head_json":{"title":"Perilice posu\u0111a-hauberice tipa Green & Clean - Electrolux Professional Hrvatska","robots":{"index":"index","follow":"follow","max-snippet":"max-snippet:-1","max-image-preview":"max-image-preview:large","max-video-preview":"max-video-preview:-1"},"canonical":"https:\/\/www.electroluxprofessional.com\/hr\/perilice-posuda-hauberice-tipa-green-clean\/","og_locale":"hr_HR","og_type":"article","og_title":"Perilice posu\u0111a-hauberice tipa Green & Clean - Electrolux Professional Hrvatska","og_description":"[vc_row full_width=&#8221;electroluxpro-full-width-no-padding&#8221;][vc_column][elx_hero_slider label_text_color=&#8221;inherit&#8221; images=&#8221;677&#8243;][elx_heading font_container=&#8221;h1&#8243; font_size=&#8221;h2&#8243; text_color=&#8221;inherit&#8221;] Perilice posu\u0111a-hauberice tipa Green &amp; Clean [\/elx_heading][vc_column_text] U\u0161tedite do 1040 eura godi\u0161nje!* [\/vc_column_text][\/elx_hero_slider][\/vc_column][\/vc_row][vc_row][vc_column][vc_empty_space][elx_heading text_color=&#8221;inherit&#8221; text_align=&#8221;text-center&#8221;]Zeleno i \u010disto, uvijek s posebnim dodatkom. [\/elx_heading][vc_empty_space height=&#8221;50px&#8221;][\/vc_column][\/vc_row][vc_row][vc_column width=&#8221;1\/2&#8243;][elx_heading font_container=&#8221;h1&#8243; font_size=&#8221;h2&#8243; text_color=&#8221;inherit&#8221;]Perilice posu\u0111a-hauberice tipa Green &amp; Clean[\/elx_heading][vc_column_text]U\u010dinkovitost, jednostavnost i radni u\u010dinak Bez obzira \u0161to tra\u017eite od ure\u0111aja, Electrolux Professional je u stanju to [&hellip;]","og_url":"https:\/\/www.electroluxprofessional.com\/hr\/perilice-posuda-hauberice-tipa-green-clean\/","og_site_name":"Electrolux Professional Hrvatska","article_modified_time":"2024-06-05T12:38:39+00:00","twitter_card":"summary_large_image","twitter_misc":{"Procijenjeno vrijeme \u010ditanja":"2 minute"},"schema":{"@context":"https:\/\/schema.org","@graph":[{"@type":"WebPage","@id":"https:\/\/www.electroluxprofessional.com\/hr\/perilice-posuda-hauberice-tipa-green-clean\/","url":"https:\/\/www.electroluxprofessional.com\/hr\/perilice-posuda-hauberice-tipa-green-clean\/","name":"Perilice posu\u0111a-hauberice tipa Green & Clean - Electrolux Professional Hrvatska","isPartOf":{"@id":"https:\/\/www.electroluxprofessional.com\/hr\/#website"},"datePublished":"2017-05-03T09:25:38+00:00","dateModified":"2024-06-05T12:38:39+00:00","breadcrumb":{"@id":"https:\/\/www.electroluxprofessional.com\/hr\/perilice-posuda-hauberice-tipa-green-clean\/#breadcrumb"},"inLanguage":"hr","potentialAction":[{"@type":"ReadAction","target":["https:\/\/www.electroluxprofessional.com\/hr\/perilice-posuda-hauberice-tipa-green-clean\/"]}]},{"@type":"BreadcrumbList","@id":"https:\/\/www.electroluxprofessional.com\/hr\/perilice-posuda-hauberice-tipa-green-clean\/#breadcrumb","itemListElement":[{"@type":"ListItem","position":1,"name":"Po\u010detna stranica","item":"https:\/\/www.electroluxprofessional.com\/hr\/"},{"@type":"ListItem","position":2,"name":"Perilice posu\u0111a-hauberice tipa Green &#038; Clean"}]},{"@type":"WebSite","@id":"https:\/\/www.electroluxprofessional.com\/hr\/#website","url":"https:\/\/www.electroluxprofessional.com\/hr\/","name":"Electrolux Professional Hrvatska","description":"","potentialAction":[{"@type":"SearchAction","target":{"@type":"EntryPoint","urlTemplate":"https:\/\/www.electroluxprofessional.com\/hr\/?src={search_term_string}"},"query-input":"required name=search_term_string"}],"inLanguage":"hr"}]}},"_links":{"self":[{"href":"https:\/\/www.electroluxprofessional.com\/hr\/wp-json\/wp\/v2\/pages\/2520"}],"collection":[{"href":"https:\/\/www.electroluxprofessional.com\/hr\/wp-json\/wp\/v2\/pages"}],"about":[{"href":"https:\/\/www.electroluxprofessional.com\/hr\/wp-json\/wp\/v2\/types\/page"}],"author":[{"embeddable":true,"href":"https:\/\/www.electroluxprofessional.com\/hr\/wp-json\/wp\/v2\/users\/4"}],"replies":[{"embeddable":true,"href":"https:\/\/www.electroluxprofessional.com\/hr\/wp-json\/wp\/v2\/comments?post=2520"}],"version-history":[{"count":16,"href":"https:\/\/www.electroluxprofessional.com\/hr\/wp-json\/wp\/v2\/pages\/2520\/revisions"}],"predecessor-version":[{"id":117595,"href":"https:\/\/www.electroluxprofessional.com\/hr\/wp-json\/wp\/v2\/pages\/2520\/revisions\/117595"}],"wp:attachment":[{"href":"https:\/\/www.electroluxprofessional.com\/hr\/wp-json\/wp\/v2\/media?parent=2520"}],"curies":[{"name":"wp","href":"https:\/\/api.w.org\/{rel}","templated":true}]}}