{"id":2342,"date":"2017-05-03T09:24:19","date_gmt":"2017-05-03T09:24:19","guid":{"rendered":"https:\/\/www.electroluxprofessional.com\/hr\/?page_id=2342"},"modified":"2017-08-29T08:42:40","modified_gmt":"2017-08-29T08:42:40","slug":"perilice-za-case-ipodpultne-perilice-posuda","status":"publish","type":"page","link":"https:\/\/www.electroluxprofessional.com\/hr\/perilice-za-case-ipodpultne-perilice-posuda\/","title":{"rendered":"Perilice za \u010da\u0161e i podpultne perilice posu\u0111a"},"content":{"rendered":"<p>[vc_row full_width=&#8221;electroluxpro-full-width-no-padding&#8221;][vc_column][elx_hero_slider label_text_color=&#8221;inherit&#8221; images=&#8221;1819&#8243;][elx_heading font_container=&#8221;h1&#8243; font_size=&#8221;h2&#8243; text_color=&#8221;inherit&#8221;]Perilice za \u010da\u0161e i podpultne perilice posu\u0111a<br \/>\n[\/elx_heading][\/elx_hero_slider][\/vc_column][\/vc_row][vc_row][vc_column][vc_empty_space height=&#8221;50px&#8221;][elx_heading font_size=&#8221;h2&#8243; text_color=&#8221;inherit&#8221; text_align=&#8221;text-center&#8221;]Lak\u0161e, sigurnije, bolje, s fokusom na va\u0161e goste[\/elx_heading][vc_empty_space height=&#8221;50px&#8221;][\/vc_column][\/vc_row][vc_row][vc_column width=&#8221;1\/2&#8243;][elx_image_block background_image=&#8221;1805&#8243; minimum_height=&#8221;500px&#8221;][\/vc_column][vc_column width=&#8221;1\/2&#8243;][elx_heading text_color=&#8221;inherit&#8221;]E-flex perilice \u010da\u0161a[\/elx_heading][vc_empty_space height=&#8221;15px&#8221;][vc_column_text]Usporen rad uzrokovan kompliciranim programima i opasnom ergonomijom svakodnevni su problemi mnogih tvrtki.<\/p>\n<p>Bilo da upravljate barom, pubom ili kafi\u0107em, va\u0161a usredoto\u010denost je na tome da gosta uvijek poslu\u017eite na najbolji mogu\u0107i na\u010din.<\/p>\n<p>Brza usluga u svjetlucavim, \u010distim \u010da\u0161ama i \u0161alicama.<\/p>\n<p>Isto vrijedi i za <strong>E-flex perilice \u010da\u0161a<\/strong> iz Electrolux Professionala.[\/vc_column_text][\/vc_column][\/vc_row][vc_row][vc_column][vc_empty_space height=&#8221;50px&#8221;][\/vc_column][\/vc_row][vc_row][vc_column width=&#8221;1\/4&#8243;][elx_image_block background_image=&#8221;1806&#8243; minimum_height=&#8221;300px&#8221;][elx_heading font_size=&#8221;h4&#8243; text_color=&#8221;inherit&#8221;]U\u0161teda vremena[\/elx_heading][vc_column_text]Elektroni\u010dka upravlja\u010dka plo\u010da sa zaslonom za prikaz temperature za lako pra\u0107enje rada ure\u0111aja.[\/vc_column_text][\/vc_column][vc_column width=&#8221;1\/4&#8243;][elx_image_block background_image=&#8221;1807&#8243; minimum_height=&#8221;300px&#8221;][elx_heading font_size=&#8221;h4&#8243; text_color=&#8221;inherit&#8221;]Sigurno i ergonomski[\/elx_heading][vc_column_text]Vrata s protute\u017eom za lagano otvaranje i zatvaranje.[\/vc_column_text][\/vc_column][vc_column width=&#8221;1\/4&#8243;][elx_image_block background_image=&#8221;1808&#8243; minimum_height=&#8221;300px&#8221;][elx_heading font_size=&#8221;h4&#8243; text_color=&#8221;inherit&#8221;]Izvanredan radni u\u010dinak[\/elx_heading][vc_column_text]Savr\u0161eni rezultati zahvaljuju\u0107i dvostrukim donjim i gornjim polugama za ispiranje.[\/vc_column_text][\/vc_column][vc_column width=&#8221;1\/4&#8243;][elx_image_block background_image=&#8221;1809&#8243; minimum_height=&#8221;300px&#8221;][elx_heading font_size=&#8221;h4&#8243; text_color=&#8221;inherit&#8221;]Izvrsna higijena[\/elx_heading][vc_column_text]Konstrukcija od nehr\u0111aju\u0107eg \u010delika dizajnirana za lako \u010di\u0161\u0107enje i savr\u0161enu higijenu.[\/vc_column_text][\/vc_column][\/vc_row][vc_row][vc_column width=&#8221;1\/4&#8243;][vc_empty_space][\/vc_column][vc_column width=&#8221;1\/4&#8243;][elx_image_block background_image=&#8221;1810&#8243; minimum_height=&#8221;300px&#8221;][elx_heading font_size=&#8221;h4&#8243; text_color=&#8221;inherit&#8221;]Dugovje\u010dnost[\/elx_heading][vc_column_text]Izdr\u017eljiva konstrukcija s komponentama od nehr\u0111aju\u0107eg \u010delika za te\u0161ke uvjete rada.[\/vc_column_text][\/vc_column][vc_column width=&#8221;1\/4&#8243;][elx_image_block background_image=&#8221;1811&#8243; minimum_height=&#8221;300px&#8221;][elx_heading font_size=&#8221;h4&#8243; text_color=&#8221;inherit&#8221;]Ergonomija najboljeg rada[\/elx_heading][vc_column_text]Vrata i ku\u0107i\u0161te izolirani dvostrukom oplatom osiguravaju ti\u0161i rad i manje raspr\u0161ivanje topline.[\/vc_column_text][\/vc_column][vc_column width=&#8221;1\/4&#8243;][\/vc_column][\/vc_row][vc_row][vc_column][vc_empty_space height=&#8221;50px&#8221;][\/vc_column][\/vc_row][vc_row][vc_column width=&#8221;1\/4&#8243;][elx_video_block background_image=&#8221;1812&#8243; video_link=&#8221;https:\/\/www.youtube.com\/watch?v=qeVfwgTkxyY&#8221; minimum_height=&#8221;260px&#8221;][\/vc_column][vc_column width=&#8221;1\/4&#8243;][elx_download_block text=&#8221;E-flex elektroni\u010dke perilice \u010da\u0161a<br \/>\n&#8221; link=&#8221;files.professional.electrolux.com\/docs\/?n=CLF-9JE00063&amp;b=5&amp;l=1&#8243; reveal_effect=&#8221;&#8221; reveal_duration=&#8221;&#8221; reveal_delay=&#8221;&#8221;][\/vc_column][vc_column width=&#8221;1\/4&#8243;][elx_download_block text=&#8221;E-flex perilice \u010da\u0161a&#8221; link=&#8221;files.professional.electrolux.com\/docs\/?n=CLF-9JE00004&amp;b=5&amp;l=1&#8243; reveal_effect=&#8221;&#8221; reveal_duration=&#8221;&#8221; reveal_delay=&#8221;&#8221;][\/vc_column][vc_column width=&#8221;1\/4&#8243;][elx_download_block text=&#8221;Rje\u0161enje za obradu vode&#8221; link=&#8221;files.professional.electrolux.com\/docs\/?n=CLF-9JER12&amp;b=5&amp;l=1&#8243; reveal_effect=&#8221;&#8221; reveal_duration=&#8221;&#8221; reveal_delay=&#8221;&#8221;][\/vc_column][\/vc_row][vc_row][vc_column][vc_empty_space height=&#8221;60px&#8221;][\/vc_column][\/vc_row][vc_row][vc_column width=&#8221;1\/2&#8243;][elx_heading text_color=&#8221;inherit&#8221;]Ugradbene perilice posu\u0111a[\/elx_heading][vc_empty_space height=&#8221;15px&#8221;][elx_heading font_size=&#8221;h3&#8243; text_color=&#8221;inherit&#8221;]Idealno rje\u0161enje za zahtjevne kupce koji \u017eele visok radni u\u010dinak uz niske teku\u0107e tro\u0161kove.<br \/>\n[\/elx_heading][\/vc_column][vc_column width=&#8221;1\/2&#8243;][elx_image_block background_image=&#8221;1813&#8243; minimum_height=&#8221;500px&#8221;][\/vc_column][\/vc_row][vc_row][vc_column][vc_empty_space height=&#8221;50px&#8221;][\/vc_column][\/vc_row][vc_row][vc_column width=&#8221;1\/4&#8243;][elx_image_block background_image=&#8221;1814&#8243; minimum_height=&#8221;300px&#8221;][vc_column_text]<\/p>\n<h4>Smanjite teku\u0107e tro\u0161kove za 20 %<\/h4>\n<p>Manje vode, energije, deterd\u017eenta i sredstva za ispiranje za manje teku\u0107e tro\u0161kove i manji utjecaj na okoli\u0161.[\/vc_column_text][\/vc_column][vc_column width=&#8221;1\/4&#8243;][elx_image_block background_image=&#8221;1815&#8243; minimum_height=&#8221;300px&#8221;][vc_column_text]<\/p>\n<h4>Izvrstan radni u\u010dinak pranja i ispiranja<\/h4>\n<p>Najbolji u klasi u pranju i ispiranju uz potpuno uklanjanje deterd\u017eenta.[\/vc_column_text][\/vc_column][vc_column width=&#8221;1\/4&#8243;][elx_image_block background_image=&#8221;1816&#8243; minimum_height=&#8221;300px&#8221;][vc_column_text]<\/p>\n<h4>Niska razina buke<\/h4>\n<p>Najbolji u klasi po razini buke i smanjenju gubitka topline iz ure\u0111aja, zahvaljuju\u0107i izolaciji zida s dvostrukom oplatom.[\/vc_column_text][\/vc_column][vc_column width=&#8221;1\/4&#8243;][elx_image_block background_image=&#8221;1817&#8243; minimum_height=&#8221;300px&#8221;][vc_column_text]<\/p>\n<h4>Temperatura koja se neprestano di\u017ee<\/h4>\n<p>Kvaliteta ispiranja zajam\u010dena je temperaturom od 84 \u00b0C koja se neprestano di\u017ee i pritiskom vode.[\/vc_column_text][\/vc_column][\/vc_row][vc_row][vc_column][vc_empty_space][\/vc_column][\/vc_row][vc_row][vc_column][elx_heading font_size=&#8221;h3&#8243; text_color=&#8221;inherit&#8221; text_align=&#8221;text-center&#8221;]Prona\u0111ite idealan paket za svoje poslovanje![\/elx_heading][\/vc_column][\/vc_row][vc_row][vc_column width=&#8221;1\/2&#8243;][elx_maylike_box id_box=&#8221;337&#8243;][\/vc_column][vc_column width=&#8221;1\/2&#8243;][elx_maylike_box id_box=&#8221;1773&#8243;][\/vc_column][\/vc_row][vc_row][vc_column][vc_empty_space height=&#8221;50px&#8221;][elx_heading text_color=&#8221;inherit&#8221; text_align=&#8221;text-center&#8221;]Otkrijte \u0161to E-flex perilice \u010da\u0161a i ugradbene perilice mogu u\u010diniti za va\u0161e poslovanje!<br \/>\n[\/elx_heading][elx_o2000_contact_us r=&#8221;\u017delim saznati vi\u0161e o perilicama \u010da\u0161a i ugradbenim perilicama. Molim da me kontaktirate.&#8221; s=&#8221;Request of information about E-flex glasswashers and Undercounters&#8221; country=&#8221;Croatia&#8221; l=&#8221;hr&#8221; container=&#8221;elxcontactus1479715079&#8243;][vc_empty_space height=&#8221;50px&#8221;][\/vc_column][\/vc_row][vc_row][vc_column][vc_empty_space height=&#8221;50px&#8221;][\/vc_column][\/vc_row]<\/p>\n","protected":false},"excerpt":{"rendered":"<p>[vc_row full_width=&#8221;electroluxpro-full-width-no-padding&#8221;][vc_column][elx_hero_slider label_text_color=&#8221;inherit&#8221; images=&#8221;1819&#8243;][elx_heading font_container=&#8221;h1&#8243; font_size=&#8221;h2&#8243; text_color=&#8221;inherit&#8221;]Perilice za \u010da\u0161e i podpultne perilice posu\u0111a [\/elx_heading][\/elx_hero_slider][\/vc_column][\/vc_row][vc_row][vc_column][vc_empty_space height=&#8221;50px&#8221;][elx_heading font_size=&#8221;h2&#8243; text_color=&#8221;inherit&#8221; text_align=&#8221;text-center&#8221;]Lak\u0161e, sigurnije, bolje, s fokusom na va\u0161e goste[\/elx_heading][vc_empty_space height=&#8221;50px&#8221;][\/vc_column][\/vc_row][vc_row][vc_column width=&#8221;1\/2&#8243;][elx_image_block background_image=&#8221;1805&#8243; minimum_height=&#8221;500px&#8221;][\/vc_column][vc_column width=&#8221;1\/2&#8243;][elx_heading text_color=&#8221;inherit&#8221;]E-flex perilice \u010da\u0161a[\/elx_heading][vc_empty_space height=&#8221;15px&#8221;][vc_column_text]Usporen rad uzrokovan kompliciranim programima i opasnom ergonomijom svakodnevni su problemi mnogih tvrtki. Bilo da upravljate barom, pubom ili kafi\u0107em, va\u0161a usredoto\u010denost [&hellip;]<\/p>\n","protected":false},"author":4,"featured_media":0,"parent":0,"menu_order":0,"comment_status":"closed","ping_status":"closed","template":"","meta":{"footnotes":""},"class_list":["post-2342","page","type-page","status-publish","hentry"],"acf":[],"yoast_head":"<!-- This site is optimized with the Yoast SEO plugin v23.3 - https:\/\/yoast.com\/wordpress\/plugins\/seo\/ -->\n<title>Perilice za \u010da\u0161e i podpultne perilice posu\u0111a - Electrolux Professional Hrvatska<\/title>\n<meta name=\"robots\" content=\"index, follow, max-snippet:-1, max-image-preview:large, max-video-preview:-1\" \/>\n<link rel=\"canonical\" href=\"https:\/\/www.electroluxprofessional.com\/hr\/perilice-za-case-ipodpultne-perilice-posuda\/\" \/>\n<meta property=\"og:locale\" content=\"hr_HR\" \/>\n<meta property=\"og:type\" content=\"article\" \/>\n<meta property=\"og:title\" content=\"Perilice za \u010da\u0161e i podpultne perilice posu\u0111a - Electrolux Professional Hrvatska\" \/>\n<meta property=\"og:description\" content=\"[vc_row full_width=&#8221;electroluxpro-full-width-no-padding&#8221;][vc_column][elx_hero_slider label_text_color=&#8221;inherit&#8221; images=&#8221;1819&#8243;][elx_heading font_container=&#8221;h1&#8243; font_size=&#8221;h2&#8243; text_color=&#8221;inherit&#8221;]Perilice za \u010da\u0161e i podpultne perilice posu\u0111a [\/elx_heading][\/elx_hero_slider][\/vc_column][\/vc_row][vc_row][vc_column][vc_empty_space height=&#8221;50px&#8221;][elx_heading font_size=&#8221;h2&#8243; text_color=&#8221;inherit&#8221; text_align=&#8221;text-center&#8221;]Lak\u0161e, sigurnije, bolje, s fokusom na va\u0161e goste[\/elx_heading][vc_empty_space height=&#8221;50px&#8221;][\/vc_column][\/vc_row][vc_row][vc_column width=&#8221;1\/2&#8243;][elx_image_block background_image=&#8221;1805&#8243; minimum_height=&#8221;500px&#8221;][\/vc_column][vc_column width=&#8221;1\/2&#8243;][elx_heading text_color=&#8221;inherit&#8221;]E-flex perilice \u010da\u0161a[\/elx_heading][vc_empty_space height=&#8221;15px&#8221;][vc_column_text]Usporen rad uzrokovan kompliciranim programima i opasnom ergonomijom svakodnevni su problemi mnogih tvrtki. Bilo da upravljate barom, pubom ili kafi\u0107em, va\u0161a usredoto\u010denost [&hellip;]\" \/>\n<meta property=\"og:url\" content=\"https:\/\/www.electroluxprofessional.com\/hr\/perilice-za-case-ipodpultne-perilice-posuda\/\" \/>\n<meta property=\"og:site_name\" content=\"Electrolux Professional Hrvatska\" \/>\n<meta property=\"article:modified_time\" content=\"2017-08-29T08:42:40+00:00\" \/>\n<meta name=\"twitter:card\" content=\"summary_large_image\" \/>\n<meta name=\"twitter:label1\" content=\"Procijenjeno vrijeme \u010ditanja\" \/>\n\t<meta name=\"twitter:data1\" content=\"5 minuta\" \/>\n<script type=\"application\/ld+json\" class=\"yoast-schema-graph\">{\"@context\":\"https:\/\/schema.org\",\"@graph\":[{\"@type\":\"WebPage\",\"@id\":\"https:\/\/www.electroluxprofessional.com\/hr\/perilice-za-case-ipodpultne-perilice-posuda\/\",\"url\":\"https:\/\/www.electroluxprofessional.com\/hr\/perilice-za-case-ipodpultne-perilice-posuda\/\",\"name\":\"Perilice za \u010da\u0161e i podpultne perilice posu\u0111a - Electrolux Professional Hrvatska\",\"isPartOf\":{\"@id\":\"https:\/\/www.electroluxprofessional.com\/hr\/#website\"},\"datePublished\":\"2017-05-03T09:24:19+00:00\",\"dateModified\":\"2017-08-29T08:42:40+00:00\",\"breadcrumb\":{\"@id\":\"https:\/\/www.electroluxprofessional.com\/hr\/perilice-za-case-ipodpultne-perilice-posuda\/#breadcrumb\"},\"inLanguage\":\"hr\",\"potentialAction\":[{\"@type\":\"ReadAction\",\"target\":[\"https:\/\/www.electroluxprofessional.com\/hr\/perilice-za-case-ipodpultne-perilice-posuda\/\"]}]},{\"@type\":\"BreadcrumbList\",\"@id\":\"https:\/\/www.electroluxprofessional.com\/hr\/perilice-za-case-ipodpultne-perilice-posuda\/#breadcrumb\",\"itemListElement\":[{\"@type\":\"ListItem\",\"position\":1,\"name\":\"Po\u010detna stranica\",\"item\":\"https:\/\/www.electroluxprofessional.com\/hr\/\"},{\"@type\":\"ListItem\",\"position\":2,\"name\":\"Perilice za \u010da\u0161e i podpultne perilice posu\u0111a\"}]},{\"@type\":\"WebSite\",\"@id\":\"https:\/\/www.electroluxprofessional.com\/hr\/#website\",\"url\":\"https:\/\/www.electroluxprofessional.com\/hr\/\",\"name\":\"Electrolux Professional Hrvatska\",\"description\":\"\",\"potentialAction\":[{\"@type\":\"SearchAction\",\"target\":{\"@type\":\"EntryPoint\",\"urlTemplate\":\"https:\/\/www.electroluxprofessional.com\/hr\/?src={search_term_string}\"},\"query-input\":\"required name=search_term_string\"}],\"inLanguage\":\"hr\"}]}<\/script>\n<!-- \/ Yoast SEO plugin. -->","yoast_head_json":{"title":"Perilice za \u010da\u0161e i podpultne perilice posu\u0111a - Electrolux Professional Hrvatska","robots":{"index":"index","follow":"follow","max-snippet":"max-snippet:-1","max-image-preview":"max-image-preview:large","max-video-preview":"max-video-preview:-1"},"canonical":"https:\/\/www.electroluxprofessional.com\/hr\/perilice-za-case-ipodpultne-perilice-posuda\/","og_locale":"hr_HR","og_type":"article","og_title":"Perilice za \u010da\u0161e i podpultne perilice posu\u0111a - Electrolux Professional Hrvatska","og_description":"[vc_row full_width=&#8221;electroluxpro-full-width-no-padding&#8221;][vc_column][elx_hero_slider label_text_color=&#8221;inherit&#8221; images=&#8221;1819&#8243;][elx_heading font_container=&#8221;h1&#8243; font_size=&#8221;h2&#8243; text_color=&#8221;inherit&#8221;]Perilice za \u010da\u0161e i podpultne perilice posu\u0111a [\/elx_heading][\/elx_hero_slider][\/vc_column][\/vc_row][vc_row][vc_column][vc_empty_space height=&#8221;50px&#8221;][elx_heading font_size=&#8221;h2&#8243; text_color=&#8221;inherit&#8221; text_align=&#8221;text-center&#8221;]Lak\u0161e, sigurnije, bolje, s fokusom na va\u0161e goste[\/elx_heading][vc_empty_space height=&#8221;50px&#8221;][\/vc_column][\/vc_row][vc_row][vc_column width=&#8221;1\/2&#8243;][elx_image_block background_image=&#8221;1805&#8243; minimum_height=&#8221;500px&#8221;][\/vc_column][vc_column width=&#8221;1\/2&#8243;][elx_heading text_color=&#8221;inherit&#8221;]E-flex perilice \u010da\u0161a[\/elx_heading][vc_empty_space height=&#8221;15px&#8221;][vc_column_text]Usporen rad uzrokovan kompliciranim programima i opasnom ergonomijom svakodnevni su problemi mnogih tvrtki. Bilo da upravljate barom, pubom ili kafi\u0107em, va\u0161a usredoto\u010denost [&hellip;]","og_url":"https:\/\/www.electroluxprofessional.com\/hr\/perilice-za-case-ipodpultne-perilice-posuda\/","og_site_name":"Electrolux Professional Hrvatska","article_modified_time":"2017-08-29T08:42:40+00:00","twitter_card":"summary_large_image","twitter_misc":{"Procijenjeno vrijeme \u010ditanja":"5 minuta"},"schema":{"@context":"https:\/\/schema.org","@graph":[{"@type":"WebPage","@id":"https:\/\/www.electroluxprofessional.com\/hr\/perilice-za-case-ipodpultne-perilice-posuda\/","url":"https:\/\/www.electroluxprofessional.com\/hr\/perilice-za-case-ipodpultne-perilice-posuda\/","name":"Perilice za \u010da\u0161e i podpultne perilice posu\u0111a - Electrolux Professional Hrvatska","isPartOf":{"@id":"https:\/\/www.electroluxprofessional.com\/hr\/#website"},"datePublished":"2017-05-03T09:24:19+00:00","dateModified":"2017-08-29T08:42:40+00:00","breadcrumb":{"@id":"https:\/\/www.electroluxprofessional.com\/hr\/perilice-za-case-ipodpultne-perilice-posuda\/#breadcrumb"},"inLanguage":"hr","potentialAction":[{"@type":"ReadAction","target":["https:\/\/www.electroluxprofessional.com\/hr\/perilice-za-case-ipodpultne-perilice-posuda\/"]}]},{"@type":"BreadcrumbList","@id":"https:\/\/www.electroluxprofessional.com\/hr\/perilice-za-case-ipodpultne-perilice-posuda\/#breadcrumb","itemListElement":[{"@type":"ListItem","position":1,"name":"Po\u010detna stranica","item":"https:\/\/www.electroluxprofessional.com\/hr\/"},{"@type":"ListItem","position":2,"name":"Perilice za \u010da\u0161e i podpultne perilice posu\u0111a"}]},{"@type":"WebSite","@id":"https:\/\/www.electroluxprofessional.com\/hr\/#website","url":"https:\/\/www.electroluxprofessional.com\/hr\/","name":"Electrolux Professional Hrvatska","description":"","potentialAction":[{"@type":"SearchAction","target":{"@type":"EntryPoint","urlTemplate":"https:\/\/www.electroluxprofessional.com\/hr\/?src={search_term_string}"},"query-input":"required name=search_term_string"}],"inLanguage":"hr"}]}},"_links":{"self":[{"href":"https:\/\/www.electroluxprofessional.com\/hr\/wp-json\/wp\/v2\/pages\/2342"}],"collection":[{"href":"https:\/\/www.electroluxprofessional.com\/hr\/wp-json\/wp\/v2\/pages"}],"about":[{"href":"https:\/\/www.electroluxprofessional.com\/hr\/wp-json\/wp\/v2\/types\/page"}],"author":[{"embeddable":true,"href":"https:\/\/www.electroluxprofessional.com\/hr\/wp-json\/wp\/v2\/users\/4"}],"replies":[{"embeddable":true,"href":"https:\/\/www.electroluxprofessional.com\/hr\/wp-json\/wp\/v2\/comments?post=2342"}],"version-history":[{"count":6,"href":"https:\/\/www.electroluxprofessional.com\/hr\/wp-json\/wp\/v2\/pages\/2342\/revisions"}],"predecessor-version":[{"id":5479,"href":"https:\/\/www.electroluxprofessional.com\/hr\/wp-json\/wp\/v2\/pages\/2342\/revisions\/5479"}],"wp:attachment":[{"href":"https:\/\/www.electroluxprofessional.com\/hr\/wp-json\/wp\/v2\/media?parent=2342"}],"curies":[{"name":"wp","href":"https:\/\/api.w.org\/{rel}","templated":true}]}}