{"id":2276,"date":"2017-05-03T09:19:29","date_gmt":"2017-05-03T09:19:29","guid":{"rendered":"https:\/\/www.electroluxprofessional.com\/hr\/?page_id=2276"},"modified":"2020-06-23T12:38:40","modified_gmt":"2020-06-23T12:38:40","slug":"uredaji-za-stvaranje-leda-u-kockicama-i-listicima","status":"publish","type":"page","link":"https:\/\/www.electroluxprofessional.com\/hr\/uredaji-za-stvaranje-leda-u-kockicama-i-listicima\/","title":{"rendered":"Ure\u0111aji za stvaranje leda u kockicama i listi\u0107ima"},"content":{"rendered":"<p>[vc_row full_width=&#8221;electroluxpro-full-width-no-padding&#8221;][vc_column][elx_image_block background_image=&#8221;607&#8243; minimum_height=&#8221;400px&#8221;][\/vc_column][\/vc_row][vc_row][vc_column][vc_empty_space][elx_heading font_container=&#8221;h1&#8243; font_size=&#8221;h2&#8243; text_color=&#8221;inherit&#8221; text_align=&#8221;text-center&#8221;]Ure\u0111aji za stvaranje leda u kockicama i listi\u0107ima[\/elx_heading][vc_empty_space height=&#8221;50px&#8221;][\/vc_column][\/vc_row][vc_row][vc_column width=&#8221;1\/2&#8243;][vc_column_text]Asortiman Electroluxovih ure\u0111aja za stvaranje leda u kockicama i listi\u0107ima dizajniran je da zadovolji potrebe proizvodnje ugostiteljskih objekata svih veli\u010dina,<strong> s impresivnim rasponom od 21 modela koji proizvode od 21 do 200 kilograma leda u 24 sata ili 90 do 500 kg leda u listi\u0107ima u 24 sata.<\/strong><\/p>\n<p>Sustav prskalica proizvodi \u010dvrste kristalno \u010diste kockice leda i listi\u0107e koji se sporo tope te na taj na\u010din ne razrijede pi\u0107e odmah.<\/p>\n<p>Tehnologija sustava s lopaticama osigurava optimalan radni u\u010dinak, \u010dak i u slu\u010daju ote\u017eane vodoopskrbe. Kamenac ne utje\u010de na proizvodnju leda.[\/vc_column_text][\/vc_column][vc_column width=&#8221;1\/2&#8243;][vc_single_image image=&#8221;1868&#8243; img_size=&#8221;full&#8221;][\/vc_column][\/vc_row][vc_row][vc_column][vc_empty_space height=&#8221;50px&#8221;][elx_heading font_size=&#8221;h3&#8243; text_color=&#8221;inherit&#8221; text_align=&#8221;text-center&#8221;]Prona\u0111ite idealan paket za svoje poslovanje!<br \/>\n[\/elx_heading][\/vc_column][\/vc_row][vc_row][vc_column width=&#8221;1\/3&#8243;][elx_maylike_box id_box=&#8221;2799&#8243; matched_labels=&#8221;&#8221;][\/vc_column][vc_column width=&#8221;1\/3&#8243;][elx_maylike_box id_box=&#8221;2802&#8243; matched_labels=&#8221;&#8221;][\/vc_column][vc_column width=&#8221;1\/3&#8243;][elx_maylike_box id_box=&#8221;3111&#8243; matched_labels=&#8221;&#8221;][\/vc_column][\/vc_row][vc_row][vc_column][vc_empty_space height=&#8221;50px&#8221;][elx_heading text_color=&#8221;inherit&#8221; text_align=&#8221;text-center&#8221;]Otkrijte \u0161to na\u0161i ure\u0111aji za stvaranje leda u kockicama i listi\u0107ima mogu u\u010diniti za va\u0161e poslovanje![\/elx_heading][elx_o2000_contact_us r=&#8221;\u017delim saznati vi\u0161e o ure\u0111ajima za stvaranje leda u kockicama i listi\u0107ima. Molim da me kontaktirate.&#8221; s=&#8221;Request of information about ice makers and flakers&#8221; country=&#8221;Croatia&#8221; l=&#8221;hr&#8221; container=&#8221;elxcontactus1480429564&#8243;][vc_empty_space height=&#8221;50px&#8221;][\/vc_column][\/vc_row]<\/p>\n","protected":false},"excerpt":{"rendered":"<p>[vc_row full_width=&#8221;electroluxpro-full-width-no-padding&#8221;][vc_column][elx_image_block background_image=&#8221;607&#8243; minimum_height=&#8221;400px&#8221;][\/vc_column][\/vc_row][vc_row][vc_column][vc_empty_space][elx_heading font_container=&#8221;h1&#8243; font_size=&#8221;h2&#8243; text_color=&#8221;inherit&#8221; text_align=&#8221;text-center&#8221;]Ure\u0111aji za stvaranje leda u kockicama i listi\u0107ima[\/elx_heading][vc_empty_space height=&#8221;50px&#8221;][\/vc_column][\/vc_row][vc_row][vc_column width=&#8221;1\/2&#8243;][vc_column_text]Asortiman Electroluxovih ure\u0111aja za stvaranje leda u kockicama i listi\u0107ima dizajniran je da zadovolji potrebe proizvodnje ugostiteljskih objekata svih veli\u010dina, s impresivnim rasponom od 21 modela koji proizvode od 21 do 200 kilograma leda u 24 sata ili 90 [&hellip;]<\/p>\n","protected":false},"author":4,"featured_media":0,"parent":0,"menu_order":0,"comment_status":"closed","ping_status":"closed","template":"","meta":{"footnotes":""},"class_list":["post-2276","page","type-page","status-publish","hentry"],"acf":[],"yoast_head":"<!-- This site is optimized with the Yoast SEO plugin v23.3 - https:\/\/yoast.com\/wordpress\/plugins\/seo\/ -->\n<title>Ure\u0111aji za stvaranje leda u kockicama i listi\u0107ima - Electrolux Professional Hrvatska<\/title>\n<meta name=\"robots\" content=\"index, follow, max-snippet:-1, max-image-preview:large, max-video-preview:-1\" \/>\n<link rel=\"canonical\" href=\"https:\/\/www.electroluxprofessional.com\/hr\/uredaji-za-stvaranje-leda-u-kockicama-i-listicima\/\" \/>\n<meta property=\"og:locale\" content=\"hr_HR\" \/>\n<meta property=\"og:type\" content=\"article\" \/>\n<meta property=\"og:title\" content=\"Ure\u0111aji za stvaranje leda u kockicama i listi\u0107ima - Electrolux Professional Hrvatska\" \/>\n<meta property=\"og:description\" content=\"[vc_row full_width=&#8221;electroluxpro-full-width-no-padding&#8221;][vc_column][elx_image_block background_image=&#8221;607&#8243; minimum_height=&#8221;400px&#8221;][\/vc_column][\/vc_row][vc_row][vc_column][vc_empty_space][elx_heading font_container=&#8221;h1&#8243; font_size=&#8221;h2&#8243; text_color=&#8221;inherit&#8221; text_align=&#8221;text-center&#8221;]Ure\u0111aji za stvaranje leda u kockicama i listi\u0107ima[\/elx_heading][vc_empty_space height=&#8221;50px&#8221;][\/vc_column][\/vc_row][vc_row][vc_column width=&#8221;1\/2&#8243;][vc_column_text]Asortiman Electroluxovih ure\u0111aja za stvaranje leda u kockicama i listi\u0107ima dizajniran je da zadovolji potrebe proizvodnje ugostiteljskih objekata svih veli\u010dina, s impresivnim rasponom od 21 modela koji proizvode od 21 do 200 kilograma leda u 24 sata ili 90 [&hellip;]\" \/>\n<meta property=\"og:url\" content=\"https:\/\/www.electroluxprofessional.com\/hr\/uredaji-za-stvaranje-leda-u-kockicama-i-listicima\/\" \/>\n<meta property=\"og:site_name\" content=\"Electrolux Professional Hrvatska\" \/>\n<meta property=\"article:modified_time\" content=\"2020-06-23T12:38:40+00:00\" \/>\n<meta name=\"twitter:card\" content=\"summary_large_image\" \/>\n<meta name=\"twitter:label1\" content=\"Procijenjeno vrijeme \u010ditanja\" \/>\n\t<meta name=\"twitter:data1\" content=\"2 minute\" \/>\n<script type=\"application\/ld+json\" class=\"yoast-schema-graph\">{\"@context\":\"https:\/\/schema.org\",\"@graph\":[{\"@type\":\"WebPage\",\"@id\":\"https:\/\/www.electroluxprofessional.com\/hr\/uredaji-za-stvaranje-leda-u-kockicama-i-listicima\/\",\"url\":\"https:\/\/www.electroluxprofessional.com\/hr\/uredaji-za-stvaranje-leda-u-kockicama-i-listicima\/\",\"name\":\"Ure\u0111aji za stvaranje leda u kockicama i listi\u0107ima - Electrolux Professional Hrvatska\",\"isPartOf\":{\"@id\":\"https:\/\/www.electroluxprofessional.com\/hr\/#website\"},\"datePublished\":\"2017-05-03T09:19:29+00:00\",\"dateModified\":\"2020-06-23T12:38:40+00:00\",\"breadcrumb\":{\"@id\":\"https:\/\/www.electroluxprofessional.com\/hr\/uredaji-za-stvaranje-leda-u-kockicama-i-listicima\/#breadcrumb\"},\"inLanguage\":\"hr\",\"potentialAction\":[{\"@type\":\"ReadAction\",\"target\":[\"https:\/\/www.electroluxprofessional.com\/hr\/uredaji-za-stvaranje-leda-u-kockicama-i-listicima\/\"]}]},{\"@type\":\"BreadcrumbList\",\"@id\":\"https:\/\/www.electroluxprofessional.com\/hr\/uredaji-za-stvaranje-leda-u-kockicama-i-listicima\/#breadcrumb\",\"itemListElement\":[{\"@type\":\"ListItem\",\"position\":1,\"name\":\"Po\u010detna stranica\",\"item\":\"https:\/\/www.electroluxprofessional.com\/hr\/\"},{\"@type\":\"ListItem\",\"position\":2,\"name\":\"Ure\u0111aji za stvaranje leda u kockicama i listi\u0107ima\"}]},{\"@type\":\"WebSite\",\"@id\":\"https:\/\/www.electroluxprofessional.com\/hr\/#website\",\"url\":\"https:\/\/www.electroluxprofessional.com\/hr\/\",\"name\":\"Electrolux Professional Hrvatska\",\"description\":\"\",\"potentialAction\":[{\"@type\":\"SearchAction\",\"target\":{\"@type\":\"EntryPoint\",\"urlTemplate\":\"https:\/\/www.electroluxprofessional.com\/hr\/?src={search_term_string}\"},\"query-input\":\"required name=search_term_string\"}],\"inLanguage\":\"hr\"}]}<\/script>\n<!-- \/ Yoast SEO plugin. -->","yoast_head_json":{"title":"Ure\u0111aji za stvaranje leda u kockicama i listi\u0107ima - Electrolux Professional Hrvatska","robots":{"index":"index","follow":"follow","max-snippet":"max-snippet:-1","max-image-preview":"max-image-preview:large","max-video-preview":"max-video-preview:-1"},"canonical":"https:\/\/www.electroluxprofessional.com\/hr\/uredaji-za-stvaranje-leda-u-kockicama-i-listicima\/","og_locale":"hr_HR","og_type":"article","og_title":"Ure\u0111aji za stvaranje leda u kockicama i listi\u0107ima - Electrolux Professional Hrvatska","og_description":"[vc_row full_width=&#8221;electroluxpro-full-width-no-padding&#8221;][vc_column][elx_image_block background_image=&#8221;607&#8243; minimum_height=&#8221;400px&#8221;][\/vc_column][\/vc_row][vc_row][vc_column][vc_empty_space][elx_heading font_container=&#8221;h1&#8243; font_size=&#8221;h2&#8243; text_color=&#8221;inherit&#8221; text_align=&#8221;text-center&#8221;]Ure\u0111aji za stvaranje leda u kockicama i listi\u0107ima[\/elx_heading][vc_empty_space height=&#8221;50px&#8221;][\/vc_column][\/vc_row][vc_row][vc_column width=&#8221;1\/2&#8243;][vc_column_text]Asortiman Electroluxovih ure\u0111aja za stvaranje leda u kockicama i listi\u0107ima dizajniran je da zadovolji potrebe proizvodnje ugostiteljskih objekata svih veli\u010dina, s impresivnim rasponom od 21 modela koji proizvode od 21 do 200 kilograma leda u 24 sata ili 90 [&hellip;]","og_url":"https:\/\/www.electroluxprofessional.com\/hr\/uredaji-za-stvaranje-leda-u-kockicama-i-listicima\/","og_site_name":"Electrolux Professional Hrvatska","article_modified_time":"2020-06-23T12:38:40+00:00","twitter_card":"summary_large_image","twitter_misc":{"Procijenjeno vrijeme \u010ditanja":"2 minute"},"schema":{"@context":"https:\/\/schema.org","@graph":[{"@type":"WebPage","@id":"https:\/\/www.electroluxprofessional.com\/hr\/uredaji-za-stvaranje-leda-u-kockicama-i-listicima\/","url":"https:\/\/www.electroluxprofessional.com\/hr\/uredaji-za-stvaranje-leda-u-kockicama-i-listicima\/","name":"Ure\u0111aji za stvaranje leda u kockicama i listi\u0107ima - Electrolux Professional Hrvatska","isPartOf":{"@id":"https:\/\/www.electroluxprofessional.com\/hr\/#website"},"datePublished":"2017-05-03T09:19:29+00:00","dateModified":"2020-06-23T12:38:40+00:00","breadcrumb":{"@id":"https:\/\/www.electroluxprofessional.com\/hr\/uredaji-za-stvaranje-leda-u-kockicama-i-listicima\/#breadcrumb"},"inLanguage":"hr","potentialAction":[{"@type":"ReadAction","target":["https:\/\/www.electroluxprofessional.com\/hr\/uredaji-za-stvaranje-leda-u-kockicama-i-listicima\/"]}]},{"@type":"BreadcrumbList","@id":"https:\/\/www.electroluxprofessional.com\/hr\/uredaji-za-stvaranje-leda-u-kockicama-i-listicima\/#breadcrumb","itemListElement":[{"@type":"ListItem","position":1,"name":"Po\u010detna stranica","item":"https:\/\/www.electroluxprofessional.com\/hr\/"},{"@type":"ListItem","position":2,"name":"Ure\u0111aji za stvaranje leda u kockicama i listi\u0107ima"}]},{"@type":"WebSite","@id":"https:\/\/www.electroluxprofessional.com\/hr\/#website","url":"https:\/\/www.electroluxprofessional.com\/hr\/","name":"Electrolux Professional Hrvatska","description":"","potentialAction":[{"@type":"SearchAction","target":{"@type":"EntryPoint","urlTemplate":"https:\/\/www.electroluxprofessional.com\/hr\/?src={search_term_string}"},"query-input":"required name=search_term_string"}],"inLanguage":"hr"}]}},"_links":{"self":[{"href":"https:\/\/www.electroluxprofessional.com\/hr\/wp-json\/wp\/v2\/pages\/2276"}],"collection":[{"href":"https:\/\/www.electroluxprofessional.com\/hr\/wp-json\/wp\/v2\/pages"}],"about":[{"href":"https:\/\/www.electroluxprofessional.com\/hr\/wp-json\/wp\/v2\/types\/page"}],"author":[{"embeddable":true,"href":"https:\/\/www.electroluxprofessional.com\/hr\/wp-json\/wp\/v2\/users\/4"}],"replies":[{"embeddable":true,"href":"https:\/\/www.electroluxprofessional.com\/hr\/wp-json\/wp\/v2\/comments?post=2276"}],"version-history":[{"count":6,"href":"https:\/\/www.electroluxprofessional.com\/hr\/wp-json\/wp\/v2\/pages\/2276\/revisions"}],"predecessor-version":[{"id":6239,"href":"https:\/\/www.electroluxprofessional.com\/hr\/wp-json\/wp\/v2\/pages\/2276\/revisions\/6239"}],"wp:attachment":[{"href":"https:\/\/www.electroluxprofessional.com\/hr\/wp-json\/wp\/v2\/media?parent=2276"}],"curies":[{"name":"wp","href":"https:\/\/api.w.org\/{rel}","templated":true}]}}