{"id":2269,"date":"2017-05-03T09:13:28","date_gmt":"2017-05-03T09:13:28","guid":{"rendered":"https:\/\/www.electroluxprofessional.com\/hr\/?page_id=2269"},"modified":"2024-07-02T12:27:29","modified_gmt":"2024-07-02T12:27:29","slug":"izracunajte-ustedu-na-hladenju","status":"publish","type":"page","link":"https:\/\/www.electroluxprofessional.com\/hr\/kuhinjska-oprema\/hladnjaci-i-zamrzivaci\/izracunajte-ustedu-na-hladenju\/","title":{"rendered":"Izra\u010dunajte u\u0161tede na hla\u0111enju"},"content":{"rendered":"<p>[vc_row full_width=&#8221;electroluxpro-full-width-no-padding&#8221;][vc_column][elx_hero_slider label_text_color=&#8221;inherit&#8221; images=&#8221;1857&#8243;][elx_heading font_container=&#8221;h1&#8243; font_size=&#8221;h2&#8243; text_color=&#8221;inherit&#8221;]Izra\u010dunajte u\u0161tede na hla\u0111enju[\/elx_heading][\/elx_hero_slider][\/vc_column][\/vc_row][vc_row][vc_column][vc_empty_space][vc_raw_js]JTNDc2NyaXB0JTIwc3JjJTNEJTIyaHR0cHMlM0ElMkYlMkZ3d3cuZXByLWFwcHMuY29tJTJGd2lkZ2V0cyUyRmNvZGUlMkZhbmd1bGFyLm1pbi5qcyUyMiUzRSUzQyUyRnNjcmlwdCUzRSUwQSUzQ3NjcmlwdCUyMHNyYyUzRCUyMmh0dHBzJTNBJTJGJTJGd3d3LmVwci1hcHBzLmNvbSUyRndpZGdldHMlMkZjb2RlJTJGYW5ndWxhci1zYW5pdGl6ZS5qcyUyMiUzRSUzQyUyRnNjcmlwdCUzRSUwQSUwQSUwQSUzQ3NjcmlwdCUyMHNyYyUzRCUyMmh0dHBzJTNBJTJGJTJGd3d3LmVwci1hcHBzLmNvbSUyRmNhbGN1bGF0b3JzJTJGZWx0JTJGcmVzb3VyY2VzJTJGanMlMkZtYWluLm1pbi5qcyUyMiUyMHR5cGUlM0QlMjJ0ZXh0JTJGamF2YXNjcmlwdCUyMiUzRSUwQSUzQyUyRnNjcmlwdCUzRSUwQSUzQ3NjcmlwdCUyMHR5cGUlM0QlMjJ0ZXh0JTJGamF2YXNjcmlwdCUyMiUzRSUyRiUyRiUyMCUzQyUyMSU1QkNEQVRBJTVCJTBBdmFyJTIwc2V0dGluZ0VMVGNhbGN1bGF0b3IlMjAlM0QlMjAlN0IlMEFsYW5ndWFnZSUzQSUyN2hyJTI3JTJDJTBBY291bnRyeSUzQSUyNyUyNyUyQyUwQWNvbnRhaW5lciUzQSUyN2VsdF9qc29uX3dyYXBwZXIlMjclMEElN0QlMEF3aW5kb3cub25sb2FkJTIwJTNEJTIwb25Mb2FkYm9vdHN0cmFwRUxUJTI4c2V0dGluZ0VMVGNhbGN1bGF0b3IlMjklM0IlMEElMkYlMkYlMjAlNUQlNUQlM0UlM0MlMkZzY3JpcHQlM0UlMEElM0NkaXYlMjBpZCUzRCUyMmVsdF9qc29uX3dyYXBwZXIlMjIlM0VMb2FkaW5nLi4uJTNDJTJGZGl2JTNF[\/vc_raw_js][\/vc_column][\/vc_row][vc_row][vc_column][vc_empty_space height=&#8221;50px&#8221;][\/vc_column][\/vc_row][vc_row][vc_column width=&#8221;1\/2&#8243;][elx_download_block text=&#8221;Otkrijte na\u0161e hladnjake i zamrziva\u010de&#8221; link=&#8221;https:\/\/www.electroluxprofessional.com\/hr\/kuhinjska-oprema\/hladnjaci-i-zamrzivaci\/&#8221; background_color=&#8221;orange&#8221; reveal_effect=&#8221;&#8221; reveal_duration=&#8221;&#8221; reveal_delay=&#8221;&#8221;][\/vc_column][vc_column width=&#8221;1\/2&#8243;][\/vc_column][\/vc_row][vc_row][vc_column][vc_empty_space height=&#8221;50px&#8221;][elx_heading font_size=&#8221;h2&#8243; text_color=&#8221;inherit&#8221; text_align=&#8221;text-center&#8221;]Otkrijte \u0161ta na\u0161a rashladna oprema mo\u017ee u\u010diniti za va\u0161e poslovanje[\/elx_heading][elx_o2000_contact_us s=&#8221;Zahtjev za informacijama o u\u0161tedama na hla\u0111enju&#8221; country=&#8221;Croatia&#8221; container=&#8221;elxcontactus1480333446&#8243; r=&#8221;Htjela\/Htio bih znati vi\u0161e o u\u0161tedama na hla\u0111enju. Molim vas stupite u kontakt sa mnom.&#8221; l=&#8221;hr&#8221;][vc_empty_space height=&#8221;50px&#8221;][\/vc_column][\/vc_row]<\/p>\n","protected":false},"excerpt":{"rendered":"<p>[vc_row full_width=&#8221;electroluxpro-full-width-no-padding&#8221;][vc_column][elx_hero_slider label_text_color=&#8221;inherit&#8221; images=&#8221;1857&#8243;][elx_heading font_container=&#8221;h1&#8243; font_size=&#8221;h2&#8243; text_color=&#8221;inherit&#8221;]Izra\u010dunajte u\u0161tede na hla\u0111enju[\/elx_heading][\/elx_hero_slider][\/vc_column][\/vc_row][vc_row][vc_column][vc_empty_space][vc_raw_js]JTNDc2NyaXB0JTIwc3JjJTNEJTIyaHR0cHMlM0ElMkYlMkZ3d3cuZXByLWFwcHMuY29tJTJGd2lkZ2V0cyUyRmNvZGUlMkZhbmd1bGFyLm1pbi5qcyUyMiUzRSUzQyUyRnNjcmlwdCUzRSUwQSUzQ3NjcmlwdCUyMHNyYyUzRCUyMmh0dHBzJTNBJTJGJTJGd3d3LmVwci1hcHBzLmNvbSUyRndpZGdldHMlMkZjb2RlJTJGYW5ndWxhci1zYW5pdGl6ZS5qcyUyMiUzRSUzQyUyRnNjcmlwdCUzRSUwQSUwQSUwQSUzQ3NjcmlwdCUyMHNyYyUzRCUyMmh0dHBzJTNBJTJGJTJGd3d3LmVwci1hcHBzLmNvbSUyRmNhbGN1bGF0b3JzJTJGZWx0JTJGcmVzb3VyY2VzJTJGanMlMkZtYWluLm1pbi5qcyUyMiUyMHR5cGUlM0QlMjJ0ZXh0JTJGamF2YXNjcmlwdCUyMiUzRSUwQSUzQyUyRnNjcmlwdCUzRSUwQSUzQ3NjcmlwdCUyMHR5cGUlM0QlMjJ0ZXh0JTJGamF2YXNjcmlwdCUyMiUzRSUyRiUyRiUyMCUzQyUyMSU1QkNEQVRBJTVCJTBBdmFyJTIwc2V0dGluZ0VMVGNhbGN1bGF0b3IlMjAlM0QlMjAlN0IlMEFsYW5ndWFnZSUzQSUyN2hyJTI3JTJDJTBBY291bnRyeSUzQSUyNyUyNyUyQyUwQWNvbnRhaW5lciUzQSUyN2VsdF9qc29uX3dyYXBwZXIlMjclMEElN0QlMEF3aW5kb3cub25sb2FkJTIwJTNEJTIwb25Mb2FkYm9vdHN0cmFwRUxUJTI4c2V0dGluZ0VMVGNhbGN1bGF0b3IlMjklM0IlMEElMkYlMkYlMjAlNUQlNUQlM0UlM0MlMkZzY3JpcHQlM0UlMEElM0NkaXYlMjBpZCUzRCUyMmVsdF9qc29uX3dyYXBwZXIlMjIlM0VMb2FkaW5nLi4uJTNDJTJGZGl2JTNF[\/vc_raw_js][\/vc_column][\/vc_row][vc_row][vc_column][vc_empty_space height=&#8221;50px&#8221;][\/vc_column][\/vc_row][vc_row][vc_column width=&#8221;1\/2&#8243;][elx_download_block text=&#8221;Otkrijte na\u0161e hladnjake i zamrziva\u010de&#8221; link=&#8221;https:\/\/www.electroluxprofessional.com\/hr\/kuhinjska-oprema\/hladnjaci-i-zamrzivaci\/&#8221; background_color=&#8221;orange&#8221; reveal_effect=&#8221;&#8221; reveal_duration=&#8221;&#8221; reveal_delay=&#8221;&#8221;][\/vc_column][vc_column width=&#8221;1\/2&#8243;][\/vc_column][\/vc_row][vc_row][vc_column][vc_empty_space height=&#8221;50px&#8221;][elx_heading font_size=&#8221;h2&#8243; text_color=&#8221;inherit&#8221; text_align=&#8221;text-center&#8221;]Otkrijte \u0161ta na\u0161a rashladna oprema mo\u017ee u\u010diniti za va\u0161e poslovanje[\/elx_heading][elx_o2000_contact_us s=&#8221;Zahtjev za informacijama o u\u0161tedama na hla\u0111enju&#8221; country=&#8221;Croatia&#8221; container=&#8221;elxcontactus1480333446&#8243; r=&#8221;Htjela\/Htio bih znati vi\u0161e o u\u0161tedama na hla\u0111enju. Molim vas [&hellip;]<\/p>\n","protected":false},"author":4,"featured_media":0,"parent":2267,"menu_order":0,"comment_status":"closed","ping_status":"closed","template":"","meta":{"footnotes":""},"class_list":["post-2269","page","type-page","status-publish","hentry"],"acf":[],"yoast_head":"<!-- This site is optimized with the Yoast SEO plugin v23.3 - https:\/\/yoast.com\/wordpress\/plugins\/seo\/ -->\n<title>Izra\u010dunajte u\u0161tede na hla\u0111enju - Electrolux Professional Hrvatska<\/title>\n<meta name=\"robots\" content=\"index, follow, max-snippet:-1, max-image-preview:large, max-video-preview:-1\" \/>\n<link rel=\"canonical\" href=\"https:\/\/www.electroluxprofessional.com\/hr\/kuhinjska-oprema\/hladnjaci-i-zamrzivaci\/izracunajte-ustedu-na-hladenju\/\" \/>\n<meta property=\"og:locale\" content=\"hr_HR\" \/>\n<meta property=\"og:type\" content=\"article\" \/>\n<meta property=\"og:title\" content=\"Izra\u010dunajte u\u0161tede na hla\u0111enju - Electrolux Professional Hrvatska\" \/>\n<meta property=\"og:description\" content=\"[vc_row full_width=&#8221;electroluxpro-full-width-no-padding&#8221;][vc_column][elx_hero_slider label_text_color=&#8221;inherit&#8221; images=&#8221;1857&#8243;][elx_heading font_container=&#8221;h1&#8243; font_size=&#8221;h2&#8243; text_color=&#8221;inherit&#8221;]Izra\u010dunajte u\u0161tede na hla\u0111enju[\/elx_heading][\/elx_hero_slider][\/vc_column][\/vc_row][vc_row][vc_column][vc_empty_space][vc_raw_js]JTNDc2NyaXB0JTIwc3JjJTNEJTIyaHR0cHMlM0ElMkYlMkZ3d3cuZXByLWFwcHMuY29tJTJGd2lkZ2V0cyUyRmNvZGUlMkZhbmd1bGFyLm1pbi5qcyUyMiUzRSUzQyUyRnNjcmlwdCUzRSUwQSUzQ3NjcmlwdCUyMHNyYyUzRCUyMmh0dHBzJTNBJTJGJTJGd3d3LmVwci1hcHBzLmNvbSUyRndpZGdldHMlMkZjb2RlJTJGYW5ndWxhci1zYW5pdGl6ZS5qcyUyMiUzRSUzQyUyRnNjcmlwdCUzRSUwQSUwQSUwQSUzQ3NjcmlwdCUyMHNyYyUzRCUyMmh0dHBzJTNBJTJGJTJGd3d3LmVwci1hcHBzLmNvbSUyRmNhbGN1bGF0b3JzJTJGZWx0JTJGcmVzb3VyY2VzJTJGanMlMkZtYWluLm1pbi5qcyUyMiUyMHR5cGUlM0QlMjJ0ZXh0JTJGamF2YXNjcmlwdCUyMiUzRSUwQSUzQyUyRnNjcmlwdCUzRSUwQSUzQ3NjcmlwdCUyMHR5cGUlM0QlMjJ0ZXh0JTJGamF2YXNjcmlwdCUyMiUzRSUyRiUyRiUyMCUzQyUyMSU1QkNEQVRBJTVCJTBBdmFyJTIwc2V0dGluZ0VMVGNhbGN1bGF0b3IlMjAlM0QlMjAlN0IlMEFsYW5ndWFnZSUzQSUyN2hyJTI3JTJDJTBBY291bnRyeSUzQSUyNyUyNyUyQyUwQWNvbnRhaW5lciUzQSUyN2VsdF9qc29uX3dyYXBwZXIlMjclMEElN0QlMEF3aW5kb3cub25sb2FkJTIwJTNEJTIwb25Mb2FkYm9vdHN0cmFwRUxUJTI4c2V0dGluZ0VMVGNhbGN1bGF0b3IlMjklM0IlMEElMkYlMkYlMjAlNUQlNUQlM0UlM0MlMkZzY3JpcHQlM0UlMEElM0NkaXYlMjBpZCUzRCUyMmVsdF9qc29uX3dyYXBwZXIlMjIlM0VMb2FkaW5nLi4uJTNDJTJGZGl2JTNF[\/vc_raw_js][\/vc_column][\/vc_row][vc_row][vc_column][vc_empty_space height=&#8221;50px&#8221;][\/vc_column][\/vc_row][vc_row][vc_column width=&#8221;1\/2&#8243;][elx_download_block text=&#8221;Otkrijte na\u0161e hladnjake i zamrziva\u010de&#8221; link=&#8221;https:\/\/www.electroluxprofessional.com\/hr\/kuhinjska-oprema\/hladnjaci-i-zamrzivaci\/&#8221; background_color=&#8221;orange&#8221; reveal_effect=&#8221;&#8221; reveal_duration=&#8221;&#8221; reveal_delay=&#8221;&#8221;][\/vc_column][vc_column width=&#8221;1\/2&#8243;][\/vc_column][\/vc_row][vc_row][vc_column][vc_empty_space height=&#8221;50px&#8221;][elx_heading font_size=&#8221;h2&#8243; text_color=&#8221;inherit&#8221; text_align=&#8221;text-center&#8221;]Otkrijte \u0161ta na\u0161a rashladna oprema mo\u017ee u\u010diniti za va\u0161e poslovanje[\/elx_heading][elx_o2000_contact_us s=&#8221;Zahtjev za informacijama o u\u0161tedama na hla\u0111enju&#8221; country=&#8221;Croatia&#8221; container=&#8221;elxcontactus1480333446&#8243; r=&#8221;Htjela\/Htio bih znati vi\u0161e o u\u0161tedama na hla\u0111enju. Molim vas [&hellip;]\" \/>\n<meta property=\"og:url\" content=\"https:\/\/www.electroluxprofessional.com\/hr\/kuhinjska-oprema\/hladnjaci-i-zamrzivaci\/izracunajte-ustedu-na-hladenju\/\" \/>\n<meta property=\"og:site_name\" content=\"Electrolux Professional Hrvatska\" \/>\n<meta property=\"article:modified_time\" content=\"2024-07-02T12:27:29+00:00\" \/>\n<meta name=\"twitter:card\" content=\"summary_large_image\" \/>\n<meta name=\"twitter:label1\" content=\"Procijenjeno vrijeme \u010ditanja\" \/>\n\t<meta name=\"twitter:data1\" content=\"1 minuta\" \/>\n<script type=\"application\/ld+json\" class=\"yoast-schema-graph\">{\"@context\":\"https:\/\/schema.org\",\"@graph\":[{\"@type\":\"WebPage\",\"@id\":\"https:\/\/www.electroluxprofessional.com\/hr\/kuhinjska-oprema\/hladnjaci-i-zamrzivaci\/izracunajte-ustedu-na-hladenju\/\",\"url\":\"https:\/\/www.electroluxprofessional.com\/hr\/kuhinjska-oprema\/hladnjaci-i-zamrzivaci\/izracunajte-ustedu-na-hladenju\/\",\"name\":\"Izra\u010dunajte u\u0161tede na hla\u0111enju - Electrolux Professional Hrvatska\",\"isPartOf\":{\"@id\":\"https:\/\/www.electroluxprofessional.com\/hr\/#website\"},\"datePublished\":\"2017-05-03T09:13:28+00:00\",\"dateModified\":\"2024-07-02T12:27:29+00:00\",\"breadcrumb\":{\"@id\":\"https:\/\/www.electroluxprofessional.com\/hr\/kuhinjska-oprema\/hladnjaci-i-zamrzivaci\/izracunajte-ustedu-na-hladenju\/#breadcrumb\"},\"inLanguage\":\"hr\",\"potentialAction\":[{\"@type\":\"ReadAction\",\"target\":[\"https:\/\/www.electroluxprofessional.com\/hr\/kuhinjska-oprema\/hladnjaci-i-zamrzivaci\/izracunajte-ustedu-na-hladenju\/\"]}]},{\"@type\":\"BreadcrumbList\",\"@id\":\"https:\/\/www.electroluxprofessional.com\/hr\/kuhinjska-oprema\/hladnjaci-i-zamrzivaci\/izracunajte-ustedu-na-hladenju\/#breadcrumb\",\"itemListElement\":[{\"@type\":\"ListItem\",\"position\":1,\"name\":\"Po\u010detna stranica\",\"item\":\"https:\/\/www.electroluxprofessional.com\/hr\/\"},{\"@type\":\"ListItem\",\"position\":2,\"name\":\"Kuhinjska oprema\",\"item\":\"https:\/\/www.electroluxprofessional.com\/hr\/kuhinjska-oprema\/\"},{\"@type\":\"ListItem\",\"position\":3,\"name\":\"Hladnjaci i zamrziva\u010di\",\"item\":\"https:\/\/www.electroluxprofessional.com\/hr\/kuhinjska-oprema\/hladnjaci-i-zamrzivaci\/\"},{\"@type\":\"ListItem\",\"position\":4,\"name\":\"Izra\u010dunajte u\u0161tede na hla\u0111enju\"}]},{\"@type\":\"WebSite\",\"@id\":\"https:\/\/www.electroluxprofessional.com\/hr\/#website\",\"url\":\"https:\/\/www.electroluxprofessional.com\/hr\/\",\"name\":\"Electrolux Professional Hrvatska\",\"description\":\"\",\"potentialAction\":[{\"@type\":\"SearchAction\",\"target\":{\"@type\":\"EntryPoint\",\"urlTemplate\":\"https:\/\/www.electroluxprofessional.com\/hr\/?src={search_term_string}\"},\"query-input\":\"required name=search_term_string\"}],\"inLanguage\":\"hr\"}]}<\/script>\n<!-- \/ Yoast SEO plugin. -->","yoast_head_json":{"title":"Izra\u010dunajte u\u0161tede na hla\u0111enju - Electrolux Professional Hrvatska","robots":{"index":"index","follow":"follow","max-snippet":"max-snippet:-1","max-image-preview":"max-image-preview:large","max-video-preview":"max-video-preview:-1"},"canonical":"https:\/\/www.electroluxprofessional.com\/hr\/kuhinjska-oprema\/hladnjaci-i-zamrzivaci\/izracunajte-ustedu-na-hladenju\/","og_locale":"hr_HR","og_type":"article","og_title":"Izra\u010dunajte u\u0161tede na hla\u0111enju - Electrolux Professional Hrvatska","og_description":"[vc_row full_width=&#8221;electroluxpro-full-width-no-padding&#8221;][vc_column][elx_hero_slider label_text_color=&#8221;inherit&#8221; images=&#8221;1857&#8243;][elx_heading font_container=&#8221;h1&#8243; font_size=&#8221;h2&#8243; text_color=&#8221;inherit&#8221;]Izra\u010dunajte u\u0161tede na hla\u0111enju[\/elx_heading][\/elx_hero_slider][\/vc_column][\/vc_row][vc_row][vc_column][vc_empty_space][vc_raw_js]JTNDc2NyaXB0JTIwc3JjJTNEJTIyaHR0cHMlM0ElMkYlMkZ3d3cuZXByLWFwcHMuY29tJTJGd2lkZ2V0cyUyRmNvZGUlMkZhbmd1bGFyLm1pbi5qcyUyMiUzRSUzQyUyRnNjcmlwdCUzRSUwQSUzQ3NjcmlwdCUyMHNyYyUzRCUyMmh0dHBzJTNBJTJGJTJGd3d3LmVwci1hcHBzLmNvbSUyRndpZGdldHMlMkZjb2RlJTJGYW5ndWxhci1zYW5pdGl6ZS5qcyUyMiUzRSUzQyUyRnNjcmlwdCUzRSUwQSUwQSUwQSUzQ3NjcmlwdCUyMHNyYyUzRCUyMmh0dHBzJTNBJTJGJTJGd3d3LmVwci1hcHBzLmNvbSUyRmNhbGN1bGF0b3JzJTJGZWx0JTJGcmVzb3VyY2VzJTJGanMlMkZtYWluLm1pbi5qcyUyMiUyMHR5cGUlM0QlMjJ0ZXh0JTJGamF2YXNjcmlwdCUyMiUzRSUwQSUzQyUyRnNjcmlwdCUzRSUwQSUzQ3NjcmlwdCUyMHR5cGUlM0QlMjJ0ZXh0JTJGamF2YXNjcmlwdCUyMiUzRSUyRiUyRiUyMCUzQyUyMSU1QkNEQVRBJTVCJTBBdmFyJTIwc2V0dGluZ0VMVGNhbGN1bGF0b3IlMjAlM0QlMjAlN0IlMEFsYW5ndWFnZSUzQSUyN2hyJTI3JTJDJTBBY291bnRyeSUzQSUyNyUyNyUyQyUwQWNvbnRhaW5lciUzQSUyN2VsdF9qc29uX3dyYXBwZXIlMjclMEElN0QlMEF3aW5kb3cub25sb2FkJTIwJTNEJTIwb25Mb2FkYm9vdHN0cmFwRUxUJTI4c2V0dGluZ0VMVGNhbGN1bGF0b3IlMjklM0IlMEElMkYlMkYlMjAlNUQlNUQlM0UlM0MlMkZzY3JpcHQlM0UlMEElM0NkaXYlMjBpZCUzRCUyMmVsdF9qc29uX3dyYXBwZXIlMjIlM0VMb2FkaW5nLi4uJTNDJTJGZGl2JTNF[\/vc_raw_js][\/vc_column][\/vc_row][vc_row][vc_column][vc_empty_space height=&#8221;50px&#8221;][\/vc_column][\/vc_row][vc_row][vc_column width=&#8221;1\/2&#8243;][elx_download_block text=&#8221;Otkrijte na\u0161e hladnjake i zamrziva\u010de&#8221; link=&#8221;https:\/\/www.electroluxprofessional.com\/hr\/kuhinjska-oprema\/hladnjaci-i-zamrzivaci\/&#8221; background_color=&#8221;orange&#8221; reveal_effect=&#8221;&#8221; reveal_duration=&#8221;&#8221; reveal_delay=&#8221;&#8221;][\/vc_column][vc_column width=&#8221;1\/2&#8243;][\/vc_column][\/vc_row][vc_row][vc_column][vc_empty_space height=&#8221;50px&#8221;][elx_heading font_size=&#8221;h2&#8243; text_color=&#8221;inherit&#8221; text_align=&#8221;text-center&#8221;]Otkrijte \u0161ta na\u0161a rashladna oprema mo\u017ee u\u010diniti za va\u0161e poslovanje[\/elx_heading][elx_o2000_contact_us s=&#8221;Zahtjev za informacijama o u\u0161tedama na hla\u0111enju&#8221; country=&#8221;Croatia&#8221; container=&#8221;elxcontactus1480333446&#8243; r=&#8221;Htjela\/Htio bih znati vi\u0161e o u\u0161tedama na hla\u0111enju. Molim vas [&hellip;]","og_url":"https:\/\/www.electroluxprofessional.com\/hr\/kuhinjska-oprema\/hladnjaci-i-zamrzivaci\/izracunajte-ustedu-na-hladenju\/","og_site_name":"Electrolux Professional Hrvatska","article_modified_time":"2024-07-02T12:27:29+00:00","twitter_card":"summary_large_image","twitter_misc":{"Procijenjeno vrijeme \u010ditanja":"1 minuta"},"schema":{"@context":"https:\/\/schema.org","@graph":[{"@type":"WebPage","@id":"https:\/\/www.electroluxprofessional.com\/hr\/kuhinjska-oprema\/hladnjaci-i-zamrzivaci\/izracunajte-ustedu-na-hladenju\/","url":"https:\/\/www.electroluxprofessional.com\/hr\/kuhinjska-oprema\/hladnjaci-i-zamrzivaci\/izracunajte-ustedu-na-hladenju\/","name":"Izra\u010dunajte u\u0161tede na hla\u0111enju - Electrolux Professional Hrvatska","isPartOf":{"@id":"https:\/\/www.electroluxprofessional.com\/hr\/#website"},"datePublished":"2017-05-03T09:13:28+00:00","dateModified":"2024-07-02T12:27:29+00:00","breadcrumb":{"@id":"https:\/\/www.electroluxprofessional.com\/hr\/kuhinjska-oprema\/hladnjaci-i-zamrzivaci\/izracunajte-ustedu-na-hladenju\/#breadcrumb"},"inLanguage":"hr","potentialAction":[{"@type":"ReadAction","target":["https:\/\/www.electroluxprofessional.com\/hr\/kuhinjska-oprema\/hladnjaci-i-zamrzivaci\/izracunajte-ustedu-na-hladenju\/"]}]},{"@type":"BreadcrumbList","@id":"https:\/\/www.electroluxprofessional.com\/hr\/kuhinjska-oprema\/hladnjaci-i-zamrzivaci\/izracunajte-ustedu-na-hladenju\/#breadcrumb","itemListElement":[{"@type":"ListItem","position":1,"name":"Po\u010detna stranica","item":"https:\/\/www.electroluxprofessional.com\/hr\/"},{"@type":"ListItem","position":2,"name":"Kuhinjska oprema","item":"https:\/\/www.electroluxprofessional.com\/hr\/kuhinjska-oprema\/"},{"@type":"ListItem","position":3,"name":"Hladnjaci i zamrziva\u010di","item":"https:\/\/www.electroluxprofessional.com\/hr\/kuhinjska-oprema\/hladnjaci-i-zamrzivaci\/"},{"@type":"ListItem","position":4,"name":"Izra\u010dunajte u\u0161tede na hla\u0111enju"}]},{"@type":"WebSite","@id":"https:\/\/www.electroluxprofessional.com\/hr\/#website","url":"https:\/\/www.electroluxprofessional.com\/hr\/","name":"Electrolux Professional Hrvatska","description":"","potentialAction":[{"@type":"SearchAction","target":{"@type":"EntryPoint","urlTemplate":"https:\/\/www.electroluxprofessional.com\/hr\/?src={search_term_string}"},"query-input":"required name=search_term_string"}],"inLanguage":"hr"}]}},"_links":{"self":[{"href":"https:\/\/www.electroluxprofessional.com\/hr\/wp-json\/wp\/v2\/pages\/2269"}],"collection":[{"href":"https:\/\/www.electroluxprofessional.com\/hr\/wp-json\/wp\/v2\/pages"}],"about":[{"href":"https:\/\/www.electroluxprofessional.com\/hr\/wp-json\/wp\/v2\/types\/page"}],"author":[{"embeddable":true,"href":"https:\/\/www.electroluxprofessional.com\/hr\/wp-json\/wp\/v2\/users\/4"}],"replies":[{"embeddable":true,"href":"https:\/\/www.electroluxprofessional.com\/hr\/wp-json\/wp\/v2\/comments?post=2269"}],"version-history":[{"count":9,"href":"https:\/\/www.electroluxprofessional.com\/hr\/wp-json\/wp\/v2\/pages\/2269\/revisions"}],"predecessor-version":[{"id":117698,"href":"https:\/\/www.electroluxprofessional.com\/hr\/wp-json\/wp\/v2\/pages\/2269\/revisions\/117698"}],"up":[{"embeddable":true,"href":"https:\/\/www.electroluxprofessional.com\/hr\/wp-json\/wp\/v2\/pages\/2267"}],"wp:attachment":[{"href":"https:\/\/www.electroluxprofessional.com\/hr\/wp-json\/wp\/v2\/media?parent=2269"}],"curies":[{"name":"wp","href":"https:\/\/api.w.org\/{rel}","templated":true}]}}