{"id":2267,"date":"2017-05-03T09:12:14","date_gmt":"2017-05-03T09:12:14","guid":{"rendered":"https:\/\/www.electroluxprofessional.com\/hr\/?page_id=2267"},"modified":"2020-07-07T15:11:53","modified_gmt":"2020-07-07T15:11:53","slug":"hladnjaci-i-zamrzivaci","status":"publish","type":"page","link":"https:\/\/www.electroluxprofessional.com\/hr\/kuhinjska-oprema\/hladnjaci-i-zamrzivaci\/","title":{"rendered":"Hladnjaci i zamrziva\u010di"},"content":{"rendered":"<p>[vc_row full_width=&#8221;electroluxpro-full-width-no-padding&#8221;][vc_column][elx_image_block background_image=&#8221;1857&#8243; minimum_height=&#8221;400px&#8221;][vc_empty_space][\/vc_column][\/vc_row][vc_row][vc_column][elx_heading font_container=&#8221;h1&#8243; font_size=&#8221;h1&#8243; text_color=&#8221;inherit&#8221; text_align=&#8221;text-left&#8221;]Hladnjaci i zamrziva\u010di \u2013 remek-djela za o\u010duvanje hrane[\/elx_heading][vc_empty_space][\/vc_column][\/vc_row][vc_row][vc_column][vc_empty_space][elx_heading text_color=&#8221;inherit&#8221; text_align=&#8221;text-left&#8221;]<strong>ecostore<sup>HP<\/sup> u A klasi dizajniran za zahtjevne radne uvjete<\/strong>[\/elx_heading][vc_empty_space][vc_column_text]Electrolux Professional ecostore<sup>HP<\/sup>\u00a0 A klase kompatibilan je s najvi\u0161im zahtjevima za prvo obvezno ozna\u010davanje energetske u\u010dinkovitosti profesionalnih hladnjaka i zamrziva\u010da diljem Europe.[\/vc_column_text][vc_empty_space][\/vc_column][\/vc_row][vc_row][vc_column width=&#8221;1\/2&#8243;][vc_single_image image=&#8221;656&#8243; img_size=&#8221;full&#8221;][\/vc_column][vc_column width=&#8221;1\/2&#8243;][elx_simple_block background_color=&#8221;inherit&#8221;][elx_heading font_size=&#8221;h4&#8243; text_color=&#8221;inherit&#8221;]Ve\u0107i kapacitet i najbolji u klasi kada je u pitanju energetska u\u010dinkovitost.<\/p>\n<p>Smanjite svoj ra\u010dun za struju za 80 % i u\u0161tedite do 830 eura godi\u0161nje*.<br \/>\n[\/elx_heading][vc_single_image image=&#8221;3466&#8243; img_size=&#8221;full&#8221; alignment=&#8221;center&#8221;][\/elx_simple_block][\/vc_column][\/vc_row][vc_row][vc_column][vc_column_text]* Potencijalne u\u0161tede na temelju direktive podataka Europskog ekodizajna dobivene usporedbom klase G hladnjaka i zamrziva\u010da s ekvivalentnim ormari\u0107ima klase A (tro\u0161ak energije od 0,21 \u20ac\/kWh i neto volumen 503 l). Oznaka je u skladu s delegiranim propisom (UE) 2015\/1094 koji se po\u010deo primjenjivati 5. svibnja 2015.[\/vc_column_text][\/vc_column][\/vc_row][vc_row][vc_column][vc_empty_space][elx_heading font_size=&#8221;h3&#8243; text_color=&#8221;inherit&#8221;]Za\u0161to bi moja tvrtka ulo\u017eila u ecostore?[\/elx_heading][\/vc_column][\/vc_row][vc_row][vc_column width=&#8221;1\/3&#8243;][vc_single_image image=&#8221;686&#8243; alignment=&#8221;center&#8221;][elx_heading font_size=&#8221;h4&#8243; text_color=&#8221;inherit&#8221; text_align=&#8221;text-center&#8221;]Pametni radni u\u010dinak[\/elx_heading][vc_column_text]<\/p>\n<p style=\"text-align: center;\"><strong>Sustav cirkuliranja zraka<\/strong><\/p>\n<p>[\/vc_column_text][vc_column_text]ecostore ormari\u0107i, opremljeni kontrolom zamrzavanja, pru\u017eaju velike prednosti u kuhinjama s \u010destim otvaranjem vrata zato jer optimiziraju topljenje leda, izbjegavaju\u0107i nagle promjene u temperaturi, smanjuju naglo stvaranje bakterija, kvarenje hrane i veliku potro\u0161nju energije.[\/vc_column_text][\/vc_column][vc_column width=&#8221;1\/3&#8243;][vc_single_image image=&#8221;683&#8243; alignment=&#8221;center&#8221;][elx_heading font_size=&#8221;h4&#8243; text_color=&#8221;inherit&#8221; text_align=&#8221;text-center&#8221;]Energetska u\u010dinkovitost<br \/>\n[\/elx_heading][vc_column_text]<\/p>\n<p style=\"text-align: center;\"><strong>65 % manja potro\u0161nja energije*<\/strong><\/p>\n<p>[\/vc_column_text][vc_column_text]Kako bi vam jam\u010dili besprijekornu u\u010dinkovitost, na\u0161i ecostore rashladni ormari\u0107i klasificirani su prema najstro\u017eim me\u0111unarodnim standardima za za\u0161titu okoli\u0161a i kontrolu tro\u0161kova, kao \u0161to su ECA, EIA, Go&#8217;Energy i Europska oznaka energije.[\/vc_column_text][\/vc_column][vc_column width=&#8221;1\/3&#8243;][vc_single_image image=&#8221;682&#8243; alignment=&#8221;center&#8221;][elx_heading font_size=&#8221;h4&#8243; text_color=&#8221;inherit&#8221; text_align=&#8221;text-center&#8221;]Skladi\u0161ni kapacitet<br \/>\n[\/elx_heading][vc_column_text]<\/p>\n<p style=\"text-align: center;\"><strong>Do 50 litara prostora vi\u0161e*<\/strong><\/p>\n<p>[\/vc_column_text][vc_column_text]Zahvaljuju\u0107i svom novom dizajnu, Electrolux ecostore ormari\u0107i pru\u017eaju u prosjeku 50 litara dodatnog prostora u usporedbi sa sli\u010dnim rashladnim ormari\u0107ima na tr\u017ei\u0161tu. Iznimna \u010dvrsto\u0107a zajam\u010dena je unutarnjom i vanjskom konstrukcijom od nehr\u0111aju\u0107eg \u010delika AISI 304.[\/vc_column_text][\/vc_column][\/vc_row][vc_row][vc_column][vc_empty_space][elx_heading font_size=&#8221;h3&#8243; text_color=&#8221;inherit&#8221;]Optiflow: najbolji rezultati hla\u0111enja uz prilagodbu temperature i istovremenu u\u0161tedu energije[\/elx_heading][\/vc_column][\/vc_row][vc_row][vc_column width=&#8221;1\/2&#8243;][vc_empty_space][elx_simple_block background_color=&#8221;inherit&#8221;][vc_column_text]Optiflow je inteligentan sustav kru\u017eenja zraka koji se prilago\u0111ava svom teretu za najbolje rezultate hla\u0111enja, optimalnu prilagodbu temperature i pove\u0107anu u\u0161tedu u potro\u0161nji energije.<\/p>\n<p>U ecostore ormari\u0107ima razvijen je oblik kondenzatora koji smanjuje otpor prilikom prolaska zraka, smanjuju\u0107i svoju dubinu i stoga jam\u010di najbolje rezultate hla\u0111enja.[\/vc_column_text][\/elx_simple_block][\/vc_column][vc_column width=&#8221;1\/2&#8243;][vc_single_image image=&#8221;1861&#8243; img_size=&#8221;full&#8221;][\/vc_column][\/vc_row][vc_row][vc_column][vc_column_text]<\/p>\n<h4 style=\"text-align: center;\">ecostore je stvoren za profesionalnu ciljnu skupinu s velikim zahtjevima. ecostore je izbor bilo koje tvrtke koja cijeni kombinaciju inovacije, pouzdanosti i odr\u017eivosti.<\/h4>\n<p>[\/vc_column_text][\/vc_column][\/vc_row][vc_row][vc_column width=&#8221;1\/3&#8243;][elx_video_block background_image=&#8221;1054&#8243; video_link=&#8221;https:\/\/www.youtube.com\/watch?v=_0KtaFIQdMI&#8221; minimum_height=&#8221;260px&#8221;][vc_column_text]ecostore<sup>HP<\/sup> &#8211; vrhunska klasa hla\u0111enja[\/vc_column_text][\/vc_column][vc_column width=&#8221;1\/3&#8243;][elx_video_block background_image=&#8221;1858&#8243; video_link=&#8221;https:\/\/www.youtube.com\/watch?v=Uax3dUWNTQs&#8221; minimum_height=&#8221;260px&#8221;][vc_column_text]ecostore rashladni ormari\u0107i[\/vc_column_text][\/vc_column][vc_column width=&#8221;1\/3&#8243;][elx_download_block text=&#8221;ecostore<br \/>\necoguide&#8221; link=&#8221;files.professional.electrolux.com\/docs\/?n=ECO-9JEFT&amp;b=5&amp;l=1&#8243; background_color=&#8221;restaurant&#8221; reveal_effect=&#8221;&#8221; reveal_duration=&#8221;&#8221; reveal_delay=&#8221;&#8221;][elx_download_block text=&#8221;Bro\u0161ura Ecostore rashladnih ormari\u0107a<br \/>\n&#8221; link=&#8221;files.professional.electrolux.com\/docs\/?n=BR-9JEFI&amp;b=5&amp;l=1&#8243; background_color=&#8221;restaurant&#8221; reveal_effect=&#8221;&#8221; reveal_duration=&#8221;&#8221; reveal_delay=&#8221;&#8221;][\/vc_column][\/vc_row][vc_row][vc_column][vc_empty_space height=&#8221;50px&#8221;][elx_heading font_size=&#8221;h3&#8243; text_color=&#8221;inherit&#8221; text_align=&#8221;text-center&#8221;]Prona\u0111ite idealan paket za svoje poslovanje!<br \/>\n[\/elx_heading][\/vc_column][\/vc_row][vc_row][vc_column width=&#8221;1\/3&#8243;][elx_maylike_box id_box=&#8221;2802&#8243; matched_labels=&#8221;&#8221;][\/vc_column][vc_column width=&#8221;1\/3&#8243;][elx_maylike_box id_box=&#8221;3811&#8243; matched_labels=&#8221;&#8221;][\/vc_column][vc_column width=&#8221;1\/3&#8243;][elx_maylike_box id_box=&#8221;2799&#8243; matched_labels=&#8221;&#8221;][\/vc_column][\/vc_row][vc_row][vc_column][vc_empty_space height=&#8221;50px&#8221;][elx_heading text_color=&#8221;inherit&#8221; text_align=&#8221;text-center&#8221;]Otkrijte \u0161ta na\u0161a rashladna oprema mo\u017ee u\u010diniti za va\u0161e poslovanje<br \/>\n[\/elx_heading][elx_o2000_contact_us r=&#8221;\u017delim saznati vi\u0161e o ormari\u0107ima. Molim da me kontaktirate.&#8221; s=&#8221;Request of information about cabinets&#8221; country=&#8221;Croatia&#8221; l=&#8221;hr&#8221; container=&#8221;elxcontactus1480089212&#8243;][vc_empty_space height=&#8221;50px&#8221;][\/vc_column][\/vc_row]<\/p>\n","protected":false},"excerpt":{"rendered":"<p>[vc_row full_width=&#8221;electroluxpro-full-width-no-padding&#8221;][vc_column][elx_image_block background_image=&#8221;1857&#8243; minimum_height=&#8221;400px&#8221;][vc_empty_space][\/vc_column][\/vc_row][vc_row][vc_column][elx_heading font_container=&#8221;h1&#8243; font_size=&#8221;h1&#8243; text_color=&#8221;inherit&#8221; text_align=&#8221;text-left&#8221;]Hladnjaci i zamrziva\u010di \u2013 remek-djela za o\u010duvanje hrane[\/elx_heading][vc_empty_space][\/vc_column][\/vc_row][vc_row][vc_column][vc_empty_space][elx_heading text_color=&#8221;inherit&#8221; text_align=&#8221;text-left&#8221;]ecostoreHP u A klasi dizajniran za zahtjevne radne uvjete[\/elx_heading][vc_empty_space][vc_column_text]Electrolux Professional ecostoreHP\u00a0 A klase kompatibilan je s najvi\u0161im zahtjevima za prvo obvezno ozna\u010davanje energetske u\u010dinkovitosti profesionalnih hladnjaka i zamrziva\u010da diljem Europe.[\/vc_column_text][vc_empty_space][\/vc_column][\/vc_row][vc_row][vc_column width=&#8221;1\/2&#8243;][vc_single_image image=&#8221;656&#8243; img_size=&#8221;full&#8221;][\/vc_column][vc_column width=&#8221;1\/2&#8243;][elx_simple_block background_color=&#8221;inherit&#8221;][elx_heading font_size=&#8221;h4&#8243; text_color=&#8221;inherit&#8221;]Ve\u0107i kapacitet i [&hellip;]<\/p>\n","protected":false},"author":4,"featured_media":0,"parent":2186,"menu_order":0,"comment_status":"closed","ping_status":"closed","template":"","meta":{"footnotes":""},"class_list":["post-2267","page","type-page","status-publish","hentry"],"acf":[],"yoast_head":"<!-- This site is optimized with the Yoast SEO plugin v23.3 - https:\/\/yoast.com\/wordpress\/plugins\/seo\/ -->\n<title>Hladnjaci i zamrziva\u010di - Electrolux Professional Hrvatska<\/title>\n<meta name=\"robots\" content=\"index, follow, max-snippet:-1, max-image-preview:large, max-video-preview:-1\" \/>\n<link rel=\"canonical\" href=\"https:\/\/www.electroluxprofessional.com\/hr\/kuhinjska-oprema\/hladnjaci-i-zamrzivaci\/\" \/>\n<meta property=\"og:locale\" content=\"hr_HR\" \/>\n<meta property=\"og:type\" content=\"article\" \/>\n<meta property=\"og:title\" content=\"Hladnjaci i zamrziva\u010di - Electrolux Professional Hrvatska\" \/>\n<meta property=\"og:description\" content=\"[vc_row full_width=&#8221;electroluxpro-full-width-no-padding&#8221;][vc_column][elx_image_block background_image=&#8221;1857&#8243; minimum_height=&#8221;400px&#8221;][vc_empty_space][\/vc_column][\/vc_row][vc_row][vc_column][elx_heading font_container=&#8221;h1&#8243; font_size=&#8221;h1&#8243; text_color=&#8221;inherit&#8221; text_align=&#8221;text-left&#8221;]Hladnjaci i zamrziva\u010di \u2013 remek-djela za o\u010duvanje hrane[\/elx_heading][vc_empty_space][\/vc_column][\/vc_row][vc_row][vc_column][vc_empty_space][elx_heading text_color=&#8221;inherit&#8221; text_align=&#8221;text-left&#8221;]ecostoreHP u A klasi dizajniran za zahtjevne radne uvjete[\/elx_heading][vc_empty_space][vc_column_text]Electrolux Professional ecostoreHP\u00a0 A klase kompatibilan je s najvi\u0161im zahtjevima za prvo obvezno ozna\u010davanje energetske u\u010dinkovitosti profesionalnih hladnjaka i zamrziva\u010da diljem Europe.[\/vc_column_text][vc_empty_space][\/vc_column][\/vc_row][vc_row][vc_column width=&#8221;1\/2&#8243;][vc_single_image image=&#8221;656&#8243; img_size=&#8221;full&#8221;][\/vc_column][vc_column width=&#8221;1\/2&#8243;][elx_simple_block background_color=&#8221;inherit&#8221;][elx_heading font_size=&#8221;h4&#8243; text_color=&#8221;inherit&#8221;]Ve\u0107i kapacitet i [&hellip;]\" \/>\n<meta property=\"og:url\" content=\"https:\/\/www.electroluxprofessional.com\/hr\/kuhinjska-oprema\/hladnjaci-i-zamrzivaci\/\" \/>\n<meta property=\"og:site_name\" content=\"Electrolux Professional Hrvatska\" \/>\n<meta property=\"article:modified_time\" content=\"2020-07-07T15:11:53+00:00\" \/>\n<meta name=\"twitter:card\" content=\"summary_large_image\" \/>\n<meta name=\"twitter:label1\" content=\"Procijenjeno vrijeme \u010ditanja\" \/>\n\t<meta name=\"twitter:data1\" content=\"5 minuta\" \/>\n<script type=\"application\/ld+json\" class=\"yoast-schema-graph\">{\"@context\":\"https:\/\/schema.org\",\"@graph\":[{\"@type\":\"WebPage\",\"@id\":\"https:\/\/www.electroluxprofessional.com\/hr\/kuhinjska-oprema\/hladnjaci-i-zamrzivaci\/\",\"url\":\"https:\/\/www.electroluxprofessional.com\/hr\/kuhinjska-oprema\/hladnjaci-i-zamrzivaci\/\",\"name\":\"Hladnjaci i zamrziva\u010di - Electrolux Professional Hrvatska\",\"isPartOf\":{\"@id\":\"https:\/\/www.electroluxprofessional.com\/hr\/#website\"},\"datePublished\":\"2017-05-03T09:12:14+00:00\",\"dateModified\":\"2020-07-07T15:11:53+00:00\",\"breadcrumb\":{\"@id\":\"https:\/\/www.electroluxprofessional.com\/hr\/kuhinjska-oprema\/hladnjaci-i-zamrzivaci\/#breadcrumb\"},\"inLanguage\":\"hr\",\"potentialAction\":[{\"@type\":\"ReadAction\",\"target\":[\"https:\/\/www.electroluxprofessional.com\/hr\/kuhinjska-oprema\/hladnjaci-i-zamrzivaci\/\"]}]},{\"@type\":\"BreadcrumbList\",\"@id\":\"https:\/\/www.electroluxprofessional.com\/hr\/kuhinjska-oprema\/hladnjaci-i-zamrzivaci\/#breadcrumb\",\"itemListElement\":[{\"@type\":\"ListItem\",\"position\":1,\"name\":\"Po\u010detna stranica\",\"item\":\"https:\/\/www.electroluxprofessional.com\/hr\/\"},{\"@type\":\"ListItem\",\"position\":2,\"name\":\"Kuhinjska oprema\",\"item\":\"https:\/\/www.electroluxprofessional.com\/hr\/kuhinjska-oprema\/\"},{\"@type\":\"ListItem\",\"position\":3,\"name\":\"Hladnjaci i zamrziva\u010di\"}]},{\"@type\":\"WebSite\",\"@id\":\"https:\/\/www.electroluxprofessional.com\/hr\/#website\",\"url\":\"https:\/\/www.electroluxprofessional.com\/hr\/\",\"name\":\"Electrolux Professional Hrvatska\",\"description\":\"\",\"potentialAction\":[{\"@type\":\"SearchAction\",\"target\":{\"@type\":\"EntryPoint\",\"urlTemplate\":\"https:\/\/www.electroluxprofessional.com\/hr\/?src={search_term_string}\"},\"query-input\":\"required name=search_term_string\"}],\"inLanguage\":\"hr\"}]}<\/script>\n<!-- \/ Yoast SEO plugin. -->","yoast_head_json":{"title":"Hladnjaci i zamrziva\u010di - Electrolux Professional Hrvatska","robots":{"index":"index","follow":"follow","max-snippet":"max-snippet:-1","max-image-preview":"max-image-preview:large","max-video-preview":"max-video-preview:-1"},"canonical":"https:\/\/www.electroluxprofessional.com\/hr\/kuhinjska-oprema\/hladnjaci-i-zamrzivaci\/","og_locale":"hr_HR","og_type":"article","og_title":"Hladnjaci i zamrziva\u010di - Electrolux Professional Hrvatska","og_description":"[vc_row full_width=&#8221;electroluxpro-full-width-no-padding&#8221;][vc_column][elx_image_block background_image=&#8221;1857&#8243; minimum_height=&#8221;400px&#8221;][vc_empty_space][\/vc_column][\/vc_row][vc_row][vc_column][elx_heading font_container=&#8221;h1&#8243; font_size=&#8221;h1&#8243; text_color=&#8221;inherit&#8221; text_align=&#8221;text-left&#8221;]Hladnjaci i zamrziva\u010di \u2013 remek-djela za o\u010duvanje hrane[\/elx_heading][vc_empty_space][\/vc_column][\/vc_row][vc_row][vc_column][vc_empty_space][elx_heading text_color=&#8221;inherit&#8221; text_align=&#8221;text-left&#8221;]ecostoreHP u A klasi dizajniran za zahtjevne radne uvjete[\/elx_heading][vc_empty_space][vc_column_text]Electrolux Professional ecostoreHP\u00a0 A klase kompatibilan je s najvi\u0161im zahtjevima za prvo obvezno ozna\u010davanje energetske u\u010dinkovitosti profesionalnih hladnjaka i zamrziva\u010da diljem Europe.[\/vc_column_text][vc_empty_space][\/vc_column][\/vc_row][vc_row][vc_column width=&#8221;1\/2&#8243;][vc_single_image image=&#8221;656&#8243; img_size=&#8221;full&#8221;][\/vc_column][vc_column width=&#8221;1\/2&#8243;][elx_simple_block background_color=&#8221;inherit&#8221;][elx_heading font_size=&#8221;h4&#8243; text_color=&#8221;inherit&#8221;]Ve\u0107i kapacitet i [&hellip;]","og_url":"https:\/\/www.electroluxprofessional.com\/hr\/kuhinjska-oprema\/hladnjaci-i-zamrzivaci\/","og_site_name":"Electrolux Professional Hrvatska","article_modified_time":"2020-07-07T15:11:53+00:00","twitter_card":"summary_large_image","twitter_misc":{"Procijenjeno vrijeme \u010ditanja":"5 minuta"},"schema":{"@context":"https:\/\/schema.org","@graph":[{"@type":"WebPage","@id":"https:\/\/www.electroluxprofessional.com\/hr\/kuhinjska-oprema\/hladnjaci-i-zamrzivaci\/","url":"https:\/\/www.electroluxprofessional.com\/hr\/kuhinjska-oprema\/hladnjaci-i-zamrzivaci\/","name":"Hladnjaci i zamrziva\u010di - Electrolux Professional Hrvatska","isPartOf":{"@id":"https:\/\/www.electroluxprofessional.com\/hr\/#website"},"datePublished":"2017-05-03T09:12:14+00:00","dateModified":"2020-07-07T15:11:53+00:00","breadcrumb":{"@id":"https:\/\/www.electroluxprofessional.com\/hr\/kuhinjska-oprema\/hladnjaci-i-zamrzivaci\/#breadcrumb"},"inLanguage":"hr","potentialAction":[{"@type":"ReadAction","target":["https:\/\/www.electroluxprofessional.com\/hr\/kuhinjska-oprema\/hladnjaci-i-zamrzivaci\/"]}]},{"@type":"BreadcrumbList","@id":"https:\/\/www.electroluxprofessional.com\/hr\/kuhinjska-oprema\/hladnjaci-i-zamrzivaci\/#breadcrumb","itemListElement":[{"@type":"ListItem","position":1,"name":"Po\u010detna stranica","item":"https:\/\/www.electroluxprofessional.com\/hr\/"},{"@type":"ListItem","position":2,"name":"Kuhinjska oprema","item":"https:\/\/www.electroluxprofessional.com\/hr\/kuhinjska-oprema\/"},{"@type":"ListItem","position":3,"name":"Hladnjaci i zamrziva\u010di"}]},{"@type":"WebSite","@id":"https:\/\/www.electroluxprofessional.com\/hr\/#website","url":"https:\/\/www.electroluxprofessional.com\/hr\/","name":"Electrolux Professional Hrvatska","description":"","potentialAction":[{"@type":"SearchAction","target":{"@type":"EntryPoint","urlTemplate":"https:\/\/www.electroluxprofessional.com\/hr\/?src={search_term_string}"},"query-input":"required name=search_term_string"}],"inLanguage":"hr"}]}},"_links":{"self":[{"href":"https:\/\/www.electroluxprofessional.com\/hr\/wp-json\/wp\/v2\/pages\/2267"}],"collection":[{"href":"https:\/\/www.electroluxprofessional.com\/hr\/wp-json\/wp\/v2\/pages"}],"about":[{"href":"https:\/\/www.electroluxprofessional.com\/hr\/wp-json\/wp\/v2\/types\/page"}],"author":[{"embeddable":true,"href":"https:\/\/www.electroluxprofessional.com\/hr\/wp-json\/wp\/v2\/users\/4"}],"replies":[{"embeddable":true,"href":"https:\/\/www.electroluxprofessional.com\/hr\/wp-json\/wp\/v2\/comments?post=2267"}],"version-history":[{"count":12,"href":"https:\/\/www.electroluxprofessional.com\/hr\/wp-json\/wp\/v2\/pages\/2267\/revisions"}],"predecessor-version":[{"id":6229,"href":"https:\/\/www.electroluxprofessional.com\/hr\/wp-json\/wp\/v2\/pages\/2267\/revisions\/6229"}],"up":[{"embeddable":true,"href":"https:\/\/www.electroluxprofessional.com\/hr\/wp-json\/wp\/v2\/pages\/2186"}],"wp:attachment":[{"href":"https:\/\/www.electroluxprofessional.com\/hr\/wp-json\/wp\/v2\/media?parent=2267"}],"curies":[{"name":"wp","href":"https:\/\/api.w.org\/{rel}","templated":true}]}}