{"id":2258,"date":"2017-05-03T09:04:21","date_gmt":"2017-05-03T09:04:21","guid":{"rendered":"https:\/\/www.electroluxprofessional.com\/hr\/?page_id=2258"},"modified":"2025-11-06T13:03:13","modified_gmt":"2025-11-06T13:03:13","slug":"xp-zakretne-pecenjare-i-kotlovi","status":"publish","type":"page","link":"https:\/\/www.electroluxprofessional.com\/hr\/xp-zakretne-pecenjare-i-kotlovi\/","title":{"rendered":"XP Zakretne pe\u010denjare i kotlovi"},"content":{"rendered":"<p>[vc_row full_width=&#8221;electroluxpro-full-width-no-padding&#8221;][vc_column][elx_hero_slider label_text_color=&#8221;inherit&#8221; images=&#8221;1833&#8243;][elx_heading font_container=&#8221;h1&#8243; font_size=&#8221;h2&#8243; text_color=&#8221;inherit&#8221;]900XP i 700XP<br \/>\nZakretne pe\u010denjare i kotlovi[\/elx_heading][\/elx_hero_slider][\/vc_column][\/vc_row][vc_row][vc_column][vc_empty_space height=&#8221;50px&#8221;][\/vc_column][\/vc_row][vc_row][vc_column width=&#8221;1\/2&#8243;][vc_empty_space height=&#8221;50px&#8221;][elx_heading font_size=&#8221;h2&#8243; text_color=&#8221;inherit&#8221;]900XP i 700XP<br \/>\nVjerujte iskustvu<br \/>\n[\/elx_heading][vc_empty_space][vc_column_text]Vrhunsko rje\u0161enje za suho i mokro kuhanje velikih koli\u010dina.<br \/>\nZakretne pe\u010denjare s inovativnom Duomat povr\u0161inom za kuhanje (kombinacija vi\u0161e vrsta mije\u0161anog nehr\u0111aju\u0107eg \u010delika) najbolje je rje\u0161enje za jamstvo ravnomjerne temperature na cijeloj povr\u0161ini za kuhanje.[\/vc_column_text][\/vc_column][vc_column width=&#8221;1\/2&#8243;][vc_single_image image=&#8221;1832&#8243; img_size=&#8221;large&#8221;][\/vc_column][\/vc_row][vc_row][vc_column width=&#8221;1\/3&#8243;][elx_heading font_size=&#8221;h4&#8243; text_color=&#8221;inherit&#8221;]Nevjerojatna jednostavnost[\/elx_heading][vc_column_text]\u010cak i najnepristupa\u010dnija mjesta lako se \u010diste.[\/vc_column_text][\/vc_column][vc_column width=&#8221;1\/3&#8243;][elx_heading font_size=&#8221;h4&#8243; text_color=&#8221;inherit&#8221;]Nevjerojatna isplativost<br \/>\n[\/elx_heading][vc_column_text]XP vam omogu\u0107uje u\u0161tedu, a da pritom pazite i na okoli\u0161.[\/vc_column_text][\/vc_column][vc_column width=&#8221;1\/3&#8243;][elx_heading font_size=&#8221;h4&#8243; text_color=&#8221;inherit&#8221;]Nevjerojatna osebujnost[\/elx_heading][vc_column_text]Cjelokupan asortiman, ure\u0111aji, pro\u0161irena usluga.[\/vc_column_text][\/vc_column][\/vc_row][vc_row][vc_column][vc_empty_space][\/vc_column][\/vc_row][vc_row][vc_column width=&#8221;1\/4&#8243;][elx_download_block text=&#8221;900XP i 700XP modularno kuhanje&#8221; link=&#8221;files.professional.electrolux.com\/docs\/?n=BR-9JEEX&amp;b=5&amp;l=1&#8243; background_color=&#8221;orange&#8221; reveal_effect=&#8221;&#8221; reveal_duration=&#8221;&#8221; reveal_delay=&#8221;&#8221;][\/vc_column][vc_column width=&#8221;1\/4&#8243;][elx_download_block text=&#8221;900XP i 700XP Dodaci<br \/>\n&#8221; link=&#8221;files.professional.electrolux.com\/docs\/?n=BR-9JEIE&amp;b=5&amp;l=1&#8243; background_color=&#8221;orange&#8221; reveal_effect=&#8221;&#8221; reveal_duration=&#8221;&#8221; reveal_delay=&#8221;&#8221;][\/vc_column][vc_column width=&#8221;1\/4&#8243;][elx_download_block text=&#8221;900XP i 700XP prostrane kuhinje<br \/>\n&#8221; link=&#8221;files.professional.electrolux.com\/docs\/?n=BR-9JEFC&amp;b=5&amp;l=1&#8243; background_color=&#8221;orange&#8221; reveal_effect=&#8221;&#8221; reveal_duration=&#8221;&#8221; reveal_delay=&#8221;&#8221;][\/vc_column][vc_column width=&#8221;1\/4&#8243;][elx_download_block text=&#8221;900XP i 700XP puna usluga&#8221; link=&#8221;files.professional.electrolux.com\/docs\/?n=BR-9JEFB&amp;b=5&amp;l=1&#8243; background_color=&#8221;orange&#8221; reveal_effect=&#8221;&#8221; reveal_duration=&#8221;&#8221; reveal_delay=&#8221;&#8221;][\/vc_column][\/vc_row][vc_row][vc_column][vc_empty_space height=&#8221;50px&#8221;][\/vc_column][\/vc_row][vc_row][vc_column][elx_heading font_size=&#8221;h3&#8243; text_color=&#8221;inherit&#8221; text_align=&#8221;text-center&#8221;]Prona\u0111ite idealan paket za svoje poslovanje[\/elx_heading][\/vc_column][\/vc_row][vc_row][vc_column width=&#8221;1\/3&#8243;][elx_maylike_box id_box=&#8221;2802&#8243; matched_labels=&#8221;&#8221;][\/vc_column][vc_column width=&#8221;1\/3&#8243;][elx_maylike_box id_box=&#8221;2799&#8243; matched_labels=&#8221;&#8221;][\/vc_column][vc_column width=&#8221;1\/3&#8243;][elx_maylike_box id_box=&#8221;2826&#8243; matched_labels=&#8221;&#8221;][\/vc_column][\/vc_row][vc_row][vc_column][vc_empty_space height=&#8221;50px&#8221;][elx_heading font_size=&#8221;h2&#8243; text_color=&#8221;inherit&#8221;]Otkrijte \u0161to 900XP i 700XP mogu u\u010diniti za va\u0161e poslovanje[\/elx_heading][elx_o2000_contact_us r=&#8221;\u017delim saznati vi\u0161e o 900XP i 700XP zakretnim pe\u010denjarama i kotlovima. Molim da me kontaktirate.&#8221; s=&#8221;Request of information about 900XP &amp; 700XP braising and boiling pans&#8221; country=&#8221;Croatia&#8221; l=&#8221;hr&#8221; container=&#8221;elxcontactus1479897144&#8243;][vc_empty_space height=&#8221;50px&#8221;][\/vc_column][\/vc_row]<\/p>\n","protected":false},"excerpt":{"rendered":"<p>[vc_row full_width=&#8221;electroluxpro-full-width-no-padding&#8221;][vc_column][elx_hero_slider label_text_color=&#8221;inherit&#8221; images=&#8221;1833&#8243;][elx_heading font_container=&#8221;h1&#8243; font_size=&#8221;h2&#8243; text_color=&#8221;inherit&#8221;]900XP i 700XP Zakretne pe\u010denjare i kotlovi[\/elx_heading][\/elx_hero_slider][\/vc_column][\/vc_row][vc_row][vc_column][vc_empty_space height=&#8221;50px&#8221;][\/vc_column][\/vc_row][vc_row][vc_column width=&#8221;1\/2&#8243;][vc_empty_space height=&#8221;50px&#8221;][elx_heading font_size=&#8221;h2&#8243; text_color=&#8221;inherit&#8221;]900XP i 700XP Vjerujte iskustvu [\/elx_heading][vc_empty_space][vc_column_text]Vrhunsko rje\u0161enje za suho i mokro kuhanje velikih koli\u010dina. Zakretne pe\u010denjare s inovativnom Duomat povr\u0161inom za kuhanje (kombinacija vi\u0161e vrsta mije\u0161anog nehr\u0111aju\u0107eg \u010delika) najbolje je rje\u0161enje za jamstvo ravnomjerne temperature na cijeloj povr\u0161ini [&hellip;]<\/p>\n","protected":false},"author":4,"featured_media":0,"parent":0,"menu_order":0,"comment_status":"closed","ping_status":"closed","template":"","meta":{"footnotes":""},"class_list":["post-2258","page","type-page","status-publish","hentry"],"acf":[],"yoast_head":"<!-- This site is optimized with the Yoast SEO plugin v23.3 - https:\/\/yoast.com\/wordpress\/plugins\/seo\/ -->\n<title>XP Zakretne pe\u010denjare i kotlovi - Electrolux Professional Hrvatska<\/title>\n<meta name=\"robots\" content=\"index, follow, max-snippet:-1, max-image-preview:large, max-video-preview:-1\" \/>\n<link rel=\"canonical\" href=\"https:\/\/www.electroluxprofessional.com\/hr\/xp-zakretne-pecenjare-i-kotlovi\/\" \/>\n<meta property=\"og:locale\" content=\"hr_HR\" \/>\n<meta property=\"og:type\" content=\"article\" \/>\n<meta property=\"og:title\" content=\"XP Zakretne pe\u010denjare i kotlovi - Electrolux Professional Hrvatska\" \/>\n<meta property=\"og:description\" content=\"[vc_row full_width=&#8221;electroluxpro-full-width-no-padding&#8221;][vc_column][elx_hero_slider label_text_color=&#8221;inherit&#8221; images=&#8221;1833&#8243;][elx_heading font_container=&#8221;h1&#8243; font_size=&#8221;h2&#8243; text_color=&#8221;inherit&#8221;]900XP i 700XP Zakretne pe\u010denjare i kotlovi[\/elx_heading][\/elx_hero_slider][\/vc_column][\/vc_row][vc_row][vc_column][vc_empty_space height=&#8221;50px&#8221;][\/vc_column][\/vc_row][vc_row][vc_column width=&#8221;1\/2&#8243;][vc_empty_space height=&#8221;50px&#8221;][elx_heading font_size=&#8221;h2&#8243; text_color=&#8221;inherit&#8221;]900XP i 700XP Vjerujte iskustvu [\/elx_heading][vc_empty_space][vc_column_text]Vrhunsko rje\u0161enje za suho i mokro kuhanje velikih koli\u010dina. Zakretne pe\u010denjare s inovativnom Duomat povr\u0161inom za kuhanje (kombinacija vi\u0161e vrsta mije\u0161anog nehr\u0111aju\u0107eg \u010delika) najbolje je rje\u0161enje za jamstvo ravnomjerne temperature na cijeloj povr\u0161ini [&hellip;]\" \/>\n<meta property=\"og:url\" content=\"https:\/\/www.electroluxprofessional.com\/hr\/xp-zakretne-pecenjare-i-kotlovi\/\" \/>\n<meta property=\"og:site_name\" content=\"Electrolux Professional Hrvatska\" \/>\n<meta property=\"article:modified_time\" content=\"2025-11-06T13:03:13+00:00\" \/>\n<meta name=\"twitter:card\" content=\"summary_large_image\" \/>\n<meta name=\"twitter:label1\" content=\"Procijenjeno vrijeme \u010ditanja\" \/>\n\t<meta name=\"twitter:data1\" content=\"2 minute\" \/>\n<script type=\"application\/ld+json\" class=\"yoast-schema-graph\">{\"@context\":\"https:\/\/schema.org\",\"@graph\":[{\"@type\":\"WebPage\",\"@id\":\"https:\/\/www.electroluxprofessional.com\/hr\/xp-zakretne-pecenjare-i-kotlovi\/\",\"url\":\"https:\/\/www.electroluxprofessional.com\/hr\/xp-zakretne-pecenjare-i-kotlovi\/\",\"name\":\"XP Zakretne pe\u010denjare i kotlovi - Electrolux Professional Hrvatska\",\"isPartOf\":{\"@id\":\"https:\/\/www.electroluxprofessional.com\/hr\/#website\"},\"datePublished\":\"2017-05-03T09:04:21+00:00\",\"dateModified\":\"2025-11-06T13:03:13+00:00\",\"breadcrumb\":{\"@id\":\"https:\/\/www.electroluxprofessional.com\/hr\/xp-zakretne-pecenjare-i-kotlovi\/#breadcrumb\"},\"inLanguage\":\"hr\",\"potentialAction\":[{\"@type\":\"ReadAction\",\"target\":[\"https:\/\/www.electroluxprofessional.com\/hr\/xp-zakretne-pecenjare-i-kotlovi\/\"]}]},{\"@type\":\"BreadcrumbList\",\"@id\":\"https:\/\/www.electroluxprofessional.com\/hr\/xp-zakretne-pecenjare-i-kotlovi\/#breadcrumb\",\"itemListElement\":[{\"@type\":\"ListItem\",\"position\":1,\"name\":\"Po\u010detna stranica\",\"item\":\"https:\/\/www.electroluxprofessional.com\/hr\/\"},{\"@type\":\"ListItem\",\"position\":2,\"name\":\"XP Zakretne pe\u010denjare i kotlovi\"}]},{\"@type\":\"WebSite\",\"@id\":\"https:\/\/www.electroluxprofessional.com\/hr\/#website\",\"url\":\"https:\/\/www.electroluxprofessional.com\/hr\/\",\"name\":\"Electrolux Professional Hrvatska\",\"description\":\"\",\"potentialAction\":[{\"@type\":\"SearchAction\",\"target\":{\"@type\":\"EntryPoint\",\"urlTemplate\":\"https:\/\/www.electroluxprofessional.com\/hr\/?src={search_term_string}\"},\"query-input\":\"required name=search_term_string\"}],\"inLanguage\":\"hr\"}]}<\/script>\n<!-- \/ Yoast SEO plugin. -->","yoast_head_json":{"title":"XP Zakretne pe\u010denjare i kotlovi - Electrolux Professional Hrvatska","robots":{"index":"index","follow":"follow","max-snippet":"max-snippet:-1","max-image-preview":"max-image-preview:large","max-video-preview":"max-video-preview:-1"},"canonical":"https:\/\/www.electroluxprofessional.com\/hr\/xp-zakretne-pecenjare-i-kotlovi\/","og_locale":"hr_HR","og_type":"article","og_title":"XP Zakretne pe\u010denjare i kotlovi - Electrolux Professional Hrvatska","og_description":"[vc_row full_width=&#8221;electroluxpro-full-width-no-padding&#8221;][vc_column][elx_hero_slider label_text_color=&#8221;inherit&#8221; images=&#8221;1833&#8243;][elx_heading font_container=&#8221;h1&#8243; font_size=&#8221;h2&#8243; text_color=&#8221;inherit&#8221;]900XP i 700XP Zakretne pe\u010denjare i kotlovi[\/elx_heading][\/elx_hero_slider][\/vc_column][\/vc_row][vc_row][vc_column][vc_empty_space height=&#8221;50px&#8221;][\/vc_column][\/vc_row][vc_row][vc_column width=&#8221;1\/2&#8243;][vc_empty_space height=&#8221;50px&#8221;][elx_heading font_size=&#8221;h2&#8243; text_color=&#8221;inherit&#8221;]900XP i 700XP Vjerujte iskustvu [\/elx_heading][vc_empty_space][vc_column_text]Vrhunsko rje\u0161enje za suho i mokro kuhanje velikih koli\u010dina. Zakretne pe\u010denjare s inovativnom Duomat povr\u0161inom za kuhanje (kombinacija vi\u0161e vrsta mije\u0161anog nehr\u0111aju\u0107eg \u010delika) najbolje je rje\u0161enje za jamstvo ravnomjerne temperature na cijeloj povr\u0161ini [&hellip;]","og_url":"https:\/\/www.electroluxprofessional.com\/hr\/xp-zakretne-pecenjare-i-kotlovi\/","og_site_name":"Electrolux Professional Hrvatska","article_modified_time":"2025-11-06T13:03:13+00:00","twitter_card":"summary_large_image","twitter_misc":{"Procijenjeno vrijeme \u010ditanja":"2 minute"},"schema":{"@context":"https:\/\/schema.org","@graph":[{"@type":"WebPage","@id":"https:\/\/www.electroluxprofessional.com\/hr\/xp-zakretne-pecenjare-i-kotlovi\/","url":"https:\/\/www.electroluxprofessional.com\/hr\/xp-zakretne-pecenjare-i-kotlovi\/","name":"XP Zakretne pe\u010denjare i kotlovi - Electrolux Professional Hrvatska","isPartOf":{"@id":"https:\/\/www.electroluxprofessional.com\/hr\/#website"},"datePublished":"2017-05-03T09:04:21+00:00","dateModified":"2025-11-06T13:03:13+00:00","breadcrumb":{"@id":"https:\/\/www.electroluxprofessional.com\/hr\/xp-zakretne-pecenjare-i-kotlovi\/#breadcrumb"},"inLanguage":"hr","potentialAction":[{"@type":"ReadAction","target":["https:\/\/www.electroluxprofessional.com\/hr\/xp-zakretne-pecenjare-i-kotlovi\/"]}]},{"@type":"BreadcrumbList","@id":"https:\/\/www.electroluxprofessional.com\/hr\/xp-zakretne-pecenjare-i-kotlovi\/#breadcrumb","itemListElement":[{"@type":"ListItem","position":1,"name":"Po\u010detna stranica","item":"https:\/\/www.electroluxprofessional.com\/hr\/"},{"@type":"ListItem","position":2,"name":"XP Zakretne pe\u010denjare i kotlovi"}]},{"@type":"WebSite","@id":"https:\/\/www.electroluxprofessional.com\/hr\/#website","url":"https:\/\/www.electroluxprofessional.com\/hr\/","name":"Electrolux Professional Hrvatska","description":"","potentialAction":[{"@type":"SearchAction","target":{"@type":"EntryPoint","urlTemplate":"https:\/\/www.electroluxprofessional.com\/hr\/?src={search_term_string}"},"query-input":"required name=search_term_string"}],"inLanguage":"hr"}]}},"_links":{"self":[{"href":"https:\/\/www.electroluxprofessional.com\/hr\/wp-json\/wp\/v2\/pages\/2258"}],"collection":[{"href":"https:\/\/www.electroluxprofessional.com\/hr\/wp-json\/wp\/v2\/pages"}],"about":[{"href":"https:\/\/www.electroluxprofessional.com\/hr\/wp-json\/wp\/v2\/types\/page"}],"author":[{"embeddable":true,"href":"https:\/\/www.electroluxprofessional.com\/hr\/wp-json\/wp\/v2\/users\/4"}],"replies":[{"embeddable":true,"href":"https:\/\/www.electroluxprofessional.com\/hr\/wp-json\/wp\/v2\/comments?post=2258"}],"version-history":[{"count":6,"href":"https:\/\/www.electroluxprofessional.com\/hr\/wp-json\/wp\/v2\/pages\/2258\/revisions"}],"predecessor-version":[{"id":118953,"href":"https:\/\/www.electroluxprofessional.com\/hr\/wp-json\/wp\/v2\/pages\/2258\/revisions\/118953"}],"wp:attachment":[{"href":"https:\/\/www.electroluxprofessional.com\/hr\/wp-json\/wp\/v2\/media?parent=2258"}],"curies":[{"name":"wp","href":"https:\/\/api.w.org\/{rel}","templated":true}]}}