{"id":2256,"date":"2017-05-03T07:21:16","date_gmt":"2017-05-03T07:21:16","guid":{"rendered":"https:\/\/www.electroluxprofessional.com\/hr\/?page_id=2256"},"modified":"2020-06-09T10:11:35","modified_gmt":"2020-06-09T10:11:35","slug":"prothermetic-kotlovi-i-zakretne-pecenjare","status":"publish","type":"page","link":"https:\/\/www.electroluxprofessional.com\/hr\/prothermetic-kotlovi-i-zakretne-pecenjare\/","title":{"rendered":"ProThermetic kotlovi i zakretne pe\u010denjare"},"content":{"rendered":"<p>[vc_row full_width=&#8221;electroluxpro-full-width-no-padding&#8221;][vc_column][elx_hero_slider text_position=&#8221;hero_slider_text_align_right&#8221; label_text_color=&#8221;inherit&#8221; images=&#8221;1778&#8243;][elx_heading font_container=&#8221;h1&#8243; font_size=&#8221;h2&#8243; text_color=&#8221;inherit&#8221;]ProThermetic kotlovi i zakretne pe\u010denjare[\/elx_heading][\/elx_hero_slider][\/vc_column][\/vc_row][vc_row][vc_column][vc_empty_space][elx_heading font_size=&#8221;h2&#8243; text_color=&#8221;inherit&#8221; text_align=&#8221;text-center&#8221;]Dizajnirane za zahtjevne potrebe hotela, ustanova, bolnica, centralnih kuhinja i kuhinja u avionima.<br \/>\n[\/elx_heading][vc_empty_space][\/vc_column][\/vc_row][vc_row][vc_column width=&#8221;1\/2&#8243;][elx_heading font_size=&#8221;h4&#8243; text_color=&#8221;inherit&#8221;]Kuhanje pod tlakom uz ProThermetic: krajnje rje\u0161enje za veliku produktivnost, u\u010dinkovitost i preciznost[\/elx_heading][vc_empty_space][vc_column_text]Jedinstvena tehnologija optimizira proces kuhanja i nudi maksimalnu fleksibilnost, neusporedivu jednostavnost, higijenu, u\u010dinkovitost i isplativost.<br \/>\n<strong>ProThermetic Thermaline raspon kotlova i zakretnih pe\u010denjara<\/strong> pod tlakom posebno je dizajniran za zahtjevne potrebe kada su u pitanju koli\u010dine, izvedba i rezultati kuhanja.[\/vc_column_text][\/vc_column][vc_column width=&#8221;1\/2&#8243;][elx_image_block background_image=&#8221;723&#8243; minimum_height=&#8221;450px&#8221;][\/vc_column][\/vc_row][vc_row][vc_column][vc_empty_space height=&#8221;50px&#8221;][\/vc_column][\/vc_row][vc_row][vc_column width=&#8221;1\/4&#8243;][elx_heading font_size=&#8221;h4&#8243; text_color=&#8221;inherit&#8221;]Jednostavnost upotrebe[\/elx_heading][vc_column_text]Opremljeno <strong>upravlja\u010dkom plo\u010dom na dodir<\/strong> na vi\u0161e jezika, jasno vidljivo s udaljenosti, s intuitivnim ikonama za jednostavno i precizno odre\u0111ivanje temperature i razinu snage.[\/vc_column_text][\/vc_column][vc_column width=&#8221;1\/4&#8243;][elx_heading font_size=&#8221;h4&#8243; text_color=&#8221;inherit&#8221;]Higijena prije svega<br \/>\n[\/elx_heading][vc_column_text]Brzo, jednostavno i temeljito \u010di\u0161\u0107enje zahvaljuju\u0107i <strong>IPX6 razini za\u0161tite vode<\/strong>, osam puta ve\u0107a protiv jakih mlazova vode.[\/vc_column_text][\/vc_column][vc_column width=&#8221;1\/4&#8243;][elx_heading font_size=&#8221;h4&#8243; text_color=&#8221;inherit&#8221;]Zdrava hrana visoke kvalitete<br \/>\n[\/elx_heading][vc_column_text]Niska razina kisika u zraku sprje\u010dava oksidaciju nutrijenata i vitamina, \u0161to rezultira boljim okusom hrane, bojom i konzistencijom.[\/vc_column_text][\/vc_column][vc_column width=&#8221;1\/4&#8243;][elx_heading font_size=&#8221;h4&#8243; text_color=&#8221;inherit&#8221;]U\u0161teda energije<br \/>\n[\/elx_heading][vc_column_text]Smanjenje vremena kuhanja osigurava ve\u0107u produktivnost uz u\u0161tedu energije u ciklusima kuhanja i grijanja.[\/vc_column_text][\/vc_column][\/vc_row][vc_row][vc_column][vc_empty_space height=&#8221;20px&#8221;][\/vc_column][\/vc_row][vc_row][vc_column width=&#8221;1\/3&#8243;][vc_empty_space height=&#8221;20px&#8221;][elx_download_block text=&#8221;thermaline ProThermatic kotlovi i zakretne pe\u010denjare&#8221; link=&#8221;files.professional.electrolux.com\/docs\/?n=9JEHO&amp;b=5&amp;l=1&#8243; background_color=&#8221;orange&#8221; reveal_effect=&#8221;&#8221; reveal_duration=&#8221;&#8221; reveal_delay=&#8221;&#8221;][\/vc_column][vc_column width=&#8221;2\/3&#8243;][elx_heading text_color=&#8221;inherit&#8221;]Videorecepti za ProThermetic<br \/>\n[\/elx_heading][elx_video_block background_image=&#8221;1777&#8243; is_full_height=&#8221;full-height&#8221; video_link=&#8221;https:\/\/www.youtube.com\/watch?v=cSwURycS1aQ&amp;list=PLn-GI5LWCZdQ5Hva7Kd0SB5eH2WkvuBt8&#8243; minimum_height=&#8221;260px&#8221;][\/vc_column][\/vc_row][vc_row][vc_column][vc_empty_space height=&#8221;50px&#8221;][\/vc_column][\/vc_row][vc_row][vc_column][elx_heading font_size=&#8221;h3&#8243; text_color=&#8221;inherit&#8221; text_align=&#8221;text-center&#8221;]Prona\u0111ite idealan paket za svoje poslovanje<br \/>\n[\/elx_heading][\/vc_column][\/vc_row][vc_row][vc_column width=&#8221;1\/3&#8243;][elx_maylike_box id_box=&#8221;2799&#8243; matched_labels=&#8221;&#8221;][\/vc_column][vc_column width=&#8221;1\/3&#8243;][elx_maylike_box id_box=&#8221;2802&#8243; matched_labels=&#8221;&#8221;][\/vc_column][vc_column width=&#8221;1\/3&#8243;][elx_maylike_box id_box=&#8221;2826&#8243; matched_labels=&#8221;&#8221;][\/vc_column][\/vc_row][vc_row][vc_column][vc_empty_space height=&#8221;50px&#8221;][elx_heading text_color=&#8221;inherit&#8221; text_align=&#8221;text-center&#8221;]Otkrijte \u0161to ProThermetic mo\u017ee u\u010diniti za va\u0161e poslovanje<br \/>\n[\/elx_heading][elx_o2000_contact_us r=&#8221;\u017delim saznati vi\u0161e o ProThermetic kotlovima i zakretnim pe\u010denjarama. Molim da me kontaktirate.&#8221; s=&#8221;Zahtjev za informacijama o ProThermetic kotlovima i zakretnim pe\u010denjarama&#8221; country=&#8221;Croatia&#8221; l=&#8221;hr&#8221; container=&#8221;elxcontactus1479220371&#8243;][vc_empty_space height=&#8221;50px&#8221;][\/vc_column][\/vc_row]<\/p>\n","protected":false},"excerpt":{"rendered":"<p>[vc_row full_width=&#8221;electroluxpro-full-width-no-padding&#8221;][vc_column][elx_hero_slider text_position=&#8221;hero_slider_text_align_right&#8221; label_text_color=&#8221;inherit&#8221; images=&#8221;1778&#8243;][elx_heading font_container=&#8221;h1&#8243; font_size=&#8221;h2&#8243; text_color=&#8221;inherit&#8221;]ProThermetic kotlovi i zakretne pe\u010denjare[\/elx_heading][\/elx_hero_slider][\/vc_column][\/vc_row][vc_row][vc_column][vc_empty_space][elx_heading font_size=&#8221;h2&#8243; text_color=&#8221;inherit&#8221; text_align=&#8221;text-center&#8221;]Dizajnirane za zahtjevne potrebe hotela, ustanova, bolnica, centralnih kuhinja i kuhinja u avionima. [\/elx_heading][vc_empty_space][\/vc_column][\/vc_row][vc_row][vc_column width=&#8221;1\/2&#8243;][elx_heading font_size=&#8221;h4&#8243; text_color=&#8221;inherit&#8221;]Kuhanje pod tlakom uz ProThermetic: krajnje rje\u0161enje za veliku produktivnost, u\u010dinkovitost i preciznost[\/elx_heading][vc_empty_space][vc_column_text]Jedinstvena tehnologija optimizira proces kuhanja i nudi maksimalnu fleksibilnost, neusporedivu jednostavnost, higijenu, u\u010dinkovitost [&hellip;]<\/p>\n","protected":false},"author":4,"featured_media":0,"parent":0,"menu_order":0,"comment_status":"closed","ping_status":"closed","template":"","meta":{"footnotes":""},"class_list":["post-2256","page","type-page","status-publish","hentry"],"acf":[],"yoast_head":"<!-- This site is optimized with the Yoast SEO plugin v23.3 - https:\/\/yoast.com\/wordpress\/plugins\/seo\/ -->\n<title>ProThermetic kotlovi i zakretne pe\u010denjare - Electrolux Professional Hrvatska<\/title>\n<meta name=\"robots\" content=\"index, follow, max-snippet:-1, max-image-preview:large, max-video-preview:-1\" \/>\n<link rel=\"canonical\" href=\"https:\/\/www.electroluxprofessional.com\/hr\/prothermetic-kotlovi-i-zakretne-pecenjare\/\" \/>\n<meta property=\"og:locale\" content=\"hr_HR\" \/>\n<meta property=\"og:type\" content=\"article\" \/>\n<meta property=\"og:title\" content=\"ProThermetic kotlovi i zakretne pe\u010denjare - Electrolux Professional Hrvatska\" \/>\n<meta property=\"og:description\" content=\"[vc_row full_width=&#8221;electroluxpro-full-width-no-padding&#8221;][vc_column][elx_hero_slider text_position=&#8221;hero_slider_text_align_right&#8221; label_text_color=&#8221;inherit&#8221; images=&#8221;1778&#8243;][elx_heading font_container=&#8221;h1&#8243; font_size=&#8221;h2&#8243; text_color=&#8221;inherit&#8221;]ProThermetic kotlovi i zakretne pe\u010denjare[\/elx_heading][\/elx_hero_slider][\/vc_column][\/vc_row][vc_row][vc_column][vc_empty_space][elx_heading font_size=&#8221;h2&#8243; text_color=&#8221;inherit&#8221; text_align=&#8221;text-center&#8221;]Dizajnirane za zahtjevne potrebe hotela, ustanova, bolnica, centralnih kuhinja i kuhinja u avionima. [\/elx_heading][vc_empty_space][\/vc_column][\/vc_row][vc_row][vc_column width=&#8221;1\/2&#8243;][elx_heading font_size=&#8221;h4&#8243; text_color=&#8221;inherit&#8221;]Kuhanje pod tlakom uz ProThermetic: krajnje rje\u0161enje za veliku produktivnost, u\u010dinkovitost i preciznost[\/elx_heading][vc_empty_space][vc_column_text]Jedinstvena tehnologija optimizira proces kuhanja i nudi maksimalnu fleksibilnost, neusporedivu jednostavnost, higijenu, u\u010dinkovitost [&hellip;]\" \/>\n<meta property=\"og:url\" content=\"https:\/\/www.electroluxprofessional.com\/hr\/prothermetic-kotlovi-i-zakretne-pecenjare\/\" \/>\n<meta property=\"og:site_name\" content=\"Electrolux Professional Hrvatska\" \/>\n<meta property=\"article:modified_time\" content=\"2020-06-09T10:11:35+00:00\" \/>\n<meta name=\"twitter:card\" content=\"summary_large_image\" \/>\n<meta name=\"twitter:label1\" content=\"Procijenjeno vrijeme \u010ditanja\" \/>\n\t<meta name=\"twitter:data1\" content=\"3 minute\" \/>\n<script type=\"application\/ld+json\" class=\"yoast-schema-graph\">{\"@context\":\"https:\/\/schema.org\",\"@graph\":[{\"@type\":\"WebPage\",\"@id\":\"https:\/\/www.electroluxprofessional.com\/hr\/prothermetic-kotlovi-i-zakretne-pecenjare\/\",\"url\":\"https:\/\/www.electroluxprofessional.com\/hr\/prothermetic-kotlovi-i-zakretne-pecenjare\/\",\"name\":\"ProThermetic kotlovi i zakretne pe\u010denjare - Electrolux Professional Hrvatska\",\"isPartOf\":{\"@id\":\"https:\/\/www.electroluxprofessional.com\/hr\/#website\"},\"datePublished\":\"2017-05-03T07:21:16+00:00\",\"dateModified\":\"2020-06-09T10:11:35+00:00\",\"breadcrumb\":{\"@id\":\"https:\/\/www.electroluxprofessional.com\/hr\/prothermetic-kotlovi-i-zakretne-pecenjare\/#breadcrumb\"},\"inLanguage\":\"hr\",\"potentialAction\":[{\"@type\":\"ReadAction\",\"target\":[\"https:\/\/www.electroluxprofessional.com\/hr\/prothermetic-kotlovi-i-zakretne-pecenjare\/\"]}]},{\"@type\":\"BreadcrumbList\",\"@id\":\"https:\/\/www.electroluxprofessional.com\/hr\/prothermetic-kotlovi-i-zakretne-pecenjare\/#breadcrumb\",\"itemListElement\":[{\"@type\":\"ListItem\",\"position\":1,\"name\":\"Po\u010detna stranica\",\"item\":\"https:\/\/www.electroluxprofessional.com\/hr\/\"},{\"@type\":\"ListItem\",\"position\":2,\"name\":\"ProThermetic kotlovi i zakretne pe\u010denjare\"}]},{\"@type\":\"WebSite\",\"@id\":\"https:\/\/www.electroluxprofessional.com\/hr\/#website\",\"url\":\"https:\/\/www.electroluxprofessional.com\/hr\/\",\"name\":\"Electrolux Professional Hrvatska\",\"description\":\"\",\"potentialAction\":[{\"@type\":\"SearchAction\",\"target\":{\"@type\":\"EntryPoint\",\"urlTemplate\":\"https:\/\/www.electroluxprofessional.com\/hr\/?src={search_term_string}\"},\"query-input\":\"required name=search_term_string\"}],\"inLanguage\":\"hr\"}]}<\/script>\n<!-- \/ Yoast SEO plugin. -->","yoast_head_json":{"title":"ProThermetic kotlovi i zakretne pe\u010denjare - Electrolux Professional Hrvatska","robots":{"index":"index","follow":"follow","max-snippet":"max-snippet:-1","max-image-preview":"max-image-preview:large","max-video-preview":"max-video-preview:-1"},"canonical":"https:\/\/www.electroluxprofessional.com\/hr\/prothermetic-kotlovi-i-zakretne-pecenjare\/","og_locale":"hr_HR","og_type":"article","og_title":"ProThermetic kotlovi i zakretne pe\u010denjare - Electrolux Professional Hrvatska","og_description":"[vc_row full_width=&#8221;electroluxpro-full-width-no-padding&#8221;][vc_column][elx_hero_slider text_position=&#8221;hero_slider_text_align_right&#8221; label_text_color=&#8221;inherit&#8221; images=&#8221;1778&#8243;][elx_heading font_container=&#8221;h1&#8243; font_size=&#8221;h2&#8243; text_color=&#8221;inherit&#8221;]ProThermetic kotlovi i zakretne pe\u010denjare[\/elx_heading][\/elx_hero_slider][\/vc_column][\/vc_row][vc_row][vc_column][vc_empty_space][elx_heading font_size=&#8221;h2&#8243; text_color=&#8221;inherit&#8221; text_align=&#8221;text-center&#8221;]Dizajnirane za zahtjevne potrebe hotela, ustanova, bolnica, centralnih kuhinja i kuhinja u avionima. [\/elx_heading][vc_empty_space][\/vc_column][\/vc_row][vc_row][vc_column width=&#8221;1\/2&#8243;][elx_heading font_size=&#8221;h4&#8243; text_color=&#8221;inherit&#8221;]Kuhanje pod tlakom uz ProThermetic: krajnje rje\u0161enje za veliku produktivnost, u\u010dinkovitost i preciznost[\/elx_heading][vc_empty_space][vc_column_text]Jedinstvena tehnologija optimizira proces kuhanja i nudi maksimalnu fleksibilnost, neusporedivu jednostavnost, higijenu, u\u010dinkovitost [&hellip;]","og_url":"https:\/\/www.electroluxprofessional.com\/hr\/prothermetic-kotlovi-i-zakretne-pecenjare\/","og_site_name":"Electrolux Professional Hrvatska","article_modified_time":"2020-06-09T10:11:35+00:00","twitter_card":"summary_large_image","twitter_misc":{"Procijenjeno vrijeme \u010ditanja":"3 minute"},"schema":{"@context":"https:\/\/schema.org","@graph":[{"@type":"WebPage","@id":"https:\/\/www.electroluxprofessional.com\/hr\/prothermetic-kotlovi-i-zakretne-pecenjare\/","url":"https:\/\/www.electroluxprofessional.com\/hr\/prothermetic-kotlovi-i-zakretne-pecenjare\/","name":"ProThermetic kotlovi i zakretne pe\u010denjare - Electrolux Professional Hrvatska","isPartOf":{"@id":"https:\/\/www.electroluxprofessional.com\/hr\/#website"},"datePublished":"2017-05-03T07:21:16+00:00","dateModified":"2020-06-09T10:11:35+00:00","breadcrumb":{"@id":"https:\/\/www.electroluxprofessional.com\/hr\/prothermetic-kotlovi-i-zakretne-pecenjare\/#breadcrumb"},"inLanguage":"hr","potentialAction":[{"@type":"ReadAction","target":["https:\/\/www.electroluxprofessional.com\/hr\/prothermetic-kotlovi-i-zakretne-pecenjare\/"]}]},{"@type":"BreadcrumbList","@id":"https:\/\/www.electroluxprofessional.com\/hr\/prothermetic-kotlovi-i-zakretne-pecenjare\/#breadcrumb","itemListElement":[{"@type":"ListItem","position":1,"name":"Po\u010detna stranica","item":"https:\/\/www.electroluxprofessional.com\/hr\/"},{"@type":"ListItem","position":2,"name":"ProThermetic kotlovi i zakretne pe\u010denjare"}]},{"@type":"WebSite","@id":"https:\/\/www.electroluxprofessional.com\/hr\/#website","url":"https:\/\/www.electroluxprofessional.com\/hr\/","name":"Electrolux Professional Hrvatska","description":"","potentialAction":[{"@type":"SearchAction","target":{"@type":"EntryPoint","urlTemplate":"https:\/\/www.electroluxprofessional.com\/hr\/?src={search_term_string}"},"query-input":"required name=search_term_string"}],"inLanguage":"hr"}]}},"_links":{"self":[{"href":"https:\/\/www.electroluxprofessional.com\/hr\/wp-json\/wp\/v2\/pages\/2256"}],"collection":[{"href":"https:\/\/www.electroluxprofessional.com\/hr\/wp-json\/wp\/v2\/pages"}],"about":[{"href":"https:\/\/www.electroluxprofessional.com\/hr\/wp-json\/wp\/v2\/types\/page"}],"author":[{"embeddable":true,"href":"https:\/\/www.electroluxprofessional.com\/hr\/wp-json\/wp\/v2\/users\/4"}],"replies":[{"embeddable":true,"href":"https:\/\/www.electroluxprofessional.com\/hr\/wp-json\/wp\/v2\/comments?post=2256"}],"version-history":[{"count":7,"href":"https:\/\/www.electroluxprofessional.com\/hr\/wp-json\/wp\/v2\/pages\/2256\/revisions"}],"predecessor-version":[{"id":5446,"href":"https:\/\/www.electroluxprofessional.com\/hr\/wp-json\/wp\/v2\/pages\/2256\/revisions\/5446"}],"wp:attachment":[{"href":"https:\/\/www.electroluxprofessional.com\/hr\/wp-json\/wp\/v2\/media?parent=2256"}],"curies":[{"name":"wp","href":"https:\/\/api.w.org\/{rel}","templated":true}]}}