{"id":2222,"date":"2017-05-02T11:38:20","date_gmt":"2017-05-02T11:38:20","guid":{"rendered":"https:\/\/www.electroluxprofessional.com\/hr\/?page_id=2222"},"modified":"2024-07-02T12:46:39","modified_gmt":"2024-07-02T12:46:39","slug":"sigurnost","status":"publish","type":"page","link":"https:\/\/www.electroluxprofessional.com\/hr\/sigurnost\/","title":{"rendered":"Sigurnost"},"content":{"rendered":"<p>[vc_row full_width=&#8221;electroluxpro-full-width-no-padding&#8221;][vc_column][elx_hero_slider label_text_color=&#8221;inherit&#8221; images=&#8221;652&#8243;][elx_heading font_container=&#8221;h1&#8243; font_size=&#8221;h2&#8243; text_color=&#8221;inherit&#8221;]Zajam\u010dena kultura sigurnosti[\/elx_heading][vc_column_text]Electrolux Professional pru\u017ea vam pouzdanu i nepristranu sigurnost svjetske kvalitete, \u0161to dokazuje preuzimanjem konkretnih i mjerljivih obveza povezanih sa zdravljem i sigurno\u0161\u0107u.[\/vc_column_text][\/elx_hero_slider][\/vc_column][\/vc_row][vc_row][vc_column][elx_heading text_color=&#8221;inherit&#8221;]<\/p>\n<p style=\"text-align: center;\">Zdrav rast, bezbri\u017ean rad, osje\u0107aj sigurnosti i za\u0161ti\u0107enost.<\/p>\n<p>[\/elx_heading][\/vc_column][\/vc_row][vc_row full_width=&#8221;electroluxpro-full-width-no-padding&#8221; equal_height=&#8221;yes&#8221;][vc_column width=&#8221;1\/2&#8243;][elx_image_block background_image=&#8221;646&#8243; minimum_height=&#8221;666px&#8221;][\/vc_column][vc_column width=&#8221;1\/2&#8243;][elx_simple_block background_color=&#8221;inherit&#8221;][elx_heading font_container=&#8221;h3&#8243; text_color=&#8221;inherit&#8221;]Sigurnost je vi\u0161e od dodatne mogu\u0107nosti kada je rije\u010d o prehrani.[\/elx_heading][vc_column_text drop_caps=&#8221;big-first-letter&#8221;]Dojen\u010dad i djeca mla\u0111a od pet godina izlo\u017eena su povi\u0161enu riziku od komplikacija povezanih s <strong>trovanjem hranom.<\/strong><\/p>\n<p>Electrolux Professional \u017eeli pru\u017eiti za\u0161titu vama, va\u0161oj djeci i va\u0161oj obitelji <strong>brinu\u0107i se za sigurnost hrane<\/strong>. Na\u0161a rje\u0161enja Foodservice poma\u017eu vam izbje\u0107i \u0161irenje bakterija koje uzrokuju trovanje hranom <strong>tijekom cijeloga postupka pripreme hrane<\/strong>, od pripreme namirnica i rukovanja njima do \u010duvanja hrane.[\/vc_column_text][\/elx_simple_block][\/vc_column][\/vc_row][vc_row][vc_column][vc_empty_space][\/vc_column][\/vc_row][vc_row css=&#8221;.vc_custom_1464184974732{padding-top: 20px !important;padding-bottom: 20px !important;background-color: #eaeef2 !important;}&#8221;][vc_column][\/vc_column][vc_column width=&#8221;1\/2&#8243;][vc_single_image image=&#8221;651&#8243; img_size=&#8221;medium&#8221; alignment=&#8221;center&#8221;][\/vc_column][vc_column width=&#8221;1\/2&#8243;][elx_heading text_color=&#8221;inherit&#8221;]<span style=\"color: #3fb12d;\">Sigurnost hrane, sprje\u010davanje kri\u017ene kontaminacije i najve\u0107a mogu\u0107a u\u010dinkovitost<\/span>[\/elx_heading][vc_column_text drop_caps=&#8221;big-first-letter&#8221;]U skladu s propisima koji se odnose na materijale koji dolaze u dodir s hranom Electrolux Professional obustavio je upotrebu BPA-a (bisfenola A) u svim plasti\u010dnim dijelovima.<\/p>\n<p><span style=\"color: #000000;\">\u00a0<\/span>[\/vc_column_text][\/vc_column][\/vc_row][vc_row][vc_column][vc_empty_space][\/vc_column][\/vc_row][vc_row full_width=&#8221;electroluxpro-full-width-no-padding&#8221;][vc_column width=&#8221;1\/2&#8243;][elx_image_block background_image=&#8221;567&#8243; minimum_height=&#8221;666px&#8221;][\/vc_column][vc_column width=&#8221;1\/2&#8243;][elx_simple_block background_color=&#8221;inherit&#8221;][elx_heading font_container=&#8221;h3&#8243; text_color=&#8221;inherit&#8221;]Electrolux Professional godi\u0161nje ula\u017ee do milijun eura u ocjenjivanje koje provode tre\u0107e strane.[\/elx_heading][vc_column_text drop_caps=&#8221;big-first-letter&#8221;]Ocjene tre\u0107ih strana jasno dokazuju na\u0161u predanost tome da osiguramo <strong>pouzdanu i nepristranu sigurnost svjetske kvalitete.<\/strong><\/p>\n<p>Kada je rije\u010d o <strong>postavljanju standarda povezanih sa sigurno\u0161\u0107u i u\u010dinkovito\u0161\u0107u <\/strong>na nacionalnoj i internacionalnoj razini, zauzimamo poziciju predvodnika aktivno pridonose\u0107i unaprje\u0111enju zahtjeva povezanih sa sigurno\u0161\u0107u i u\u0161tedom energije koji se primjenjuju na proizvode na tr\u017ei\u0161tu.[\/vc_column_text][\/elx_simple_block][\/vc_column][\/vc_row][vc_row full_width=&#8221;electroluxpro-full-width-no-padding&#8221;][vc_column width=&#8221;1\/2&#8243;][elx_simple_block][elx_heading font_container=&#8221;h3&#8243; text_color=&#8221;inherit&#8221;]Najva\u017enija je zada\u0107a tvrtke Electrolux Professional za\u0161tititi vas i va\u0161e najmilije svode\u0107i rizik zaraze na najmanju mogu\u0107u mjeru.[\/elx_heading][vc_column_text drop_caps=&#8221;big-first-letter&#8221;]<strong>Bolnice, domovi za starije i nemo\u0107ne te ostale zdravstvene ustanove izlo\u017eene su visoku riziku zaraze.<\/strong><\/p>\n<p>Kako bismo osigurali najve\u0107u mogu\u0107u sigurnost, na\u0161e <strong>perilice rublja s barijerom <\/strong>opremljene su jedinstvenom tehnologijom <strong>Hygiene Watchdog<\/strong>: uz u\u010dinkovito upravljanje ciklusom pranja tom se tehnologijom jam\u010di <strong>100 % sigurno higijensko rublje u svakome trenutku<\/strong>.[\/vc_column_text][elx_button button_text=&#8221;Zdravlje&#8221; button_style=&#8221;icon&#8221; button_link=&#8221;url:%2Fyour-business%2Fhospitals%2F|title:health%20care||&#8221;][\/elx_simple_block][\/vc_column][vc_column width=&#8221;1\/2&#8243;][elx_image_block background_image=&#8221;647&#8243; minimum_height=&#8221;666px&#8221;][\/vc_column][\/vc_row][vc_row full_width=&#8221;electroluxpro-full-width-no-padding&#8221;][vc_column width=&#8221;1\/2&#8243;][elx_image_block background_image=&#8221;648&#8243; minimum_height=&#8221;666px&#8221;][\/vc_column][vc_column width=&#8221;1\/2&#8243;][elx_simple_block background_color=&#8221;inherit&#8221;][elx_heading font_container=&#8221;h3&#8243; text_color=&#8221;inherit&#8221;]Zdrava i sigurna radna mjesta temelj su produktivna rada i visoke kvalitete \u017eivota na poslu.[\/elx_heading][vc_column_text drop_caps=&#8221;big-first-letter&#8221;]U tvrtki Electrolux Professional <strong>svi vode ra\u010duna o sigurnosti<\/strong>, koja je sastavni dio svakoga projekta na svim razinama tvrtke, kao i kod vanjskih partnera i dionika.<\/p>\n<p>Cilj je za\u0161tititi i unaprijediti sigurnost na radnome mjestu svo\u0111enjem rizika na nulu u <strong>svim pogonima i tvornicama diljem svijeta.<\/strong>[\/vc_column_text][\/elx_simple_block][\/vc_column][\/vc_row][vc_row][vc_column][vc_column_text]<\/p>\n<p>[\/vc_column_text][\/vc_column][\/vc_row][vc_row full_width=&#8221;electroluxpro-container-no-padding&#8221; equal_height=&#8221;yes&#8221; css=&#8221;.vc_custom_1464275874297{padding-top: 50px !important;padding-bottom: 50px !important;}&#8221;][vc_column width=&#8221;1\/3&#8243;][elx_image_block background_image=&#8221;649&#8243; minimum_height=&#8221;380px&#8221;][\/vc_column][vc_column width=&#8221;1\/3&#8243; css=&#8221;.vc_custom_1464275824218{background-color: #e2e2e2 !important;}&#8221;][elx_simple_block text_align=&#8221;text-center&#8221; background_color=&#8221;inherit&#8221;][elx_heading text_color=&#8221;inherit&#8221;]Promjena nabolje[\/elx_heading][vc_column_text]\u017delimo unijeti promjenu nabolje u svakodnevne \u017eivote ljudi i stanje na\u0161ega planeta.[\/vc_column_text][elx_button button_text=&#8221;Saznajte vi\u0161e&#8221; button_link=&#8221;url:%2Ffor-the-better-sustainability%2F|title:Find%20out%20more||&#8221;][\/elx_simple_block][\/vc_column][vc_column width=&#8221;1\/3&#8243;][elx_image_block background_image=&#8221;650&#8243; minimum_height=&#8221;380px&#8221;][\/vc_column][\/vc_row][vc_row][vc_column][elx_heading font_container=&#8221;h3&#8243; text_color=&#8221;inherit&#8221;]<\/p>\n<p style=\"text-align: center;\">Sigurnost na prvom mjestu. Novi propisi stupaju na snagu u EU 2016. g., ali mi ne namjeravamo \u010dekati.<\/p>\n<p>[\/elx_heading][\/vc_column][\/vc_row][vc_row full_width=&#8221;electroluxpro-container-no-padding&#8221;][vc_column][elx_download_block text=&#8221;Sigurnost na prvom mjestu &#8211; Planetarni mikseri&#8221; link=&#8221;files.professional.electrolux.com\/docs\/?n=CLF-9JE00066&amp;t=CLF&amp;l=1&#8243; background_color=&#8221;orange&#8221; reveal_effect=&#8221;&#8221; reveal_duration=&#8221;&#8221; reveal_delay=&#8221;&#8221;][\/vc_column][\/vc_row]<\/p>\n","protected":false},"excerpt":{"rendered":"<p>[vc_row full_width=&#8221;electroluxpro-full-width-no-padding&#8221;][vc_column][elx_hero_slider label_text_color=&#8221;inherit&#8221; images=&#8221;652&#8243;][elx_heading font_container=&#8221;h1&#8243; font_size=&#8221;h2&#8243; text_color=&#8221;inherit&#8221;]Zajam\u010dena kultura sigurnosti[\/elx_heading][vc_column_text]Electrolux Professional pru\u017ea vam pouzdanu i nepristranu sigurnost svjetske kvalitete, \u0161to dokazuje preuzimanjem konkretnih i mjerljivih obveza povezanih sa zdravljem i sigurno\u0161\u0107u.[\/vc_column_text][\/elx_hero_slider][\/vc_column][\/vc_row][vc_row][vc_column][elx_heading text_color=&#8221;inherit&#8221;] Zdrav rast, bezbri\u017ean rad, osje\u0107aj sigurnosti i za\u0161ti\u0107enost. [\/elx_heading][\/vc_column][\/vc_row][vc_row full_width=&#8221;electroluxpro-full-width-no-padding&#8221; equal_height=&#8221;yes&#8221;][vc_column width=&#8221;1\/2&#8243;][elx_image_block background_image=&#8221;646&#8243; minimum_height=&#8221;666px&#8221;][\/vc_column][vc_column width=&#8221;1\/2&#8243;][elx_simple_block background_color=&#8221;inherit&#8221;][elx_heading font_container=&#8221;h3&#8243; text_color=&#8221;inherit&#8221;]Sigurnost je vi\u0161e od dodatne mogu\u0107nosti kada [&hellip;]<\/p>\n","protected":false},"author":4,"featured_media":0,"parent":0,"menu_order":0,"comment_status":"closed","ping_status":"closed","template":"","meta":{"footnotes":""},"class_list":["post-2222","page","type-page","status-publish","hentry"],"acf":[],"yoast_head":"<!-- This site is optimized with the Yoast SEO plugin v23.3 - https:\/\/yoast.com\/wordpress\/plugins\/seo\/ -->\n<title>Sigurnost - Electrolux Professional Hrvatska<\/title>\n<meta name=\"robots\" content=\"index, follow, max-snippet:-1, max-image-preview:large, max-video-preview:-1\" \/>\n<link rel=\"canonical\" href=\"https:\/\/www.electroluxprofessional.com\/hr\/sigurnost\/\" \/>\n<meta property=\"og:locale\" content=\"hr_HR\" \/>\n<meta property=\"og:type\" content=\"article\" \/>\n<meta property=\"og:title\" content=\"Sigurnost - Electrolux Professional Hrvatska\" \/>\n<meta property=\"og:description\" content=\"[vc_row full_width=&#8221;electroluxpro-full-width-no-padding&#8221;][vc_column][elx_hero_slider label_text_color=&#8221;inherit&#8221; images=&#8221;652&#8243;][elx_heading font_container=&#8221;h1&#8243; font_size=&#8221;h2&#8243; text_color=&#8221;inherit&#8221;]Zajam\u010dena kultura sigurnosti[\/elx_heading][vc_column_text]Electrolux Professional pru\u017ea vam pouzdanu i nepristranu sigurnost svjetske kvalitete, \u0161to dokazuje preuzimanjem konkretnih i mjerljivih obveza povezanih sa zdravljem i sigurno\u0161\u0107u.[\/vc_column_text][\/elx_hero_slider][\/vc_column][\/vc_row][vc_row][vc_column][elx_heading text_color=&#8221;inherit&#8221;] Zdrav rast, bezbri\u017ean rad, osje\u0107aj sigurnosti i za\u0161ti\u0107enost. [\/elx_heading][\/vc_column][\/vc_row][vc_row full_width=&#8221;electroluxpro-full-width-no-padding&#8221; equal_height=&#8221;yes&#8221;][vc_column width=&#8221;1\/2&#8243;][elx_image_block background_image=&#8221;646&#8243; minimum_height=&#8221;666px&#8221;][\/vc_column][vc_column width=&#8221;1\/2&#8243;][elx_simple_block background_color=&#8221;inherit&#8221;][elx_heading font_container=&#8221;h3&#8243; text_color=&#8221;inherit&#8221;]Sigurnost je vi\u0161e od dodatne mogu\u0107nosti kada [&hellip;]\" \/>\n<meta property=\"og:url\" content=\"https:\/\/www.electroluxprofessional.com\/hr\/sigurnost\/\" \/>\n<meta property=\"og:site_name\" content=\"Electrolux Professional Hrvatska\" \/>\n<meta property=\"article:modified_time\" content=\"2024-07-02T12:46:39+00:00\" \/>\n<meta name=\"twitter:card\" content=\"summary_large_image\" \/>\n<meta name=\"twitter:label1\" content=\"Procijenjeno vrijeme \u010ditanja\" \/>\n\t<meta name=\"twitter:data1\" content=\"5 minuta\" \/>\n<script type=\"application\/ld+json\" class=\"yoast-schema-graph\">{\"@context\":\"https:\/\/schema.org\",\"@graph\":[{\"@type\":\"WebPage\",\"@id\":\"https:\/\/www.electroluxprofessional.com\/hr\/sigurnost\/\",\"url\":\"https:\/\/www.electroluxprofessional.com\/hr\/sigurnost\/\",\"name\":\"Sigurnost - Electrolux Professional Hrvatska\",\"isPartOf\":{\"@id\":\"https:\/\/www.electroluxprofessional.com\/hr\/#website\"},\"datePublished\":\"2017-05-02T11:38:20+00:00\",\"dateModified\":\"2024-07-02T12:46:39+00:00\",\"breadcrumb\":{\"@id\":\"https:\/\/www.electroluxprofessional.com\/hr\/sigurnost\/#breadcrumb\"},\"inLanguage\":\"hr\",\"potentialAction\":[{\"@type\":\"ReadAction\",\"target\":[\"https:\/\/www.electroluxprofessional.com\/hr\/sigurnost\/\"]}]},{\"@type\":\"BreadcrumbList\",\"@id\":\"https:\/\/www.electroluxprofessional.com\/hr\/sigurnost\/#breadcrumb\",\"itemListElement\":[{\"@type\":\"ListItem\",\"position\":1,\"name\":\"Po\u010detna stranica\",\"item\":\"https:\/\/www.electroluxprofessional.com\/hr\/\"},{\"@type\":\"ListItem\",\"position\":2,\"name\":\"Sigurnost\"}]},{\"@type\":\"WebSite\",\"@id\":\"https:\/\/www.electroluxprofessional.com\/hr\/#website\",\"url\":\"https:\/\/www.electroluxprofessional.com\/hr\/\",\"name\":\"Electrolux Professional Hrvatska\",\"description\":\"\",\"potentialAction\":[{\"@type\":\"SearchAction\",\"target\":{\"@type\":\"EntryPoint\",\"urlTemplate\":\"https:\/\/www.electroluxprofessional.com\/hr\/?src={search_term_string}\"},\"query-input\":\"required name=search_term_string\"}],\"inLanguage\":\"hr\"}]}<\/script>\n<!-- \/ Yoast SEO plugin. -->","yoast_head_json":{"title":"Sigurnost - Electrolux Professional Hrvatska","robots":{"index":"index","follow":"follow","max-snippet":"max-snippet:-1","max-image-preview":"max-image-preview:large","max-video-preview":"max-video-preview:-1"},"canonical":"https:\/\/www.electroluxprofessional.com\/hr\/sigurnost\/","og_locale":"hr_HR","og_type":"article","og_title":"Sigurnost - Electrolux Professional Hrvatska","og_description":"[vc_row full_width=&#8221;electroluxpro-full-width-no-padding&#8221;][vc_column][elx_hero_slider label_text_color=&#8221;inherit&#8221; images=&#8221;652&#8243;][elx_heading font_container=&#8221;h1&#8243; font_size=&#8221;h2&#8243; text_color=&#8221;inherit&#8221;]Zajam\u010dena kultura sigurnosti[\/elx_heading][vc_column_text]Electrolux Professional pru\u017ea vam pouzdanu i nepristranu sigurnost svjetske kvalitete, \u0161to dokazuje preuzimanjem konkretnih i mjerljivih obveza povezanih sa zdravljem i sigurno\u0161\u0107u.[\/vc_column_text][\/elx_hero_slider][\/vc_column][\/vc_row][vc_row][vc_column][elx_heading text_color=&#8221;inherit&#8221;] Zdrav rast, bezbri\u017ean rad, osje\u0107aj sigurnosti i za\u0161ti\u0107enost. [\/elx_heading][\/vc_column][\/vc_row][vc_row full_width=&#8221;electroluxpro-full-width-no-padding&#8221; equal_height=&#8221;yes&#8221;][vc_column width=&#8221;1\/2&#8243;][elx_image_block background_image=&#8221;646&#8243; minimum_height=&#8221;666px&#8221;][\/vc_column][vc_column width=&#8221;1\/2&#8243;][elx_simple_block background_color=&#8221;inherit&#8221;][elx_heading font_container=&#8221;h3&#8243; text_color=&#8221;inherit&#8221;]Sigurnost je vi\u0161e od dodatne mogu\u0107nosti kada [&hellip;]","og_url":"https:\/\/www.electroluxprofessional.com\/hr\/sigurnost\/","og_site_name":"Electrolux Professional Hrvatska","article_modified_time":"2024-07-02T12:46:39+00:00","twitter_card":"summary_large_image","twitter_misc":{"Procijenjeno vrijeme \u010ditanja":"5 minuta"},"schema":{"@context":"https:\/\/schema.org","@graph":[{"@type":"WebPage","@id":"https:\/\/www.electroluxprofessional.com\/hr\/sigurnost\/","url":"https:\/\/www.electroluxprofessional.com\/hr\/sigurnost\/","name":"Sigurnost - Electrolux Professional Hrvatska","isPartOf":{"@id":"https:\/\/www.electroluxprofessional.com\/hr\/#website"},"datePublished":"2017-05-02T11:38:20+00:00","dateModified":"2024-07-02T12:46:39+00:00","breadcrumb":{"@id":"https:\/\/www.electroluxprofessional.com\/hr\/sigurnost\/#breadcrumb"},"inLanguage":"hr","potentialAction":[{"@type":"ReadAction","target":["https:\/\/www.electroluxprofessional.com\/hr\/sigurnost\/"]}]},{"@type":"BreadcrumbList","@id":"https:\/\/www.electroluxprofessional.com\/hr\/sigurnost\/#breadcrumb","itemListElement":[{"@type":"ListItem","position":1,"name":"Po\u010detna stranica","item":"https:\/\/www.electroluxprofessional.com\/hr\/"},{"@type":"ListItem","position":2,"name":"Sigurnost"}]},{"@type":"WebSite","@id":"https:\/\/www.electroluxprofessional.com\/hr\/#website","url":"https:\/\/www.electroluxprofessional.com\/hr\/","name":"Electrolux Professional Hrvatska","description":"","potentialAction":[{"@type":"SearchAction","target":{"@type":"EntryPoint","urlTemplate":"https:\/\/www.electroluxprofessional.com\/hr\/?src={search_term_string}"},"query-input":"required name=search_term_string"}],"inLanguage":"hr"}]}},"_links":{"self":[{"href":"https:\/\/www.electroluxprofessional.com\/hr\/wp-json\/wp\/v2\/pages\/2222"}],"collection":[{"href":"https:\/\/www.electroluxprofessional.com\/hr\/wp-json\/wp\/v2\/pages"}],"about":[{"href":"https:\/\/www.electroluxprofessional.com\/hr\/wp-json\/wp\/v2\/types\/page"}],"author":[{"embeddable":true,"href":"https:\/\/www.electroluxprofessional.com\/hr\/wp-json\/wp\/v2\/users\/4"}],"replies":[{"embeddable":true,"href":"https:\/\/www.electroluxprofessional.com\/hr\/wp-json\/wp\/v2\/comments?post=2222"}],"version-history":[{"count":7,"href":"https:\/\/www.electroluxprofessional.com\/hr\/wp-json\/wp\/v2\/pages\/2222\/revisions"}],"predecessor-version":[{"id":117708,"href":"https:\/\/www.electroluxprofessional.com\/hr\/wp-json\/wp\/v2\/pages\/2222\/revisions\/117708"}],"wp:attachment":[{"href":"https:\/\/www.electroluxprofessional.com\/hr\/wp-json\/wp\/v2\/media?parent=2222"}],"curies":[{"name":"wp","href":"https:\/\/api.w.org\/{rel}","templated":true}]}}