{"id":2220,"date":"2017-05-02T11:37:01","date_gmt":"2017-05-02T11:37:01","guid":{"rendered":"https:\/\/www.electroluxprofessional.com\/hr\/?page_id=2220"},"modified":"2020-04-16T20:02:13","modified_gmt":"2020-04-16T20:02:13","slug":"haccp","status":"publish","type":"page","link":"https:\/\/www.electroluxprofessional.com\/hr\/haccp\/","title":{"rendered":"HACCP"},"content":{"rendered":"<p>[vc_row full_width=&#8221;electroluxpro-full-width-no-padding&#8221;][vc_column][elx_hero_slider label_text_color=&#8221;inherit&#8221; images=&#8221;658&#8243;][elx_heading font_container=&#8221;h1&#8243; text_color=&#8221;inherit&#8221;]HACCP[\/elx_heading][vc_column_text]HACCP (Analiza opasnosti i kriti\u010dne kontrolne to\u010dke) procedura je koja podrazumijeva procjenu mogu\u0107ih rizika koji su svojstveni odre\u0111enom proizvodu ili procesu i odre\u0111ivanje potrebnih koraka kako bi se utvr\u0111eni rizici dr\u017eali pod kontrolom.[\/vc_column_text][\/elx_hero_slider][\/vc_column][\/vc_row][vc_row][vc_column][elx_heading text_color=&#8221;inherit&#8221;]<\/p>\n<p style=\"text-align: center;\">Electrolux Professional pridr\u017eava se procesa HACCP od 1998.<\/p>\n<p>[\/elx_heading][vc_column_text]<\/p>\n<h3 style=\"text-align: center;\">\u0160to to zna\u010di?<\/h3>\n<p>[\/vc_column_text][\/vc_column][\/vc_row][vc_row full_width=&#8221;electroluxpro-full-width-no-padding&#8221;][vc_column][elx_image_block background_image=&#8221;654&#8243; vert_back_position=&#8221;top&#8221; minimum_height=&#8221;1000px&#8221;][\/vc_column][\/vc_row][vc_row][vc_column][vc_empty_space height=&#8221;100px&#8221;][vc_column_text css_animation=&#8221;top-to-bottom&#8221;]<\/p>\n<h3 style=\"text-align: center;\"><strong>Ako do\u0111e do epidemije bolesti ili kontaminacije povezane s poslovima poslu\u017eivanja ili pripreme hrane, primjena funkcije HACCP na Electroluxovoj opremi za nadgledanje procesa omogu\u0107it \u0107e poslovnim objektima mogu\u0107nost pra\u0107enja, identifikacije ili eliminacije izvora.<\/strong><\/h3>\n<p>[\/vc_column_text][vc_empty_space height=&#8221;50px&#8221;][\/vc_column][\/vc_row][vc_row full_width=&#8221;electroluxpro-full-width-no-padding&#8221; equal_height=&#8221;yes&#8221;][vc_column width=&#8221;1\/2&#8243;][elx_image_block background_image=&#8221;655&#8243; vert_back_position=&#8221;top&#8221; minimum_height=&#8221;598px&#8221;][\/vc_column][vc_column width=&#8221;1\/2&#8243;][elx_simple_block][elx_heading font_container=&#8221;h3&#8243; text_color=&#8221;inherit&#8221;]Kuhanje \u2013 kombinirana pe\u0107nica Electrolux Professional Touchline[\/elx_heading][vc_column_text css_animation=&#8221;right-to-left&#8221;]<strong>Funkcija kontrole sigurnosti hrane osigurava potpunu sigurnost hrane u skladu s HACCP standardima.<\/strong> Jednostavno odaberite kategoriju hrane i funkcija kontrole sigurnosti hrane u\u010dinit \u0107e ostalo, djeluju\u0107i kao nadglednik tijekom \u010ditavog procesa kuhanja. Kada je ikona kontrole sigurnosti hrane aktivirana, a sonda sa \u0161est senzora umetnuta, Touchline \u0107e izra\u010dunati je li hrana dovoljno skuhana uz odgovaraju\u0107u razinu sigurnosti.[\/vc_column_text][elx_button button_text=&#8221;Kuhanje i hla\u0111enje&#8221; button_style=&#8221;icon&#8221; button_link=&#8221;url:https%3A%2F%2Fprofessional.electrolux.hr%2Fkuhinjska-oprema%2Fhladnjaci-i-zamrzivaci%2Fizracunajte-ustedu-na-hladenju%2F|title:Cook%20and%20Chill||&#8221;][\/elx_simple_block][\/vc_column][\/vc_row][vc_row][vc_column][vc_empty_space height=&#8221;50px&#8221;][\/vc_column][\/vc_row][vc_row full_width=&#8221;electroluxpro-full-width-no-padding&#8221; equal_height=&#8221;yes&#8221;][vc_column width=&#8221;1\/2&#8243;][elx_image_block background_image=&#8221;656&#8243; vert_back_position=&#8221;top&#8221; minimum_height=&#8221;600px&#8221;][\/vc_column][vc_column width=&#8221;1\/2&#8243;][elx_simple_block][elx_heading font_container=&#8221;h3&#8243; text_color=&#8221;inherit&#8221;]Skladi\u0161tenje \u2013 Electrolux Professional rashla\u0111ivanje &#8211; ecostore Touch[\/elx_heading][vc_column_text css_animation=&#8221;right-to-left&#8221;]<strong>Kontrolno podru\u010dje HACCP-a na zaslonu Touch neprekidno provjerava i registrira radnu temperaturu i eventualna odstupanja.<\/strong> Grafikon \u0107e prikazati radni status i bilo kakav porast ili pad temperature.\u00a0 Podaci se mogu preuzeti putem USB-a i spremiti u svrhu izvje\u0161tavanja i pra\u0107enja[\/vc_column_text][elx_button button_text=&#8221;Oprema za hla\u0111enje&#8221; button_style=&#8221;icon&#8221; button_link=&#8221;url:https%3A%2F%2Fwww.electroluxprofessional.com%2Fhr%2Fhladnjaci-i-zamrzivaci%2F%20|title:Refrigeration%20equipment||&#8221;][\/elx_simple_block][\/vc_column][\/vc_row][vc_row][vc_column][elx_heading font_container=&#8221;h3&#8243; text_color=&#8221;inherit&#8221;]<\/p>\n<h2 class=\"customHeaderV2 bp3\" style=\"text-align: center;\">Electrolux Professional svjetski je priznata prekretnica u higijeni pranja rublja. Electrolux Professional prvi je proizvo\u0111a\u010d komercijalnih ure\u0111aja za pranje rublja koji je odobrio HACCP International<\/h2>\n<h2 class=\"customHeaderV2 bp3\" style=\"text-align: center;\"><\/h2>\n<p>[\/elx_heading][\/vc_column][\/vc_row][vc_row full_width=&#8221;electroluxpro-full-width-no-padding&#8221; css=&#8221;.vc_custom_1464077764547{background-color: #eaeef2 !important;}&#8221;][vc_column][vc_empty_space css=&#8221;.vc_custom_1464077755704{background-color: #eaeef2 !important;}&#8221;][\/vc_column][\/vc_row][vc_row css=&#8221;.vc_custom_1464077456458{background-color: #eaeef2 !important;}&#8221;][vc_column width=&#8221;1\/2&#8243;][vc_single_image image=&#8221;657&#8243; img_size=&#8221;large&#8221; alignment=&#8221;center&#8221;][\/vc_column][vc_column width=&#8221;1\/2&#8243;][elx_heading font_container=&#8221;h3&#8243; text_color=&#8221;inherit&#8221;]Profesionalni programi za pranje neophodni su kako bi se dezinficirala sva odje\u0107a i tkanine koje se upotrebljavaju u procesima pripremanja hrane.[\/elx_heading][vc_column_text]Slijede\u0107i pa\u017eljivu analizu svjetskih procesa pranja rublja, Electrolux Professional razvio je Liniju 5000, rje\u0161enje za pranje rublja koje poma\u017ee dose\u0107i stroge kriterije HACCP-a. Electrolux Professional postao je prvi i trenuta\u010dno jedini proizvo\u0111a\u010d perilica rublja s certifikatom HACCP International. Uz perilice s prednjim punjenjem, priznanje su dobile i perilice s barijerom, gla\u010dala i odgovaraju\u0107i nastavci.<br \/>\nOvaj certifikat prvo je bio dodijeljen Liniji 5000 u Ujedinjenom Kraljevstvu i Irskoj, a od lipnja 2015. godine primjenjuje se u cijelom svijetu.[\/vc_column_text][\/vc_column][\/vc_row][vc_row full_width=&#8221;electroluxpro-full-width-no-padding&#8221; css=&#8221;.vc_custom_1464077764547{background-color: #eaeef2 !important;}&#8221;][vc_column][vc_empty_space css=&#8221;.vc_custom_1464077755704{background-color: #eaeef2 !important;}&#8221;][\/vc_column][\/vc_row][vc_row full_width=&#8221;electroluxpro-container-no-padding&#8221; equal_height=&#8221;yes&#8221; css=&#8221;.vc_custom_1464275874297{padding-top: 50px !important;padding-bottom: 50px !important;}&#8221;][vc_column width=&#8221;1\/3&#8243;][elx_image_block background_image=&#8221;649&#8243; minimum_height=&#8221;380px&#8221;][\/vc_column][vc_column width=&#8221;1\/3&#8243; css=&#8221;.vc_custom_1464275824218{background-color: #e2e2e2 !important;}&#8221;][elx_simple_block text_align=&#8221;text-center&#8221; background_color=&#8221;inherit&#8221;][elx_heading text_color=&#8221;inherit&#8221;]Za bolje sutra[\/elx_heading][vc_column_text]\u017delimo svakim danom pozitivno utjecati na \u017eivote ljudi i na na\u0161 planet.[\/vc_column_text][elx_button button_text=&#8221;Saznajte vi\u0161e&#8221; button_link=&#8221;url:%2Ffor-the-better-sustainability%2F|title:Find%20out%20more||&#8221;][\/elx_simple_block][\/vc_column][vc_column width=&#8221;1\/3&#8243;][elx_image_block background_image=&#8221;650&#8243; minimum_height=&#8221;380px&#8221;][\/vc_column][\/vc_row]<\/p>\n","protected":false},"excerpt":{"rendered":"<p>[vc_row full_width=&#8221;electroluxpro-full-width-no-padding&#8221;][vc_column][elx_hero_slider label_text_color=&#8221;inherit&#8221; images=&#8221;658&#8243;][elx_heading font_container=&#8221;h1&#8243; text_color=&#8221;inherit&#8221;]HACCP[\/elx_heading][vc_column_text]HACCP (Analiza opasnosti i kriti\u010dne kontrolne to\u010dke) procedura je koja podrazumijeva procjenu mogu\u0107ih rizika koji su svojstveni odre\u0111enom proizvodu ili procesu i odre\u0111ivanje potrebnih koraka kako bi se utvr\u0111eni rizici dr\u017eali pod kontrolom.[\/vc_column_text][\/elx_hero_slider][\/vc_column][\/vc_row][vc_row][vc_column][elx_heading text_color=&#8221;inherit&#8221;] Electrolux Professional pridr\u017eava se procesa HACCP od 1998. [\/elx_heading][vc_column_text] \u0160to to zna\u010di? [\/vc_column_text][\/vc_column][\/vc_row][vc_row full_width=&#8221;electroluxpro-full-width-no-padding&#8221;][vc_column][elx_image_block background_image=&#8221;654&#8243; vert_back_position=&#8221;top&#8221; [&hellip;]<\/p>\n","protected":false},"author":4,"featured_media":0,"parent":0,"menu_order":0,"comment_status":"closed","ping_status":"closed","template":"","meta":{"footnotes":""},"class_list":["post-2220","page","type-page","status-publish","hentry"],"acf":[],"yoast_head":"<!-- This site is optimized with the Yoast SEO plugin v23.3 - https:\/\/yoast.com\/wordpress\/plugins\/seo\/ -->\n<title>HACCP - Electrolux Professional Hrvatska<\/title>\n<meta name=\"robots\" content=\"index, follow, max-snippet:-1, max-image-preview:large, max-video-preview:-1\" \/>\n<link rel=\"canonical\" href=\"https:\/\/www.electroluxprofessional.com\/hr\/haccp\/\" \/>\n<meta property=\"og:locale\" content=\"hr_HR\" \/>\n<meta property=\"og:type\" content=\"article\" \/>\n<meta property=\"og:title\" content=\"HACCP - Electrolux Professional Hrvatska\" \/>\n<meta property=\"og:description\" content=\"[vc_row full_width=&#8221;electroluxpro-full-width-no-padding&#8221;][vc_column][elx_hero_slider label_text_color=&#8221;inherit&#8221; images=&#8221;658&#8243;][elx_heading font_container=&#8221;h1&#8243; text_color=&#8221;inherit&#8221;]HACCP[\/elx_heading][vc_column_text]HACCP (Analiza opasnosti i kriti\u010dne kontrolne to\u010dke) procedura je koja podrazumijeva procjenu mogu\u0107ih rizika koji su svojstveni odre\u0111enom proizvodu ili procesu i odre\u0111ivanje potrebnih koraka kako bi se utvr\u0111eni rizici dr\u017eali pod kontrolom.[\/vc_column_text][\/elx_hero_slider][\/vc_column][\/vc_row][vc_row][vc_column][elx_heading text_color=&#8221;inherit&#8221;] Electrolux Professional pridr\u017eava se procesa HACCP od 1998. [\/elx_heading][vc_column_text] \u0160to to zna\u010di? [\/vc_column_text][\/vc_column][\/vc_row][vc_row full_width=&#8221;electroluxpro-full-width-no-padding&#8221;][vc_column][elx_image_block background_image=&#8221;654&#8243; vert_back_position=&#8221;top&#8221; [&hellip;]\" \/>\n<meta property=\"og:url\" content=\"https:\/\/www.electroluxprofessional.com\/hr\/haccp\/\" \/>\n<meta property=\"og:site_name\" content=\"Electrolux Professional Hrvatska\" \/>\n<meta property=\"article:modified_time\" content=\"2020-04-16T20:02:13+00:00\" \/>\n<meta name=\"twitter:card\" content=\"summary_large_image\" \/>\n<meta name=\"twitter:label1\" content=\"Procijenjeno vrijeme \u010ditanja\" \/>\n\t<meta name=\"twitter:data1\" content=\"4 minute\" \/>\n<script type=\"application\/ld+json\" class=\"yoast-schema-graph\">{\"@context\":\"https:\/\/schema.org\",\"@graph\":[{\"@type\":\"WebPage\",\"@id\":\"https:\/\/www.electroluxprofessional.com\/hr\/haccp\/\",\"url\":\"https:\/\/www.electroluxprofessional.com\/hr\/haccp\/\",\"name\":\"HACCP - Electrolux Professional Hrvatska\",\"isPartOf\":{\"@id\":\"https:\/\/www.electroluxprofessional.com\/hr\/#website\"},\"datePublished\":\"2017-05-02T11:37:01+00:00\",\"dateModified\":\"2020-04-16T20:02:13+00:00\",\"breadcrumb\":{\"@id\":\"https:\/\/www.electroluxprofessional.com\/hr\/haccp\/#breadcrumb\"},\"inLanguage\":\"hr\",\"potentialAction\":[{\"@type\":\"ReadAction\",\"target\":[\"https:\/\/www.electroluxprofessional.com\/hr\/haccp\/\"]}]},{\"@type\":\"BreadcrumbList\",\"@id\":\"https:\/\/www.electroluxprofessional.com\/hr\/haccp\/#breadcrumb\",\"itemListElement\":[{\"@type\":\"ListItem\",\"position\":1,\"name\":\"Po\u010detna stranica\",\"item\":\"https:\/\/www.electroluxprofessional.com\/hr\/\"},{\"@type\":\"ListItem\",\"position\":2,\"name\":\"HACCP\"}]},{\"@type\":\"WebSite\",\"@id\":\"https:\/\/www.electroluxprofessional.com\/hr\/#website\",\"url\":\"https:\/\/www.electroluxprofessional.com\/hr\/\",\"name\":\"Electrolux Professional Hrvatska\",\"description\":\"\",\"potentialAction\":[{\"@type\":\"SearchAction\",\"target\":{\"@type\":\"EntryPoint\",\"urlTemplate\":\"https:\/\/www.electroluxprofessional.com\/hr\/?src={search_term_string}\"},\"query-input\":\"required name=search_term_string\"}],\"inLanguage\":\"hr\"}]}<\/script>\n<!-- \/ Yoast SEO plugin. -->","yoast_head_json":{"title":"HACCP - Electrolux Professional Hrvatska","robots":{"index":"index","follow":"follow","max-snippet":"max-snippet:-1","max-image-preview":"max-image-preview:large","max-video-preview":"max-video-preview:-1"},"canonical":"https:\/\/www.electroluxprofessional.com\/hr\/haccp\/","og_locale":"hr_HR","og_type":"article","og_title":"HACCP - Electrolux Professional Hrvatska","og_description":"[vc_row full_width=&#8221;electroluxpro-full-width-no-padding&#8221;][vc_column][elx_hero_slider label_text_color=&#8221;inherit&#8221; images=&#8221;658&#8243;][elx_heading font_container=&#8221;h1&#8243; text_color=&#8221;inherit&#8221;]HACCP[\/elx_heading][vc_column_text]HACCP (Analiza opasnosti i kriti\u010dne kontrolne to\u010dke) procedura je koja podrazumijeva procjenu mogu\u0107ih rizika koji su svojstveni odre\u0111enom proizvodu ili procesu i odre\u0111ivanje potrebnih koraka kako bi se utvr\u0111eni rizici dr\u017eali pod kontrolom.[\/vc_column_text][\/elx_hero_slider][\/vc_column][\/vc_row][vc_row][vc_column][elx_heading text_color=&#8221;inherit&#8221;] Electrolux Professional pridr\u017eava se procesa HACCP od 1998. [\/elx_heading][vc_column_text] \u0160to to zna\u010di? [\/vc_column_text][\/vc_column][\/vc_row][vc_row full_width=&#8221;electroluxpro-full-width-no-padding&#8221;][vc_column][elx_image_block background_image=&#8221;654&#8243; vert_back_position=&#8221;top&#8221; [&hellip;]","og_url":"https:\/\/www.electroluxprofessional.com\/hr\/haccp\/","og_site_name":"Electrolux Professional Hrvatska","article_modified_time":"2020-04-16T20:02:13+00:00","twitter_card":"summary_large_image","twitter_misc":{"Procijenjeno vrijeme \u010ditanja":"4 minute"},"schema":{"@context":"https:\/\/schema.org","@graph":[{"@type":"WebPage","@id":"https:\/\/www.electroluxprofessional.com\/hr\/haccp\/","url":"https:\/\/www.electroluxprofessional.com\/hr\/haccp\/","name":"HACCP - Electrolux Professional Hrvatska","isPartOf":{"@id":"https:\/\/www.electroluxprofessional.com\/hr\/#website"},"datePublished":"2017-05-02T11:37:01+00:00","dateModified":"2020-04-16T20:02:13+00:00","breadcrumb":{"@id":"https:\/\/www.electroluxprofessional.com\/hr\/haccp\/#breadcrumb"},"inLanguage":"hr","potentialAction":[{"@type":"ReadAction","target":["https:\/\/www.electroluxprofessional.com\/hr\/haccp\/"]}]},{"@type":"BreadcrumbList","@id":"https:\/\/www.electroluxprofessional.com\/hr\/haccp\/#breadcrumb","itemListElement":[{"@type":"ListItem","position":1,"name":"Po\u010detna stranica","item":"https:\/\/www.electroluxprofessional.com\/hr\/"},{"@type":"ListItem","position":2,"name":"HACCP"}]},{"@type":"WebSite","@id":"https:\/\/www.electroluxprofessional.com\/hr\/#website","url":"https:\/\/www.electroluxprofessional.com\/hr\/","name":"Electrolux Professional Hrvatska","description":"","potentialAction":[{"@type":"SearchAction","target":{"@type":"EntryPoint","urlTemplate":"https:\/\/www.electroluxprofessional.com\/hr\/?src={search_term_string}"},"query-input":"required name=search_term_string"}],"inLanguage":"hr"}]}},"_links":{"self":[{"href":"https:\/\/www.electroluxprofessional.com\/hr\/wp-json\/wp\/v2\/pages\/2220"}],"collection":[{"href":"https:\/\/www.electroluxprofessional.com\/hr\/wp-json\/wp\/v2\/pages"}],"about":[{"href":"https:\/\/www.electroluxprofessional.com\/hr\/wp-json\/wp\/v2\/types\/page"}],"author":[{"embeddable":true,"href":"https:\/\/www.electroluxprofessional.com\/hr\/wp-json\/wp\/v2\/users\/4"}],"replies":[{"embeddable":true,"href":"https:\/\/www.electroluxprofessional.com\/hr\/wp-json\/wp\/v2\/comments?post=2220"}],"version-history":[{"count":7,"href":"https:\/\/www.electroluxprofessional.com\/hr\/wp-json\/wp\/v2\/pages\/2220\/revisions"}],"predecessor-version":[{"id":5418,"href":"https:\/\/www.electroluxprofessional.com\/hr\/wp-json\/wp\/v2\/pages\/2220\/revisions\/5418"}],"wp:attachment":[{"href":"https:\/\/www.electroluxprofessional.com\/hr\/wp-json\/wp\/v2\/media?parent=2220"}],"curies":[{"name":"wp","href":"https:\/\/api.w.org\/{rel}","templated":true}]}}