{"id":2218,"date":"2017-05-02T11:35:25","date_gmt":"2017-05-02T11:35:25","guid":{"rendered":"https:\/\/www.electroluxprofessional.com\/hr\/?page_id=2218"},"modified":"2021-03-11T10:56:00","modified_gmt":"2021-03-11T10:56:00","slug":"recipes","status":"publish","type":"page","link":"https:\/\/www.electroluxprofessional.com\/hr\/recipes\/","title":{"rendered":"Recepti"},"content":{"rendered":"<p>[vc_row full_width=&#8221;electroluxpro-full-width-no-padding&#8221;][vc_column][elx_hero_video label=&#8221;&#8221; label_background_color=&#8221;restaurant&#8221; background_video_mp4=&#8221;http:\/\/testepr.jobinformatica.it\/wp-content\/uploads\/2016\/05\/video-test-recipe-MVI_6988-ok-vm.mp4&#8243;][elx_heading font_container=&#8221;h1&#8243; font_size=&#8221;h1&#8243; text_color=&#8221;white&#8221;]Recepti kulinarske akademije[\/elx_heading][\/elx_hero_video][\/vc_column][\/vc_row][vc_row][vc_column width=&#8221;1\/2&#8243;][vc_empty_space][elx_image_block background_image=&#8221;581&#8243; minimum_height=&#8221;500px&#8221;][vc_empty_space][\/vc_column][vc_column width=&#8221;1\/2&#8243;][vc_column_text]<\/p>\n<h1><strong>ideje i prijatelji inspirirajte i <\/strong><\/h1>\n<h1><strong>budite inspirirani<\/strong><\/h1>\n<p>&nbsp;<\/p>\n<p>Kulinarska akademija sredi\u0161te je inspiracije. Ova jedinstvena i globalna mre\u017ea, pod vodstvom iskusnih kulinarskih mentora iz razli\u010ditih dijelova svijeta, slu\u0161a va\u0161e ideje i zatim va\u0161e potrebe stavlja u praksu, na temelju povjerenja i profesionalizma.<\/p>\n<p>\u201eideje i prijatelji\u201c je stav, na\u0161 na\u010din poslovanja. Svi su dobrodo\u0161li da podijele ideje, izazove i testiraju rje\u0161enja za \u201eokruglim stolom\u201c. Gradimo odnose \u010diji je cilj pobolj\u0161anje va\u0161eg poslovanja.[\/vc_column_text][\/vc_column][\/vc_row]<\/p>\n","protected":false},"excerpt":{"rendered":"<p>[vc_row full_width=&#8221;electroluxpro-full-width-no-padding&#8221;][vc_column][elx_hero_video label=&#8221;&#8221; label_background_color=&#8221;restaurant&#8221; background_video_mp4=&#8221;http:\/\/testepr.jobinformatica.it\/wp-content\/uploads\/2016\/05\/video-test-recipe-MVI_6988-ok-vm.mp4&#8243;][elx_heading font_container=&#8221;h1&#8243; font_size=&#8221;h1&#8243; text_color=&#8221;white&#8221;]Recepti kulinarske akademije[\/elx_heading][\/elx_hero_video][\/vc_column][\/vc_row][vc_row][vc_column width=&#8221;1\/2&#8243;][vc_empty_space][elx_image_block background_image=&#8221;581&#8243; minimum_height=&#8221;500px&#8221;][vc_empty_space][\/vc_column][vc_column width=&#8221;1\/2&#8243;][vc_column_text] ideje i prijatelji inspirirajte i budite inspirirani &nbsp; Kulinarska akademija sredi\u0161te je inspiracije. Ova jedinstvena i globalna mre\u017ea, pod vodstvom iskusnih kulinarskih mentora iz razli\u010ditih dijelova svijeta, slu\u0161a va\u0161e ideje i zatim va\u0161e potrebe stavlja u praksu, na temelju povjerenja i [&hellip;]<\/p>\n","protected":false},"author":4,"featured_media":0,"parent":0,"menu_order":0,"comment_status":"closed","ping_status":"closed","template":"template-recipes.php","meta":{"footnotes":""},"class_list":["post-2218","page","type-page","status-publish","hentry"],"acf":[],"yoast_head":"<!-- This site is optimized with the Yoast SEO plugin v23.3 - https:\/\/yoast.com\/wordpress\/plugins\/seo\/ -->\n<title>Recepti - Electrolux Professional Hrvatska<\/title>\n<meta name=\"robots\" content=\"index, follow, max-snippet:-1, max-image-preview:large, max-video-preview:-1\" \/>\n<link rel=\"canonical\" href=\"https:\/\/www.electroluxprofessional.com\/hr\/recipes\/\" \/>\n<meta property=\"og:locale\" content=\"hr_HR\" \/>\n<meta property=\"og:type\" content=\"article\" \/>\n<meta property=\"og:title\" content=\"Recepti - Electrolux Professional Hrvatska\" \/>\n<meta property=\"og:description\" content=\"[vc_row full_width=&#8221;electroluxpro-full-width-no-padding&#8221;][vc_column][elx_hero_video label=&#8221;&#8221; label_background_color=&#8221;restaurant&#8221; background_video_mp4=&#8221;http:\/\/testepr.jobinformatica.it\/wp-content\/uploads\/2016\/05\/video-test-recipe-MVI_6988-ok-vm.mp4&#8243;][elx_heading font_container=&#8221;h1&#8243; font_size=&#8221;h1&#8243; text_color=&#8221;white&#8221;]Recepti kulinarske akademije[\/elx_heading][\/elx_hero_video][\/vc_column][\/vc_row][vc_row][vc_column width=&#8221;1\/2&#8243;][vc_empty_space][elx_image_block background_image=&#8221;581&#8243; minimum_height=&#8221;500px&#8221;][vc_empty_space][\/vc_column][vc_column width=&#8221;1\/2&#8243;][vc_column_text] ideje i prijatelji inspirirajte i budite inspirirani &nbsp; Kulinarska akademija sredi\u0161te je inspiracije. Ova jedinstvena i globalna mre\u017ea, pod vodstvom iskusnih kulinarskih mentora iz razli\u010ditih dijelova svijeta, slu\u0161a va\u0161e ideje i zatim va\u0161e potrebe stavlja u praksu, na temelju povjerenja i [&hellip;]\" \/>\n<meta property=\"og:url\" content=\"https:\/\/www.electroluxprofessional.com\/hr\/recipes\/\" \/>\n<meta property=\"og:site_name\" content=\"Electrolux Professional Hrvatska\" \/>\n<meta property=\"article:modified_time\" content=\"2021-03-11T10:56:00+00:00\" \/>\n<meta name=\"twitter:card\" content=\"summary_large_image\" \/>\n<meta name=\"twitter:label1\" content=\"Procijenjeno vrijeme \u010ditanja\" \/>\n\t<meta name=\"twitter:data1\" content=\"1 minuta\" \/>\n<script type=\"application\/ld+json\" class=\"yoast-schema-graph\">{\"@context\":\"https:\/\/schema.org\",\"@graph\":[{\"@type\":\"WebPage\",\"@id\":\"https:\/\/www.electroluxprofessional.com\/hr\/recipes\/\",\"url\":\"https:\/\/www.electroluxprofessional.com\/hr\/recipes\/\",\"name\":\"Recepti - Electrolux Professional Hrvatska\",\"isPartOf\":{\"@id\":\"https:\/\/www.electroluxprofessional.com\/hr\/#website\"},\"datePublished\":\"2017-05-02T11:35:25+00:00\",\"dateModified\":\"2021-03-11T10:56:00+00:00\",\"breadcrumb\":{\"@id\":\"https:\/\/www.electroluxprofessional.com\/hr\/recipes\/#breadcrumb\"},\"inLanguage\":\"hr\",\"potentialAction\":[{\"@type\":\"ReadAction\",\"target\":[\"https:\/\/www.electroluxprofessional.com\/hr\/recipes\/\"]}]},{\"@type\":\"BreadcrumbList\",\"@id\":\"https:\/\/www.electroluxprofessional.com\/hr\/recipes\/#breadcrumb\",\"itemListElement\":[{\"@type\":\"ListItem\",\"position\":1,\"name\":\"Po\u010detna stranica\",\"item\":\"https:\/\/www.electroluxprofessional.com\/hr\/\"},{\"@type\":\"ListItem\",\"position\":2,\"name\":\"Recepti\"}]},{\"@type\":\"WebSite\",\"@id\":\"https:\/\/www.electroluxprofessional.com\/hr\/#website\",\"url\":\"https:\/\/www.electroluxprofessional.com\/hr\/\",\"name\":\"Electrolux Professional Hrvatska\",\"description\":\"\",\"potentialAction\":[{\"@type\":\"SearchAction\",\"target\":{\"@type\":\"EntryPoint\",\"urlTemplate\":\"https:\/\/www.electroluxprofessional.com\/hr\/?src={search_term_string}\"},\"query-input\":\"required name=search_term_string\"}],\"inLanguage\":\"hr\"}]}<\/script>\n<!-- \/ Yoast SEO plugin. -->","yoast_head_json":{"title":"Recepti - Electrolux Professional Hrvatska","robots":{"index":"index","follow":"follow","max-snippet":"max-snippet:-1","max-image-preview":"max-image-preview:large","max-video-preview":"max-video-preview:-1"},"canonical":"https:\/\/www.electroluxprofessional.com\/hr\/recipes\/","og_locale":"hr_HR","og_type":"article","og_title":"Recepti - Electrolux Professional Hrvatska","og_description":"[vc_row full_width=&#8221;electroluxpro-full-width-no-padding&#8221;][vc_column][elx_hero_video label=&#8221;&#8221; label_background_color=&#8221;restaurant&#8221; background_video_mp4=&#8221;http:\/\/testepr.jobinformatica.it\/wp-content\/uploads\/2016\/05\/video-test-recipe-MVI_6988-ok-vm.mp4&#8243;][elx_heading font_container=&#8221;h1&#8243; font_size=&#8221;h1&#8243; text_color=&#8221;white&#8221;]Recepti kulinarske akademije[\/elx_heading][\/elx_hero_video][\/vc_column][\/vc_row][vc_row][vc_column width=&#8221;1\/2&#8243;][vc_empty_space][elx_image_block background_image=&#8221;581&#8243; minimum_height=&#8221;500px&#8221;][vc_empty_space][\/vc_column][vc_column width=&#8221;1\/2&#8243;][vc_column_text] ideje i prijatelji inspirirajte i budite inspirirani &nbsp; Kulinarska akademija sredi\u0161te je inspiracije. Ova jedinstvena i globalna mre\u017ea, pod vodstvom iskusnih kulinarskih mentora iz razli\u010ditih dijelova svijeta, slu\u0161a va\u0161e ideje i zatim va\u0161e potrebe stavlja u praksu, na temelju povjerenja i [&hellip;]","og_url":"https:\/\/www.electroluxprofessional.com\/hr\/recipes\/","og_site_name":"Electrolux Professional Hrvatska","article_modified_time":"2021-03-11T10:56:00+00:00","twitter_card":"summary_large_image","twitter_misc":{"Procijenjeno vrijeme \u010ditanja":"1 minuta"},"schema":{"@context":"https:\/\/schema.org","@graph":[{"@type":"WebPage","@id":"https:\/\/www.electroluxprofessional.com\/hr\/recipes\/","url":"https:\/\/www.electroluxprofessional.com\/hr\/recipes\/","name":"Recepti - Electrolux Professional Hrvatska","isPartOf":{"@id":"https:\/\/www.electroluxprofessional.com\/hr\/#website"},"datePublished":"2017-05-02T11:35:25+00:00","dateModified":"2021-03-11T10:56:00+00:00","breadcrumb":{"@id":"https:\/\/www.electroluxprofessional.com\/hr\/recipes\/#breadcrumb"},"inLanguage":"hr","potentialAction":[{"@type":"ReadAction","target":["https:\/\/www.electroluxprofessional.com\/hr\/recipes\/"]}]},{"@type":"BreadcrumbList","@id":"https:\/\/www.electroluxprofessional.com\/hr\/recipes\/#breadcrumb","itemListElement":[{"@type":"ListItem","position":1,"name":"Po\u010detna stranica","item":"https:\/\/www.electroluxprofessional.com\/hr\/"},{"@type":"ListItem","position":2,"name":"Recepti"}]},{"@type":"WebSite","@id":"https:\/\/www.electroluxprofessional.com\/hr\/#website","url":"https:\/\/www.electroluxprofessional.com\/hr\/","name":"Electrolux Professional Hrvatska","description":"","potentialAction":[{"@type":"SearchAction","target":{"@type":"EntryPoint","urlTemplate":"https:\/\/www.electroluxprofessional.com\/hr\/?src={search_term_string}"},"query-input":"required name=search_term_string"}],"inLanguage":"hr"}]}},"_links":{"self":[{"href":"https:\/\/www.electroluxprofessional.com\/hr\/wp-json\/wp\/v2\/pages\/2218"}],"collection":[{"href":"https:\/\/www.electroluxprofessional.com\/hr\/wp-json\/wp\/v2\/pages"}],"about":[{"href":"https:\/\/www.electroluxprofessional.com\/hr\/wp-json\/wp\/v2\/types\/page"}],"author":[{"embeddable":true,"href":"https:\/\/www.electroluxprofessional.com\/hr\/wp-json\/wp\/v2\/users\/4"}],"replies":[{"embeddable":true,"href":"https:\/\/www.electroluxprofessional.com\/hr\/wp-json\/wp\/v2\/comments?post=2218"}],"version-history":[{"count":5,"href":"https:\/\/www.electroluxprofessional.com\/hr\/wp-json\/wp\/v2\/pages\/2218\/revisions"}],"predecessor-version":[{"id":49470,"href":"https:\/\/www.electroluxprofessional.com\/hr\/wp-json\/wp\/v2\/pages\/2218\/revisions\/49470"}],"wp:attachment":[{"href":"https:\/\/www.electroluxprofessional.com\/hr\/wp-json\/wp\/v2\/media?parent=2218"}],"curies":[{"name":"wp","href":"https:\/\/api.w.org\/{rel}","templated":true}]}}