{"id":2201,"date":"2017-04-27T11:49:41","date_gmt":"2017-04-27T11:49:41","guid":{"rendered":"https:\/\/www.electroluxprofessional.com\/hr\/?page_id=2201"},"modified":"2017-08-11T12:19:40","modified_gmt":"2017-08-11T12:19:40","slug":"praonice-s-velikom-kolicinom-pranja","status":"publish","type":"page","link":"https:\/\/www.electroluxprofessional.com\/hr\/praonice-s-velikom-kolicinom-pranja\/","title":{"rendered":"Praonice s velikom koli\u010dinom pranja"},"content":{"rendered":"<p>[vc_row full_width=&#8221;electroluxpro-full-width-no-padding&#8221; equal_height=&#8221;yes&#8221;][vc_column reveal_effect=&#8221;&#8221; width=&#8221;1\/2&#8243;][elx_citation name=&#8221;Gianni Granzotto, direktor Me\u0111unarodnog turisti\u010dkog sela&#8221; company=&#8221;Bibione, Italija &#8220;][elx_heading font_size=&#8221;h2&#8243; text_color=&#8221;inherit&#8221;]\u201eNa\u0161e iskustvo s Electroluxom bilo je pozitivno od samog po\u010detka, od faze dizajna\/instalacije do zavr\u0161etka usluge i odr\u017eavanja, \u0161to je uvelike smanjilo vrijeme zastoja ure\u0111aja.\u201c<br \/>\n[\/elx_heading][\/elx_citation][\/vc_column][vc_column reveal_effect=&#8221;&#8221; width=&#8221;1\/2&#8243;][elx_image_block background_image=&#8221;1658&#8243; minimum_height=&#8221;530px&#8221;][\/vc_column][\/vc_row][vc_row css=&#8221;.vc_custom_1464705995694{padding-top: 50px !important;padding-bottom: 50px !important;}&#8221;][vc_column][elx_heading font_container=&#8221;h1&#8243; font_size=&#8221;h2&#8243; text_color=&#8221;inherit&#8221; text_align=&#8221;text-center&#8221;]Praonice s velikom koli\u010dinom pranja<\/p>\n<p>[\/elx_heading][vc_column_text]<\/p>\n<h3 style=\"text-align: center;\">Visok radni u\u010dinak, ve\u0107a produktivnost, ni\u017ei teku\u0107i tro\u0161kovi i maksimalna transparentnost u procesu pranja rublja.<\/h3>\n<p>[\/vc_column_text][\/vc_column][\/vc_row][vc_row full_width=&#8221;electroluxpro-full-width-no-padding&#8221;][vc_column width=&#8221;1\/2&#8243;][elx_simple_block background_color=&#8221;inherit&#8221;][elx_heading text_color=&#8221;inherit&#8221;]Na\u0161a rje\u0161enja pru\u017eaju zna\u010dajne u\u0161tede vremena i novca.<br \/>\n[\/elx_heading][vc_column_text css_animation=&#8221;left-to-right&#8221;]<\/p>\n<ul>\n<li>Optimizirana potro\u0161nja vode, energije i deterd\u017eenta<br \/>\nzahvaljuju\u0107i pametnoj tehnologiji.<\/li>\n<li>Br\u017ei ciklusi.<\/li>\n<li>Br\u017ei i ekonomi\u010dniji procesi su\u0161enja, zahvaljuju\u0107i najni\u017eoj razini zadr\u017eavanja vode.<\/li>\n<li>Najbolji radni u\u010dinak gla\u010danja na tr\u017ei\u0161tu.<\/li>\n<li>\u0160irok asortiman rje\u0161enja za gla\u010danje &#8211; do kompletnih traka za gla\u010danje, uklju\u010duju\u0107i opremu za uvla\u010denje i slaganje.<\/li>\n<li>Ve\u0107a fleksibilnost usluge \u2013<br \/>\nstru\u010dnjaci, poduka i najve\u0107a mre\u017ea usluga na svijetu.<\/li>\n<\/ul>\n<p>[\/vc_column_text][\/elx_simple_block][\/vc_column][vc_column width=&#8221;1\/2&#8243;][elx_image_block background_image=&#8221;709&#8243; minimum_height=&#8221;600px&#8221;][\/vc_column][\/vc_row][vc_row full_width=&#8221;electroluxpro-full-width-no-padding&#8221; equal_height=&#8221;yes&#8221;][vc_column width=&#8221;1\/2&#8243;][elx_image_block background_image=&#8221;710&#8243; minimum_height=&#8221;600px&#8221;][\/vc_column][vc_column width=&#8221;1\/2&#8243;][elx_simple_block background_color=&#8221;inherit&#8221;][elx_heading text_color=&#8221;inherit&#8221;]HIA komercijalno pranje rublja<br \/>\n[\/elx_heading][vc_column_text]<\/p>\n<h3><em>\u201eElectrolux nam je pomogao ubrzati sve.\u201c<br \/>\n<\/em><\/h3>\n<p><strong><br \/>\nEva-Maj Axelsoon, upraviteljica praonice HIA<br \/>\n<\/strong><strong>Eksj\u00f6, \u0160vedska<br \/>\n<\/strong>[\/vc_column_text][\/elx_simple_block][\/vc_column][\/vc_row][vc_row][vc_column][vc_empty_space][elx_heading text_color=&#8221;inherit&#8221; text_align=&#8221;text-center&#8221;]Prilago\u0111eno va\u0161im zahtjevima.<br \/>\nOdaberite svoj paket rje\u0161enja!<\/p>\n<p>[\/elx_heading][\/vc_column][\/vc_row][vc_row equal_height=&#8221;yes&#8221;][vc_column width=&#8221;1\/2&#8243;][elx_image_block background_image=&#8221;711&#8243; minimum_height=&#8221;350px&#8221;][\/vc_column][vc_column width=&#8221;1\/2&#8243;][elx_simple_block background_color=&#8221;inherit&#8221;][elx_heading text_color=&#8221;inherit&#8221;]Rje\u0161enje za pristup[\/elx_heading][vc_column_text]<\/p>\n<ul>\n<li>Vrlo niska potro\u0161nja vode i energije te<strong> do 50 % u\u0161tede vode kod polovi\u010dnog punjenja i 30 % kra\u0107e su\u0161enje.<\/strong><\/li>\n<li>Specifi\u010dne zna\u010dajke za brigu o jednostavnim i ravnim tkaninama i pojasevi za gla\u010danje dizajnirani za dugotrajnu upotrebu pri visokim temperaturama.<\/li>\n<\/ul>\n<p>[\/vc_column_text][vc_column_text]2 x perilica s prednjim punjenjem (33 kg)<br \/>\n1 x su\u0161ilica (30,5 kg)<br \/>\n1 x cilindri\u010dni tip gla\u010dala (2065 mm)[\/vc_column_text][\/elx_simple_block][\/vc_column][\/vc_row][vc_row equal_height=&#8221;yes&#8221; css=&#8221;.vc_custom_1465207502266{padding-top: 30px !important;}&#8221;][vc_column width=&#8221;1\/2&#8243;][elx_image_block background_image=&#8221;1550&#8243; minimum_height=&#8221;350px&#8221;][\/vc_column][vc_column width=&#8221;1\/2&#8243;][elx_simple_block background_color=&#8221;inherit&#8221;][elx_heading text_color=&#8221;inherit&#8221;]Napredno rje\u0161enje[\/elx_heading][vc_column_text]<\/p>\n<ul>\n<li><strong>Vrhunsko pranje <\/strong>i vrhunska briga, zahvaljuju\u0107i integriranom sustavu u\u0161tede za<strong> optimalno punjenje perilice.<\/strong><\/li>\n<li>Proces su\u0161enja do<strong> 10 % br\u017ei i 15 % energetski u\u010dinkovitiji.<\/strong><\/li>\n<li>Sustav gla\u010danja izravnim naprednim upravljanjem vlagom.<\/li>\n<\/ul>\n<p>[\/vc_column_text][vc_column_text]3 x perilica s prednjim punjenjem (45 kg)<br \/>\n1 x su\u0161ilica (45 kg)<br \/>\n1 x cilindri\u010dni tip gla\u010dala s opremom za uvla\u010denje, slaganje i sakupljanje (3170 mm)[\/vc_column_text][\/elx_simple_block][\/vc_column][\/vc_row][vc_row equal_height=&#8221;yes&#8221; css=&#8221;.vc_custom_1465208851809{padding-top: 30px !important;}&#8221;][vc_column width=&#8221;1\/2&#8243;][elx_image_block background_image=&#8221;713&#8243; minimum_height=&#8221;350px&#8221;][\/vc_column][vc_column width=&#8221;1\/2&#8243;][elx_simple_block background_color=&#8221;inherit&#8221;][elx_heading text_color=&#8221;inherit&#8221;]Superiorno rje\u0161enje<br \/>\n[\/elx_heading][vc_column_text]<\/p>\n<ul>\n<li><strong>Vrhunsko pranje <\/strong>zahvaljuju\u0107i integriranom<strong> sustavu u\u0161tede <\/strong>za optimalno punjenje perilice i<strong> u\u010dinkovito doziranje vode i <\/strong>deterd\u017eenta.<\/li>\n<li>Najbolji radni u\u010dinak i visoka produktivnost:<strong> do 10 % br\u017ee i 15 % energetski u\u010dinkovitije.<\/strong><\/li>\n<li>Ormarski tip<strong> industrijskog gla\u010dala<\/strong> s pokretnim superfleksibilnim ormarom i fiksiranim valjkom koji dopu\u0161ta stalni pritisak i maksimalnu povr\u0161inu gla\u010danja za najbolju kvalitetu.<\/li>\n<\/ul>\n<p>[\/vc_column_text][vc_column_text]3 x perilica s prednjim punjenjem (120 kg)<br \/>\n2 x perilica s prednjim punjenjem (65 kg)<br \/>\n1 x perilica s prednjim punjenjem (20 kg)<br \/>\n4 x su\u0161ilica (60 kg)<br \/>\n3 x su\u0161ilica (65 kg)<br \/>\n1 x su\u0161ilica (20 kg)<br \/>\n1 x C-flex gla\u010dalo[\/vc_column_text][\/elx_simple_block][\/vc_column][\/vc_row][vc_row][vc_column][vc_empty_space][\/vc_column][\/vc_row][vc_row][vc_column][elx_heading text_color=&#8221;inherit&#8221;]Javite se na\u0161em timu stru\u010dnjaka i otkrijte \u0161to Electrolux mo\u017ee u\u010diniti za va\u0161e poslovanje.<br \/>\n[\/elx_heading][elx_o2000_contact_us r=&#8221;\u017delim da me kontaktira va\u0161 tim stru\u010dnjaka i da zajedno otkrijemo rje\u0161enje za moje poslovanje.<br \/>\n&#8221; s=&#8221;Request for information: commercial laundries&#8221; country=&#8221;Croatia&#8221; l=&#8221;hr&#8221; container=&#8221;elxcontactus1466427204&#8243;][\/vc_column][\/vc_row][vc_row][vc_column][elx_heading font_container=&#8221;h3&#8243; text_color=&#8221;inherit&#8221;]<\/p>\n<h3 style=\"text-align: center;\">Ako vas zanimaju na\u0161a rje\u0161enja za praonice s velikim opsegom rada, kliknite na gumbe ispod.<\/h3>\n<p>[\/elx_heading][\/vc_column][\/vc_row][vc_row][vc_column width=&#8221;1\/4&#8243;][elx_download_block text=&#8221;Bro\u0161ura o komercijalnim praonicama<br \/>\n&#8221; link=&#8221;files.professional.electrolux.com\/docs\/?n=A0002&amp;t=BR&amp;l=1&#8243; background_color=&#8221;orange&#8221; reveal_effect=&#8221;&#8221; reveal_duration=&#8221;&#8221; reveal_delay=&#8221;&#8221;][\/vc_column][vc_column width=&#8221;1\/4&#8243;][elx_download_block text=&#8221;Pregled asortimana komercijalnih praonica&#8221; link=&#8221;http:\/\/files.professional.electrolux.com\/docs\/?n=Commercial%20Laundry&amp;t=CLF&amp;l=1&#8243; background_color=&#8221;orange&#8221; reveal_effect=&#8221;&#8221; reveal_duration=&#8221;&#8221; reveal_delay=&#8221;&#8221;][\/vc_column][vc_column width=&#8221;1\/4&#8243;][elx_download_block text=&#8221;Bro\u0161ura Hyvolution perilice s barijerom&#8221; link=&#8221;files.professional.electrolux.com\/docs\/?n=A0016&amp;t=BR&amp;l=1&#8243; background_color=&#8221;orange&#8221; reveal_effect=&#8221;&#8221; reveal_duration=&#8221;&#8221; reveal_delay=&#8221;&#8221;][\/vc_column][vc_column width=&#8221;1\/4&#8243;][elx_video_block background_image=&#8221;887&#8243; video_link=&#8221;https:\/\/www.youtube.com\/watch?v=Mr_9WkGxes4&#8243; minimum_height=&#8221;260px&#8221;][vc_column_text]<\/p>\n<div id=\"watch7-headline\" class=\"clearfix\">\n<div id=\"watch-headline-title\">\n<p class=\"watch-title-container\"><span id=\"eow-title\" class=\"watch-title\" dir=\"ltr\" title=\"Electrolux C-Flex Ironing Lane\">C-Flex traka za gla\u010danje<br \/>\n<\/span><\/p>\n<\/div>\n<\/div>\n<p>[\/vc_column_text][\/vc_column][\/vc_row][vc_row][vc_column][vc_empty_space][\/vc_column][\/vc_row]<\/p>\n","protected":false},"excerpt":{"rendered":"<p>[vc_row full_width=&#8221;electroluxpro-full-width-no-padding&#8221; equal_height=&#8221;yes&#8221;][vc_column reveal_effect=&#8221;&#8221; width=&#8221;1\/2&#8243;][elx_citation name=&#8221;Gianni Granzotto, direktor Me\u0111unarodnog turisti\u010dkog sela&#8221; company=&#8221;Bibione, Italija &#8220;][elx_heading font_size=&#8221;h2&#8243; text_color=&#8221;inherit&#8221;]\u201eNa\u0161e iskustvo s Electroluxom bilo je pozitivno od samog po\u010detka, od faze dizajna\/instalacije do zavr\u0161etka usluge i odr\u017eavanja, \u0161to je uvelike smanjilo vrijeme zastoja ure\u0111aja.\u201c [\/elx_heading][\/elx_citation][\/vc_column][vc_column reveal_effect=&#8221;&#8221; width=&#8221;1\/2&#8243;][elx_image_block background_image=&#8221;1658&#8243; minimum_height=&#8221;530px&#8221;][\/vc_column][\/vc_row][vc_row css=&#8221;.vc_custom_1464705995694{padding-top: 50px !important;padding-bottom: 50px !important;}&#8221;][vc_column][elx_heading font_container=&#8221;h1&#8243; font_size=&#8221;h2&#8243; text_color=&#8221;inherit&#8221; text_align=&#8221;text-center&#8221;]Praonice s [&hellip;]<\/p>\n","protected":false},"author":4,"featured_media":0,"parent":0,"menu_order":0,"comment_status":"closed","ping_status":"closed","template":"","meta":{"footnotes":""},"class_list":["post-2201","page","type-page","status-publish","hentry"],"acf":[],"yoast_head":"<!-- This site is optimized with the Yoast SEO plugin v23.3 - https:\/\/yoast.com\/wordpress\/plugins\/seo\/ -->\n<title>Praonice s velikom koli\u010dinom pranja - Electrolux Professional Hrvatska<\/title>\n<meta name=\"robots\" content=\"index, follow, max-snippet:-1, max-image-preview:large, max-video-preview:-1\" \/>\n<link rel=\"canonical\" href=\"https:\/\/www.electroluxprofessional.com\/hr\/praonice-s-velikom-kolicinom-pranja\/\" \/>\n<meta property=\"og:locale\" content=\"hr_HR\" \/>\n<meta property=\"og:type\" content=\"article\" \/>\n<meta property=\"og:title\" content=\"Praonice s velikom koli\u010dinom pranja - Electrolux Professional Hrvatska\" \/>\n<meta property=\"og:description\" content=\"[vc_row full_width=&#8221;electroluxpro-full-width-no-padding&#8221; equal_height=&#8221;yes&#8221;][vc_column reveal_effect=&#8221;&#8221; width=&#8221;1\/2&#8243;][elx_citation name=&#8221;Gianni Granzotto, direktor Me\u0111unarodnog turisti\u010dkog sela&#8221; company=&#8221;Bibione, Italija &#8220;][elx_heading font_size=&#8221;h2&#8243; text_color=&#8221;inherit&#8221;]\u201eNa\u0161e iskustvo s Electroluxom bilo je pozitivno od samog po\u010detka, od faze dizajna\/instalacije do zavr\u0161etka usluge i odr\u017eavanja, \u0161to je uvelike smanjilo vrijeme zastoja ure\u0111aja.\u201c [\/elx_heading][\/elx_citation][\/vc_column][vc_column reveal_effect=&#8221;&#8221; width=&#8221;1\/2&#8243;][elx_image_block background_image=&#8221;1658&#8243; minimum_height=&#8221;530px&#8221;][\/vc_column][\/vc_row][vc_row css=&#8221;.vc_custom_1464705995694{padding-top: 50px !important;padding-bottom: 50px !important;}&#8221;][vc_column][elx_heading font_container=&#8221;h1&#8243; font_size=&#8221;h2&#8243; text_color=&#8221;inherit&#8221; text_align=&#8221;text-center&#8221;]Praonice s [&hellip;]\" \/>\n<meta property=\"og:url\" content=\"https:\/\/www.electroluxprofessional.com\/hr\/praonice-s-velikom-kolicinom-pranja\/\" \/>\n<meta property=\"og:site_name\" content=\"Electrolux Professional Hrvatska\" \/>\n<meta property=\"article:modified_time\" content=\"2017-08-11T12:19:40+00:00\" \/>\n<meta name=\"twitter:card\" content=\"summary_large_image\" \/>\n<meta name=\"twitter:label1\" content=\"Procijenjeno vrijeme \u010ditanja\" \/>\n\t<meta name=\"twitter:data1\" content=\"5 minuta\" \/>\n<script type=\"application\/ld+json\" class=\"yoast-schema-graph\">{\"@context\":\"https:\/\/schema.org\",\"@graph\":[{\"@type\":\"WebPage\",\"@id\":\"https:\/\/www.electroluxprofessional.com\/hr\/praonice-s-velikom-kolicinom-pranja\/\",\"url\":\"https:\/\/www.electroluxprofessional.com\/hr\/praonice-s-velikom-kolicinom-pranja\/\",\"name\":\"Praonice s velikom koli\u010dinom pranja - Electrolux Professional Hrvatska\",\"isPartOf\":{\"@id\":\"https:\/\/www.electroluxprofessional.com\/hr\/#website\"},\"datePublished\":\"2017-04-27T11:49:41+00:00\",\"dateModified\":\"2017-08-11T12:19:40+00:00\",\"breadcrumb\":{\"@id\":\"https:\/\/www.electroluxprofessional.com\/hr\/praonice-s-velikom-kolicinom-pranja\/#breadcrumb\"},\"inLanguage\":\"hr\",\"potentialAction\":[{\"@type\":\"ReadAction\",\"target\":[\"https:\/\/www.electroluxprofessional.com\/hr\/praonice-s-velikom-kolicinom-pranja\/\"]}]},{\"@type\":\"BreadcrumbList\",\"@id\":\"https:\/\/www.electroluxprofessional.com\/hr\/praonice-s-velikom-kolicinom-pranja\/#breadcrumb\",\"itemListElement\":[{\"@type\":\"ListItem\",\"position\":1,\"name\":\"Po\u010detna stranica\",\"item\":\"https:\/\/www.electroluxprofessional.com\/hr\/\"},{\"@type\":\"ListItem\",\"position\":2,\"name\":\"Praonice s velikom koli\u010dinom pranja\"}]},{\"@type\":\"WebSite\",\"@id\":\"https:\/\/www.electroluxprofessional.com\/hr\/#website\",\"url\":\"https:\/\/www.electroluxprofessional.com\/hr\/\",\"name\":\"Electrolux Professional Hrvatska\",\"description\":\"\",\"potentialAction\":[{\"@type\":\"SearchAction\",\"target\":{\"@type\":\"EntryPoint\",\"urlTemplate\":\"https:\/\/www.electroluxprofessional.com\/hr\/?src={search_term_string}\"},\"query-input\":\"required name=search_term_string\"}],\"inLanguage\":\"hr\"}]}<\/script>\n<!-- \/ Yoast SEO plugin. -->","yoast_head_json":{"title":"Praonice s velikom koli\u010dinom pranja - Electrolux Professional Hrvatska","robots":{"index":"index","follow":"follow","max-snippet":"max-snippet:-1","max-image-preview":"max-image-preview:large","max-video-preview":"max-video-preview:-1"},"canonical":"https:\/\/www.electroluxprofessional.com\/hr\/praonice-s-velikom-kolicinom-pranja\/","og_locale":"hr_HR","og_type":"article","og_title":"Praonice s velikom koli\u010dinom pranja - Electrolux Professional Hrvatska","og_description":"[vc_row full_width=&#8221;electroluxpro-full-width-no-padding&#8221; equal_height=&#8221;yes&#8221;][vc_column reveal_effect=&#8221;&#8221; width=&#8221;1\/2&#8243;][elx_citation name=&#8221;Gianni Granzotto, direktor Me\u0111unarodnog turisti\u010dkog sela&#8221; company=&#8221;Bibione, Italija &#8220;][elx_heading font_size=&#8221;h2&#8243; text_color=&#8221;inherit&#8221;]\u201eNa\u0161e iskustvo s Electroluxom bilo je pozitivno od samog po\u010detka, od faze dizajna\/instalacije do zavr\u0161etka usluge i odr\u017eavanja, \u0161to je uvelike smanjilo vrijeme zastoja ure\u0111aja.\u201c [\/elx_heading][\/elx_citation][\/vc_column][vc_column reveal_effect=&#8221;&#8221; width=&#8221;1\/2&#8243;][elx_image_block background_image=&#8221;1658&#8243; minimum_height=&#8221;530px&#8221;][\/vc_column][\/vc_row][vc_row css=&#8221;.vc_custom_1464705995694{padding-top: 50px !important;padding-bottom: 50px !important;}&#8221;][vc_column][elx_heading font_container=&#8221;h1&#8243; font_size=&#8221;h2&#8243; text_color=&#8221;inherit&#8221; text_align=&#8221;text-center&#8221;]Praonice s [&hellip;]","og_url":"https:\/\/www.electroluxprofessional.com\/hr\/praonice-s-velikom-kolicinom-pranja\/","og_site_name":"Electrolux Professional Hrvatska","article_modified_time":"2017-08-11T12:19:40+00:00","twitter_card":"summary_large_image","twitter_misc":{"Procijenjeno vrijeme \u010ditanja":"5 minuta"},"schema":{"@context":"https:\/\/schema.org","@graph":[{"@type":"WebPage","@id":"https:\/\/www.electroluxprofessional.com\/hr\/praonice-s-velikom-kolicinom-pranja\/","url":"https:\/\/www.electroluxprofessional.com\/hr\/praonice-s-velikom-kolicinom-pranja\/","name":"Praonice s velikom koli\u010dinom pranja - Electrolux Professional Hrvatska","isPartOf":{"@id":"https:\/\/www.electroluxprofessional.com\/hr\/#website"},"datePublished":"2017-04-27T11:49:41+00:00","dateModified":"2017-08-11T12:19:40+00:00","breadcrumb":{"@id":"https:\/\/www.electroluxprofessional.com\/hr\/praonice-s-velikom-kolicinom-pranja\/#breadcrumb"},"inLanguage":"hr","potentialAction":[{"@type":"ReadAction","target":["https:\/\/www.electroluxprofessional.com\/hr\/praonice-s-velikom-kolicinom-pranja\/"]}]},{"@type":"BreadcrumbList","@id":"https:\/\/www.electroluxprofessional.com\/hr\/praonice-s-velikom-kolicinom-pranja\/#breadcrumb","itemListElement":[{"@type":"ListItem","position":1,"name":"Po\u010detna stranica","item":"https:\/\/www.electroluxprofessional.com\/hr\/"},{"@type":"ListItem","position":2,"name":"Praonice s velikom koli\u010dinom pranja"}]},{"@type":"WebSite","@id":"https:\/\/www.electroluxprofessional.com\/hr\/#website","url":"https:\/\/www.electroluxprofessional.com\/hr\/","name":"Electrolux Professional Hrvatska","description":"","potentialAction":[{"@type":"SearchAction","target":{"@type":"EntryPoint","urlTemplate":"https:\/\/www.electroluxprofessional.com\/hr\/?src={search_term_string}"},"query-input":"required name=search_term_string"}],"inLanguage":"hr"}]}},"_links":{"self":[{"href":"https:\/\/www.electroluxprofessional.com\/hr\/wp-json\/wp\/v2\/pages\/2201"}],"collection":[{"href":"https:\/\/www.electroluxprofessional.com\/hr\/wp-json\/wp\/v2\/pages"}],"about":[{"href":"https:\/\/www.electroluxprofessional.com\/hr\/wp-json\/wp\/v2\/types\/page"}],"author":[{"embeddable":true,"href":"https:\/\/www.electroluxprofessional.com\/hr\/wp-json\/wp\/v2\/users\/4"}],"replies":[{"embeddable":true,"href":"https:\/\/www.electroluxprofessional.com\/hr\/wp-json\/wp\/v2\/comments?post=2201"}],"version-history":[{"count":3,"href":"https:\/\/www.electroluxprofessional.com\/hr\/wp-json\/wp\/v2\/pages\/2201\/revisions"}],"predecessor-version":[{"id":3253,"href":"https:\/\/www.electroluxprofessional.com\/hr\/wp-json\/wp\/v2\/pages\/2201\/revisions\/3253"}],"wp:attachment":[{"href":"https:\/\/www.electroluxprofessional.com\/hr\/wp-json\/wp\/v2\/media?parent=2201"}],"curies":[{"name":"wp","href":"https:\/\/api.w.org\/{rel}","templated":true}]}}