{"id":2191,"date":"2017-04-27T11:37:41","date_gmt":"2017-04-27T11:37:41","guid":{"rendered":"https:\/\/www.electroluxprofessional.com\/hr\/?page_id=2191"},"modified":"2025-11-06T13:19:49","modified_gmt":"2025-11-06T13:19:49","slug":"upravljanje-objektima","status":"publish","type":"page","link":"https:\/\/www.electroluxprofessional.com\/hr\/upravljanje-objektima\/","title":{"rendered":"Upravljanje objektima"},"content":{"rendered":"<p>[vc_row full_width=&#8221;electroluxpro-full-width-no-padding&#8221; equal_height=&#8221;yes&#8221;][vc_column width=&#8221;1\/2&#8243;][elx_citation name=&#8221;Ralph Thomas, \u010dista\u010d&#8221; company=&#8221;&#8221;][elx_heading font_container=&#8221;h1&#8243; font_size=&#8221;h2&#8243; text_color=&#8221;inherit&#8221;]S vode\u0107im stru\u010dnjakom u \u010di\u0161\u0107enju mikrovlaknima uvijek mo\u017eemo ra\u010dunati na najbolje rezultate.<br \/>\n[\/elx_heading][\/elx_citation][\/vc_column][vc_column width=&#8221;1\/2&#8243;][elx_image_block background_image=&#8221;566&#8243; minimum_height=&#8221;650px&#8221;][\/vc_column][\/vc_row][vc_row full_width=&#8221;electroluxpro-container-no-padding&#8221; css=&#8221;.vc_custom_1473071163127{padding-top: 60px !important;padding-bottom: 60px !important;}&#8221;][vc_column][elx_heading font_container=&#8221;h3&#8243; text_color=&#8221;inherit&#8221; text_align=&#8221;text-center&#8221;]Potpuna fleksibilnost s rezultatima najbolje kvalitete.<br \/>\nNudimo rje\u0161enja za sve vrste usluga u upravljanju objektima.[\/elx_heading][\/vc_column][\/vc_row][vc_row][vc_column width=&#8221;1\/2&#8243;][elx_image_block background_image=&#8221;621&#8243; minimum_height=&#8221;460px&#8221;][elx_simple_block background_color=&#8221;inherit&#8221;][elx_heading font_container=&#8221;h4&#8243; text_color=&#8221;inherit&#8221;]Stalo nam je do va\u0161e imovine.<br \/>\n[\/elx_heading][vc_column_text]Na\u0161a stru\u010dnost u \u010di\u0161\u0107enju materijalima od mikrovlakana poma\u017ee u postizanju najvi\u0161ih standarda higijene dok se tro\u0161kovi i zastoji odr\u017eavaju na minimumu.[\/vc_column_text][\/elx_simple_block][\/vc_column][vc_column width=&#8221;1\/2&#8243;][elx_image_block background_image=&#8221;622&#8243; minimum_height=&#8221;460px&#8221;][elx_simple_block background_color=&#8221;inherit&#8221;][elx_heading font_container=&#8221;h4&#8243; text_color=&#8221;inherit&#8221;]U\u010dinkovito \u010di\u0161\u0107enje poda<br \/>\n[\/elx_heading][vc_column_text]Poseban ekstraktor perilice za krpu s resicama uklju\u010duje poseban paket programa za pranje (3 programa krpa s resicama i 4 op\u0107a programa), posebne grija\u0107e elemente, poseban unutarnji bubanj i elektri\u010dni odvodni ventil za brzo otjecanje.[\/vc_column_text][\/elx_simple_block][\/vc_column][\/vc_row][vc_row][vc_column width=&#8221;1\/2&#8243;][elx_simple_block background_color=&#8221;inherit&#8221;][elx_heading font_container=&#8221;h4&#8243; text_color=&#8221;inherit&#8221;]Rje\u0161enje za u\u010dinkovito \u010di\u0161\u0107enje poda<br \/>\n[\/elx_heading][vc_column_text]Sve \u0161to trebate je zaliha krpa s resicama, Electrolux Professional perilica krpa s resicama i u\u010dinkovit sustav doziranja.<\/p>\n<p>Ako vi\u0161e volite \u010distiti suhim krpama s resicama, jednostavno osu\u0161ite svje\u017ee oprane krpe s resicama u Electrolux Professional su\u0161ilici.<\/p>\n<ul>\n<li>Stavite kori\u0161tene krpe s resicama u perilicu krpa s resicama.<\/li>\n<li>Odaberite \u017eeljeni program pranja krpa s resicama i zapo\u010dnite proces pranja.<\/li>\n<li>Krpe s resicama su oprane i pripremljene to\u010dno prema va\u0161im \u017eeljama \u2013 uklju\u010duju\u0107i impregnaciju sredstvima po va\u0161em izboru.<\/li>\n<\/ul>\n<p>[\/vc_column_text][\/elx_simple_block][\/vc_column][vc_column width=&#8221;1\/2&#8243;][vc_single_image image=&#8221;1634&#8243; img_size=&#8221;full&#8221;][\/vc_column][\/vc_row][vc_row css=&#8221;.vc_custom_1473071764748{padding-top: 50px !important;padding-bottom: 50px !important;}&#8221;][vc_column][elx_heading font_container=&#8221;h3&#8243; text_color=&#8221;inherit&#8221; text_align=&#8221;text-center&#8221;]Rje\u0161enja napravljena po mjeri<br \/>\n[\/elx_heading][\/vc_column][\/vc_row][vc_row][vc_column][vc_tta_tabs][vc_tta_section title=&#8221;Na lokaciji&#8221; tab_id=&#8221;1473088626791-81487cab-288c&#8221;][vc_row_inner][vc_column_inner width=&#8221;1\/2&#8243;][vc_single_image image=&#8221;624&#8243; img_size=&#8221;full&#8221;][\/vc_column_inner][vc_column_inner width=&#8221;1\/2&#8243;][elx_heading font_container=&#8221;h4&#8243; text_color=&#8221;inherit&#8221;]ISS usluge objekta<br \/>\nKarlstadt, \u0160vedska[\/elx_heading][vc_column_text]\u010ci\u0161\u0107enje 1 500 krpa s resicama i tkanina od mikrovlakana svaki dan. Ru\u010dnici i tepisi tako\u0111er se \u010diste svaki tjedan.[\/vc_column_text][elx_heading font_container=&#8221;h4&#8243; font_size=&#8221;h4&#8243; text_color=&#8221;inherit&#8221;]Kori\u0161tena rje\u0161enja<br \/>\n[\/elx_heading][vc_column_text]2 x perilica krpa s resicama s prednjim punjenjem (14 kg)<br \/>\n1 x su\u0161ilica (19,4 kg)[\/vc_column_text][\/vc_column_inner][\/vc_row_inner][\/vc_tta_section][vc_tta_section title=&#8221;Bolnica&#8221; tab_id=&#8221;1473088626874-85a65eef-528a&#8221;][vc_row_inner][vc_column_inner width=&#8221;1\/2&#8243;][vc_single_image image=&#8221;625&#8243; img_size=&#8221;full&#8221;][\/vc_column_inner][vc_column_inner width=&#8221;1\/2&#8243;][elx_heading font_container=&#8221;h4&#8243; text_color=&#8221;inherit&#8221;]Bolnica Sv. Thomas<br \/>\nLondon, Ujedinjeno Kraljevstvo<br \/>\n[\/elx_heading][vc_column_text]\u010ci\u0161\u0107enje preko 850 kg krpa s resicama od mikrovlakana i odje\u0107e svaki dan. Pra\u0107enje procesa pranja rublja i potro\u0161nje.[\/vc_column_text][elx_heading font_container=&#8221;h4&#8243; text_color=&#8221;inherit&#8221;]Kori\u0161tena rje\u0161enja<br \/>\n[\/elx_heading][vc_column_text]3 x perilica s barijerom (70 kg)<br \/>\n3 x su\u0161ilica (67 kg)<br \/>\nCM &#8211; Certus Management Information System[\/vc_column_text][\/vc_column_inner][\/vc_row_inner][\/vc_tta_section][vc_tta_section title=&#8221;Centralna praonica rublja&#8221; tab_id=&#8221;1473088629051-162eecc0-9ef7&#8243;][vc_row_inner][vc_column_inner width=&#8221;1\/2&#8243;][vc_single_image image=&#8221;626&#8243; img_size=&#8221;full&#8221;][\/vc_column_inner][vc_column_inner width=&#8221;1\/2&#8243;][elx_heading font_container=&#8221;h4&#8243; text_color=&#8221;inherit&#8221;]U. D. O. Centralna praonica rublja<br \/>\nTubingen, Njema\u010dka<br \/>\n[\/elx_heading][vc_column_text]Tjedno \u010di\u0161\u0107enje preko 9 tona krpa s resicama, odje\u0107e i podlo\u017eaka za inkontinenciju za bolnicu.[\/vc_column_text][elx_heading font_container=&#8221;h4&#8243; text_color=&#8221;inherit&#8221;]Kori\u0161tena rje\u0161enja<br \/>\n[\/elx_heading][vc_column_text]2 x perilica s barijerom (70 kg + 90 kg)<br \/>\n1 x perilica krpa s resicama s prednjim punjenjem (8 kg) za krpe s resicama od mikrovlakana i tkanine<br \/>\n2 x su\u0161ilica (45 kg + 60 kg)[\/vc_column_text][\/vc_column_inner][\/vc_row_inner][\/vc_tta_section][\/vc_tta_tabs][\/vc_column][\/vc_row][vc_row][vc_column][elx_heading font_container=&#8221;h3&#8243; text_color=&#8221;inherit&#8221;]Otkrijte \u0161to Electrolux Professional mo\u017ee u\u010diniti za va\u0161e poslovanje!<br \/>\n[\/elx_heading][elx_o2000_contact_us r=&#8221;\u017delim saznati vi\u0161e o rje\u0161enjima za upravljanje objektima, molim da me kontaktirate.&#8221; s=&#8221;Request for information: facility management&#8221; country=&#8221;Croatia&#8221; b=&#8221;laundry&#8221; l=&#8221;hr&#8221; container=&#8221;elxcontactus1473161992&#8243;][\/vc_column][\/vc_row][vc_row][vc_column][vc_empty_space][\/vc_column][\/vc_row][vc_row][vc_column][elx_heading font_container=&#8221;h4&#8243; text_color=&#8221;inherit&#8221;]Kliknite dolje da biste skinuli bro\u0161uru i pregledali raspon!<br \/>\n[\/elx_heading][\/vc_column][\/vc_row][vc_row][vc_column width=&#8221;1\/3&#8243;][elx_download_block text=&#8221;Bro\u0161ura o upravljanju objektima&#8221; link=&#8221;files.professional.electrolux.com\/docs\/?n=A0003&#038;t=BR&#038;l=1&#038;B=5&#8243; background_color=&#8221;electrolux-blue&#8221; reveal_effect=&#8221;&#8221; reveal_duration=&#8221;&#8221; reveal_delay=&#8221;&#8221;][\/vc_column][vc_column width=&#8221;1\/3&#8243;][elx_download_block text=&#8221;Pregled asortimana upravljanja objektima&#8221; link=&#8221;http:\/\/files.professional.electrolux.com\/docs\/?n=Facility%20Laundry&#038;t=RO&#038;l=1&#8243; background_color=&#8221;electrolux-blue&#8221; reveal_effect=&#8221;&#8221; reveal_duration=&#8221;&#8221; reveal_delay=&#8221;&#8221;][\/vc_column][vc_column width=&#8221;1\/3&#8243;][\/vc_column][\/vc_row][vc_row][vc_column][vc_empty_space height=&#8221;50px&#8221;][\/vc_column][\/vc_row]<\/p>\n","protected":false},"excerpt":{"rendered":"<p>[vc_row full_width=&#8221;electroluxpro-full-width-no-padding&#8221; equal_height=&#8221;yes&#8221;][vc_column width=&#8221;1\/2&#8243;][elx_citation name=&#8221;Ralph Thomas, \u010dista\u010d&#8221; company=&#8221;&#8221;][elx_heading font_container=&#8221;h1&#8243; font_size=&#8221;h2&#8243; text_color=&#8221;inherit&#8221;]S vode\u0107im stru\u010dnjakom u \u010di\u0161\u0107enju mikrovlaknima uvijek mo\u017eemo ra\u010dunati na najbolje rezultate. [\/elx_heading][\/elx_citation][\/vc_column][vc_column width=&#8221;1\/2&#8243;][elx_image_block background_image=&#8221;566&#8243; minimum_height=&#8221;650px&#8221;][\/vc_column][\/vc_row][vc_row full_width=&#8221;electroluxpro-container-no-padding&#8221; css=&#8221;.vc_custom_1473071163127{padding-top: 60px !important;padding-bottom: 60px !important;}&#8221;][vc_column][elx_heading font_container=&#8221;h3&#8243; text_color=&#8221;inherit&#8221; text_align=&#8221;text-center&#8221;]Potpuna fleksibilnost s rezultatima najbolje kvalitete. Nudimo rje\u0161enja za sve vrste usluga u upravljanju objektima.[\/elx_heading][\/vc_column][\/vc_row][vc_row][vc_column width=&#8221;1\/2&#8243;][elx_image_block background_image=&#8221;621&#8243; minimum_height=&#8221;460px&#8221;][elx_simple_block background_color=&#8221;inherit&#8221;][elx_heading font_container=&#8221;h4&#8243; text_color=&#8221;inherit&#8221;]Stalo [&hellip;]<\/p>\n","protected":false},"author":4,"featured_media":0,"parent":0,"menu_order":0,"comment_status":"closed","ping_status":"closed","template":"","meta":{"footnotes":""},"class_list":["post-2191","page","type-page","status-publish","hentry"],"acf":[],"yoast_head":"<!-- This site is optimized with the Yoast SEO plugin v23.3 - https:\/\/yoast.com\/wordpress\/plugins\/seo\/ -->\n<title>Upravljanje objektima - Electrolux Professional Hrvatska<\/title>\n<meta name=\"robots\" content=\"index, follow, max-snippet:-1, max-image-preview:large, max-video-preview:-1\" \/>\n<link rel=\"canonical\" href=\"https:\/\/www.electroluxprofessional.com\/hr\/upravljanje-objektima\/\" \/>\n<meta property=\"og:locale\" content=\"hr_HR\" \/>\n<meta property=\"og:type\" content=\"article\" \/>\n<meta property=\"og:title\" content=\"Upravljanje objektima - Electrolux Professional Hrvatska\" \/>\n<meta property=\"og:description\" content=\"[vc_row full_width=&#8221;electroluxpro-full-width-no-padding&#8221; equal_height=&#8221;yes&#8221;][vc_column width=&#8221;1\/2&#8243;][elx_citation name=&#8221;Ralph Thomas, \u010dista\u010d&#8221; company=&#8221;&#8221;][elx_heading font_container=&#8221;h1&#8243; font_size=&#8221;h2&#8243; text_color=&#8221;inherit&#8221;]S vode\u0107im stru\u010dnjakom u \u010di\u0161\u0107enju mikrovlaknima uvijek mo\u017eemo ra\u010dunati na najbolje rezultate. [\/elx_heading][\/elx_citation][\/vc_column][vc_column width=&#8221;1\/2&#8243;][elx_image_block background_image=&#8221;566&#8243; minimum_height=&#8221;650px&#8221;][\/vc_column][\/vc_row][vc_row full_width=&#8221;electroluxpro-container-no-padding&#8221; css=&#8221;.vc_custom_1473071163127{padding-top: 60px !important;padding-bottom: 60px !important;}&#8221;][vc_column][elx_heading font_container=&#8221;h3&#8243; text_color=&#8221;inherit&#8221; text_align=&#8221;text-center&#8221;]Potpuna fleksibilnost s rezultatima najbolje kvalitete. Nudimo rje\u0161enja za sve vrste usluga u upravljanju objektima.[\/elx_heading][\/vc_column][\/vc_row][vc_row][vc_column width=&#8221;1\/2&#8243;][elx_image_block background_image=&#8221;621&#8243; minimum_height=&#8221;460px&#8221;][elx_simple_block background_color=&#8221;inherit&#8221;][elx_heading font_container=&#8221;h4&#8243; text_color=&#8221;inherit&#8221;]Stalo [&hellip;]\" \/>\n<meta property=\"og:url\" content=\"https:\/\/www.electroluxprofessional.com\/hr\/upravljanje-objektima\/\" \/>\n<meta property=\"og:site_name\" content=\"Electrolux Professional Hrvatska\" \/>\n<meta property=\"article:modified_time\" content=\"2025-11-06T13:19:49+00:00\" \/>\n<meta name=\"twitter:card\" content=\"summary_large_image\" \/>\n<meta name=\"twitter:label1\" content=\"Procijenjeno vrijeme \u010ditanja\" \/>\n\t<meta name=\"twitter:data1\" content=\"3 minute\" \/>\n<script type=\"application\/ld+json\" class=\"yoast-schema-graph\">{\"@context\":\"https:\/\/schema.org\",\"@graph\":[{\"@type\":\"WebPage\",\"@id\":\"https:\/\/www.electroluxprofessional.com\/hr\/upravljanje-objektima\/\",\"url\":\"https:\/\/www.electroluxprofessional.com\/hr\/upravljanje-objektima\/\",\"name\":\"Upravljanje objektima - Electrolux Professional Hrvatska\",\"isPartOf\":{\"@id\":\"https:\/\/www.electroluxprofessional.com\/hr\/#website\"},\"datePublished\":\"2017-04-27T11:37:41+00:00\",\"dateModified\":\"2025-11-06T13:19:49+00:00\",\"breadcrumb\":{\"@id\":\"https:\/\/www.electroluxprofessional.com\/hr\/upravljanje-objektima\/#breadcrumb\"},\"inLanguage\":\"hr\",\"potentialAction\":[{\"@type\":\"ReadAction\",\"target\":[\"https:\/\/www.electroluxprofessional.com\/hr\/upravljanje-objektima\/\"]}]},{\"@type\":\"BreadcrumbList\",\"@id\":\"https:\/\/www.electroluxprofessional.com\/hr\/upravljanje-objektima\/#breadcrumb\",\"itemListElement\":[{\"@type\":\"ListItem\",\"position\":1,\"name\":\"Po\u010detna stranica\",\"item\":\"https:\/\/www.electroluxprofessional.com\/hr\/\"},{\"@type\":\"ListItem\",\"position\":2,\"name\":\"Upravljanje objektima\"}]},{\"@type\":\"WebSite\",\"@id\":\"https:\/\/www.electroluxprofessional.com\/hr\/#website\",\"url\":\"https:\/\/www.electroluxprofessional.com\/hr\/\",\"name\":\"Electrolux Professional Hrvatska\",\"description\":\"\",\"potentialAction\":[{\"@type\":\"SearchAction\",\"target\":{\"@type\":\"EntryPoint\",\"urlTemplate\":\"https:\/\/www.electroluxprofessional.com\/hr\/?src={search_term_string}\"},\"query-input\":\"required name=search_term_string\"}],\"inLanguage\":\"hr\"}]}<\/script>\n<!-- \/ Yoast SEO plugin. -->","yoast_head_json":{"title":"Upravljanje objektima - Electrolux Professional Hrvatska","robots":{"index":"index","follow":"follow","max-snippet":"max-snippet:-1","max-image-preview":"max-image-preview:large","max-video-preview":"max-video-preview:-1"},"canonical":"https:\/\/www.electroluxprofessional.com\/hr\/upravljanje-objektima\/","og_locale":"hr_HR","og_type":"article","og_title":"Upravljanje objektima - Electrolux Professional Hrvatska","og_description":"[vc_row full_width=&#8221;electroluxpro-full-width-no-padding&#8221; equal_height=&#8221;yes&#8221;][vc_column width=&#8221;1\/2&#8243;][elx_citation name=&#8221;Ralph Thomas, \u010dista\u010d&#8221; company=&#8221;&#8221;][elx_heading font_container=&#8221;h1&#8243; font_size=&#8221;h2&#8243; text_color=&#8221;inherit&#8221;]S vode\u0107im stru\u010dnjakom u \u010di\u0161\u0107enju mikrovlaknima uvijek mo\u017eemo ra\u010dunati na najbolje rezultate. [\/elx_heading][\/elx_citation][\/vc_column][vc_column width=&#8221;1\/2&#8243;][elx_image_block background_image=&#8221;566&#8243; minimum_height=&#8221;650px&#8221;][\/vc_column][\/vc_row][vc_row full_width=&#8221;electroluxpro-container-no-padding&#8221; css=&#8221;.vc_custom_1473071163127{padding-top: 60px !important;padding-bottom: 60px !important;}&#8221;][vc_column][elx_heading font_container=&#8221;h3&#8243; text_color=&#8221;inherit&#8221; text_align=&#8221;text-center&#8221;]Potpuna fleksibilnost s rezultatima najbolje kvalitete. Nudimo rje\u0161enja za sve vrste usluga u upravljanju objektima.[\/elx_heading][\/vc_column][\/vc_row][vc_row][vc_column width=&#8221;1\/2&#8243;][elx_image_block background_image=&#8221;621&#8243; minimum_height=&#8221;460px&#8221;][elx_simple_block background_color=&#8221;inherit&#8221;][elx_heading font_container=&#8221;h4&#8243; text_color=&#8221;inherit&#8221;]Stalo [&hellip;]","og_url":"https:\/\/www.electroluxprofessional.com\/hr\/upravljanje-objektima\/","og_site_name":"Electrolux Professional Hrvatska","article_modified_time":"2025-11-06T13:19:49+00:00","twitter_card":"summary_large_image","twitter_misc":{"Procijenjeno vrijeme \u010ditanja":"3 minute"},"schema":{"@context":"https:\/\/schema.org","@graph":[{"@type":"WebPage","@id":"https:\/\/www.electroluxprofessional.com\/hr\/upravljanje-objektima\/","url":"https:\/\/www.electroluxprofessional.com\/hr\/upravljanje-objektima\/","name":"Upravljanje objektima - Electrolux Professional Hrvatska","isPartOf":{"@id":"https:\/\/www.electroluxprofessional.com\/hr\/#website"},"datePublished":"2017-04-27T11:37:41+00:00","dateModified":"2025-11-06T13:19:49+00:00","breadcrumb":{"@id":"https:\/\/www.electroluxprofessional.com\/hr\/upravljanje-objektima\/#breadcrumb"},"inLanguage":"hr","potentialAction":[{"@type":"ReadAction","target":["https:\/\/www.electroluxprofessional.com\/hr\/upravljanje-objektima\/"]}]},{"@type":"BreadcrumbList","@id":"https:\/\/www.electroluxprofessional.com\/hr\/upravljanje-objektima\/#breadcrumb","itemListElement":[{"@type":"ListItem","position":1,"name":"Po\u010detna stranica","item":"https:\/\/www.electroluxprofessional.com\/hr\/"},{"@type":"ListItem","position":2,"name":"Upravljanje objektima"}]},{"@type":"WebSite","@id":"https:\/\/www.electroluxprofessional.com\/hr\/#website","url":"https:\/\/www.electroluxprofessional.com\/hr\/","name":"Electrolux Professional Hrvatska","description":"","potentialAction":[{"@type":"SearchAction","target":{"@type":"EntryPoint","urlTemplate":"https:\/\/www.electroluxprofessional.com\/hr\/?src={search_term_string}"},"query-input":"required name=search_term_string"}],"inLanguage":"hr"}]}},"_links":{"self":[{"href":"https:\/\/www.electroluxprofessional.com\/hr\/wp-json\/wp\/v2\/pages\/2191"}],"collection":[{"href":"https:\/\/www.electroluxprofessional.com\/hr\/wp-json\/wp\/v2\/pages"}],"about":[{"href":"https:\/\/www.electroluxprofessional.com\/hr\/wp-json\/wp\/v2\/types\/page"}],"author":[{"embeddable":true,"href":"https:\/\/www.electroluxprofessional.com\/hr\/wp-json\/wp\/v2\/users\/4"}],"replies":[{"embeddable":true,"href":"https:\/\/www.electroluxprofessional.com\/hr\/wp-json\/wp\/v2\/comments?post=2191"}],"version-history":[{"count":9,"href":"https:\/\/www.electroluxprofessional.com\/hr\/wp-json\/wp\/v2\/pages\/2191\/revisions"}],"predecessor-version":[{"id":118989,"href":"https:\/\/www.electroluxprofessional.com\/hr\/wp-json\/wp\/v2\/pages\/2191\/revisions\/118989"}],"wp:attachment":[{"href":"https:\/\/www.electroluxprofessional.com\/hr\/wp-json\/wp\/v2\/media?parent=2191"}],"curies":[{"name":"wp","href":"https:\/\/api.w.org\/{rel}","templated":true}]}}