{"id":2182,"date":"2017-04-27T11:23:29","date_gmt":"2017-04-27T11:23:29","guid":{"rendered":"https:\/\/www.electroluxprofessional.com\/hr\/?page_id=2182"},"modified":"2025-11-06T13:28:55","modified_gmt":"2025-11-06T13:28:55","slug":"domovi-za-njegu","status":"publish","type":"page","link":"https:\/\/www.electroluxprofessional.com\/hr\/briga\/domovi-za-njegu\/","title":{"rendered":"Domovi za njegu"},"content":{"rendered":"<p>[vc_row full_width=&#8221;electroluxpro-full-width-no-padding&#8221; equal_height=&#8221;yes&#8221;][vc_column reveal_effect=&#8221;&#8221; width=&#8221;1\/2&#8243;][elx_citation name=&#8221;Elke Nekes, upraviteljica praonice&#8221; company=&#8221;Carolinenhohe &#8211; Ingelhelm, Njema\u010dka<br \/>\n&#8220;][elx_heading font_container=&#8221;h1&#8243; font_size=&#8221;h2&#8243; text_color=&#8221;inherit&#8221;]\u201ePrije svega, potrebni su kompaktni ure\u0111aji laki za kori\u0161tenje koji imaju savr\u0161en radni u\u010dinak pranja.\u201c<br \/>\n[\/elx_heading][\/elx_citation][\/vc_column][vc_column reveal_effect=&#8221;&#8221; width=&#8221;1\/2&#8243;][elx_image_block background_image=&#8221;585&#8243; minimum_height=&#8221;650px&#8221;][\/vc_column][\/vc_row][vc_row full_width=&#8221;electroluxpro-container-no-padding&#8221; parallax=&#8221;content-moving-fade&#8221;][vc_column reveal_effect=&#8221;&#8221;][vc_empty_space][elx_heading text_color=&#8221;inherit&#8221; text_align=&#8221;text-center&#8221;]<strong>Domovi za njegu:<\/strong> potpuna kontrola higijene<br \/>\n[\/elx_heading][vc_column_text]<\/p>\n<h5 style=\"text-align: center;\">Potpuna kontrola higijene u procesima pranja rublja od najve\u0107e je va\u017enosti u institucijama za brigu o starijima.<\/h5>\n<p>[\/vc_column_text][\/vc_column][\/vc_row][vc_row full_width=&#8221;electroluxpro-full-width-no-padding&#8221;][vc_column width=&#8221;1\/2&#8243;][elx_image_block background_image=&#8221;1256&#8243; minimum_height=&#8221;500px&#8221;][\/vc_column][vc_column width=&#8221;1\/2&#8243;][elx_simple_block background_color=&#8221;inherit&#8221;][vc_column_text css_animation=&#8221;left-to-right&#8221; css=&#8221;.vc_custom_1500458933292{padding-top: 20px !important;}&#8221;]<\/p>\n<ul>\n<li>Postavljanje vi\u0161e od 500 perilica s barijerom godi\u0161nje<\/li>\n<li>Rje\u0161enja za higijenu rublja po mjeri za va\u0161e individualne potrebe<\/li>\n<li>Maksimalna kontrola i sljedivost u svim procesima pranja rublja<\/li>\n<li>U skladu s najstro\u017eim standardima higijene<\/li>\n<li>Pa\u017eljivo prema osjetljivom rublju Lagoonom\u00ae, prvim sustavom mokrog \u010di\u0161\u0107enja koji je odobrila tvrtka The Woolmark\u00ae.<\/li>\n<\/ul>\n<p>[\/vc_column_text][\/elx_simple_block][\/vc_column][\/vc_row][vc_row full_width=&#8221;electroluxpro-full-width-no-padding&#8221; equal_height=&#8221;yes&#8221;][vc_column width=&#8221;1\/2&#8243;][elx_simple_block background_color=&#8221;inherit&#8221;][elx_heading font_container=&#8221;h3&#8243; text_color=&#8221;inherit&#8221;]Jo Watson, glavni doma\u0107in u Belong Warringtonu<br \/>\n[\/elx_heading][vc_column_text]<em>\u201eNajbolja stvar u vezi s ure\u0111ajima je koliko ih je jednostavno koristiti. Iako je tehnologija koja pokre\u0107e svaki od tih procesa iznimno napredna, su\u010delje je jednostavno jer ciklus mo\u017eete zapo\u010deti pritiskom samo nekoliko gumbi\u0107a.\u201c<\/em>[\/vc_column_text][\/elx_simple_block][\/vc_column][vc_column width=&#8221;1\/2&#8243;][elx_video_block background_image=&#8221;587&#8243; src=&#8221;&#8220;https:\/\/www.youtube.com\/embed\/sbx4q3sJ_Uk&#8220;&#8221; width=&#8221;300&#8243; height=&#8221;&#8220;600&#8220;&#8221; frameborder=&#8221;&#8220;0&#8220;&#8221; minimum_height=&#8221;600px&#8221; video_link=&#8221;https:\/\/www.youtube.com\/watch?v=sbx4q3sJ_Uk&#8221;][\/vc_column][\/vc_row][vc_row][vc_column][vc_empty_space height=&#8221;100px&#8221;][\/vc_column][\/vc_row][vc_row][vc_column][elx_heading font_container=&#8221;h3&#8243; text_color=&#8221;inherit&#8221; text_align=&#8221;text-center&#8221;]<strong>Tijek pranja rublja<br \/>\n<\/strong><\/p>\n<p>[\/elx_heading][vc_column_text]<\/p>\n<h4>U\u010dinkovito rje\u0161enje njege za vas. Udoban \u017eivotni stil za va\u0161e pacijente i goste.<\/h4>\n<p>Pru\u017eite svojim stanarima udobnost najbolje klase, sigurnost i visoku razine higijene dok zadr\u017eavate potpunu kontrolu nad tro\u0161kovima. Posteljina, ru\u010dnici, ubrusi i odje\u0107a zahtijevaju posebna rje\u0161enja za \u010di\u0161\u0107enje koja otklanjaju rizik od infekcije i \u0161irenja zaraze.[\/vc_column_text][vc_empty_space height=&#8221;15px&#8221;][vc_row_inner][vc_column_inner][vc_column_text][laundry-cycle-management][\/vc_column_text][vc_empty_space height=&#8221;70px&#8221;][\/vc_column_inner][\/vc_row_inner][\/vc_column][\/vc_row][vc_row][vc_column][elx_heading text_color=&#8221;inherit&#8221;]Kontaktirajte na\u0161e stru\u010dnjake!<br \/>\n[\/elx_heading][elx_o2000_contact_us r=&#8221;\u017delim da me kontaktirate kako bih saznao vi\u0161e o rje\u0161enjima za svoje poslovanje.<br \/>\n&#8221; s=&#8221;Your request: solutions for care homes&#8221; country=&#8221;Croatia&#8221; l=&#8221;hr&#8221; b=&#8221;laundry&#8221; container=&#8221;elxcontactus1466166272&#8243;][\/vc_column][\/vc_row][vc_row][vc_column][vc_empty_space height=&#8221;60px&#8221;][elx_heading font_container=&#8221;h3&#8243; text_color=&#8221;inherit&#8221; text_align=&#8221;text-center&#8221;]<strong>Proizvodnja i distribucija hrane<br \/>\n<\/strong><\/p>\n<p>[\/elx_heading][vc_column_text]<\/p>\n<h4>Electrolux Professional je tako\u0111er i vrhunski pru\u017eatelj rje\u0161enja za proizvodnju i distribuciju hrane u rizi\u010dnom okru\u017eenju.<\/h4>\n<p>Mnogi korisnici domova za odrasle u velikom su riziku od obolijevanja od hrane zbog bolesti ili starije dobi. Kod starijih ljudi ili korisnika s posebnim potrebama postoji ve\u0107i rizik od hrane te smanjenja sigurnosti konzumacije.<\/p>\n<p>Hrana koja je pohranjena, pripremljena i pravilno servirana vjerojatno \u0107e bolje sa\u010duvati svoju hranidbenu vrijednost.<\/p>\n<p>Mo\u017eemo pomo\u0107i planirati klju\u010dne faze u tijeku rada od kupnje do dostave, pohrane do kuhanja te od rashla\u0111ivanja do podgrijavanja.[\/vc_column_text][vc_empty_space][vc_row_inner][vc_column_inner][vc_single_image image=&#8221;576&#8243; img_size=&#8221;full&#8221; alignment=&#8221;center&#8221;][vc_empty_space height=&#8221;40px&#8221;][\/vc_column_inner][\/vc_row_inner][\/vc_column][\/vc_row][vc_row][vc_column][elx_heading text_color=&#8221;inherit&#8221;]Kontaktirajte na\u0161e stru\u010dnjake!<br \/>\n[\/elx_heading][elx_o2000_contact_us r=&#8221;\u017delim da me kontaktirate kako bih saznao vi\u0161e o rje\u0161enjima za svoje poslovanje.<br \/>\n&#8221; s=&#8221;Your request: solutions for care homes&#8221; country=&#8221;Croatia&#8221; l=&#8221;hr&#8221; container=&#8221;elxcontactus146616627212&#8243;][\/vc_column][\/vc_row][vc_row][vc_column][vc_empty_space height=&#8221;100px&#8221;][\/vc_column][\/vc_row][vc_row][vc_column width=&#8221;1\/3&#8243;][elx_image_block background_image=&#8221;590&#8243; minimum_height=&#8221;400px&#8221;][elx_heading font_size=&#8221;h5&#8243; text_color=&#8221;inherit&#8221;]<strong>Kingfisher Court po\u0161tuje najvi\u0161e standarde higijene<\/strong>[\/elx_heading][vc_column_text]<strong>Hertfordshire, Ujedinjeno Kraljevstvo<\/strong><\/p>\n<p><em>\u201eTo\u010dno smo znali \u0161to o\u010dekivati od praonice rublja i Electrolux Professional je ispunio na\u0161e specifi\u010dne kriterije. Na\u0161e perilice s barijerom na\u0161a su najva\u017enija zna\u010dajka i pru\u017eaju nam kompletnu \u010disto\u0107u, kao i mir na\u0161im zaposlenicima.\u201c<br \/>\n<\/em><\/p>\n<p>Lisa Wellings, projektna menad\u017eerica[\/vc_column_text][\/vc_column][vc_column width=&#8221;1\/3&#8243;][elx_image_block background_image=&#8221;591&#8243; minimum_height=&#8221;400px&#8221;][elx_heading font_size=&#8221;h5&#8243; text_color=&#8221;inherit&#8221;]<strong>Trifoglio, najmoderniji dom za njegu u Italiji<br \/>\n<\/strong>[\/elx_heading][vc_column_text]<strong>Torino, Italija<br \/>\n<\/strong><\/p>\n<p><em>\u201eSvako podru\u010dje opremljeno je rje\u0161enjima koja uzimaju u obzir potrebe doma, njegovih gostiju i bilo koga tko koristi ure\u0111aje.\u201c<\/em><\/p>\n<p>Danilo Garri, glavni kuhar[\/vc_column_text][\/vc_column][vc_column width=&#8221;1\/3&#8243;][elx_image_block background_image=&#8221;592&#8243; minimum_height=&#8221;401px&#8221;][elx_heading font_size=&#8221;h5&#8243; text_color=&#8221;inherit&#8221;]<strong>DPS Syrena ima potpunu kontrolu nad pranjem rublja<br \/>\n<\/strong>[\/elx_heading][vc_column_text]<strong>Var\u0161ava, Poljska<\/strong><\/p>\n<p><em>\u201ePrije nekoliko godina po\u010dela sam renovirati ustanovu za njegu. Moj cilj je bio imati toplo i udobno mjesto za svoje goste u modernom okru\u017eenju.\u201c<br \/>\n<\/em><\/p>\n<p>g\u0111a Malgorzata Slomian, direktorica DPD Syrena[\/vc_column_text][\/vc_column][\/vc_row][vc_row][vc_column][vc_tta_tabs active_section=&#8221;1&#8243; title=&#8221;Rje\u0161enja za praonice rublja&#8221;][vc_tta_section title=&#8221;Odjevni predmeti stanara&#8221; tab_id=&#8221;care-home-package&#8221;][vc_row_inner][vc_column_inner width=&#8221;1\/2&#8243;][elx_image_block background_image=&#8221;588&#8243; minimum_height=&#8221;300px&#8221;][\/vc_column_inner][vc_column_inner width=&#8221;1\/2&#8243;][elx_heading font_container=&#8221;h3&#8243; text_color=&#8221;inherit&#8221;]Carolinenhohe, Njema\u010dka<br \/>\n[\/elx_heading][vc_column_text]<strong>100 stanara<\/strong><\/p>\n<p><strong>Postavljanje uklju\u010duje:<br \/>\n<\/strong><\/p>\n<ul>\n<li>2 x perilica s barijerom (13 kg)<\/li>\n<li>2 x su\u0161ilica s toplinskom crpkom (13 kg )<\/li>\n<li>1 x stol za gla\u010danje.<\/li>\n<\/ul>\n<p>[\/vc_column_text][\/vc_column_inner][\/vc_row_inner][\/vc_tta_section][vc_tta_section title=&#8221;Potpuna praonica&#8221; tab_id=&#8221;small-care-package&#8221;][vc_row_inner][vc_column_inner width=&#8221;1\/2&#8243;][vc_single_image image=&#8221;593&#8243; img_size=&#8221;large&#8221;][\/vc_column_inner][vc_column_inner width=&#8221;1\/2&#8243;][elx_heading font_container=&#8221;h3&#8243; text_color=&#8221;inherit&#8221;]Fondazione San Rocco, Italija[\/elx_heading][vc_column_text]<strong>50 kreveta<br \/>\n<\/strong><\/p>\n<p>Postavljanje uklju\u010duje:<\/p>\n<ul>\n<li>2 x perilica s barijerom<\/li>\n<li>1 x su\u0161ilica.<\/li>\n<\/ul>\n<p>[\/vc_column_text][\/vc_column_inner][\/vc_row_inner][\/vc_tta_section][vc_tta_section title=&#8221;Lagoon za brigu o starijima&#8221; tab_id=&#8221;nursing-package&#8221;][vc_row_inner][vc_column_inner width=&#8221;1\/2&#8243;][elx_image_block background_image=&#8221;629&#8243; minimum_height=&#8221;300px&#8221;][\/vc_column_inner][vc_column_inner width=&#8221;1\/2&#8243;][elx_heading font_container=&#8221;h3&#8243; text_color=&#8221;inherit&#8221;]Lagoon\u00ae napredna njega<br \/>\n[\/elx_heading][vc_empty_space height=&#8221;20px&#8221;][vc_column_text]Proces bez otapala koji je nje\u017ean prema tkaninama i okoli\u0161u.<br \/>\nVa\u0161i korisnici \u0107e mo\u0107i osjetiti, vidjeti i pomirisati razliku.<br \/>\nVa\u0161e osoblje voljet \u0107e sigurne i lagane procese.[\/vc_column_text][\/vc_column_inner][\/vc_row_inner][\/vc_tta_section][\/vc_tta_tabs][\/vc_column][\/vc_row][vc_row][vc_column][vc_tta_tabs active_section=&#8221;1&#8243; title=&#8221;Rje\u0161enja za kuhinje&#8221;][vc_tta_section title=&#8221;Centralizirana kuhinja&#8221; tab_id=&#8221;1481902811203-834c8375-1942&#8243;][vc_row_inner][vc_column_inner width=&#8221;1\/2&#8243;][elx_image_block background_image=&#8221;1168&#8243; minimum_height=&#8221;400px&#8221;][\/vc_column_inner][vc_column_inner width=&#8221;1\/2&#8243;][elx_heading font_container=&#8221;h3&#8243; text_color=&#8221;inherit&#8221;]Altenzentrum<br \/>\nWilhelmshilfe, Njema\u010dka[\/elx_heading][vc_column_text]<strong>1000 obroka dnevno<\/strong><\/p>\n<p><strong>Postavljanje uklju\u010duje:<br \/>\n<\/strong><\/p>\n<ul>\n<li>therma<em>line<\/em> fleksibilan modularni dizajn<\/li>\n<li>therma<em>line<\/em> tave za kuhanje i pirjanje<\/li>\n<li>therma<em>line<\/em> kerami\u010dki raspon ure\u0111aja za podizanje i spu\u0161tanje.<\/li>\n<li>mikser za pripremu hrane.<\/li>\n<\/ul>\n<p>[\/vc_column_text][\/vc_column_inner][\/vc_row_inner][\/vc_tta_section][vc_tta_section title=&#8221;Njega bolesnika&#8221; tab_id=&#8221;1481902811997-87c734cd-1746&#8243;][vc_row_inner][vc_column_inner width=&#8221;1\/2&#8243;][elx_image_block background_image=&#8221;589&#8243; minimum_height=&#8221;350px&#8221;][\/vc_column_inner][vc_column_inner width=&#8221;1\/2&#8243;][elx_heading font_container=&#8221;h3&#8243; text_color=&#8221;inherit&#8221;]Trifoglio, Italija<br \/>\n[\/elx_heading][vc_column_text]<strong>200 kreveta<\/strong><\/p>\n<p><strong>Postavljanje uklju\u010duje:<br \/>\n<\/strong><\/p>\n<ul>\n<li>ostavu za skladi\u0161tenje pokvarljive i\u00a0 nepokvarljive hrane,<\/li>\n<li>prostor za obradu povr\u0107a, hladnih obroka i mesa,<\/li>\n<li>podru\u010dje za kuhanje, uklju\u010duju\u0107i mjesto za kolica za posu\u0111e i podru\u010dje za pranje posu\u0111a.<\/li>\n<\/ul>\n<p>[\/vc_column_text][\/vc_column_inner][\/vc_row_inner][\/vc_tta_section][\/vc_tta_tabs][\/vc_column][\/vc_row][vc_row][vc_column][vc_empty_space height=&#8221;70px&#8221;][\/vc_column][\/vc_row][vc_row][vc_column][vc_empty_space height=&#8221;70px&#8221;][elx_heading text_color=&#8221;inherit&#8221;]Kontaktirajte na\u0161e klijente \u0161irom svijeta: evo \u0161to su rekli.<br \/>\n[\/elx_heading][\/vc_column][\/vc_row][vc_row][vc_column][vc_column_text css_animation=&#8221;appear&#8221;]<\/p>\n<h3>Ako vas zanimaju na\u0161a rje\u0161enja za domove za njegu, kliknite ispod:<\/h3>\n<p>[\/vc_column_text][\/vc_column][\/vc_row][vc_row][vc_column width=&#8221;1\/3&#8243;][elx_download_block text=&#8221;Bro\u0161ura za domove za njegu<br \/>\n&#8221; text_color=&#8221;electrolux-blue&#8221; link=&#8221;files.professional.electrolux.com\/docs\/?n=A0022&amp;t=BR&amp;l=1&#8243; background_color=&#8221;orange&#8221; reveal_effect=&#8221;fadeIn&#8221; reveal_duration=&#8221;&#8221; reveal_delay=&#8221;&#8221;][\/vc_column][vc_column width=&#8221;1\/3&#8243;][elx_download_block text=&#8221;Komercijalni letak za domove za njegu&#8221; text_color=&#8221;electrolux-blue&#8221; link=&#8221;files.professional.electrolux.com\/docs\/?n=CLF-9JE00054&amp;t=clf&amp;l=1&#8243; background_color=&#8221;orange&#8221; reveal_effect=&#8221;&#8221; reveal_duration=&#8221;&#8221; reveal_delay=&#8221;&#8221;][\/vc_column][vc_column width=&#8221;1\/3&#8243;][elx_download_block text=&#8221;Bro\u0161ura Hyvolution perilice s barijerom &#8221; text_color=&#8221;electrolux-blue&#8221; link=&#8221;files.professional.electrolux.com\/docs\/?n=A0016&amp;t=BR&amp;l=1&#8243; background_color=&#8221;orange&#8221; reveal_effect=&#8221;fadeIn&#8221; reveal_duration=&#8221;&#8221; reveal_delay=&#8221;&#8221;][\/vc_column][\/vc_row][vc_row][vc_column][elx_heading text_color=&#8221;inherit&#8221;]Otkrijte \u0161to Electrolux Professional mo\u017ee u\u010diniti za va\u0161e poslovanje!<br \/>\n[\/elx_heading][elx_o2000_contact_us r=&#8221;\u017delim da me kontaktirate kako bih saznao vi\u0161e o rje\u0161enjima za svoje poslovanje.<br \/>\n&#8221; s=&#8221;Your request: solutions for care homes&#8221; country=&#8221;Croatia&#8221; l=&#8221;hr&#8221; container=&#8221;elxcontactus1466166319&#8243;][\/vc_column][\/vc_row]<\/p>\n","protected":false},"excerpt":{"rendered":"<p>[vc_row full_width=&#8221;electroluxpro-full-width-no-padding&#8221; equal_height=&#8221;yes&#8221;][vc_column reveal_effect=&#8221;&#8221; width=&#8221;1\/2&#8243;][elx_citation name=&#8221;Elke Nekes, upraviteljica praonice&#8221; company=&#8221;Carolinenhohe &#8211; Ingelhelm, Njema\u010dka &#8220;][elx_heading font_container=&#8221;h1&#8243; font_size=&#8221;h2&#8243; text_color=&#8221;inherit&#8221;]\u201ePrije svega, potrebni su kompaktni ure\u0111aji laki za kori\u0161tenje koji imaju savr\u0161en radni u\u010dinak pranja.\u201c [\/elx_heading][\/elx_citation][\/vc_column][vc_column reveal_effect=&#8221;&#8221; width=&#8221;1\/2&#8243;][elx_image_block background_image=&#8221;585&#8243; minimum_height=&#8221;650px&#8221;][\/vc_column][\/vc_row][vc_row full_width=&#8221;electroluxpro-container-no-padding&#8221; parallax=&#8221;content-moving-fade&#8221;][vc_column reveal_effect=&#8221;&#8221;][vc_empty_space][elx_heading text_color=&#8221;inherit&#8221; text_align=&#8221;text-center&#8221;]Domovi za njegu: potpuna kontrola higijene [\/elx_heading][vc_column_text] Potpuna kontrola higijene u procesima pranja rublja od [&hellip;]<\/p>\n","protected":false},"author":4,"featured_media":0,"parent":2119,"menu_order":0,"comment_status":"closed","ping_status":"closed","template":"","meta":{"footnotes":""},"class_list":["post-2182","page","type-page","status-publish","hentry"],"acf":[],"yoast_head":"<!-- This site is optimized with the Yoast SEO plugin v23.3 - https:\/\/yoast.com\/wordpress\/plugins\/seo\/ -->\n<title>Domovi za njegu - Electrolux Professional Hrvatska<\/title>\n<meta name=\"robots\" content=\"index, follow, max-snippet:-1, max-image-preview:large, max-video-preview:-1\" \/>\n<link rel=\"canonical\" href=\"https:\/\/www.electroluxprofessional.com\/hr\/briga\/domovi-za-njegu\/\" \/>\n<meta property=\"og:locale\" content=\"hr_HR\" \/>\n<meta property=\"og:type\" content=\"article\" \/>\n<meta property=\"og:title\" content=\"Domovi za njegu - Electrolux Professional Hrvatska\" \/>\n<meta property=\"og:description\" content=\"[vc_row full_width=&#8221;electroluxpro-full-width-no-padding&#8221; equal_height=&#8221;yes&#8221;][vc_column reveal_effect=&#8221;&#8221; width=&#8221;1\/2&#8243;][elx_citation name=&#8221;Elke Nekes, upraviteljica praonice&#8221; company=&#8221;Carolinenhohe &#8211; Ingelhelm, Njema\u010dka &#8220;][elx_heading font_container=&#8221;h1&#8243; font_size=&#8221;h2&#8243; text_color=&#8221;inherit&#8221;]\u201ePrije svega, potrebni su kompaktni ure\u0111aji laki za kori\u0161tenje koji imaju savr\u0161en radni u\u010dinak pranja.\u201c [\/elx_heading][\/elx_citation][\/vc_column][vc_column reveal_effect=&#8221;&#8221; width=&#8221;1\/2&#8243;][elx_image_block background_image=&#8221;585&#8243; minimum_height=&#8221;650px&#8221;][\/vc_column][\/vc_row][vc_row full_width=&#8221;electroluxpro-container-no-padding&#8221; parallax=&#8221;content-moving-fade&#8221;][vc_column reveal_effect=&#8221;&#8221;][vc_empty_space][elx_heading text_color=&#8221;inherit&#8221; text_align=&#8221;text-center&#8221;]Domovi za njegu: potpuna kontrola higijene [\/elx_heading][vc_column_text] Potpuna kontrola higijene u procesima pranja rublja od [&hellip;]\" \/>\n<meta property=\"og:url\" content=\"https:\/\/www.electroluxprofessional.com\/hr\/briga\/domovi-za-njegu\/\" \/>\n<meta property=\"og:site_name\" content=\"Electrolux Professional Hrvatska\" \/>\n<meta property=\"article:modified_time\" content=\"2025-11-06T13:28:55+00:00\" \/>\n<meta name=\"twitter:card\" content=\"summary_large_image\" \/>\n<meta name=\"twitter:label1\" content=\"Procijenjeno vrijeme \u010ditanja\" \/>\n\t<meta name=\"twitter:data1\" content=\"5 minuta\" \/>\n<script type=\"application\/ld+json\" class=\"yoast-schema-graph\">{\"@context\":\"https:\/\/schema.org\",\"@graph\":[{\"@type\":\"WebPage\",\"@id\":\"https:\/\/www.electroluxprofessional.com\/hr\/briga\/domovi-za-njegu\/\",\"url\":\"https:\/\/www.electroluxprofessional.com\/hr\/briga\/domovi-za-njegu\/\",\"name\":\"Domovi za njegu - Electrolux Professional Hrvatska\",\"isPartOf\":{\"@id\":\"https:\/\/www.electroluxprofessional.com\/hr\/#website\"},\"datePublished\":\"2017-04-27T11:23:29+00:00\",\"dateModified\":\"2025-11-06T13:28:55+00:00\",\"breadcrumb\":{\"@id\":\"https:\/\/www.electroluxprofessional.com\/hr\/briga\/domovi-za-njegu\/#breadcrumb\"},\"inLanguage\":\"hr\",\"potentialAction\":[{\"@type\":\"ReadAction\",\"target\":[\"https:\/\/www.electroluxprofessional.com\/hr\/briga\/domovi-za-njegu\/\"]}]},{\"@type\":\"BreadcrumbList\",\"@id\":\"https:\/\/www.electroluxprofessional.com\/hr\/briga\/domovi-za-njegu\/#breadcrumb\",\"itemListElement\":[{\"@type\":\"ListItem\",\"position\":1,\"name\":\"Po\u010detna stranica\",\"item\":\"https:\/\/www.electroluxprofessional.com\/hr\/\"},{\"@type\":\"ListItem\",\"position\":2,\"name\":\"Briga\",\"item\":\"https:\/\/www.electroluxprofessional.com\/hr\/briga\/\"},{\"@type\":\"ListItem\",\"position\":3,\"name\":\"Domovi za njegu\"}]},{\"@type\":\"WebSite\",\"@id\":\"https:\/\/www.electroluxprofessional.com\/hr\/#website\",\"url\":\"https:\/\/www.electroluxprofessional.com\/hr\/\",\"name\":\"Electrolux Professional Hrvatska\",\"description\":\"\",\"potentialAction\":[{\"@type\":\"SearchAction\",\"target\":{\"@type\":\"EntryPoint\",\"urlTemplate\":\"https:\/\/www.electroluxprofessional.com\/hr\/?src={search_term_string}\"},\"query-input\":\"required name=search_term_string\"}],\"inLanguage\":\"hr\"}]}<\/script>\n<!-- \/ Yoast SEO plugin. -->","yoast_head_json":{"title":"Domovi za njegu - Electrolux Professional Hrvatska","robots":{"index":"index","follow":"follow","max-snippet":"max-snippet:-1","max-image-preview":"max-image-preview:large","max-video-preview":"max-video-preview:-1"},"canonical":"https:\/\/www.electroluxprofessional.com\/hr\/briga\/domovi-za-njegu\/","og_locale":"hr_HR","og_type":"article","og_title":"Domovi za njegu - Electrolux Professional Hrvatska","og_description":"[vc_row full_width=&#8221;electroluxpro-full-width-no-padding&#8221; equal_height=&#8221;yes&#8221;][vc_column reveal_effect=&#8221;&#8221; width=&#8221;1\/2&#8243;][elx_citation name=&#8221;Elke Nekes, upraviteljica praonice&#8221; company=&#8221;Carolinenhohe &#8211; Ingelhelm, Njema\u010dka &#8220;][elx_heading font_container=&#8221;h1&#8243; font_size=&#8221;h2&#8243; text_color=&#8221;inherit&#8221;]\u201ePrije svega, potrebni su kompaktni ure\u0111aji laki za kori\u0161tenje koji imaju savr\u0161en radni u\u010dinak pranja.\u201c [\/elx_heading][\/elx_citation][\/vc_column][vc_column reveal_effect=&#8221;&#8221; width=&#8221;1\/2&#8243;][elx_image_block background_image=&#8221;585&#8243; minimum_height=&#8221;650px&#8221;][\/vc_column][\/vc_row][vc_row full_width=&#8221;electroluxpro-container-no-padding&#8221; parallax=&#8221;content-moving-fade&#8221;][vc_column reveal_effect=&#8221;&#8221;][vc_empty_space][elx_heading text_color=&#8221;inherit&#8221; text_align=&#8221;text-center&#8221;]Domovi za njegu: potpuna kontrola higijene [\/elx_heading][vc_column_text] Potpuna kontrola higijene u procesima pranja rublja od [&hellip;]","og_url":"https:\/\/www.electroluxprofessional.com\/hr\/briga\/domovi-za-njegu\/","og_site_name":"Electrolux Professional Hrvatska","article_modified_time":"2025-11-06T13:28:55+00:00","twitter_card":"summary_large_image","twitter_misc":{"Procijenjeno vrijeme \u010ditanja":"5 minuta"},"schema":{"@context":"https:\/\/schema.org","@graph":[{"@type":"WebPage","@id":"https:\/\/www.electroluxprofessional.com\/hr\/briga\/domovi-za-njegu\/","url":"https:\/\/www.electroluxprofessional.com\/hr\/briga\/domovi-za-njegu\/","name":"Domovi za njegu - Electrolux Professional Hrvatska","isPartOf":{"@id":"https:\/\/www.electroluxprofessional.com\/hr\/#website"},"datePublished":"2017-04-27T11:23:29+00:00","dateModified":"2025-11-06T13:28:55+00:00","breadcrumb":{"@id":"https:\/\/www.electroluxprofessional.com\/hr\/briga\/domovi-za-njegu\/#breadcrumb"},"inLanguage":"hr","potentialAction":[{"@type":"ReadAction","target":["https:\/\/www.electroluxprofessional.com\/hr\/briga\/domovi-za-njegu\/"]}]},{"@type":"BreadcrumbList","@id":"https:\/\/www.electroluxprofessional.com\/hr\/briga\/domovi-za-njegu\/#breadcrumb","itemListElement":[{"@type":"ListItem","position":1,"name":"Po\u010detna stranica","item":"https:\/\/www.electroluxprofessional.com\/hr\/"},{"@type":"ListItem","position":2,"name":"Briga","item":"https:\/\/www.electroluxprofessional.com\/hr\/briga\/"},{"@type":"ListItem","position":3,"name":"Domovi za njegu"}]},{"@type":"WebSite","@id":"https:\/\/www.electroluxprofessional.com\/hr\/#website","url":"https:\/\/www.electroluxprofessional.com\/hr\/","name":"Electrolux Professional Hrvatska","description":"","potentialAction":[{"@type":"SearchAction","target":{"@type":"EntryPoint","urlTemplate":"https:\/\/www.electroluxprofessional.com\/hr\/?src={search_term_string}"},"query-input":"required name=search_term_string"}],"inLanguage":"hr"}]}},"_links":{"self":[{"href":"https:\/\/www.electroluxprofessional.com\/hr\/wp-json\/wp\/v2\/pages\/2182"}],"collection":[{"href":"https:\/\/www.electroluxprofessional.com\/hr\/wp-json\/wp\/v2\/pages"}],"about":[{"href":"https:\/\/www.electroluxprofessional.com\/hr\/wp-json\/wp\/v2\/types\/page"}],"author":[{"embeddable":true,"href":"https:\/\/www.electroluxprofessional.com\/hr\/wp-json\/wp\/v2\/users\/4"}],"replies":[{"embeddable":true,"href":"https:\/\/www.electroluxprofessional.com\/hr\/wp-json\/wp\/v2\/comments?post=2182"}],"version-history":[{"count":9,"href":"https:\/\/www.electroluxprofessional.com\/hr\/wp-json\/wp\/v2\/pages\/2182\/revisions"}],"predecessor-version":[{"id":119001,"href":"https:\/\/www.electroluxprofessional.com\/hr\/wp-json\/wp\/v2\/pages\/2182\/revisions\/119001"}],"up":[{"embeddable":true,"href":"https:\/\/www.electroluxprofessional.com\/hr\/wp-json\/wp\/v2\/pages\/2119"}],"wp:attachment":[{"href":"https:\/\/www.electroluxprofessional.com\/hr\/wp-json\/wp\/v2\/media?parent=2182"}],"curies":[{"name":"wp","href":"https:\/\/api.w.org\/{rel}","templated":true}]}}