{"id":2176,"date":"2017-04-27T11:19:01","date_gmt":"2017-04-27T11:19:01","guid":{"rendered":"https:\/\/www.electroluxprofessional.com\/hr\/?page_id=2176"},"modified":"2025-11-06T13:28:47","modified_gmt":"2025-11-06T13:28:47","slug":"bolnice","status":"publish","type":"page","link":"https:\/\/www.electroluxprofessional.com\/hr\/briga\/bolnice\/","title":{"rendered":"Bolnice"},"content":{"rendered":"<p>[vc_row full_width=&#8221;electroluxpro-full-width-no-padding&#8221; equal_height=&#8221;yes&#8221; content_placement=&#8221;top&#8221;][vc_column reveal_effect=&#8221;&#8221; width=&#8221;1\/2&#8243;][elx_citation name=&#8221;Daniel Bertrand, voditelj praonice&#8221; company=&#8221;Bourges, Francuska<br \/>\n&#8220;][elx_heading font_container=&#8221;h1&#8243; font_size=&#8221;h2&#8243; text_color=&#8221;inherit&#8221;]\u201eVidimo razliku. Na\u0161i pacijenti ju osje\u0107aju. Nijedan drugi pru\u017eatelj ne razumije bolje specifi\u010dne zdravstvene procese na\u0161e industrije i ne nudi tako savr\u0161ena rje\u0161enja.\u201c<br \/>\n[\/elx_heading][\/elx_citation][\/vc_column][vc_column reveal_effect=&#8221;&#8221; width=&#8221;1\/2&#8243;][elx_image_block background_image=&#8221;573&#8243; minimum_height=&#8221;670px&#8221;][\/vc_column][\/vc_row][vc_row full_width=&#8221;electroluxpro-container-no-padding&#8221;][vc_column][elx_heading text_color=&#8221;inherit&#8221; text_align=&#8221;text-center&#8221;]<strong>Bolnice:<\/strong> za potpunu beskompromisnu higijenu bez bakterija<\/p>\n<p>[\/elx_heading][vc_column_text]<\/p>\n<p style=\"text-align: center;\">Bolnice i klinike imaju\u00a0 <span style=\"color: #019bbf;\">vrlo stroga higijenska pravila<br \/>\n<\/span>koja odre\u0111uju rukovo\u0111enje i <span style=\"color: #019bbf;\">\u010di\u0161\u0107enje posteljine, rublja, ru\u010dnika i odje\u0107e osoblja.<\/span><\/p>\n<p>[\/vc_column_text][vc_empty_space height=&#8221;50px&#8221;][\/vc_column][\/vc_row][vc_row full_width=&#8221;electroluxpro-full-width-no-padding&#8221; equal_height=&#8221;yes&#8221; content_placement=&#8221;middle&#8221; video_bg=&#8221;yes&#8221; video_bg_parallax=&#8221;content-moving&#8221;][vc_column reveal_effect=&#8221;&#8221; width=&#8221;1\/2&#8243;][elx_image_block background_image=&#8221;1528&#8243; minimum_height=&#8221;600px&#8221;][\/vc_column][vc_column width=&#8221;1\/2&#8243;][elx_simple_block background_color=&#8221;inherit&#8221;][vc_column_text]<\/p>\n<ul>\n<li>Profesionalna rje\u0161enja za pranje rublja koja se pridr\u017eavaju \u010dak i najstro\u017eih uvjeta<strong> sanitarne izolacije.<br \/>\n<\/strong><\/li>\n<li>Globalni predvodnik u rje\u0161enjima perilica s barijerom s vi\u0161e od 500 postavljanja godi\u0161nje.<\/li>\n<li>Inteligentna rje\u0161enja, kao \u0161to je jedinstveni informacijski sustav Certus Management\u00ae (CMIS), omogu\u0107avaju najvi\u0161u <strong>razinu kontrole i sljedivosti<\/strong> cijelog procesa higijene.<strong><br \/>\n<\/strong><\/li>\n<li>Pobolj\u0161ana u\u010dinkovitost i produktivnost zahvaljuju\u0107i vi\u0161e punjenja rublja u jednom danu<\/li>\n<li><strong>Izvrsnost usluge:<\/strong> najve\u0107a svjetska mre\u017ea za postavljanje, rezervne dijelove i odr\u017eavanje<\/li>\n<\/ul>\n<p>[\/vc_column_text][\/elx_simple_block][\/vc_column][\/vc_row][vc_row full_width=&#8221;electroluxpro-full-width-no-padding&#8221; equal_height=&#8221;yes&#8221;][vc_column width=&#8221;1\/2&#8243;][elx_simple_block background_color=&#8221;inherit&#8221;][elx_heading font_container=&#8221;h3&#8243; text_color=&#8221;inherit&#8221;]Bolnica Peking Union Medial College<br \/>\n[\/elx_heading][vc_column_text]Brzim ritmom dru\u0161tvenog i urbanog razvoja u cijeloj zemlji, PUMCH je te\u017eio tomu da ostane upu\u0107en u najnoviju tehnologiju kada su u pitanju potrebe pranja rublja.[\/vc_column_text][\/elx_simple_block][\/vc_column][vc_column width=&#8221;1\/2&#8243;][elx_video_block background_image=&#8221;575&#8243; video_link=&#8221;https:\/\/www.youtube.com\/watch?v=dsOhbvScsz8&#8243; minimum_height=&#8221;600px&#8221;][\/vc_column][\/vc_row][vc_row][vc_column][vc_empty_space height=&#8221;100px&#8221;][elx_heading font_container=&#8221;h3&#8243; text_color=&#8221;inherit&#8221; text_align=&#8221;text-center&#8221;]<strong>Tijek pranja rublja<br \/>\n<\/strong>[\/elx_heading][vc_empty_space height=&#8221;20px&#8221;][vc_column_text]<\/p>\n<h4>U\u010dinkovito rje\u0161enje za brigu za vas. Udoban \u017eivotni stil za va\u0161e pacijente i goste.<\/h4>\n<p>Pru\u017eite svojim stanarima <strong>udobnost najvi\u0161e klase, sigurnost i visoku razinu higijene<\/strong> dok zadr\u017eavate potpunu kontrolu nad tro\u0161kovima. Posteljina, ru\u010dnici, ubrusi i odje\u0107a zahtijevaju posebna rje\u0161enja za \u010di\u0161\u0107enje koja otklanjaju rizik od infekcije i \u0161irenja zaraze.[\/vc_column_text][vc_empty_space][vc_column_text][\/vc_column_text][elx_heading font_container=&#8221;h4&#8243; font_size=&#8221;h4&#8243; text_color=&#8221;inherit&#8221;]Kontaktirajte na\u0161e stru\u010dnjake!<br \/>\n[\/elx_heading][elx_o2000_contact_us r=&#8221;\u017delim saznati vi\u0161e o rje\u0161enjima za pranje rublja u bolnicama.<br \/>\n&#8221; s=&#8221;Request of information about laundry solutions for Hospitals&#8221; country=&#8221;Croatia&#8221; l=&#8221;hr&#8221; b=&#8221;laundry&#8221; container=&#8221;elxcontactus1480952722&#8243;][\/vc_column][\/vc_row][vc_row][vc_column][\/vc_column][\/vc_row][vc_row][vc_column][vc_empty_space height=&#8221;100px&#8221;][elx_heading font_container=&#8221;h3&#8243; text_color=&#8221;inherit&#8221; text_align=&#8221;text-center&#8221;]<strong>Proizvodnja hrane i distribucija<br \/>\n<\/strong>[\/elx_heading][vc_empty_space height=&#8221;20px&#8221;][vc_column_text]<\/p>\n<h4 style=\"text-align: left;\">Electrolux Professional je tako\u0111er i vrhunski pru\u017eatelj rje\u0161enja za proizvodnju i distribuciju hrane u rizi\u010dnom okru\u017eenju.<\/h4>\n<p style=\"text-align: left;\">Bolni\u010dki odjeli \u010desto su udaljeni od kuhinja \u0161to pove\u0107ava logisti\u010dki teret i rizik od vremenskog razmaka izme\u0111u proizvodnje, poslu\u017eivanja, dostave i konzumacije.<\/p>\n<p style=\"text-align: left;\">Suradnja s na\u0161im stru\u010dnjacima za tijek rada poma\u017ee vam u procesima planiranja kako bi se izbjegli rizici u velikim funkcionalnim podru\u010djima kao \u0161to su skladi\u0161ta, hladnja\u010de ili zalogajnice.<\/p>\n<h4><\/h4>\n<p>[\/vc_column_text][vc_empty_space height=&#8221;20px&#8221;][vc_single_image image=&#8221;3459&#8243; img_size=&#8221;full&#8221; alignment=&#8221;center&#8221;][elx_heading font_container=&#8221;h4&#8243; text_color=&#8221;inherit&#8221;]Stupite u kontakt s na\u0161im stru\u010dnjacima!<br \/>\n[\/elx_heading][elx_o2000_contact_us r=&#8221;\u017delim saznati vi\u0161e o rje\u0161enjima za poslu\u017eivanje hrane u bolnicama.<br \/>\n&#8221; s=&#8221;Request of information about food service solutions for Hospitals&#8221; country=&#8221;Croatia&#8221; l=&#8221;hr&#8221; container=&#8221;elxcontactus14809527222&#8243;][\/vc_column][\/vc_row][vc_row][vc_column][vc_empty_space height=&#8221;100px&#8221;][\/vc_column][\/vc_row][vc_row][vc_column][vc_tta_tabs active_section=&#8221;1&#8243; title=&#8221;Rje\u0161enja za bolnice&#8221;][vc_tta_section title=&#8221;Praonica&#8221; tab_id=&#8221;1465542896542-38a9f91e-2d02&#8243;][vc_row_inner][vc_column_inner width=&#8221;1\/2&#8243;][vc_single_image image=&#8221;1437&#8243; img_size=&#8221;large&#8221;][\/vc_column_inner][vc_column_inner width=&#8221;1\/2&#8243;][elx_heading font_container=&#8221;h3&#8243; text_color=&#8221;orange&#8221;]Bolnica Beijing Union, Kina<\/p>\n<p>[\/elx_heading][vc_column_text]Od 7 do 10 tona po smjeni<\/p>\n<p>Postavljanje uklju\u010duje:<\/p>\n<ul>\n<li>14 x Pullman perilica s barijerom<\/li>\n<li>13 x su\u0161ilica<\/li>\n<li>2 x C-flex 930 &#8211; 2 Flatwork gla\u010dala.<\/li>\n<\/ul>\n<p>[\/vc_column_text][\/vc_column_inner][\/vc_row_inner][\/vc_tta_section][vc_tta_section title=&#8221;Kuhinja&#8221; tab_id=&#8221;hospital-kitchen-package&#8221;][vc_row_inner][vc_column_inner width=&#8221;1\/2&#8243;][vc_single_image image=&#8221;578&#8243; img_size=&#8221;large&#8221;][\/vc_column_inner][vc_column_inner width=&#8221;1\/2&#8243;][elx_heading font_container=&#8221;h3&#8243; text_color=&#8221;orange&#8221;]Burgos, Francuska<br \/>\n[\/elx_heading][vc_column_text]1000 kreveta<\/p>\n<p>Postavljanje uklju\u010duje:<\/p>\n<ul>\n<li>horizontalnu XP liniju kuhanja<\/li>\n<li>Electrolux air-o-steam touchline pe\u0107nice, svaka s 40 pladnjeva kako bi osigurale ukupno 800 obroka po smjeni.<\/li>\n<\/ul>\n<p>[\/vc_column_text][\/vc_column_inner][\/vc_row_inner][\/vc_tta_section][\/vc_tta_tabs][\/vc_column][\/vc_row][vc_row][vc_column][elx_heading text_color=&#8221;inherit&#8221;]Kontaktirajte na\u0161e stru\u010dnjake!<br \/>\n[\/elx_heading][elx_o2000_contact_us r=&#8221;\u017delim saznati vi\u0161e o rje\u0161enjima za bolnice.&#8221; s=&#8221;Your request: solutions for hospitals&#8221; country=&#8221;Croatia&#8221; l=&#8221;hr&#8221; container=&#8221;elxcontactus1466429981&#8243;][\/vc_column][\/vc_row][vc_row][vc_column][vc_empty_space height=&#8221;100px&#8221;][\/vc_column][\/vc_row][vc_row][vc_column][elx_heading font_container=&#8221;h3&#8243; font_size=&#8221;h3&#8243; text_color=&#8221;inherit&#8221;]Pro\u010ditajte vi\u0161e o na\u0161im rje\u0161enjima za bolnice!<br \/>\n[\/elx_heading][\/vc_column][\/vc_row][vc_row][vc_column width=&#8221;1\/3&#8243;][elx_download_block text=&#8221;Bro\u0161ura o pranju rublja u zdravstvenim ustanovama<br \/>\n&#8221; text_color=&#8221;electrolux-blue&#8221; link=&#8221;http:\/\/files.professional.electrolux.com\/docs\/?n=A0004&amp;t=BR&amp;l=1&#8243; background_color=&#8221;orange&#8221; reveal_effect=&#8221;fadeIn&#8221; reveal_duration=&#8221;&#8221; reveal_delay=&#8221;&#8221;][\/vc_column][vc_column width=&#8221;1\/3&#8243;][elx_download_block text=&#8221;Bro\u0161ura Hyvolution perilice s barijerom<br \/>\n&#8221; text_color=&#8221;electrolux-blue&#8221; link=&#8221;files.professional.electrolux.com\/docs\/?n=A0016&amp;t=BR&amp;l=1&#8243; background_color=&#8221;orange&#8221; reveal_effect=&#8221;fadeIn&#8221; reveal_duration=&#8221;&#8221; reveal_delay=&#8221;&#8221;][\/vc_column][vc_column width=&#8221;1\/3&#8243;][elx_download_block text=&#8221;Pregled asortimana higijene rublja<br \/>\n&#8221; text_color=&#8221;electrolux-blue&#8221; link=&#8221;http:\/\/tools.professional.electrolux.com\/Mirror\/Doc\/ELS\/RO\/RO_Hygiene%20Laundry_ENG_lo.pdf&#8221; background_color=&#8221;orange&#8221; reveal_effect=&#8221;fadeIn&#8221; reveal_duration=&#8221;&#8221; reveal_delay=&#8221;&#8221;][\/vc_column][\/vc_row]<\/p>\n","protected":false},"excerpt":{"rendered":"<p>[vc_row full_width=&#8221;electroluxpro-full-width-no-padding&#8221; equal_height=&#8221;yes&#8221; content_placement=&#8221;top&#8221;][vc_column reveal_effect=&#8221;&#8221; width=&#8221;1\/2&#8243;][elx_citation name=&#8221;Daniel Bertrand, voditelj praonice&#8221; company=&#8221;Bourges, Francuska &#8220;][elx_heading font_container=&#8221;h1&#8243; font_size=&#8221;h2&#8243; text_color=&#8221;inherit&#8221;]\u201eVidimo razliku. Na\u0161i pacijenti ju osje\u0107aju. Nijedan drugi pru\u017eatelj ne razumije bolje specifi\u010dne zdravstvene procese na\u0161e industrije i ne nudi tako savr\u0161ena rje\u0161enja.\u201c [\/elx_heading][\/elx_citation][\/vc_column][vc_column reveal_effect=&#8221;&#8221; width=&#8221;1\/2&#8243;][elx_image_block background_image=&#8221;573&#8243; minimum_height=&#8221;670px&#8221;][\/vc_column][\/vc_row][vc_row full_width=&#8221;electroluxpro-container-no-padding&#8221;][vc_column][elx_heading text_color=&#8221;inherit&#8221; text_align=&#8221;text-center&#8221;]Bolnice: za potpunu beskompromisnu higijenu bez bakterija [\/elx_heading][vc_column_text] Bolnice i [&hellip;]<\/p>\n","protected":false},"author":4,"featured_media":0,"parent":2119,"menu_order":0,"comment_status":"closed","ping_status":"closed","template":"","meta":{"footnotes":""},"class_list":["post-2176","page","type-page","status-publish","hentry"],"acf":[],"yoast_head":"<!-- This site is optimized with the Yoast SEO plugin v23.3 - https:\/\/yoast.com\/wordpress\/plugins\/seo\/ -->\n<title>Bolnice - Electrolux Professional Hrvatska<\/title>\n<meta name=\"robots\" content=\"index, follow, max-snippet:-1, max-image-preview:large, max-video-preview:-1\" \/>\n<link rel=\"canonical\" href=\"https:\/\/www.electroluxprofessional.com\/hr\/briga\/bolnice\/\" \/>\n<meta property=\"og:locale\" content=\"hr_HR\" \/>\n<meta property=\"og:type\" content=\"article\" \/>\n<meta property=\"og:title\" content=\"Bolnice - Electrolux Professional Hrvatska\" \/>\n<meta property=\"og:description\" content=\"[vc_row full_width=&#8221;electroluxpro-full-width-no-padding&#8221; equal_height=&#8221;yes&#8221; content_placement=&#8221;top&#8221;][vc_column reveal_effect=&#8221;&#8221; width=&#8221;1\/2&#8243;][elx_citation name=&#8221;Daniel Bertrand, voditelj praonice&#8221; company=&#8221;Bourges, Francuska &#8220;][elx_heading font_container=&#8221;h1&#8243; font_size=&#8221;h2&#8243; text_color=&#8221;inherit&#8221;]\u201eVidimo razliku. Na\u0161i pacijenti ju osje\u0107aju. Nijedan drugi pru\u017eatelj ne razumije bolje specifi\u010dne zdravstvene procese na\u0161e industrije i ne nudi tako savr\u0161ena rje\u0161enja.\u201c [\/elx_heading][\/elx_citation][\/vc_column][vc_column reveal_effect=&#8221;&#8221; width=&#8221;1\/2&#8243;][elx_image_block background_image=&#8221;573&#8243; minimum_height=&#8221;670px&#8221;][\/vc_column][\/vc_row][vc_row full_width=&#8221;electroluxpro-container-no-padding&#8221;][vc_column][elx_heading text_color=&#8221;inherit&#8221; text_align=&#8221;text-center&#8221;]Bolnice: za potpunu beskompromisnu higijenu bez bakterija [\/elx_heading][vc_column_text] Bolnice i [&hellip;]\" \/>\n<meta property=\"og:url\" content=\"https:\/\/www.electroluxprofessional.com\/hr\/briga\/bolnice\/\" \/>\n<meta property=\"og:site_name\" content=\"Electrolux Professional Hrvatska\" \/>\n<meta property=\"article:modified_time\" content=\"2025-11-06T13:28:47+00:00\" \/>\n<meta name=\"twitter:card\" content=\"summary_large_image\" \/>\n<meta name=\"twitter:label1\" content=\"Procijenjeno vrijeme \u010ditanja\" \/>\n\t<meta name=\"twitter:data1\" content=\"3 minute\" \/>\n<script type=\"application\/ld+json\" class=\"yoast-schema-graph\">{\"@context\":\"https:\/\/schema.org\",\"@graph\":[{\"@type\":\"WebPage\",\"@id\":\"https:\/\/www.electroluxprofessional.com\/hr\/briga\/bolnice\/\",\"url\":\"https:\/\/www.electroluxprofessional.com\/hr\/briga\/bolnice\/\",\"name\":\"Bolnice - Electrolux Professional Hrvatska\",\"isPartOf\":{\"@id\":\"https:\/\/www.electroluxprofessional.com\/hr\/#website\"},\"datePublished\":\"2017-04-27T11:19:01+00:00\",\"dateModified\":\"2025-11-06T13:28:47+00:00\",\"breadcrumb\":{\"@id\":\"https:\/\/www.electroluxprofessional.com\/hr\/briga\/bolnice\/#breadcrumb\"},\"inLanguage\":\"hr\",\"potentialAction\":[{\"@type\":\"ReadAction\",\"target\":[\"https:\/\/www.electroluxprofessional.com\/hr\/briga\/bolnice\/\"]}]},{\"@type\":\"BreadcrumbList\",\"@id\":\"https:\/\/www.electroluxprofessional.com\/hr\/briga\/bolnice\/#breadcrumb\",\"itemListElement\":[{\"@type\":\"ListItem\",\"position\":1,\"name\":\"Po\u010detna stranica\",\"item\":\"https:\/\/www.electroluxprofessional.com\/hr\/\"},{\"@type\":\"ListItem\",\"position\":2,\"name\":\"Briga\",\"item\":\"https:\/\/www.electroluxprofessional.com\/hr\/briga\/\"},{\"@type\":\"ListItem\",\"position\":3,\"name\":\"Bolnice\"}]},{\"@type\":\"WebSite\",\"@id\":\"https:\/\/www.electroluxprofessional.com\/hr\/#website\",\"url\":\"https:\/\/www.electroluxprofessional.com\/hr\/\",\"name\":\"Electrolux Professional Hrvatska\",\"description\":\"\",\"potentialAction\":[{\"@type\":\"SearchAction\",\"target\":{\"@type\":\"EntryPoint\",\"urlTemplate\":\"https:\/\/www.electroluxprofessional.com\/hr\/?src={search_term_string}\"},\"query-input\":\"required name=search_term_string\"}],\"inLanguage\":\"hr\"}]}<\/script>\n<!-- \/ Yoast SEO plugin. -->","yoast_head_json":{"title":"Bolnice - Electrolux Professional Hrvatska","robots":{"index":"index","follow":"follow","max-snippet":"max-snippet:-1","max-image-preview":"max-image-preview:large","max-video-preview":"max-video-preview:-1"},"canonical":"https:\/\/www.electroluxprofessional.com\/hr\/briga\/bolnice\/","og_locale":"hr_HR","og_type":"article","og_title":"Bolnice - Electrolux Professional Hrvatska","og_description":"[vc_row full_width=&#8221;electroluxpro-full-width-no-padding&#8221; equal_height=&#8221;yes&#8221; content_placement=&#8221;top&#8221;][vc_column reveal_effect=&#8221;&#8221; width=&#8221;1\/2&#8243;][elx_citation name=&#8221;Daniel Bertrand, voditelj praonice&#8221; company=&#8221;Bourges, Francuska &#8220;][elx_heading font_container=&#8221;h1&#8243; font_size=&#8221;h2&#8243; text_color=&#8221;inherit&#8221;]\u201eVidimo razliku. Na\u0161i pacijenti ju osje\u0107aju. Nijedan drugi pru\u017eatelj ne razumije bolje specifi\u010dne zdravstvene procese na\u0161e industrije i ne nudi tako savr\u0161ena rje\u0161enja.\u201c [\/elx_heading][\/elx_citation][\/vc_column][vc_column reveal_effect=&#8221;&#8221; width=&#8221;1\/2&#8243;][elx_image_block background_image=&#8221;573&#8243; minimum_height=&#8221;670px&#8221;][\/vc_column][\/vc_row][vc_row full_width=&#8221;electroluxpro-container-no-padding&#8221;][vc_column][elx_heading text_color=&#8221;inherit&#8221; text_align=&#8221;text-center&#8221;]Bolnice: za potpunu beskompromisnu higijenu bez bakterija [\/elx_heading][vc_column_text] Bolnice i [&hellip;]","og_url":"https:\/\/www.electroluxprofessional.com\/hr\/briga\/bolnice\/","og_site_name":"Electrolux Professional Hrvatska","article_modified_time":"2025-11-06T13:28:47+00:00","twitter_card":"summary_large_image","twitter_misc":{"Procijenjeno vrijeme \u010ditanja":"3 minute"},"schema":{"@context":"https:\/\/schema.org","@graph":[{"@type":"WebPage","@id":"https:\/\/www.electroluxprofessional.com\/hr\/briga\/bolnice\/","url":"https:\/\/www.electroluxprofessional.com\/hr\/briga\/bolnice\/","name":"Bolnice - Electrolux Professional Hrvatska","isPartOf":{"@id":"https:\/\/www.electroluxprofessional.com\/hr\/#website"},"datePublished":"2017-04-27T11:19:01+00:00","dateModified":"2025-11-06T13:28:47+00:00","breadcrumb":{"@id":"https:\/\/www.electroluxprofessional.com\/hr\/briga\/bolnice\/#breadcrumb"},"inLanguage":"hr","potentialAction":[{"@type":"ReadAction","target":["https:\/\/www.electroluxprofessional.com\/hr\/briga\/bolnice\/"]}]},{"@type":"BreadcrumbList","@id":"https:\/\/www.electroluxprofessional.com\/hr\/briga\/bolnice\/#breadcrumb","itemListElement":[{"@type":"ListItem","position":1,"name":"Po\u010detna stranica","item":"https:\/\/www.electroluxprofessional.com\/hr\/"},{"@type":"ListItem","position":2,"name":"Briga","item":"https:\/\/www.electroluxprofessional.com\/hr\/briga\/"},{"@type":"ListItem","position":3,"name":"Bolnice"}]},{"@type":"WebSite","@id":"https:\/\/www.electroluxprofessional.com\/hr\/#website","url":"https:\/\/www.electroluxprofessional.com\/hr\/","name":"Electrolux Professional Hrvatska","description":"","potentialAction":[{"@type":"SearchAction","target":{"@type":"EntryPoint","urlTemplate":"https:\/\/www.electroluxprofessional.com\/hr\/?src={search_term_string}"},"query-input":"required name=search_term_string"}],"inLanguage":"hr"}]}},"_links":{"self":[{"href":"https:\/\/www.electroluxprofessional.com\/hr\/wp-json\/wp\/v2\/pages\/2176"}],"collection":[{"href":"https:\/\/www.electroluxprofessional.com\/hr\/wp-json\/wp\/v2\/pages"}],"about":[{"href":"https:\/\/www.electroluxprofessional.com\/hr\/wp-json\/wp\/v2\/types\/page"}],"author":[{"embeddable":true,"href":"https:\/\/www.electroluxprofessional.com\/hr\/wp-json\/wp\/v2\/users\/4"}],"replies":[{"embeddable":true,"href":"https:\/\/www.electroluxprofessional.com\/hr\/wp-json\/wp\/v2\/comments?post=2176"}],"version-history":[{"count":8,"href":"https:\/\/www.electroluxprofessional.com\/hr\/wp-json\/wp\/v2\/pages\/2176\/revisions"}],"predecessor-version":[{"id":119000,"href":"https:\/\/www.electroluxprofessional.com\/hr\/wp-json\/wp\/v2\/pages\/2176\/revisions\/119000"}],"up":[{"embeddable":true,"href":"https:\/\/www.electroluxprofessional.com\/hr\/wp-json\/wp\/v2\/pages\/2119"}],"wp:attachment":[{"href":"https:\/\/www.electroluxprofessional.com\/hr\/wp-json\/wp\/v2\/media?parent=2176"}],"curies":[{"name":"wp","href":"https:\/\/api.w.org\/{rel}","templated":true}]}}