{"id":2151,"date":"2017-04-27T09:39:16","date_gmt":"2017-04-27T09:39:16","guid":{"rendered":"https:\/\/www.electroluxprofessional.com\/hr\/?page_id=2151"},"modified":"2025-11-06T13:18:00","modified_gmt":"2025-11-06T13:18:00","slug":"lanci-hotela","status":"publish","type":"page","link":"https:\/\/www.electroluxprofessional.com\/hr\/lanci-hotela\/","title":{"rendered":"Lanci hotela"},"content":{"rendered":"<p>[vc_row full_width=&#8221;electroluxpro-full-width-no-padding&#8221;][vc_column][elx_hero_slider label_text_color=&#8221;inherit&#8221; images=&#8221;1181&#8243;][elx_heading text_color=&#8221;orange&#8221; text_align=&#8221;text-left&#8221;]Gradimo va\u0161 lanac vrijednosti.<br \/>\nZajedno.<br \/>\n[\/elx_heading][\/elx_hero_slider][\/vc_column][\/vc_row][vc_row full_width=&#8221;electroluxpro-container-no-padding&#8221; full_height=&#8221;yes&#8221; parallax=&#8221;content-moving&#8221;][vc_column css=&#8221;.vc_custom_1472030236138{padding-top: 20px !important;}&#8221;][elx_heading font_container=&#8221;h1&#8243; font_size=&#8221;h3&#8243; text_color=&#8221;inherit&#8221; text_align=&#8221;text-center&#8221;]Electroluxovi posve\u0107eni<br \/>\ntimovi lanaca hotela<br \/>\nprepoznaju va\u0161u potrebu za dosljedno\u0161\u0107u.<br \/>\n[\/elx_heading][\/vc_column][\/vc_row][vc_row][vc_column width=&#8221;1\/2&#8243;][elx_simple_block background_color=&#8221;inherit&#8221;][vc_column_text drop_caps=&#8221;big-first-letter&#8221;]<\/p>\n<p style=\"text-align: left;\">Electrolux je ovdje da se pobrine da svaka kuhinja ili praonica unutar va\u0161eg brenda postigne jednaku razinu <strong>inovacije, odr\u017eivosti, sigurnosti i jednostavnosti.<\/strong><\/p>\n<p>Zahvaljuju\u0107i na\u0161em globalnom iskustvu i obvezi da te\u017eimo izvrsnosti te s va\u0161om ambicijom, zajedno mo\u017eemo izgraditi va\u0161 uspje\u0161ni lanac.[\/vc_column_text][\/elx_simple_block][\/vc_column][vc_column width=&#8221;1\/2&#8243;][elx_simple_block background_color=&#8221;inherit&#8221;][\/elx_simple_block][\/vc_column][\/vc_row][vc_row][vc_column][elx_heading text_color=&#8221;inherit&#8221; text_align=&#8221;text-center&#8221;]Kako stvaramo razliku?<br \/>\n[\/elx_heading][vc_empty_space height=&#8221;50px&#8221;][\/vc_column][\/vc_row][vc_row][vc_column width=&#8221;1\/2&#8243;][elx_simple_block background_color=&#8221;inherit&#8221;][vc_single_image image=&#8221;1888&#8243; img_size=&#8221;full&#8221; style=&#8221;vc_box_circle_2&#8243;][\/elx_simple_block][\/vc_column][vc_column width=&#8221;1\/2&#8243;][elx_simple_block background_color=&#8221;inherit&#8221;][vc_column_text drop_caps=&#8221;big-first-letter&#8221;]<\/p>\n<h3>Mandarin Oriental<\/h3>\n<p>Milano, Italija<\/p>\n<h4>Vrhunska rje\u0161enja, savr\u0161ena usluga.<\/h4>\n<p><strong>Kompletna oprema za kuhinje i praonice rublja.<\/strong><br \/>\nMandarin Oriental, ekskluzivni hotel u sredi\u0161tu Milana, prihvatit \u0107e samo inovativnu opremu najvi\u0161e razine.<br \/>\nIz tog razloga, Mandarin Oriental odabire Electrolux Professional rje\u0161enja za opremanje svojih \u010detiriju kuhinja i unutarnje praonice rublja.[\/vc_column_text][\/elx_simple_block][\/vc_column][\/vc_row][vc_row][vc_column width=&#8221;1\/2&#8243;][elx_simple_block background_color=&#8221;inherit&#8221;][vc_column_text drop_caps=&#8221;big-first-letter&#8221;]<\/p>\n<h3>Sofitel So<\/h3>\n<p>Singapur<\/p>\n<h4>Vrhunski luksuzni butik-hotel<\/h4>\n<p><em>\u201eMoja kuhinja je mjesto gdje se odvija moj profesionalni \u017eivot. Ovdje stvaram, improviziram i radim, <strong>a Molteni je najbolji \u0161tednjak koji postoji.<\/strong> Ovaj ure\u0111aj je najdragocjeniji aparat profesionalne klase za ukusne rezultate svaki put, najbolji je suradnik i na\u0161 najbolji prijatelj u restoranu.\u201c<\/em><br \/>\n<strong>Anne-Cecile Degenne<\/strong>, glavna kuharica[\/vc_column_text][\/elx_simple_block][\/vc_column][vc_column width=&#8221;1\/2&#8243;][elx_simple_block background_color=&#8221;inherit&#8221;][vc_single_image image=&#8221;435&#8243; img_size=&#8221;full&#8221; style=&#8221;vc_box_circle_2&#8243;][\/elx_simple_block][\/vc_column][\/vc_row][vc_row][vc_column width=&#8221;1\/2&#8243;][elx_simple_block background_color=&#8221;inherit&#8221;][vc_single_image image=&#8221;1184&#8243; img_size=&#8221;full&#8221; style=&#8221;vc_box_circle_2&#8243;][\/elx_simple_block][\/vc_column][vc_column width=&#8221;1\/2&#8243;][elx_simple_block background_color=&#8221;inherit&#8221;][vc_column_text drop_caps=&#8221;big-first-letter&#8221;]<\/p>\n<h3>Hiltom Bomonti Hotel<\/h3>\n<p>Istanbul<\/p>\n<p>\u201eUloga kuhara je da proizvede simfoniju okusa za gosta u svakom jelu na jelovniku. On je dirigent; njegova kuhinja je njegov orkestar i svaki dio stvoren je kao neophodni instrument za kuhanje, a svi obavljaju vitalnu ulogu za sudjelovanje u zavr\u0161nom remek-djelu.<br \/>\nZa kuhare u novom Hilton Bomonti Istanbul, najve\u0107em hotelu s pet zvjezdica i kongresnom centru u Turskoj, gastronomske simfonije inspirirane su Electrolux Professionalom.\u201c[\/vc_column_text][\/elx_simple_block][\/vc_column][\/vc_row][vc_row][vc_column width=&#8221;1\/2&#8243;][elx_simple_block background_color=&#8221;inherit&#8221;][vc_column_text drop_caps=&#8221;big-first-letter&#8221;]<\/p>\n<h3>Rome Cavalieri, Waldorf Astoria hoteli i odmarali\u0161ta<\/h3>\n<p>Rome, Italija<\/p>\n<p>Glavni kuhar Franco Verucci iz Rome Cavalieri bio je u potrazi za rje\u0161enjima koji bi bila u mogu\u0107nosti podnijeti i najzahtjevnije situacije dok bi u isto vrijeme pru\u017eala rezultate visoke kvalitete s maksimalnom u\u010dinkovito\u0161\u0107u. S obzirom da je morao upravljati s vi\u0161e kuhinja, kao i velikom recepcijom, pravi partner za posao bio je Electrolux Professional koji je bio u stanju pru\u017eiti savr\u0161eno rje\u0161enje kako bi mu poslovni \u017eivot bio lak\u0161i, a profitabilnost za hotele ve\u0107a.[\/vc_column_text][\/elx_simple_block][\/vc_column][vc_column width=&#8221;1\/2&#8243;][elx_simple_block background_color=&#8221;inherit&#8221;][vc_single_image image=&#8221;1287&#8243; img_size=&#8221;full&#8221; style=&#8221;vc_box_circle_2&#8243;][\/elx_simple_block][\/vc_column][\/vc_row][vc_row full_width=&#8221;electroluxpro-container-no-padding&#8221;][vc_column][vc_empty_space][elx_heading font_container=&#8221;h3&#8243; text_color=&#8221;inherit&#8221; text_align=&#8221;text-center&#8221;]Stvorimo zajedno dobitnu razmjenu energije!<br \/>\n[\/elx_heading][vc_empty_space height=&#8221;50px&#8221;][\/vc_column][\/vc_row][vc_row][vc_column width=&#8221;1\/2&#8243;][elx_simple_block background_color=&#8221;inherit&#8221;][elx_heading font_container=&#8221;h3&#8243; font_size=&#8221;h4&#8243; text_color=&#8221;inherit&#8221; text_align=&#8221;text-left&#8221;]Globalni R&amp;D tim: od uvida klijenata do izvrsnosti iznutra<br \/>\n[\/elx_heading][vc_column_text drop_caps=&#8221;big-first-letter&#8221;]Globalni R&amp;D tim iskori\u0161tava sinergiju preko sektora internog dizajna kako bi smanjio vrijeme izlaska na tr\u017ei\u0161te dok istovremeno istra\u017euje tr\u017ei\u0161te i tra\u017ei nove prilike.[\/vc_column_text][\/elx_simple_block][\/vc_column][vc_column width=&#8221;1\/2&#8243;][elx_simple_block background_color=&#8221;inherit&#8221;][elx_heading font_container=&#8221;h3&#8243; font_size=&#8221;h4&#8243; text_color=&#8221;inherit&#8221; text_align=&#8221;text-left&#8221;]Najra\u0161irenija mre\u017ea brige o kupcima na svijetu<br \/>\n[\/elx_heading][vc_column_text drop_caps=&#8221;big-first-letter&#8221;]Electrolux pru\u017ea najra\u0161ireniju mre\u017eu brige o kupcima na svijetu koja je u stanju zadovoljiti va\u0161e potrebe s razgranatom lokalnom prisutno\u0161\u0107u prije, tijekom i nakon kupnje.[\/vc_column_text][\/elx_simple_block][\/vc_column][\/vc_row][vc_row][vc_column][vc_empty_space height=&#8221;50px&#8221;][elx_heading font_size=&#8221;h2&#8243; text_color=&#8221;inherit&#8221;]Kontaktirajte na\u0161e stru\u010dnjake!<\/p>\n<p>[\/elx_heading][elx_o2000_contact_us r=&#8221;\u017delim saznati vi\u0161e o rje\u0161enjima za lance hotela. Molim da me kontaktirate.&#8221; s=&#8221;Request of information about solutions for hotel chains&#8221; country=&#8221;Croatia&#8221; l=&#8221;hr&#8221; container=&#8221;elxcontactus1472110569&#8243;][\/vc_column][\/vc_row]<\/p>\n","protected":false},"excerpt":{"rendered":"<p>[vc_row full_width=&#8221;electroluxpro-full-width-no-padding&#8221;][vc_column][elx_hero_slider label_text_color=&#8221;inherit&#8221; images=&#8221;1181&#8243;][elx_heading text_color=&#8221;orange&#8221; text_align=&#8221;text-left&#8221;]Gradimo va\u0161 lanac vrijednosti. Zajedno. [\/elx_heading][\/elx_hero_slider][\/vc_column][\/vc_row][vc_row full_width=&#8221;electroluxpro-container-no-padding&#8221; full_height=&#8221;yes&#8221; parallax=&#8221;content-moving&#8221;][vc_column css=&#8221;.vc_custom_1472030236138{padding-top: 20px !important;}&#8221;][elx_heading font_container=&#8221;h1&#8243; font_size=&#8221;h3&#8243; text_color=&#8221;inherit&#8221; text_align=&#8221;text-center&#8221;]Electroluxovi posve\u0107eni timovi lanaca hotela prepoznaju va\u0161u potrebu za dosljedno\u0161\u0107u. [\/elx_heading][\/vc_column][\/vc_row][vc_row][vc_column width=&#8221;1\/2&#8243;][elx_simple_block background_color=&#8221;inherit&#8221;][vc_column_text drop_caps=&#8221;big-first-letter&#8221;] Electrolux je ovdje da se pobrine da svaka kuhinja ili praonica unutar va\u0161eg brenda postigne jednaku razinu inovacije, odr\u017eivosti, sigurnosti i [&hellip;]<\/p>\n","protected":false},"author":4,"featured_media":0,"parent":0,"menu_order":0,"comment_status":"closed","ping_status":"closed","template":"","meta":{"footnotes":""},"class_list":["post-2151","page","type-page","status-publish","hentry"],"acf":[],"yoast_head":"<!-- This site is optimized with the Yoast SEO plugin v23.3 - https:\/\/yoast.com\/wordpress\/plugins\/seo\/ -->\n<title>Lanci hotela - Electrolux Professional Hrvatska<\/title>\n<meta name=\"robots\" content=\"index, follow, max-snippet:-1, max-image-preview:large, max-video-preview:-1\" \/>\n<link rel=\"canonical\" href=\"https:\/\/www.electroluxprofessional.com\/hr\/lanci-hotela\/\" \/>\n<meta property=\"og:locale\" content=\"hr_HR\" \/>\n<meta property=\"og:type\" content=\"article\" \/>\n<meta property=\"og:title\" content=\"Lanci hotela - Electrolux Professional Hrvatska\" \/>\n<meta property=\"og:description\" content=\"[vc_row full_width=&#8221;electroluxpro-full-width-no-padding&#8221;][vc_column][elx_hero_slider label_text_color=&#8221;inherit&#8221; images=&#8221;1181&#8243;][elx_heading text_color=&#8221;orange&#8221; text_align=&#8221;text-left&#8221;]Gradimo va\u0161 lanac vrijednosti. Zajedno. [\/elx_heading][\/elx_hero_slider][\/vc_column][\/vc_row][vc_row full_width=&#8221;electroluxpro-container-no-padding&#8221; full_height=&#8221;yes&#8221; parallax=&#8221;content-moving&#8221;][vc_column css=&#8221;.vc_custom_1472030236138{padding-top: 20px !important;}&#8221;][elx_heading font_container=&#8221;h1&#8243; font_size=&#8221;h3&#8243; text_color=&#8221;inherit&#8221; text_align=&#8221;text-center&#8221;]Electroluxovi posve\u0107eni timovi lanaca hotela prepoznaju va\u0161u potrebu za dosljedno\u0161\u0107u. [\/elx_heading][\/vc_column][\/vc_row][vc_row][vc_column width=&#8221;1\/2&#8243;][elx_simple_block background_color=&#8221;inherit&#8221;][vc_column_text drop_caps=&#8221;big-first-letter&#8221;] Electrolux je ovdje da se pobrine da svaka kuhinja ili praonica unutar va\u0161eg brenda postigne jednaku razinu inovacije, odr\u017eivosti, sigurnosti i [&hellip;]\" \/>\n<meta property=\"og:url\" content=\"https:\/\/www.electroluxprofessional.com\/hr\/lanci-hotela\/\" \/>\n<meta property=\"og:site_name\" content=\"Electrolux Professional Hrvatska\" \/>\n<meta property=\"article:modified_time\" content=\"2025-11-06T13:18:00+00:00\" \/>\n<meta name=\"twitter:card\" content=\"summary_large_image\" \/>\n<meta name=\"twitter:label1\" content=\"Procijenjeno vrijeme \u010ditanja\" \/>\n\t<meta name=\"twitter:data1\" content=\"3 minute\" \/>\n<script type=\"application\/ld+json\" class=\"yoast-schema-graph\">{\"@context\":\"https:\/\/schema.org\",\"@graph\":[{\"@type\":\"WebPage\",\"@id\":\"https:\/\/www.electroluxprofessional.com\/hr\/lanci-hotela\/\",\"url\":\"https:\/\/www.electroluxprofessional.com\/hr\/lanci-hotela\/\",\"name\":\"Lanci hotela - Electrolux Professional Hrvatska\",\"isPartOf\":{\"@id\":\"https:\/\/www.electroluxprofessional.com\/hr\/#website\"},\"datePublished\":\"2017-04-27T09:39:16+00:00\",\"dateModified\":\"2025-11-06T13:18:00+00:00\",\"breadcrumb\":{\"@id\":\"https:\/\/www.electroluxprofessional.com\/hr\/lanci-hotela\/#breadcrumb\"},\"inLanguage\":\"hr\",\"potentialAction\":[{\"@type\":\"ReadAction\",\"target\":[\"https:\/\/www.electroluxprofessional.com\/hr\/lanci-hotela\/\"]}]},{\"@type\":\"BreadcrumbList\",\"@id\":\"https:\/\/www.electroluxprofessional.com\/hr\/lanci-hotela\/#breadcrumb\",\"itemListElement\":[{\"@type\":\"ListItem\",\"position\":1,\"name\":\"Po\u010detna stranica\",\"item\":\"https:\/\/www.electroluxprofessional.com\/hr\/\"},{\"@type\":\"ListItem\",\"position\":2,\"name\":\"Lanci hotela\"}]},{\"@type\":\"WebSite\",\"@id\":\"https:\/\/www.electroluxprofessional.com\/hr\/#website\",\"url\":\"https:\/\/www.electroluxprofessional.com\/hr\/\",\"name\":\"Electrolux Professional Hrvatska\",\"description\":\"\",\"potentialAction\":[{\"@type\":\"SearchAction\",\"target\":{\"@type\":\"EntryPoint\",\"urlTemplate\":\"https:\/\/www.electroluxprofessional.com\/hr\/?src={search_term_string}\"},\"query-input\":\"required name=search_term_string\"}],\"inLanguage\":\"hr\"}]}<\/script>\n<!-- \/ Yoast SEO plugin. -->","yoast_head_json":{"title":"Lanci hotela - Electrolux Professional Hrvatska","robots":{"index":"index","follow":"follow","max-snippet":"max-snippet:-1","max-image-preview":"max-image-preview:large","max-video-preview":"max-video-preview:-1"},"canonical":"https:\/\/www.electroluxprofessional.com\/hr\/lanci-hotela\/","og_locale":"hr_HR","og_type":"article","og_title":"Lanci hotela - Electrolux Professional Hrvatska","og_description":"[vc_row full_width=&#8221;electroluxpro-full-width-no-padding&#8221;][vc_column][elx_hero_slider label_text_color=&#8221;inherit&#8221; images=&#8221;1181&#8243;][elx_heading text_color=&#8221;orange&#8221; text_align=&#8221;text-left&#8221;]Gradimo va\u0161 lanac vrijednosti. Zajedno. [\/elx_heading][\/elx_hero_slider][\/vc_column][\/vc_row][vc_row full_width=&#8221;electroluxpro-container-no-padding&#8221; full_height=&#8221;yes&#8221; parallax=&#8221;content-moving&#8221;][vc_column css=&#8221;.vc_custom_1472030236138{padding-top: 20px !important;}&#8221;][elx_heading font_container=&#8221;h1&#8243; font_size=&#8221;h3&#8243; text_color=&#8221;inherit&#8221; text_align=&#8221;text-center&#8221;]Electroluxovi posve\u0107eni timovi lanaca hotela prepoznaju va\u0161u potrebu za dosljedno\u0161\u0107u. [\/elx_heading][\/vc_column][\/vc_row][vc_row][vc_column width=&#8221;1\/2&#8243;][elx_simple_block background_color=&#8221;inherit&#8221;][vc_column_text drop_caps=&#8221;big-first-letter&#8221;] Electrolux je ovdje da se pobrine da svaka kuhinja ili praonica unutar va\u0161eg brenda postigne jednaku razinu inovacije, odr\u017eivosti, sigurnosti i [&hellip;]","og_url":"https:\/\/www.electroluxprofessional.com\/hr\/lanci-hotela\/","og_site_name":"Electrolux Professional Hrvatska","article_modified_time":"2025-11-06T13:18:00+00:00","twitter_card":"summary_large_image","twitter_misc":{"Procijenjeno vrijeme \u010ditanja":"3 minute"},"schema":{"@context":"https:\/\/schema.org","@graph":[{"@type":"WebPage","@id":"https:\/\/www.electroluxprofessional.com\/hr\/lanci-hotela\/","url":"https:\/\/www.electroluxprofessional.com\/hr\/lanci-hotela\/","name":"Lanci hotela - Electrolux Professional Hrvatska","isPartOf":{"@id":"https:\/\/www.electroluxprofessional.com\/hr\/#website"},"datePublished":"2017-04-27T09:39:16+00:00","dateModified":"2025-11-06T13:18:00+00:00","breadcrumb":{"@id":"https:\/\/www.electroluxprofessional.com\/hr\/lanci-hotela\/#breadcrumb"},"inLanguage":"hr","potentialAction":[{"@type":"ReadAction","target":["https:\/\/www.electroluxprofessional.com\/hr\/lanci-hotela\/"]}]},{"@type":"BreadcrumbList","@id":"https:\/\/www.electroluxprofessional.com\/hr\/lanci-hotela\/#breadcrumb","itemListElement":[{"@type":"ListItem","position":1,"name":"Po\u010detna stranica","item":"https:\/\/www.electroluxprofessional.com\/hr\/"},{"@type":"ListItem","position":2,"name":"Lanci hotela"}]},{"@type":"WebSite","@id":"https:\/\/www.electroluxprofessional.com\/hr\/#website","url":"https:\/\/www.electroluxprofessional.com\/hr\/","name":"Electrolux Professional Hrvatska","description":"","potentialAction":[{"@type":"SearchAction","target":{"@type":"EntryPoint","urlTemplate":"https:\/\/www.electroluxprofessional.com\/hr\/?src={search_term_string}"},"query-input":"required name=search_term_string"}],"inLanguage":"hr"}]}},"_links":{"self":[{"href":"https:\/\/www.electroluxprofessional.com\/hr\/wp-json\/wp\/v2\/pages\/2151"}],"collection":[{"href":"https:\/\/www.electroluxprofessional.com\/hr\/wp-json\/wp\/v2\/pages"}],"about":[{"href":"https:\/\/www.electroluxprofessional.com\/hr\/wp-json\/wp\/v2\/types\/page"}],"author":[{"embeddable":true,"href":"https:\/\/www.electroluxprofessional.com\/hr\/wp-json\/wp\/v2\/users\/4"}],"replies":[{"embeddable":true,"href":"https:\/\/www.electroluxprofessional.com\/hr\/wp-json\/wp\/v2\/comments?post=2151"}],"version-history":[{"count":5,"href":"https:\/\/www.electroluxprofessional.com\/hr\/wp-json\/wp\/v2\/pages\/2151\/revisions"}],"predecessor-version":[{"id":118987,"href":"https:\/\/www.electroluxprofessional.com\/hr\/wp-json\/wp\/v2\/pages\/2151\/revisions\/118987"}],"wp:attachment":[{"href":"https:\/\/www.electroluxprofessional.com\/hr\/wp-json\/wp\/v2\/media?parent=2151"}],"curies":[{"name":"wp","href":"https:\/\/api.w.org\/{rel}","templated":true}]}}