{"id":2129,"date":"2017-04-27T08:37:13","date_gmt":"2017-04-27T08:37:13","guid":{"rendered":"https:\/\/www.electroluxprofessional.com\/hr\/?page_id=2129"},"modified":"2025-11-06T13:20:37","modified_gmt":"2025-11-06T13:20:37","slug":"kantine-za-osoblje","status":"publish","type":"page","link":"https:\/\/www.electroluxprofessional.com\/hr\/kantine-za-osoblje\/","title":{"rendered":"Kantine za osoblje"},"content":{"rendered":"<p>[vc_row full_width=&#8221;electroluxpro-full-width-no-padding&#8221; equal_height=&#8221;yes&#8221;][vc_column reveal_effect=&#8221;&#8221; width=&#8221;1\/2&#8243;][elx_citation name=&#8221;Gosp. Ramesh Palagiri, glavni izvr\u0161ni i generalni direktor<br \/>\ni g\u0111a Maithili Bhojwani, administratorica&#8221; company=&#8221;Wirtgen Grupa &#8211; Pune, Indija&#8221;][elx_heading font_container=&#8221;h1&#8243; font_size=&#8221;h2&#8243; text_color=&#8221;inherit&#8221;]\u201eSmatramo se iznimno sretnima \u0161to mo\u017eemo raditi Electroluxovom opremom svjetske klase koja nam nije samo pru\u017eila udobnost i osje\u0107aj luksuznog prostora nego mo\u017eemo \u010dak i odr\u017eavati me\u0111unarodne standarde \u010disto\u0107e i higijene u svojim kuhinjama. Ponosni smo \u0161to sura\u0111ujemo s tvrtkom svjetske klase kao \u0161to je Electrolux.\u201c<br \/>\n[\/elx_heading][\/elx_citation][\/vc_column][vc_column reveal_effect=&#8221;&#8221; width=&#8221;1\/2&#8243;][elx_image_block background_image=&#8221;478&#8243; minimum_height=&#8221;700px&#8221;][\/vc_column][\/vc_row][vc_row][vc_column][vc_empty_space height=&#8221;50px&#8221;][elx_heading font_container=&#8221;h1&#8243; font_size=&#8221;h2&#8243; text_color=&#8221;inherit&#8221; text_align=&#8221;text-center&#8221;]Kantine za osoblje[\/elx_heading][vc_empty_space height=&#8221;50px&#8221;][\/vc_column][\/vc_row][vc_row][vc_column][\/vc_column][\/vc_row][vc_row full_width=&#8221;electroluxpro-full-width-no-padding&#8221; equal_height=&#8221;yes&#8221; css=&#8221;.vc_custom_1465551113072{background-color: #edeff2 !important;}&#8221;][vc_column width=&#8221;1\/2&#8243;][elx_simple_block background_color=&#8221;inherit&#8221;][vc_column_text][\/vc_column_text][elx_heading font_size=&#8221;h2&#8243; text_color=&#8221;inherit&#8221;]GAI Industrie Spa<br \/>\n[\/elx_heading][elx_heading font_size=&#8221;h4&#8243; text_color=&#8221;inherit&#8221;]Cuneo, Italija<br \/>\n[\/elx_heading][vc_column_text]Kompleksnost postavljanja zahtijevala je kori\u0161tenje dizalice kako bi se oprema postavila na 2. i 3. kat zgrade za kantinu. Posebnost ove kuhinje zasigurno je manjak pravih zidova: zapravo, na sve \u010detiri strane nalaze se veliki prozori koji vam omogu\u0107avaju da u bilo koje vrijeme promatrate kuhare.<\/p>\n<p>Svi hladnjaci imaju staklena vrata, sinonim stila i dobre organizacije posla. U sredini kuhinje nalazi se dio s thermaline modularnim paketom za kuhanje, vrh asortimana Electrolux Professionala.[\/vc_column_text][\/elx_simple_block][\/vc_column][vc_column width=&#8221;1\/2&#8243;][vc_single_image image=&#8221;490&#8243; img_size=&#8221;full&#8221;][\/vc_column][\/vc_row][vc_row full_width=&#8221;electroluxpro-full-width-no-padding&#8221; equal_height=&#8221;yes&#8221; css=&#8221;.vc_custom_1465551113072{background-color: #edeff2 !important;}&#8221;][vc_column width=&#8221;1\/2&#8243;][vc_single_image image=&#8221;479&#8243; img_size=&#8221;full&#8221; alignment=&#8221;right&#8221;][\/vc_column][vc_column width=&#8221;1\/2&#8243;][elx_simple_block background_color=&#8221;inherit&#8221;][vc_column_text][\/vc_column_text][elx_heading font_size=&#8221;h2&#8243; text_color=&#8221;inherit&#8221;]Wirtgen Grupa<br \/>\n[\/elx_heading][elx_heading font_size=&#8221;h4&#8243; text_color=&#8221;inherit&#8221;]Pune, Indija[\/elx_heading][vc_column_text]Njema\u010dki proizvo\u0111a\u010d opreme za graditeljstvo Wirten Grupa vode\u0107i je na tr\u017ei\u0161tu izgradnje cesta i opreme za sanaciju cesta te ima vrhunsko postrojenje u Puneu, Indiji, njihovu tre\u0107em postrojenju izvan Njema\u010dke.<\/p>\n<p>Njihove komercijalne kuhinje s visokim stupnjem proizvodnje za obroke osoblja u potpunosti su opremljene Electrolux Professional ure\u0111ajima.<\/p>\n<p><em>\u201e&#8230; ovo je tako\u0111er pove\u0107alo u\u010dinkovitost na\u0161eg osoblja i drasti\u010dno smanjilo tro\u0161ak energije te ih jo\u0161 vi\u0161e izlo\u017eilo novim standardima u komercijalnom kuhanju.\u201c<\/em><\/p>\n<p><strong>Kuhar Deepak<\/strong>[\/vc_column_text][\/elx_simple_block][\/vc_column][\/vc_row][vc_row][vc_column][vc_empty_space height=&#8221;50px&#8221;][\/vc_column][\/vc_row][vc_row][vc_column][elx_heading font_size=&#8221;h3&#8243; text_color=&#8221;inherit&#8221; text_align=&#8221;text-center&#8221;]Na\u0161a tri vrhunska rje\u0161enja za kantine za osoblje<\/p>\n<p>[\/elx_heading][\/vc_column][\/vc_row][vc_row css=&#8221;.vc_custom_1465550821993{padding-top: 20px !important;padding-bottom: 20px !important;background-color: #f7f6f6 !important;}&#8221;][vc_column width=&#8221;1\/3&#8243;][vc_single_image image=&#8221;748&#8243; img_size=&#8221;full&#8221; alignment=&#8221;center&#8221;][elx_heading font_container=&#8221;h3&#8243; text_color=&#8221;inherit&#8221; text_align=&#8221;text-left&#8221;]therma<em>line<\/em><br \/>\n[\/elx_heading][vc_column_text]<\/p>\n<ul>\n<li>U\u0161tedite do 60 % tro\u0161kova energije, a istovremeno pove\u0107ajte radni u\u010dinak thermaline premium kuharskim asortimanom.<\/li>\n<li>Indukcijska plo\u010da za kuhanje na cijeloj povr\u0161ini \u010dini istovremeno pripremanje vi\u0161e namirnica lak\u0161im nego ikada prije.<\/li>\n<\/ul>\n<p>[\/vc_column_text][elx_button button_text=&#8221;thermaline&#8221; button_style=&#8221;icon&#8221; button_link=&#8221;url:https%3A%2F%2Fwww.electroluxprofessional.com%2Fhr%2Fthermaline-rjesenja%2F|title:thermaline||&#8221;][\/vc_column][vc_column width=&#8221;1\/3&#8243;][vc_single_image image=&#8221;749&#8243; img_size=&#8221;large&#8221; alignment=&#8221;center&#8221;][elx_heading font_container=&#8221;h3&#8243; text_color=&#8221;inherit&#8221; text_align=&#8221;text-center&#8221;]Kuhanje i hla\u0111enje<br \/>\n[\/elx_heading][vc_column_text]<\/p>\n<ul>\n<li>Kuhajte na ekolo\u0161ki na\u010din Touchline air-o-steamom, trenuta\u010dno najboljom kombiniranom pe\u0107nicom na tr\u017ei\u0161tu.<\/li>\n<li>Fleksibilniji izbornici, ekonomi\u010dniji i aerodinami\u010dniji radni procesi, manje otpada s u\u0161tedom vremena i energije.<\/li>\n<\/ul>\n<p>[\/vc_column_text][elx_button button_text=&#8221;Kuhanje i hla\u0111enje&#8221; button_style=&#8221;icon&#8221; button_link=&#8221;url:https%3A%2F%2Fwww.electroluxprofessional.com%2Fhr%2Fkuhinjska-oprema%2Fcook-and-chill%2F|title:Cook%20and%20Chill||&#8221;][\/vc_column][vc_column width=&#8221;1\/3&#8243;][vc_single_image image=&#8221;750&#8243; img_size=&#8221;large&#8221;][elx_heading font_container=&#8221;h3&#8243; text_color=&#8221;inherit&#8221; text_align=&#8221;text-center&#8221;]Rashla\u0111ivanje<br \/>\n[\/elx_heading][vc_column_text]<\/p>\n<ul>\n<li>Neka va\u0161a hrana ostane hladna u ecostore rashladnim ormari\u0107ima, energetskom u\u010dinkovito\u0161\u0107u najboljim u klasi.<\/li>\n<li>Neka va\u0161a kuhinja bude odr\u017eivija i produktivnija.<\/li>\n<\/ul>\n<p>[\/vc_column_text][elx_button button_text=&#8221;Rashla\u0111ivanje&#8221; button_style=&#8221;icon&#8221; button_link=&#8221;url:https%3A%2F%2Fwww.electroluxprofessional.com%2Fhr%2Fhladnjaci-i-zamrzivaci%2F|title:Refrigeration%20equipment||&#8221;][\/vc_column][\/vc_row][vc_row][vc_column][elx_heading text_color=&#8221;inherit&#8221;]Otkrijte \u0161to Electrolux Professional mo\u017ee u\u010diniti za va\u0161e poslovanje!<br \/>\n[\/elx_heading][elx_o2000_contact_us r=&#8221;\u017delim saznati vi\u0161e o rje\u0161enjima za kantine za osoblje.&#8221; s=&#8221;Zahtjev za informacijama o rje\u0161enjima za kantine za osoblje.&#8221; country=&#8221;Croatia&#8221; l=&#8221;hr&#8221; container=&#8221;elxcontactus1466430938&#8243;][\/vc_column][\/vc_row]<\/p>\n","protected":false},"excerpt":{"rendered":"<p>[vc_row full_width=&#8221;electroluxpro-full-width-no-padding&#8221; equal_height=&#8221;yes&#8221;][vc_column reveal_effect=&#8221;&#8221; width=&#8221;1\/2&#8243;][elx_citation name=&#8221;Gosp. Ramesh Palagiri, glavni izvr\u0161ni i generalni direktor i g\u0111a Maithili Bhojwani, administratorica&#8221; company=&#8221;Wirtgen Grupa &#8211; Pune, Indija&#8221;][elx_heading font_container=&#8221;h1&#8243; font_size=&#8221;h2&#8243; text_color=&#8221;inherit&#8221;]\u201eSmatramo se iznimno sretnima \u0161to mo\u017eemo raditi Electroluxovom opremom svjetske klase koja nam nije samo pru\u017eila udobnost i osje\u0107aj luksuznog prostora nego mo\u017eemo \u010dak i odr\u017eavati me\u0111unarodne standarde \u010disto\u0107e i [&hellip;]<\/p>\n","protected":false},"author":4,"featured_media":0,"parent":0,"menu_order":0,"comment_status":"closed","ping_status":"closed","template":"","meta":{"footnotes":""},"class_list":["post-2129","page","type-page","status-publish","hentry"],"acf":[],"yoast_head":"<!-- This site is optimized with the Yoast SEO plugin v23.3 - https:\/\/yoast.com\/wordpress\/plugins\/seo\/ -->\n<title>Kantine za osoblje - Electrolux Professional Hrvatska<\/title>\n<meta name=\"robots\" content=\"index, follow, max-snippet:-1, max-image-preview:large, max-video-preview:-1\" \/>\n<link rel=\"canonical\" href=\"https:\/\/www.electroluxprofessional.com\/hr\/kantine-za-osoblje\/\" \/>\n<meta property=\"og:locale\" content=\"hr_HR\" \/>\n<meta property=\"og:type\" content=\"article\" \/>\n<meta property=\"og:title\" content=\"Kantine za osoblje - Electrolux Professional Hrvatska\" \/>\n<meta property=\"og:description\" content=\"[vc_row full_width=&#8221;electroluxpro-full-width-no-padding&#8221; equal_height=&#8221;yes&#8221;][vc_column reveal_effect=&#8221;&#8221; width=&#8221;1\/2&#8243;][elx_citation name=&#8221;Gosp. Ramesh Palagiri, glavni izvr\u0161ni i generalni direktor i g\u0111a Maithili Bhojwani, administratorica&#8221; company=&#8221;Wirtgen Grupa &#8211; Pune, Indija&#8221;][elx_heading font_container=&#8221;h1&#8243; font_size=&#8221;h2&#8243; text_color=&#8221;inherit&#8221;]\u201eSmatramo se iznimno sretnima \u0161to mo\u017eemo raditi Electroluxovom opremom svjetske klase koja nam nije samo pru\u017eila udobnost i osje\u0107aj luksuznog prostora nego mo\u017eemo \u010dak i odr\u017eavati me\u0111unarodne standarde \u010disto\u0107e i [&hellip;]\" \/>\n<meta property=\"og:url\" content=\"https:\/\/www.electroluxprofessional.com\/hr\/kantine-za-osoblje\/\" \/>\n<meta property=\"og:site_name\" content=\"Electrolux Professional Hrvatska\" \/>\n<meta property=\"article:modified_time\" content=\"2025-11-06T13:20:37+00:00\" \/>\n<meta name=\"twitter:card\" content=\"summary_large_image\" \/>\n<meta name=\"twitter:label1\" content=\"Procijenjeno vrijeme \u010ditanja\" \/>\n\t<meta name=\"twitter:data1\" content=\"3 minute\" \/>\n<script type=\"application\/ld+json\" class=\"yoast-schema-graph\">{\"@context\":\"https:\/\/schema.org\",\"@graph\":[{\"@type\":\"WebPage\",\"@id\":\"https:\/\/www.electroluxprofessional.com\/hr\/kantine-za-osoblje\/\",\"url\":\"https:\/\/www.electroluxprofessional.com\/hr\/kantine-za-osoblje\/\",\"name\":\"Kantine za osoblje - Electrolux Professional Hrvatska\",\"isPartOf\":{\"@id\":\"https:\/\/www.electroluxprofessional.com\/hr\/#website\"},\"datePublished\":\"2017-04-27T08:37:13+00:00\",\"dateModified\":\"2025-11-06T13:20:37+00:00\",\"breadcrumb\":{\"@id\":\"https:\/\/www.electroluxprofessional.com\/hr\/kantine-za-osoblje\/#breadcrumb\"},\"inLanguage\":\"hr\",\"potentialAction\":[{\"@type\":\"ReadAction\",\"target\":[\"https:\/\/www.electroluxprofessional.com\/hr\/kantine-za-osoblje\/\"]}]},{\"@type\":\"BreadcrumbList\",\"@id\":\"https:\/\/www.electroluxprofessional.com\/hr\/kantine-za-osoblje\/#breadcrumb\",\"itemListElement\":[{\"@type\":\"ListItem\",\"position\":1,\"name\":\"Po\u010detna stranica\",\"item\":\"https:\/\/www.electroluxprofessional.com\/hr\/\"},{\"@type\":\"ListItem\",\"position\":2,\"name\":\"Kantine za osoblje\"}]},{\"@type\":\"WebSite\",\"@id\":\"https:\/\/www.electroluxprofessional.com\/hr\/#website\",\"url\":\"https:\/\/www.electroluxprofessional.com\/hr\/\",\"name\":\"Electrolux Professional Hrvatska\",\"description\":\"\",\"potentialAction\":[{\"@type\":\"SearchAction\",\"target\":{\"@type\":\"EntryPoint\",\"urlTemplate\":\"https:\/\/www.electroluxprofessional.com\/hr\/?src={search_term_string}\"},\"query-input\":\"required name=search_term_string\"}],\"inLanguage\":\"hr\"}]}<\/script>\n<!-- \/ Yoast SEO plugin. -->","yoast_head_json":{"title":"Kantine za osoblje - Electrolux Professional Hrvatska","robots":{"index":"index","follow":"follow","max-snippet":"max-snippet:-1","max-image-preview":"max-image-preview:large","max-video-preview":"max-video-preview:-1"},"canonical":"https:\/\/www.electroluxprofessional.com\/hr\/kantine-za-osoblje\/","og_locale":"hr_HR","og_type":"article","og_title":"Kantine za osoblje - Electrolux Professional Hrvatska","og_description":"[vc_row full_width=&#8221;electroluxpro-full-width-no-padding&#8221; equal_height=&#8221;yes&#8221;][vc_column reveal_effect=&#8221;&#8221; width=&#8221;1\/2&#8243;][elx_citation name=&#8221;Gosp. Ramesh Palagiri, glavni izvr\u0161ni i generalni direktor i g\u0111a Maithili Bhojwani, administratorica&#8221; company=&#8221;Wirtgen Grupa &#8211; Pune, Indija&#8221;][elx_heading font_container=&#8221;h1&#8243; font_size=&#8221;h2&#8243; text_color=&#8221;inherit&#8221;]\u201eSmatramo se iznimno sretnima \u0161to mo\u017eemo raditi Electroluxovom opremom svjetske klase koja nam nije samo pru\u017eila udobnost i osje\u0107aj luksuznog prostora nego mo\u017eemo \u010dak i odr\u017eavati me\u0111unarodne standarde \u010disto\u0107e i [&hellip;]","og_url":"https:\/\/www.electroluxprofessional.com\/hr\/kantine-za-osoblje\/","og_site_name":"Electrolux Professional Hrvatska","article_modified_time":"2025-11-06T13:20:37+00:00","twitter_card":"summary_large_image","twitter_misc":{"Procijenjeno vrijeme \u010ditanja":"3 minute"},"schema":{"@context":"https:\/\/schema.org","@graph":[{"@type":"WebPage","@id":"https:\/\/www.electroluxprofessional.com\/hr\/kantine-za-osoblje\/","url":"https:\/\/www.electroluxprofessional.com\/hr\/kantine-za-osoblje\/","name":"Kantine za osoblje - Electrolux Professional Hrvatska","isPartOf":{"@id":"https:\/\/www.electroluxprofessional.com\/hr\/#website"},"datePublished":"2017-04-27T08:37:13+00:00","dateModified":"2025-11-06T13:20:37+00:00","breadcrumb":{"@id":"https:\/\/www.electroluxprofessional.com\/hr\/kantine-za-osoblje\/#breadcrumb"},"inLanguage":"hr","potentialAction":[{"@type":"ReadAction","target":["https:\/\/www.electroluxprofessional.com\/hr\/kantine-za-osoblje\/"]}]},{"@type":"BreadcrumbList","@id":"https:\/\/www.electroluxprofessional.com\/hr\/kantine-za-osoblje\/#breadcrumb","itemListElement":[{"@type":"ListItem","position":1,"name":"Po\u010detna stranica","item":"https:\/\/www.electroluxprofessional.com\/hr\/"},{"@type":"ListItem","position":2,"name":"Kantine za osoblje"}]},{"@type":"WebSite","@id":"https:\/\/www.electroluxprofessional.com\/hr\/#website","url":"https:\/\/www.electroluxprofessional.com\/hr\/","name":"Electrolux Professional Hrvatska","description":"","potentialAction":[{"@type":"SearchAction","target":{"@type":"EntryPoint","urlTemplate":"https:\/\/www.electroluxprofessional.com\/hr\/?src={search_term_string}"},"query-input":"required name=search_term_string"}],"inLanguage":"hr"}]}},"_links":{"self":[{"href":"https:\/\/www.electroluxprofessional.com\/hr\/wp-json\/wp\/v2\/pages\/2129"}],"collection":[{"href":"https:\/\/www.electroluxprofessional.com\/hr\/wp-json\/wp\/v2\/pages"}],"about":[{"href":"https:\/\/www.electroluxprofessional.com\/hr\/wp-json\/wp\/v2\/types\/page"}],"author":[{"embeddable":true,"href":"https:\/\/www.electroluxprofessional.com\/hr\/wp-json\/wp\/v2\/users\/4"}],"replies":[{"embeddable":true,"href":"https:\/\/www.electroluxprofessional.com\/hr\/wp-json\/wp\/v2\/comments?post=2129"}],"version-history":[{"count":13,"href":"https:\/\/www.electroluxprofessional.com\/hr\/wp-json\/wp\/v2\/pages\/2129\/revisions"}],"predecessor-version":[{"id":118991,"href":"https:\/\/www.electroluxprofessional.com\/hr\/wp-json\/wp\/v2\/pages\/2129\/revisions\/118991"}],"wp:attachment":[{"href":"https:\/\/www.electroluxprofessional.com\/hr\/wp-json\/wp\/v2\/media?parent=2129"}],"curies":[{"name":"wp","href":"https:\/\/api.w.org\/{rel}","templated":true}]}}