{"id":2117,"date":"2017-04-27T08:16:21","date_gmt":"2017-04-27T08:16:21","guid":{"rendered":"https:\/\/www.electroluxprofessional.com\/hr\/?page_id=2117"},"modified":"2025-11-06T13:17:49","modified_gmt":"2025-11-06T13:17:49","slug":"hoteli","status":"publish","type":"page","link":"https:\/\/www.electroluxprofessional.com\/hr\/vas-posao\/hoteli\/","title":{"rendered":"Hoteli"},"content":{"rendered":"<p>[vc_row full_width=&#8221;electroluxpro-full-width-no-padding&#8221; equal_height=&#8221;yes&#8221;][vc_column reveal_effect=&#8221;&#8221; width=&#8221;1\/2&#8243;][elx_citation name=&#8221;Davinder Kumar, potpredsjednik F&amp;B produkcije i glavni kuhar u Le M\u00e9ridienu&#8221; company=&#8221;New Delhi, Indija&#8221;][elx_heading font_container=&#8221;h1&#8243; font_size=&#8221;h2&#8243; text_color=&#8221;inherit&#8221;]\u201cElectrolux Professional pru\u017ea kompletna rje\u0161enja. Ovo je velika prednost za budu\u0107e kuhare jer im to omogu\u0107ava da najbolje iskoriste stru\u010dnost tvrtke.\u201d<br \/>\n[\/elx_heading][\/elx_citation][\/vc_column][vc_column reveal_effect=&#8221;&#8221; width=&#8221;1\/2&#8243;][elx_image_block background_image=&#8221;452&#8243; minimum_height=&#8221;700px&#8221;][\/vc_column][\/vc_row][vc_row][vc_column][elx_heading text_color=&#8221;inherit&#8221;]<\/p>\n<p style=\"text-align: center;\"><span style=\"color: #bed143;\">Hoteli<br \/>\n<\/span><\/p>\n<p>[\/elx_heading][\/vc_column][\/vc_row][vc_row][vc_column][vc_empty_space height=&#8221;50px&#8221;][\/vc_column][\/vc_row][vc_row full_width=&#8221;electroluxpro-full-width-no-padding&#8221; equal_height=&#8221;yes&#8221; css=&#8221;.vc_custom_1465551113072{background-color: #edeff2 !important;}&#8221;][vc_column width=&#8221;1\/2&#8243;][elx_simple_block background_color=&#8221;inherit&#8221;][vc_column_text]<\/p>\n<h3 style=\"text-align: left;\">Znate li da usluga od pet zvjezdica ne mora proizvoditi otpad?<\/h3>\n<p>[\/vc_column_text][vc_column_text]<\/p>\n<p>\u0160to god je va\u0161oj kuhinji potrebno, Electrolux Professional ima sveobuhvatna rje\u0161enja koja vam mogu podignuti produktivnost i odr\u017eivost.<\/p>\n<p><strong>Mislimo i na lance hotela i na neovisne hotele.<br \/>\n<\/strong>.<\/p>\n<p>[\/vc_column_text][\/elx_simple_block][\/vc_column][vc_column width=&#8221;1\/2&#8243;][elx_image_block background_image=&#8221;746&#8243; minimum_height=&#8221;600px&#8221;][\/vc_column][\/vc_row][vc_row full_width=&#8221;electroluxpro-full-width-no-padding&#8221; equal_height=&#8221;yes&#8221; css=&#8221;.vc_custom_1465563192639{background-color: #edeff2 !important;}&#8221;][vc_column width=&#8221;1\/2&#8243;][elx_image_block background_image=&#8221;747&#8243; minimum_height=&#8221;600px&#8221;][\/vc_column][vc_column width=&#8221;1\/2&#8243;][elx_simple_block background_color=&#8221;inherit&#8221;][vc_column_text]<\/p>\n<h3 style=\"text-align: left;\">Znate li \u0161to je najva\u017enije za va\u0161e goste u hotelu?<\/h3>\n<p>[\/vc_column_text][vc_column_text]<\/p>\n<p>Posljednja industrijska istra\u017eivanja pokazuju:<\/p>\n<ul>\n<li>99 % ispitanika smatra da su kvalitetna posteljina i ru\u010dnici od iznimne va\u017enosti<\/li>\n<li>96 % je reklo da se ne bi vratilo u hotel ako su ru\u010dnici ili posteljina lo\u0161e kvalitete ili uprljani.<\/li>\n<\/ul>\n<p>emojte da se to dogodi vama, preuzmite kontrolu i osigurajte higijenu i \u010disto\u0107u privatnom praonicom rublja iz Electrolux Professionala.<\/p>\n<p>[\/vc_column_text][\/elx_simple_block][\/vc_column][\/vc_row][vc_row equal_height=&#8221;yes&#8221; content_placement=&#8221;middle&#8221; css=&#8221;.vc_custom_1493283977252{padding-top: 50px !important;}&#8221;][vc_column width=&#8221;1\/3&#8243;][elx_image_block background_image=&#8221;1942&#8243; minimum_height=&#8221;300px&#8221;][\/vc_column][vc_column width=&#8221;1\/3&#8243; css=&#8221;.vc_custom_1493284234771{background-position: center !important;background-repeat: no-repeat !important;background-size: cover !important;}&#8221;][elx_simple_block text_align=&#8221;text-center&#8221; text_color=&#8221;white&#8221; background_color=&#8221;electrolux-blue&#8221;][elx_heading text_color=&#8221;white&#8221; text_align=&#8221;text-center&#8221;]Lanci[\/elx_heading][vc_column_text]<\/p>\n<p style=\"text-align: center;\">Kako stvaramo razliku?<\/p>\n<p>[\/vc_column_text][elx_button button_text=&#8221;Rije\u0161enja za hranu i rublje&#8221; button_link=&#8221;url:https%3A%2F%2Fwww.electroluxprofessional.com%2Fhr%2Flanci-hotela%2F|||&#8221; css=&#8221;.vc_custom_1595925612726{margin-bottom: 10px !important;}&#8221;][\/elx_simple_block][\/vc_column][vc_column width=&#8221;1\/3&#8243;][elx_image_block background_image=&#8221;1268&#8243; minimum_height=&#8221;300px&#8221;][\/vc_column][\/vc_row][vc_row][vc_column][elx_heading font_size=&#8221;h3&#8243; text_color=&#8221;inherit&#8221;]<\/p>\n<p style=\"text-align: center;\">Na\u0161a rje\u0161enja za kuhinju va\u0161eg hotela<\/p>\n<p>[\/elx_heading][\/vc_column][\/vc_row][vc_row css=&#8221;.vc_custom_1465550821993{padding-top: 20px !important;padding-bottom: 20px !important;background-color: #f7f6f6 !important;}&#8221;][vc_column width=&#8221;1\/3&#8243;][vc_single_image image=&#8221;748&#8243; img_size=&#8221;full&#8221; alignment=&#8221;center&#8221;][elx_heading font_container=&#8221;h3&#8243; text_color=&#8221;inherit&#8221; text_align=&#8221;text-left&#8221;]therma<em>line<\/em><br \/>\n[\/elx_heading][vc_column_text]<\/p>\n<ul>\n<li>U\u0161tedite do 60 % tro\u0161kova energije, a istovremeno pove\u0107ajte radni u\u010dinak therma<em>line<\/em> premium kuharskim asortimanom.<\/li>\n<li>Indukcijska plo\u010da za kuhanje na cijeloj povr\u0161ini \u010dini istovremeno pripremanje vi\u0161e namirnica lak\u0161im nego ikada prije.<\/li>\n<\/ul>\n<p>[\/vc_column_text][elx_button button_text=&#8221;thermaline&#8221; button_style=&#8221;icon&#8221; button_link=&#8221;url:https%3A%2F%2Fwww.electroluxprofessional.com%2Fhr%2Fthermaline-rjesenja%2F|title:thermaline||&#8221;][\/vc_column][vc_column width=&#8221;1\/3&#8243;][vc_single_image image=&#8221;749&#8243; img_size=&#8221;large&#8221; alignment=&#8221;center&#8221;][elx_heading font_container=&#8221;h3&#8243; text_color=&#8221;inherit&#8221; text_align=&#8221;text-center&#8221;]Kuhanje i hla\u0111enje[\/elx_heading][vc_column_text]<\/p>\n<ul>\n<li>Kuhajte na ekolo\u0161ki na\u010din Touchline air-o-steamom, trenuta\u010dno najboljom kombiniranom pe\u0107nicom na tr\u017ei\u0161tu.<\/li>\n<li>Fleksibilniji izbornici, ekonomi\u010dniji i aerodinami\u010dniji radni procesi, manje otpada s u\u0161tedom vremena, tro\u0161kova i energije.<\/li>\n<\/ul>\n<p>[\/vc_column_text][elx_button button_text=&#8221;Kuhanje i hla\u0111enje&#8221; button_style=&#8221;icon&#8221; button_link=&#8221;url:https%3A%2F%2Fwww.electroluxprofessional.com%2Fhr%2Fkuhinjska-oprema%2Fcook-and-chill%2F|title:Cook%20and%20Chill||&#8221;][\/vc_column][vc_column width=&#8221;1\/3&#8243;][vc_single_image image=&#8221;750&#8243; img_size=&#8221;large&#8221;][elx_heading font_container=&#8221;h3&#8243; text_color=&#8221;inherit&#8221; text_align=&#8221;text-center&#8221;]Rashla\u0111ivanje<br \/>\n[\/elx_heading][vc_column_text]<\/p>\n<ul>\n<li>Neka va\u0161a hrana ostane hladna u ecostore rashladnim ormari\u0107ima, najboljom energetskom u\u010dinkovito\u0161\u0107u u klasi.<\/li>\n<li>Neka va\u0161a kuhinja bude odr\u017eivija i produktivnija!<\/li>\n<\/ul>\n<p>[\/vc_column_text][elx_button button_text=&#8221;Rashla\u0111ivanje&#8221; button_style=&#8221;icon&#8221; button_link=&#8221;url:https%3A%2F%2Fwww.electroluxprofessional.com%2Fhr%2Fkuhinjska-oprema%2Fhladnjaci-i-zamrzivaci%2F|title:Refrigeration%20equipment||&#8221;][\/vc_column][\/vc_row][vc_row][vc_column][elx_heading font_size=&#8221;h3&#8243; text_color=&#8221;inherit&#8221;]<\/p>\n<p style=\"text-align: center;\">Za\u0161to je hotelu potrebna vlastita praonica rublja<\/p>\n<p>[\/elx_heading][\/vc_column][\/vc_row][vc_row][vc_column][vc_empty_space height=&#8221;50px&#8221;][\/vc_column][\/vc_row][vc_row][vc_column width=&#8221;1\/3&#8243;][vc_single_image image=&#8221;751&#8243; img_size=&#8221;full&#8221; css=&#8221;.vc_custom_1465554828866{border-radius: 35px !important;}&#8221;][elx_heading font_container=&#8221;h3&#8243; text_color=&#8221;inherit&#8221;]<\/p>\n<p style=\"text-align: center;\">Vrhunska \u010disto\u0107a<\/p>\n<p>[\/elx_heading][vc_column_text]<\/p>\n<ul>\n<li>Vrhunska \u010disto\u0107a i higijena, zahvaljuju\u0107i posebnim programima i procesima pranja,<\/li>\n<li>pru\u017eaju vam potpunu kontrolu nad postupcima i tro\u0161kovima.<\/li>\n<\/ul>\n<p>[\/vc_column_text][\/vc_column][vc_column width=&#8221;1\/3&#8243;][vc_single_image image=&#8221;752&#8243; img_size=&#8221;full&#8221;][elx_heading font_container=&#8221;h3&#8243; text_color=&#8221;inherit&#8221;]<\/p>\n<p style=\"text-align: center;\">Precizna kontrola<\/p>\n<p>[\/elx_heading][vc_column_text]<\/p>\n<ul>\n<li>Precizna kontrola higijene i tro\u0161kova uz informacijski sustav Certus Management.<\/li>\n<li>Do 50 % manji teku\u0107i tro\u0161kovi uz sustav automatske u\u0161tede i tehnologiju toplinske crpke.<\/li>\n<\/ul>\n<p>[\/vc_column_text][\/vc_column][vc_column width=&#8221;1\/3&#8243;][vc_single_image image=&#8221;753&#8243; img_size=&#8221;full&#8221;][elx_heading font_container=&#8221;h3&#8243; text_color=&#8221;inherit&#8221;]<\/p>\n<p style=\"text-align: center;\">Ve\u0107a raspolo\u017eivost<\/p>\n<p>[\/elx_heading][vc_column_text]<\/p>\n<ul>\n<li>Ve\u0107a raspolo\u017eivost i manje tro\u0161enje ure\u0111aja pri radu zbog br\u017eeg okretanja rublja.<\/li>\n<li>Smanjite potro\u0161nju energije i vode.<\/li>\n<\/ul>\n<p>[\/vc_column_text][\/vc_column][\/vc_row][vc_row][vc_column][vc_empty_space height=&#8221;50px&#8221;][\/vc_column][\/vc_row][vc_row][vc_column][elx_heading text_color=&#8221;inherit&#8221;]<\/p>\n<p style=\"text-align: center;\"><span style=\"color: #bed143;\">Zelena strana hotelijerstva<br \/>\n<\/span><\/p>\n<p>[\/elx_heading][\/vc_column][\/vc_row][vc_row full_width=&#8221;electroluxpro-full-width-no-padding&#8221; equal_height=&#8221;yes&#8221; css=&#8221;.vc_custom_1465563255634{background-color: #edeff2 !important;}&#8221;][vc_column width=&#8221;1\/2&#8243;][elx_image_block background_image=&#8221;629&#8243; minimum_height=&#8221;700px&#8221;][\/vc_column][vc_column width=&#8221;1\/2&#8243;][elx_simple_block background_color=&#8221;inherit&#8221;][elx_heading text_color=&#8221;inherit&#8221;]Lagoon\u00ae napredna njega: snaga vode[\/elx_heading][vc_column_text]<\/p>\n<h4>Odr\u017eivo<\/h4>\n<p>\u010cuva okoli\u0161 koriste\u0107i netoksi\u010dne kemikalije u procesima, uz vodu kao otapalo.<\/p>\n<h4>Pa\u017eljivo s osjetljivim rubljem<\/h4>\n<p>Vrhunski rezultati s najosjetljivijim rubljem i osjetljivom vunom s oznakom za isklju\u010divo suho \u010di\u0161\u0107enje.<\/p>\n<h4>Kompletna usluga \u010di\u0161\u0107enja u 55 minuta<\/h4>\n<p>Avangarda mokrog \u010di\u0161\u0107enja: sve dobre strane vode uz brzinu i jednostavnost \u010di\u0161\u0107enja otapalom.<\/p>\n<p>[\/vc_column_text][elx_button button_text=&#8221;Lagoon\u00ae napredna njega&#8221; button_style=&#8221;icon&#8221; button_link=&#8221;url:https%3A%2F%2Fwww.electroluxprofessional.com%2Fhr%2Flagoon-napredna-njega%2F|title:Laundry%20Shops%20||&#8221;][\/elx_simple_block][\/vc_column][\/vc_row][vc_row][vc_column][vc_empty_space height=&#8221;50px&#8221;][\/vc_column][\/vc_row][vc_row][vc_column width=&#8221;1\/3&#8243;][elx_download_block text=&#8221;Praonice za hotelijerstvo<br \/>\nBro\u0161ura&#8221; link=&#8221;http:\/\/files.professional.electrolux.com\/docs\/?t=BR&amp;n=A0005&amp;l=1&#8243; background_color=&#8221;hotels&#8221;][\/vc_column][vc_column width=&#8221;1\/3&#8243;][elx_download_block text=&#8221;Praonice za hotelijerstvo<br \/>\nPregled asortimana&#8221; link=&#8221;http:\/\/files.professional.electrolux.com\/docs\/?t=RO&amp;n=Range%20Overview%20Hospitality%20Laundry%20&amp;l=1&#8243; background_color=&#8221;hotels&#8221;][\/vc_column][vc_column width=&#8221;1\/3&#8243;][elx_download_block text=&#8221;Lagoon bro\u0161ura&#8221; link=&#8221;http:\/\/tools.professional.electrolux.com\/Mirror\/Doc\/ELS\/BRO\/2015173EI-02-FOLDER2ANTE-REVTESTO_LOW.pdf&#8221; background_color=&#8221;hotels&#8221;][\/vc_column][\/vc_row][vc_row][vc_column][elx_heading text_color=&#8221;inherit&#8221;]Otkrijte \u0161to Electrolux Professional mo\u017ee u\u010diniti za va\u0161e poslovanje!<\/p>\n<p>[\/elx_heading][elx_o2000_contact_us r=&#8221;\u017delim saznati vi\u0161e o rje\u0161enjima za svoje poslovanje.&#8221; s=&#8221;Your request for information: hotels&#8221; country=&#8221;Croatia&#8221; l=&#8221;hr&#8221; container=&#8221;elxcontactus1466430938&#8243;][\/vc_column][\/vc_row][vc_row][vc_column][elx_heading text_color=&#8221;inherit&#8221;]<\/p>\n<p style=\"text-align: center;\">Glas na\u0161ih klijenata<\/p>\n<p>[\/elx_heading][\/vc_column][\/vc_row][vc_row][vc_column width=&#8221;1\/2&#8243;][vc_single_image image=&#8221;754&#8243; img_size=&#8221;full&#8221; alignment=&#8221;center&#8221;][\/vc_column][vc_column width=&#8221;1\/2&#8243;][elx_heading font_container=&#8221;h3&#8243; text_color=&#8221;inherit&#8221;]Kada je \u010disto\u0107a u pitanju, bolje je stvari zadr\u017eati na svom teritoriju.<br \/>\n[\/elx_heading][vc_column_text]\u201cPranje rublja za nas je prioritet. Posjedovanje vlastite praonice rublja pru\u017ea nam kompletnu kontrolu nad rubljem i njegovom kvalitetom. Miris i svje\u017eina rublja va\u017eni su detalji koji nam poma\u017eu odr\u017eati luksuzni dojam na\u0161eg prostora. Jednostavno je za kori\u0161tenje na\u0161em osoblju te radi dosljedno.\u201d<\/p>\n<p><strong>Lionel Chatard, direktor i generalni upravitelj hotela Middlethorpe Hall &#8211; York, Ujedinjeno Kraljevstvo<\/strong>[\/vc_column_text][\/vc_column][\/vc_row][vc_row css=&#8221;.vc_custom_1465562028814{padding-bottom: 30px !important;}&#8221;][vc_column width=&#8221;1\/2&#8243;][vc_single_image image=&#8221;755&#8243; img_size=&#8221;full&#8221; alignment=&#8221;center&#8221;][\/vc_column][vc_column width=&#8221;1\/2&#8243;][elx_heading font_container=&#8221;h3&#8243; text_color=&#8221;inherit&#8221;]Partner na kojeg se mo\u017eete osloniti<br \/>\n[\/elx_heading][vc_column_text]\u201cJako cijenim jednostavnost kori\u0161tenja Electroluxovih ure\u0111aja. Electrolux Professional ima svoju vlastitu pretprodaju, veliko iskustvo i \u0161aroliku me\u0111unarodnu stru\u010dnost.\u201d<\/p>\n<p><strong>Mansour Mermarian, glavni kuhar u The Chediju<\/strong><br \/>\n<strong>Andermatt, \u0160vicarska<\/strong><\/p>\n<p>[\/vc_column_text][\/vc_column][\/vc_row][vc_row][vc_column][vc_column_text][\/vc_column_text][\/vc_column][\/vc_row]<\/p>\n","protected":false},"excerpt":{"rendered":"<p>[vc_row full_width=&#8221;electroluxpro-full-width-no-padding&#8221; equal_height=&#8221;yes&#8221;][vc_column reveal_effect=&#8221;&#8221; width=&#8221;1\/2&#8243;][elx_citation name=&#8221;Davinder Kumar, potpredsjednik F&amp;B produkcije i glavni kuhar u Le M\u00e9ridienu&#8221; company=&#8221;New Delhi, Indija&#8221;][elx_heading font_container=&#8221;h1&#8243; font_size=&#8221;h2&#8243; text_color=&#8221;inherit&#8221;]\u201cElectrolux Professional pru\u017ea kompletna rje\u0161enja. Ovo je velika prednost za budu\u0107e kuhare jer im to omogu\u0107ava da najbolje iskoriste stru\u010dnost tvrtke.\u201d [\/elx_heading][\/elx_citation][\/vc_column][vc_column reveal_effect=&#8221;&#8221; width=&#8221;1\/2&#8243;][elx_image_block background_image=&#8221;452&#8243; minimum_height=&#8221;700px&#8221;][\/vc_column][\/vc_row][vc_row][vc_column][elx_heading text_color=&#8221;inherit&#8221;] Hoteli [\/elx_heading][\/vc_column][\/vc_row][vc_row][vc_column][vc_empty_space height=&#8221;50px&#8221;][\/vc_column][\/vc_row][vc_row full_width=&#8221;electroluxpro-full-width-no-padding&#8221; equal_height=&#8221;yes&#8221; css=&#8221;.vc_custom_1465551113072{background-color: #edeff2 [&hellip;]<\/p>\n","protected":false},"author":4,"featured_media":0,"parent":2111,"menu_order":0,"comment_status":"closed","ping_status":"closed","template":"","meta":{"footnotes":""},"class_list":["post-2117","page","type-page","status-publish","hentry"],"acf":[],"yoast_head":"<!-- This site is optimized with the Yoast SEO plugin v23.3 - https:\/\/yoast.com\/wordpress\/plugins\/seo\/ -->\n<title>Hoteli - Electrolux Professional Hrvatska<\/title>\n<meta name=\"robots\" content=\"index, follow, max-snippet:-1, max-image-preview:large, max-video-preview:-1\" \/>\n<link rel=\"canonical\" href=\"https:\/\/www.electroluxprofessional.com\/hr\/vas-posao\/hoteli\/\" \/>\n<meta property=\"og:locale\" content=\"hr_HR\" \/>\n<meta property=\"og:type\" content=\"article\" \/>\n<meta property=\"og:title\" content=\"Hoteli - Electrolux Professional Hrvatska\" \/>\n<meta property=\"og:description\" content=\"[vc_row full_width=&#8221;electroluxpro-full-width-no-padding&#8221; equal_height=&#8221;yes&#8221;][vc_column reveal_effect=&#8221;&#8221; width=&#8221;1\/2&#8243;][elx_citation name=&#8221;Davinder Kumar, potpredsjednik F&amp;B produkcije i glavni kuhar u Le M\u00e9ridienu&#8221; company=&#8221;New Delhi, Indija&#8221;][elx_heading font_container=&#8221;h1&#8243; font_size=&#8221;h2&#8243; text_color=&#8221;inherit&#8221;]\u201cElectrolux Professional pru\u017ea kompletna rje\u0161enja. Ovo je velika prednost za budu\u0107e kuhare jer im to omogu\u0107ava da najbolje iskoriste stru\u010dnost tvrtke.\u201d [\/elx_heading][\/elx_citation][\/vc_column][vc_column reveal_effect=&#8221;&#8221; width=&#8221;1\/2&#8243;][elx_image_block background_image=&#8221;452&#8243; minimum_height=&#8221;700px&#8221;][\/vc_column][\/vc_row][vc_row][vc_column][elx_heading text_color=&#8221;inherit&#8221;] Hoteli [\/elx_heading][\/vc_column][\/vc_row][vc_row][vc_column][vc_empty_space height=&#8221;50px&#8221;][\/vc_column][\/vc_row][vc_row full_width=&#8221;electroluxpro-full-width-no-padding&#8221; equal_height=&#8221;yes&#8221; css=&#8221;.vc_custom_1465551113072{background-color: #edeff2 [&hellip;]\" \/>\n<meta property=\"og:url\" content=\"https:\/\/www.electroluxprofessional.com\/hr\/vas-posao\/hoteli\/\" \/>\n<meta property=\"og:site_name\" content=\"Electrolux Professional Hrvatska\" \/>\n<meta property=\"article:modified_time\" content=\"2025-11-06T13:17:49+00:00\" \/>\n<meta name=\"twitter:card\" content=\"summary_large_image\" \/>\n<meta name=\"twitter:label1\" content=\"Procijenjeno vrijeme \u010ditanja\" \/>\n\t<meta name=\"twitter:data1\" content=\"4 minute\" \/>\n<script type=\"application\/ld+json\" class=\"yoast-schema-graph\">{\"@context\":\"https:\/\/schema.org\",\"@graph\":[{\"@type\":\"WebPage\",\"@id\":\"https:\/\/www.electroluxprofessional.com\/hr\/vas-posao\/hoteli\/\",\"url\":\"https:\/\/www.electroluxprofessional.com\/hr\/vas-posao\/hoteli\/\",\"name\":\"Hoteli - Electrolux Professional Hrvatska\",\"isPartOf\":{\"@id\":\"https:\/\/www.electroluxprofessional.com\/hr\/#website\"},\"datePublished\":\"2017-04-27T08:16:21+00:00\",\"dateModified\":\"2025-11-06T13:17:49+00:00\",\"breadcrumb\":{\"@id\":\"https:\/\/www.electroluxprofessional.com\/hr\/vas-posao\/hoteli\/#breadcrumb\"},\"inLanguage\":\"hr\",\"potentialAction\":[{\"@type\":\"ReadAction\",\"target\":[\"https:\/\/www.electroluxprofessional.com\/hr\/vas-posao\/hoteli\/\"]}]},{\"@type\":\"BreadcrumbList\",\"@id\":\"https:\/\/www.electroluxprofessional.com\/hr\/vas-posao\/hoteli\/#breadcrumb\",\"itemListElement\":[{\"@type\":\"ListItem\",\"position\":1,\"name\":\"Po\u010detna stranica\",\"item\":\"https:\/\/www.electroluxprofessional.com\/hr\/\"},{\"@type\":\"ListItem\",\"position\":2,\"name\":\"Va\u0161 posao\",\"item\":\"https:\/\/www.electroluxprofessional.com\/hr\/vas-posao\/\"},{\"@type\":\"ListItem\",\"position\":3,\"name\":\"Hoteli\"}]},{\"@type\":\"WebSite\",\"@id\":\"https:\/\/www.electroluxprofessional.com\/hr\/#website\",\"url\":\"https:\/\/www.electroluxprofessional.com\/hr\/\",\"name\":\"Electrolux Professional Hrvatska\",\"description\":\"\",\"potentialAction\":[{\"@type\":\"SearchAction\",\"target\":{\"@type\":\"EntryPoint\",\"urlTemplate\":\"https:\/\/www.electroluxprofessional.com\/hr\/?src={search_term_string}\"},\"query-input\":\"required name=search_term_string\"}],\"inLanguage\":\"hr\"}]}<\/script>\n<!-- \/ Yoast SEO plugin. -->","yoast_head_json":{"title":"Hoteli - Electrolux Professional Hrvatska","robots":{"index":"index","follow":"follow","max-snippet":"max-snippet:-1","max-image-preview":"max-image-preview:large","max-video-preview":"max-video-preview:-1"},"canonical":"https:\/\/www.electroluxprofessional.com\/hr\/vas-posao\/hoteli\/","og_locale":"hr_HR","og_type":"article","og_title":"Hoteli - Electrolux Professional Hrvatska","og_description":"[vc_row full_width=&#8221;electroluxpro-full-width-no-padding&#8221; equal_height=&#8221;yes&#8221;][vc_column reveal_effect=&#8221;&#8221; width=&#8221;1\/2&#8243;][elx_citation name=&#8221;Davinder Kumar, potpredsjednik F&amp;B produkcije i glavni kuhar u Le M\u00e9ridienu&#8221; company=&#8221;New Delhi, Indija&#8221;][elx_heading font_container=&#8221;h1&#8243; font_size=&#8221;h2&#8243; text_color=&#8221;inherit&#8221;]\u201cElectrolux Professional pru\u017ea kompletna rje\u0161enja. Ovo je velika prednost za budu\u0107e kuhare jer im to omogu\u0107ava da najbolje iskoriste stru\u010dnost tvrtke.\u201d [\/elx_heading][\/elx_citation][\/vc_column][vc_column reveal_effect=&#8221;&#8221; width=&#8221;1\/2&#8243;][elx_image_block background_image=&#8221;452&#8243; minimum_height=&#8221;700px&#8221;][\/vc_column][\/vc_row][vc_row][vc_column][elx_heading text_color=&#8221;inherit&#8221;] Hoteli [\/elx_heading][\/vc_column][\/vc_row][vc_row][vc_column][vc_empty_space height=&#8221;50px&#8221;][\/vc_column][\/vc_row][vc_row full_width=&#8221;electroluxpro-full-width-no-padding&#8221; equal_height=&#8221;yes&#8221; css=&#8221;.vc_custom_1465551113072{background-color: #edeff2 [&hellip;]","og_url":"https:\/\/www.electroluxprofessional.com\/hr\/vas-posao\/hoteli\/","og_site_name":"Electrolux Professional Hrvatska","article_modified_time":"2025-11-06T13:17:49+00:00","twitter_card":"summary_large_image","twitter_misc":{"Procijenjeno vrijeme \u010ditanja":"4 minute"},"schema":{"@context":"https:\/\/schema.org","@graph":[{"@type":"WebPage","@id":"https:\/\/www.electroluxprofessional.com\/hr\/vas-posao\/hoteli\/","url":"https:\/\/www.electroluxprofessional.com\/hr\/vas-posao\/hoteli\/","name":"Hoteli - Electrolux Professional Hrvatska","isPartOf":{"@id":"https:\/\/www.electroluxprofessional.com\/hr\/#website"},"datePublished":"2017-04-27T08:16:21+00:00","dateModified":"2025-11-06T13:17:49+00:00","breadcrumb":{"@id":"https:\/\/www.electroluxprofessional.com\/hr\/vas-posao\/hoteli\/#breadcrumb"},"inLanguage":"hr","potentialAction":[{"@type":"ReadAction","target":["https:\/\/www.electroluxprofessional.com\/hr\/vas-posao\/hoteli\/"]}]},{"@type":"BreadcrumbList","@id":"https:\/\/www.electroluxprofessional.com\/hr\/vas-posao\/hoteli\/#breadcrumb","itemListElement":[{"@type":"ListItem","position":1,"name":"Po\u010detna stranica","item":"https:\/\/www.electroluxprofessional.com\/hr\/"},{"@type":"ListItem","position":2,"name":"Va\u0161 posao","item":"https:\/\/www.electroluxprofessional.com\/hr\/vas-posao\/"},{"@type":"ListItem","position":3,"name":"Hoteli"}]},{"@type":"WebSite","@id":"https:\/\/www.electroluxprofessional.com\/hr\/#website","url":"https:\/\/www.electroluxprofessional.com\/hr\/","name":"Electrolux Professional Hrvatska","description":"","potentialAction":[{"@type":"SearchAction","target":{"@type":"EntryPoint","urlTemplate":"https:\/\/www.electroluxprofessional.com\/hr\/?src={search_term_string}"},"query-input":"required name=search_term_string"}],"inLanguage":"hr"}]}},"_links":{"self":[{"href":"https:\/\/www.electroluxprofessional.com\/hr\/wp-json\/wp\/v2\/pages\/2117"}],"collection":[{"href":"https:\/\/www.electroluxprofessional.com\/hr\/wp-json\/wp\/v2\/pages"}],"about":[{"href":"https:\/\/www.electroluxprofessional.com\/hr\/wp-json\/wp\/v2\/types\/page"}],"author":[{"embeddable":true,"href":"https:\/\/www.electroluxprofessional.com\/hr\/wp-json\/wp\/v2\/users\/4"}],"replies":[{"embeddable":true,"href":"https:\/\/www.electroluxprofessional.com\/hr\/wp-json\/wp\/v2\/comments?post=2117"}],"version-history":[{"count":41,"href":"https:\/\/www.electroluxprofessional.com\/hr\/wp-json\/wp\/v2\/pages\/2117\/revisions"}],"predecessor-version":[{"id":118986,"href":"https:\/\/www.electroluxprofessional.com\/hr\/wp-json\/wp\/v2\/pages\/2117\/revisions\/118986"}],"up":[{"embeddable":true,"href":"https:\/\/www.electroluxprofessional.com\/hr\/wp-json\/wp\/v2\/pages\/2111"}],"wp:attachment":[{"href":"https:\/\/www.electroluxprofessional.com\/hr\/wp-json\/wp\/v2\/media?parent=2117"}],"curies":[{"name":"wp","href":"https:\/\/api.w.org\/{rel}","templated":true}]}}