{"id":119822,"date":"2026-02-26T07:27:16","date_gmt":"2026-02-26T07:27:16","guid":{"rendered":"https:\/\/www.electroluxprofessional.com\/hr\/?page_id=119822"},"modified":"2026-05-14T14:25:55","modified_gmt":"2026-05-14T14:25:55","slug":"odrziva-rjesenja","status":"publish","type":"page","link":"https:\/\/www.electroluxprofessional.com\/hr\/odrziva-rjesenja\/","title":{"rendered":"Odr\u017eiva rje\u0161enja"},"content":{"rendered":"<p>[vc_row full_width=&#8221;electroluxpro-full-width-no-padding&#8221; el_id=&#8221;banner&#8221; min_height=&#8221;500px&#8221;][vc_column][elx_hero_video text_position=&#8221;hero_video_text_align_left&#8221; width_box=&#8221;none&#8221; background_video_mp4=&#8221;https:\/\/www.electroluxprofessional.com\/hr\/wp-content\/uploads\/2026\/02\/Sustainability-video-electrolux-professional_HERO_ULTRA_2MB.mp4&#8243;][\/elx_hero_video][\/vc_column][\/vc_row][vc_row][vc_column][vc_empty_space height=&#8221;50px&#8221;][elx_heading font_container=&#8221;h1&#8243; font_size=&#8221;h2&#8243; text_color=&#8221;inherit&#8221; text_align=&#8221;text-center&#8221;]Odr\u017eiva rje\u0161enja za dugoro\u010dnu vrijednost za na\u0161e kupce \u0161irom svijeta[\/elx_heading][vc_empty_space height=&#8221;20px&#8221;][vc_column_text]<\/p>\n<p style=\"text-align: center;\">Electrolux Professional \u017eeli postaviti standarde u profesionalnim kuhinjama, opremi za pi\u0107e i pranje rublja, kroz na\u0161e inovacije u odr\u017eivosti i energetskoj u\u010dinkovitosti, potkrijepljene povezanim i digitalnim platformama za ispunjavanje potreba kupaca.<\/p>\n<p>[\/vc_column_text][vc_empty_space height=&#8221;50px&#8221;][\/vc_column][\/vc_row][vc_row content_placement=&#8221;middle&#8221; css=&#8221;.vc_custom_1758178561518{background-color: #F6F6F6 !important;}&#8221;][vc_column][vc_empty_space height=&#8221;40px&#8221;][\/vc_column][\/vc_row][vc_row equal_height=&#8221;yes&#8221; content_placement=&#8221;middle&#8221; css=&#8221;.vc_custom_1759215775499{background-color: #F6F6F6 !important;}&#8221;][vc_column el_class=&#8221;align-vertical-center&#8221;][elx_heading text_color=&#8221;inherit&#8221;]Lider u odr\u017eivosti \u2013 meeting needs beyond tomorrow[\/elx_heading][vc_empty_space][\/vc_column][\/vc_row][vc_row content_placement=&#8221;middle&#8221; css=&#8221;.vc_custom_1758178561518{background-color: #F6F6F6 !important;}&#8221;][vc_column][vc_empty_space height=&#8221;40px&#8221;][\/vc_column][\/vc_row][vc_row equal_height=&#8221;yes&#8221; content_placement=&#8221;middle&#8221; css=&#8221;.vc_custom_1759215775499{background-color: #F6F6F6 !important;}&#8221;][vc_column width=&#8221;2\/3&#8243;][vc_column_text css=&#8221;.vc_custom_1774008631756{background-color: #f6f6f6 !important;}&#8221;]U Electrolux Professional Grupi, odr\u017eivost je ugra\u0111ena u na\u0161e poslovanje i kulturu. Cilj nam je pozitivno utjecati na profesionalnu industriju opreme za kuhanje, pi\u0107a i pranja rublja poma\u017eu\u0107i tvrtkama da napreduju, institucijama da budu u\u010dinkovitije, a radnim mjestima sigurnijima\u2014istovremeno smanjuju\u0107i potro\u0161nju energije, vode i deterd\u017eenata.<\/p>\n<p>Na\u0161a strategija fokusira se na klimu, zdravlje i sigurnost te raznolikost, s ciljem da do 2030. postanemo klimatski neutralni, gdje temelje postavljamo na tri stupa: Odr\u017eiva rje\u0161enja, Odr\u017eivo poslovanje i Etika i odnosi.<\/p>\n<p>Ponosni smo \u0161to smo prepoznati kao lider u odr\u017eivosti u na\u0161oj industriji. Ovo priznanje donosi i ponos i odgovornost\u2014da nastavimo s pobolj\u0161anjima i zadovoljavamo potrebe i tijekom budu\u0107nosti.[\/vc_column_text][vc_empty_space height=&#8221;20px&#8221;][vc_column_text]<strong><em>Paolo Schira, predsjednik i izvr\u0161ni direktor<\/em><\/strong>[\/vc_column_text][\/vc_column][vc_column width=&#8221;1\/3&#8243;][vc_row_inner][vc_column_inner offset=&#8221;vc_hidden-lg vc_hidden-md vc_hidden-sm&#8221;][vc_empty_space][\/vc_column_inner][\/vc_row_inner][vc_empty_space height=&#8221;45px&#8221;][vc_single_image image=&#8221;120422&#8243; img_size=&#8221;full&#8221; alignment=&#8221;center&#8221;][\/vc_column][\/vc_row][vc_row content_placement=&#8221;middle&#8221; css=&#8221;.vc_custom_1758178561518{background-color: #F6F6F6 !important;}&#8221;][vc_column][vc_empty_space height=&#8221;40px&#8221;][\/vc_column][\/vc_row][vc_row][vc_column][vc_empty_space height=&#8221;50px&#8221;][\/vc_column][\/vc_row][vc_row][vc_column][elx_double_banner_sust tag_title=&#8221;h2&#8243; class_title=&#8221;h2&#8243; left_title=&#8221;Odr\u017eiva rje\u0161enja u profesionalnoj kuhinji&#8221; left_image_media_library=&#8221;119847&#8243; right_title=&#8221;Odr\u017eiva rje\u0161enja za pranje rublja&#8221; right_image_media_library=&#8221;119849&#8243; left_link=&#8221;url:https%3A%2F%2Fwww.electroluxprofessional.com%2Fhr%2Fodrziva-rjesenja-u-profesionalnoj-kuhinji%2F|title:Otkrijte%20vi%C5%A1e&#8221; right_link=&#8221;url:https%3A%2F%2Fwww.electroluxprofessional.com%2Fhr%2Fodrziva-rjesenja%2Foblikovanje-odrzivog-pranja-rublja%2F|title:Otkrijte%20vi%C5%A1e&#8221;][\/vc_column][\/vc_row][vc_row][vc_column][vc_empty_space height=&#8221;50px&#8221;][\/vc_column][\/vc_row][vc_row content_placement=&#8221;middle&#8221; css=&#8221;.vc_custom_1758178561518{background-color: #F6F6F6 !important;}&#8221;][vc_column][vc_empty_space height=&#8221;40px&#8221;][\/vc_column][\/vc_row][vc_row content_placement=&#8221;middle&#8221; css=&#8221;.vc_custom_1758187212823{background-color: #F6F6F6 !important;}&#8221;][vc_column width=&#8221;3\/5&#8243;][vc_row_inner][vc_column_inner offset=&#8221;vc_hidden-sm vc_hidden-xs&#8221;][vc_empty_space height=&#8221;40px&#8221;][\/vc_column_inner][\/vc_row_inner][vc_column_text]<\/p>\n<h3><span class=\"LineBox SCXP108091875 BCX0\"><span class=\"EOP SCXP108091875 BCX0\">Ponosni smo \u0161to smo dobili presti\u017enu Zlatnu ocjenu odr\u017eivosti od EcoVadis, \u0161to nas svrstava me\u0111u top 5% globalno ocijenjenih tvrtki.\u200b<\/span><\/span><\/h3>\n<p>[\/vc_column_text][vc_row_inner][vc_column_inner offset=&#8221;vc_hidden-lg vc_hidden-md vc_hidden-sm&#8221;][vc_empty_space][\/vc_column_inner][\/vc_row_inner][\/vc_column][vc_column width=&#8221;2\/5&#8243;][vc_column_text css=&#8221;.vc_custom_1759216097926{background-color: #F6F6F6 !important;}&#8221;]<span style=\"color: #f6f6f6;\">.<\/span>[\/vc_column_text][vc_single_image image=&#8221;119817&#8243; img_size=&#8221;200&#215;200&#8243; alignment=&#8221;center&#8221;][\/vc_column][\/vc_row][vc_row content_placement=&#8221;middle&#8221; css=&#8221;.vc_custom_1758178561518{background-color: #F6F6F6 !important;}&#8221;][vc_column][vc_empty_space height=&#8221;40px&#8221;][\/vc_column][\/vc_row][vc_row][vc_column][vc_empty_space height=&#8221;50px&#8221;][\/vc_column][\/vc_row][vc_row css=&#8221;.vc_custom_1769764393796{background-image: url(https:\/\/eprdev.comunicazione21.com\/wp-content\/uploads\/2025\/09\/Screenshot-2025-09-25-115810.jpg?id=56214) !important;background-position: center !important;background-repeat: no-repeat !important;background-size: cover !important;}&#8221; el_class=&#8221;text-center&#8221;][vc_column][vc_empty_space height=&#8221;64px&#8221;][vc_row_inner][vc_column_inner][vc_column_text]<\/p>\n<p style=\"text-align: center;\"><span style=\"color: #ffffff;\">\u0160TO SMO DOSAD POSTIGLI<\/span><\/p>\n<p>[\/vc_column_text][vc_empty_space][elx_heading text_color=&#8221;white&#8221; text_align=&#8221;text-center&#8221;]U 2024. uspjeli smo ostvariti zna\u010dajan napredak<br \/>\nu svim podru\u010djima odr\u017eivosti od 2019. godine.[\/elx_heading][vc_empty_space][\/vc_column_inner][\/vc_row_inner][vc_row_inner][vc_column_inner width=&#8221;1\/3&#8243;][vc_column_text]<\/p>\n<p style=\"font-size: 83px; text-align: center;\"><span style=\"color: #ffffff;\"><strong>-70%<\/strong><\/span><\/p>\n<p>[\/vc_column_text][elx_heading font_container=&#8221;h3&#8243; font_size=&#8221;p&#8221; text_color=&#8221;white&#8221; text_align=&#8221;text-center&#8221;]CO2 emisije opsega 1 i 2[\/elx_heading][vc_empty_space][\/vc_column_inner][vc_column_inner width=&#8221;1\/3&#8243;][vc_column_text]<\/p>\n<p style=\"font-size: 83px; text-align: center;\"><span style=\"color: #ffffff;\"><strong>92%<\/strong><\/span><\/p>\n<p>[\/vc_column_text][elx_heading font_container=&#8221;h3&#8243; font_size=&#8221;p&#8221; text_color=&#8221;white&#8221; text_align=&#8221;text-center&#8221;]Obnovljiva energija[\/elx_heading][vc_empty_space][\/vc_column_inner][vc_column_inner width=&#8221;1\/3&#8243;][vc_column_text]<\/p>\n<p style=\"font-size: 83px; text-align: center;\"><span style=\"color: #ffffff;\"><strong>-41%<\/strong><\/span><\/p>\n<p>[\/vc_column_text][elx_heading font_container=&#8221;h3&#8243; font_size=&#8221;p&#8221; text_color=&#8221;white&#8221; text_align=&#8221;text-center&#8221;]CO2 emisije opsega 3[\/elx_heading][vc_empty_space][\/vc_column_inner][\/vc_row_inner][vc_empty_space height=&#8221;70px&#8221;][elx_button button_text=&#8221;OTKRIJTE NA\u0160A POSTIGNU\u0106A&#8221; button_style=&#8221;primary-white-bordered&#8221; button_link=&#8221;url:https%3A%2F%2Fwww.electroluxprofessional.com%2Fhr%2Fodrziva-rjesenja%2Focjene-i-certifikati-odrzivosti%2F|title:Ocjene%20i%20certifikati%20odr%C5%BEivosti&#8221;][vc_empty_space height=&#8221;50px&#8221;][\/vc_column][\/vc_row][vc_row el_class=&#8221;text-center&#8221;][vc_column][vc_empty_space height=&#8221;55px&#8221;][\/vc_column][\/vc_row][vc_row][vc_column width=&#8221;1\/2&#8243;][vc_single_image image=&#8221;119803&#8243; img_size=&#8221;577&#215;540&#8243; alignment=&#8221;center&#8221;][vc_empty_space height=&#8221;20px&#8221;][elx_heading font_container=&#8221;h3&#8243; font_size=&#8221;h3&#8243; text_color=&#8221;inherit&#8221; text_align=&#8221;text-left&#8221;]Dobre odluke za planet[\/elx_heading][vc_empty_space height=&#8221;10px&#8221;][vc_column_text]Electrolux Professional je ovdje da vam pomogne prona\u0107i put prema odr\u017eivoj budu\u0107nosti. Postoji mnogo prilika za pozitivan doprinos odabirom u\u010dinkovitije i energetski \u0161tedljive opreme \u2013 \u0161to nije samo dobra vijest za planet, ve\u0107 i za poslovni rezultat va\u0161e tvrtke. Vrijeme je za prave odluke.[\/vc_column_text][vc_empty_space][\/vc_column][vc_column width=&#8221;1\/2&#8243;][vc_single_image image=&#8221;119821&#8243; img_size=&#8221;577&#215;540&#8243; alignment=&#8221;center&#8221;][vc_empty_space height=&#8221;20px&#8221;][elx_heading font_container=&#8221;h3&#8243; font_size=&#8221;h3&#8243; text_color=&#8221;inherit&#8221; text_align=&#8221;text-left&#8221;]Odr\u017eivi pristup[\/elx_heading][vc_empty_space height=&#8221;10px&#8221;][vc_column_text]Na\u0161a je misija olak\u0161ati radni \u017eivot na\u0161ih kupaca, u\u010diniti ga profitabilnijim \u2013 i istinski odr\u017eivim svaki dan. Odr\u017eivost je klju\u010dni dio na\u0161e strategije, kulture i poslovanja.<br \/>\nKoristimo Ciljeve odr\u017eivog razvoja (SDGs) kao na\u0161 kompas. Svaki dan nastojimo pobolj\u0161ati odr\u017eivost u lancu vrijednosti na\u0161ih kupaca.[\/vc_column_text][vc_empty_space][\/vc_column][\/vc_row][vc_row el_class=&#8221;text-center&#8221;][vc_column][vc_empty_space][elx_button button_text=&#8221;NA\u0160A ETIKA&#8221; button_link=&#8221;url:https%3A%2F%2Fwww.electroluxprofessionalgroup.com%2Fen%2Fsustainability%2Four-ethics%2F|title:NA%C5%A0A%20ETIKA|target:_blank&#8221;][vc_empty_space][\/vc_column][\/vc_row][vc_row custom_color_row=&#8221;bg-row-light-blue&#8221;][vc_column][elx_last_references title=&#8221;Reference&#8221; extra_class=&#8221;h4&#8243;][\/vc_column][\/vc_row][vc_row][vc_column][vc_empty_space height=&#8221;60px&#8221;][\/vc_column][\/vc_row]<\/p>\n","protected":false},"excerpt":{"rendered":"<p>[vc_row full_width=&#8221;electroluxpro-full-width-no-padding&#8221; el_id=&#8221;banner&#8221; min_height=&#8221;500px&#8221;][vc_column][elx_hero_video text_position=&#8221;hero_video_text_align_left&#8221; width_box=&#8221;none&#8221; background_video_mp4=&#8221;https:\/\/www.electroluxprofessional.com\/hr\/wp-content\/uploads\/2026\/02\/Sustainability-video-electrolux-professional_HERO_ULTRA_2MB.mp4&#8243;][\/elx_hero_video][\/vc_column][\/vc_row][vc_row][vc_column][vc_empty_space height=&#8221;50px&#8221;][elx_heading font_container=&#8221;h1&#8243; font_size=&#8221;h2&#8243; text_color=&#8221;inherit&#8221; text_align=&#8221;text-center&#8221;]Odr\u017eiva rje\u0161enja za dugoro\u010dnu vrijednost za na\u0161e kupce \u0161irom svijeta[\/elx_heading][vc_empty_space height=&#8221;20px&#8221;][vc_column_text] Electrolux Professional \u017eeli postaviti standarde u profesionalnim kuhinjama, opremi za pi\u0107e i pranje rublja, kroz na\u0161e inovacije u odr\u017eivosti i energetskoj u\u010dinkovitosti, potkrijepljene povezanim i digitalnim platformama za ispunjavanje potreba kupaca. [\/vc_column_text][vc_empty_space height=&#8221;50px&#8221;][\/vc_column][\/vc_row][vc_row [&hellip;]<\/p>\n","protected":false},"author":1,"featured_media":119803,"parent":0,"menu_order":0,"comment_status":"closed","ping_status":"closed","template":"","meta":{"footnotes":""},"class_list":["post-119822","page","type-page","status-publish","has-post-thumbnail","hentry"],"acf":[],"yoast_head":"<!-- This site is optimized with the Yoast SEO plugin v23.3 - https:\/\/yoast.com\/wordpress\/plugins\/seo\/ -->\n<title>Odr\u017eiva rje\u0161enja - Electrolux Professional Hrvatska<\/title>\n<meta name=\"description\" content=\"Electrolux Professional odr\u017eiva rje\u0161enja. Energetski u\u010dinkovita oprema dizajnirana za smanjenje potro\u0161nje resursa i pove\u0107anje u\u010dinkovitosti za istinski odr\u017eivu budu\u0107nost.\" \/>\n<meta name=\"robots\" content=\"noindex, nofollow\" \/>\n<meta property=\"og:locale\" content=\"hr_HR\" \/>\n<meta property=\"og:type\" content=\"article\" \/>\n<meta property=\"og:title\" content=\"Odr\u017eiva rje\u0161enja - Electrolux Professional Hrvatska\" \/>\n<meta property=\"og:description\" content=\"Electrolux Professional odr\u017eiva rje\u0161enja. Energetski u\u010dinkovita oprema dizajnirana za smanjenje potro\u0161nje resursa i pove\u0107anje u\u010dinkovitosti za istinski odr\u017eivu budu\u0107nost.\" \/>\n<meta property=\"og:url\" content=\"https:\/\/www.electroluxprofessional.com\/hr\/odrziva-rjesenja\/\" \/>\n<meta property=\"og:site_name\" content=\"Electrolux Professional Hrvatska\" \/>\n<meta property=\"article:modified_time\" content=\"2026-05-14T14:25:55+00:00\" \/>\n<meta property=\"og:image\" content=\"https:\/\/www.electroluxprofessional.com\/hr\/wp-content\/uploads\/2026\/02\/A-sustainable-approach_1.jpeg\" \/>\n\t<meta property=\"og:image:width\" content=\"577\" \/>\n\t<meta property=\"og:image:height\" content=\"540\" \/>\n\t<meta property=\"og:image:type\" content=\"image\/jpeg\" \/>\n<meta name=\"twitter:card\" content=\"summary_large_image\" \/>\n<meta name=\"twitter:label1\" content=\"Procijenjeno vrijeme \u010ditanja\" \/>\n\t<meta name=\"twitter:data1\" content=\"4 minute\" \/>\n<script type=\"application\/ld+json\" class=\"yoast-schema-graph\">{\"@context\":\"https:\/\/schema.org\",\"@graph\":[{\"@type\":\"WebPage\",\"@id\":\"https:\/\/www.electroluxprofessional.com\/hr\/odrziva-rjesenja\/\",\"url\":\"https:\/\/www.electroluxprofessional.com\/hr\/odrziva-rjesenja\/\",\"name\":\"Odr\u017eiva rje\u0161enja - Electrolux Professional Hrvatska\",\"isPartOf\":{\"@id\":\"https:\/\/www.electroluxprofessional.com\/hr\/#website\"},\"primaryImageOfPage\":{\"@id\":\"https:\/\/www.electroluxprofessional.com\/hr\/odrziva-rjesenja\/#primaryimage\"},\"image\":{\"@id\":\"https:\/\/www.electroluxprofessional.com\/hr\/odrziva-rjesenja\/#primaryimage\"},\"thumbnailUrl\":\"https:\/\/www.electroluxprofessional.com\/hr\/wp-content\/uploads\/2026\/02\/A-sustainable-approach_1.jpeg\",\"datePublished\":\"2026-02-26T07:27:16+00:00\",\"dateModified\":\"2026-05-14T14:25:55+00:00\",\"description\":\"Electrolux Professional odr\u017eiva rje\u0161enja. Energetski u\u010dinkovita oprema dizajnirana za smanjenje potro\u0161nje resursa i pove\u0107anje u\u010dinkovitosti za istinski odr\u017eivu budu\u0107nost.\",\"breadcrumb\":{\"@id\":\"https:\/\/www.electroluxprofessional.com\/hr\/odrziva-rjesenja\/#breadcrumb\"},\"inLanguage\":\"hr\",\"potentialAction\":[{\"@type\":\"ReadAction\",\"target\":[\"https:\/\/www.electroluxprofessional.com\/hr\/odrziva-rjesenja\/\"]}]},{\"@type\":\"ImageObject\",\"inLanguage\":\"hr\",\"@id\":\"https:\/\/www.electroluxprofessional.com\/hr\/odrziva-rjesenja\/#primaryimage\",\"url\":\"https:\/\/www.electroluxprofessional.com\/hr\/wp-content\/uploads\/2026\/02\/A-sustainable-approach_1.jpeg\",\"contentUrl\":\"https:\/\/www.electroluxprofessional.com\/hr\/wp-content\/uploads\/2026\/02\/A-sustainable-approach_1.jpeg\",\"width\":577,\"height\":540},{\"@type\":\"BreadcrumbList\",\"@id\":\"https:\/\/www.electroluxprofessional.com\/hr\/odrziva-rjesenja\/#breadcrumb\",\"itemListElement\":[{\"@type\":\"ListItem\",\"position\":1,\"name\":\"Po\u010detna stranica\",\"item\":\"https:\/\/www.electroluxprofessional.com\/hr\/\"},{\"@type\":\"ListItem\",\"position\":2,\"name\":\"Odr\u017eiva rje\u0161enja\"}]},{\"@type\":\"WebSite\",\"@id\":\"https:\/\/www.electroluxprofessional.com\/hr\/#website\",\"url\":\"https:\/\/www.electroluxprofessional.com\/hr\/\",\"name\":\"Electrolux Professional Hrvatska\",\"description\":\"\",\"potentialAction\":[{\"@type\":\"SearchAction\",\"target\":{\"@type\":\"EntryPoint\",\"urlTemplate\":\"https:\/\/www.electroluxprofessional.com\/hr\/?src={search_term_string}\"},\"query-input\":\"required name=search_term_string\"}],\"inLanguage\":\"hr\"}]}<\/script>\n<!-- \/ Yoast SEO plugin. -->","yoast_head_json":{"title":"Odr\u017eiva rje\u0161enja - Electrolux Professional Hrvatska","description":"Electrolux Professional odr\u017eiva rje\u0161enja. Energetski u\u010dinkovita oprema dizajnirana za smanjenje potro\u0161nje resursa i pove\u0107anje u\u010dinkovitosti za istinski odr\u017eivu budu\u0107nost.","robots":{"index":"noindex","follow":"nofollow"},"og_locale":"hr_HR","og_type":"article","og_title":"Odr\u017eiva rje\u0161enja - Electrolux Professional Hrvatska","og_description":"Electrolux Professional odr\u017eiva rje\u0161enja. Energetski u\u010dinkovita oprema dizajnirana za smanjenje potro\u0161nje resursa i pove\u0107anje u\u010dinkovitosti za istinski odr\u017eivu budu\u0107nost.","og_url":"https:\/\/www.electroluxprofessional.com\/hr\/odrziva-rjesenja\/","og_site_name":"Electrolux Professional Hrvatska","article_modified_time":"2026-05-14T14:25:55+00:00","og_image":[{"width":577,"height":540,"url":"https:\/\/www.electroluxprofessional.com\/hr\/wp-content\/uploads\/2026\/02\/A-sustainable-approach_1.jpeg","type":"image\/jpeg"}],"twitter_card":"summary_large_image","twitter_misc":{"Procijenjeno vrijeme \u010ditanja":"4 minute"},"schema":{"@context":"https:\/\/schema.org","@graph":[{"@type":"WebPage","@id":"https:\/\/www.electroluxprofessional.com\/hr\/odrziva-rjesenja\/","url":"https:\/\/www.electroluxprofessional.com\/hr\/odrziva-rjesenja\/","name":"Odr\u017eiva rje\u0161enja - Electrolux Professional Hrvatska","isPartOf":{"@id":"https:\/\/www.electroluxprofessional.com\/hr\/#website"},"primaryImageOfPage":{"@id":"https:\/\/www.electroluxprofessional.com\/hr\/odrziva-rjesenja\/#primaryimage"},"image":{"@id":"https:\/\/www.electroluxprofessional.com\/hr\/odrziva-rjesenja\/#primaryimage"},"thumbnailUrl":"https:\/\/www.electroluxprofessional.com\/hr\/wp-content\/uploads\/2026\/02\/A-sustainable-approach_1.jpeg","datePublished":"2026-02-26T07:27:16+00:00","dateModified":"2026-05-14T14:25:55+00:00","description":"Electrolux Professional odr\u017eiva rje\u0161enja. Energetski u\u010dinkovita oprema dizajnirana za smanjenje potro\u0161nje resursa i pove\u0107anje u\u010dinkovitosti za istinski odr\u017eivu budu\u0107nost.","breadcrumb":{"@id":"https:\/\/www.electroluxprofessional.com\/hr\/odrziva-rjesenja\/#breadcrumb"},"inLanguage":"hr","potentialAction":[{"@type":"ReadAction","target":["https:\/\/www.electroluxprofessional.com\/hr\/odrziva-rjesenja\/"]}]},{"@type":"ImageObject","inLanguage":"hr","@id":"https:\/\/www.electroluxprofessional.com\/hr\/odrziva-rjesenja\/#primaryimage","url":"https:\/\/www.electroluxprofessional.com\/hr\/wp-content\/uploads\/2026\/02\/A-sustainable-approach_1.jpeg","contentUrl":"https:\/\/www.electroluxprofessional.com\/hr\/wp-content\/uploads\/2026\/02\/A-sustainable-approach_1.jpeg","width":577,"height":540},{"@type":"BreadcrumbList","@id":"https:\/\/www.electroluxprofessional.com\/hr\/odrziva-rjesenja\/#breadcrumb","itemListElement":[{"@type":"ListItem","position":1,"name":"Po\u010detna stranica","item":"https:\/\/www.electroluxprofessional.com\/hr\/"},{"@type":"ListItem","position":2,"name":"Odr\u017eiva rje\u0161enja"}]},{"@type":"WebSite","@id":"https:\/\/www.electroluxprofessional.com\/hr\/#website","url":"https:\/\/www.electroluxprofessional.com\/hr\/","name":"Electrolux Professional Hrvatska","description":"","potentialAction":[{"@type":"SearchAction","target":{"@type":"EntryPoint","urlTemplate":"https:\/\/www.electroluxprofessional.com\/hr\/?src={search_term_string}"},"query-input":"required name=search_term_string"}],"inLanguage":"hr"}]}},"_links":{"self":[{"href":"https:\/\/www.electroluxprofessional.com\/hr\/wp-json\/wp\/v2\/pages\/119822"}],"collection":[{"href":"https:\/\/www.electroluxprofessional.com\/hr\/wp-json\/wp\/v2\/pages"}],"about":[{"href":"https:\/\/www.electroluxprofessional.com\/hr\/wp-json\/wp\/v2\/types\/page"}],"author":[{"embeddable":true,"href":"https:\/\/www.electroluxprofessional.com\/hr\/wp-json\/wp\/v2\/users\/1"}],"replies":[{"embeddable":true,"href":"https:\/\/www.electroluxprofessional.com\/hr\/wp-json\/wp\/v2\/comments?post=119822"}],"version-history":[{"count":17,"href":"https:\/\/www.electroluxprofessional.com\/hr\/wp-json\/wp\/v2\/pages\/119822\/revisions"}],"predecessor-version":[{"id":120423,"href":"https:\/\/www.electroluxprofessional.com\/hr\/wp-json\/wp\/v2\/pages\/119822\/revisions\/120423"}],"wp:featuredmedia":[{"embeddable":true,"href":"https:\/\/www.electroluxprofessional.com\/hr\/wp-json\/wp\/v2\/media\/119803"}],"wp:attachment":[{"href":"https:\/\/www.electroluxprofessional.com\/hr\/wp-json\/wp\/v2\/media?parent=119822"}],"curies":[{"name":"wp","href":"https:\/\/api.w.org\/{rel}","templated":true}]}}