{"id":119819,"date":"2026-02-26T07:27:11","date_gmt":"2026-02-26T07:27:11","guid":{"rendered":"https:\/\/www.electroluxprofessional.com\/hr\/?page_id=119819"},"modified":"2026-04-16T08:01:07","modified_gmt":"2026-04-16T08:01:07","slug":"ocjene-i-certifikati-odrzivosti","status":"publish","type":"page","link":"https:\/\/www.electroluxprofessional.com\/hr\/odrziva-rjesenja\/ocjene-i-certifikati-odrzivosti\/","title":{"rendered":"Ocjene i certifikati odr\u017eivosti"},"content":{"rendered":"<p>[vc_row full_width=&#8221;electroluxpro-full-width-no-padding&#8221;][vc_column][elx_image_block background_image=&#8221;119816&#8243; minimum_height=&#8221;400px&#8221;][\/vc_column][\/vc_row][vc_row][vc_column][vc_row_inner][vc_column_inner offset=&#8221;vc_hidden-sm vc_hidden-xs&#8221;][vc_empty_space height=&#8221;80px&#8221;][\/vc_column_inner][\/vc_row_inner][vc_row_inner][vc_column_inner offset=&#8221;vc_hidden-lg vc_hidden-md&#8221;][vc_empty_space][\/vc_column_inner][\/vc_row_inner][elx_heading font_container=&#8221;h1&#8243; text_color=&#8221;electrolux-blue&#8221; text_align=&#8221;text-center&#8221;]Ocjene i certifikati odr\u017eivosti[\/elx_heading][vc_empty_space height=&#8221;14px&#8221;][vc_column_text]<\/p>\n<p style=\"text-align: center;\">Dalje ja\u010damo na\u0161u predanost odr\u017eivoj budu\u0107nosti kroz transparentnost u za\u0161titi okoli\u0161a.<\/p>\n<p>[\/vc_column_text][vc_row_inner][vc_column_inner offset=&#8221;vc_hidden-sm vc_hidden-xs&#8221;][vc_empty_space height=&#8221;80px&#8221;][\/vc_column_inner][\/vc_row_inner][vc_row_inner][vc_column_inner offset=&#8221;vc_hidden-lg vc_hidden-md&#8221;][vc_empty_space][\/vc_column_inner][\/vc_row_inner][\/vc_column][\/vc_row][vc_row css=&#8221;.vc_custom_1758284570657{background-color: #F5F5F5 !important;}&#8221;][vc_column][vc_empty_space height=&#8221;50px&#8221;][\/vc_column][\/vc_row][vc_row equal_height=&#8221;yes&#8221; css=&#8221;.vc_custom_1758802186212{background-color: #F5F5F5 !important;}&#8221;][vc_column width=&#8221;3\/5&#8243; el_class=&#8221;align-vertical-center&#8221;][elx_heading font_size=&#8221;h4&#8243; text_color=&#8221;electrolux-blue&#8221; text_align=&#8221;text-left&#8221;]U 2025. godini ponosni smo \u0161to smo dobili presti\u017enu Zlatnu ocjenu odr\u017eivosti od EcoVadisa, \u010dime se svrstavamo me\u0111u 5 % najboljih ocijenjenih tvrtki na globalnoj razini.[\/elx_heading][vc_row_inner][vc_column_inner offset=&#8221;vc_hidden-lg vc_hidden-md vc_hidden-sm&#8221;][vc_empty_space][\/vc_column_inner][\/vc_row_inner][\/vc_column][vc_column width=&#8221;2\/5&#8243;][vc_single_image image=&#8221;119817&#8243; img_size=&#8221;200&#215;200&#8243; alignment=&#8221;center&#8221;][\/vc_column][\/vc_row][vc_row css=&#8221;.vc_custom_1771583221625{background-color: #f5f5f5 !important;}&#8221;][vc_column][vc_empty_space height=&#8221;50px&#8221;][\/vc_column][\/vc_row][vc_row][vc_column][vc_empty_space height=&#8221;80px&#8221;][\/vc_column][\/vc_row][vc_row css=&#8221;.vc_custom_1758794818846{background-image: url(https:\/\/eprdev.comunicazione21.com\/wp-content\/uploads\/2025\/09\/Screenshot-2025-09-25-115810.jpg?id=56214) !important;background-position: center !important;background-repeat: no-repeat !important;background-size: cover !important;}&#8221;][vc_column][vc_empty_space height=&#8221;64px&#8221;][vc_row_inner][vc_column_inner][vc_column_text]<\/p>\n<p style=\"text-align: center;\"><span style=\"color: #ffffff;\">\u0160TO SMO DOSAD POSTIGLI<\/span><\/p>\n<p>[\/vc_column_text][vc_empty_space][elx_heading text_color=&#8221;white&#8221; text_align=&#8221;text-center&#8221;]U 2024. godini uspjeli smo ostvariti zna\u010dajan napredak<br \/>\nu svim podru\u010djima odr\u017eivosti od 2019. godine.[\/elx_heading][vc_empty_space][\/vc_column_inner][\/vc_row_inner][vc_row_inner][vc_column_inner width=&#8221;1\/3&#8243;][vc_column_text]<\/p>\n<p style=\"font-size: 83px; text-align: center;\"><span style=\"color: #ffffff;\"><strong>-61%<\/strong><\/span><\/p>\n<p>[\/vc_column_text][elx_heading font_container=&#8221;h3&#8243; font_size=&#8221;p&#8221; text_color=&#8221;white&#8221; text_align=&#8221;text-center&#8221;]Emisija CO2 opsega 1 i 2[\/elx_heading][vc_empty_space][\/vc_column_inner][vc_column_inner width=&#8221;1\/3&#8243;][vc_column_text]<\/p>\n<p style=\"font-size: 83px; text-align: center;\"><span style=\"color: #ffffff;\"><strong>51%<\/strong><\/span><\/p>\n<p>[\/vc_column_text][elx_heading font_container=&#8221;h3&#8243; font_size=&#8221;p&#8221; text_color=&#8221;white&#8221; text_align=&#8221;text-center&#8221;]Obnovljiva energija[\/elx_heading][vc_empty_space][\/vc_column_inner][vc_column_inner width=&#8221;1\/3&#8243;][vc_column_text]<\/p>\n<p style=\"font-size: 83px; text-align: center;\"><span style=\"color: #ffffff;\"><strong>-35%<\/strong><\/span><\/p>\n<p>[\/vc_column_text][elx_heading font_container=&#8221;h3&#8243; font_size=&#8221;p&#8221; text_color=&#8221;white&#8221; text_align=&#8221;text-center&#8221;]Emisija CO2 opsega 3[\/elx_heading][vc_empty_space][\/vc_column_inner][\/vc_row_inner][vc_empty_space height=&#8221;100px&#8221;][\/vc_column][\/vc_row][vc_row][vc_column offset=&#8221;vc_hidden-sm vc_hidden-xs&#8221;][vc_empty_space height=&#8221;80px&#8221;][\/vc_column][\/vc_row][vc_row][vc_column offset=&#8221;vc_hidden-lg vc_hidden-md&#8221;][vc_empty_space][\/vc_column][\/vc_row][vc_row][vc_column][elx_carousel_sust_ratings cards_bg_color=&#8221;card-bg-green&#8221; first_title=&#8221;Ciljevi vezani uz klimu&#8221; first_paragraph=&#8221;Electrolux Professional Group je lider u odr\u017eivosti u na\u0161oj industriji. Na\u0161 sveobuhvatni i ambiciozni cilj je postati klimatski neutralni u vlastitim operacijama do 2030. godine.&#8221; card_1_image=&#8221;119848&#8243; card_1_title=&#8221;Smanjiti emisije CO2 opsega 1 i 2 u na\u0161im industrijskim pogonima za 70%, u odnosu na 2019.&#8221; card_1_number=&#8221;-70%&#8221; card_1_number_text=&#8221;Postignuto -61% do sada (2024)&#8221; card_2_image=&#8221;119848&#8243; card_2_title=&#8221;Smanjiti emisije opsega 3 iz faze kori\u0161tenja prodanih proizvoda&#8221; card_2_number=&#8221;-27,5%&#8221; card_2_number_text=&#8221;Cilj postignut 2024.&#8221;][vc_empty_space height=&#8221;64px&#8221;][elx_carousel_sust_ratings alignment=&#8221;right&#8221; first_title=&#8221;Ciljevi za ljude&#8221; first_paragraph=&#8221;Na\u0161a misija je olak\u0161ati radni \u017eivot na\u0161ih kupaca, u\u010diniti ga profitabilnijim \u2013 i istinski odr\u017eivim svaki dan. To se mo\u017ee posti\u0107i samo kroz na\u0161 najve\u0107i resurs \u2013 na\u0161e ljude.&#8221; card_1_title=&#8221;Cilj za zdravlje i sigurnost do 2025.&#8221; card_1_number=&#8221;0,3&#8243; card_1_number_text=&#8221;Trenutno 0,66&#8243; card_2_title=&#8221;Cilj za rodnu raznolikost do 2030.&#8221; card_2_number=&#8221;40\/60&#8243; card_2_number_text=&#8221;Trenutno 28\/72&#8243; card_1_paragraph=&#8221;Mjereno brojem radnih nesre\u0107a na 200.000 radnih sati&#8221; card_2_paragraph=&#8221;Omjer mu\u0161karaca\/\u017eena ili \u017eena\/mu\u0161karaca&#8221;][\/vc_column][\/vc_row][vc_row][vc_column offset=&#8221;vc_hidden-sm vc_hidden-xs&#8221;][vc_empty_space height=&#8221;80px&#8221;][\/vc_column][\/vc_row][vc_row][vc_column offset=&#8221;vc_hidden-lg vc_hidden-md&#8221;][vc_empty_space][\/vc_column][\/vc_row][vc_row css=&#8221;.vc_custom_1758284570657{background-color: #F5F5F5 !important;}&#8221;][vc_column][vc_empty_space height=&#8221;50px&#8221;][\/vc_column][\/vc_row][vc_row content_placement=&#8221;middle&#8221; css=&#8221;.vc_custom_1758808799747{background-color: #F5F5F5 !important;}&#8221;][vc_column width=&#8221;1\/3&#8243; el_class=&#8221;align-vertical-center&#8221;][vc_row_inner][vc_column_inner][vc_empty_space height=&#8221;42px&#8221;][\/vc_column_inner][\/vc_row_inner][vc_single_image image=&#8221;119818&#8243; img_size=&#8221;400&#215;200&#8243; alignment=&#8221;center&#8221; el_class=&#8221;align-vertical-center&#8221;][\/vc_column][vc_column width=&#8221;2\/3&#8243;][elx_heading text_color=&#8221;electrolux-blue&#8221; text_align=&#8221;text-left&#8221;]Klimatska neutralnost do 2030.[\/elx_heading][vc_empty_space height=&#8221;16px&#8221;][vc_column_text]Na\u0161 sveobuhvatni i ambiciozni cilj je postati klimatski neutralni u vlastitim operacijama do 2030.<br \/>\nPodr\u017eavamo UN-ov Program za 2030. i povezane \u201eCiljeve odr\u017eivog razvoja\u201c (SDG-ove) te <strong>smo se obvezali postati klimatski neutralni do 2030<\/strong>.[\/vc_column_text][vc_empty_space height=&#8221;28px&#8221;][elx_button button_text=&#8221;NA\u0160I CILJEVI ODR\u017dIVOG RAZVOJA&#8221; button_display_block=&#8221;display_block_on&#8221; button_alignment_mobile=&#8221;text-left-mobile&#8221; button_link=&#8221;url:https%3A%2F%2Fwww.electroluxprofessionalgroup.com%2Fen%2Fsustainability%2Fsustainable-development-goals%2F|title:NA%C5%A0I%20CILJEVI%20ODR%C5%BDIVOG%20RAZVOJA|target:_blank&#8221;][\/vc_column][\/vc_row][vc_row css=&#8221;.vc_custom_1758284570657{background-color: #F5F5F5 !important;}&#8221;][vc_column][vc_empty_space height=&#8221;50px&#8221;][\/vc_column][\/vc_row][vc_row][vc_column][vc_empty_space height=&#8221;80px&#8221;][\/vc_column][\/vc_row][vc_row][vc_column][elx_double_banner_sust tag_title=&#8221;h2&#8243; left_title=&#8221;Odr\u017eiva rje\u0161enja za profesionalnu kuhinjsku opremu&#8221; left_link=&#8221;url:https%3A%2F%2Fwww.electroluxprofessional.com%2Fhr%2Fodrziva-rjesenja%2Fodrziva-rjesenja-za-hranu%2F|title:Otkrijte%20vi%C5%A1e&#8221; right_title=&#8221;Odr\u017eiva rje\u0161enja za pranje rublja&#8221; right_link=&#8221;url:https%3A%2F%2Fwww.electroluxprofessional.com%2Fhr%2Fodrziva-rjesenja%2Foblikovanje-odrzivog-pranja-rublja%2F|title:Otkrijte%20vi%C5%A1e&#8221; left_image_media_library=&#8221;119847&#8243; right_image_media_library=&#8221;119849&#8243;][\/vc_column][\/vc_row][vc_row][vc_column][vc_empty_space height=&#8221;80px&#8221;][\/vc_column][\/vc_row]<\/p>\n","protected":false},"excerpt":{"rendered":"<p>[vc_row full_width=&#8221;electroluxpro-full-width-no-padding&#8221;][vc_column][elx_image_block background_image=&#8221;119816&#8243; minimum_height=&#8221;400px&#8221;][\/vc_column][\/vc_row][vc_row][vc_column][vc_row_inner][vc_column_inner offset=&#8221;vc_hidden-sm vc_hidden-xs&#8221;][vc_empty_space height=&#8221;80px&#8221;][\/vc_column_inner][\/vc_row_inner][vc_row_inner][vc_column_inner offset=&#8221;vc_hidden-lg vc_hidden-md&#8221;][vc_empty_space][\/vc_column_inner][\/vc_row_inner][elx_heading font_container=&#8221;h1&#8243; text_color=&#8221;electrolux-blue&#8221; text_align=&#8221;text-center&#8221;]Ocjene i certifikati odr\u017eivosti[\/elx_heading][vc_empty_space height=&#8221;14px&#8221;][vc_column_text] Dalje ja\u010damo na\u0161u predanost odr\u017eivoj budu\u0107nosti kroz transparentnost u za\u0161titi okoli\u0161a. [\/vc_column_text][vc_row_inner][vc_column_inner offset=&#8221;vc_hidden-sm vc_hidden-xs&#8221;][vc_empty_space height=&#8221;80px&#8221;][\/vc_column_inner][\/vc_row_inner][vc_row_inner][vc_column_inner offset=&#8221;vc_hidden-lg vc_hidden-md&#8221;][vc_empty_space][\/vc_column_inner][\/vc_row_inner][\/vc_column][\/vc_row][vc_row css=&#8221;.vc_custom_1758284570657{background-color: #F5F5F5 !important;}&#8221;][vc_column][vc_empty_space height=&#8221;50px&#8221;][\/vc_column][\/vc_row][vc_row equal_height=&#8221;yes&#8221; css=&#8221;.vc_custom_1758802186212{background-color: #F5F5F5 !important;}&#8221;][vc_column width=&#8221;3\/5&#8243; el_class=&#8221;align-vertical-center&#8221;][elx_heading font_size=&#8221;h4&#8243; text_color=&#8221;electrolux-blue&#8221; text_align=&#8221;text-left&#8221;]U 2025. godini ponosni smo \u0161to smo dobili presti\u017enu Zlatnu [&hellip;]<\/p>\n","protected":false},"author":1,"featured_media":119803,"parent":119822,"menu_order":0,"comment_status":"closed","ping_status":"closed","template":"","meta":{"footnotes":""},"class_list":["post-119819","page","type-page","status-publish","has-post-thumbnail","hentry"],"acf":[],"yoast_head":"<!-- This site is optimized with the Yoast SEO plugin v23.3 - https:\/\/yoast.com\/wordpress\/plugins\/seo\/ -->\n<title>Ocjene i certifikati odr\u017eivosti - Electrolux Professional Hrvatska<\/title>\n<meta name=\"description\" content=\"Electrolux Professional ocjene odr\u017eivosti i certifikati. Otkrijte na\u0161e klimatske obveze i priznanja koja su nam dodijelili vode\u0107i svjetski rejting instituti za na\u0161u odr\u017eivost.\" \/>\n<meta name=\"robots\" content=\"index, follow, max-snippet:-1, max-image-preview:large, max-video-preview:-1\" \/>\n<link rel=\"canonical\" href=\"https:\/\/www.electroluxprofessional.com\/hr\/odrziva-rjesenja\/ocjene-i-certifikati-odrzivosti\/\" \/>\n<meta property=\"og:locale\" content=\"hr_HR\" \/>\n<meta property=\"og:type\" content=\"article\" \/>\n<meta property=\"og:title\" content=\"Ocjene i certifikati odr\u017eivosti - Electrolux Professional Hrvatska\" \/>\n<meta property=\"og:description\" content=\"Electrolux Professional ocjene odr\u017eivosti i certifikati. Otkrijte na\u0161e klimatske obveze i priznanja koja su nam dodijelili vode\u0107i svjetski rejting instituti za na\u0161u odr\u017eivost.\" \/>\n<meta property=\"og:url\" content=\"https:\/\/www.electroluxprofessional.com\/hr\/odrziva-rjesenja\/ocjene-i-certifikati-odrzivosti\/\" \/>\n<meta property=\"og:site_name\" content=\"Electrolux Professional Hrvatska\" \/>\n<meta property=\"article:modified_time\" content=\"2026-04-16T08:01:07+00:00\" \/>\n<meta property=\"og:image\" content=\"https:\/\/www.electroluxprofessional.com\/hr\/wp-content\/uploads\/2026\/02\/A-sustainable-approach_1.jpeg\" \/>\n\t<meta property=\"og:image:width\" content=\"577\" \/>\n\t<meta property=\"og:image:height\" content=\"540\" \/>\n\t<meta property=\"og:image:type\" content=\"image\/jpeg\" \/>\n<meta name=\"twitter:card\" content=\"summary_large_image\" \/>\n<meta name=\"twitter:label1\" content=\"Procijenjeno vrijeme \u010ditanja\" \/>\n\t<meta name=\"twitter:data1\" content=\"4 minute\" \/>\n<script type=\"application\/ld+json\" class=\"yoast-schema-graph\">{\"@context\":\"https:\/\/schema.org\",\"@graph\":[{\"@type\":\"WebPage\",\"@id\":\"https:\/\/www.electroluxprofessional.com\/hr\/odrziva-rjesenja\/ocjene-i-certifikati-odrzivosti\/\",\"url\":\"https:\/\/www.electroluxprofessional.com\/hr\/odrziva-rjesenja\/ocjene-i-certifikati-odrzivosti\/\",\"name\":\"Ocjene i certifikati odr\u017eivosti - Electrolux Professional Hrvatska\",\"isPartOf\":{\"@id\":\"https:\/\/www.electroluxprofessional.com\/hr\/#website\"},\"primaryImageOfPage\":{\"@id\":\"https:\/\/www.electroluxprofessional.com\/hr\/odrziva-rjesenja\/ocjene-i-certifikati-odrzivosti\/#primaryimage\"},\"image\":{\"@id\":\"https:\/\/www.electroluxprofessional.com\/hr\/odrziva-rjesenja\/ocjene-i-certifikati-odrzivosti\/#primaryimage\"},\"thumbnailUrl\":\"https:\/\/www.electroluxprofessional.com\/hr\/wp-content\/uploads\/2026\/02\/A-sustainable-approach_1.jpeg\",\"datePublished\":\"2026-02-26T07:27:11+00:00\",\"dateModified\":\"2026-04-16T08:01:07+00:00\",\"description\":\"Electrolux Professional ocjene odr\u017eivosti i certifikati. Otkrijte na\u0161e klimatske obveze i priznanja koja su nam dodijelili vode\u0107i svjetski rejting instituti za na\u0161u odr\u017eivost.\",\"breadcrumb\":{\"@id\":\"https:\/\/www.electroluxprofessional.com\/hr\/odrziva-rjesenja\/ocjene-i-certifikati-odrzivosti\/#breadcrumb\"},\"inLanguage\":\"hr\",\"potentialAction\":[{\"@type\":\"ReadAction\",\"target\":[\"https:\/\/www.electroluxprofessional.com\/hr\/odrziva-rjesenja\/ocjene-i-certifikati-odrzivosti\/\"]}]},{\"@type\":\"ImageObject\",\"inLanguage\":\"hr\",\"@id\":\"https:\/\/www.electroluxprofessional.com\/hr\/odrziva-rjesenja\/ocjene-i-certifikati-odrzivosti\/#primaryimage\",\"url\":\"https:\/\/www.electroluxprofessional.com\/hr\/wp-content\/uploads\/2026\/02\/A-sustainable-approach_1.jpeg\",\"contentUrl\":\"https:\/\/www.electroluxprofessional.com\/hr\/wp-content\/uploads\/2026\/02\/A-sustainable-approach_1.jpeg\",\"width\":577,\"height\":540},{\"@type\":\"BreadcrumbList\",\"@id\":\"https:\/\/www.electroluxprofessional.com\/hr\/odrziva-rjesenja\/ocjene-i-certifikati-odrzivosti\/#breadcrumb\",\"itemListElement\":[{\"@type\":\"ListItem\",\"position\":1,\"name\":\"Po\u010detna stranica\",\"item\":\"https:\/\/www.electroluxprofessional.com\/hr\/\"},{\"@type\":\"ListItem\",\"position\":2,\"name\":\"Odr\u017eiva rje\u0161enja\",\"item\":\"https:\/\/www.electroluxprofessional.com\/hr\/odrziva-rjesenja\/\"},{\"@type\":\"ListItem\",\"position\":3,\"name\":\"Ocjene i certifikati odr\u017eivosti\"}]},{\"@type\":\"WebSite\",\"@id\":\"https:\/\/www.electroluxprofessional.com\/hr\/#website\",\"url\":\"https:\/\/www.electroluxprofessional.com\/hr\/\",\"name\":\"Electrolux Professional Hrvatska\",\"description\":\"\",\"potentialAction\":[{\"@type\":\"SearchAction\",\"target\":{\"@type\":\"EntryPoint\",\"urlTemplate\":\"https:\/\/www.electroluxprofessional.com\/hr\/?src={search_term_string}\"},\"query-input\":\"required name=search_term_string\"}],\"inLanguage\":\"hr\"}]}<\/script>\n<!-- \/ Yoast SEO plugin. -->","yoast_head_json":{"title":"Ocjene i certifikati odr\u017eivosti - Electrolux Professional Hrvatska","description":"Electrolux Professional ocjene odr\u017eivosti i certifikati. Otkrijte na\u0161e klimatske obveze i priznanja koja su nam dodijelili vode\u0107i svjetski rejting instituti za na\u0161u odr\u017eivost.","robots":{"index":"index","follow":"follow","max-snippet":"max-snippet:-1","max-image-preview":"max-image-preview:large","max-video-preview":"max-video-preview:-1"},"canonical":"https:\/\/www.electroluxprofessional.com\/hr\/odrziva-rjesenja\/ocjene-i-certifikati-odrzivosti\/","og_locale":"hr_HR","og_type":"article","og_title":"Ocjene i certifikati odr\u017eivosti - Electrolux Professional Hrvatska","og_description":"Electrolux Professional ocjene odr\u017eivosti i certifikati. Otkrijte na\u0161e klimatske obveze i priznanja koja su nam dodijelili vode\u0107i svjetski rejting instituti za na\u0161u odr\u017eivost.","og_url":"https:\/\/www.electroluxprofessional.com\/hr\/odrziva-rjesenja\/ocjene-i-certifikati-odrzivosti\/","og_site_name":"Electrolux Professional Hrvatska","article_modified_time":"2026-04-16T08:01:07+00:00","og_image":[{"width":577,"height":540,"url":"https:\/\/www.electroluxprofessional.com\/hr\/wp-content\/uploads\/2026\/02\/A-sustainable-approach_1.jpeg","type":"image\/jpeg"}],"twitter_card":"summary_large_image","twitter_misc":{"Procijenjeno vrijeme \u010ditanja":"4 minute"},"schema":{"@context":"https:\/\/schema.org","@graph":[{"@type":"WebPage","@id":"https:\/\/www.electroluxprofessional.com\/hr\/odrziva-rjesenja\/ocjene-i-certifikati-odrzivosti\/","url":"https:\/\/www.electroluxprofessional.com\/hr\/odrziva-rjesenja\/ocjene-i-certifikati-odrzivosti\/","name":"Ocjene i certifikati odr\u017eivosti - Electrolux Professional Hrvatska","isPartOf":{"@id":"https:\/\/www.electroluxprofessional.com\/hr\/#website"},"primaryImageOfPage":{"@id":"https:\/\/www.electroluxprofessional.com\/hr\/odrziva-rjesenja\/ocjene-i-certifikati-odrzivosti\/#primaryimage"},"image":{"@id":"https:\/\/www.electroluxprofessional.com\/hr\/odrziva-rjesenja\/ocjene-i-certifikati-odrzivosti\/#primaryimage"},"thumbnailUrl":"https:\/\/www.electroluxprofessional.com\/hr\/wp-content\/uploads\/2026\/02\/A-sustainable-approach_1.jpeg","datePublished":"2026-02-26T07:27:11+00:00","dateModified":"2026-04-16T08:01:07+00:00","description":"Electrolux Professional ocjene odr\u017eivosti i certifikati. Otkrijte na\u0161e klimatske obveze i priznanja koja su nam dodijelili vode\u0107i svjetski rejting instituti za na\u0161u odr\u017eivost.","breadcrumb":{"@id":"https:\/\/www.electroluxprofessional.com\/hr\/odrziva-rjesenja\/ocjene-i-certifikati-odrzivosti\/#breadcrumb"},"inLanguage":"hr","potentialAction":[{"@type":"ReadAction","target":["https:\/\/www.electroluxprofessional.com\/hr\/odrziva-rjesenja\/ocjene-i-certifikati-odrzivosti\/"]}]},{"@type":"ImageObject","inLanguage":"hr","@id":"https:\/\/www.electroluxprofessional.com\/hr\/odrziva-rjesenja\/ocjene-i-certifikati-odrzivosti\/#primaryimage","url":"https:\/\/www.electroluxprofessional.com\/hr\/wp-content\/uploads\/2026\/02\/A-sustainable-approach_1.jpeg","contentUrl":"https:\/\/www.electroluxprofessional.com\/hr\/wp-content\/uploads\/2026\/02\/A-sustainable-approach_1.jpeg","width":577,"height":540},{"@type":"BreadcrumbList","@id":"https:\/\/www.electroluxprofessional.com\/hr\/odrziva-rjesenja\/ocjene-i-certifikati-odrzivosti\/#breadcrumb","itemListElement":[{"@type":"ListItem","position":1,"name":"Po\u010detna stranica","item":"https:\/\/www.electroluxprofessional.com\/hr\/"},{"@type":"ListItem","position":2,"name":"Odr\u017eiva rje\u0161enja","item":"https:\/\/www.electroluxprofessional.com\/hr\/odrziva-rjesenja\/"},{"@type":"ListItem","position":3,"name":"Ocjene i certifikati odr\u017eivosti"}]},{"@type":"WebSite","@id":"https:\/\/www.electroluxprofessional.com\/hr\/#website","url":"https:\/\/www.electroluxprofessional.com\/hr\/","name":"Electrolux Professional Hrvatska","description":"","potentialAction":[{"@type":"SearchAction","target":{"@type":"EntryPoint","urlTemplate":"https:\/\/www.electroluxprofessional.com\/hr\/?src={search_term_string}"},"query-input":"required name=search_term_string"}],"inLanguage":"hr"}]}},"_links":{"self":[{"href":"https:\/\/www.electroluxprofessional.com\/hr\/wp-json\/wp\/v2\/pages\/119819"}],"collection":[{"href":"https:\/\/www.electroluxprofessional.com\/hr\/wp-json\/wp\/v2\/pages"}],"about":[{"href":"https:\/\/www.electroluxprofessional.com\/hr\/wp-json\/wp\/v2\/types\/page"}],"author":[{"embeddable":true,"href":"https:\/\/www.electroluxprofessional.com\/hr\/wp-json\/wp\/v2\/users\/1"}],"replies":[{"embeddable":true,"href":"https:\/\/www.electroluxprofessional.com\/hr\/wp-json\/wp\/v2\/comments?post=119819"}],"version-history":[{"count":9,"href":"https:\/\/www.electroluxprofessional.com\/hr\/wp-json\/wp\/v2\/pages\/119819\/revisions"}],"predecessor-version":[{"id":120341,"href":"https:\/\/www.electroluxprofessional.com\/hr\/wp-json\/wp\/v2\/pages\/119819\/revisions\/120341"}],"up":[{"embeddable":true,"href":"https:\/\/www.electroluxprofessional.com\/hr\/wp-json\/wp\/v2\/pages\/119822"}],"wp:featuredmedia":[{"embeddable":true,"href":"https:\/\/www.electroluxprofessional.com\/hr\/wp-json\/wp\/v2\/media\/119803"}],"wp:attachment":[{"href":"https:\/\/www.electroluxprofessional.com\/hr\/wp-json\/wp\/v2\/media?parent=119819"}],"curies":[{"name":"wp","href":"https:\/\/api.w.org\/{rel}","templated":true}]}}