{"id":119788,"date":"2026-03-15T10:33:35","date_gmt":"2026-03-15T10:33:35","guid":{"rendered":"https:\/\/www.electroluxprofessional.com\/hr\/?page_id=119788"},"modified":"2026-03-23T14:26:56","modified_gmt":"2026-03-23T14:26:56","slug":"rashladna-oprema-promocija-2026","status":"publish","type":"page","link":"https:\/\/www.electroluxprofessional.com\/hr\/rashladna-oprema-promocija-2026\/","title":{"rendered":"Promocija rashladne opreme"},"content":{"rendered":"<p>[vc_row full_width=&#8221;electroluxpro-full-width-no-padding&#8221;][vc_column][elx_promo_top_banner title=&#8221;U\u010dinkovitost, radni u\u010dinak i u\u0161teda uz ecostore R290&#8243; carousel=&#8221;%5B%7B%22title_carousel%22%3A%22Hladnjaci%20i%20zamrziva%C4%8Di%20ecostore%20R290%22%2C%22text_carousel%22%3A%22Odaberite%20Electrolux%20Professional%20rje%C5%A1enje%20koje%20vam%20najvi%C5%A1e%20odgovara%2C%20po%20posebnoj%20cijeni.%5Cn%3Cbr%3E%3Cb%3EPromocija%20vrijedi%20od%2009.%20velja%C4%8De%20do%2030.%20lipnja%202026.%3C%2Fb%3E%5Cn%3Cbr%3EIsporuke%20za%20promocijske%20kodove%20primaju%20se%20najkasnije%20do%2031.kolovoza%202026.%5Cn%3Cbr%3E%5Cn%3Cbr%3E*pregled%20%3Ca%20href%3Dhttps%3A%2F%2Fwww.electroluxprofessional.com%2Fhr%2Fwp-content%2Fuploads%2F2026%2F02%2FElectrolux-Professional-Terms-and-conditions_HR-2026.pdf%3E%3Cb%3EUvjeti%20i%20odredbe%3C%2Fb%3E%3C%2Fa%3E%22%2C%22image_carousel%22%3A%22116993%22%2C%22link_carousel%22%3A%22url%3Ahttps%253A%252F%252Fwww.electroluxprofessional.com%252Fhr%252Flokacije-prodaje-i-servisa%252F%7Ctitle%3AOBRATITE%2520NAM%2520SE%2520I%2520NARU%25C4%258CITE%2520VE%25C4%2586%2520DANAS%22%2C%22select_type%22%3A%22link%22%7D%5D&#8221;][vc_empty_space][\/vc_column][\/vc_row][vc_row full_width=&#8221;electroluxpro-full-width-no-padding&#8221;][vc_column][elx_promo_2_3_columns_and_icons bgcolor=&#8221;bg-row-light-blue&#8221; colnumber=&#8221;3&#8243; title=&#8221;ecostore \u2013 pravi izbor&#8221; col1_icon=&#8221;elx-icon icon-circle-capacity-blue&#8221; col1_title=&#8221;Ve\u0107i kapacitet&#8221; col1_text=&#8221;Hladnjaci ecostore nude prosje\u010dno 50 litara vi\u0161e prostora od usporedivih modela na tr\u017ei\u0161tu.&#8221; col2_icon=&#8221;elx-icon icon-circle-easy-blue&#8221; col2_title=&#8221;Jednostavno \u010di\u0161\u0107enje&#8221; col2_text=&#8221;Unutra\u0161njost ure\u0111aja ima zaobljene rubove i lako uklonjive police i vodilice za police.&#8221; col3_icon=&#8221;elx-icon icon-savings-energy&#8221; col3_title=&#8221;Optimalan u\u010dinak&#8221; col3_text=&#8221;Maksimalno smanjenje potro\u0161nje energije zahvaljuju\u0107i isparavanju kondenzata pomo\u0107u vru\u0107eg plina i brtve za vrata s trima komorama.&#8221;][\/vc_column][\/vc_row][vc_row full_width=&#8221;electroluxpro-full-width-no-padding&#8221;][vc_column][elx_promo_2_3_columns_and_icons bgcolor=&#8221;bg-row-sustainability-green&#8221; title=&#8221;Br\u017ei povrat ulaganja uz Green Spirit&#8221; col1_icon=&#8221;elx-icon icon-circle-savings-green-blue&#8221; col1_title=&#8221;Ve\u0107a u\u0161teda energije&#8221; col1_text=&#8221;Potro\u0161ite manje energije zahvaljuju\u0107i rashladnom plinu R290 i izolaciji debljine 75 mm.&#8221; col2_icon=&#8221;elx-icon icon-circle-star-perfomance-blue&#8221; col2_title=&#8221;Maksimalna u\u010dinkovitost&#8221; col2_text=&#8221;\u201eClean Free\u201d \u017ei\u010dani kondenzator i visokou\u010dinkoviti dijelovi jam\u010de vrhunsku u\u010dinkovitost.&#8221;][\/vc_column][\/vc_row][vc_row full_width=&#8221;electroluxpro-full-width-no-padding&#8221;][vc_column][elx_promo_download_leaflet bg_row=&#8221;bg-light-grey&#8221; style_image=&#8221;image_square&#8221; title=&#8221;Preuzmite promocijski letak<br \/>\nza vi\u0161e informacija&#8221; single_image=&#8221;119791&#8243; link_download=&#8221;url:https%3A%2F%2Fwww.electroluxprofessional.com%2Fhr%2Fwp-content%2Fuploads%2F2026%2F03%2FRefrigeration-promotion-leaflet-2026-HRV-LR.pdf|title:PREUZMI%20PDF|target:_blank&#8221;]U letku se nalaze sve pojedinosti o promociji kako biste bolje razumjeli ponudu i povezane prednosti.[\/elx_promo_download_leaflet][vc_empty_space][\/vc_column][\/vc_row][vc_row full_width=&#8221;electroluxpro-full-width-no-padding&#8221; el_id=&#8221;product&#8221;][vc_column][elx_promo_products_showcase order_col1=&#8221;1&#8243; image_col1=&#8221;116989&#8243; order_col2=&#8221;2&#8243; image_col2=&#8221;116992&#8243; order_col3=&#8221;3&#8243; bg_color=&#8221;bg-light-grey&#8221; title=&#8221;Posebna cijena i brza dostava samo za vas&#8221; title_col1=&#8221;Digitalni hladnjak,<br \/>\n670 l&#8221; prodcode_col1=&#8221;725377&#8243; price_col1=&#8221;\u20ac 1.570&#8243; link_col1=&#8221;url:https%3A%2F%2Ftools.electroluxprofessional.com%2FMirror%2FDoc%2FMAD2%2FElectrolux%2520Professional%2FCroatian%2F725377_1%2520Door%2520Digital%2520Stainless%2520Steel%2520Refrigerator%2C%2520670lt%2520(-2_%2B10)%2520R290_Croatian.pdf%3Fversion%3D1716348777|title:Pogledajte%20tehni%C4%8Dki%20list|target:_blank&#8221; title_col2=&#8221;Digitalni zamrziva\u010d,<br \/>\n670 l&#8221; prodcode_col2=&#8221;725378&#8243; price_col2=&#8221;\u20ac 1.890&#8243; link_col2=&#8221;url:https%3A%2F%2Ftools.electroluxprofessional.com%2FMirror%2FDoc%2FMAD2%2FElectrolux%2520Professional%2FCroatian%2F725378_1%2520Door%2520Digital%2520Stainless%2520Steel%2520Freezer%2C%2520670lt%2520(-22_-15)%2520R290%2520EE%2520ONLY_Croatian.pdf%3Fversion%3D1716348804|title:Pogledajte%20tehni%C4%8Dki%20list|target:_blank&#8221; link_col3=&#8221;url:https%3A%2F%2Ftools.electroluxprofessional.com%2FMirror%2FDoc%2FMAD2%2FElectrolux%2520Professional%2FEnglish%2F725367_1%2520Door%2520Digital%2520Refrigerator%2C%2520670lt%2520(-2_%2B10)%2520R290%2520EE%2520ONLY.pdf%3Fversion%3D1709737377|title:View%20Product%20Data%20Sheet|target:_blank&#8221;][elx_promo_products_showcase order_col1=&#8221;2&#8243; image_col1=&#8221;116990&#8243; order_col2=&#8221;1&#8243; image_col2=&#8221;116993&#8243; order_col3=&#8221;3&#8243; bg_color=&#8221;bg-light-grey&#8221; title_col1=&#8221;Digitalni zamrziva\u010d,<br \/>\n670 l, AISI 304&#8243; prodcode_col1=&#8221;725376&#8243; price_col1=&#8221;\u20ac 2.100&#8243; link_col1=&#8221;url:https%3A%2F%2Ftools.electroluxprofessional.com%2FMirror%2FDoc%2FMAD2%2FElectrolux%2520Professional%2FCroatian%2F725376_1%2520Door%2520Digital%2520Freezer%2C%2520670lt%2520(-22_-15)%2C%2520AISI%2520304%2520(R290)%2520EE%2520ONLY_Croatian.pdf%3Fversion%3D1716348843|title:Pogledajte%20tehni%C4%8Dki%20list|target:_blank&#8221; title_col2=&#8221;Digitalni hladnjak,<br \/>\n670 l, AISI 304&#8243; prodcode_col2=&#8221;725367&#8243; price_col2=&#8221;\u20ac 1.760&#8243; link_col2=&#8221;url:https%3A%2F%2Ftools.electroluxprofessional.com%2FMirror%2FDoc%2FMAD2%2FElectrolux%2520Professional%2FCroatian%2F725367_1%2520Door%2520Digital%2520Refrigerator%2C%2520670lt%2520(-2_%2B10)%2520R290%2520EE%2520ONLY_Croatian.pdf%3Fversion%3D1716348870|title:Pogledajte%20tehni%C4%8Dki%20list|target:_blank&#8221;][\/vc_column][\/vc_row][vc_row full_width=&#8221;electroluxpro-full-width-no-padding&#8221;][vc_column][vc_empty_space][elx_promo_why_2_3_columns_texts_icons bgcolor=&#8221;bg-row-light-blue&#8221; colnumber=&#8221;3&#8243; title=&#8221;Za\u0161to odabrati Electrolux Professional?&#8221; col1_icon=&#8221;elx-icon icon-circle-checkmark-blue&#8221; col1_title=&#8221;Korisni\u010dka podr\u0161ka Essentia&#8221; col1_text=&#8221;Na\u0161a predanost usluzi klju\u010d je va\u0161e komparativne prednosti.&#8221; col2_icon=&#8221;elx-icon icon-circle-checkmark-blue&#8221; col2_title=&#8221;Dodatna oprema i potro\u0161ni materijali&#8221; col2_text=&#8221;Ra\u010dunajte na brzu isporuku originalne dodatne opreme i potro\u0161nog materijala \u2013 za izdr\u017eljivost, u\u010dinkovitost i sigurnost korisnika.&#8221; col3_icon=&#8221;elx-icon icon-circle-checkmark-blue&#8221; col3_title=&#8221;Rezervni dijelovi&#8221; col3_text=&#8221;55.000 rezervnih dijelova na skladi\u0161tu, dostupno najmanje 10 godina od zavr\u0161etka proizvodnje. 24 do 48 sati za slanje rezervnih dijelova bilo kamo u svijetu.&#8221;][\/vc_column][\/vc_row][vc_row el_id=&#8221;promo-contactus&#8221;][vc_column][vc_empty_space][elx_o2000_contact_us s=&#8221;Zahtjev za povratni kontakt s mre\u017ene stranice&#8221; request_type=&#8221;&#8221; country=&#8221;Croatia&#8221; b=&#8221;food&#8221; promo_mode=&#8221;true&#8221; bgcolorcontact=&#8221;bg-light-grey&#8221; r=&#8221;\u017delim saznati vi\u0161e o promociji rashladnih ure\u0111aja. Molim vas da mi se javite.&#8221; title_promo=&#8221;Obratite nam se i iskoristite ovu posebnu ponudu&#8221;][\/vc_column][\/vc_row][vc_row full_width=&#8221;electroluxpro-full-width-no-padding&#8221;][vc_column][vc_empty_space height=&#8221;40px&#8221;][elx_promo_other_promotions order_col1=&#8221;1&#8243; image_col1=&#8221;118421&#8243; order_col2=&#8221;2&#8243; image_col2=&#8221;116994&#8243; order_col3=&#8221;3&#8243; image_col3=&#8221;116995&#8243; order_col4=&#8221;4&#8243; bg_row=&#8221;bg-row-light-blue&#8221; title_col1=&#8221;Pranje posu\u0111a&#8221; link_col1=&#8221;url:https%3A%2F%2Fwww.electroluxprofessional.com%2Fhr%2Fpranje-posuda-promocija-2026%2F|title:Doznajte%20vi%C5%A1e&#8221; title_col2=&#8221;Horizontalna oprema&#8221; link_col2=&#8221;url:https%3A%2F%2Fwww.electroluxprofessional.com%2Fhr%2Fhorizontalna-oprema-promocija-kuhanja-2026|title:Doznajte%20vi%C5%A1e&#8221; title_col3=&#8221;Cook&amp;Chill&#8221; link_col3=&#8221;url:https%3A%2F%2Fwww.electroluxprofessional.com%2Fhr%2Fcookchill-promocija-2026%2F|title:Doznajte%20vi%C5%A1e&#8221; title=&#8221;Ostale promocije&#8221;][vc_empty_space height=&#8221;40px&#8221;][\/vc_column][\/vc_row]<\/p>\n","protected":false},"excerpt":{"rendered":"<p>[vc_row full_width=&#8221;electroluxpro-full-width-no-padding&#8221;][vc_column][elx_promo_top_banner title=&#8221;U\u010dinkovitost, radni u\u010dinak i u\u0161teda uz ecostore R290&#8243; carousel=&#8221;%5B%7B%22title_carousel%22%3A%22Hladnjaci%20i%20zamrziva%C4%8Di%20ecostore%20R290%22%2C%22text_carousel%22%3A%22Odaberite%20Electrolux%20Professional%20rje%C5%A1enje%20koje%20vam%20najvi%C5%A1e%20odgovara%2C%20po%20posebnoj%20cijeni.%5Cn%3Cbr%3E%3Cb%3EPromocija%20vrijedi%20od%2009.%20velja%C4%8De%20do%2030.%20lipnja%202026.%3C%2Fb%3E%5Cn%3Cbr%3EIsporuke%20za%20promocijske%20kodove%20primaju%20se%20najkasnije%20do%2031.kolovoza%202026.%5Cn%3Cbr%3E%5Cn%3Cbr%3E*pregled%20%3Ca%20href%3Dhttps%3A%2F%2Fwww.electroluxprofessional.com%2Fhr%2Fwp-content%2Fuploads%2F2026%2F02%2FElectrolux-Professional-Terms-and-conditions_HR-2026.pdf%3E%3Cb%3EUvjeti%20i%20odredbe%3C%2Fb%3E%3C%2Fa%3E%22%2C%22image_carousel%22%3A%22116993%22%2C%22link_carousel%22%3A%22url%3Ahttps%253A%252F%252Fwww.electroluxprofessional.com%252Fhr%252Flokacije-prodaje-i-servisa%252F%7Ctitle%3AOBRATITE%2520NAM%2520SE%2520I%2520NARU%25C4%258CITE%2520VE%25C4%2586%2520DANAS%22%2C%22select_type%22%3A%22link%22%7D%5D&#8221;][vc_empty_space][\/vc_column][\/vc_row][vc_row full_width=&#8221;electroluxpro-full-width-no-padding&#8221;][vc_column][elx_promo_2_3_columns_and_icons bgcolor=&#8221;bg-row-light-blue&#8221; colnumber=&#8221;3&#8243; title=&#8221;ecostore \u2013 pravi izbor&#8221; col1_icon=&#8221;elx-icon icon-circle-capacity-blue&#8221; col1_title=&#8221;Ve\u0107i kapacitet&#8221; col1_text=&#8221;Hladnjaci ecostore nude prosje\u010dno 50 litara vi\u0161e prostora od usporedivih modela na tr\u017ei\u0161tu.&#8221; col2_icon=&#8221;elx-icon icon-circle-easy-blue&#8221; col2_title=&#8221;Jednostavno \u010di\u0161\u0107enje&#8221; col2_text=&#8221;Unutra\u0161njost ure\u0111aja ima zaobljene rubove i lako uklonjive police i vodilice za police.&#8221; col3_icon=&#8221;elx-icon icon-savings-energy&#8221; col3_title=&#8221;Optimalan [&hellip;]<\/p>\n","protected":false},"author":149,"featured_media":0,"parent":0,"menu_order":0,"comment_status":"closed","ping_status":"closed","template":"template-promo.php","meta":{"footnotes":""},"class_list":["post-119788","page","type-page","status-publish","hentry"],"acf":[],"yoast_head":"<!-- This site is optimized with the Yoast SEO plugin v23.3 - https:\/\/yoast.com\/wordpress\/plugins\/seo\/ -->\n<title>Promocija rashladne opreme - Electrolux Professional Hrvatska<\/title>\n<meta name=\"robots\" content=\"index, follow, max-snippet:-1, max-image-preview:large, max-video-preview:-1\" \/>\n<link rel=\"canonical\" href=\"https:\/\/www.electroluxprofessional.com\/hr\/rashladna-oprema-promocija-2026\/\" \/>\n<meta property=\"og:locale\" content=\"hr_HR\" \/>\n<meta property=\"og:type\" content=\"article\" \/>\n<meta property=\"og:title\" content=\"Promocija rashladne opreme - Electrolux Professional Hrvatska\" \/>\n<meta property=\"og:description\" content=\"[vc_row full_width=&#8221;electroluxpro-full-width-no-padding&#8221;][vc_column][elx_promo_top_banner title=&#8221;U\u010dinkovitost, radni u\u010dinak i u\u0161teda uz ecostore R290&#8243; carousel=&#8221;%5B%7B%22title_carousel%22%3A%22Hladnjaci%20i%20zamrziva%C4%8Di%20ecostore%20R290%22%2C%22text_carousel%22%3A%22Odaberite%20Electrolux%20Professional%20rje%C5%A1enje%20koje%20vam%20najvi%C5%A1e%20odgovara%2C%20po%20posebnoj%20cijeni.%5Cn%3Cbr%3E%3Cb%3EPromocija%20vrijedi%20od%2009.%20velja%C4%8De%20do%2030.%20lipnja%202026.%3C%2Fb%3E%5Cn%3Cbr%3EIsporuke%20za%20promocijske%20kodove%20primaju%20se%20najkasnije%20do%2031.kolovoza%202026.%5Cn%3Cbr%3E%5Cn%3Cbr%3E*pregled%20%3Ca%20href%3Dhttps%3A%2F%2Fwww.electroluxprofessional.com%2Fhr%2Fwp-content%2Fuploads%2F2026%2F02%2FElectrolux-Professional-Terms-and-conditions_HR-2026.pdf%3E%3Cb%3EUvjeti%20i%20odredbe%3C%2Fb%3E%3C%2Fa%3E%22%2C%22image_carousel%22%3A%22116993%22%2C%22link_carousel%22%3A%22url%3Ahttps%253A%252F%252Fwww.electroluxprofessional.com%252Fhr%252Flokacije-prodaje-i-servisa%252F%7Ctitle%3AOBRATITE%2520NAM%2520SE%2520I%2520NARU%25C4%258CITE%2520VE%25C4%2586%2520DANAS%22%2C%22select_type%22%3A%22link%22%7D%5D&#8221;][vc_empty_space][\/vc_column][\/vc_row][vc_row full_width=&#8221;electroluxpro-full-width-no-padding&#8221;][vc_column][elx_promo_2_3_columns_and_icons bgcolor=&#8221;bg-row-light-blue&#8221; colnumber=&#8221;3&#8243; title=&#8221;ecostore \u2013 pravi izbor&#8221; col1_icon=&#8221;elx-icon icon-circle-capacity-blue&#8221; col1_title=&#8221;Ve\u0107i kapacitet&#8221; col1_text=&#8221;Hladnjaci ecostore nude prosje\u010dno 50 litara vi\u0161e prostora od usporedivih modela na tr\u017ei\u0161tu.&#8221; col2_icon=&#8221;elx-icon icon-circle-easy-blue&#8221; col2_title=&#8221;Jednostavno \u010di\u0161\u0107enje&#8221; col2_text=&#8221;Unutra\u0161njost ure\u0111aja ima zaobljene rubove i lako uklonjive police i vodilice za police.&#8221; col3_icon=&#8221;elx-icon icon-savings-energy&#8221; col3_title=&#8221;Optimalan [&hellip;]\" \/>\n<meta property=\"og:url\" content=\"https:\/\/www.electroluxprofessional.com\/hr\/rashladna-oprema-promocija-2026\/\" \/>\n<meta property=\"og:site_name\" content=\"Electrolux Professional Hrvatska\" \/>\n<meta property=\"article:modified_time\" content=\"2026-03-23T14:26:56+00:00\" \/>\n<meta name=\"twitter:card\" content=\"summary_large_image\" \/>\n<meta name=\"twitter:label1\" content=\"Procijenjeno vrijeme \u010ditanja\" \/>\n\t<meta name=\"twitter:data1\" content=\"2 minute\" \/>\n<script type=\"application\/ld+json\" class=\"yoast-schema-graph\">{\"@context\":\"https:\/\/schema.org\",\"@graph\":[{\"@type\":\"WebPage\",\"@id\":\"https:\/\/www.electroluxprofessional.com\/hr\/rashladna-oprema-promocija-2026\/\",\"url\":\"https:\/\/www.electroluxprofessional.com\/hr\/rashladna-oprema-promocija-2026\/\",\"name\":\"Promocija rashladne opreme - Electrolux Professional Hrvatska\",\"isPartOf\":{\"@id\":\"https:\/\/www.electroluxprofessional.com\/hr\/#website\"},\"datePublished\":\"2026-03-15T10:33:35+00:00\",\"dateModified\":\"2026-03-23T14:26:56+00:00\",\"breadcrumb\":{\"@id\":\"https:\/\/www.electroluxprofessional.com\/hr\/rashladna-oprema-promocija-2026\/#breadcrumb\"},\"inLanguage\":\"hr\",\"potentialAction\":[{\"@type\":\"ReadAction\",\"target\":[\"https:\/\/www.electroluxprofessional.com\/hr\/rashladna-oprema-promocija-2026\/\"]}]},{\"@type\":\"BreadcrumbList\",\"@id\":\"https:\/\/www.electroluxprofessional.com\/hr\/rashladna-oprema-promocija-2026\/#breadcrumb\",\"itemListElement\":[{\"@type\":\"ListItem\",\"position\":1,\"name\":\"Po\u010detna stranica\",\"item\":\"https:\/\/www.electroluxprofessional.com\/hr\/\"},{\"@type\":\"ListItem\",\"position\":2,\"name\":\"Promocija rashladne opreme\"}]},{\"@type\":\"WebSite\",\"@id\":\"https:\/\/www.electroluxprofessional.com\/hr\/#website\",\"url\":\"https:\/\/www.electroluxprofessional.com\/hr\/\",\"name\":\"Electrolux Professional Hrvatska\",\"description\":\"\",\"potentialAction\":[{\"@type\":\"SearchAction\",\"target\":{\"@type\":\"EntryPoint\",\"urlTemplate\":\"https:\/\/www.electroluxprofessional.com\/hr\/?src={search_term_string}\"},\"query-input\":\"required name=search_term_string\"}],\"inLanguage\":\"hr\"}]}<\/script>\n<!-- \/ Yoast SEO plugin. -->","yoast_head_json":{"title":"Promocija rashladne opreme - Electrolux Professional Hrvatska","robots":{"index":"index","follow":"follow","max-snippet":"max-snippet:-1","max-image-preview":"max-image-preview:large","max-video-preview":"max-video-preview:-1"},"canonical":"https:\/\/www.electroluxprofessional.com\/hr\/rashladna-oprema-promocija-2026\/","og_locale":"hr_HR","og_type":"article","og_title":"Promocija rashladne opreme - Electrolux Professional Hrvatska","og_description":"[vc_row full_width=&#8221;electroluxpro-full-width-no-padding&#8221;][vc_column][elx_promo_top_banner title=&#8221;U\u010dinkovitost, radni u\u010dinak i u\u0161teda uz ecostore R290&#8243; carousel=&#8221;%5B%7B%22title_carousel%22%3A%22Hladnjaci%20i%20zamrziva%C4%8Di%20ecostore%20R290%22%2C%22text_carousel%22%3A%22Odaberite%20Electrolux%20Professional%20rje%C5%A1enje%20koje%20vam%20najvi%C5%A1e%20odgovara%2C%20po%20posebnoj%20cijeni.%5Cn%3Cbr%3E%3Cb%3EPromocija%20vrijedi%20od%2009.%20velja%C4%8De%20do%2030.%20lipnja%202026.%3C%2Fb%3E%5Cn%3Cbr%3EIsporuke%20za%20promocijske%20kodove%20primaju%20se%20najkasnije%20do%2031.kolovoza%202026.%5Cn%3Cbr%3E%5Cn%3Cbr%3E*pregled%20%3Ca%20href%3Dhttps%3A%2F%2Fwww.electroluxprofessional.com%2Fhr%2Fwp-content%2Fuploads%2F2026%2F02%2FElectrolux-Professional-Terms-and-conditions_HR-2026.pdf%3E%3Cb%3EUvjeti%20i%20odredbe%3C%2Fb%3E%3C%2Fa%3E%22%2C%22image_carousel%22%3A%22116993%22%2C%22link_carousel%22%3A%22url%3Ahttps%253A%252F%252Fwww.electroluxprofessional.com%252Fhr%252Flokacije-prodaje-i-servisa%252F%7Ctitle%3AOBRATITE%2520NAM%2520SE%2520I%2520NARU%25C4%258CITE%2520VE%25C4%2586%2520DANAS%22%2C%22select_type%22%3A%22link%22%7D%5D&#8221;][vc_empty_space][\/vc_column][\/vc_row][vc_row full_width=&#8221;electroluxpro-full-width-no-padding&#8221;][vc_column][elx_promo_2_3_columns_and_icons bgcolor=&#8221;bg-row-light-blue&#8221; colnumber=&#8221;3&#8243; title=&#8221;ecostore \u2013 pravi izbor&#8221; col1_icon=&#8221;elx-icon icon-circle-capacity-blue&#8221; col1_title=&#8221;Ve\u0107i kapacitet&#8221; col1_text=&#8221;Hladnjaci ecostore nude prosje\u010dno 50 litara vi\u0161e prostora od usporedivih modela na tr\u017ei\u0161tu.&#8221; col2_icon=&#8221;elx-icon icon-circle-easy-blue&#8221; col2_title=&#8221;Jednostavno \u010di\u0161\u0107enje&#8221; col2_text=&#8221;Unutra\u0161njost ure\u0111aja ima zaobljene rubove i lako uklonjive police i vodilice za police.&#8221; col3_icon=&#8221;elx-icon icon-savings-energy&#8221; col3_title=&#8221;Optimalan [&hellip;]","og_url":"https:\/\/www.electroluxprofessional.com\/hr\/rashladna-oprema-promocija-2026\/","og_site_name":"Electrolux Professional Hrvatska","article_modified_time":"2026-03-23T14:26:56+00:00","twitter_card":"summary_large_image","twitter_misc":{"Procijenjeno vrijeme \u010ditanja":"2 minute"},"schema":{"@context":"https:\/\/schema.org","@graph":[{"@type":"WebPage","@id":"https:\/\/www.electroluxprofessional.com\/hr\/rashladna-oprema-promocija-2026\/","url":"https:\/\/www.electroluxprofessional.com\/hr\/rashladna-oprema-promocija-2026\/","name":"Promocija rashladne opreme - Electrolux Professional Hrvatska","isPartOf":{"@id":"https:\/\/www.electroluxprofessional.com\/hr\/#website"},"datePublished":"2026-03-15T10:33:35+00:00","dateModified":"2026-03-23T14:26:56+00:00","breadcrumb":{"@id":"https:\/\/www.electroluxprofessional.com\/hr\/rashladna-oprema-promocija-2026\/#breadcrumb"},"inLanguage":"hr","potentialAction":[{"@type":"ReadAction","target":["https:\/\/www.electroluxprofessional.com\/hr\/rashladna-oprema-promocija-2026\/"]}]},{"@type":"BreadcrumbList","@id":"https:\/\/www.electroluxprofessional.com\/hr\/rashladna-oprema-promocija-2026\/#breadcrumb","itemListElement":[{"@type":"ListItem","position":1,"name":"Po\u010detna stranica","item":"https:\/\/www.electroluxprofessional.com\/hr\/"},{"@type":"ListItem","position":2,"name":"Promocija rashladne opreme"}]},{"@type":"WebSite","@id":"https:\/\/www.electroluxprofessional.com\/hr\/#website","url":"https:\/\/www.electroluxprofessional.com\/hr\/","name":"Electrolux Professional Hrvatska","description":"","potentialAction":[{"@type":"SearchAction","target":{"@type":"EntryPoint","urlTemplate":"https:\/\/www.electroluxprofessional.com\/hr\/?src={search_term_string}"},"query-input":"required name=search_term_string"}],"inLanguage":"hr"}]}},"_links":{"self":[{"href":"https:\/\/www.electroluxprofessional.com\/hr\/wp-json\/wp\/v2\/pages\/119788"}],"collection":[{"href":"https:\/\/www.electroluxprofessional.com\/hr\/wp-json\/wp\/v2\/pages"}],"about":[{"href":"https:\/\/www.electroluxprofessional.com\/hr\/wp-json\/wp\/v2\/types\/page"}],"author":[{"embeddable":true,"href":"https:\/\/www.electroluxprofessional.com\/hr\/wp-json\/wp\/v2\/users\/149"}],"replies":[{"embeddable":true,"href":"https:\/\/www.electroluxprofessional.com\/hr\/wp-json\/wp\/v2\/comments?post=119788"}],"version-history":[{"count":12,"href":"https:\/\/www.electroluxprofessional.com\/hr\/wp-json\/wp\/v2\/pages\/119788\/revisions"}],"predecessor-version":[{"id":120033,"href":"https:\/\/www.electroluxprofessional.com\/hr\/wp-json\/wp\/v2\/pages\/119788\/revisions\/120033"}],"wp:attachment":[{"href":"https:\/\/www.electroluxprofessional.com\/hr\/wp-json\/wp\/v2\/media?parent=119788"}],"curies":[{"name":"wp","href":"https:\/\/api.w.org\/{rel}","templated":true}]}}