{"id":119786,"date":"2026-03-15T10:34:45","date_gmt":"2026-03-15T10:34:45","guid":{"rendered":"https:\/\/www.electroluxprofessional.com\/hr\/?page_id=119786"},"modified":"2026-03-15T10:34:45","modified_gmt":"2026-03-15T10:34:45","slug":"pranje-posuda-promocija-2026","status":"publish","type":"page","link":"https:\/\/www.electroluxprofessional.com\/hr\/pranje-posuda-promocija-2026\/","title":{"rendered":"Pranje posu\u0111a promocija"},"content":{"rendered":"<p>[vc_row full_width=&#8221;electroluxpro-full-width-no-padding&#8221;][vc_column content_position=&#8221;center&#8221; el_class=&#8221;text-center&#8221;][elx_promo_top_banner title=&#8221;Uvijek ne\u0161to posebno: Pranje posu\u0111a&#8221; carousel=&#8221;%5B%7B%22text_carousel%22%3A%22Odaberite%20opremu%20tvrtke%20Electrolux%20Professional%20po%20posebnim%20cijenama.%5Cn%3Cbr%3E%3Cb%3EPromocija%20vrijedi%20od%209.%20velja%C4%8De%20do%2030.%20lipnja%202026.%3C%2Fb%3E%5Cn%3Cbr%3EIsporuke%20za%20promocijske%20kodove%20primaju%20se%20najkasnije%20do%2031.%20kolovoza%202026.%5Cn%3Cbr%3E%5Cn%3Cbr%3E*pregled%20%3Ca%20href%3Dhttps%3A%2F%2Fwww.electroluxprofessional.com%2Fhr%2Fwp-content%2Fuploads%2F2026%2F02%2FElectrolux-Professional-Terms-and-conditions_HR-2026.pdf%3E%3Cb%3EUvjeti%20i%20odredbe%3C%2Fb%3E%3C%2Fa%3E%5Cn%22%2C%22image_carousel%22%3A%22118372%22%2C%22link_carousel%22%3A%22url%3Ahttps%253A%252F%252Fwww.electroluxprofessional.com%252Fhr%252Flokacije-prodaje-i-servisa%252F%7Ctitle%3AOBRATITE%2520NAM%2520SE%2520I%2520NARU%25C4%258CITE%2520VE%25C4%2586%2520DANAS%22%2C%22select_type%22%3A%22link%22%7D%5D&#8221;][vc_empty_space height=&#8221;40px&#8221;][\/vc_column][\/vc_row][vc_row full_width=&#8221;electroluxpro-full-width-no-padding&#8221;][vc_column][elx_promo_download_leaflet bg_row=&#8221;bg-light-grey&#8221; style_image=&#8221;image_square&#8221; title=&#8221;Za vi\u0161e informacija preuzmite promocijski letak.&#8221; single_image=&#8221;119784&#8243; link_download=&#8221;url:https%3A%2F%2Fwww.electroluxprofessional.com%2Fhr%2Fwp-content%2Fuploads%2F2026%2F03%2FDishwashing-promotion-leaflet-2026-HRV-LR.pdf|title:PREUZMI%20PDF|target:_blank&#8221;]U letku se nalaze sve pojedinosti o promociji kako biste bolje razumjeli ponudu i povezane prednosti.[\/elx_promo_download_leaflet][\/vc_column][\/vc_row][vc_row el_id=&#8221;product&#8221;][vc_column][elx_promo_products_showcase order_col1=&#8221;1&#8243; image_col1=&#8221;117021&#8243; order_col2=&#8221;2&#8243; image_col2=&#8221;118289&#8243; order_col3=&#8221;3&#8243; image_col3=&#8221;118302&#8243; bg_color=&#8221;bg-light-grey&#8221; title=&#8221;Odaberite proizvode koji se uklapaju u va\u0161e poslovanje!&#8221; title_col1=&#8221;Perilica posu\u0111a s haubom&#8221; prodcode_col1=&#8221;505089&#8243; title_col2=&#8221;Perilica \u010da\u0161a \u2013 dvostruka stijenka&#8221; link_col1=&#8221;url:https%3A%2F%2Ftools.electroluxprofessional.com%2FMirror%2FDoc%2FMAD2%2FElectrolux%2520Professional%2FCroatian%2FHood%2520Type%2520Dishwasher%2520-%252080r-hr_505089_Croatian.pdf%3Fversion%3D1715158604|title:Pogledajte%20tehni%C4%8Dki%20list|target:_blank&#8221; prodcode_col2=&#8221;402202&#8243; link_col2=&#8221;url:https%3A%2F%2Ftools.electroluxprofessional.com%2FMirror%2FDoc%2FMAD2%2FElectrolux%2520Professional%2FCroatian%2F402202_Small%2520Double%2520Skin%2520Glasswasher%2C%25201%2520cycle%2C%2520drain%2520pump%2C%2520detergent%2520and%2520rinse%2520aid%2520dispensers%2C%252030b_h.pdf%3Fversion%3D1737537832|title:Pogledajte%20tehni%C4%8Dki%20list|target:_blank&#8221; link_col3=&#8221;url:https%3A%2F%2Ftools.electroluxprofessional.com%2FMirror%2FDoc%2FMAD2%2FElectrolux%2520Professional%2FCroatian%2F402216_Small%2520Double%2520Skin%2520GW%2C%2520electronic%2C%2520cold%2520rinse%2C%2520detergent%2520disp%2C%2520rinse%2520aid%2520dispenser%2520%26%2520drain%2520pum.pdf%3Fversion%3D1771800423%26_gl%3D1*g7dw14*_up*MQ..*_ga*MTQ3MjMxNzE0LjE3NzE4MDA0MjI.*_ga_MNVYVN9CET*czE3NzE4MDA0MjEkbzEkZzEkdDE3NzE4MDA0MjYkajU1JGwwJGgw*_ga_28J7B14W8H*czE3NzE4MDA0MjEkbzEkZzEkdDE3NzE4MDA0MjYkajU1JGwwJGgw|title:Pogledajte%20tehni%C4%8Dki%20list&#8221; price_col1=&#8221;2.980 \u20ac&#8221; price_col2=&#8221;1.565 \u20ac&#8221; title_col3=&#8221;Perilica \u010da\u0161a&#8221; prodcode_col3=&#8221;402216&#8243; price_col3=&#8221;1.700 \u20ac&#8221;][elx_promo_products_showcase order_col1=&#8221;3&#8243; image_col1=&#8221;119996&#8243; order_col2=&#8221;1&#8243; image_col2=&#8221;119730&#8243; order_col3=&#8221;2&#8243; image_col3=&#8221;119730&#8243; bg_color=&#8221;bg-light-grey&#8221; link_col1=&#8221;url:https%3A%2F%2Ftools.electroluxprofessional.com%2FMirror%2FDoc%2FMAD2%2FElectrolux%2520Professional%2FCroatian%2F402187_Small%2520Single%2520Skin%2520Glasswasher%2C%2520rinse%2520aid%2520pump%2C%252040r_h_Croatian.pdf%3Fversion%3D1773200548%26_gl%3D1*1fk8l9d*_up*MQ..*_ga*MjExOTQ4ODAxOS4xNzczMTk4MDQx*_ga_MNVYVN9CET*czE3NzMxOTk5MjQkbzIkZzEkdDE3NzMyMDA1NTEkajU2JGwwJGgw*_ga_28J7B14W8H*czE3NzMxOTk5MjQkbzIkZzEkdDE3NzMyMDA1NTEkajU2JGwwJGgw|title:Pogledajte%20tehni%C4%8Dki%20list|target:_blank&#8221; title_col2=&#8221;Podpultna perilica posu\u0111a<br \/>\nNeoBlue Touch L&#8221; prodcode_col2=&#8221;400320&#8243; price_col2=&#8221;1.810 \u20ac&#8221; link_col2=&#8221;url:https%3A%2F%2Ftools.electroluxprofessional.com%2FMirror%2FDoc%2FMAD2%2FElectrolux%2520Professional%2FCroatian%2F400320_NeoBlue%2520Touch%2520Undercounter%2520DW%2520(L)%2520with%2520pressure%2520boiler%2520in%2520AISI304%2C%2520rinse%2520aid%2520%26%2520drain%2520pumps%2C%2520m.pdf%3Fversion%3D1747724366|title:Pogledajte%20tehni%C4%8Dki%20list|target:_blank&#8221; title_col3=&#8221;Podpultna perilica posu\u0111a<br \/>\nNeoBlue Touch+ L&#8221; prodcode_col3=&#8221;400313&#8243; price_col3=&#8221;2.150 \u20ac&#8221; link_col3=&#8221;url:https%3A%2F%2Ftools.electroluxprofessional.com%2FMirror%2FDoc%2FMAD2%2FElectrolux%2520Professional%2FCroatian%2F400313_Undercounter%2520Dishwasher%2520(L)%2C%2520touch%2520control%2C%2520single%2520skin%2520with%2520pressure%2520boiler%2520in%2520AISI%2520304%2C%2520rin.pdf%3Fversion%3D1737965549|title:Pogledajte%20tehni%C4%8Dki%20list&#8221; title_col1=&#8221;Perilica \u010da\u0161a NeoBlue S&#8221; prodcode_col1=&#8221;402187&#8243; price_col1=&#8221;1.190 \u20ac&#8221;][\/vc_column][\/vc_row][vc_row full_width=&#8221;electroluxpro-full-width-no-padding&#8221;][vc_column][vc_empty_space][vc_column_text]<\/p>\n<h2 style=\"text-align: center;\">Dodatna oprema:<\/h2>\n<p>[\/vc_column_text][vc_column_text]<\/p>\n<h3 style=\"text-align: left;\">\u00a0 \u00a0 \u00a0 \u00a0 \u00a0 \u00a0 \u00a0 \u00a0 \u00a0 \u00a0 \u00a0 \u00a0 \u00a0 \u00a0 \u00a0 \u00a0 \u00a0 \u00a0 \u00a0 \u00a0 \u00a0 \u00a0 \u00a0 \u00a0 \u00a0 \u00a0 \u00a0 \u00a0 \u00a0 \u00a0 \u00a0 \u00a0 \u00a0 \u00a0 \u00a0 \u00a0 \u00a0 \u00a0 \u00a0 867085\u00a0 \u00a0 \u00a0 \u00a0Komplet dozatora deterd\u017eenta\u00a0 \u00a0 \u00a0 \u00a0 \u00a0 \u00a0 115 \u20ac<\/h3>\n<h3 style=\"text-align: left;\">\u00a0 \u00a0 \u00a0 \u00a0 \u00a0 \u00a0 \u00a0 \u00a0 \u00a0 \u00a0 \u00a0 \u00a0 \u00a0 \u00a0 \u00a0 \u00a0 \u00a0 \u00a0 \u00a0 \u00a0 \u00a0 \u00a0 \u00a0 \u00a0 \u00a0 \u00a0 \u00a0 \u00a0 \u00a0 \u00a0 \u00a0 \u00a0 \u00a0 \u00a0 \u00a0 \u00a0 \u00a0 \u00a0 \u00a0 864497\u00a0 \u00a0 \u00a0 \u00a0Set pumpa za ispust\u00a0 \u00a0 \u00a0 \u00a0 \u00a0 \u00a0 \u00a0 \u00a0 \u00a0 \u00a0 \u00a0 \u00a0 \u00a0 140 \u20ac<\/h3>\n<p>[\/vc_column_text][vc_empty_space][\/vc_column][vc_column][\/vc_column][\/vc_row][vc_row full_width=&#8221;electroluxpro-full-width-no-padding&#8221;][vc_column][vc_empty_space height=&#8221;40px&#8221;][elx_promo_why_2_3_columns_texts_icons bgcolor=&#8221;bg-row-light-blue&#8221; colnumber=&#8221;3&#8243; title=&#8221;Za\u0161to odabrati Electrolux Professional?&#8221; col1_icon=&#8221;elx-icon icon-circle-arrow-down-blue&#8221; col1_title=&#8221;Korisni\u010dka podr\u0161ka Essentia&#8221; col1_text=&#8221;Na\u0161a predanost usluzi klju\u010d je va\u0161e komparativne prednosti.&#8221; col2_icon=&#8221;elx-icon icon-circle-arrow-down-blue&#8221; col2_title=&#8221;Dodatna oprema i potro\u0161ni materijali&#8221; col2_text=&#8221;Ra\u010dunajte na brzu isporuku originalne dodatne opreme i potro\u0161nog materijala \u2013 za izdr\u017eljivost, u\u010dinkovitost i sigurnost korisnika.&#8221; col3_icon=&#8221;elx-icon icon-circle-arrow-down-blue&#8221; col3_title=&#8221;Rezervni dijelovi&#8221; col3_text=&#8221;55.000 rezervnih dijelova na skladi\u0161tu, dostupno najmanje 10 godina od zavr\u0161etka proizvodnje. 24 do 48 sati za slanje rezervnih dijelova bilo kamo u svijetu.&#8221;][vc_empty_space height=&#8221;40px&#8221;][elx_promo_2_3_columns_and_icons bgcolor=&#8221;bg-row-light-blue&#8221; colnumber=&#8221;3&#8243; title=&#8221;Izvanredna u\u010dinkovitost i higijena&#8221; col1_icon=&#8221;elx-icon icon-circle-clean-blue&#8221; col1_title=&#8221;Izvrsni rezultati pranja i ispiranja&#8221; col1_text=&#8221;Idealna perilica posu\u0111a s iznimnim uklanjanjem deterd\u017eenta: za tanjure, \u0161alice, pribor za kuhanje, pladnjeve, gastroposude i pribor za jelo.&#8221; col2_icon=&#8221;elx-icon icon-circle-bacteria-blue&#8221; col2_title=&#8221;Idealna perilica posu\u0111a s iznimnim uklanjanjem deterd\u017eenta: za tanjure, \u0161alice, pribor za kuhanje, pladnjeve, gastroposude i pribor za jelo.&#8221; col2_text=&#8221;Sna\u017ean pritisak vode i savr\u0161eni rezultati zahvaljuju\u0107i dvostrukim gornjim i donjim mlaznicama za pranje i ispiranje na odabranim modelima.&#8221; col3_icon=&#8221;elx-icon icon-circle-easy-blue&#8221; col3_title=&#8221;Jednostavno za upotrebu i odr\u017eavanje&#8221; col3_text=&#8221;Uz lako vidljiv zaslon, temperaturu u ure\u0111aju mo\u017eete stalno dr\u017eati na oku. Elektroni\u010dki upravlja\u010dki sustav opremljen samostalnom dijagnostikom problema i jednostavan za kori\u0161tenje.&#8221;][elx_promo_2_3_columns_and_icons bgcolor=&#8221;bg-row-sustainability-green&#8221; title=&#8221;Briga o okoli\u0161u&#8221; col1_icon=&#8221;elx-icon icon-circle-savings-green-blue&#8221; col1_title=&#8221;U\u0161teda tro\u0161kova rada&#8221; col1_text=&#8221;Manja potro\u0161nja vode, elektri\u010dne energije, deterd\u017eenta i sjajila za ispiranje vodi do manjih tro\u0161kova rada i manje \u0161tetnih utjecaja na okoli\u0161.&#8221; col2_title=&#8221;Optimalno radno okru\u017eje&#8221; col2_text=&#8221;Dizajn vrata i ku\u0107i\u0161ta s dvostrukom stijenkom osigurava ti\u0161i rad i manje rasipanje topline.&#8221; col2_icon=&#8221;elx-icon icon-circle-star-perfomance-blue&#8221;][\/vc_column][\/vc_row][vc_row el_id=&#8221;promo-contactus&#8221;][vc_column][elx_o2000_contact_us s=&#8221;\u017delim saznati vi\u0161e o usluzi Essentia. Molim vas da mi se javite.&#8221; request_type=&#8221;&#8221; country=&#8221;Croatia&#8221; b=&#8221;food&#8221; promo_mode=&#8221;true&#8221; bgcolorcontact=&#8221;bg-light-grey&#8221; r=&#8221;\u017delim saznati vi\u0161e o promociji pranja posu\u0111a. Molim vas da mi se javite.&#8221; title_promo=&#8221;Obratite nam se i iskoristite ovu posebnu ponudu.&#8221;][\/vc_column][\/vc_row][vc_row full_width=&#8221;electroluxpro-full-width-no-padding&#8221;][vc_column][vc_empty_space height=&#8221;40px&#8221;][elx_promo_other_promotions order_col1=&#8221;1&#8243; image_col1=&#8221;116994&#8243; order_col2=&#8221;2&#8243; image_col2=&#8221;116995&#8243; order_col3=&#8221;3&#8243; image_col3=&#8221;117017&#8243; order_col4=&#8221;4&#8243; image_col4=&#8221;50853&#8243; bg_row=&#8221;bg-row-light-blue&#8221; title=&#8221;Ostale promocije&#8221; title_col1=&#8221;Horizontalna oprema&#8221; link_col1=&#8221;url:https%3A%2F%2Fwww.electroluxprofessional.com%2Fhr%2Fhorizontalna-oprema-promocija-kuhanja-2026|title:Doznajte%20vi%C5%A1e&#8221; title_col2=&#8221;Cook&amp;Chill&#8221; link_col2=&#8221;url:https%3A%2F%2Fwww.electroluxprofessional.com%2Fhr%2Fcookchill-promocija-2026%2F|title:Doznajte%20vi%C5%A1e|target:_blank&#8221; title_col3=&#8221;Rashladna oprema&#8221; link_col3=&#8221;url:%20https%3A%2F%2Fwww.electroluxprofessional.com%2Fhr%2Frashladna-oprema-promocija-2026%2F|title:Doznajte%20vi%C5%A1e|target:_blank&#8221; link_col4=&#8221;target:_blank&#8221;][vc_empty_space height=&#8221;40px&#8221;][\/vc_column][\/vc_row]<\/p>\n","protected":false},"excerpt":{"rendered":"<p>[vc_row full_width=&#8221;electroluxpro-full-width-no-padding&#8221;][vc_column content_position=&#8221;center&#8221; el_class=&#8221;text-center&#8221;][elx_promo_top_banner title=&#8221;Uvijek ne\u0161to posebno: Pranje posu\u0111a&#8221; carousel=&#8221;%5B%7B%22text_carousel%22%3A%22Odaberite%20opremu%20tvrtke%20Electrolux%20Professional%20po%20posebnim%20cijenama.%5Cn%3Cbr%3E%3Cb%3EPromocija%20vrijedi%20od%209.%20velja%C4%8De%20do%2030.%20lipnja%202026.%3C%2Fb%3E%5Cn%3Cbr%3EIsporuke%20za%20promocijske%20kodove%20primaju%20se%20najkasnije%20do%2031.%20kolovoza%202026.%5Cn%3Cbr%3E%5Cn%3Cbr%3E*pregled%20%3Ca%20href%3Dhttps%3A%2F%2Fwww.electroluxprofessional.com%2Fhr%2Fwp-content%2Fuploads%2F2026%2F02%2FElectrolux-Professional-Terms-and-conditions_HR-2026.pdf%3E%3Cb%3EUvjeti%20i%20odredbe%3C%2Fb%3E%3C%2Fa%3E%5Cn%22%2C%22image_carousel%22%3A%22118372%22%2C%22link_carousel%22%3A%22url%3Ahttps%253A%252F%252Fwww.electroluxprofessional.com%252Fhr%252Flokacije-prodaje-i-servisa%252F%7Ctitle%3AOBRATITE%2520NAM%2520SE%2520I%2520NARU%25C4%258CITE%2520VE%25C4%2586%2520DANAS%22%2C%22select_type%22%3A%22link%22%7D%5D&#8221;][vc_empty_space height=&#8221;40px&#8221;][\/vc_column][\/vc_row][vc_row full_width=&#8221;electroluxpro-full-width-no-padding&#8221;][vc_column][elx_promo_download_leaflet bg_row=&#8221;bg-light-grey&#8221; style_image=&#8221;image_square&#8221; title=&#8221;Za vi\u0161e informacija preuzmite promocijski letak.&#8221; single_image=&#8221;119784&#8243; link_download=&#8221;url:https%3A%2F%2Fwww.electroluxprofessional.com%2Fhr%2Fwp-content%2Fuploads%2F2026%2F03%2FDishwashing-promotion-leaflet-2026-HRV-LR.pdf|title:PREUZMI%20PDF|target:_blank&#8221;]U letku se nalaze sve pojedinosti o promociji kako biste bolje razumjeli ponudu i povezane prednosti.[\/elx_promo_download_leaflet][\/vc_column][\/vc_row][vc_row el_id=&#8221;product&#8221;][vc_column][elx_promo_products_showcase order_col1=&#8221;1&#8243; image_col1=&#8221;117021&#8243; order_col2=&#8221;2&#8243; image_col2=&#8221;118289&#8243; order_col3=&#8221;3&#8243; image_col3=&#8221;118302&#8243; bg_color=&#8221;bg-light-grey&#8221; title=&#8221;Odaberite proizvode koji se uklapaju u va\u0161e poslovanje!&#8221; title_col1=&#8221;Perilica posu\u0111a [&hellip;]<\/p>\n","protected":false},"author":149,"featured_media":0,"parent":0,"menu_order":0,"comment_status":"closed","ping_status":"closed","template":"template-promo.php","meta":{"footnotes":""},"class_list":["post-119786","page","type-page","status-publish","hentry"],"acf":[],"yoast_head":"<!-- This site is optimized with the Yoast SEO plugin v23.3 - https:\/\/yoast.com\/wordpress\/plugins\/seo\/ -->\n<title>Pranje posu\u0111a promocija - Electrolux Professional Hrvatska<\/title>\n<meta name=\"robots\" content=\"index, follow, max-snippet:-1, max-image-preview:large, max-video-preview:-1\" \/>\n<link rel=\"canonical\" href=\"https:\/\/www.electroluxprofessional.com\/hr\/pranje-posuda-promocija-2026\/\" \/>\n<meta property=\"og:locale\" content=\"hr_HR\" \/>\n<meta property=\"og:type\" content=\"article\" \/>\n<meta property=\"og:title\" content=\"Pranje posu\u0111a promocija - Electrolux Professional Hrvatska\" \/>\n<meta property=\"og:description\" content=\"[vc_row full_width=&#8221;electroluxpro-full-width-no-padding&#8221;][vc_column content_position=&#8221;center&#8221; el_class=&#8221;text-center&#8221;][elx_promo_top_banner title=&#8221;Uvijek ne\u0161to posebno: Pranje posu\u0111a&#8221; carousel=&#8221;%5B%7B%22text_carousel%22%3A%22Odaberite%20opremu%20tvrtke%20Electrolux%20Professional%20po%20posebnim%20cijenama.%5Cn%3Cbr%3E%3Cb%3EPromocija%20vrijedi%20od%209.%20velja%C4%8De%20do%2030.%20lipnja%202026.%3C%2Fb%3E%5Cn%3Cbr%3EIsporuke%20za%20promocijske%20kodove%20primaju%20se%20najkasnije%20do%2031.%20kolovoza%202026.%5Cn%3Cbr%3E%5Cn%3Cbr%3E*pregled%20%3Ca%20href%3Dhttps%3A%2F%2Fwww.electroluxprofessional.com%2Fhr%2Fwp-content%2Fuploads%2F2026%2F02%2FElectrolux-Professional-Terms-and-conditions_HR-2026.pdf%3E%3Cb%3EUvjeti%20i%20odredbe%3C%2Fb%3E%3C%2Fa%3E%5Cn%22%2C%22image_carousel%22%3A%22118372%22%2C%22link_carousel%22%3A%22url%3Ahttps%253A%252F%252Fwww.electroluxprofessional.com%252Fhr%252Flokacije-prodaje-i-servisa%252F%7Ctitle%3AOBRATITE%2520NAM%2520SE%2520I%2520NARU%25C4%258CITE%2520VE%25C4%2586%2520DANAS%22%2C%22select_type%22%3A%22link%22%7D%5D&#8221;][vc_empty_space height=&#8221;40px&#8221;][\/vc_column][\/vc_row][vc_row full_width=&#8221;electroluxpro-full-width-no-padding&#8221;][vc_column][elx_promo_download_leaflet bg_row=&#8221;bg-light-grey&#8221; style_image=&#8221;image_square&#8221; title=&#8221;Za vi\u0161e informacija preuzmite promocijski letak.&#8221; single_image=&#8221;119784&#8243; link_download=&#8221;url:https%3A%2F%2Fwww.electroluxprofessional.com%2Fhr%2Fwp-content%2Fuploads%2F2026%2F03%2FDishwashing-promotion-leaflet-2026-HRV-LR.pdf|title:PREUZMI%20PDF|target:_blank&#8221;]U letku se nalaze sve pojedinosti o promociji kako biste bolje razumjeli ponudu i povezane prednosti.[\/elx_promo_download_leaflet][\/vc_column][\/vc_row][vc_row el_id=&#8221;product&#8221;][vc_column][elx_promo_products_showcase order_col1=&#8221;1&#8243; image_col1=&#8221;117021&#8243; order_col2=&#8221;2&#8243; image_col2=&#8221;118289&#8243; order_col3=&#8221;3&#8243; image_col3=&#8221;118302&#8243; bg_color=&#8221;bg-light-grey&#8221; title=&#8221;Odaberite proizvode koji se uklapaju u va\u0161e poslovanje!&#8221; title_col1=&#8221;Perilica posu\u0111a [&hellip;]\" \/>\n<meta property=\"og:url\" content=\"https:\/\/www.electroluxprofessional.com\/hr\/pranje-posuda-promocija-2026\/\" \/>\n<meta property=\"og:site_name\" content=\"Electrolux Professional Hrvatska\" \/>\n<meta name=\"twitter:card\" content=\"summary_large_image\" \/>\n<meta name=\"twitter:label1\" content=\"Procijenjeno vrijeme \u010ditanja\" \/>\n\t<meta name=\"twitter:data1\" content=\"5 minuta\" \/>\n<script type=\"application\/ld+json\" class=\"yoast-schema-graph\">{\"@context\":\"https:\/\/schema.org\",\"@graph\":[{\"@type\":\"WebPage\",\"@id\":\"https:\/\/www.electroluxprofessional.com\/hr\/pranje-posuda-promocija-2026\/\",\"url\":\"https:\/\/www.electroluxprofessional.com\/hr\/pranje-posuda-promocija-2026\/\",\"name\":\"Pranje posu\u0111a promocija - Electrolux Professional Hrvatska\",\"isPartOf\":{\"@id\":\"https:\/\/www.electroluxprofessional.com\/hr\/#website\"},\"datePublished\":\"2026-03-15T10:34:45+00:00\",\"dateModified\":\"2026-03-15T10:34:45+00:00\",\"breadcrumb\":{\"@id\":\"https:\/\/www.electroluxprofessional.com\/hr\/pranje-posuda-promocija-2026\/#breadcrumb\"},\"inLanguage\":\"hr\",\"potentialAction\":[{\"@type\":\"ReadAction\",\"target\":[\"https:\/\/www.electroluxprofessional.com\/hr\/pranje-posuda-promocija-2026\/\"]}]},{\"@type\":\"BreadcrumbList\",\"@id\":\"https:\/\/www.electroluxprofessional.com\/hr\/pranje-posuda-promocija-2026\/#breadcrumb\",\"itemListElement\":[{\"@type\":\"ListItem\",\"position\":1,\"name\":\"Po\u010detna stranica\",\"item\":\"https:\/\/www.electroluxprofessional.com\/hr\/\"},{\"@type\":\"ListItem\",\"position\":2,\"name\":\"Pranje posu\u0111a promocija\"}]},{\"@type\":\"WebSite\",\"@id\":\"https:\/\/www.electroluxprofessional.com\/hr\/#website\",\"url\":\"https:\/\/www.electroluxprofessional.com\/hr\/\",\"name\":\"Electrolux Professional Hrvatska\",\"description\":\"\",\"potentialAction\":[{\"@type\":\"SearchAction\",\"target\":{\"@type\":\"EntryPoint\",\"urlTemplate\":\"https:\/\/www.electroluxprofessional.com\/hr\/?src={search_term_string}\"},\"query-input\":\"required name=search_term_string\"}],\"inLanguage\":\"hr\"}]}<\/script>\n<!-- \/ Yoast SEO plugin. -->","yoast_head_json":{"title":"Pranje posu\u0111a promocija - Electrolux Professional Hrvatska","robots":{"index":"index","follow":"follow","max-snippet":"max-snippet:-1","max-image-preview":"max-image-preview:large","max-video-preview":"max-video-preview:-1"},"canonical":"https:\/\/www.electroluxprofessional.com\/hr\/pranje-posuda-promocija-2026\/","og_locale":"hr_HR","og_type":"article","og_title":"Pranje posu\u0111a promocija - Electrolux Professional Hrvatska","og_description":"[vc_row full_width=&#8221;electroluxpro-full-width-no-padding&#8221;][vc_column content_position=&#8221;center&#8221; el_class=&#8221;text-center&#8221;][elx_promo_top_banner title=&#8221;Uvijek ne\u0161to posebno: Pranje posu\u0111a&#8221; carousel=&#8221;%5B%7B%22text_carousel%22%3A%22Odaberite%20opremu%20tvrtke%20Electrolux%20Professional%20po%20posebnim%20cijenama.%5Cn%3Cbr%3E%3Cb%3EPromocija%20vrijedi%20od%209.%20velja%C4%8De%20do%2030.%20lipnja%202026.%3C%2Fb%3E%5Cn%3Cbr%3EIsporuke%20za%20promocijske%20kodove%20primaju%20se%20najkasnije%20do%2031.%20kolovoza%202026.%5Cn%3Cbr%3E%5Cn%3Cbr%3E*pregled%20%3Ca%20href%3Dhttps%3A%2F%2Fwww.electroluxprofessional.com%2Fhr%2Fwp-content%2Fuploads%2F2026%2F02%2FElectrolux-Professional-Terms-and-conditions_HR-2026.pdf%3E%3Cb%3EUvjeti%20i%20odredbe%3C%2Fb%3E%3C%2Fa%3E%5Cn%22%2C%22image_carousel%22%3A%22118372%22%2C%22link_carousel%22%3A%22url%3Ahttps%253A%252F%252Fwww.electroluxprofessional.com%252Fhr%252Flokacije-prodaje-i-servisa%252F%7Ctitle%3AOBRATITE%2520NAM%2520SE%2520I%2520NARU%25C4%258CITE%2520VE%25C4%2586%2520DANAS%22%2C%22select_type%22%3A%22link%22%7D%5D&#8221;][vc_empty_space height=&#8221;40px&#8221;][\/vc_column][\/vc_row][vc_row full_width=&#8221;electroluxpro-full-width-no-padding&#8221;][vc_column][elx_promo_download_leaflet bg_row=&#8221;bg-light-grey&#8221; style_image=&#8221;image_square&#8221; title=&#8221;Za vi\u0161e informacija preuzmite promocijski letak.&#8221; single_image=&#8221;119784&#8243; link_download=&#8221;url:https%3A%2F%2Fwww.electroluxprofessional.com%2Fhr%2Fwp-content%2Fuploads%2F2026%2F03%2FDishwashing-promotion-leaflet-2026-HRV-LR.pdf|title:PREUZMI%20PDF|target:_blank&#8221;]U letku se nalaze sve pojedinosti o promociji kako biste bolje razumjeli ponudu i povezane prednosti.[\/elx_promo_download_leaflet][\/vc_column][\/vc_row][vc_row el_id=&#8221;product&#8221;][vc_column][elx_promo_products_showcase order_col1=&#8221;1&#8243; image_col1=&#8221;117021&#8243; order_col2=&#8221;2&#8243; image_col2=&#8221;118289&#8243; order_col3=&#8221;3&#8243; image_col3=&#8221;118302&#8243; bg_color=&#8221;bg-light-grey&#8221; title=&#8221;Odaberite proizvode koji se uklapaju u va\u0161e poslovanje!&#8221; title_col1=&#8221;Perilica posu\u0111a [&hellip;]","og_url":"https:\/\/www.electroluxprofessional.com\/hr\/pranje-posuda-promocija-2026\/","og_site_name":"Electrolux Professional Hrvatska","twitter_card":"summary_large_image","twitter_misc":{"Procijenjeno vrijeme \u010ditanja":"5 minuta"},"schema":{"@context":"https:\/\/schema.org","@graph":[{"@type":"WebPage","@id":"https:\/\/www.electroluxprofessional.com\/hr\/pranje-posuda-promocija-2026\/","url":"https:\/\/www.electroluxprofessional.com\/hr\/pranje-posuda-promocija-2026\/","name":"Pranje posu\u0111a promocija - Electrolux Professional Hrvatska","isPartOf":{"@id":"https:\/\/www.electroluxprofessional.com\/hr\/#website"},"datePublished":"2026-03-15T10:34:45+00:00","dateModified":"2026-03-15T10:34:45+00:00","breadcrumb":{"@id":"https:\/\/www.electroluxprofessional.com\/hr\/pranje-posuda-promocija-2026\/#breadcrumb"},"inLanguage":"hr","potentialAction":[{"@type":"ReadAction","target":["https:\/\/www.electroluxprofessional.com\/hr\/pranje-posuda-promocija-2026\/"]}]},{"@type":"BreadcrumbList","@id":"https:\/\/www.electroluxprofessional.com\/hr\/pranje-posuda-promocija-2026\/#breadcrumb","itemListElement":[{"@type":"ListItem","position":1,"name":"Po\u010detna stranica","item":"https:\/\/www.electroluxprofessional.com\/hr\/"},{"@type":"ListItem","position":2,"name":"Pranje posu\u0111a promocija"}]},{"@type":"WebSite","@id":"https:\/\/www.electroluxprofessional.com\/hr\/#website","url":"https:\/\/www.electroluxprofessional.com\/hr\/","name":"Electrolux Professional Hrvatska","description":"","potentialAction":[{"@type":"SearchAction","target":{"@type":"EntryPoint","urlTemplate":"https:\/\/www.electroluxprofessional.com\/hr\/?src={search_term_string}"},"query-input":"required name=search_term_string"}],"inLanguage":"hr"}]}},"_links":{"self":[{"href":"https:\/\/www.electroluxprofessional.com\/hr\/wp-json\/wp\/v2\/pages\/119786"}],"collection":[{"href":"https:\/\/www.electroluxprofessional.com\/hr\/wp-json\/wp\/v2\/pages"}],"about":[{"href":"https:\/\/www.electroluxprofessional.com\/hr\/wp-json\/wp\/v2\/types\/page"}],"author":[{"embeddable":true,"href":"https:\/\/www.electroluxprofessional.com\/hr\/wp-json\/wp\/v2\/users\/149"}],"replies":[{"embeddable":true,"href":"https:\/\/www.electroluxprofessional.com\/hr\/wp-json\/wp\/v2\/comments?post=119786"}],"version-history":[{"count":15,"href":"https:\/\/www.electroluxprofessional.com\/hr\/wp-json\/wp\/v2\/pages\/119786\/revisions"}],"predecessor-version":[{"id":120115,"href":"https:\/\/www.electroluxprofessional.com\/hr\/wp-json\/wp\/v2\/pages\/119786\/revisions\/120115"}],"wp:attachment":[{"href":"https:\/\/www.electroluxprofessional.com\/hr\/wp-json\/wp\/v2\/media?parent=119786"}],"curies":[{"name":"wp","href":"https:\/\/api.w.org\/{rel}","templated":true}]}}