{"id":119576,"date":"2026-01-18T10:06:42","date_gmt":"2026-01-18T10:06:42","guid":{"rendered":"https:\/\/www.electroluxprofessional.com\/hr\/?page_id=119576"},"modified":"2026-02-25T11:29:26","modified_gmt":"2026-02-25T11:29:26","slug":"thermaline-free-zone-indukcijski-stednjaci","status":"publish","type":"page","link":"https:\/\/www.electroluxprofessional.com\/hr\/kuhinjska-oprema\/thermaline-modular-80-85-90\/thermaline-free-zone-indukcijski-stednjaci\/","title":{"rendered":"thermaline Free-zone indukcijski \u0161tednjaci"},"content":{"rendered":"<p>[vc_row el_id=&#8221;contact-us&#8221;][vc_column][elx_heading font_size=&#8221;h3&#8243; text_color=&#8221;inherit&#8221; text_align=&#8221;text-center&#8221;]Obratite nam se za vi\u0161e informacija<br \/>\no sustavu therma<em>line<\/em> Free-zone[\/elx_heading][elx_o2000_contact_us s=&#8221;Zatra\u017eite informacije&#8221; request_type=&#8221;&#8221; country=&#8221;Croatia&#8221; b=&#8221;food&#8221; container=&#8221;elxcontactus1466429401&#8243; r=&#8221;I would like to find out more about solutions for thermaline Free-zone Induction, please get in touch with me.&#8221;][\/vc_column][\/vc_row][vc_row css=&#8221;.vc_custom_1766052961916{margin-top: 150px !important;}&#8221; el_id=&#8221;products-filter&#8221;][vc_column][elx_heading font_size=&#8221;h3&#8243; text_color=&#8221;inherit&#8221; text_align=&#8221;text-center&#8221;]therma<em>line<\/em> Free-zone Induction<br \/>\nSelect your products[\/elx_heading]<div class=\"com21-product-filter-container 85\">\n                    <!-- PROD FILTER -->\n                    \n                    <div class=\"container\">\n                        <h4 class=\"text-center\">\n                            Filter (4 Proizvodi)\n                        <\/h4>\n                    <\/div>\n                    <div class=\"specification-filter\">\n                        <div class=\"toggle-filter-container\">\n                            <div class=\"container text-center\">\n                                <a href=\"#filter\" class=\"toggle-filter small-toggle\" data-target=\".category-filter\"  data-class-toggle=\"category-filter-show\" aria-pressed=\"false\" role=\"button\" id=\"open-product-features\">Filter<\/a>\n                            <\/div>\n                        <\/div>\n                        <div class=\"category-filter \">\n                            <div class=\"container\">\n                    <div class=\"row\">\n                        <div class=\"col-md-4 text-left\">\n                            <fieldset>       \n                                <h5 class=\"h6\">Linija proizvoda<\/h5>\n                                <div class=\"category-check\">\n                                    <input type=\"checkbox\" name=\"c\" id=\"c-therma-modularna-linija-85\" data-code=\"C\" data-value=\"therma Modularna linija 85\" >\n                                    <label for=\"c-therma-modularna-linija-85\">therma Modularna linija 85<\/label>\n                                <\/div>\n                            \n                                <div class=\"category-check\">\n                                    <input type=\"checkbox\" name=\"d\" id=\"d-therma-linija-modular-90\" data-code=\"D\" data-value=\"therma linija Modular 90\" >\n                                    <label for=\"d-therma-linija-modular-90\">therma linija Modular 90<\/label>\n                                <\/div>\n                            \n                            <\/fieldset>\n                        <\/div><!-- end col -->\n                        \n                        <div class=\"col-md-4 text-left subcategories-first\">\n                            <fieldset>       \n                                <h5 class=\"h6\">Podkategorija<\/h5>\n                                <div class=\"subcategory-check\">\n                                    <input type=\"checkbox\" name=\"pune-ploce-elektricne\" id=\"pune-ploce-elektricne\" data-description=\"Pune plo\u010de elektri\u010dne\" >\n                                    <label for=\"pune-ploce-elektricne\">Pune plo\u010de elektri\u010dne<\/label>\n                                <\/div>\n                            \n                                <div class=\"subcategory-check\">\n                                    <input type=\"checkbox\" name=\"indukcijska-kuhala-cijela-povrsina\" id=\"indukcijska-kuhala-cijela-povrsina\" data-description=\"Indukcijska kuhala- cijela povr\u0161ina\" >\n                                    <label for=\"indukcijska-kuhala-cijela-povrsina\">Indukcijska kuhala- cijela povr\u0161ina<\/label>\n                                <\/div>\n                            \n                                <div class=\"subcategory-check\">\n                                    <input type=\"checkbox\" name=\"puna-ploca-elektricna\" id=\"puna-ploca-elektricna\" data-description=\"Puna plo\u010da elektri\u010dna\" >\n                                    <label for=\"puna-ploca-elektricna\">Puna plo\u010da elektri\u010dna<\/label>\n                                <\/div>\n                            \n                            <\/fieldset>\n                        <\/div><!-- end col -->\n                        <\/div>\n        \n                                <div class=\"row\">\n                                    <div class=\"col-md-6 text-left\">\n                                        <span class=\"number-of-products\"><span id=\"number-of-products\">4<\/span> Proizvodi<\/span> <a href=\"#\" class=\"btn btn-secondary-bordered\" id=\"filter-reset-btn\">Resetiraj<\/a>\n                                    <\/div>\n                                    <div class=\"col-md-6 text-right\">\n                                        <a href=\"#\" class=\"close-toggle no-pd-toggle\" data-parent=\"open-product-features\"  aria-pressed=\"true\" role=\"button\">Zatvori<\/a>\n                                    <\/div>\n                                <\/div>\n                                \n                            <\/div><!-- end container -->\n                        <\/div><!-- end category-filter -->\n                    <\/div><!-- end specification-filter -->\n        \n                    <!-- END PROD FILTER -->\n                    \n                    <!-- PROD LIST -->\n                    <div class=\"product-list container\">\n                        <!--Hidden parameters-->\n                        <input type=\"hidden\" name=\"navigation_level_1\" id=\"navigation_level_1\" value=\"C\">\n                        <input type=\"hidden\" name=\"navigation_level_2\" id=\"navigation_level_2\" value=\"\">\n                        <input type=\"hidden\" name=\"navigation_level_3\" id=\"navigation_level_3\" value=\"\">\n                        <input type=\"hidden\" name=\"navigation_level_4\" id=\"navigation_level_4\" value=\"\">\n                        <input type=\"hidden\" name=\"filter_id\" id=\"filter_id\" value=\"85\">\n                        <input type=\"hidden\" name=\"navigation_language\" id=\"navigation_language\" value=\"5022\">\n                        <input type=\"hidden\" name=\"navigation_language_code\" id=\"navigation_language\" value=\"5022\">\n                        <input type=\"hidden\" name=\"page_id\" id=\"page_id\" value=\"119576\">\n                        <!--END Hidden parameters--><ul class=\"row\" ><li data-product-paged=\"\" class=\"anchor_tags_prod col-sm-6 col-md-3 wow fadeIn single-product-list 588683\"><div class=\"product-list-item\"><div class=\"product-content\"><a href=\"https:\/\/www.electroluxprofessional.com\/hr\/pd\/modularna-termi\u010dka-oprema\/therma-modularna-linija-85\/pune-plo\u010de-elektri\u010dne\/4-zone-samostoje\u0107i-elementi\/modularna-horizontalna-linija-thermaline-85-4-zone-elektri\u010dna-puna-plo\u010da-ecotop-1-strana-povi\u0161enje-588683\/\" target=\"_blank\" ><figure><img decoding=\"async\" src=\"https:\/\/tools.electroluxprofessional.com\/Mirror\/Doc\/PH_255x255%2FPH_588683_1_1_588683.jpg\" alt=\"Modularna horizontalna linijathermaline 85 - 4 zone elektri\u010dna puna plo\u010da, Ecotop, 1 strana, povi\u0161enje\"\/><\/figure><div class=\"product-internal\"><div class=\"product-liv\">4 zone- samostoje\u0107i elementi<\/div><h3 class=\"product-title\">Modularna horizontalna linija<br>thermaline 85 - 4 zone elektri\u010dna puna plo\u010da, Ecotop, 1 strana, povi\u0161enje<\/h3><div class=\"product-icons\"><div class=\"product-green\">\n    <i class=\"icon-leaves\"><\/i><\/div><div class=\"product-cod\"><div class=\"hidden type_code\">0<\/div>KOD <span class=\"product-code\" >588683<\/span><\/div><div class=\"product-fast\"><\/div>\n<\/div><div class=\"product-description-fast-green\"><p>Predlo\u017eite ekolo\u0161ku varijantu.<\/p><\/div>\n<\/div><div class=\"product-actions\"><a href=\"https:\/\/www.electroluxprofessional.com\/hr\/pd\/modularna-termi\u010dka-oprema\/therma-modularna-linija-85\/pune-plo\u010de-elektri\u010dne\/4-zone-samostoje\u0107i-elementi\/modularna-horizontalna-linija-thermaline-85-4-zone-elektri\u010dna-puna-plo\u010da-ecotop-1-strana-povi\u0161enje-588683\/\" class=\"btn btn-primary-blue\">Saznajte vi\u0161e<\/a><span class=\"compare-product\"><span class=\"compare-checkbox\"><span class=\"compare-checkbox-shape\"><input type=\"checkbox\" class=\"product-comparer\" id=\"prod_588683\"\/><label class=\"btn\" for=\"prod_588683\"><span class=\"label-bg\"><\/span>Usporedi<\/label><\/span><\/span><\/span><\/div><\/a><\/div><\/div><\/li><li data-product-paged=\"\" class=\"anchor_tags_prod col-sm-6 col-md-3 wow fadeIn single-product-list 588660\"><div class=\"product-list-item\"><div class=\"product-content\"><a href=\"https:\/\/www.electroluxprofessional.com\/hr\/pd\/modularna-termi\u010dka-oprema\/therma-modularna-linija-85\/indukcijska-kuhala-cijela-povr\u0161ina\/na-postolju\/modularna-horizontalna-linija-thermaline-85-4-zone-puna-zona-podru\u010dje-indukcijska-plo\u010da-otvoreno-postolje-1-strana-povi\u0161enje-588660\/\" target=\"_blank\" ><figure><img decoding=\"async\" src=\"https:\/\/tools.electroluxprofessional.com\/Mirror\/Doc\/PH_255x255%2FPH_588660_1_1_588660.jpg\" alt=\"Modularna horizontalna linijathermaline 85 - 4 zone puna zona podru\u010dje, indukcijska plo\u010da,  otvoreno postolje, 1 strana, povi\u0161enje\"\/><\/figure><div class=\"product-internal\"><div class=\"product-liv\">Na postolju<\/div><h3 class=\"product-title\">Modularna horizontalna linija<br>thermaline 85 - 4 zone puna zona podru\u010dje, indukcijska plo\u010da,  otvoreno postolje, 1 strana, povi\u0161enje<\/h3><div class=\"product-icons\"><div class=\"product-green\"><\/div><div class=\"product-cod\"><div class=\"hidden type_code\">0<\/div>KOD <span class=\"product-code\" >588660<\/span><\/div><div class=\"product-fast\"><\/div>\n<\/div><div class=\"product-description-fast-green\"><\/div>\n<\/div><div class=\"product-actions\"><a href=\"https:\/\/www.electroluxprofessional.com\/hr\/pd\/modularna-termi\u010dka-oprema\/therma-modularna-linija-85\/indukcijska-kuhala-cijela-povr\u0161ina\/na-postolju\/modularna-horizontalna-linija-thermaline-85-4-zone-puna-zona-podru\u010dje-indukcijska-plo\u010da-otvoreno-postolje-1-strana-povi\u0161enje-588660\/\" class=\"btn btn-primary-blue\">Saznajte vi\u0161e<\/a><span class=\"compare-product\"><span class=\"compare-checkbox\"><span class=\"compare-checkbox-shape\"><input type=\"checkbox\" class=\"product-comparer\" id=\"prod_588660\"\/><label class=\"btn\" for=\"prod_588660\"><span class=\"label-bg\"><\/span>Usporedi<\/label><\/span><\/span><\/span><\/div><\/a><\/div><\/div><\/li><li data-product-paged=\"\" class=\"anchor_tags_prod col-sm-6 col-md-3 wow fadeIn single-product-list 589529\"><div class=\"product-list-item\"><div class=\"product-content\"><a href=\"https:\/\/www.electroluxprofessional.com\/hr\/pd\/modularna-termi\u010dka-oprema\/therma-linija-modular-90\/puna-plo\u010da-elektri\u010dna\/4-zone-samostoje\u0107e-jedinice\/modularna-horizontalna-linija-thermaline-90-4-zone-samostoje\u0107a-elektri\u010dna-plo\u010da-ecotop-1-strana-v=800-589529\/\" target=\"_blank\" ><figure><img decoding=\"async\" src=\"https:\/\/tools.electroluxprofessional.com\/Mirror\/Doc\/PH_255x255%2FPH_589514_1_2_589514.jpg\" alt=\"Modularna horizontalna linijathermaline 90 - 4 zone samostoje\u0107a elektri\u010dna plo\u010da, Ecotop, 1 -strana, V=800\"\/><\/figure><div class=\"product-internal\"><div class=\"product-liv\">4 zone- samostoje\u0107e jedinice<\/div><h3 class=\"product-title\">Modularna horizontalna linija<br>thermaline 90 - 4 zone samostoje\u0107a elektri\u010dna plo\u010da, Ecotop, 1 -strana, V=800<\/h3><div class=\"product-icons\"><div class=\"product-green\">\n    <i class=\"icon-leaves\"><\/i><\/div><div class=\"product-cod\"><div class=\"hidden type_code\">0<\/div>KOD <span class=\"product-code\" >589529<\/span><\/div><div class=\"product-fast\"><\/div>\n<\/div><div class=\"product-description-fast-green\"><p>Predlo\u017eite ekolo\u0161ku varijantu.<\/p><\/div>\n<\/div><div class=\"product-actions\"><a href=\"https:\/\/www.electroluxprofessional.com\/hr\/pd\/modularna-termi\u010dka-oprema\/therma-linija-modular-90\/puna-plo\u010da-elektri\u010dna\/4-zone-samostoje\u0107e-jedinice\/modularna-horizontalna-linija-thermaline-90-4-zone-samostoje\u0107a-elektri\u010dna-plo\u010da-ecotop-1-strana-v=800-589529\/\" class=\"btn btn-primary-blue\">Saznajte vi\u0161e<\/a><span class=\"compare-product\"><span class=\"compare-checkbox\"><span class=\"compare-checkbox-shape\"><input type=\"checkbox\" class=\"product-comparer\" id=\"prod_589529\"\/><label class=\"btn\" for=\"prod_589529\"><span class=\"label-bg\"><\/span>Usporedi<\/label><\/span><\/span><\/span><\/div><\/a><\/div><\/div><\/li><li data-product-paged=\"\" class=\"anchor_tags_prod col-sm-6 col-md-3 wow fadeIn single-product-list 589530\"><div class=\"product-list-item\"><div class=\"product-content\"><a href=\"https:\/\/www.electroluxprofessional.com\/hr\/pd\/modularna-termi\u010dka-oprema\/therma-linija-modular-90\/puna-plo\u010da-elektri\u010dna\/4-zone-samostoje\u0107e-jedinice\/modularna-horizontalna-linija-thermaline-90-4-zone-samostoje\u0107a-elekt.-plo\u010daecotop-1-strana-s-stra\u017enjim-povi\u0161enjem-v=800-589530\/\" target=\"_blank\" ><figure><img decoding=\"async\" src=\"https:\/\/tools.electroluxprofessional.com\/Mirror\/Doc\/PH_255x255%2FPH_589515_1_2_589515.jpg\" alt=\"Modularna horizontalna linijathermaline 90 - 4 zone samostoje\u0107a elekt. plo\u010da,Ecotop, 1 -strana s stra\u017enjim povi\u0161enjem, V=800\"\/><\/figure><div class=\"product-internal\"><div class=\"product-liv\">4 zone- samostoje\u0107e jedinice<\/div><h3 class=\"product-title\">Modularna horizontalna linija<br>thermaline 90 - 4 zone samostoje\u0107a elekt. plo\u010da,Ecotop, 1 -strana s stra\u017enjim povi\u0161enjem, V=800<\/h3><div class=\"product-icons\"><div class=\"product-green\">\n    <i class=\"icon-leaves\"><\/i><\/div><div class=\"product-cod\"><div class=\"hidden type_code\">0<\/div>KOD <span class=\"product-code\" >589530<\/span><\/div><div class=\"product-fast\"><\/div>\n<\/div><div class=\"product-description-fast-green\"><p>Predlo\u017eite ekolo\u0161ku varijantu.<\/p><\/div>\n<\/div><div class=\"product-actions\"><a href=\"https:\/\/www.electroluxprofessional.com\/hr\/pd\/modularna-termi\u010dka-oprema\/therma-linija-modular-90\/puna-plo\u010da-elektri\u010dna\/4-zone-samostoje\u0107e-jedinice\/modularna-horizontalna-linija-thermaline-90-4-zone-samostoje\u0107a-elekt.-plo\u010daecotop-1-strana-s-stra\u017enjim-povi\u0161enjem-v=800-589530\/\" class=\"btn btn-primary-blue\">Saznajte vi\u0161e<\/a><span class=\"compare-product\"><span class=\"compare-checkbox\"><span class=\"compare-checkbox-shape\"><input type=\"checkbox\" class=\"product-comparer\" id=\"prod_589530\"\/><label class=\"btn\" for=\"prod_589530\"><span class=\"label-bg\"><\/span>Usporedi<\/label><\/span><\/span><\/span><\/div><\/a><\/div><\/div><\/li>\n                        <\/ul>\n                        <div class=\"text-center more-products\">\n                        <\/div>\n                    <\/div>\n                    <!-- END PRODUCT LIST -->\n                    <\/div>\n                    <!-- END PRODUCT LIST -->[\/vc_column][\/vc_row]<\/p>\n","protected":false},"excerpt":{"rendered":"<p>[vc_row el_id=&#8221;contact-us&#8221;][vc_column][elx_heading font_size=&#8221;h3&#8243; text_color=&#8221;inherit&#8221; text_align=&#8221;text-center&#8221;]Obratite nam se za vi\u0161e informacija o sustavu thermaline Free-zone[\/elx_heading][elx_o2000_contact_us s=&#8221;Zatra\u017eite informacije&#8221; request_type=&#8221;&#8221; country=&#8221;Croatia&#8221; b=&#8221;food&#8221; container=&#8221;elxcontactus1466429401&#8243; r=&#8221;I would like to find out more about solutions for thermaline Free-zone Induction, please get in touch with me.&#8221;][\/vc_column][\/vc_row][vc_row css=&#8221;.vc_custom_1766052961916{margin-top: 150px !important;}&#8221; el_id=&#8221;products-filter&#8221;][vc_column][elx_heading font_size=&#8221;h3&#8243; text_color=&#8221;inherit&#8221; text_align=&#8221;text-center&#8221;]thermaline Free-zone Induction Select your products[\/elx_heading][\/vc_column][\/vc_row]<\/p>\n","protected":false},"author":149,"featured_media":0,"parent":119546,"menu_order":0,"comment_status":"closed","ping_status":"closed","template":"template-thermaline-ind.php","meta":{"footnotes":""},"class_list":["post-119576","page","type-page","status-publish","hentry"],"acf":[],"yoast_head":"<!-- This site is optimized with the Yoast SEO plugin v23.3 - https:\/\/yoast.com\/wordpress\/plugins\/seo\/ -->\n<title>thermaline Free-zone indukcijski \u0161tednjaci - Electrolux Professional Hrvatska<\/title>\n<meta name=\"robots\" content=\"index, follow, max-snippet:-1, max-image-preview:large, max-video-preview:-1\" \/>\n<link rel=\"canonical\" href=\"https:\/\/www.electroluxprofessional.com\/hr\/kuhinjska-oprema\/thermaline-modular-80-85-90\/thermaline-free-zone-indukcijski-stednjaci\/\" \/>\n<meta property=\"og:locale\" content=\"hr_HR\" \/>\n<meta property=\"og:type\" content=\"article\" \/>\n<meta property=\"og:title\" content=\"thermaline Free-zone indukcijski \u0161tednjaci - Electrolux Professional Hrvatska\" \/>\n<meta property=\"og:description\" content=\"[vc_row el_id=&#8221;contact-us&#8221;][vc_column][elx_heading font_size=&#8221;h3&#8243; text_color=&#8221;inherit&#8221; text_align=&#8221;text-center&#8221;]Obratite nam se za vi\u0161e informacija o sustavu thermaline Free-zone[\/elx_heading][elx_o2000_contact_us s=&#8221;Zatra\u017eite informacije&#8221; request_type=&#8221;&#8221; country=&#8221;Croatia&#8221; b=&#8221;food&#8221; container=&#8221;elxcontactus1466429401&#8243; r=&#8221;I would like to find out more about solutions for thermaline Free-zone Induction, please get in touch with me.&#8221;][\/vc_column][\/vc_row][vc_row css=&#8221;.vc_custom_1766052961916{margin-top: 150px !important;}&#8221; el_id=&#8221;products-filter&#8221;][vc_column][elx_heading font_size=&#8221;h3&#8243; text_color=&#8221;inherit&#8221; text_align=&#8221;text-center&#8221;]thermaline Free-zone Induction Select your products[\/elx_heading][\/vc_column][\/vc_row]\" \/>\n<meta property=\"og:url\" content=\"https:\/\/www.electroluxprofessional.com\/hr\/kuhinjska-oprema\/thermaline-modular-80-85-90\/thermaline-free-zone-indukcijski-stednjaci\/\" \/>\n<meta property=\"og:site_name\" content=\"Electrolux Professional Hrvatska\" \/>\n<meta property=\"article:modified_time\" content=\"2026-02-25T11:29:26+00:00\" \/>\n<meta name=\"twitter:card\" content=\"summary_large_image\" \/>\n<meta name=\"twitter:label1\" content=\"Procijenjeno vrijeme \u010ditanja\" \/>\n\t<meta name=\"twitter:data1\" content=\"1 minuta\" \/>\n<script type=\"application\/ld+json\" class=\"yoast-schema-graph\">{\"@context\":\"https:\/\/schema.org\",\"@graph\":[{\"@type\":\"WebPage\",\"@id\":\"https:\/\/www.electroluxprofessional.com\/hr\/kuhinjska-oprema\/thermaline-modular-80-85-90\/thermaline-free-zone-indukcijski-stednjaci\/\",\"url\":\"https:\/\/www.electroluxprofessional.com\/hr\/kuhinjska-oprema\/thermaline-modular-80-85-90\/thermaline-free-zone-indukcijski-stednjaci\/\",\"name\":\"thermaline Free-zone indukcijski \u0161tednjaci - Electrolux Professional Hrvatska\",\"isPartOf\":{\"@id\":\"https:\/\/www.electroluxprofessional.com\/hr\/#website\"},\"datePublished\":\"2026-01-18T10:06:42+00:00\",\"dateModified\":\"2026-02-25T11:29:26+00:00\",\"breadcrumb\":{\"@id\":\"https:\/\/www.electroluxprofessional.com\/hr\/kuhinjska-oprema\/thermaline-modular-80-85-90\/thermaline-free-zone-indukcijski-stednjaci\/#breadcrumb\"},\"inLanguage\":\"hr\",\"potentialAction\":[{\"@type\":\"ReadAction\",\"target\":[\"https:\/\/www.electroluxprofessional.com\/hr\/kuhinjska-oprema\/thermaline-modular-80-85-90\/thermaline-free-zone-indukcijski-stednjaci\/\"]}]},{\"@type\":\"BreadcrumbList\",\"@id\":\"https:\/\/www.electroluxprofessional.com\/hr\/kuhinjska-oprema\/thermaline-modular-80-85-90\/thermaline-free-zone-indukcijski-stednjaci\/#breadcrumb\",\"itemListElement\":[{\"@type\":\"ListItem\",\"position\":1,\"name\":\"Po\u010detna stranica\",\"item\":\"https:\/\/www.electroluxprofessional.com\/hr\/\"},{\"@type\":\"ListItem\",\"position\":2,\"name\":\"Kuhinjska oprema\",\"item\":\"https:\/\/www.electroluxprofessional.com\/hr\/kuhinjska-oprema\/\"},{\"@type\":\"ListItem\",\"position\":3,\"name\":\"thermaline Modular 80, 85 &#038; 90\",\"item\":\"https:\/\/www.electroluxprofessional.com\/hr\/kuhinjska-oprema\/thermaline-modular-80-85-90\/\"},{\"@type\":\"ListItem\",\"position\":4,\"name\":\"thermaline Free-zone indukcijski \u0161tednjaci\"}]},{\"@type\":\"WebSite\",\"@id\":\"https:\/\/www.electroluxprofessional.com\/hr\/#website\",\"url\":\"https:\/\/www.electroluxprofessional.com\/hr\/\",\"name\":\"Electrolux Professional Hrvatska\",\"description\":\"\",\"potentialAction\":[{\"@type\":\"SearchAction\",\"target\":{\"@type\":\"EntryPoint\",\"urlTemplate\":\"https:\/\/www.electroluxprofessional.com\/hr\/?src={search_term_string}\"},\"query-input\":\"required name=search_term_string\"}],\"inLanguage\":\"hr\"}]}<\/script>\n<!-- \/ Yoast SEO plugin. -->","yoast_head_json":{"title":"thermaline Free-zone indukcijski \u0161tednjaci - Electrolux Professional Hrvatska","robots":{"index":"index","follow":"follow","max-snippet":"max-snippet:-1","max-image-preview":"max-image-preview:large","max-video-preview":"max-video-preview:-1"},"canonical":"https:\/\/www.electroluxprofessional.com\/hr\/kuhinjska-oprema\/thermaline-modular-80-85-90\/thermaline-free-zone-indukcijski-stednjaci\/","og_locale":"hr_HR","og_type":"article","og_title":"thermaline Free-zone indukcijski \u0161tednjaci - Electrolux Professional Hrvatska","og_description":"[vc_row el_id=&#8221;contact-us&#8221;][vc_column][elx_heading font_size=&#8221;h3&#8243; text_color=&#8221;inherit&#8221; text_align=&#8221;text-center&#8221;]Obratite nam se za vi\u0161e informacija o sustavu thermaline Free-zone[\/elx_heading][elx_o2000_contact_us s=&#8221;Zatra\u017eite informacije&#8221; request_type=&#8221;&#8221; country=&#8221;Croatia&#8221; b=&#8221;food&#8221; container=&#8221;elxcontactus1466429401&#8243; r=&#8221;I would like to find out more about solutions for thermaline Free-zone Induction, please get in touch with me.&#8221;][\/vc_column][\/vc_row][vc_row css=&#8221;.vc_custom_1766052961916{margin-top: 150px !important;}&#8221; el_id=&#8221;products-filter&#8221;][vc_column][elx_heading font_size=&#8221;h3&#8243; text_color=&#8221;inherit&#8221; text_align=&#8221;text-center&#8221;]thermaline Free-zone Induction Select your products[\/elx_heading][\/vc_column][\/vc_row]","og_url":"https:\/\/www.electroluxprofessional.com\/hr\/kuhinjska-oprema\/thermaline-modular-80-85-90\/thermaline-free-zone-indukcijski-stednjaci\/","og_site_name":"Electrolux Professional Hrvatska","article_modified_time":"2026-02-25T11:29:26+00:00","twitter_card":"summary_large_image","twitter_misc":{"Procijenjeno vrijeme \u010ditanja":"1 minuta"},"schema":{"@context":"https:\/\/schema.org","@graph":[{"@type":"WebPage","@id":"https:\/\/www.electroluxprofessional.com\/hr\/kuhinjska-oprema\/thermaline-modular-80-85-90\/thermaline-free-zone-indukcijski-stednjaci\/","url":"https:\/\/www.electroluxprofessional.com\/hr\/kuhinjska-oprema\/thermaline-modular-80-85-90\/thermaline-free-zone-indukcijski-stednjaci\/","name":"thermaline Free-zone indukcijski \u0161tednjaci - Electrolux Professional Hrvatska","isPartOf":{"@id":"https:\/\/www.electroluxprofessional.com\/hr\/#website"},"datePublished":"2026-01-18T10:06:42+00:00","dateModified":"2026-02-25T11:29:26+00:00","breadcrumb":{"@id":"https:\/\/www.electroluxprofessional.com\/hr\/kuhinjska-oprema\/thermaline-modular-80-85-90\/thermaline-free-zone-indukcijski-stednjaci\/#breadcrumb"},"inLanguage":"hr","potentialAction":[{"@type":"ReadAction","target":["https:\/\/www.electroluxprofessional.com\/hr\/kuhinjska-oprema\/thermaline-modular-80-85-90\/thermaline-free-zone-indukcijski-stednjaci\/"]}]},{"@type":"BreadcrumbList","@id":"https:\/\/www.electroluxprofessional.com\/hr\/kuhinjska-oprema\/thermaline-modular-80-85-90\/thermaline-free-zone-indukcijski-stednjaci\/#breadcrumb","itemListElement":[{"@type":"ListItem","position":1,"name":"Po\u010detna stranica","item":"https:\/\/www.electroluxprofessional.com\/hr\/"},{"@type":"ListItem","position":2,"name":"Kuhinjska oprema","item":"https:\/\/www.electroluxprofessional.com\/hr\/kuhinjska-oprema\/"},{"@type":"ListItem","position":3,"name":"thermaline Modular 80, 85 &#038; 90","item":"https:\/\/www.electroluxprofessional.com\/hr\/kuhinjska-oprema\/thermaline-modular-80-85-90\/"},{"@type":"ListItem","position":4,"name":"thermaline Free-zone indukcijski \u0161tednjaci"}]},{"@type":"WebSite","@id":"https:\/\/www.electroluxprofessional.com\/hr\/#website","url":"https:\/\/www.electroluxprofessional.com\/hr\/","name":"Electrolux Professional Hrvatska","description":"","potentialAction":[{"@type":"SearchAction","target":{"@type":"EntryPoint","urlTemplate":"https:\/\/www.electroluxprofessional.com\/hr\/?src={search_term_string}"},"query-input":"required name=search_term_string"}],"inLanguage":"hr"}]}},"_links":{"self":[{"href":"https:\/\/www.electroluxprofessional.com\/hr\/wp-json\/wp\/v2\/pages\/119576"}],"collection":[{"href":"https:\/\/www.electroluxprofessional.com\/hr\/wp-json\/wp\/v2\/pages"}],"about":[{"href":"https:\/\/www.electroluxprofessional.com\/hr\/wp-json\/wp\/v2\/types\/page"}],"author":[{"embeddable":true,"href":"https:\/\/www.electroluxprofessional.com\/hr\/wp-json\/wp\/v2\/users\/149"}],"replies":[{"embeddable":true,"href":"https:\/\/www.electroluxprofessional.com\/hr\/wp-json\/wp\/v2\/comments?post=119576"}],"version-history":[{"count":7,"href":"https:\/\/www.electroluxprofessional.com\/hr\/wp-json\/wp\/v2\/pages\/119576\/revisions"}],"predecessor-version":[{"id":119802,"href":"https:\/\/www.electroluxprofessional.com\/hr\/wp-json\/wp\/v2\/pages\/119576\/revisions\/119802"}],"up":[{"embeddable":true,"href":"https:\/\/www.electroluxprofessional.com\/hr\/wp-json\/wp\/v2\/pages\/119546"}],"wp:attachment":[{"href":"https:\/\/www.electroluxprofessional.com\/hr\/wp-json\/wp\/v2\/media?parent=119576"}],"curies":[{"name":"wp","href":"https:\/\/api.w.org\/{rel}","templated":true}]}}